{"id":15980,"date":"2021-10-28T12:42:27","date_gmt":"2021-10-28T10:42:27","guid":{"rendered":"https:\/\/kentis.com\/negozio\/vaso-classic-matte-smart-flowerbox\/"},"modified":"2024-11-22T17:22:18","modified_gmt":"2024-11-22T16:22:18","slug":"vaso-classic-matte-smart-flowerbox","status":"publish","type":"product","link":"https:\/\/kentis.com\/fr\/boutique\/vaso-classic-matte-smart-flowerbox\/","title":{"rendered":"Vaso Classic Matte Smart Flowerbox"},"content":{"rendered":"<div class=\"fusion-fullwidth fullwidth-box fusion-builder-row-1 fusion-flex-container nonhundred-percent-fullwidth non-hundred-percent-height-scrolling\" style=\"--awb-border-radius-top-left:0px;--awb-border-radius-top-right:0px;--awb-border-radius-bottom-right:0px;--awb-border-radius-bottom-left:0px;--awb-flex-wrap:wrap;\" ><div class=\"fusion-builder-row fusion-row fusion-flex-align-items-flex-start fusion-flex-content-wrap\" style=\"max-width:1248px;margin-left: calc(-4% \/ 2 );margin-right: calc(-4% \/ 2 );\"><div class=\"fusion-layout-column fusion_builder_column fusion-builder-column-0 fusion_builder_column_1_1 1_1 fusion-flex-column\" style=\"--awb-bg-size:cover;--awb-width-large:100%;--awb-margin-top-large:0px;--awb-spacing-right-large:1.92%;--awb-margin-bottom-large:0px;--awb-spacing-left-large:1.92%;--awb-width-medium:100%;--awb-spacing-right-medium:1.92%;--awb-spacing-left-medium:1.92%;--awb-width-small:100%;--awb-spacing-right-small:1.92%;--awb-spacing-left-small:1.92%;\"><div class=\"fusion-column-wrapper fusion-flex-justify-content-flex-start fusion-content-layout-column\"><div class=\"fusion-text fusion-text-1\"><ul>\n<li>R\u00c9SERVE D&#8217;EAU &#8211; Le parfait s\u00e9parateur vert pour d\u00e9finir vos espaces int\u00e9rieurs et ext\u00e9rieurs, cette jardini\u00e8re est dot\u00e9e d&#8217;un syst\u00e8me de r\u00e9serve d&#8217;eau d&#8217;environ 2,5 cm au fond du pot, con\u00e7u pour assurer le pourcentage correct d&#8217;humidit\u00e9 pour les racines des plantes ; tr\u00e8s utile pour ceux qui ont moins de temps \u00e0 consacrer \u00e0 leurs plantes et qui veulent un \u00ab coup de main \u00bb pour les garder en bonne sant\u00e9 !<\/li>\n<li>FONCTIONNEL &#8211; La caract\u00e9ristique la plus importante est la pr\u00e9sence de trois pots noirs, sp\u00e9cialement con\u00e7us pour \u00eatre plac\u00e9s \u00e0 l&#8217;int\u00e9rieur, qui, en plus de cr\u00e9er la r\u00e9serve d&#8217;eau, permettent de remplacer tr\u00e8s facilement les plantes mortes ou ab\u00eem\u00e9es, ce qui permet de cr\u00e9er facilement des haies m\u00eame sur des \u00e9tages \u00e9lev\u00e9s.<\/li>\n<li>DIMENSIONS &#8211; Diam\u00e8tre \u00d8 85&#215;30 cm, hauteur 34 cm.<\/li>\n<li>QUALIT\u00c9 &#8211; En plus d&#8217;\u00eatre Made in Italy, tous nos pots sont fabriqu\u00e9s avec des mat\u00e9riaux s\u00e9lectionn\u00e9s pour garantir la meilleure qualit\u00e9 possible.<\/li>\n<li>PERSONNALISATION &#8211; Vous avez besoin de dimensions, de couleurs ou de quantit\u00e9s diff\u00e9rentes de celles indiqu\u00e9es ? Ne vous inqui\u00e9tez pas, chez Kentis nous vous aiderons en cas de doutes ou de personnalisation avant votre achat.<\/li>\n<\/ul>\n<\/div><\/div><\/div><\/div><\/div>\n","protected":false},"excerpt":{"rendered":"","protected":false},"featured_media":15982,"template":"","meta":{"_acf_changed":false},"product_cat":[724,590],"product_tag":[],"class_list":{"0":"post-15980","1":"product","2":"type-product","3":"status-publish","4":"has-post-thumbnail","6":"product_cat-accessoires","7":"product_cat-pots","8":"product_shipping_class-evergreen-fr","10":"first","11":"instock","12":"taxable","13":"shipping-taxable","14":"purchasable","15":"product-type-variable","16":"has-default-attributes"},"acf":[],"yoast_head":"<!-- This site is optimized with the Yoast SEO plugin v23.4 - https:\/\/yoast.com\/wordpress\/plugins\/seo\/ -->\n<title>Vaso Classic Matte Smart Flowerbox - Vases modernes | Kentis<\/title>\n<meta name=\"description\" content=\"Le bac \u00e0 fleurs Classic Matte Smart est le bac parfait pour d\u00e9finir vos espaces int\u00e9rieurs et ext\u00e9rieurs avec un style impeccable.\" \/>\n<meta name=\"robots\" content=\"index, follow, max-snippet:-1, max-image-preview:large, max-video-preview:-1\" \/>\n<link rel=\"canonical\" href=\"https:\/\/kentis.com\/fr\/boutique\/vaso-classic-matte-smart-flowerbox\/\" \/>\n<meta property=\"og:locale\" content=\"fr_FR\" \/>\n<meta property=\"og:type\" content=\"article\" \/>\n<meta property=\"og:title\" content=\"Vaso Classic Matte Smart Flowerbox - Vases modernes | Kentis\" \/>\n<meta property=\"og:description\" content=\"Le bac \u00e0 fleurs Classic Matte Smart est le bac parfait pour d\u00e9finir vos espaces int\u00e9rieurs et ext\u00e9rieurs avec un style impeccable.\" \/>\n<meta property=\"og:url\" content=\"https:\/\/kentis.com\/fr\/boutique\/vaso-classic-matte-smart-flowerbox\/\" \/>\n<meta property=\"og:site_name\" content=\"Kentis\" \/>\n<meta property=\"article:publisher\" content=\"https:\/\/www.facebook.com\/kentisgarden\" \/>\n<meta property=\"article:modified_time\" content=\"2024-11-22T16:22:18+00:00\" \/>\n<meta property=\"og:image\" content=\"https:\/\/kentis.com\/wp-content\/uploads\/2021\/10\/SMART-FLOWERBOX-85-SWS-WHITE_110.png\" \/>\n\t<meta property=\"og:image:width\" content=\"1500\" \/>\n\t<meta property=\"og:image:height\" content=\"1499\" \/>\n\t<meta property=\"og:image:type\" content=\"image\/png\" \/>\n<meta name=\"twitter:card\" content=\"summary_large_image\" \/>\n<meta name=\"twitter:label1\" content=\"Dur\u00e9e de lecture estim\u00e9e\" \/>\n\t<meta name=\"twitter:data1\" content=\"2 minutes\" \/>\n<script type=\"application\/ld+json\" class=\"yoast-schema-graph\">{\"@context\":\"https:\/\/schema.org\",\"@graph\":[{\"@type\":\"WebPage\",\"@id\":\"https:\/\/kentis.com\/fr\/boutique\/vaso-classic-matte-smart-flowerbox\/\",\"url\":\"https:\/\/kentis.com\/fr\/boutique\/vaso-classic-matte-smart-flowerbox\/\",\"name\":\"Vaso Classic Matte Smart Flowerbox - Vases modernes | Kentis\",\"isPartOf\":{\"@id\":\"https:\/\/kentis.com\/fr\/#website\"},\"primaryImageOfPage\":{\"@id\":\"https:\/\/kentis.com\/fr\/boutique\/vaso-classic-matte-smart-flowerbox\/#primaryimage\"},\"image\":{\"@id\":\"https:\/\/kentis.com\/fr\/boutique\/vaso-classic-matte-smart-flowerbox\/#primaryimage\"},\"thumbnailUrl\":\"https:\/\/kentis.com\/wp-content\/uploads\/2021\/10\/SMART-FLOWERBOX-85-SWS-WHITE_110.png\",\"datePublished\":\"2021-10-28T10:42:27+00:00\",\"dateModified\":\"2024-11-22T16:22:18+00:00\",\"description\":\"Le bac \u00e0 fleurs Classic Matte Smart est le bac parfait pour d\u00e9finir vos espaces int\u00e9rieurs et ext\u00e9rieurs avec un style impeccable.\",\"breadcrumb\":{\"@id\":\"https:\/\/kentis.com\/fr\/boutique\/vaso-classic-matte-smart-flowerbox\/#breadcrumb\"},\"inLanguage\":\"fr-FR\",\"potentialAction\":[{\"@type\":\"ReadAction\",\"target\":[\"https:\/\/kentis.com\/fr\/boutique\/vaso-classic-matte-smart-flowerbox\/\"]}]},{\"@type\":\"ImageObject\",\"inLanguage\":\"fr-FR\",\"@id\":\"https:\/\/kentis.com\/fr\/boutique\/vaso-classic-matte-smart-flowerbox\/#primaryimage\",\"url\":\"https:\/\/kentis.com\/wp-content\/uploads\/2021\/10\/SMART-FLOWERBOX-85-SWS-WHITE_110.png\",\"contentUrl\":\"https:\/\/kentis.com\/wp-content\/uploads\/2021\/10\/SMART-FLOWERBOX-85-SWS-WHITE_110.png\",\"width\":1500,\"height\":1499},{\"@type\":\"BreadcrumbList\",\"@id\":\"https:\/\/kentis.com\/fr\/boutique\/vaso-classic-matte-smart-flowerbox\/#breadcrumb\",\"itemListElement\":[{\"@type\":\"ListItem\",\"position\":1,\"name\":\"Home\",\"item\":\"https:\/\/kentis.com\/fr\/\"},{\"@type\":\"ListItem\",\"position\":2,\"name\":\"Boutique\",\"item\":\"https:\/\/kentis.com\/fr\/boutique\/\"},{\"@type\":\"ListItem\",\"position\":3,\"name\":\"Accessoires\",\"item\":\"https:\/\/kentis.com\/fr\/categorie-produit\/accessoires\/\"},{\"@type\":\"ListItem\",\"position\":4,\"name\":\"Pots\",\"item\":\"https:\/\/kentis.com\/fr\/categorie-produit\/accessoires\/pots\/\"},{\"@type\":\"ListItem\",\"position\":5,\"name\":\"Vaso Classic Matte Smart Flowerbox\"}]},{\"@type\":\"WebSite\",\"@id\":\"https:\/\/kentis.com\/fr\/#website\",\"url\":\"https:\/\/kentis.com\/fr\/\",\"name\":\"Kentis\",\"description\":\"Atelier del verde\",\"publisher\":{\"@id\":\"https:\/\/kentis.com\/fr\/#organization\"},\"potentialAction\":[{\"@type\":\"SearchAction\",\"target\":{\"@type\":\"EntryPoint\",\"urlTemplate\":\"https:\/\/kentis.com\/fr\/?s={search_term_string}\"},\"query-input\":{\"@type\":\"PropertyValueSpecification\",\"valueRequired\":true,\"valueName\":\"search_term_string\"}}],\"inLanguage\":\"fr-FR\"},{\"@type\":\"Organization\",\"@id\":\"https:\/\/kentis.com\/fr\/#organization\",\"name\":\"Kentis\",\"url\":\"https:\/\/kentis.com\/fr\/\",\"logo\":{\"@type\":\"ImageObject\",\"inLanguage\":\"fr-FR\",\"@id\":\"https:\/\/kentis.com\/fr\/#\/schema\/logo\/image\/\",\"url\":\"https:\/\/kentis.com\/wp-content\/uploads\/2021\/08\/logo-main.png\",\"contentUrl\":\"https:\/\/kentis.com\/wp-content\/uploads\/2021\/08\/logo-main.png\",\"width\":800,\"height\":204,\"caption\":\"Kentis\"},\"image\":{\"@id\":\"https:\/\/kentis.com\/fr\/#\/schema\/logo\/image\/\"},\"sameAs\":[\"https:\/\/www.facebook.com\/kentisgarden\",\"https:\/\/www.instagram.com\/kentisgarden\/\",\"https:\/\/it.pinterest.com\/kentisgarden\",\"https:\/\/www.tiktok.com\/@kentis.com\"]}]}<\/script>\n<!-- \/ Yoast SEO plugin. -->","yoast_head_json":{"title":"Vaso Classic Matte Smart Flowerbox - Vases modernes | Kentis","description":"Le bac \u00e0 fleurs Classic Matte Smart est le bac parfait pour d\u00e9finir vos espaces int\u00e9rieurs et ext\u00e9rieurs avec un style impeccable.","robots":{"index":"index","follow":"follow","max-snippet":"max-snippet:-1","max-image-preview":"max-image-preview:large","max-video-preview":"max-video-preview:-1"},"canonical":"https:\/\/kentis.com\/fr\/boutique\/vaso-classic-matte-smart-flowerbox\/","og_locale":"fr_FR","og_type":"article","og_title":"Vaso Classic Matte Smart Flowerbox - Vases modernes | Kentis","og_description":"Le bac \u00e0 fleurs Classic Matte Smart est le bac parfait pour d\u00e9finir vos espaces int\u00e9rieurs et ext\u00e9rieurs avec un style impeccable.","og_url":"https:\/\/kentis.com\/fr\/boutique\/vaso-classic-matte-smart-flowerbox\/","og_site_name":"Kentis","article_publisher":"https:\/\/www.facebook.com\/kentisgarden","article_modified_time":"2024-11-22T16:22:18+00:00","og_image":[{"width":1500,"height":1499,"url":"https:\/\/kentis.com\/wp-content\/uploads\/2021\/10\/SMART-FLOWERBOX-85-SWS-WHITE_110.png","type":"image\/png"}],"twitter_card":"summary_large_image","twitter_misc":{"Dur\u00e9e de lecture estim\u00e9e":"2 minutes"},"schema":{"@context":"https:\/\/schema.org","@graph":[{"@type":"WebPage","@id":"https:\/\/kentis.com\/fr\/boutique\/vaso-classic-matte-smart-flowerbox\/","url":"https:\/\/kentis.com\/fr\/boutique\/vaso-classic-matte-smart-flowerbox\/","name":"Vaso Classic Matte Smart Flowerbox - Vases modernes | Kentis","isPartOf":{"@id":"https:\/\/kentis.com\/fr\/#website"},"primaryImageOfPage":{"@id":"https:\/\/kentis.com\/fr\/boutique\/vaso-classic-matte-smart-flowerbox\/#primaryimage"},"image":{"@id":"https:\/\/kentis.com\/fr\/boutique\/vaso-classic-matte-smart-flowerbox\/#primaryimage"},"thumbnailUrl":"https:\/\/kentis.com\/wp-content\/uploads\/2021\/10\/SMART-FLOWERBOX-85-SWS-WHITE_110.png","datePublished":"2021-10-28T10:42:27+00:00","dateModified":"2024-11-22T16:22:18+00:00","description":"Le bac \u00e0 fleurs Classic Matte Smart est le bac parfait pour d\u00e9finir vos espaces int\u00e9rieurs et ext\u00e9rieurs avec un style impeccable.","breadcrumb":{"@id":"https:\/\/kentis.com\/fr\/boutique\/vaso-classic-matte-smart-flowerbox\/#breadcrumb"},"inLanguage":"fr-FR","potentialAction":[{"@type":"ReadAction","target":["https:\/\/kentis.com\/fr\/boutique\/vaso-classic-matte-smart-flowerbox\/"]}]},{"@type":"ImageObject","inLanguage":"fr-FR","@id":"https:\/\/kentis.com\/fr\/boutique\/vaso-classic-matte-smart-flowerbox\/#primaryimage","url":"https:\/\/kentis.com\/wp-content\/uploads\/2021\/10\/SMART-FLOWERBOX-85-SWS-WHITE_110.png","contentUrl":"https:\/\/kentis.com\/wp-content\/uploads\/2021\/10\/SMART-FLOWERBOX-85-SWS-WHITE_110.png","width":1500,"height":1499},{"@type":"BreadcrumbList","@id":"https:\/\/kentis.com\/fr\/boutique\/vaso-classic-matte-smart-flowerbox\/#breadcrumb","itemListElement":[{"@type":"ListItem","position":1,"name":"Home","item":"https:\/\/kentis.com\/fr\/"},{"@type":"ListItem","position":2,"name":"Boutique","item":"https:\/\/kentis.com\/fr\/boutique\/"},{"@type":"ListItem","position":3,"name":"Accessoires","item":"https:\/\/kentis.com\/fr\/categorie-produit\/accessoires\/"},{"@type":"ListItem","position":4,"name":"Pots","item":"https:\/\/kentis.com\/fr\/categorie-produit\/accessoires\/pots\/"},{"@type":"ListItem","position":5,"name":"Vaso Classic Matte Smart Flowerbox"}]},{"@type":"WebSite","@id":"https:\/\/kentis.com\/fr\/#website","url":"https:\/\/kentis.com\/fr\/","name":"Kentis","description":"Atelier del verde","publisher":{"@id":"https:\/\/kentis.com\/fr\/#organization"},"potentialAction":[{"@type":"SearchAction","target":{"@type":"EntryPoint","urlTemplate":"https:\/\/kentis.com\/fr\/?s={search_term_string}"},"query-input":{"@type":"PropertyValueSpecification","valueRequired":true,"valueName":"search_term_string"}}],"inLanguage":"fr-FR"},{"@type":"Organization","@id":"https:\/\/kentis.com\/fr\/#organization","name":"Kentis","url":"https:\/\/kentis.com\/fr\/","logo":{"@type":"ImageObject","inLanguage":"fr-FR","@id":"https:\/\/kentis.com\/fr\/#\/schema\/logo\/image\/","url":"https:\/\/kentis.com\/wp-content\/uploads\/2021\/08\/logo-main.png","contentUrl":"https:\/\/kentis.com\/wp-content\/uploads\/2021\/08\/logo-main.png","width":800,"height":204,"caption":"Kentis"},"image":{"@id":"https:\/\/kentis.com\/fr\/#\/schema\/logo\/image\/"},"sameAs":["https:\/\/www.facebook.com\/kentisgarden","https:\/\/www.instagram.com\/kentisgarden\/","https:\/\/it.pinterest.com\/kentisgarden","https:\/\/www.tiktok.com\/@kentis.com"]}]}},"_links":{"self":[{"href":"https:\/\/kentis.com\/fr\/wp-json\/wp\/v2\/product\/15980","targetHints":{"allow":["GET"]}}],"collection":[{"href":"https:\/\/kentis.com\/fr\/wp-json\/wp\/v2\/product"}],"about":[{"href":"https:\/\/kentis.com\/fr\/wp-json\/wp\/v2\/types\/product"}],"wp:featuredmedia":[{"embeddable":true,"href":"https:\/\/kentis.com\/fr\/wp-json\/wp\/v2\/media\/15982"}],"wp:attachment":[{"href":"https:\/\/kentis.com\/fr\/wp-json\/wp\/v2\/media?parent=15980"}],"wp:term":[{"taxonomy":"product_cat","embeddable":true,"href":"https:\/\/kentis.com\/fr\/wp-json\/wp\/v2\/product_cat?post=15980"},{"taxonomy":"product_tag","embeddable":true,"href":"https:\/\/kentis.com\/fr\/wp-json\/wp\/v2\/product_tag?post=15980"}],"curies":[{"name":"wp","href":"https:\/\/api.w.org\/{rel}","templated":true}]}}