{"id":12788,"date":"2022-11-02T12:47:05","date_gmt":"2022-11-02T11:47:05","guid":{"rendered":"https:\/\/kentis.com\/negozio\/rose-rosse-stabilizzate-in-confezione-regalo\/"},"modified":"2024-12-06T14:27:51","modified_gmt":"2024-12-06T13:27:51","slug":"roses-rouges-preservees-dans-une-boite-cadeau","status":"publish","type":"product","link":"https:\/\/kentis.com\/fr\/boutique\/roses-rouges-preservees-dans-une-boite-cadeau\/","title":{"rendered":"Roses Rouges Pr\u00e9serv\u00e9es Dans une Bo\u00eete Cadeau"},"content":{"rendered":"<div class=\"fusion-fullwidth fullwidth-box fusion-builder-row-1 fusion-flex-container nonhundred-percent-fullwidth non-hundred-percent-height-scrolling\" style=\"--awb-border-radius-top-left:0px;--awb-border-radius-top-right:0px;--awb-border-radius-bottom-right:0px;--awb-border-radius-bottom-left:0px;--awb-flex-wrap:wrap;\" ><div class=\"fusion-builder-row fusion-row fusion-flex-align-items-flex-start fusion-flex-content-wrap\" style=\"max-width:1248px;margin-left: calc(-4% \/ 2 );margin-right: calc(-4% \/ 2 );\"><div class=\"fusion-layout-column fusion_builder_column fusion-builder-column-0 fusion_builder_column_1_1 1_1 fusion-flex-column\" style=\"--awb-bg-size:cover;--awb-width-large:100%;--awb-margin-top-large:0px;--awb-spacing-right-large:1.92%;--awb-margin-bottom-large:0px;--awb-spacing-left-large:1.92%;--awb-width-medium:100%;--awb-spacing-right-medium:1.92%;--awb-spacing-left-medium:1.92%;--awb-width-small:100%;--awb-spacing-right-small:1.92%;--awb-spacing-left-small:1.92%;\"><div class=\"fusion-column-wrapper fusion-flex-justify-content-flex-start fusion-content-layout-column\"><div class=\"fusion-text fusion-text-1\"><p>Les roses rouges \u00e0 l&#8217;int\u00e9rieur du coffret cadeau sont des roses stabilis\u00e9es, c&#8217;est-\u00e0-dire de vraies roses de haute qualit\u00e9 ayant subi un processus de pr\u00e9servation de la fleur, leur permettant de durer tr\u00e8s longtemps.<\/p>\n<\/div><\/div><\/div><\/div><\/div>\n","protected":false},"excerpt":{"rendered":"","protected":false},"featured_media":26184,"template":"","meta":{"_acf_changed":false},"product_cat":[498,501,662,503,504],"product_tag":[],"class_list":{"0":"post-12788","1":"product","2":"type-product","3":"status-publish","4":"has-post-thumbnail","6":"product_cat-anniversaire","7":"product_cat-bon-anniversaire","8":"product_cat-paquets-de-roses","9":"product_cat-pour-elle","10":"product_cat-pour-lui","11":"product_shipping_class-evergreen-fr","13":"first","14":"instock","15":"sale","16":"taxable","17":"shipping-taxable","18":"purchasable","19":"product-type-variable","20":"has-default-attributes"},"acf":[],"yoast_head":"<!-- This site is optimized with the Yoast SEO plugin v23.4 - https:\/\/yoast.com\/wordpress\/plugins\/seo\/ -->\n<title>Roses Rouges Pr\u00e9serv\u00e9es Dans une Bo\u00eete Cadeau | Kentis<\/title>\n<meta name=\"description\" content=\"Les roses rouges stabilis\u00e9es dans une bo\u00eete cadeau sont parfaites pour toute occasion, comme cadeau d&#039;anniversaire ou de naissance !\" \/>\n<meta name=\"robots\" content=\"index, follow, max-snippet:-1, max-image-preview:large, max-video-preview:-1\" \/>\n<link rel=\"canonical\" href=\"https:\/\/kentis.com\/fr\/boutique\/roses-rouges-preservees-dans-une-boite-cadeau\/\" \/>\n<meta property=\"og:locale\" content=\"fr_FR\" \/>\n<meta property=\"og:type\" content=\"article\" \/>\n<meta property=\"og:title\" content=\"Roses Rouges Pr\u00e9serv\u00e9es Dans une Bo\u00eete Cadeau | Kentis\" \/>\n<meta property=\"og:description\" content=\"Les roses rouges stabilis\u00e9es dans une bo\u00eete cadeau sont parfaites pour toute occasion, comme cadeau d&#039;anniversaire ou de naissance !\" \/>\n<meta property=\"og:url\" content=\"https:\/\/kentis.com\/fr\/boutique\/roses-rouges-preservees-dans-une-boite-cadeau\/\" \/>\n<meta property=\"og:site_name\" content=\"Kentis\" \/>\n<meta property=\"article:publisher\" content=\"https:\/\/www.facebook.com\/kentisgarden\" \/>\n<meta property=\"article:modified_time\" content=\"2024-12-06T13:27:51+00:00\" \/>\n<meta property=\"og:image\" content=\"https:\/\/kentis.com\/wp-content\/uploads\/2022\/11\/Rose_grandi.jpg\" \/>\n\t<meta property=\"og:image:width\" content=\"2000\" \/>\n\t<meta property=\"og:image:height\" content=\"2000\" \/>\n\t<meta property=\"og:image:type\" content=\"image\/jpeg\" \/>\n<meta name=\"twitter:card\" content=\"summary_large_image\" \/>\n<meta name=\"twitter:label1\" content=\"Dur\u00e9e de lecture estim\u00e9e\" \/>\n\t<meta name=\"twitter:data1\" content=\"1 minute\" \/>\n<script type=\"application\/ld+json\" class=\"yoast-schema-graph\">{\"@context\":\"https:\/\/schema.org\",\"@graph\":[{\"@type\":\"WebPage\",\"@id\":\"https:\/\/kentis.com\/fr\/boutique\/roses-rouges-preservees-dans-une-boite-cadeau\/\",\"url\":\"https:\/\/kentis.com\/fr\/boutique\/roses-rouges-preservees-dans-une-boite-cadeau\/\",\"name\":\"Roses Rouges Pr\u00e9serv\u00e9es Dans une Bo\u00eete Cadeau | Kentis\",\"isPartOf\":{\"@id\":\"https:\/\/kentis.com\/fr\/#website\"},\"primaryImageOfPage\":{\"@id\":\"https:\/\/kentis.com\/fr\/boutique\/roses-rouges-preservees-dans-une-boite-cadeau\/#primaryimage\"},\"image\":{\"@id\":\"https:\/\/kentis.com\/fr\/boutique\/roses-rouges-preservees-dans-une-boite-cadeau\/#primaryimage\"},\"thumbnailUrl\":\"https:\/\/kentis.com\/wp-content\/uploads\/2022\/11\/Rose_grandi.jpg\",\"datePublished\":\"2022-11-02T11:47:05+00:00\",\"dateModified\":\"2024-12-06T13:27:51+00:00\",\"description\":\"Les roses rouges stabilis\u00e9es dans une bo\u00eete cadeau sont parfaites pour toute occasion, comme cadeau d'anniversaire ou de naissance !\",\"breadcrumb\":{\"@id\":\"https:\/\/kentis.com\/fr\/boutique\/roses-rouges-preservees-dans-une-boite-cadeau\/#breadcrumb\"},\"inLanguage\":\"fr-FR\",\"potentialAction\":[{\"@type\":\"ReadAction\",\"target\":[\"https:\/\/kentis.com\/fr\/boutique\/roses-rouges-preservees-dans-une-boite-cadeau\/\"]}]},{\"@type\":\"ImageObject\",\"inLanguage\":\"fr-FR\",\"@id\":\"https:\/\/kentis.com\/fr\/boutique\/roses-rouges-preservees-dans-une-boite-cadeau\/#primaryimage\",\"url\":\"https:\/\/kentis.com\/wp-content\/uploads\/2022\/11\/Rose_grandi.jpg\",\"contentUrl\":\"https:\/\/kentis.com\/wp-content\/uploads\/2022\/11\/Rose_grandi.jpg\",\"width\":2000,\"height\":2000},{\"@type\":\"BreadcrumbList\",\"@id\":\"https:\/\/kentis.com\/fr\/boutique\/roses-rouges-preservees-dans-une-boite-cadeau\/#breadcrumb\",\"itemListElement\":[{\"@type\":\"ListItem\",\"position\":1,\"name\":\"Home\",\"item\":\"https:\/\/kentis.com\/fr\/\"},{\"@type\":\"ListItem\",\"position\":2,\"name\":\"Boutique\",\"item\":\"https:\/\/kentis.com\/fr\/boutique\/\"},{\"@type\":\"ListItem\",\"position\":3,\"name\":\"Bouquet\",\"item\":\"https:\/\/kentis.com\/fr\/categorie-produit\/bouquet\/\"},{\"@type\":\"ListItem\",\"position\":4,\"name\":\"Paquets de roses\",\"item\":\"https:\/\/kentis.com\/fr\/categorie-produit\/bouquet\/paquets-de-roses\/\"},{\"@type\":\"ListItem\",\"position\":5,\"name\":\"Roses Rouges Pr\u00e9serv\u00e9es Dans une Bo\u00eete Cadeau\"}]},{\"@type\":\"WebSite\",\"@id\":\"https:\/\/kentis.com\/fr\/#website\",\"url\":\"https:\/\/kentis.com\/fr\/\",\"name\":\"Kentis\",\"description\":\"Atelier del verde\",\"publisher\":{\"@id\":\"https:\/\/kentis.com\/fr\/#organization\"},\"potentialAction\":[{\"@type\":\"SearchAction\",\"target\":{\"@type\":\"EntryPoint\",\"urlTemplate\":\"https:\/\/kentis.com\/fr\/?s={search_term_string}\"},\"query-input\":{\"@type\":\"PropertyValueSpecification\",\"valueRequired\":true,\"valueName\":\"search_term_string\"}}],\"inLanguage\":\"fr-FR\"},{\"@type\":\"Organization\",\"@id\":\"https:\/\/kentis.com\/fr\/#organization\",\"name\":\"Kentis\",\"url\":\"https:\/\/kentis.com\/fr\/\",\"logo\":{\"@type\":\"ImageObject\",\"inLanguage\":\"fr-FR\",\"@id\":\"https:\/\/kentis.com\/fr\/#\/schema\/logo\/image\/\",\"url\":\"https:\/\/kentis.com\/wp-content\/uploads\/2021\/08\/logo-main.png\",\"contentUrl\":\"https:\/\/kentis.com\/wp-content\/uploads\/2021\/08\/logo-main.png\",\"width\":800,\"height\":204,\"caption\":\"Kentis\"},\"image\":{\"@id\":\"https:\/\/kentis.com\/fr\/#\/schema\/logo\/image\/\"},\"sameAs\":[\"https:\/\/www.facebook.com\/kentisgarden\",\"https:\/\/www.instagram.com\/kentisgarden\/\",\"https:\/\/it.pinterest.com\/kentisgarden\",\"https:\/\/www.tiktok.com\/@kentis.com\"]}]}<\/script>\n<!-- \/ Yoast SEO plugin. -->","yoast_head_json":{"title":"Roses Rouges Pr\u00e9serv\u00e9es Dans une Bo\u00eete Cadeau | Kentis","description":"Les roses rouges stabilis\u00e9es dans une bo\u00eete cadeau sont parfaites pour toute occasion, comme cadeau d'anniversaire ou de naissance !","robots":{"index":"index","follow":"follow","max-snippet":"max-snippet:-1","max-image-preview":"max-image-preview:large","max-video-preview":"max-video-preview:-1"},"canonical":"https:\/\/kentis.com\/fr\/boutique\/roses-rouges-preservees-dans-une-boite-cadeau\/","og_locale":"fr_FR","og_type":"article","og_title":"Roses Rouges Pr\u00e9serv\u00e9es Dans une Bo\u00eete Cadeau | Kentis","og_description":"Les roses rouges stabilis\u00e9es dans une bo\u00eete cadeau sont parfaites pour toute occasion, comme cadeau d'anniversaire ou de naissance !","og_url":"https:\/\/kentis.com\/fr\/boutique\/roses-rouges-preservees-dans-une-boite-cadeau\/","og_site_name":"Kentis","article_publisher":"https:\/\/www.facebook.com\/kentisgarden","article_modified_time":"2024-12-06T13:27:51+00:00","og_image":[{"width":2000,"height":2000,"url":"https:\/\/kentis.com\/wp-content\/uploads\/2022\/11\/Rose_grandi.jpg","type":"image\/jpeg"}],"twitter_card":"summary_large_image","twitter_misc":{"Dur\u00e9e de lecture estim\u00e9e":"1 minute"},"schema":{"@context":"https:\/\/schema.org","@graph":[{"@type":"WebPage","@id":"https:\/\/kentis.com\/fr\/boutique\/roses-rouges-preservees-dans-une-boite-cadeau\/","url":"https:\/\/kentis.com\/fr\/boutique\/roses-rouges-preservees-dans-une-boite-cadeau\/","name":"Roses Rouges Pr\u00e9serv\u00e9es Dans une Bo\u00eete Cadeau | Kentis","isPartOf":{"@id":"https:\/\/kentis.com\/fr\/#website"},"primaryImageOfPage":{"@id":"https:\/\/kentis.com\/fr\/boutique\/roses-rouges-preservees-dans-une-boite-cadeau\/#primaryimage"},"image":{"@id":"https:\/\/kentis.com\/fr\/boutique\/roses-rouges-preservees-dans-une-boite-cadeau\/#primaryimage"},"thumbnailUrl":"https:\/\/kentis.com\/wp-content\/uploads\/2022\/11\/Rose_grandi.jpg","datePublished":"2022-11-02T11:47:05+00:00","dateModified":"2024-12-06T13:27:51+00:00","description":"Les roses rouges stabilis\u00e9es dans une bo\u00eete cadeau sont parfaites pour toute occasion, comme cadeau d'anniversaire ou de naissance !","breadcrumb":{"@id":"https:\/\/kentis.com\/fr\/boutique\/roses-rouges-preservees-dans-une-boite-cadeau\/#breadcrumb"},"inLanguage":"fr-FR","potentialAction":[{"@type":"ReadAction","target":["https:\/\/kentis.com\/fr\/boutique\/roses-rouges-preservees-dans-une-boite-cadeau\/"]}]},{"@type":"ImageObject","inLanguage":"fr-FR","@id":"https:\/\/kentis.com\/fr\/boutique\/roses-rouges-preservees-dans-une-boite-cadeau\/#primaryimage","url":"https:\/\/kentis.com\/wp-content\/uploads\/2022\/11\/Rose_grandi.jpg","contentUrl":"https:\/\/kentis.com\/wp-content\/uploads\/2022\/11\/Rose_grandi.jpg","width":2000,"height":2000},{"@type":"BreadcrumbList","@id":"https:\/\/kentis.com\/fr\/boutique\/roses-rouges-preservees-dans-une-boite-cadeau\/#breadcrumb","itemListElement":[{"@type":"ListItem","position":1,"name":"Home","item":"https:\/\/kentis.com\/fr\/"},{"@type":"ListItem","position":2,"name":"Boutique","item":"https:\/\/kentis.com\/fr\/boutique\/"},{"@type":"ListItem","position":3,"name":"Bouquet","item":"https:\/\/kentis.com\/fr\/categorie-produit\/bouquet\/"},{"@type":"ListItem","position":4,"name":"Paquets de roses","item":"https:\/\/kentis.com\/fr\/categorie-produit\/bouquet\/paquets-de-roses\/"},{"@type":"ListItem","position":5,"name":"Roses Rouges Pr\u00e9serv\u00e9es Dans une Bo\u00eete Cadeau"}]},{"@type":"WebSite","@id":"https:\/\/kentis.com\/fr\/#website","url":"https:\/\/kentis.com\/fr\/","name":"Kentis","description":"Atelier del verde","publisher":{"@id":"https:\/\/kentis.com\/fr\/#organization"},"potentialAction":[{"@type":"SearchAction","target":{"@type":"EntryPoint","urlTemplate":"https:\/\/kentis.com\/fr\/?s={search_term_string}"},"query-input":{"@type":"PropertyValueSpecification","valueRequired":true,"valueName":"search_term_string"}}],"inLanguage":"fr-FR"},{"@type":"Organization","@id":"https:\/\/kentis.com\/fr\/#organization","name":"Kentis","url":"https:\/\/kentis.com\/fr\/","logo":{"@type":"ImageObject","inLanguage":"fr-FR","@id":"https:\/\/kentis.com\/fr\/#\/schema\/logo\/image\/","url":"https:\/\/kentis.com\/wp-content\/uploads\/2021\/08\/logo-main.png","contentUrl":"https:\/\/kentis.com\/wp-content\/uploads\/2021\/08\/logo-main.png","width":800,"height":204,"caption":"Kentis"},"image":{"@id":"https:\/\/kentis.com\/fr\/#\/schema\/logo\/image\/"},"sameAs":["https:\/\/www.facebook.com\/kentisgarden","https:\/\/www.instagram.com\/kentisgarden\/","https:\/\/it.pinterest.com\/kentisgarden","https:\/\/www.tiktok.com\/@kentis.com"]}]}},"_links":{"self":[{"href":"https:\/\/kentis.com\/fr\/wp-json\/wp\/v2\/product\/12788","targetHints":{"allow":["GET"]}}],"collection":[{"href":"https:\/\/kentis.com\/fr\/wp-json\/wp\/v2\/product"}],"about":[{"href":"https:\/\/kentis.com\/fr\/wp-json\/wp\/v2\/types\/product"}],"wp:featuredmedia":[{"embeddable":true,"href":"https:\/\/kentis.com\/fr\/wp-json\/wp\/v2\/media\/26184"}],"wp:attachment":[{"href":"https:\/\/kentis.com\/fr\/wp-json\/wp\/v2\/media?parent=12788"}],"wp:term":[{"taxonomy":"product_cat","embeddable":true,"href":"https:\/\/kentis.com\/fr\/wp-json\/wp\/v2\/product_cat?post=12788"},{"taxonomy":"product_tag","embeddable":true,"href":"https:\/\/kentis.com\/fr\/wp-json\/wp\/v2\/product_tag?post=12788"}],"curies":[{"name":"wp","href":"https:\/\/api.w.org\/{rel}","templated":true}]}}