{"id":12386,"date":"2023-01-27T16:20:36","date_gmt":"2023-01-27T15:20:36","guid":{"rendered":"https:\/\/kentis.com\/negozio\/citrus-sinensis\/"},"modified":"2025-07-30T16:25:27","modified_gmt":"2025-07-30T14:25:27","slug":"citrus-sinensis-plante-dorange-douce","status":"publish","type":"product","link":"https:\/\/kentis.com\/fr\/boutique\/citrus-sinensis-plante-dorange-douce\/","title":{"rendered":"Citrus Sinensis &#8211; Plante d&#8217;Orange Douce"},"content":{"rendered":"<div class=\"fusion-fullwidth fullwidth-box fusion-builder-row-1 fusion-flex-container nonhundred-percent-fullwidth non-hundred-percent-height-scrolling\" style=\"--awb-border-radius-top-left:0px;--awb-border-radius-top-right:0px;--awb-border-radius-bottom-right:0px;--awb-border-radius-bottom-left:0px;--awb-flex-wrap:wrap;\" ><div class=\"fusion-builder-row fusion-row fusion-flex-align-items-flex-start fusion-flex-content-wrap\" style=\"max-width:1248px;margin-left: calc(-4% \/ 2 );margin-right: calc(-4% \/ 2 );\"><div class=\"fusion-layout-column fusion_builder_column fusion-builder-column-0 fusion_builder_column_1_1 1_1 fusion-flex-column\" style=\"--awb-bg-size:cover;--awb-width-large:100%;--awb-margin-top-large:0px;--awb-spacing-right-large:1.92%;--awb-margin-bottom-large:0px;--awb-spacing-left-large:1.92%;--awb-width-medium:100%;--awb-spacing-right-medium:1.92%;--awb-spacing-left-medium:1.92%;--awb-width-small:100%;--awb-spacing-right-small:1.92%;--awb-spacing-left-small:1.92%;\"><div class=\"fusion-column-wrapper fusion-flex-justify-content-flex-start fusion-content-layout-column\"><div class=\"fusion-text fusion-text-1\"><p>L\u2019orange douce est sans doute l\u2019agrume le plus connu et le plus cultiv\u00e9 au monde. Ce record est d\u00fb \u00e0 la fois \u00e0 sa beaut\u00e9 et surtout \u00e0 la production de ses fameux fruits dont la bont\u00e9 est inutile \u00e0 d\u00e9crire.<\/p>\n<\/div><\/div><\/div><\/div><\/div>\n","protected":false},"excerpt":{"rendered":"","protected":false},"featured_media":12388,"template":"","meta":{"_acf_changed":false},"product_cat":[582,610],"product_tag":[],"class_list":{"0":"post-12386","1":"product","2":"type-product","3":"status-publish","4":"has-post-thumbnail","6":"product_cat-arbres","7":"product_cat-plantes-fruitieres","8":"product_shipping_class-flora-fr","9":"pa_ambienti-bain","11":"first","12":"instock","13":"taxable","14":"shipping-taxable","15":"purchasable","16":"product-type-variable","17":"has-default-attributes"},"acf":[],"yoast_head":"<!-- This site is optimized with the Yoast SEO plugin v23.4 - https:\/\/yoast.com\/wordpress\/plugins\/seo\/ -->\n<title>Citrus Sinensis - Plante Orange Douce - Plantes Fruiti\u00e8res | Kentis<\/title>\n<meta name=\"description\" content=\"Le citrus sinensis est la plante fruiti\u00e8re la plus cultiv\u00e9e au monde en raison de la production d&#039;oranges et de sa beaut\u00e9 ornementale.\" \/>\n<meta name=\"robots\" content=\"index, follow, max-snippet:-1, max-image-preview:large, max-video-preview:-1\" \/>\n<link rel=\"canonical\" href=\"https:\/\/kentis.com\/fr\/boutique\/citrus-sinensis-plante-dorange-douce\/\" \/>\n<meta property=\"og:locale\" content=\"fr_FR\" \/>\n<meta property=\"og:type\" content=\"article\" \/>\n<meta property=\"og:title\" content=\"Citrus Sinensis - Plante Orange Douce - Plantes Fruiti\u00e8res | Kentis\" \/>\n<meta property=\"og:description\" content=\"Le citrus sinensis est la plante fruiti\u00e8re la plus cultiv\u00e9e au monde en raison de la production d&#039;oranges et de sa beaut\u00e9 ornementale.\" \/>\n<meta property=\"og:url\" content=\"https:\/\/kentis.com\/fr\/boutique\/citrus-sinensis-plante-dorange-douce\/\" \/>\n<meta property=\"og:site_name\" content=\"Kentis\" \/>\n<meta property=\"article:publisher\" content=\"https:\/\/www.facebook.com\/kentisgarden\" \/>\n<meta property=\"article:modified_time\" content=\"2025-07-30T14:25:27+00:00\" \/>\n<meta property=\"og:image\" content=\"https:\/\/kentis.com\/wp-content\/uploads\/2023\/01\/PTG-Citrus-Sinensis-arancio-dolce-v20-h-70-80-b-for-soft-25-leaf-green-scaled.jpg\" \/>\n\t<meta property=\"og:image:width\" content=\"2560\" \/>\n\t<meta property=\"og:image:height\" content=\"2560\" \/>\n\t<meta property=\"og:image:type\" content=\"image\/jpeg\" \/>\n<meta name=\"twitter:card\" content=\"summary_large_image\" \/>\n<meta name=\"twitter:label1\" content=\"Dur\u00e9e de lecture estim\u00e9e\" \/>\n\t<meta name=\"twitter:data1\" content=\"1 minute\" \/>\n<script type=\"application\/ld+json\" class=\"yoast-schema-graph\">{\"@context\":\"https:\/\/schema.org\",\"@graph\":[{\"@type\":\"WebPage\",\"@id\":\"https:\/\/kentis.com\/fr\/boutique\/citrus-sinensis-plante-dorange-douce\/\",\"url\":\"https:\/\/kentis.com\/fr\/boutique\/citrus-sinensis-plante-dorange-douce\/\",\"name\":\"Citrus Sinensis - Plante Orange Douce - Plantes Fruiti\u00e8res | Kentis\",\"isPartOf\":{\"@id\":\"https:\/\/kentis.com\/fr\/#website\"},\"primaryImageOfPage\":{\"@id\":\"https:\/\/kentis.com\/fr\/boutique\/citrus-sinensis-plante-dorange-douce\/#primaryimage\"},\"image\":{\"@id\":\"https:\/\/kentis.com\/fr\/boutique\/citrus-sinensis-plante-dorange-douce\/#primaryimage\"},\"thumbnailUrl\":\"https:\/\/kentis.com\/wp-content\/uploads\/2023\/01\/PTG-Citrus-Sinensis-arancio-dolce-v20-h-70-80-b-for-soft-25-leaf-green-scaled.jpg\",\"datePublished\":\"2023-01-27T15:20:36+00:00\",\"dateModified\":\"2025-07-30T14:25:27+00:00\",\"description\":\"Le citrus sinensis est la plante fruiti\u00e8re la plus cultiv\u00e9e au monde en raison de la production d'oranges et de sa beaut\u00e9 ornementale.\",\"breadcrumb\":{\"@id\":\"https:\/\/kentis.com\/fr\/boutique\/citrus-sinensis-plante-dorange-douce\/#breadcrumb\"},\"inLanguage\":\"fr-FR\",\"potentialAction\":[{\"@type\":\"ReadAction\",\"target\":[\"https:\/\/kentis.com\/fr\/boutique\/citrus-sinensis-plante-dorange-douce\/\"]}]},{\"@type\":\"ImageObject\",\"inLanguage\":\"fr-FR\",\"@id\":\"https:\/\/kentis.com\/fr\/boutique\/citrus-sinensis-plante-dorange-douce\/#primaryimage\",\"url\":\"https:\/\/kentis.com\/wp-content\/uploads\/2023\/01\/PTG-Citrus-Sinensis-arancio-dolce-v20-h-70-80-b-for-soft-25-leaf-green-scaled.jpg\",\"contentUrl\":\"https:\/\/kentis.com\/wp-content\/uploads\/2023\/01\/PTG-Citrus-Sinensis-arancio-dolce-v20-h-70-80-b-for-soft-25-leaf-green-scaled.jpg\",\"width\":2560,\"height\":2560},{\"@type\":\"BreadcrumbList\",\"@id\":\"https:\/\/kentis.com\/fr\/boutique\/citrus-sinensis-plante-dorange-douce\/#breadcrumb\",\"itemListElement\":[{\"@type\":\"ListItem\",\"position\":1,\"name\":\"Home\",\"item\":\"https:\/\/kentis.com\/fr\/\"},{\"@type\":\"ListItem\",\"position\":2,\"name\":\"Boutique\",\"item\":\"https:\/\/kentis.com\/fr\/boutique\/\"},{\"@type\":\"ListItem\",\"position\":3,\"name\":\"Plantes\",\"item\":\"https:\/\/kentis.com\/fr\/categorie-produit\/plantes\/\"},{\"@type\":\"ListItem\",\"position\":4,\"name\":\"Plantes d'ext\u00e9rieur\",\"item\":\"https:\/\/kentis.com\/fr\/categorie-produit\/plantes\/plantes-d-exterieur\/\"},{\"@type\":\"ListItem\",\"position\":5,\"name\":\"Arbres\",\"item\":\"https:\/\/kentis.com\/fr\/categorie-produit\/plantes\/plantes-d-exterieur\/arbres\/\"},{\"@type\":\"ListItem\",\"position\":6,\"name\":\"Citrus Sinensis &#8211; Plante d&#8217;Orange Douce\"}]},{\"@type\":\"WebSite\",\"@id\":\"https:\/\/kentis.com\/fr\/#website\",\"url\":\"https:\/\/kentis.com\/fr\/\",\"name\":\"Kentis\",\"description\":\"Atelier del verde\",\"publisher\":{\"@id\":\"https:\/\/kentis.com\/fr\/#organization\"},\"potentialAction\":[{\"@type\":\"SearchAction\",\"target\":{\"@type\":\"EntryPoint\",\"urlTemplate\":\"https:\/\/kentis.com\/fr\/?s={search_term_string}\"},\"query-input\":{\"@type\":\"PropertyValueSpecification\",\"valueRequired\":true,\"valueName\":\"search_term_string\"}}],\"inLanguage\":\"fr-FR\"},{\"@type\":\"Organization\",\"@id\":\"https:\/\/kentis.com\/fr\/#organization\",\"name\":\"Kentis\",\"url\":\"https:\/\/kentis.com\/fr\/\",\"logo\":{\"@type\":\"ImageObject\",\"inLanguage\":\"fr-FR\",\"@id\":\"https:\/\/kentis.com\/fr\/#\/schema\/logo\/image\/\",\"url\":\"https:\/\/kentis.com\/wp-content\/uploads\/2021\/08\/logo-main.png\",\"contentUrl\":\"https:\/\/kentis.com\/wp-content\/uploads\/2021\/08\/logo-main.png\",\"width\":800,\"height\":204,\"caption\":\"Kentis\"},\"image\":{\"@id\":\"https:\/\/kentis.com\/fr\/#\/schema\/logo\/image\/\"},\"sameAs\":[\"https:\/\/www.facebook.com\/kentisgarden\",\"https:\/\/www.instagram.com\/kentisgarden\/\",\"https:\/\/it.pinterest.com\/kentisgarden\",\"https:\/\/www.tiktok.com\/@kentis.com\"]}]}<\/script>\n<!-- \/ Yoast SEO plugin. -->","yoast_head_json":{"title":"Citrus Sinensis - Plante Orange Douce - Plantes Fruiti\u00e8res | Kentis","description":"Le citrus sinensis est la plante fruiti\u00e8re la plus cultiv\u00e9e au monde en raison de la production d'oranges et de sa beaut\u00e9 ornementale.","robots":{"index":"index","follow":"follow","max-snippet":"max-snippet:-1","max-image-preview":"max-image-preview:large","max-video-preview":"max-video-preview:-1"},"canonical":"https:\/\/kentis.com\/fr\/boutique\/citrus-sinensis-plante-dorange-douce\/","og_locale":"fr_FR","og_type":"article","og_title":"Citrus Sinensis - Plante Orange Douce - Plantes Fruiti\u00e8res | Kentis","og_description":"Le citrus sinensis est la plante fruiti\u00e8re la plus cultiv\u00e9e au monde en raison de la production d'oranges et de sa beaut\u00e9 ornementale.","og_url":"https:\/\/kentis.com\/fr\/boutique\/citrus-sinensis-plante-dorange-douce\/","og_site_name":"Kentis","article_publisher":"https:\/\/www.facebook.com\/kentisgarden","article_modified_time":"2025-07-30T14:25:27+00:00","og_image":[{"width":2560,"height":2560,"url":"https:\/\/kentis.com\/wp-content\/uploads\/2023\/01\/PTG-Citrus-Sinensis-arancio-dolce-v20-h-70-80-b-for-soft-25-leaf-green-scaled.jpg","type":"image\/jpeg"}],"twitter_card":"summary_large_image","twitter_misc":{"Dur\u00e9e de lecture estim\u00e9e":"1 minute"},"schema":{"@context":"https:\/\/schema.org","@graph":[{"@type":"WebPage","@id":"https:\/\/kentis.com\/fr\/boutique\/citrus-sinensis-plante-dorange-douce\/","url":"https:\/\/kentis.com\/fr\/boutique\/citrus-sinensis-plante-dorange-douce\/","name":"Citrus Sinensis - Plante Orange Douce - Plantes Fruiti\u00e8res | Kentis","isPartOf":{"@id":"https:\/\/kentis.com\/fr\/#website"},"primaryImageOfPage":{"@id":"https:\/\/kentis.com\/fr\/boutique\/citrus-sinensis-plante-dorange-douce\/#primaryimage"},"image":{"@id":"https:\/\/kentis.com\/fr\/boutique\/citrus-sinensis-plante-dorange-douce\/#primaryimage"},"thumbnailUrl":"https:\/\/kentis.com\/wp-content\/uploads\/2023\/01\/PTG-Citrus-Sinensis-arancio-dolce-v20-h-70-80-b-for-soft-25-leaf-green-scaled.jpg","datePublished":"2023-01-27T15:20:36+00:00","dateModified":"2025-07-30T14:25:27+00:00","description":"Le citrus sinensis est la plante fruiti\u00e8re la plus cultiv\u00e9e au monde en raison de la production d'oranges et de sa beaut\u00e9 ornementale.","breadcrumb":{"@id":"https:\/\/kentis.com\/fr\/boutique\/citrus-sinensis-plante-dorange-douce\/#breadcrumb"},"inLanguage":"fr-FR","potentialAction":[{"@type":"ReadAction","target":["https:\/\/kentis.com\/fr\/boutique\/citrus-sinensis-plante-dorange-douce\/"]}]},{"@type":"ImageObject","inLanguage":"fr-FR","@id":"https:\/\/kentis.com\/fr\/boutique\/citrus-sinensis-plante-dorange-douce\/#primaryimage","url":"https:\/\/kentis.com\/wp-content\/uploads\/2023\/01\/PTG-Citrus-Sinensis-arancio-dolce-v20-h-70-80-b-for-soft-25-leaf-green-scaled.jpg","contentUrl":"https:\/\/kentis.com\/wp-content\/uploads\/2023\/01\/PTG-Citrus-Sinensis-arancio-dolce-v20-h-70-80-b-for-soft-25-leaf-green-scaled.jpg","width":2560,"height":2560},{"@type":"BreadcrumbList","@id":"https:\/\/kentis.com\/fr\/boutique\/citrus-sinensis-plante-dorange-douce\/#breadcrumb","itemListElement":[{"@type":"ListItem","position":1,"name":"Home","item":"https:\/\/kentis.com\/fr\/"},{"@type":"ListItem","position":2,"name":"Boutique","item":"https:\/\/kentis.com\/fr\/boutique\/"},{"@type":"ListItem","position":3,"name":"Plantes","item":"https:\/\/kentis.com\/fr\/categorie-produit\/plantes\/"},{"@type":"ListItem","position":4,"name":"Plantes d'ext\u00e9rieur","item":"https:\/\/kentis.com\/fr\/categorie-produit\/plantes\/plantes-d-exterieur\/"},{"@type":"ListItem","position":5,"name":"Arbres","item":"https:\/\/kentis.com\/fr\/categorie-produit\/plantes\/plantes-d-exterieur\/arbres\/"},{"@type":"ListItem","position":6,"name":"Citrus Sinensis &#8211; Plante d&#8217;Orange Douce"}]},{"@type":"WebSite","@id":"https:\/\/kentis.com\/fr\/#website","url":"https:\/\/kentis.com\/fr\/","name":"Kentis","description":"Atelier del verde","publisher":{"@id":"https:\/\/kentis.com\/fr\/#organization"},"potentialAction":[{"@type":"SearchAction","target":{"@type":"EntryPoint","urlTemplate":"https:\/\/kentis.com\/fr\/?s={search_term_string}"},"query-input":{"@type":"PropertyValueSpecification","valueRequired":true,"valueName":"search_term_string"}}],"inLanguage":"fr-FR"},{"@type":"Organization","@id":"https:\/\/kentis.com\/fr\/#organization","name":"Kentis","url":"https:\/\/kentis.com\/fr\/","logo":{"@type":"ImageObject","inLanguage":"fr-FR","@id":"https:\/\/kentis.com\/fr\/#\/schema\/logo\/image\/","url":"https:\/\/kentis.com\/wp-content\/uploads\/2021\/08\/logo-main.png","contentUrl":"https:\/\/kentis.com\/wp-content\/uploads\/2021\/08\/logo-main.png","width":800,"height":204,"caption":"Kentis"},"image":{"@id":"https:\/\/kentis.com\/fr\/#\/schema\/logo\/image\/"},"sameAs":["https:\/\/www.facebook.com\/kentisgarden","https:\/\/www.instagram.com\/kentisgarden\/","https:\/\/it.pinterest.com\/kentisgarden","https:\/\/www.tiktok.com\/@kentis.com"]}]}},"_links":{"self":[{"href":"https:\/\/kentis.com\/fr\/wp-json\/wp\/v2\/product\/12386","targetHints":{"allow":["GET"]}}],"collection":[{"href":"https:\/\/kentis.com\/fr\/wp-json\/wp\/v2\/product"}],"about":[{"href":"https:\/\/kentis.com\/fr\/wp-json\/wp\/v2\/types\/product"}],"wp:featuredmedia":[{"embeddable":true,"href":"https:\/\/kentis.com\/fr\/wp-json\/wp\/v2\/media\/12388"}],"wp:attachment":[{"href":"https:\/\/kentis.com\/fr\/wp-json\/wp\/v2\/media?parent=12386"}],"wp:term":[{"taxonomy":"product_cat","embeddable":true,"href":"https:\/\/kentis.com\/fr\/wp-json\/wp\/v2\/product_cat?post=12386"},{"taxonomy":"product_tag","embeddable":true,"href":"https:\/\/kentis.com\/fr\/wp-json\/wp\/v2\/product_tag?post=12386"}],"curies":[{"name":"wp","href":"https:\/\/api.w.org\/{rel}","templated":true}]}}