{"id":27430,"date":"2021-07-29T17:04:37","date_gmt":"2021-07-29T15:04:37","guid":{"rendered":"https:\/\/kentis.com\/termes-et-conditions\/"},"modified":"2024-05-06T16:00:36","modified_gmt":"2024-05-06T14:00:36","slug":"termes-et-conditions","status":"publish","type":"page","link":"https:\/\/kentis.com\/fr\/termes-et-conditions\/","title":{"rendered":"Termes et conditions"},"content":{"rendered":"<h1>Conditions g\u00e9n\u00e9rales de vente<\/h1>\n<h2>Introduction<\/h2>\n<p>Le site Internet www.kentis.com (ci-apr\u00e8s uniquement \u00ab le site \u00bb) et tout son contenu sont g\u00e9r\u00e9s et d\u00e9tenus par Pistoia Garden S.r.l. (ci-apr\u00e8s \u00ab Kentis \u00bb) dont le si\u00e8ge social est situ\u00e9 Via Prato 16, Agliana (PT), 51031 &#8211; code fiscal \/ P.IVA 02008400471.<br \/>\nL&#8217;acc\u00e8s et l&#8217;utilisation du site, ainsi que l&#8217;offre et la vente de produits qui ont lieu sur le site, sont des activit\u00e9s r\u00e9gies par les termes et conditions suivants. En acc\u00e9dant au site, les utilisateurs s&#8217;engagent \u00e0 accepter et \u00e0 respecter toutes les conditions contractuelles pr\u00e9sentes.<br \/>\nKentis se r\u00e9serve le droit d&#8217;apporter des modifications aux conditions g\u00e9n\u00e9rales de vente, dans toutes les formes permises par la loi, qui resteront contraignantes pendant toute la dur\u00e9e de leur publication et ne seront pas rectifi\u00e9es par des modifications ult\u00e9rieures.<\/p>\n<h2>Achats<\/h2>\n<p>Kentis offre aux utilisateurs la possibilit\u00e9 d&#8217;acheter des plantes, des compositions florales, des accessoires li\u00e9s \u00e0 des produits pr\u00e9c\u00e9dents et des accessoires d&#8217;ameublement en \u00e9change d&#8217;une r\u00e9mun\u00e9ration financi\u00e8re.<br \/>\nL&#8217;utilisateur peut profiter de cette possibilit\u00e9 en s\u00e9lectionnant, le cas \u00e9ch\u00e9ant, les caract\u00e9ristiques du produit qui l&#8217;int\u00e9resse et en appuyant sur \u00abpasser commande\u00bb une fois toutes les \u00e9tapes pr\u00e9c\u00e9dentes r\u00e9alis\u00e9es, notamment l&#8217;indication de l&#8217;adresse de livraison et le choix entre les modes de paiement. propos\u00e9 ce que l&#8217;utilisateur pr\u00e9f\u00e8re.<br \/>\nL&#8217;utilisateur s&#8217;engage ainsi \u00e0 acheter le produit pr\u00e9sentant les caract\u00e9ristiques choisies et \u00e0 payer le prix correspondant.<br \/>\nKentis se r\u00e9serve le droit d&#8217;accepter ou de refuser la commande.<br \/>\nSi Kentis accepte la commande, il enverra la confirmation \u00e0 l&#8217;adresse email indiqu\u00e9e dans les d\u00e9tails de facturation et se chargera d&#8217;exp\u00e9dier le produit \u00e0 l&#8217;adresse indiqu\u00e9e dans le formulaire dans le panier.<br \/>\nKentis fera toujours tout son possible pour fournir le produit sp\u00e9cifi\u00e9 dans la confirmation de commande. Dans certains cas cependant, si par exemple il est impossible de trouver ce produit, Kentis contactera le client pour l&#8217;informer de la situation et lui proposera des alternatives. Si l&#8217;utilisateur n&#8217;accepte pas ces alternatives, Kentis annulera la commande des produits pour lesquels il ne pourra pas exp\u00e9dier et remboursera l&#8217;int\u00e9gralit\u00e9 des sommes engag\u00e9es par l&#8217;utilisateur pour l&#8217;achat de ces produits. Avec le retour de ce montant, la responsabilit\u00e9 de Kentis envers l&#8217;utilisateur dont la commande a \u00e9t\u00e9 annul\u00e9e prend fin.<br \/>\nBien que cette possibilit\u00e9 soit extr\u00eamement rare, il peut arriver que des prix affich\u00e9s sur des produits soient inf\u00e9rieurs \u00e0 ce qu&#8217;ils devraient r\u00e9ellement \u00eatre. Si l&#8217;utilisateur commande de tels produits et que Kentis a d\u00e9j\u00e0 envoy\u00e9 la confirmation de commande, Kentis contactera imm\u00e9diatement cet utilisateur et \u00e9mettra ensuite une nouvelle confirmation de commande indiquant le prix r\u00e9el du produit. Si l&#8217;utilisateur n&#8217;est plus int\u00e9ress\u00e9 par l&#8217;achat de ce produit en raison d&#8217;une diff\u00e9rence de prix trop importante, il peut annuler la commande et Kentis lui remboursera la totalit\u00e9 du montant pay\u00e9 pour l&#8217;achat de ce produit.<\/p>\n<h2>Produits<\/h2>\n<p>Kentis fournit toutes les informations et photographies essentielles relatives aux produits propos\u00e9s. Concernant les cat\u00e9gories plantes et compositions florales, les produits re\u00e7us, \u00e9tant vivants, peuvent diff\u00e9rer des repr\u00e9sentations photographiques. Cela ne doit pas \u00eatre consid\u00e9r\u00e9 comme un d\u00e9faut mais comme une valeur ajout\u00e9e car chaque produit est unique.<\/p>\n<h2>Prix<\/h2>\n<p>Les prix de vente des produits sont indiqu\u00e9s sur le site et sont tous compris TVA (taxe sur la valeur ajout\u00e9e). Les prix peuvent varier dans le temps sans toutefois affecter les commandes d\u00e9j\u00e0 pass\u00e9es, sauf erreurs manifestes de transcription.<br \/>\nBien que cette possibilit\u00e9 soit extr\u00eamement rare, il peut arriver que des prix affich\u00e9s sur des produits soient inf\u00e9rieurs \u00e0 ce qu&#8217;ils devraient r\u00e9ellement \u00eatre. Si l&#8217;utilisateur commande de tels produits et que Kentis a d\u00e9j\u00e0 envoy\u00e9 la confirmation de commande, Kentis contactera imm\u00e9diatement cet utilisateur et \u00e9mettra ensuite une nouvelle confirmation de commande indiquant le prix r\u00e9el du produit. Si l&#8217;utilisateur n&#8217;est plus int\u00e9ress\u00e9 par l&#8217;achat de ce produit en raison d&#8217;une diff\u00e9rence de prix trop importante, il peut annuler la commande et Kentis lui remboursera la totalit\u00e9 du montant pay\u00e9 pour l&#8217;achat de ce produit.<\/p>\n<h2>Paiements<\/h2>\n<p>Afin d&#8217;adresser la compensation financi\u00e8re de la commande, le client peut choisir entre les modes de paiement suivants:<br \/>\nPayPal<br \/>\nAmazon Pay<br \/>\nCarte de cr\u00e9dit<br \/>\nVirement bancaire<br \/>\nContre remboursement (dans ce cas un suppl\u00e9ment de 5,00 \u20ac sera demand\u00e9)<\/p>\n<h2 id=\"spese\">Livraison des produits<\/h2>\n<p>Kentis enverra au client les produits achet\u00e9s \u00e0 l&#8217;adresse de livraison indiqu\u00e9e dans le formulaire appropri\u00e9 une fois la commande finalis\u00e9e.<br \/>\nLe d\u00e9lai entre l&#8217;acceptation de la commande et le moment de la livraison est indiqu\u00e9 sur la page produit concern\u00e9e, il est normalement de 2\/3 jours ouvr\u00e9s mais dans certains cas il peut \u00eatre plus long. En tout \u00e9tat de cause Kentis s&#8217;engage \u00e0 exp\u00e9dier les produits dans les plus brefs d\u00e9lais.<\/p>\n<h2>Frais de exp\u00e9dition<\/h2>\n<p>Quel que soit le produit achet\u00e9, les frais de port seront toujours gratuits, le seul cas o\u00f9 ils pourront \u00eatre factur\u00e9s au client est lorsqu&#8217;un retour est effectu\u00e9 sans qu&#8217;il y ait eu d&#8217;erreurs imputables \u00e0 Kentis.<\/p>\n<h2 id=\"resi\">Droit de r\u00e9tractation<\/h2>\n<p>Dans le cas o\u00f9 le client aurait command\u00e9 une plante ou tout autre produit qui n&#8217;est pas une composition florale (hors fleurs stabilis\u00e9es pour lesquelles les m\u00eames conditions que les plantes s&#8217;appliquent), le client dispose d&#8217;un d\u00e9lai de 14 jours \u00e0 compter de la livraison de la commande pour exercer son droit de r\u00e9tractation. sans en indiquer la raison.<br \/>\nPour profiter de cette possibilit\u00e9, le client doit envoyer un email \u00e0 info@kentis.com indiquant le num\u00e9ro de commande, la date d&#8217;ex\u00e9cution de cette derni\u00e8re et les produits qu&#8217;il souhaite retourner, tout cela dans le d\u00e9lai de r\u00e9tractation.<br \/>\nLe produit doit ensuite \u00eatre exp\u00e9di\u00e9 dans les conditions dans lesquelles il est arriv\u00e9 au client, dans son emballage d&#8217;origine et correctement scell\u00e9 afin qu&#8217;il ne subisse pas de dommages pendant le transport.<br \/>\nDans ce cas, les frais de port pour le retour du produit seront \u00e0 la charge du client et Kentis proc\u00e9dera au remboursement d\u00e8s le retour du ou des produits dans nos entrep\u00f4ts.<\/p>\n<h2>Retours et r\u00e9clamations<\/h2>\n<p>En cas de probl\u00e8mes avec les produits achet\u00e9s, contactez-nous dans les 14 jours suivant la r\u00e9ception de la commande de plantes, accessoires ou fleurs stabilis\u00e9es ou dans les 48 heures suivant la r\u00e9ception de la commande de compositions florales (hors fleurs stabilis\u00e9es), en nous envoyant un email \u00e0 info@kentis.com ou en nous \u00e9crivant sur Whatsapp au num\u00e9ro 3470800227 actif du lundi au vendredi de 9h00 \u00e0 13h00 et de 14h00 \u00e0 18h00. Nous enverrons un nouveau produit dans les plus brefs d\u00e9lais ou rembourserons le co\u00fbt total du produit d\u00e9fectueux.<\/p>\n<h2>Service apr\u00e8s-achat<\/h2>\n<p>Pour tout, vous pouvez nous contacter par email info@kentis.com ou en nous \u00e9crivant sur Whatsapp au 3470800227 (disponible du lundi au vendredi de 9h00 \u00e0 13h00 et de 14h00 \u00e0 18h00).<\/p>\n<h2>Clause de non-responsabilit\u00e9<\/h2>\n<p>Kentis n&#8217;est en aucun cas responsable des cons\u00e9quences r\u00e9sultant d&#8217;une mauvaise utilisation des produits vendus sur le site.<\/p>\n","protected":false},"excerpt":{"rendered":"<p>Conditions g\u00e9n\u00e9rales de vente Introduction Le site Internet www.kentis.com (ci-apr\u00e8s [&hellip;]<\/p>\n","protected":false},"author":1,"featured_media":0,"parent":0,"menu_order":0,"comment_status":"closed","ping_status":"closed","template":"","meta":{"_acf_changed":false,"footnotes":""},"class_list":["post-27430","page","type-page","status-publish","hentry"],"acf":[],"yoast_head":"<!-- This site is optimized with the Yoast SEO plugin v23.4 - https:\/\/yoast.com\/wordpress\/plugins\/seo\/ -->\n<title>Termes et conditions - Kentis<\/title>\n<meta name=\"robots\" content=\"index, follow, max-snippet:-1, max-image-preview:large, max-video-preview:-1\" \/>\n<link rel=\"canonical\" href=\"https:\/\/kentis.com\/fr\/termes-et-conditions\/\" \/>\n<meta property=\"og:locale\" content=\"fr_FR\" \/>\n<meta property=\"og:type\" content=\"article\" \/>\n<meta property=\"og:title\" content=\"Termes et conditions - Kentis\" \/>\n<meta property=\"og:description\" content=\"Conditions g\u00e9n\u00e9rales de vente Introduction Le site Internet www.kentis.com (ci-apr\u00e8s [&hellip;]\" \/>\n<meta property=\"og:url\" content=\"https:\/\/kentis.com\/fr\/termes-et-conditions\/\" \/>\n<meta property=\"og:site_name\" content=\"Kentis\" \/>\n<meta property=\"article:publisher\" content=\"https:\/\/www.facebook.com\/kentisgarden\" \/>\n<meta property=\"article:modified_time\" content=\"2024-05-06T14:00:36+00:00\" \/>\n<meta name=\"twitter:card\" content=\"summary_large_image\" \/>\n<meta name=\"twitter:label1\" content=\"Dur\u00e9e de lecture estim\u00e9e\" \/>\n\t<meta name=\"twitter:data1\" content=\"6 minutes\" \/>\n<script type=\"application\/ld+json\" class=\"yoast-schema-graph\">{\"@context\":\"https:\/\/schema.org\",\"@graph\":[{\"@type\":\"WebPage\",\"@id\":\"https:\/\/kentis.com\/fr\/termes-et-conditions\/\",\"url\":\"https:\/\/kentis.com\/fr\/termes-et-conditions\/\",\"name\":\"Termes et conditions - Kentis\",\"isPartOf\":{\"@id\":\"https:\/\/kentis.com\/fr\/#website\"},\"datePublished\":\"2021-07-29T15:04:37+00:00\",\"dateModified\":\"2024-05-06T14:00:36+00:00\",\"breadcrumb\":{\"@id\":\"https:\/\/kentis.com\/fr\/termes-et-conditions\/#breadcrumb\"},\"inLanguage\":\"fr-FR\",\"potentialAction\":[{\"@type\":\"ReadAction\",\"target\":[\"https:\/\/kentis.com\/fr\/termes-et-conditions\/\"]}]},{\"@type\":\"BreadcrumbList\",\"@id\":\"https:\/\/kentis.com\/fr\/termes-et-conditions\/#breadcrumb\",\"itemListElement\":[{\"@type\":\"ListItem\",\"position\":1,\"name\":\"Home\",\"item\":\"https:\/\/kentis.com\/fr\/\"},{\"@type\":\"ListItem\",\"position\":2,\"name\":\"Termes et conditions\"}]},{\"@type\":\"WebSite\",\"@id\":\"https:\/\/kentis.com\/fr\/#website\",\"url\":\"https:\/\/kentis.com\/fr\/\",\"name\":\"Kentis\",\"description\":\"Atelier del verde\",\"publisher\":{\"@id\":\"https:\/\/kentis.com\/fr\/#organization\"},\"potentialAction\":[{\"@type\":\"SearchAction\",\"target\":{\"@type\":\"EntryPoint\",\"urlTemplate\":\"https:\/\/kentis.com\/fr\/?s={search_term_string}\"},\"query-input\":{\"@type\":\"PropertyValueSpecification\",\"valueRequired\":true,\"valueName\":\"search_term_string\"}}],\"inLanguage\":\"fr-FR\"},{\"@type\":\"Organization\",\"@id\":\"https:\/\/kentis.com\/fr\/#organization\",\"name\":\"Kentis\",\"url\":\"https:\/\/kentis.com\/fr\/\",\"logo\":{\"@type\":\"ImageObject\",\"inLanguage\":\"fr-FR\",\"@id\":\"https:\/\/kentis.com\/fr\/#\/schema\/logo\/image\/\",\"url\":\"https:\/\/kentis.com\/wp-content\/uploads\/2021\/08\/logo-main.png\",\"contentUrl\":\"https:\/\/kentis.com\/wp-content\/uploads\/2021\/08\/logo-main.png\",\"width\":800,\"height\":204,\"caption\":\"Kentis\"},\"image\":{\"@id\":\"https:\/\/kentis.com\/fr\/#\/schema\/logo\/image\/\"},\"sameAs\":[\"https:\/\/www.facebook.com\/kentisgarden\",\"https:\/\/www.instagram.com\/kentisgarden\/\",\"https:\/\/it.pinterest.com\/kentisgarden\",\"https:\/\/www.tiktok.com\/@kentis.com\"]}]}<\/script>\n<!-- \/ Yoast SEO plugin. -->","yoast_head_json":{"title":"Termes et conditions - Kentis","robots":{"index":"index","follow":"follow","max-snippet":"max-snippet:-1","max-image-preview":"max-image-preview:large","max-video-preview":"max-video-preview:-1"},"canonical":"https:\/\/kentis.com\/fr\/termes-et-conditions\/","og_locale":"fr_FR","og_type":"article","og_title":"Termes et conditions - Kentis","og_description":"Conditions g\u00e9n\u00e9rales de vente Introduction Le site Internet www.kentis.com (ci-apr\u00e8s [&hellip;]","og_url":"https:\/\/kentis.com\/fr\/termes-et-conditions\/","og_site_name":"Kentis","article_publisher":"https:\/\/www.facebook.com\/kentisgarden","article_modified_time":"2024-05-06T14:00:36+00:00","twitter_card":"summary_large_image","twitter_misc":{"Dur\u00e9e de lecture estim\u00e9e":"6 minutes"},"schema":{"@context":"https:\/\/schema.org","@graph":[{"@type":"WebPage","@id":"https:\/\/kentis.com\/fr\/termes-et-conditions\/","url":"https:\/\/kentis.com\/fr\/termes-et-conditions\/","name":"Termes et conditions - Kentis","isPartOf":{"@id":"https:\/\/kentis.com\/fr\/#website"},"datePublished":"2021-07-29T15:04:37+00:00","dateModified":"2024-05-06T14:00:36+00:00","breadcrumb":{"@id":"https:\/\/kentis.com\/fr\/termes-et-conditions\/#breadcrumb"},"inLanguage":"fr-FR","potentialAction":[{"@type":"ReadAction","target":["https:\/\/kentis.com\/fr\/termes-et-conditions\/"]}]},{"@type":"BreadcrumbList","@id":"https:\/\/kentis.com\/fr\/termes-et-conditions\/#breadcrumb","itemListElement":[{"@type":"ListItem","position":1,"name":"Home","item":"https:\/\/kentis.com\/fr\/"},{"@type":"ListItem","position":2,"name":"Termes et conditions"}]},{"@type":"WebSite","@id":"https:\/\/kentis.com\/fr\/#website","url":"https:\/\/kentis.com\/fr\/","name":"Kentis","description":"Atelier del verde","publisher":{"@id":"https:\/\/kentis.com\/fr\/#organization"},"potentialAction":[{"@type":"SearchAction","target":{"@type":"EntryPoint","urlTemplate":"https:\/\/kentis.com\/fr\/?s={search_term_string}"},"query-input":{"@type":"PropertyValueSpecification","valueRequired":true,"valueName":"search_term_string"}}],"inLanguage":"fr-FR"},{"@type":"Organization","@id":"https:\/\/kentis.com\/fr\/#organization","name":"Kentis","url":"https:\/\/kentis.com\/fr\/","logo":{"@type":"ImageObject","inLanguage":"fr-FR","@id":"https:\/\/kentis.com\/fr\/#\/schema\/logo\/image\/","url":"https:\/\/kentis.com\/wp-content\/uploads\/2021\/08\/logo-main.png","contentUrl":"https:\/\/kentis.com\/wp-content\/uploads\/2021\/08\/logo-main.png","width":800,"height":204,"caption":"Kentis"},"image":{"@id":"https:\/\/kentis.com\/fr\/#\/schema\/logo\/image\/"},"sameAs":["https:\/\/www.facebook.com\/kentisgarden","https:\/\/www.instagram.com\/kentisgarden\/","https:\/\/it.pinterest.com\/kentisgarden","https:\/\/www.tiktok.com\/@kentis.com"]}]}},"_links":{"self":[{"href":"https:\/\/kentis.com\/fr\/wp-json\/wp\/v2\/pages\/27430","targetHints":{"allow":["GET"]}}],"collection":[{"href":"https:\/\/kentis.com\/fr\/wp-json\/wp\/v2\/pages"}],"about":[{"href":"https:\/\/kentis.com\/fr\/wp-json\/wp\/v2\/types\/page"}],"author":[{"embeddable":true,"href":"https:\/\/kentis.com\/fr\/wp-json\/wp\/v2\/users\/1"}],"replies":[{"embeddable":true,"href":"https:\/\/kentis.com\/fr\/wp-json\/wp\/v2\/comments?post=27430"}],"version-history":[{"count":2,"href":"https:\/\/kentis.com\/fr\/wp-json\/wp\/v2\/pages\/27430\/revisions"}],"predecessor-version":[{"id":27492,"href":"https:\/\/kentis.com\/fr\/wp-json\/wp\/v2\/pages\/27430\/revisions\/27492"}],"wp:attachment":[{"href":"https:\/\/kentis.com\/fr\/wp-json\/wp\/v2\/media?parent=27430"}],"curies":[{"name":"wp","href":"https:\/\/api.w.org\/{rel}","templated":true}]}}