{"id":38071,"date":"2026-02-18T11:13:41","date_gmt":"2026-02-18T10:13:41","guid":{"rendered":"https:\/\/kentis.com\/negozio\/dracaena-finta-alta-170-cm\/"},"modified":"2026-04-24T11:41:43","modified_gmt":"2026-04-24T09:41:43","slug":"dracaena-finta-alta-170-cm","status":"publish","type":"product","link":"https:\/\/kentis.com\/de\/shop\/dracaena-finta-alta-170-cm\/","title":{"rendered":"K\u00fcnstliche Dracaena 170 cm Hoch"},"content":{"rendered":"<div class=\"fusion-fullwidth fullwidth-box fusion-builder-row-1 fusion-flex-container has-pattern-background has-mask-background nonhundred-percent-fullwidth non-hundred-percent-height-scrolling\" style=\"--awb-border-radius-top-left:0px;--awb-border-radius-top-right:0px;--awb-border-radius-bottom-right:0px;--awb-border-radius-bottom-left:0px;--awb-flex-wrap:wrap;\" ><div class=\"fusion-builder-row fusion-row fusion-flex-align-items-flex-start fusion-flex-content-wrap\" style=\"max-width:1248px;margin-left: calc(-4% \/ 2 );margin-right: calc(-4% \/ 2 );\"><div class=\"fusion-layout-column fusion_builder_column fusion-builder-column-0 fusion_builder_column_1_1 1_1 fusion-flex-column\" style=\"--awb-bg-size:cover;--awb-width-large:100%;--awb-margin-top-large:0px;--awb-spacing-right-large:1.92%;--awb-margin-bottom-large:20px;--awb-spacing-left-large:1.92%;--awb-width-medium:100%;--awb-order-medium:0;--awb-spacing-right-medium:1.92%;--awb-spacing-left-medium:1.92%;--awb-width-small:100%;--awb-order-small:0;--awb-spacing-right-small:1.92%;--awb-spacing-left-small:1.92%;\"><div class=\"fusion-column-wrapper fusion-column-has-shadow fusion-flex-justify-content-flex-start fusion-content-layout-column\"><div class=\"fusion-text fusion-text-1\"><p>Die k\u00fcnstliche Dracaena ist ideal f\u00fcr alle, die die Sch\u00f6nheit dieser exotischen Pflanze genie\u00dfen m\u00f6chten, ohne sich um deren Pflege k\u00fcmmern zu m\u00fcssen. Ihr ikonisches Aussehen und das realistische Design verleihen jedem Raum eine nat\u00fcrliche Note \u2013 ganz ohne Gie\u00dfen, Schneiden oder Sonneneinstrahlung.<\/p>\n<\/div><\/div><\/div><\/div><\/div>\n","protected":false},"excerpt":{"rendered":"<p>Die k\u00fcnstliche Dracaena ist ideal f\u00fcr alle, die die Sch\u00f6nheit dieser exotischen Pflanze genie\u00dfen m\u00f6chten, ohne sich um deren Pflege k\u00fcmmern zu m\u00fcssen.<\/p>\n","protected":false},"featured_media":36982,"template":"","meta":{"_acf_changed":false},"product_cat":[1366],"product_tag":[],"class_list":{"0":"post-38071","1":"product","2":"type-product","3":"status-publish","4":"has-post-thumbnail","6":"product_cat-piante-artificiali-de","7":"product_shipping_class-evergreen-de","9":"first","10":"instock","11":"taxable","12":"shipping-taxable","13":"purchasable","14":"product-type-simple"},"acf":[],"yoast_head":"<!-- This site is optimized with the Yoast SEO plugin v23.4 - https:\/\/yoast.com\/wordpress\/plugins\/seo\/ -->\n<title>KENTIS - Dracaena Finta Alta 170 cm<\/title>\n<meta name=\"description\" content=\"La Dracaena artificiale \u00e8 l&#039;ideale per chi vuole godere della bellezza di questa pianta esotica senza doversi preoccupare della sua manutenzione.\" \/>\n<meta name=\"robots\" content=\"index, follow, max-snippet:-1, max-image-preview:large, max-video-preview:-1\" \/>\n<link rel=\"canonical\" href=\"https:\/\/kentis.com\/de\/shop\/dracaena-finta-alta-170-cm\/\" \/>\n<meta property=\"og:locale\" content=\"de_DE\" \/>\n<meta property=\"og:type\" content=\"article\" \/>\n<meta property=\"og:title\" content=\"KENTIS - Dracaena Finta Alta 170 cm\" \/>\n<meta property=\"og:description\" content=\"La Dracaena artificiale \u00e8 l&#039;ideale per chi vuole godere della bellezza di questa pianta esotica senza doversi preoccupare della sua manutenzione.\" \/>\n<meta property=\"og:url\" content=\"https:\/\/kentis.com\/de\/shop\/dracaena-finta-alta-170-cm\/\" \/>\n<meta property=\"og:site_name\" content=\"Kentis\" \/>\n<meta property=\"article:publisher\" content=\"https:\/\/www.facebook.com\/kentisgarden\" \/>\n<meta property=\"article:modified_time\" content=\"2026-04-24T09:41:43+00:00\" \/>\n<meta property=\"og:image\" content=\"https:\/\/kentis.com\/wp-content\/uploads\/2026\/02\/1.png\" \/>\n\t<meta property=\"og:image:width\" content=\"1500\" \/>\n\t<meta property=\"og:image:height\" content=\"1500\" \/>\n\t<meta property=\"og:image:type\" content=\"image\/png\" \/>\n<meta name=\"twitter:card\" content=\"summary_large_image\" \/>\n<meta name=\"twitter:label1\" content=\"Gesch\u00e4tzte Lesezeit\" \/>\n\t<meta name=\"twitter:data1\" content=\"1\u00a0Minute\" \/>\n<script type=\"application\/ld+json\" class=\"yoast-schema-graph\">{\"@context\":\"https:\/\/schema.org\",\"@graph\":[{\"@type\":\"WebPage\",\"@id\":\"https:\/\/kentis.com\/de\/shop\/dracaena-finta-alta-170-cm\/\",\"url\":\"https:\/\/kentis.com\/de\/shop\/dracaena-finta-alta-170-cm\/\",\"name\":\"KENTIS - Dracaena Finta Alta 170 cm\",\"isPartOf\":{\"@id\":\"https:\/\/kentis.com\/de\/#website\"},\"primaryImageOfPage\":{\"@id\":\"https:\/\/kentis.com\/de\/shop\/dracaena-finta-alta-170-cm\/#primaryimage\"},\"image\":{\"@id\":\"https:\/\/kentis.com\/de\/shop\/dracaena-finta-alta-170-cm\/#primaryimage\"},\"thumbnailUrl\":\"https:\/\/kentis.com\/wp-content\/uploads\/2026\/02\/1.png\",\"datePublished\":\"2026-02-18T10:13:41+00:00\",\"dateModified\":\"2026-04-24T09:41:43+00:00\",\"description\":\"La Dracaena artificiale \u00e8 l'ideale per chi vuole godere della bellezza di questa pianta esotica senza doversi preoccupare della sua manutenzione.\",\"breadcrumb\":{\"@id\":\"https:\/\/kentis.com\/de\/shop\/dracaena-finta-alta-170-cm\/#breadcrumb\"},\"inLanguage\":\"de\",\"potentialAction\":[{\"@type\":\"ReadAction\",\"target\":[\"https:\/\/kentis.com\/de\/shop\/dracaena-finta-alta-170-cm\/\"]}]},{\"@type\":\"ImageObject\",\"inLanguage\":\"de\",\"@id\":\"https:\/\/kentis.com\/de\/shop\/dracaena-finta-alta-170-cm\/#primaryimage\",\"url\":\"https:\/\/kentis.com\/wp-content\/uploads\/2026\/02\/1.png\",\"contentUrl\":\"https:\/\/kentis.com\/wp-content\/uploads\/2026\/02\/1.png\",\"width\":1500,\"height\":1500},{\"@type\":\"BreadcrumbList\",\"@id\":\"https:\/\/kentis.com\/de\/shop\/dracaena-finta-alta-170-cm\/#breadcrumb\",\"itemListElement\":[{\"@type\":\"ListItem\",\"position\":1,\"name\":\"Home\",\"item\":\"https:\/\/kentis.com\/de\/\"},{\"@type\":\"ListItem\",\"position\":2,\"name\":\"Gesch\u00e4ft\",\"item\":\"https:\/\/kentis.com\/de\/shop\/\"},{\"@type\":\"ListItem\",\"position\":3,\"name\":\"Zubeh\u00f6r\",\"item\":\"https:\/\/kentis.com\/de\/produkt-kategorie\/zubehoer\/\"},{\"@type\":\"ListItem\",\"position\":4,\"name\":\"Piante Artificiali\",\"item\":\"https:\/\/kentis.com\/de\/produkt-kategorie\/piante-artificiali-de\/\"},{\"@type\":\"ListItem\",\"position\":5,\"name\":\"K\u00fcnstliche Dracaena 170 cm Hoch\"}]},{\"@type\":\"WebSite\",\"@id\":\"https:\/\/kentis.com\/de\/#website\",\"url\":\"https:\/\/kentis.com\/de\/\",\"name\":\"Kentis\",\"description\":\"Atelier del verde\",\"publisher\":{\"@id\":\"https:\/\/kentis.com\/de\/#organization\"},\"potentialAction\":[{\"@type\":\"SearchAction\",\"target\":{\"@type\":\"EntryPoint\",\"urlTemplate\":\"https:\/\/kentis.com\/de\/?s={search_term_string}\"},\"query-input\":{\"@type\":\"PropertyValueSpecification\",\"valueRequired\":true,\"valueName\":\"search_term_string\"}}],\"inLanguage\":\"de\"},{\"@type\":\"Organization\",\"@id\":\"https:\/\/kentis.com\/de\/#organization\",\"name\":\"Kentis\",\"url\":\"https:\/\/kentis.com\/de\/\",\"logo\":{\"@type\":\"ImageObject\",\"inLanguage\":\"de\",\"@id\":\"https:\/\/kentis.com\/de\/#\/schema\/logo\/image\/\",\"url\":\"https:\/\/kentis.com\/wp-content\/uploads\/2021\/08\/logo-main.png\",\"contentUrl\":\"https:\/\/kentis.com\/wp-content\/uploads\/2021\/08\/logo-main.png\",\"width\":800,\"height\":204,\"caption\":\"Kentis\"},\"image\":{\"@id\":\"https:\/\/kentis.com\/de\/#\/schema\/logo\/image\/\"},\"sameAs\":[\"https:\/\/www.facebook.com\/kentisgarden\",\"https:\/\/www.instagram.com\/kentisgarden\/\",\"https:\/\/it.pinterest.com\/kentisgarden\",\"https:\/\/www.tiktok.com\/@kentis.com\"]}]}<\/script>\n<!-- \/ Yoast SEO plugin. -->","yoast_head_json":{"title":"KENTIS - Dracaena Finta Alta 170 cm","description":"La Dracaena artificiale \u00e8 l'ideale per chi vuole godere della bellezza di questa pianta esotica senza doversi preoccupare della sua manutenzione.","robots":{"index":"index","follow":"follow","max-snippet":"max-snippet:-1","max-image-preview":"max-image-preview:large","max-video-preview":"max-video-preview:-1"},"canonical":"https:\/\/kentis.com\/de\/shop\/dracaena-finta-alta-170-cm\/","og_locale":"de_DE","og_type":"article","og_title":"KENTIS - Dracaena Finta Alta 170 cm","og_description":"La Dracaena artificiale \u00e8 l'ideale per chi vuole godere della bellezza di questa pianta esotica senza doversi preoccupare della sua manutenzione.","og_url":"https:\/\/kentis.com\/de\/shop\/dracaena-finta-alta-170-cm\/","og_site_name":"Kentis","article_publisher":"https:\/\/www.facebook.com\/kentisgarden","article_modified_time":"2026-04-24T09:41:43+00:00","og_image":[{"width":1500,"height":1500,"url":"https:\/\/kentis.com\/wp-content\/uploads\/2026\/02\/1.png","type":"image\/png"}],"twitter_card":"summary_large_image","twitter_misc":{"Gesch\u00e4tzte Lesezeit":"1\u00a0Minute"},"schema":{"@context":"https:\/\/schema.org","@graph":[{"@type":"WebPage","@id":"https:\/\/kentis.com\/de\/shop\/dracaena-finta-alta-170-cm\/","url":"https:\/\/kentis.com\/de\/shop\/dracaena-finta-alta-170-cm\/","name":"KENTIS - Dracaena Finta Alta 170 cm","isPartOf":{"@id":"https:\/\/kentis.com\/de\/#website"},"primaryImageOfPage":{"@id":"https:\/\/kentis.com\/de\/shop\/dracaena-finta-alta-170-cm\/#primaryimage"},"image":{"@id":"https:\/\/kentis.com\/de\/shop\/dracaena-finta-alta-170-cm\/#primaryimage"},"thumbnailUrl":"https:\/\/kentis.com\/wp-content\/uploads\/2026\/02\/1.png","datePublished":"2026-02-18T10:13:41+00:00","dateModified":"2026-04-24T09:41:43+00:00","description":"La Dracaena artificiale \u00e8 l'ideale per chi vuole godere della bellezza di questa pianta esotica senza doversi preoccupare della sua manutenzione.","breadcrumb":{"@id":"https:\/\/kentis.com\/de\/shop\/dracaena-finta-alta-170-cm\/#breadcrumb"},"inLanguage":"de","potentialAction":[{"@type":"ReadAction","target":["https:\/\/kentis.com\/de\/shop\/dracaena-finta-alta-170-cm\/"]}]},{"@type":"ImageObject","inLanguage":"de","@id":"https:\/\/kentis.com\/de\/shop\/dracaena-finta-alta-170-cm\/#primaryimage","url":"https:\/\/kentis.com\/wp-content\/uploads\/2026\/02\/1.png","contentUrl":"https:\/\/kentis.com\/wp-content\/uploads\/2026\/02\/1.png","width":1500,"height":1500},{"@type":"BreadcrumbList","@id":"https:\/\/kentis.com\/de\/shop\/dracaena-finta-alta-170-cm\/#breadcrumb","itemListElement":[{"@type":"ListItem","position":1,"name":"Home","item":"https:\/\/kentis.com\/de\/"},{"@type":"ListItem","position":2,"name":"Gesch\u00e4ft","item":"https:\/\/kentis.com\/de\/shop\/"},{"@type":"ListItem","position":3,"name":"Zubeh\u00f6r","item":"https:\/\/kentis.com\/de\/produkt-kategorie\/zubehoer\/"},{"@type":"ListItem","position":4,"name":"Piante Artificiali","item":"https:\/\/kentis.com\/de\/produkt-kategorie\/piante-artificiali-de\/"},{"@type":"ListItem","position":5,"name":"K\u00fcnstliche Dracaena 170 cm Hoch"}]},{"@type":"WebSite","@id":"https:\/\/kentis.com\/de\/#website","url":"https:\/\/kentis.com\/de\/","name":"Kentis","description":"Atelier del verde","publisher":{"@id":"https:\/\/kentis.com\/de\/#organization"},"potentialAction":[{"@type":"SearchAction","target":{"@type":"EntryPoint","urlTemplate":"https:\/\/kentis.com\/de\/?s={search_term_string}"},"query-input":{"@type":"PropertyValueSpecification","valueRequired":true,"valueName":"search_term_string"}}],"inLanguage":"de"},{"@type":"Organization","@id":"https:\/\/kentis.com\/de\/#organization","name":"Kentis","url":"https:\/\/kentis.com\/de\/","logo":{"@type":"ImageObject","inLanguage":"de","@id":"https:\/\/kentis.com\/de\/#\/schema\/logo\/image\/","url":"https:\/\/kentis.com\/wp-content\/uploads\/2021\/08\/logo-main.png","contentUrl":"https:\/\/kentis.com\/wp-content\/uploads\/2021\/08\/logo-main.png","width":800,"height":204,"caption":"Kentis"},"image":{"@id":"https:\/\/kentis.com\/de\/#\/schema\/logo\/image\/"},"sameAs":["https:\/\/www.facebook.com\/kentisgarden","https:\/\/www.instagram.com\/kentisgarden\/","https:\/\/it.pinterest.com\/kentisgarden","https:\/\/www.tiktok.com\/@kentis.com"]}]}},"_links":{"self":[{"href":"https:\/\/kentis.com\/de\/wp-json\/wp\/v2\/product\/38071","targetHints":{"allow":["GET"]}}],"collection":[{"href":"https:\/\/kentis.com\/de\/wp-json\/wp\/v2\/product"}],"about":[{"href":"https:\/\/kentis.com\/de\/wp-json\/wp\/v2\/types\/product"}],"wp:featuredmedia":[{"embeddable":true,"href":"https:\/\/kentis.com\/de\/wp-json\/wp\/v2\/media\/36982"}],"wp:attachment":[{"href":"https:\/\/kentis.com\/de\/wp-json\/wp\/v2\/media?parent=38071"}],"wp:term":[{"taxonomy":"product_cat","embeddable":true,"href":"https:\/\/kentis.com\/de\/wp-json\/wp\/v2\/product_cat?post=38071"},{"taxonomy":"product_tag","embeddable":true,"href":"https:\/\/kentis.com\/de\/wp-json\/wp\/v2\/product_tag?post=38071"}],"curies":[{"name":"wp","href":"https:\/\/api.w.org\/{rel}","templated":true}]}}