{"id":38034,"date":"2026-02-19T12:52:14","date_gmt":"2026-02-19T11:52:14","guid":{"rendered":"https:\/\/kentis.com\/negozio\/leucospermum-cordifolium-pincushion-protea-pianta-di-puntaspilli\/"},"modified":"2026-04-24T15:32:17","modified_gmt":"2026-04-24T13:32:17","slug":"leucospermum-cordifolium-pincushion-protea-pianta-di-puntaspilli","status":"publish","type":"product","link":"https:\/\/kentis.com\/de\/shop\/leucospermum-cordifolium-pincushion-protea-pianta-di-puntaspilli\/","title":{"rendered":"Leucospermum Carneval Coast \u2013 Nadelkissen-Protea \u2013 Nadelkissenpflanze"},"content":{"rendered":"<div class=\"fusion-fullwidth fullwidth-box fusion-builder-row-1 fusion-flex-container nonhundred-percent-fullwidth non-hundred-percent-height-scrolling\" style=\"--awb-border-radius-top-left:0px;--awb-border-radius-top-right:0px;--awb-border-radius-bottom-right:0px;--awb-border-radius-bottom-left:0px;--awb-flex-wrap:wrap;\" ><div class=\"fusion-builder-row fusion-row fusion-flex-align-items-flex-start fusion-flex-content-wrap\" style=\"max-width:1248px;margin-left: calc(-4% \/ 2 );margin-right: calc(-4% \/ 2 );\"><div class=\"fusion-layout-column fusion_builder_column fusion-builder-column-0 fusion_builder_column_1_1 1_1 fusion-flex-column\" style=\"--awb-bg-size:cover;--awb-width-large:100%;--awb-margin-top-large:0px;--awb-spacing-right-large:1.92%;--awb-margin-bottom-large:0px;--awb-spacing-left-large:1.92%;--awb-width-medium:100%;--awb-spacing-right-medium:1.92%;--awb-spacing-left-medium:1.92%;--awb-width-small:100%;--awb-spacing-right-small:1.92%;--awb-spacing-left-small:1.92%;\"><div class=\"fusion-column-wrapper fusion-flex-justify-content-flex-start fusion-content-layout-column\"><div class=\"fusion-text fusion-text-1\"><p>Leucospermum cordifolium ist ein immergr\u00fcner Strauch aus S\u00fcdafrika, der mit seiner fast au\u00dferirdisch anmutenden Geometrie fasziniert. Sein markantestes Merkmal ist der kugelf\u00f6rmige Bl\u00fctenstand, der aus Hunderten langer, steifer Griffel besteht, die wie bunte Stecknadeln in leuchtenden Farbt\u00f6nen von Goldgelb bis Feuerorange aus der Mitte hervortreten. Die lange haltbaren Schnittbl\u00fcten eignen sich hervorragend f\u00fcr Blumenarrangements.<\/p>\n<\/div><\/div><\/div><\/div><\/div>\n","protected":false},"excerpt":{"rendered":"","protected":false},"featured_media":38135,"template":"","meta":{"_acf_changed":false},"product_cat":[531,1262],"product_tag":[467],"class_list":{"0":"post-38034","1":"product","2":"type-product","3":"status-publish","4":"has-post-thumbnail","6":"product_cat-pflanzen-im-freien","7":"product_cat-piante-da-fiore-de","8":"product_tag-bestseller","9":"product_shipping_class-flora-de","10":"pa_ambienti-garten","12":"first","13":"instock","14":"taxable","15":"shipping-taxable","16":"purchasable","17":"product-type-variable"},"acf":[],"yoast_head":"<!-- This site is optimized with the Yoast SEO plugin v23.4 - https:\/\/yoast.com\/wordpress\/plugins\/seo\/ -->\n<title>KENTIS - Leucospermum Carneval Coast - Pianta da Esterno<\/title>\n<meta name=\"description\" content=\"Il Leucospermum Carnival Coast \u00e8 una pianta originaria del Sudafrica. Il suo fiore sembra un cuscinetto di spilli di color arancio scuro con punte gialle.\" \/>\n<meta name=\"robots\" content=\"index, follow, max-snippet:-1, max-image-preview:large, max-video-preview:-1\" \/>\n<link rel=\"canonical\" href=\"https:\/\/kentis.com\/de\/shop\/leucospermum-cordifolium-pincushion-protea-pianta-di-puntaspilli\/\" \/>\n<meta property=\"og:locale\" content=\"de_DE\" \/>\n<meta property=\"og:type\" content=\"article\" \/>\n<meta property=\"og:title\" content=\"KENTIS - Leucospermum Carneval Coast - Pianta da Esterno\" \/>\n<meta property=\"og:description\" content=\"Il Leucospermum Carnival Coast \u00e8 una pianta originaria del Sudafrica. Il suo fiore sembra un cuscinetto di spilli di color arancio scuro con punte gialle.\" \/>\n<meta property=\"og:url\" content=\"https:\/\/kentis.com\/de\/shop\/leucospermum-cordifolium-pincushion-protea-pianta-di-puntaspilli\/\" \/>\n<meta property=\"og:site_name\" content=\"Kentis\" \/>\n<meta property=\"article:publisher\" content=\"https:\/\/www.facebook.com\/kentisgarden\" \/>\n<meta property=\"article:modified_time\" content=\"2026-04-24T13:32:17+00:00\" \/>\n<meta property=\"og:image\" content=\"https:\/\/kentis.com\/wp-content\/uploads\/2026\/02\/LEUCOSPERMUM-CARNAVAL-COAST-0004-2.jpg\" \/>\n\t<meta property=\"og:image:width\" content=\"1500\" \/>\n\t<meta property=\"og:image:height\" content=\"1500\" \/>\n\t<meta property=\"og:image:type\" content=\"image\/jpeg\" \/>\n<meta name=\"twitter:card\" content=\"summary_large_image\" \/>\n<meta name=\"twitter:label1\" content=\"Gesch\u00e4tzte Lesezeit\" \/>\n\t<meta name=\"twitter:data1\" content=\"1\u00a0Minute\" \/>\n<script type=\"application\/ld+json\" class=\"yoast-schema-graph\">{\"@context\":\"https:\/\/schema.org\",\"@graph\":[{\"@type\":\"WebPage\",\"@id\":\"https:\/\/kentis.com\/de\/shop\/leucospermum-cordifolium-pincushion-protea-pianta-di-puntaspilli\/\",\"url\":\"https:\/\/kentis.com\/de\/shop\/leucospermum-cordifolium-pincushion-protea-pianta-di-puntaspilli\/\",\"name\":\"KENTIS - Leucospermum Carneval Coast - Pianta da Esterno\",\"isPartOf\":{\"@id\":\"https:\/\/kentis.com\/de\/#website\"},\"primaryImageOfPage\":{\"@id\":\"https:\/\/kentis.com\/de\/shop\/leucospermum-cordifolium-pincushion-protea-pianta-di-puntaspilli\/#primaryimage\"},\"image\":{\"@id\":\"https:\/\/kentis.com\/de\/shop\/leucospermum-cordifolium-pincushion-protea-pianta-di-puntaspilli\/#primaryimage\"},\"thumbnailUrl\":\"https:\/\/kentis.com\/wp-content\/uploads\/2026\/02\/Leucospermum-Succession-0002.jpg\",\"datePublished\":\"2026-02-19T11:52:14+00:00\",\"dateModified\":\"2026-04-24T13:32:17+00:00\",\"description\":\"Il Leucospermum Carnival Coast \u00e8 una pianta originaria del Sudafrica. Il suo fiore sembra un cuscinetto di spilli di color arancio scuro con punte gialle.\",\"breadcrumb\":{\"@id\":\"https:\/\/kentis.com\/de\/shop\/leucospermum-cordifolium-pincushion-protea-pianta-di-puntaspilli\/#breadcrumb\"},\"inLanguage\":\"de\",\"potentialAction\":[{\"@type\":\"ReadAction\",\"target\":[\"https:\/\/kentis.com\/de\/shop\/leucospermum-cordifolium-pincushion-protea-pianta-di-puntaspilli\/\"]}]},{\"@type\":\"ImageObject\",\"inLanguage\":\"de\",\"@id\":\"https:\/\/kentis.com\/de\/shop\/leucospermum-cordifolium-pincushion-protea-pianta-di-puntaspilli\/#primaryimage\",\"url\":\"https:\/\/kentis.com\/wp-content\/uploads\/2026\/02\/Leucospermum-Succession-0002.jpg\",\"contentUrl\":\"https:\/\/kentis.com\/wp-content\/uploads\/2026\/02\/Leucospermum-Succession-0002.jpg\",\"width\":2108,\"height\":2108},{\"@type\":\"BreadcrumbList\",\"@id\":\"https:\/\/kentis.com\/de\/shop\/leucospermum-cordifolium-pincushion-protea-pianta-di-puntaspilli\/#breadcrumb\",\"itemListElement\":[{\"@type\":\"ListItem\",\"position\":1,\"name\":\"Home\",\"item\":\"https:\/\/kentis.com\/de\/\"},{\"@type\":\"ListItem\",\"position\":2,\"name\":\"Gesch\u00e4ft\",\"item\":\"https:\/\/kentis.com\/de\/shop\/\"},{\"@type\":\"ListItem\",\"position\":3,\"name\":\"Pflanzen\",\"item\":\"https:\/\/kentis.com\/de\/produkt-kategorie\/pflanzen\/\"},{\"@type\":\"ListItem\",\"position\":4,\"name\":\"Pflanzen im Freien\",\"item\":\"https:\/\/kentis.com\/de\/produkt-kategorie\/pflanzen\/pflanzen-im-freien\/\"},{\"@type\":\"ListItem\",\"position\":5,\"name\":\"Leucospermum Carneval Coast \u2013 Nadelkissen-Protea \u2013 Nadelkissenpflanze\"}]},{\"@type\":\"WebSite\",\"@id\":\"https:\/\/kentis.com\/de\/#website\",\"url\":\"https:\/\/kentis.com\/de\/\",\"name\":\"Kentis\",\"description\":\"Atelier del verde\",\"publisher\":{\"@id\":\"https:\/\/kentis.com\/de\/#organization\"},\"potentialAction\":[{\"@type\":\"SearchAction\",\"target\":{\"@type\":\"EntryPoint\",\"urlTemplate\":\"https:\/\/kentis.com\/de\/?s={search_term_string}\"},\"query-input\":{\"@type\":\"PropertyValueSpecification\",\"valueRequired\":true,\"valueName\":\"search_term_string\"}}],\"inLanguage\":\"de\"},{\"@type\":\"Organization\",\"@id\":\"https:\/\/kentis.com\/de\/#organization\",\"name\":\"Kentis\",\"url\":\"https:\/\/kentis.com\/de\/\",\"logo\":{\"@type\":\"ImageObject\",\"inLanguage\":\"de\",\"@id\":\"https:\/\/kentis.com\/de\/#\/schema\/logo\/image\/\",\"url\":\"https:\/\/kentis.com\/wp-content\/uploads\/2021\/08\/logo-main.png\",\"contentUrl\":\"https:\/\/kentis.com\/wp-content\/uploads\/2021\/08\/logo-main.png\",\"width\":800,\"height\":204,\"caption\":\"Kentis\"},\"image\":{\"@id\":\"https:\/\/kentis.com\/de\/#\/schema\/logo\/image\/\"},\"sameAs\":[\"https:\/\/www.facebook.com\/kentisgarden\",\"https:\/\/www.instagram.com\/kentisgarden\/\",\"https:\/\/it.pinterest.com\/kentisgarden\",\"https:\/\/www.tiktok.com\/@kentis.com\"]}]}<\/script>\n<!-- \/ Yoast SEO plugin. -->","yoast_head_json":{"title":"KENTIS - Leucospermum Carneval Coast - Pianta da Esterno","description":"Il Leucospermum Carnival Coast \u00e8 una pianta originaria del Sudafrica. Il suo fiore sembra un cuscinetto di spilli di color arancio scuro con punte gialle.","robots":{"index":"index","follow":"follow","max-snippet":"max-snippet:-1","max-image-preview":"max-image-preview:large","max-video-preview":"max-video-preview:-1"},"canonical":"https:\/\/kentis.com\/de\/shop\/leucospermum-cordifolium-pincushion-protea-pianta-di-puntaspilli\/","og_locale":"de_DE","og_type":"article","og_title":"KENTIS - Leucospermum Carneval Coast - Pianta da Esterno","og_description":"Il Leucospermum Carnival Coast \u00e8 una pianta originaria del Sudafrica. Il suo fiore sembra un cuscinetto di spilli di color arancio scuro con punte gialle.","og_url":"https:\/\/kentis.com\/de\/shop\/leucospermum-cordifolium-pincushion-protea-pianta-di-puntaspilli\/","og_site_name":"Kentis","article_publisher":"https:\/\/www.facebook.com\/kentisgarden","article_modified_time":"2026-04-24T13:32:17+00:00","og_image":[{"width":1500,"height":1500,"url":"https:\/\/kentis.com\/wp-content\/uploads\/2026\/02\/LEUCOSPERMUM-CARNAVAL-COAST-0004-2.jpg","type":"image\/jpeg"}],"twitter_card":"summary_large_image","twitter_misc":{"Gesch\u00e4tzte Lesezeit":"1\u00a0Minute"},"schema":{"@context":"https:\/\/schema.org","@graph":[{"@type":"WebPage","@id":"https:\/\/kentis.com\/de\/shop\/leucospermum-cordifolium-pincushion-protea-pianta-di-puntaspilli\/","url":"https:\/\/kentis.com\/de\/shop\/leucospermum-cordifolium-pincushion-protea-pianta-di-puntaspilli\/","name":"KENTIS - Leucospermum Carneval Coast - Pianta da Esterno","isPartOf":{"@id":"https:\/\/kentis.com\/de\/#website"},"primaryImageOfPage":{"@id":"https:\/\/kentis.com\/de\/shop\/leucospermum-cordifolium-pincushion-protea-pianta-di-puntaspilli\/#primaryimage"},"image":{"@id":"https:\/\/kentis.com\/de\/shop\/leucospermum-cordifolium-pincushion-protea-pianta-di-puntaspilli\/#primaryimage"},"thumbnailUrl":"https:\/\/kentis.com\/wp-content\/uploads\/2026\/02\/Leucospermum-Succession-0002.jpg","datePublished":"2026-02-19T11:52:14+00:00","dateModified":"2026-04-24T13:32:17+00:00","description":"Il Leucospermum Carnival Coast \u00e8 una pianta originaria del Sudafrica. Il suo fiore sembra un cuscinetto di spilli di color arancio scuro con punte gialle.","breadcrumb":{"@id":"https:\/\/kentis.com\/de\/shop\/leucospermum-cordifolium-pincushion-protea-pianta-di-puntaspilli\/#breadcrumb"},"inLanguage":"de","potentialAction":[{"@type":"ReadAction","target":["https:\/\/kentis.com\/de\/shop\/leucospermum-cordifolium-pincushion-protea-pianta-di-puntaspilli\/"]}]},{"@type":"ImageObject","inLanguage":"de","@id":"https:\/\/kentis.com\/de\/shop\/leucospermum-cordifolium-pincushion-protea-pianta-di-puntaspilli\/#primaryimage","url":"https:\/\/kentis.com\/wp-content\/uploads\/2026\/02\/Leucospermum-Succession-0002.jpg","contentUrl":"https:\/\/kentis.com\/wp-content\/uploads\/2026\/02\/Leucospermum-Succession-0002.jpg","width":2108,"height":2108},{"@type":"BreadcrumbList","@id":"https:\/\/kentis.com\/de\/shop\/leucospermum-cordifolium-pincushion-protea-pianta-di-puntaspilli\/#breadcrumb","itemListElement":[{"@type":"ListItem","position":1,"name":"Home","item":"https:\/\/kentis.com\/de\/"},{"@type":"ListItem","position":2,"name":"Gesch\u00e4ft","item":"https:\/\/kentis.com\/de\/shop\/"},{"@type":"ListItem","position":3,"name":"Pflanzen","item":"https:\/\/kentis.com\/de\/produkt-kategorie\/pflanzen\/"},{"@type":"ListItem","position":4,"name":"Pflanzen im Freien","item":"https:\/\/kentis.com\/de\/produkt-kategorie\/pflanzen\/pflanzen-im-freien\/"},{"@type":"ListItem","position":5,"name":"Leucospermum Carneval Coast \u2013 Nadelkissen-Protea \u2013 Nadelkissenpflanze"}]},{"@type":"WebSite","@id":"https:\/\/kentis.com\/de\/#website","url":"https:\/\/kentis.com\/de\/","name":"Kentis","description":"Atelier del verde","publisher":{"@id":"https:\/\/kentis.com\/de\/#organization"},"potentialAction":[{"@type":"SearchAction","target":{"@type":"EntryPoint","urlTemplate":"https:\/\/kentis.com\/de\/?s={search_term_string}"},"query-input":{"@type":"PropertyValueSpecification","valueRequired":true,"valueName":"search_term_string"}}],"inLanguage":"de"},{"@type":"Organization","@id":"https:\/\/kentis.com\/de\/#organization","name":"Kentis","url":"https:\/\/kentis.com\/de\/","logo":{"@type":"ImageObject","inLanguage":"de","@id":"https:\/\/kentis.com\/de\/#\/schema\/logo\/image\/","url":"https:\/\/kentis.com\/wp-content\/uploads\/2021\/08\/logo-main.png","contentUrl":"https:\/\/kentis.com\/wp-content\/uploads\/2021\/08\/logo-main.png","width":800,"height":204,"caption":"Kentis"},"image":{"@id":"https:\/\/kentis.com\/de\/#\/schema\/logo\/image\/"},"sameAs":["https:\/\/www.facebook.com\/kentisgarden","https:\/\/www.instagram.com\/kentisgarden\/","https:\/\/it.pinterest.com\/kentisgarden","https:\/\/www.tiktok.com\/@kentis.com"]}]}},"_links":{"self":[{"href":"https:\/\/kentis.com\/de\/wp-json\/wp\/v2\/product\/38034","targetHints":{"allow":["GET"]}}],"collection":[{"href":"https:\/\/kentis.com\/de\/wp-json\/wp\/v2\/product"}],"about":[{"href":"https:\/\/kentis.com\/de\/wp-json\/wp\/v2\/types\/product"}],"wp:featuredmedia":[{"embeddable":true,"href":"https:\/\/kentis.com\/de\/wp-json\/wp\/v2\/media\/38135"}],"wp:attachment":[{"href":"https:\/\/kentis.com\/de\/wp-json\/wp\/v2\/media?parent=38034"}],"wp:term":[{"taxonomy":"product_cat","embeddable":true,"href":"https:\/\/kentis.com\/de\/wp-json\/wp\/v2\/product_cat?post=38034"},{"taxonomy":"product_tag","embeddable":true,"href":"https:\/\/kentis.com\/de\/wp-json\/wp\/v2\/product_tag?post=38034"}],"curies":[{"name":"wp","href":"https:\/\/api.w.org\/{rel}","templated":true}]}}