{"id":36635,"date":"2025-12-22T12:35:49","date_gmt":"2025-12-22T11:35:49","guid":{"rendered":"https:\/\/kentis.com\/negozio\/junperus-x-media-mint-julep\/"},"modified":"2025-12-22T15:08:17","modified_gmt":"2025-12-22T14:08:17","slug":"juniperus-x-media-mint-julep","status":"publish","type":"product","link":"https:\/\/kentis.com\/de\/shop\/juniperus-x-media-mint-julep\/","title":{"rendered":"Juniperus x Media Mint Julep &#8211; Wacholder"},"content":{"rendered":"<div class=\"fusion-fullwidth fullwidth-box fusion-builder-row-1 fusion-flex-container has-pattern-background has-mask-background nonhundred-percent-fullwidth non-hundred-percent-height-scrolling\" style=\"--awb-border-radius-top-left:0px;--awb-border-radius-top-right:0px;--awb-border-radius-bottom-right:0px;--awb-border-radius-bottom-left:0px;--awb-padding-top:0px;--awb-padding-right:0px;--awb-padding-bottom:0px;--awb-padding-left:0px;--awb-flex-wrap:wrap;\" ><div class=\"fusion-builder-row fusion-row fusion-flex-align-items-flex-start fusion-flex-content-wrap\" style=\"max-width:1248px;margin-left: calc(-4% \/ 2 );margin-right: calc(-4% \/ 2 );\"><div class=\"fusion-layout-column fusion_builder_column fusion-builder-column-0 fusion_builder_column_1_1 1_1 fusion-flex-column\" style=\"--awb-bg-size:cover;--awb-width-large:100%;--awb-margin-top-large:0px;--awb-spacing-right-large:1.92%;--awb-margin-bottom-large:0px;--awb-spacing-left-large:1.92%;--awb-width-medium:100%;--awb-spacing-right-medium:1.92%;--awb-spacing-left-medium:1.92%;--awb-width-small:100%;--awb-spacing-right-small:1.92%;--awb-spacing-left-small:1.92%;\"><div class=\"fusion-column-wrapper fusion-flex-justify-content-flex-start fusion-content-layout-column\"><div class=\"fusion-text fusion-text-1\"><p>Der <strong>Juniperus \u00d7 media &#8220;Mint Julep&#8221;<\/strong> ist eine <strong>immergr\u00fcne Konifere<\/strong> aus der Familie der <strong>Zypressengew\u00e4chse (Cupressaceae)<\/strong>, die wegen ihres hohen Zierwertes und ihrer gro\u00dfen Vielseitigkeit sehr gesch\u00e4tzt wird. Er w\u00e4chst als Strauch mit <strong>kompaktem, bogig \u00fcberh\u00e4ngendem Wuchs<\/strong>, mit eleganten und gleichm\u00e4\u00dfig verteilten Zweigen, die von <strong>schuppenf\u00f6rmigen Bl\u00e4ttern in leuchtend gr\u00fcnem Farbton<\/strong> bedeckt sind und das ganze Jahr \u00fcber ihre Frische bewahren.<\/p>\n<p>Ideal f\u00fcr die Gestaltung von <strong>Beeten, Rabatten und als Bodendecker<\/strong>, findet der Wacholder Mint Julep auch in <strong>Steing\u00e4rten<\/strong> breite Verwendung, wo er Struktur und visuelle Kontinuit\u00e4t verleiht. Dank seines Wuchses eignet er sich sowohl als Solit\u00e4rpflanze als auch f\u00fcr Gruppenpflanzungen. Robust und dekorativ ist der Juniperus Mint Julep die ideale L\u00f6sung f\u00fcr alle, die sich einen gepflegten, eleganten und pflegeleichten Garten das ganze Jahr \u00fcber w\u00fcnschen.<\/p>\n<\/div><\/div><\/div><\/div><\/div>\n","protected":false},"excerpt":{"rendered":"","protected":false},"featured_media":36631,"template":"","meta":{"_acf_changed":false},"product_cat":[531,577],"product_tag":[],"class_list":{"0":"post-36635","1":"product","2":"type-product","3":"status-publish","4":"has-post-thumbnail","6":"product_cat-pflanzen-im-freien","7":"product_cat-straeucher","8":"product_shipping_class-evergreen-de","10":"first","11":"instock","12":"taxable","13":"shipping-taxable","14":"purchasable","15":"product-type-variable","16":"has-default-attributes"},"acf":[],"yoast_head":"<!-- This site is optimized with the Yoast SEO plugin v23.4 - https:\/\/yoast.com\/wordpress\/plugins\/seo\/ -->\n<title>Juniperus x Media Mint Julep - Wacholder - Online-Verkauf - Kentis<\/title>\n<meta name=\"description\" content=\"Die Pflanze Juniperus \u00d7 media Mint Julep ist ein immergr\u00fcner Wacholder mit kompaktem, bogenf\u00f6rmigem Wuchs und aromatischen, schuppenf\u00f6rmigen Bl\u00e4ttern.\" \/>\n<meta name=\"robots\" content=\"index, follow, max-snippet:-1, max-image-preview:large, max-video-preview:-1\" \/>\n<link rel=\"canonical\" href=\"https:\/\/kentis.com\/de\/shop\/juniperus-x-media-mint-julep\/\" \/>\n<meta property=\"og:locale\" content=\"de_DE\" \/>\n<meta property=\"og:type\" content=\"article\" \/>\n<meta property=\"og:title\" content=\"Juniperus x Media Mint Julep - Wacholder - Online-Verkauf - Kentis\" \/>\n<meta property=\"og:description\" content=\"Die Pflanze Juniperus \u00d7 media Mint Julep ist ein immergr\u00fcner Wacholder mit kompaktem, bogenf\u00f6rmigem Wuchs und aromatischen, schuppenf\u00f6rmigen Bl\u00e4ttern.\" \/>\n<meta property=\"og:url\" content=\"https:\/\/kentis.com\/de\/shop\/juniperus-x-media-mint-julep\/\" \/>\n<meta property=\"og:site_name\" content=\"Kentis\" \/>\n<meta property=\"article:publisher\" content=\"https:\/\/www.facebook.com\/kentisgarden\" \/>\n<meta property=\"article:modified_time\" content=\"2025-12-22T14:08:17+00:00\" \/>\n<meta property=\"og:image\" content=\"https:\/\/kentis.com\/wp-content\/uploads\/2025\/12\/juniperus-media-mint-julep-vaso-30.png\" \/>\n\t<meta property=\"og:image:width\" content=\"1500\" \/>\n\t<meta property=\"og:image:height\" content=\"1500\" \/>\n\t<meta property=\"og:image:type\" content=\"image\/png\" \/>\n<meta name=\"twitter:card\" content=\"summary_large_image\" \/>\n<meta name=\"twitter:label1\" content=\"Gesch\u00e4tzte Lesezeit\" \/>\n\t<meta name=\"twitter:data1\" content=\"1\u00a0Minute\" \/>\n<script type=\"application\/ld+json\" class=\"yoast-schema-graph\">{\"@context\":\"https:\/\/schema.org\",\"@graph\":[{\"@type\":\"WebPage\",\"@id\":\"https:\/\/kentis.com\/de\/shop\/juniperus-x-media-mint-julep\/\",\"url\":\"https:\/\/kentis.com\/de\/shop\/juniperus-x-media-mint-julep\/\",\"name\":\"Juniperus x Media Mint Julep - Wacholder - Online-Verkauf - Kentis\",\"isPartOf\":{\"@id\":\"https:\/\/kentis.com\/de\/#website\"},\"primaryImageOfPage\":{\"@id\":\"https:\/\/kentis.com\/de\/shop\/juniperus-x-media-mint-julep\/#primaryimage\"},\"image\":{\"@id\":\"https:\/\/kentis.com\/de\/shop\/juniperus-x-media-mint-julep\/#primaryimage\"},\"thumbnailUrl\":\"https:\/\/kentis.com\/wp-content\/uploads\/2025\/12\/juniperus-media-mint-julep-vaso-30.png\",\"datePublished\":\"2025-12-22T11:35:49+00:00\",\"dateModified\":\"2025-12-22T14:08:17+00:00\",\"description\":\"Die Pflanze Juniperus \u00d7 media Mint Julep ist ein immergr\u00fcner Wacholder mit kompaktem, bogenf\u00f6rmigem Wuchs und aromatischen, schuppenf\u00f6rmigen Bl\u00e4ttern.\",\"breadcrumb\":{\"@id\":\"https:\/\/kentis.com\/de\/shop\/juniperus-x-media-mint-julep\/#breadcrumb\"},\"inLanguage\":\"de\",\"potentialAction\":[{\"@type\":\"ReadAction\",\"target\":[\"https:\/\/kentis.com\/de\/shop\/juniperus-x-media-mint-julep\/\"]}]},{\"@type\":\"ImageObject\",\"inLanguage\":\"de\",\"@id\":\"https:\/\/kentis.com\/de\/shop\/juniperus-x-media-mint-julep\/#primaryimage\",\"url\":\"https:\/\/kentis.com\/wp-content\/uploads\/2025\/12\/juniperus-media-mint-julep-vaso-30.png\",\"contentUrl\":\"https:\/\/kentis.com\/wp-content\/uploads\/2025\/12\/juniperus-media-mint-julep-vaso-30.png\",\"width\":1500,\"height\":1500},{\"@type\":\"BreadcrumbList\",\"@id\":\"https:\/\/kentis.com\/de\/shop\/juniperus-x-media-mint-julep\/#breadcrumb\",\"itemListElement\":[{\"@type\":\"ListItem\",\"position\":1,\"name\":\"Home\",\"item\":\"https:\/\/kentis.com\/de\/\"},{\"@type\":\"ListItem\",\"position\":2,\"name\":\"Gesch\u00e4ft\",\"item\":\"https:\/\/kentis.com\/de\/shop\/\"},{\"@type\":\"ListItem\",\"position\":3,\"name\":\"Pflanzen\",\"item\":\"https:\/\/kentis.com\/de\/produkt-kategorie\/pflanzen\/\"},{\"@type\":\"ListItem\",\"position\":4,\"name\":\"Pflanzen im Freien\",\"item\":\"https:\/\/kentis.com\/de\/produkt-kategorie\/pflanzen\/pflanzen-im-freien\/\"},{\"@type\":\"ListItem\",\"position\":5,\"name\":\"Juniperus x Media Mint Julep &#8211; Wacholder\"}]},{\"@type\":\"WebSite\",\"@id\":\"https:\/\/kentis.com\/de\/#website\",\"url\":\"https:\/\/kentis.com\/de\/\",\"name\":\"Kentis\",\"description\":\"Atelier del verde\",\"publisher\":{\"@id\":\"https:\/\/kentis.com\/de\/#organization\"},\"potentialAction\":[{\"@type\":\"SearchAction\",\"target\":{\"@type\":\"EntryPoint\",\"urlTemplate\":\"https:\/\/kentis.com\/de\/?s={search_term_string}\"},\"query-input\":{\"@type\":\"PropertyValueSpecification\",\"valueRequired\":true,\"valueName\":\"search_term_string\"}}],\"inLanguage\":\"de\"},{\"@type\":\"Organization\",\"@id\":\"https:\/\/kentis.com\/de\/#organization\",\"name\":\"Kentis\",\"url\":\"https:\/\/kentis.com\/de\/\",\"logo\":{\"@type\":\"ImageObject\",\"inLanguage\":\"de\",\"@id\":\"https:\/\/kentis.com\/de\/#\/schema\/logo\/image\/\",\"url\":\"https:\/\/kentis.com\/wp-content\/uploads\/2021\/08\/logo-main.png\",\"contentUrl\":\"https:\/\/kentis.com\/wp-content\/uploads\/2021\/08\/logo-main.png\",\"width\":800,\"height\":204,\"caption\":\"Kentis\"},\"image\":{\"@id\":\"https:\/\/kentis.com\/de\/#\/schema\/logo\/image\/\"},\"sameAs\":[\"https:\/\/www.facebook.com\/kentisgarden\",\"https:\/\/www.instagram.com\/kentisgarden\/\",\"https:\/\/it.pinterest.com\/kentisgarden\",\"https:\/\/www.tiktok.com\/@kentis.com\"]}]}<\/script>\n<!-- \/ Yoast SEO plugin. -->","yoast_head_json":{"title":"Juniperus x Media Mint Julep - Wacholder - Online-Verkauf - Kentis","description":"Die Pflanze Juniperus \u00d7 media Mint Julep ist ein immergr\u00fcner Wacholder mit kompaktem, bogenf\u00f6rmigem Wuchs und aromatischen, schuppenf\u00f6rmigen Bl\u00e4ttern.","robots":{"index":"index","follow":"follow","max-snippet":"max-snippet:-1","max-image-preview":"max-image-preview:large","max-video-preview":"max-video-preview:-1"},"canonical":"https:\/\/kentis.com\/de\/shop\/juniperus-x-media-mint-julep\/","og_locale":"de_DE","og_type":"article","og_title":"Juniperus x Media Mint Julep - Wacholder - Online-Verkauf - Kentis","og_description":"Die Pflanze Juniperus \u00d7 media Mint Julep ist ein immergr\u00fcner Wacholder mit kompaktem, bogenf\u00f6rmigem Wuchs und aromatischen, schuppenf\u00f6rmigen Bl\u00e4ttern.","og_url":"https:\/\/kentis.com\/de\/shop\/juniperus-x-media-mint-julep\/","og_site_name":"Kentis","article_publisher":"https:\/\/www.facebook.com\/kentisgarden","article_modified_time":"2025-12-22T14:08:17+00:00","og_image":[{"width":1500,"height":1500,"url":"https:\/\/kentis.com\/wp-content\/uploads\/2025\/12\/juniperus-media-mint-julep-vaso-30.png","type":"image\/png"}],"twitter_card":"summary_large_image","twitter_misc":{"Gesch\u00e4tzte Lesezeit":"1\u00a0Minute"},"schema":{"@context":"https:\/\/schema.org","@graph":[{"@type":"WebPage","@id":"https:\/\/kentis.com\/de\/shop\/juniperus-x-media-mint-julep\/","url":"https:\/\/kentis.com\/de\/shop\/juniperus-x-media-mint-julep\/","name":"Juniperus x Media Mint Julep - Wacholder - Online-Verkauf - Kentis","isPartOf":{"@id":"https:\/\/kentis.com\/de\/#website"},"primaryImageOfPage":{"@id":"https:\/\/kentis.com\/de\/shop\/juniperus-x-media-mint-julep\/#primaryimage"},"image":{"@id":"https:\/\/kentis.com\/de\/shop\/juniperus-x-media-mint-julep\/#primaryimage"},"thumbnailUrl":"https:\/\/kentis.com\/wp-content\/uploads\/2025\/12\/juniperus-media-mint-julep-vaso-30.png","datePublished":"2025-12-22T11:35:49+00:00","dateModified":"2025-12-22T14:08:17+00:00","description":"Die Pflanze Juniperus \u00d7 media Mint Julep ist ein immergr\u00fcner Wacholder mit kompaktem, bogenf\u00f6rmigem Wuchs und aromatischen, schuppenf\u00f6rmigen Bl\u00e4ttern.","breadcrumb":{"@id":"https:\/\/kentis.com\/de\/shop\/juniperus-x-media-mint-julep\/#breadcrumb"},"inLanguage":"de","potentialAction":[{"@type":"ReadAction","target":["https:\/\/kentis.com\/de\/shop\/juniperus-x-media-mint-julep\/"]}]},{"@type":"ImageObject","inLanguage":"de","@id":"https:\/\/kentis.com\/de\/shop\/juniperus-x-media-mint-julep\/#primaryimage","url":"https:\/\/kentis.com\/wp-content\/uploads\/2025\/12\/juniperus-media-mint-julep-vaso-30.png","contentUrl":"https:\/\/kentis.com\/wp-content\/uploads\/2025\/12\/juniperus-media-mint-julep-vaso-30.png","width":1500,"height":1500},{"@type":"BreadcrumbList","@id":"https:\/\/kentis.com\/de\/shop\/juniperus-x-media-mint-julep\/#breadcrumb","itemListElement":[{"@type":"ListItem","position":1,"name":"Home","item":"https:\/\/kentis.com\/de\/"},{"@type":"ListItem","position":2,"name":"Gesch\u00e4ft","item":"https:\/\/kentis.com\/de\/shop\/"},{"@type":"ListItem","position":3,"name":"Pflanzen","item":"https:\/\/kentis.com\/de\/produkt-kategorie\/pflanzen\/"},{"@type":"ListItem","position":4,"name":"Pflanzen im Freien","item":"https:\/\/kentis.com\/de\/produkt-kategorie\/pflanzen\/pflanzen-im-freien\/"},{"@type":"ListItem","position":5,"name":"Juniperus x Media Mint Julep &#8211; Wacholder"}]},{"@type":"WebSite","@id":"https:\/\/kentis.com\/de\/#website","url":"https:\/\/kentis.com\/de\/","name":"Kentis","description":"Atelier del verde","publisher":{"@id":"https:\/\/kentis.com\/de\/#organization"},"potentialAction":[{"@type":"SearchAction","target":{"@type":"EntryPoint","urlTemplate":"https:\/\/kentis.com\/de\/?s={search_term_string}"},"query-input":{"@type":"PropertyValueSpecification","valueRequired":true,"valueName":"search_term_string"}}],"inLanguage":"de"},{"@type":"Organization","@id":"https:\/\/kentis.com\/de\/#organization","name":"Kentis","url":"https:\/\/kentis.com\/de\/","logo":{"@type":"ImageObject","inLanguage":"de","@id":"https:\/\/kentis.com\/de\/#\/schema\/logo\/image\/","url":"https:\/\/kentis.com\/wp-content\/uploads\/2021\/08\/logo-main.png","contentUrl":"https:\/\/kentis.com\/wp-content\/uploads\/2021\/08\/logo-main.png","width":800,"height":204,"caption":"Kentis"},"image":{"@id":"https:\/\/kentis.com\/de\/#\/schema\/logo\/image\/"},"sameAs":["https:\/\/www.facebook.com\/kentisgarden","https:\/\/www.instagram.com\/kentisgarden\/","https:\/\/it.pinterest.com\/kentisgarden","https:\/\/www.tiktok.com\/@kentis.com"]}]}},"_links":{"self":[{"href":"https:\/\/kentis.com\/de\/wp-json\/wp\/v2\/product\/36635","targetHints":{"allow":["GET"]}}],"collection":[{"href":"https:\/\/kentis.com\/de\/wp-json\/wp\/v2\/product"}],"about":[{"href":"https:\/\/kentis.com\/de\/wp-json\/wp\/v2\/types\/product"}],"wp:featuredmedia":[{"embeddable":true,"href":"https:\/\/kentis.com\/de\/wp-json\/wp\/v2\/media\/36631"}],"wp:attachment":[{"href":"https:\/\/kentis.com\/de\/wp-json\/wp\/v2\/media?parent=36635"}],"wp:term":[{"taxonomy":"product_cat","embeddable":true,"href":"https:\/\/kentis.com\/de\/wp-json\/wp\/v2\/product_cat?post=36635"},{"taxonomy":"product_tag","embeddable":true,"href":"https:\/\/kentis.com\/de\/wp-json\/wp\/v2\/product_tag?post=36635"}],"curies":[{"name":"wp","href":"https:\/\/api.w.org\/{rel}","templated":true}]}}