{"id":36617,"date":"2025-12-22T10:08:32","date_gmt":"2025-12-22T09:08:32","guid":{"rendered":"https:\/\/kentis.com\/negozio\/juniperus-communis-hibernica\/"},"modified":"2025-12-22T10:42:01","modified_gmt":"2025-12-22T09:42:01","slug":"juniperus-communis-hibernica","status":"publish","type":"product","link":"https:\/\/kentis.com\/de\/shop\/juniperus-communis-hibernica\/","title":{"rendered":"Juniperus Communis Hibernica &#8211; Irischer S\u00e4ulenwacholder"},"content":{"rendered":"<div class=\"fusion-fullwidth fullwidth-box fusion-builder-row-1 fusion-flex-container has-pattern-background has-mask-background nonhundred-percent-fullwidth non-hundred-percent-height-scrolling\" style=\"--awb-border-radius-top-left:0px;--awb-border-radius-top-right:0px;--awb-border-radius-bottom-right:0px;--awb-border-radius-bottom-left:0px;--awb-padding-top:0px;--awb-padding-right:0px;--awb-padding-bottom:0px;--awb-padding-left:0px;--awb-flex-wrap:wrap;\" ><div class=\"fusion-builder-row fusion-row fusion-flex-align-items-flex-start fusion-flex-content-wrap\" style=\"max-width:1248px;margin-left: calc(-4% \/ 2 );margin-right: calc(-4% \/ 2 );\"><div class=\"fusion-layout-column fusion_builder_column fusion-builder-column-0 fusion_builder_column_1_1 1_1 fusion-flex-column\" style=\"--awb-bg-size:cover;--awb-width-large:100%;--awb-margin-top-large:0px;--awb-spacing-right-large:1.92%;--awb-margin-bottom-large:0px;--awb-spacing-left-large:1.92%;--awb-width-medium:100%;--awb-spacing-right-medium:1.92%;--awb-spacing-left-medium:1.92%;--awb-width-small:100%;--awb-spacing-right-small:1.92%;--awb-spacing-left-small:1.92%;\"><div class=\"fusion-column-wrapper fusion-flex-justify-content-flex-start fusion-content-layout-column\"><div class=\"fusion-text fusion-text-1\"><p>Der <strong>Juniperus communis \u2018Hibernica\u2019<\/strong>, auch bekannt als <strong>Irischer Wacholder<\/strong>, ist eine <strong>immergr\u00fcne Konifere<\/strong> aus der Familie der Cupressaceae. Urspr\u00fcnglich aus Irland stammend, zeichnet er sich durch seinen eleganten <strong>s\u00e4ulenf\u00f6rmigen Wuchs<\/strong> aus, mit aufrechter Verzweigung und dichtem, kompaktem Laub mit <strong>nadelf\u00f6rmigen Bl\u00e4ttern in gr\u00fcn-blauer Farbe<\/strong> und attraktiven grau-silbrigen Schattierungen. W\u00e4hrend der Fruchtzeit bildet er dekorative Beeren, die zun\u00e4chst gr\u00fcn sind und bei Reife eine intensive dunkelblaue, fast schwarze F\u00e4rbung annehmen, wodurch die Pflanze besonders dekorativ wirkt.<\/p>\n<p>Robust und vielseitig passt sich der Irische Wacholder verschiedenen Umweltbedingungen an: Er <strong>vertr\u00e4gt K\u00e4lte, Smog und sogar salzhaltige Luft sehr gut<\/strong> und eignet sich daher sowohl f\u00fcr st\u00e4dtische G\u00e4rten als auch f\u00fcr K\u00fcstenregionen. Dank seiner kompakten und vertikalen Form <strong>kann er als Solit\u00e4rpflanze, zur Gestaltung von Hecken und Windschutzbarrieren verwendet werden<\/strong> und ist zudem ideal f\u00fcr Steing\u00e4rten geeignet.<\/p>\n<\/div><\/div><\/div><\/div><\/div>\n","protected":false},"excerpt":{"rendered":"","protected":false},"featured_media":36613,"template":"","meta":{"_acf_changed":false},"product_cat":[532,531,577],"product_tag":[],"class_list":{"0":"post-36617","1":"product","2":"type-product","3":"status-publish","4":"has-post-thumbnail","6":"product_cat-heckenpflanzen","7":"product_cat-pflanzen-im-freien","8":"product_cat-straeucher","9":"product_shipping_class-evergreen-de","11":"first","12":"instock","13":"taxable","14":"shipping-taxable","15":"purchasable","16":"product-type-variable","17":"has-default-attributes"},"acf":[],"yoast_head":"<!-- This site is optimized with the Yoast SEO plugin v23.4 - https:\/\/yoast.com\/wordpress\/plugins\/seo\/ -->\n<title>Juniperus Communis Hibernica - Irischer S\u00e4ulenwacholder - Kentis<\/title>\n<meta name=\"description\" content=\"Der Juniperus communis \u2018Hibernica\u2019, bekannt als Irischer S\u00e4ulenwacholder, ist eine immergr\u00fcne Konifere mit s\u00e4ulenf\u00f6rmigem Wuchs und gr\u00fcn-blauen Nadeln.\" \/>\n<meta name=\"robots\" content=\"index, follow, max-snippet:-1, max-image-preview:large, max-video-preview:-1\" \/>\n<link rel=\"canonical\" href=\"https:\/\/kentis.com\/de\/shop\/juniperus-communis-hibernica\/\" \/>\n<meta property=\"og:locale\" content=\"de_DE\" \/>\n<meta property=\"og:type\" content=\"article\" \/>\n<meta property=\"og:title\" content=\"Juniperus Communis Hibernica - Irischer S\u00e4ulenwacholder - Kentis\" \/>\n<meta property=\"og:description\" content=\"Der Juniperus communis \u2018Hibernica\u2019, bekannt als Irischer S\u00e4ulenwacholder, ist eine immergr\u00fcne Konifere mit s\u00e4ulenf\u00f6rmigem Wuchs und gr\u00fcn-blauen Nadeln.\" \/>\n<meta property=\"og:url\" content=\"https:\/\/kentis.com\/de\/shop\/juniperus-communis-hibernica\/\" \/>\n<meta property=\"og:site_name\" content=\"Kentis\" \/>\n<meta property=\"article:publisher\" content=\"https:\/\/www.facebook.com\/kentisgarden\" \/>\n<meta property=\"article:modified_time\" content=\"2025-12-22T09:42:01+00:00\" \/>\n<meta property=\"og:image\" content=\"https:\/\/kentis.com\/wp-content\/uploads\/2025\/10\/juniperus-communis-hibernica-vaso-24-1.png\" \/>\n\t<meta property=\"og:image:width\" content=\"1500\" \/>\n\t<meta property=\"og:image:height\" content=\"1500\" \/>\n\t<meta property=\"og:image:type\" content=\"image\/png\" \/>\n<meta name=\"twitter:card\" content=\"summary_large_image\" \/>\n<meta name=\"twitter:label1\" content=\"Gesch\u00e4tzte Lesezeit\" \/>\n\t<meta name=\"twitter:data1\" content=\"1\u00a0Minute\" \/>\n<script type=\"application\/ld+json\" class=\"yoast-schema-graph\">{\"@context\":\"https:\/\/schema.org\",\"@graph\":[{\"@type\":\"WebPage\",\"@id\":\"https:\/\/kentis.com\/de\/shop\/juniperus-communis-hibernica\/\",\"url\":\"https:\/\/kentis.com\/de\/shop\/juniperus-communis-hibernica\/\",\"name\":\"Juniperus Communis Hibernica - Irischer S\u00e4ulenwacholder - Kentis\",\"isPartOf\":{\"@id\":\"https:\/\/kentis.com\/de\/#website\"},\"primaryImageOfPage\":{\"@id\":\"https:\/\/kentis.com\/de\/shop\/juniperus-communis-hibernica\/#primaryimage\"},\"image\":{\"@id\":\"https:\/\/kentis.com\/de\/shop\/juniperus-communis-hibernica\/#primaryimage\"},\"thumbnailUrl\":\"https:\/\/kentis.com\/wp-content\/uploads\/2025\/10\/juniperus-communis-hibernica-vaso-24-1.png\",\"datePublished\":\"2025-12-22T09:08:32+00:00\",\"dateModified\":\"2025-12-22T09:42:01+00:00\",\"description\":\"Der Juniperus communis \u2018Hibernica\u2019, bekannt als Irischer S\u00e4ulenwacholder, ist eine immergr\u00fcne Konifere mit s\u00e4ulenf\u00f6rmigem Wuchs und gr\u00fcn-blauen Nadeln.\",\"breadcrumb\":{\"@id\":\"https:\/\/kentis.com\/de\/shop\/juniperus-communis-hibernica\/#breadcrumb\"},\"inLanguage\":\"de\",\"potentialAction\":[{\"@type\":\"ReadAction\",\"target\":[\"https:\/\/kentis.com\/de\/shop\/juniperus-communis-hibernica\/\"]}]},{\"@type\":\"ImageObject\",\"inLanguage\":\"de\",\"@id\":\"https:\/\/kentis.com\/de\/shop\/juniperus-communis-hibernica\/#primaryimage\",\"url\":\"https:\/\/kentis.com\/wp-content\/uploads\/2025\/10\/juniperus-communis-hibernica-vaso-24-1.png\",\"contentUrl\":\"https:\/\/kentis.com\/wp-content\/uploads\/2025\/10\/juniperus-communis-hibernica-vaso-24-1.png\",\"width\":1500,\"height\":1500},{\"@type\":\"BreadcrumbList\",\"@id\":\"https:\/\/kentis.com\/de\/shop\/juniperus-communis-hibernica\/#breadcrumb\",\"itemListElement\":[{\"@type\":\"ListItem\",\"position\":1,\"name\":\"Home\",\"item\":\"https:\/\/kentis.com\/de\/\"},{\"@type\":\"ListItem\",\"position\":2,\"name\":\"Gesch\u00e4ft\",\"item\":\"https:\/\/kentis.com\/de\/shop\/\"},{\"@type\":\"ListItem\",\"position\":3,\"name\":\"Pflanzen\",\"item\":\"https:\/\/kentis.com\/de\/produkt-kategorie\/pflanzen\/\"},{\"@type\":\"ListItem\",\"position\":4,\"name\":\"Pflanzen im Freien\",\"item\":\"https:\/\/kentis.com\/de\/produkt-kategorie\/pflanzen\/pflanzen-im-freien\/\"},{\"@type\":\"ListItem\",\"position\":5,\"name\":\"Juniperus Communis Hibernica &#8211; Irischer S\u00e4ulenwacholder\"}]},{\"@type\":\"WebSite\",\"@id\":\"https:\/\/kentis.com\/de\/#website\",\"url\":\"https:\/\/kentis.com\/de\/\",\"name\":\"Kentis\",\"description\":\"Atelier del verde\",\"publisher\":{\"@id\":\"https:\/\/kentis.com\/de\/#organization\"},\"potentialAction\":[{\"@type\":\"SearchAction\",\"target\":{\"@type\":\"EntryPoint\",\"urlTemplate\":\"https:\/\/kentis.com\/de\/?s={search_term_string}\"},\"query-input\":{\"@type\":\"PropertyValueSpecification\",\"valueRequired\":true,\"valueName\":\"search_term_string\"}}],\"inLanguage\":\"de\"},{\"@type\":\"Organization\",\"@id\":\"https:\/\/kentis.com\/de\/#organization\",\"name\":\"Kentis\",\"url\":\"https:\/\/kentis.com\/de\/\",\"logo\":{\"@type\":\"ImageObject\",\"inLanguage\":\"de\",\"@id\":\"https:\/\/kentis.com\/de\/#\/schema\/logo\/image\/\",\"url\":\"https:\/\/kentis.com\/wp-content\/uploads\/2021\/08\/logo-main.png\",\"contentUrl\":\"https:\/\/kentis.com\/wp-content\/uploads\/2021\/08\/logo-main.png\",\"width\":800,\"height\":204,\"caption\":\"Kentis\"},\"image\":{\"@id\":\"https:\/\/kentis.com\/de\/#\/schema\/logo\/image\/\"},\"sameAs\":[\"https:\/\/www.facebook.com\/kentisgarden\",\"https:\/\/www.instagram.com\/kentisgarden\/\",\"https:\/\/it.pinterest.com\/kentisgarden\",\"https:\/\/www.tiktok.com\/@kentis.com\"]}]}<\/script>\n<!-- \/ Yoast SEO plugin. -->","yoast_head_json":{"title":"Juniperus Communis Hibernica - Irischer S\u00e4ulenwacholder - Kentis","description":"Der Juniperus communis \u2018Hibernica\u2019, bekannt als Irischer S\u00e4ulenwacholder, ist eine immergr\u00fcne Konifere mit s\u00e4ulenf\u00f6rmigem Wuchs und gr\u00fcn-blauen Nadeln.","robots":{"index":"index","follow":"follow","max-snippet":"max-snippet:-1","max-image-preview":"max-image-preview:large","max-video-preview":"max-video-preview:-1"},"canonical":"https:\/\/kentis.com\/de\/shop\/juniperus-communis-hibernica\/","og_locale":"de_DE","og_type":"article","og_title":"Juniperus Communis Hibernica - Irischer S\u00e4ulenwacholder - Kentis","og_description":"Der Juniperus communis \u2018Hibernica\u2019, bekannt als Irischer S\u00e4ulenwacholder, ist eine immergr\u00fcne Konifere mit s\u00e4ulenf\u00f6rmigem Wuchs und gr\u00fcn-blauen Nadeln.","og_url":"https:\/\/kentis.com\/de\/shop\/juniperus-communis-hibernica\/","og_site_name":"Kentis","article_publisher":"https:\/\/www.facebook.com\/kentisgarden","article_modified_time":"2025-12-22T09:42:01+00:00","og_image":[{"width":1500,"height":1500,"url":"https:\/\/kentis.com\/wp-content\/uploads\/2025\/10\/juniperus-communis-hibernica-vaso-24-1.png","type":"image\/png"}],"twitter_card":"summary_large_image","twitter_misc":{"Gesch\u00e4tzte Lesezeit":"1\u00a0Minute"},"schema":{"@context":"https:\/\/schema.org","@graph":[{"@type":"WebPage","@id":"https:\/\/kentis.com\/de\/shop\/juniperus-communis-hibernica\/","url":"https:\/\/kentis.com\/de\/shop\/juniperus-communis-hibernica\/","name":"Juniperus Communis Hibernica - Irischer S\u00e4ulenwacholder - Kentis","isPartOf":{"@id":"https:\/\/kentis.com\/de\/#website"},"primaryImageOfPage":{"@id":"https:\/\/kentis.com\/de\/shop\/juniperus-communis-hibernica\/#primaryimage"},"image":{"@id":"https:\/\/kentis.com\/de\/shop\/juniperus-communis-hibernica\/#primaryimage"},"thumbnailUrl":"https:\/\/kentis.com\/wp-content\/uploads\/2025\/10\/juniperus-communis-hibernica-vaso-24-1.png","datePublished":"2025-12-22T09:08:32+00:00","dateModified":"2025-12-22T09:42:01+00:00","description":"Der Juniperus communis \u2018Hibernica\u2019, bekannt als Irischer S\u00e4ulenwacholder, ist eine immergr\u00fcne Konifere mit s\u00e4ulenf\u00f6rmigem Wuchs und gr\u00fcn-blauen Nadeln.","breadcrumb":{"@id":"https:\/\/kentis.com\/de\/shop\/juniperus-communis-hibernica\/#breadcrumb"},"inLanguage":"de","potentialAction":[{"@type":"ReadAction","target":["https:\/\/kentis.com\/de\/shop\/juniperus-communis-hibernica\/"]}]},{"@type":"ImageObject","inLanguage":"de","@id":"https:\/\/kentis.com\/de\/shop\/juniperus-communis-hibernica\/#primaryimage","url":"https:\/\/kentis.com\/wp-content\/uploads\/2025\/10\/juniperus-communis-hibernica-vaso-24-1.png","contentUrl":"https:\/\/kentis.com\/wp-content\/uploads\/2025\/10\/juniperus-communis-hibernica-vaso-24-1.png","width":1500,"height":1500},{"@type":"BreadcrumbList","@id":"https:\/\/kentis.com\/de\/shop\/juniperus-communis-hibernica\/#breadcrumb","itemListElement":[{"@type":"ListItem","position":1,"name":"Home","item":"https:\/\/kentis.com\/de\/"},{"@type":"ListItem","position":2,"name":"Gesch\u00e4ft","item":"https:\/\/kentis.com\/de\/shop\/"},{"@type":"ListItem","position":3,"name":"Pflanzen","item":"https:\/\/kentis.com\/de\/produkt-kategorie\/pflanzen\/"},{"@type":"ListItem","position":4,"name":"Pflanzen im Freien","item":"https:\/\/kentis.com\/de\/produkt-kategorie\/pflanzen\/pflanzen-im-freien\/"},{"@type":"ListItem","position":5,"name":"Juniperus Communis Hibernica &#8211; Irischer S\u00e4ulenwacholder"}]},{"@type":"WebSite","@id":"https:\/\/kentis.com\/de\/#website","url":"https:\/\/kentis.com\/de\/","name":"Kentis","description":"Atelier del verde","publisher":{"@id":"https:\/\/kentis.com\/de\/#organization"},"potentialAction":[{"@type":"SearchAction","target":{"@type":"EntryPoint","urlTemplate":"https:\/\/kentis.com\/de\/?s={search_term_string}"},"query-input":{"@type":"PropertyValueSpecification","valueRequired":true,"valueName":"search_term_string"}}],"inLanguage":"de"},{"@type":"Organization","@id":"https:\/\/kentis.com\/de\/#organization","name":"Kentis","url":"https:\/\/kentis.com\/de\/","logo":{"@type":"ImageObject","inLanguage":"de","@id":"https:\/\/kentis.com\/de\/#\/schema\/logo\/image\/","url":"https:\/\/kentis.com\/wp-content\/uploads\/2021\/08\/logo-main.png","contentUrl":"https:\/\/kentis.com\/wp-content\/uploads\/2021\/08\/logo-main.png","width":800,"height":204,"caption":"Kentis"},"image":{"@id":"https:\/\/kentis.com\/de\/#\/schema\/logo\/image\/"},"sameAs":["https:\/\/www.facebook.com\/kentisgarden","https:\/\/www.instagram.com\/kentisgarden\/","https:\/\/it.pinterest.com\/kentisgarden","https:\/\/www.tiktok.com\/@kentis.com"]}]}},"_links":{"self":[{"href":"https:\/\/kentis.com\/de\/wp-json\/wp\/v2\/product\/36617","targetHints":{"allow":["GET"]}}],"collection":[{"href":"https:\/\/kentis.com\/de\/wp-json\/wp\/v2\/product"}],"about":[{"href":"https:\/\/kentis.com\/de\/wp-json\/wp\/v2\/types\/product"}],"wp:featuredmedia":[{"embeddable":true,"href":"https:\/\/kentis.com\/de\/wp-json\/wp\/v2\/media\/36613"}],"wp:attachment":[{"href":"https:\/\/kentis.com\/de\/wp-json\/wp\/v2\/media?parent=36617"}],"wp:term":[{"taxonomy":"product_cat","embeddable":true,"href":"https:\/\/kentis.com\/de\/wp-json\/wp\/v2\/product_cat?post=36617"},{"taxonomy":"product_tag","embeddable":true,"href":"https:\/\/kentis.com\/de\/wp-json\/wp\/v2\/product_tag?post=36617"}],"curies":[{"name":"wp","href":"https:\/\/api.w.org\/{rel}","templated":true}]}}