{"id":36145,"date":"2025-10-02T12:44:34","date_gmt":"2025-10-02T10:44:34","guid":{"rendered":"https:\/\/kentis.com\/negozio\/juniperus-chinensis-blue-alps\/"},"modified":"2025-10-03T09:54:36","modified_gmt":"2025-10-03T07:54:36","slug":"juniperus-chinensis-blue-alps","status":"publish","type":"product","link":"https:\/\/kentis.com\/de\/shop\/juniperus-chinensis-blue-alps\/","title":{"rendered":"Juniperus Chinensis Blue Alps &#8211; Chinesischer\u00a0Wacholder"},"content":{"rendered":"<div class=\"fusion-fullwidth fullwidth-box fusion-builder-row-1 fusion-flex-container has-pattern-background has-mask-background nonhundred-percent-fullwidth non-hundred-percent-height-scrolling\" style=\"--awb-border-radius-top-left:0px;--awb-border-radius-top-right:0px;--awb-border-radius-bottom-right:0px;--awb-border-radius-bottom-left:0px;--awb-padding-top:0px;--awb-padding-right:0px;--awb-padding-bottom:0px;--awb-padding-left:0px;--awb-flex-wrap:wrap;\" ><div class=\"fusion-builder-row fusion-row fusion-flex-align-items-flex-start fusion-flex-content-wrap\" style=\"max-width:1248px;margin-left: calc(-4% \/ 2 );margin-right: calc(-4% \/ 2 );\"><div class=\"fusion-layout-column fusion_builder_column fusion-builder-column-0 fusion_builder_column_1_1 1_1 fusion-flex-column\" style=\"--awb-bg-size:cover;--awb-width-large:100%;--awb-margin-top-large:0px;--awb-spacing-right-large:1.92%;--awb-margin-bottom-large:0px;--awb-spacing-left-large:1.92%;--awb-width-medium:100%;--awb-spacing-right-medium:1.92%;--awb-spacing-left-medium:1.92%;--awb-width-small:100%;--awb-spacing-right-small:1.92%;--awb-spacing-left-small:1.92%;\"><div class=\"fusion-column-wrapper fusion-flex-justify-content-flex-start fusion-content-layout-column\"><div class=\"fusion-text fusion-text-1\"><p>Der <strong>Juniperus chinensis Blue Alps<\/strong>, auch bekannt als <strong>Chinesischer Wacholder<\/strong>, ist eine <strong>immergr\u00fcne Zwerg-Konifere<\/strong> aus der Familie der Zypressengew\u00e4chse (Cupressaceae). Dieser Zierstrauch mit aufrechtem Wuchs und an den Enden gebogenen, herabh\u00e4ngenden Zweigen zeichnet sich durch seine eleganten <strong>nadelf\u00f6rmigen Bl\u00e4tter in blau-silberner Farbe<\/strong> aus. Urspr\u00fcnglich aus Ostasien stammend, wird diese Pflanze wegen ihrer gro\u00dfen Widerstandsf\u00e4higkeit gesch\u00e4tzt: <strong>sie vertr\u00e4gt problemlos starke K\u00e4lte, st\u00e4dtischen Smog und sogar salzhaltige Luft<\/strong> und eignet sich daher ideal f\u00fcr G\u00e4rten in K\u00fcstenregionen.<\/p>\n<p>Dank ihres langsamen Wachstums und des geringen Pflegebedarfs ist der Chinesische Wacholder Blue Alps die perfekte Wahl f\u00fcr alle, die eine dekorative, aber <strong>pflegeleichte<\/strong> Pflanze suchen. Er kann sowohl als Solit\u00e4r als auch in Gruppen f\u00fcr die Anlage von <strong>niedrigen Hecken<\/strong> verwendet werden, da seine <strong>maximale H\u00f6he 1\u20131,5 Meter<\/strong> betr\u00e4gt. Auch bei Bonsai-Liebhabern ist er wegen seiner eleganten und vielseitigen Form sehr beliebt. Robust und langlebig, findet er seinen Platz in Steing\u00e4rten, Beeten und auf Terrassen und verleiht diesen eine raffinierte und dauerhafte immergr\u00fcne Note.<\/p>\n<\/div><\/div><\/div><\/div><\/div>\n","protected":false},"excerpt":{"rendered":"","protected":false},"featured_media":36137,"template":"","meta":{"_acf_changed":false},"product_cat":[532,531,577],"product_tag":[],"class_list":{"0":"post-36145","1":"product","2":"type-product","3":"status-publish","4":"has-post-thumbnail","6":"product_cat-heckenpflanzen","7":"product_cat-pflanzen-im-freien","8":"product_cat-straeucher","9":"product_shipping_class-evergreen-de","11":"first","12":"instock","13":"taxable","14":"shipping-taxable","15":"purchasable","16":"product-type-variable","17":"has-default-attributes"},"acf":[],"yoast_head":"<!-- This site is optimized with the Yoast SEO plugin v23.4 - https:\/\/yoast.com\/wordpress\/plugins\/seo\/ -->\n<title>Juniperus Chinensis Blue Alps - Chinesischer\u00a0Wacholder - Kentis<\/title>\n<meta name=\"description\" content=\"Der Juniperus chinensis Blue Alps, bekannt als Chinesischer Wacholder, ist eine immergr\u00fcne Zwerg-Konifere mit nadelf\u00f6rmigen Bl\u00e4ttern in Blau\/Silber.\" \/>\n<meta name=\"robots\" content=\"index, follow, max-snippet:-1, max-image-preview:large, max-video-preview:-1\" \/>\n<link rel=\"canonical\" href=\"https:\/\/kentis.com\/de\/shop\/juniperus-chinensis-blue-alps\/\" \/>\n<meta property=\"og:locale\" content=\"de_DE\" \/>\n<meta property=\"og:type\" content=\"article\" \/>\n<meta property=\"og:title\" content=\"Juniperus Chinensis Blue Alps - Chinesischer\u00a0Wacholder - Kentis\" \/>\n<meta property=\"og:description\" content=\"Der Juniperus chinensis Blue Alps, bekannt als Chinesischer Wacholder, ist eine immergr\u00fcne Zwerg-Konifere mit nadelf\u00f6rmigen Bl\u00e4ttern in Blau\/Silber.\" \/>\n<meta property=\"og:url\" content=\"https:\/\/kentis.com\/de\/shop\/juniperus-chinensis-blue-alps\/\" \/>\n<meta property=\"og:site_name\" content=\"Kentis\" \/>\n<meta property=\"article:publisher\" content=\"https:\/\/www.facebook.com\/kentisgarden\" \/>\n<meta property=\"article:modified_time\" content=\"2025-10-03T07:54:36+00:00\" \/>\n<meta property=\"og:image\" content=\"https:\/\/kentis.com\/wp-content\/uploads\/2025\/10\/juniperus-chinensis-blue-alps-vaso-24.png\" \/>\n\t<meta property=\"og:image:width\" content=\"1500\" \/>\n\t<meta property=\"og:image:height\" content=\"1500\" \/>\n\t<meta property=\"og:image:type\" content=\"image\/png\" \/>\n<meta name=\"twitter:card\" content=\"summary_large_image\" \/>\n<meta name=\"twitter:label1\" content=\"Gesch\u00e4tzte Lesezeit\" \/>\n\t<meta name=\"twitter:data1\" content=\"2\u00a0Minuten\" \/>\n<script type=\"application\/ld+json\" class=\"yoast-schema-graph\">{\"@context\":\"https:\/\/schema.org\",\"@graph\":[{\"@type\":\"WebPage\",\"@id\":\"https:\/\/kentis.com\/de\/shop\/juniperus-chinensis-blue-alps\/\",\"url\":\"https:\/\/kentis.com\/de\/shop\/juniperus-chinensis-blue-alps\/\",\"name\":\"Juniperus Chinensis Blue Alps - Chinesischer\u00a0Wacholder - Kentis\",\"isPartOf\":{\"@id\":\"https:\/\/kentis.com\/de\/#website\"},\"primaryImageOfPage\":{\"@id\":\"https:\/\/kentis.com\/de\/shop\/juniperus-chinensis-blue-alps\/#primaryimage\"},\"image\":{\"@id\":\"https:\/\/kentis.com\/de\/shop\/juniperus-chinensis-blue-alps\/#primaryimage\"},\"thumbnailUrl\":\"https:\/\/kentis.com\/wp-content\/uploads\/2025\/10\/juniperus-chinensis-blue-alps-vaso-24.png\",\"datePublished\":\"2025-10-02T10:44:34+00:00\",\"dateModified\":\"2025-10-03T07:54:36+00:00\",\"description\":\"Der Juniperus chinensis Blue Alps, bekannt als Chinesischer Wacholder, ist eine immergr\u00fcne Zwerg-Konifere mit nadelf\u00f6rmigen Bl\u00e4ttern in Blau\/Silber.\",\"breadcrumb\":{\"@id\":\"https:\/\/kentis.com\/de\/shop\/juniperus-chinensis-blue-alps\/#breadcrumb\"},\"inLanguage\":\"de\",\"potentialAction\":[{\"@type\":\"ReadAction\",\"target\":[\"https:\/\/kentis.com\/de\/shop\/juniperus-chinensis-blue-alps\/\"]}]},{\"@type\":\"ImageObject\",\"inLanguage\":\"de\",\"@id\":\"https:\/\/kentis.com\/de\/shop\/juniperus-chinensis-blue-alps\/#primaryimage\",\"url\":\"https:\/\/kentis.com\/wp-content\/uploads\/2025\/10\/juniperus-chinensis-blue-alps-vaso-24.png\",\"contentUrl\":\"https:\/\/kentis.com\/wp-content\/uploads\/2025\/10\/juniperus-chinensis-blue-alps-vaso-24.png\",\"width\":1500,\"height\":1500},{\"@type\":\"BreadcrumbList\",\"@id\":\"https:\/\/kentis.com\/de\/shop\/juniperus-chinensis-blue-alps\/#breadcrumb\",\"itemListElement\":[{\"@type\":\"ListItem\",\"position\":1,\"name\":\"Home\",\"item\":\"https:\/\/kentis.com\/de\/\"},{\"@type\":\"ListItem\",\"position\":2,\"name\":\"Gesch\u00e4ft\",\"item\":\"https:\/\/kentis.com\/de\/shop\/\"},{\"@type\":\"ListItem\",\"position\":3,\"name\":\"Pflanzen\",\"item\":\"https:\/\/kentis.com\/de\/produkt-kategorie\/pflanzen\/\"},{\"@type\":\"ListItem\",\"position\":4,\"name\":\"Pflanzen im Freien\",\"item\":\"https:\/\/kentis.com\/de\/produkt-kategorie\/pflanzen\/pflanzen-im-freien\/\"},{\"@type\":\"ListItem\",\"position\":5,\"name\":\"Juniperus Chinensis Blue Alps &#8211; Chinesischer\u00a0Wacholder\"}]},{\"@type\":\"WebSite\",\"@id\":\"https:\/\/kentis.com\/de\/#website\",\"url\":\"https:\/\/kentis.com\/de\/\",\"name\":\"Kentis\",\"description\":\"Atelier del verde\",\"publisher\":{\"@id\":\"https:\/\/kentis.com\/de\/#organization\"},\"potentialAction\":[{\"@type\":\"SearchAction\",\"target\":{\"@type\":\"EntryPoint\",\"urlTemplate\":\"https:\/\/kentis.com\/de\/?s={search_term_string}\"},\"query-input\":{\"@type\":\"PropertyValueSpecification\",\"valueRequired\":true,\"valueName\":\"search_term_string\"}}],\"inLanguage\":\"de\"},{\"@type\":\"Organization\",\"@id\":\"https:\/\/kentis.com\/de\/#organization\",\"name\":\"Kentis\",\"url\":\"https:\/\/kentis.com\/de\/\",\"logo\":{\"@type\":\"ImageObject\",\"inLanguage\":\"de\",\"@id\":\"https:\/\/kentis.com\/de\/#\/schema\/logo\/image\/\",\"url\":\"https:\/\/kentis.com\/wp-content\/uploads\/2021\/08\/logo-main.png\",\"contentUrl\":\"https:\/\/kentis.com\/wp-content\/uploads\/2021\/08\/logo-main.png\",\"width\":800,\"height\":204,\"caption\":\"Kentis\"},\"image\":{\"@id\":\"https:\/\/kentis.com\/de\/#\/schema\/logo\/image\/\"},\"sameAs\":[\"https:\/\/www.facebook.com\/kentisgarden\",\"https:\/\/www.instagram.com\/kentisgarden\/\",\"https:\/\/it.pinterest.com\/kentisgarden\",\"https:\/\/www.tiktok.com\/@kentis.com\"]}]}<\/script>\n<!-- \/ Yoast SEO plugin. -->","yoast_head_json":{"title":"Juniperus Chinensis Blue Alps - Chinesischer\u00a0Wacholder - Kentis","description":"Der Juniperus chinensis Blue Alps, bekannt als Chinesischer Wacholder, ist eine immergr\u00fcne Zwerg-Konifere mit nadelf\u00f6rmigen Bl\u00e4ttern in Blau\/Silber.","robots":{"index":"index","follow":"follow","max-snippet":"max-snippet:-1","max-image-preview":"max-image-preview:large","max-video-preview":"max-video-preview:-1"},"canonical":"https:\/\/kentis.com\/de\/shop\/juniperus-chinensis-blue-alps\/","og_locale":"de_DE","og_type":"article","og_title":"Juniperus Chinensis Blue Alps - Chinesischer\u00a0Wacholder - Kentis","og_description":"Der Juniperus chinensis Blue Alps, bekannt als Chinesischer Wacholder, ist eine immergr\u00fcne Zwerg-Konifere mit nadelf\u00f6rmigen Bl\u00e4ttern in Blau\/Silber.","og_url":"https:\/\/kentis.com\/de\/shop\/juniperus-chinensis-blue-alps\/","og_site_name":"Kentis","article_publisher":"https:\/\/www.facebook.com\/kentisgarden","article_modified_time":"2025-10-03T07:54:36+00:00","og_image":[{"width":1500,"height":1500,"url":"https:\/\/kentis.com\/wp-content\/uploads\/2025\/10\/juniperus-chinensis-blue-alps-vaso-24.png","type":"image\/png"}],"twitter_card":"summary_large_image","twitter_misc":{"Gesch\u00e4tzte Lesezeit":"2\u00a0Minuten"},"schema":{"@context":"https:\/\/schema.org","@graph":[{"@type":"WebPage","@id":"https:\/\/kentis.com\/de\/shop\/juniperus-chinensis-blue-alps\/","url":"https:\/\/kentis.com\/de\/shop\/juniperus-chinensis-blue-alps\/","name":"Juniperus Chinensis Blue Alps - Chinesischer\u00a0Wacholder - Kentis","isPartOf":{"@id":"https:\/\/kentis.com\/de\/#website"},"primaryImageOfPage":{"@id":"https:\/\/kentis.com\/de\/shop\/juniperus-chinensis-blue-alps\/#primaryimage"},"image":{"@id":"https:\/\/kentis.com\/de\/shop\/juniperus-chinensis-blue-alps\/#primaryimage"},"thumbnailUrl":"https:\/\/kentis.com\/wp-content\/uploads\/2025\/10\/juniperus-chinensis-blue-alps-vaso-24.png","datePublished":"2025-10-02T10:44:34+00:00","dateModified":"2025-10-03T07:54:36+00:00","description":"Der Juniperus chinensis Blue Alps, bekannt als Chinesischer Wacholder, ist eine immergr\u00fcne Zwerg-Konifere mit nadelf\u00f6rmigen Bl\u00e4ttern in Blau\/Silber.","breadcrumb":{"@id":"https:\/\/kentis.com\/de\/shop\/juniperus-chinensis-blue-alps\/#breadcrumb"},"inLanguage":"de","potentialAction":[{"@type":"ReadAction","target":["https:\/\/kentis.com\/de\/shop\/juniperus-chinensis-blue-alps\/"]}]},{"@type":"ImageObject","inLanguage":"de","@id":"https:\/\/kentis.com\/de\/shop\/juniperus-chinensis-blue-alps\/#primaryimage","url":"https:\/\/kentis.com\/wp-content\/uploads\/2025\/10\/juniperus-chinensis-blue-alps-vaso-24.png","contentUrl":"https:\/\/kentis.com\/wp-content\/uploads\/2025\/10\/juniperus-chinensis-blue-alps-vaso-24.png","width":1500,"height":1500},{"@type":"BreadcrumbList","@id":"https:\/\/kentis.com\/de\/shop\/juniperus-chinensis-blue-alps\/#breadcrumb","itemListElement":[{"@type":"ListItem","position":1,"name":"Home","item":"https:\/\/kentis.com\/de\/"},{"@type":"ListItem","position":2,"name":"Gesch\u00e4ft","item":"https:\/\/kentis.com\/de\/shop\/"},{"@type":"ListItem","position":3,"name":"Pflanzen","item":"https:\/\/kentis.com\/de\/produkt-kategorie\/pflanzen\/"},{"@type":"ListItem","position":4,"name":"Pflanzen im Freien","item":"https:\/\/kentis.com\/de\/produkt-kategorie\/pflanzen\/pflanzen-im-freien\/"},{"@type":"ListItem","position":5,"name":"Juniperus Chinensis Blue Alps &#8211; Chinesischer\u00a0Wacholder"}]},{"@type":"WebSite","@id":"https:\/\/kentis.com\/de\/#website","url":"https:\/\/kentis.com\/de\/","name":"Kentis","description":"Atelier del verde","publisher":{"@id":"https:\/\/kentis.com\/de\/#organization"},"potentialAction":[{"@type":"SearchAction","target":{"@type":"EntryPoint","urlTemplate":"https:\/\/kentis.com\/de\/?s={search_term_string}"},"query-input":{"@type":"PropertyValueSpecification","valueRequired":true,"valueName":"search_term_string"}}],"inLanguage":"de"},{"@type":"Organization","@id":"https:\/\/kentis.com\/de\/#organization","name":"Kentis","url":"https:\/\/kentis.com\/de\/","logo":{"@type":"ImageObject","inLanguage":"de","@id":"https:\/\/kentis.com\/de\/#\/schema\/logo\/image\/","url":"https:\/\/kentis.com\/wp-content\/uploads\/2021\/08\/logo-main.png","contentUrl":"https:\/\/kentis.com\/wp-content\/uploads\/2021\/08\/logo-main.png","width":800,"height":204,"caption":"Kentis"},"image":{"@id":"https:\/\/kentis.com\/de\/#\/schema\/logo\/image\/"},"sameAs":["https:\/\/www.facebook.com\/kentisgarden","https:\/\/www.instagram.com\/kentisgarden\/","https:\/\/it.pinterest.com\/kentisgarden","https:\/\/www.tiktok.com\/@kentis.com"]}]}},"_links":{"self":[{"href":"https:\/\/kentis.com\/de\/wp-json\/wp\/v2\/product\/36145","targetHints":{"allow":["GET"]}}],"collection":[{"href":"https:\/\/kentis.com\/de\/wp-json\/wp\/v2\/product"}],"about":[{"href":"https:\/\/kentis.com\/de\/wp-json\/wp\/v2\/types\/product"}],"wp:featuredmedia":[{"embeddable":true,"href":"https:\/\/kentis.com\/de\/wp-json\/wp\/v2\/media\/36137"}],"wp:attachment":[{"href":"https:\/\/kentis.com\/de\/wp-json\/wp\/v2\/media?parent=36145"}],"wp:term":[{"taxonomy":"product_cat","embeddable":true,"href":"https:\/\/kentis.com\/de\/wp-json\/wp\/v2\/product_cat?post=36145"},{"taxonomy":"product_tag","embeddable":true,"href":"https:\/\/kentis.com\/de\/wp-json\/wp\/v2\/product_tag?post=36145"}],"curies":[{"name":"wp","href":"https:\/\/api.w.org\/{rel}","templated":true}]}}