{"id":36102,"date":"2025-10-01T12:29:26","date_gmt":"2025-10-01T10:29:26","guid":{"rendered":"https:\/\/kentis.com\/negozio\/cipresso-azzurro-alberello\/"},"modified":"2025-10-01T12:56:51","modified_gmt":"2025-10-01T10:56:51","slug":"kugelfoermige-blaue-arizona-zypresse-auf-stamm","status":"publish","type":"product","link":"https:\/\/kentis.com\/de\/shop\/kugelfoermige-blaue-arizona-zypresse-auf-stamm\/","title":{"rendered":"Kugelf\u00f6rmige Blaue Arizona-Zypresse auf Stamm \u2013 Cupressus Arizonica Fastigiata Glauca"},"content":{"rendered":"<div class=\"fusion-fullwidth fullwidth-box fusion-builder-row-1 fusion-flex-container has-pattern-background has-mask-background nonhundred-percent-fullwidth non-hundred-percent-height-scrolling\" style=\"--awb-border-radius-top-left:0px;--awb-border-radius-top-right:0px;--awb-border-radius-bottom-right:0px;--awb-border-radius-bottom-left:0px;--awb-padding-top:0px;--awb-padding-right:0px;--awb-padding-bottom:0px;--awb-padding-left:0px;--awb-flex-wrap:wrap;\" ><div class=\"fusion-builder-row fusion-row fusion-flex-align-items-flex-start fusion-flex-content-wrap\" style=\"max-width:1248px;margin-left: calc(-4% \/ 2 );margin-right: calc(-4% \/ 2 );\"><div class=\"fusion-layout-column fusion_builder_column fusion-builder-column-0 fusion_builder_column_1_1 1_1 fusion-flex-column\" style=\"--awb-bg-size:cover;--awb-width-large:100%;--awb-margin-top-large:0px;--awb-spacing-right-large:1.92%;--awb-margin-bottom-large:20px;--awb-spacing-left-large:1.92%;--awb-width-medium:100%;--awb-order-medium:0;--awb-spacing-right-medium:1.92%;--awb-spacing-left-medium:1.92%;--awb-width-small:100%;--awb-order-small:0;--awb-spacing-right-small:1.92%;--awb-spacing-left-small:1.92%;\"><div class=\"fusion-column-wrapper fusion-column-has-shadow fusion-flex-justify-content-flex-start fusion-content-layout-column\"><div class=\"fusion-text fusion-text-1\"><p>Die Pflanze\u00a0<strong>Cupressus arizonica Fastigiata Glauca<\/strong>, auch bekannt als\u00a0<strong>Blaue S\u00e4ulen-Arizona-Zypresse<\/strong>, ist eine\u00a0<strong>immergr\u00fcne Konifere<\/strong>, die in jungen Jahren einen kegelf\u00f6rmigen Wuchs hat und im Alter streng s\u00e4ulenf\u00f6rmig wird. Diese kugelf\u00f6rmige blaue Arizona-Zypresse auf stamm besitzt <strong>schuppenf\u00f6rmige Bl\u00e4tter in blau-\/stahlfarbener T\u00f6nung<\/strong>, wodurch sie ihren deutschen Trivialnamen erhielt. Urspr\u00fcnglich aus den Vereinigten Staaten stammend und zur Familie der Cupressaceae geh\u00f6rend, ist sie eine\u00a0<strong>k\u00e4lteresistente Pflanze<\/strong>, die problemlos Temperaturen von -10 bis -20 \u00b0C vertr\u00e4gt und\u00a0<strong>auch salzhaltige Luft gut aush\u00e4lt<\/strong>, was sie besonders f\u00fcr K\u00fcstengebiete geeignet macht.<\/p>\n<p>Dank ihrer Dichte und der leichten Schnittvertr\u00e4glichkeit wird die Blaue St\u00e4mmchen-Zypresse\u00a0<strong>h\u00e4ufig f\u00fcr Hecken, Windschutzw\u00e4nde und die Formschnittkunst verwendet<\/strong>. In diesem Fall wurde sie sorgf\u00e4ltig in Kugelf\u00f6rmige auf Stamm\u00a0geschnitten und verwandelt sich so in eine elegante, raffinierte Pflanzenskulptur \u2013 perfekt, um G\u00e4rten, Eing\u00e4nge und Gr\u00fcnfl\u00e4chen mit einem originellen und eindrucksvollen Stil zu schm\u00fccken.<\/p>\n<\/div><\/div><\/div><\/div><\/div>\n","protected":false},"excerpt":{"rendered":"","protected":false},"featured_media":36086,"template":"","meta":{"_acf_changed":false},"product_cat":[584,1266,531],"product_tag":[],"class_list":{"0":"post-36102","1":"product","2":"type-product","3":"status-publish","4":"has-post-thumbnail","6":"product_cat-baeume","7":"product_cat-forme-de","8":"product_cat-pflanzen-im-freien","9":"product_shipping_class-evergreen-de","11":"first","12":"instock","13":"taxable","14":"shipping-taxable","15":"purchasable","16":"product-type-variable","17":"has-default-attributes"},"acf":[],"yoast_head":"<!-- This site is optimized with the Yoast SEO plugin v23.4 - https:\/\/yoast.com\/wordpress\/plugins\/seo\/ -->\n<title>Kugelf\u00f6rmige Blaue Arizona-Zypresse auf Stamm - Kentis<\/title>\n<meta name=\"description\" content=\"Die Kugelf\u00f6rmige Blaue Arizona-Zypresse auf Stamm (Cupressus arizonica Fastigiata Glauca) ist perfekt, um Eing\u00e4nge, G\u00e4rten und Balkone zu dekorieren.\" \/>\n<meta name=\"robots\" content=\"index, follow, max-snippet:-1, max-image-preview:large, max-video-preview:-1\" \/>\n<link rel=\"canonical\" href=\"https:\/\/kentis.com\/de\/shop\/kugelfoermige-blaue-arizona-zypresse-auf-stamm\/\" \/>\n<meta property=\"og:locale\" content=\"de_DE\" \/>\n<meta property=\"og:type\" content=\"article\" \/>\n<meta property=\"og:title\" content=\"Kugelf\u00f6rmige Blaue Arizona-Zypresse auf Stamm - Kentis\" \/>\n<meta property=\"og:description\" content=\"Die Kugelf\u00f6rmige Blaue Arizona-Zypresse auf Stamm (Cupressus arizonica Fastigiata Glauca) ist perfekt, um Eing\u00e4nge, G\u00e4rten und Balkone zu dekorieren.\" \/>\n<meta property=\"og:url\" content=\"https:\/\/kentis.com\/de\/shop\/kugelfoermige-blaue-arizona-zypresse-auf-stamm\/\" \/>\n<meta property=\"og:site_name\" content=\"Kentis\" \/>\n<meta property=\"article:publisher\" content=\"https:\/\/www.facebook.com\/kentisgarden\" \/>\n<meta property=\"article:modified_time\" content=\"2025-10-01T10:56:51+00:00\" \/>\n<meta property=\"og:image\" content=\"https:\/\/kentis.com\/wp-content\/uploads\/2025\/10\/cupressus-arizonica-fastigiata-glauca-mezzo-fusto.jpg\" \/>\n\t<meta property=\"og:image:width\" content=\"1500\" \/>\n\t<meta property=\"og:image:height\" content=\"1500\" \/>\n\t<meta property=\"og:image:type\" content=\"image\/jpeg\" \/>\n<meta name=\"twitter:card\" content=\"summary_large_image\" \/>\n<meta name=\"twitter:label1\" content=\"Gesch\u00e4tzte Lesezeit\" \/>\n\t<meta name=\"twitter:data1\" content=\"1\u00a0Minute\" \/>\n<script type=\"application\/ld+json\" class=\"yoast-schema-graph\">{\"@context\":\"https:\/\/schema.org\",\"@graph\":[{\"@type\":\"WebPage\",\"@id\":\"https:\/\/kentis.com\/de\/shop\/kugelfoermige-blaue-arizona-zypresse-auf-stamm\/\",\"url\":\"https:\/\/kentis.com\/de\/shop\/kugelfoermige-blaue-arizona-zypresse-auf-stamm\/\",\"name\":\"Kugelf\u00f6rmige Blaue Arizona-Zypresse auf Stamm - Kentis\",\"isPartOf\":{\"@id\":\"https:\/\/kentis.com\/de\/#website\"},\"primaryImageOfPage\":{\"@id\":\"https:\/\/kentis.com\/de\/shop\/kugelfoermige-blaue-arizona-zypresse-auf-stamm\/#primaryimage\"},\"image\":{\"@id\":\"https:\/\/kentis.com\/de\/shop\/kugelfoermige-blaue-arizona-zypresse-auf-stamm\/#primaryimage\"},\"thumbnailUrl\":\"https:\/\/kentis.com\/wp-content\/uploads\/2025\/10\/cupressus-arizonica-fastigiata-glauca-mezzo-fusto.jpg\",\"datePublished\":\"2025-10-01T10:29:26+00:00\",\"dateModified\":\"2025-10-01T10:56:51+00:00\",\"description\":\"Die Kugelf\u00f6rmige Blaue Arizona-Zypresse auf Stamm (Cupressus arizonica Fastigiata Glauca) ist perfekt, um Eing\u00e4nge, G\u00e4rten und Balkone zu dekorieren.\",\"breadcrumb\":{\"@id\":\"https:\/\/kentis.com\/de\/shop\/kugelfoermige-blaue-arizona-zypresse-auf-stamm\/#breadcrumb\"},\"inLanguage\":\"de\",\"potentialAction\":[{\"@type\":\"ReadAction\",\"target\":[\"https:\/\/kentis.com\/de\/shop\/kugelfoermige-blaue-arizona-zypresse-auf-stamm\/\"]}]},{\"@type\":\"ImageObject\",\"inLanguage\":\"de\",\"@id\":\"https:\/\/kentis.com\/de\/shop\/kugelfoermige-blaue-arizona-zypresse-auf-stamm\/#primaryimage\",\"url\":\"https:\/\/kentis.com\/wp-content\/uploads\/2025\/10\/cupressus-arizonica-fastigiata-glauca-mezzo-fusto.jpg\",\"contentUrl\":\"https:\/\/kentis.com\/wp-content\/uploads\/2025\/10\/cupressus-arizonica-fastigiata-glauca-mezzo-fusto.jpg\",\"width\":1500,\"height\":1500},{\"@type\":\"BreadcrumbList\",\"@id\":\"https:\/\/kentis.com\/de\/shop\/kugelfoermige-blaue-arizona-zypresse-auf-stamm\/#breadcrumb\",\"itemListElement\":[{\"@type\":\"ListItem\",\"position\":1,\"name\":\"Home\",\"item\":\"https:\/\/kentis.com\/de\/\"},{\"@type\":\"ListItem\",\"position\":2,\"name\":\"Gesch\u00e4ft\",\"item\":\"https:\/\/kentis.com\/de\/shop\/\"},{\"@type\":\"ListItem\",\"position\":3,\"name\":\"Pflanzen\",\"item\":\"https:\/\/kentis.com\/de\/produkt-kategorie\/pflanzen\/\"},{\"@type\":\"ListItem\",\"position\":4,\"name\":\"Pflanzen im Freien\",\"item\":\"https:\/\/kentis.com\/de\/produkt-kategorie\/pflanzen\/pflanzen-im-freien\/\"},{\"@type\":\"ListItem\",\"position\":5,\"name\":\"Kugelf\u00f6rmige Blaue Arizona-Zypresse auf Stamm \u2013 Cupressus Arizonica Fastigiata Glauca\"}]},{\"@type\":\"WebSite\",\"@id\":\"https:\/\/kentis.com\/de\/#website\",\"url\":\"https:\/\/kentis.com\/de\/\",\"name\":\"Kentis\",\"description\":\"Atelier del verde\",\"publisher\":{\"@id\":\"https:\/\/kentis.com\/de\/#organization\"},\"potentialAction\":[{\"@type\":\"SearchAction\",\"target\":{\"@type\":\"EntryPoint\",\"urlTemplate\":\"https:\/\/kentis.com\/de\/?s={search_term_string}\"},\"query-input\":{\"@type\":\"PropertyValueSpecification\",\"valueRequired\":true,\"valueName\":\"search_term_string\"}}],\"inLanguage\":\"de\"},{\"@type\":\"Organization\",\"@id\":\"https:\/\/kentis.com\/de\/#organization\",\"name\":\"Kentis\",\"url\":\"https:\/\/kentis.com\/de\/\",\"logo\":{\"@type\":\"ImageObject\",\"inLanguage\":\"de\",\"@id\":\"https:\/\/kentis.com\/de\/#\/schema\/logo\/image\/\",\"url\":\"https:\/\/kentis.com\/wp-content\/uploads\/2021\/08\/logo-main.png\",\"contentUrl\":\"https:\/\/kentis.com\/wp-content\/uploads\/2021\/08\/logo-main.png\",\"width\":800,\"height\":204,\"caption\":\"Kentis\"},\"image\":{\"@id\":\"https:\/\/kentis.com\/de\/#\/schema\/logo\/image\/\"},\"sameAs\":[\"https:\/\/www.facebook.com\/kentisgarden\",\"https:\/\/www.instagram.com\/kentisgarden\/\",\"https:\/\/it.pinterest.com\/kentisgarden\",\"https:\/\/www.tiktok.com\/@kentis.com\"]}]}<\/script>\n<!-- \/ Yoast SEO plugin. -->","yoast_head_json":{"title":"Kugelf\u00f6rmige Blaue Arizona-Zypresse auf Stamm - Kentis","description":"Die Kugelf\u00f6rmige Blaue Arizona-Zypresse auf Stamm (Cupressus arizonica Fastigiata Glauca) ist perfekt, um Eing\u00e4nge, G\u00e4rten und Balkone zu dekorieren.","robots":{"index":"index","follow":"follow","max-snippet":"max-snippet:-1","max-image-preview":"max-image-preview:large","max-video-preview":"max-video-preview:-1"},"canonical":"https:\/\/kentis.com\/de\/shop\/kugelfoermige-blaue-arizona-zypresse-auf-stamm\/","og_locale":"de_DE","og_type":"article","og_title":"Kugelf\u00f6rmige Blaue Arizona-Zypresse auf Stamm - Kentis","og_description":"Die Kugelf\u00f6rmige Blaue Arizona-Zypresse auf Stamm (Cupressus arizonica Fastigiata Glauca) ist perfekt, um Eing\u00e4nge, G\u00e4rten und Balkone zu dekorieren.","og_url":"https:\/\/kentis.com\/de\/shop\/kugelfoermige-blaue-arizona-zypresse-auf-stamm\/","og_site_name":"Kentis","article_publisher":"https:\/\/www.facebook.com\/kentisgarden","article_modified_time":"2025-10-01T10:56:51+00:00","og_image":[{"width":1500,"height":1500,"url":"https:\/\/kentis.com\/wp-content\/uploads\/2025\/10\/cupressus-arizonica-fastigiata-glauca-mezzo-fusto.jpg","type":"image\/jpeg"}],"twitter_card":"summary_large_image","twitter_misc":{"Gesch\u00e4tzte Lesezeit":"1\u00a0Minute"},"schema":{"@context":"https:\/\/schema.org","@graph":[{"@type":"WebPage","@id":"https:\/\/kentis.com\/de\/shop\/kugelfoermige-blaue-arizona-zypresse-auf-stamm\/","url":"https:\/\/kentis.com\/de\/shop\/kugelfoermige-blaue-arizona-zypresse-auf-stamm\/","name":"Kugelf\u00f6rmige Blaue Arizona-Zypresse auf Stamm - Kentis","isPartOf":{"@id":"https:\/\/kentis.com\/de\/#website"},"primaryImageOfPage":{"@id":"https:\/\/kentis.com\/de\/shop\/kugelfoermige-blaue-arizona-zypresse-auf-stamm\/#primaryimage"},"image":{"@id":"https:\/\/kentis.com\/de\/shop\/kugelfoermige-blaue-arizona-zypresse-auf-stamm\/#primaryimage"},"thumbnailUrl":"https:\/\/kentis.com\/wp-content\/uploads\/2025\/10\/cupressus-arizonica-fastigiata-glauca-mezzo-fusto.jpg","datePublished":"2025-10-01T10:29:26+00:00","dateModified":"2025-10-01T10:56:51+00:00","description":"Die Kugelf\u00f6rmige Blaue Arizona-Zypresse auf Stamm (Cupressus arizonica Fastigiata Glauca) ist perfekt, um Eing\u00e4nge, G\u00e4rten und Balkone zu dekorieren.","breadcrumb":{"@id":"https:\/\/kentis.com\/de\/shop\/kugelfoermige-blaue-arizona-zypresse-auf-stamm\/#breadcrumb"},"inLanguage":"de","potentialAction":[{"@type":"ReadAction","target":["https:\/\/kentis.com\/de\/shop\/kugelfoermige-blaue-arizona-zypresse-auf-stamm\/"]}]},{"@type":"ImageObject","inLanguage":"de","@id":"https:\/\/kentis.com\/de\/shop\/kugelfoermige-blaue-arizona-zypresse-auf-stamm\/#primaryimage","url":"https:\/\/kentis.com\/wp-content\/uploads\/2025\/10\/cupressus-arizonica-fastigiata-glauca-mezzo-fusto.jpg","contentUrl":"https:\/\/kentis.com\/wp-content\/uploads\/2025\/10\/cupressus-arizonica-fastigiata-glauca-mezzo-fusto.jpg","width":1500,"height":1500},{"@type":"BreadcrumbList","@id":"https:\/\/kentis.com\/de\/shop\/kugelfoermige-blaue-arizona-zypresse-auf-stamm\/#breadcrumb","itemListElement":[{"@type":"ListItem","position":1,"name":"Home","item":"https:\/\/kentis.com\/de\/"},{"@type":"ListItem","position":2,"name":"Gesch\u00e4ft","item":"https:\/\/kentis.com\/de\/shop\/"},{"@type":"ListItem","position":3,"name":"Pflanzen","item":"https:\/\/kentis.com\/de\/produkt-kategorie\/pflanzen\/"},{"@type":"ListItem","position":4,"name":"Pflanzen im Freien","item":"https:\/\/kentis.com\/de\/produkt-kategorie\/pflanzen\/pflanzen-im-freien\/"},{"@type":"ListItem","position":5,"name":"Kugelf\u00f6rmige Blaue Arizona-Zypresse auf Stamm \u2013 Cupressus Arizonica Fastigiata Glauca"}]},{"@type":"WebSite","@id":"https:\/\/kentis.com\/de\/#website","url":"https:\/\/kentis.com\/de\/","name":"Kentis","description":"Atelier del verde","publisher":{"@id":"https:\/\/kentis.com\/de\/#organization"},"potentialAction":[{"@type":"SearchAction","target":{"@type":"EntryPoint","urlTemplate":"https:\/\/kentis.com\/de\/?s={search_term_string}"},"query-input":{"@type":"PropertyValueSpecification","valueRequired":true,"valueName":"search_term_string"}}],"inLanguage":"de"},{"@type":"Organization","@id":"https:\/\/kentis.com\/de\/#organization","name":"Kentis","url":"https:\/\/kentis.com\/de\/","logo":{"@type":"ImageObject","inLanguage":"de","@id":"https:\/\/kentis.com\/de\/#\/schema\/logo\/image\/","url":"https:\/\/kentis.com\/wp-content\/uploads\/2021\/08\/logo-main.png","contentUrl":"https:\/\/kentis.com\/wp-content\/uploads\/2021\/08\/logo-main.png","width":800,"height":204,"caption":"Kentis"},"image":{"@id":"https:\/\/kentis.com\/de\/#\/schema\/logo\/image\/"},"sameAs":["https:\/\/www.facebook.com\/kentisgarden","https:\/\/www.instagram.com\/kentisgarden\/","https:\/\/it.pinterest.com\/kentisgarden","https:\/\/www.tiktok.com\/@kentis.com"]}]}},"_links":{"self":[{"href":"https:\/\/kentis.com\/de\/wp-json\/wp\/v2\/product\/36102","targetHints":{"allow":["GET"]}}],"collection":[{"href":"https:\/\/kentis.com\/de\/wp-json\/wp\/v2\/product"}],"about":[{"href":"https:\/\/kentis.com\/de\/wp-json\/wp\/v2\/types\/product"}],"wp:featuredmedia":[{"embeddable":true,"href":"https:\/\/kentis.com\/de\/wp-json\/wp\/v2\/media\/36086"}],"wp:attachment":[{"href":"https:\/\/kentis.com\/de\/wp-json\/wp\/v2\/media?parent=36102"}],"wp:term":[{"taxonomy":"product_cat","embeddable":true,"href":"https:\/\/kentis.com\/de\/wp-json\/wp\/v2\/product_cat?post=36102"},{"taxonomy":"product_tag","embeddable":true,"href":"https:\/\/kentis.com\/de\/wp-json\/wp\/v2\/product_tag?post=36102"}],"curies":[{"name":"wp","href":"https:\/\/api.w.org\/{rel}","templated":true}]}}