{"id":35997,"date":"2025-09-30T15:32:33","date_gmt":"2025-09-30T13:32:33","guid":{"rendered":"https:\/\/kentis.com\/negozio\/cupressocyparis-leylandii-gold-rider-2\/"},"modified":"2025-09-30T15:51:35","modified_gmt":"2025-09-30T13:51:35","slug":"cupressocyparis-leylandii-gold-rider-2","status":"publish","type":"product","link":"https:\/\/kentis.com\/de\/shop\/cupressocyparis-leylandii-gold-rider-2\/","title":{"rendered":"Cupressocyparis Leylandii Gold Rider \u2013 Leyland-Zypresse"},"content":{"rendered":"<div class=\"fusion-fullwidth fullwidth-box fusion-builder-row-1 fusion-flex-container nonhundred-percent-fullwidth non-hundred-percent-height-scrolling\" style=\"--awb-border-radius-top-left:0px;--awb-border-radius-top-right:0px;--awb-border-radius-bottom-right:0px;--awb-border-radius-bottom-left:0px;--awb-flex-wrap:wrap;\" ><div class=\"fusion-builder-row fusion-row fusion-flex-align-items-flex-start fusion-flex-content-wrap\" style=\"max-width:1248px;margin-left: calc(-4% \/ 2 );margin-right: calc(-4% \/ 2 );\"><div class=\"fusion-layout-column fusion_builder_column fusion-builder-column-0 fusion_builder_column_1_1 1_1 fusion-flex-column\" style=\"--awb-bg-size:cover;--awb-width-large:100%;--awb-margin-top-large:0px;--awb-spacing-right-large:1.92%;--awb-margin-bottom-large:0px;--awb-spacing-left-large:1.92%;--awb-width-medium:100%;--awb-spacing-right-medium:1.92%;--awb-spacing-left-medium:1.92%;--awb-width-small:100%;--awb-spacing-right-small:1.92%;--awb-spacing-left-small:1.92%;\"><div class=\"fusion-column-wrapper fusion-flex-justify-content-flex-start fusion-content-layout-column\"><div class=\"fusion-text fusion-text-1\"><p>Die <strong>Pflanze Cupressocyparis leylandii Gold Rider<\/strong>, auch bekannt als <strong>Leyland-Zypresse Gold Rider<\/strong>, ist eine <strong>immergr\u00fcne Konifere<\/strong> mit aufrechtem Wuchs und kompaktem, dekorativem Laub. Diese Zypresse hat <strong>schuppenf\u00f6rmige Bl\u00e4tter, die beim Austrieb eine charakteristische goldgelbe Farbe zeigen<\/strong>, intensiver als bei der Sorte &#8220;Castlewellan Gold&#8221;, die sich im Laufe der Zeit ins Gr\u00fcne verwandelt und so ein angenehmes Farbspiel w\u00e4hrend des Jahres schafft. Urspr\u00fcnglich aus England stammend und zur Familie der Cupressaceae geh\u00f6rend, ist sie eine <strong>k\u00e4lteresistente Pflanze<\/strong>, die problemlos Temperaturen von -15 bis -20 \u00b0C vertr\u00e4gt und <strong>auch salzhaltige Luft gut aush\u00e4lt<\/strong>, wodurch sie sich besonders f\u00fcr K\u00fcstenregionen eignet.<\/p>\n<p>Dank ihrer Dichte und der leichten Schnittvertr\u00e4glichkeit wird die Gold Rider Zypresse <strong>h\u00e4ufig zur Anlage von Hecken, Windschutzw\u00e4nden und f\u00fcr die Formschnittkunst verwendet<\/strong>, eignet sich aber auch sehr gut als Solit\u00e4rpflanze, wo sie als Einzelbaum besonders zur Geltung kommt.<\/p>\n<\/div><\/div><\/div><\/div><\/div>\n","protected":false},"excerpt":{"rendered":"","protected":false},"featured_media":36021,"template":"","meta":{"_acf_changed":false},"product_cat":[584,532,531],"product_tag":[],"class_list":{"0":"post-35997","1":"product","2":"type-product","3":"status-publish","4":"has-post-thumbnail","6":"product_cat-baeume","7":"product_cat-heckenpflanzen","8":"product_cat-pflanzen-im-freien","9":"product_shipping_class-evergreen-de","11":"first","12":"outofstock","13":"taxable","14":"shipping-taxable","15":"purchasable","16":"product-type-variable","17":"has-default-attributes"},"acf":[],"yoast_head":"<!-- This site is optimized with the Yoast SEO plugin v23.4 - https:\/\/yoast.com\/wordpress\/plugins\/seo\/ -->\n<title>Cupressocyparis Leylandii Gold Rider \u2013 Leyland-Zypresse - Kentis<\/title>\n<meta name=\"description\" content=\"Der Cupressocyparis leylandii Gold Rider, bekannt als Leyland-Zypresse Gold Rider, ist eine Sorte mit Laub, das beim Austrieb goldgelb gef\u00e4rbt ist.\" \/>\n<meta name=\"robots\" content=\"index, follow, max-snippet:-1, max-image-preview:large, max-video-preview:-1\" \/>\n<link rel=\"canonical\" href=\"https:\/\/kentis.com\/de\/shop\/cupressocyparis-leylandii-gold-rider-2\/\" \/>\n<meta property=\"og:locale\" content=\"de_DE\" \/>\n<meta property=\"og:type\" content=\"article\" \/>\n<meta property=\"og:title\" content=\"Cupressocyparis Leylandii Gold Rider \u2013 Leyland-Zypresse - Kentis\" \/>\n<meta property=\"og:description\" content=\"Der Cupressocyparis leylandii Gold Rider, bekannt als Leyland-Zypresse Gold Rider, ist eine Sorte mit Laub, das beim Austrieb goldgelb gef\u00e4rbt ist.\" \/>\n<meta property=\"og:url\" content=\"https:\/\/kentis.com\/de\/shop\/cupressocyparis-leylandii-gold-rider-2\/\" \/>\n<meta property=\"og:site_name\" content=\"Kentis\" \/>\n<meta property=\"article:publisher\" content=\"https:\/\/www.facebook.com\/kentisgarden\" \/>\n<meta property=\"article:modified_time\" content=\"2025-09-30T13:51:35+00:00\" \/>\n<meta property=\"og:image\" content=\"https:\/\/kentis.com\/wp-content\/uploads\/2025\/09\/cupressocyparis-leylandii-gold-rider-vaso-24.png\" \/>\n\t<meta property=\"og:image:width\" content=\"1500\" \/>\n\t<meta property=\"og:image:height\" content=\"1500\" \/>\n\t<meta property=\"og:image:type\" content=\"image\/png\" \/>\n<meta name=\"twitter:card\" content=\"summary_large_image\" \/>\n<meta name=\"twitter:label1\" content=\"Gesch\u00e4tzte Lesezeit\" \/>\n\t<meta name=\"twitter:data1\" content=\"1\u00a0Minute\" \/>\n<script type=\"application\/ld+json\" class=\"yoast-schema-graph\">{\"@context\":\"https:\/\/schema.org\",\"@graph\":[{\"@type\":\"WebPage\",\"@id\":\"https:\/\/kentis.com\/de\/shop\/cupressocyparis-leylandii-gold-rider-2\/\",\"url\":\"https:\/\/kentis.com\/de\/shop\/cupressocyparis-leylandii-gold-rider-2\/\",\"name\":\"Cupressocyparis Leylandii Gold Rider \u2013 Leyland-Zypresse - Kentis\",\"isPartOf\":{\"@id\":\"https:\/\/kentis.com\/de\/#website\"},\"primaryImageOfPage\":{\"@id\":\"https:\/\/kentis.com\/de\/shop\/cupressocyparis-leylandii-gold-rider-2\/#primaryimage\"},\"image\":{\"@id\":\"https:\/\/kentis.com\/de\/shop\/cupressocyparis-leylandii-gold-rider-2\/#primaryimage\"},\"thumbnailUrl\":\"https:\/\/kentis.com\/wp-content\/uploads\/2025\/09\/cupressocyparis-leylandii-gold-rider-vaso-30.png\",\"datePublished\":\"2025-09-30T13:32:33+00:00\",\"dateModified\":\"2025-09-30T13:51:35+00:00\",\"description\":\"Der Cupressocyparis leylandii Gold Rider, bekannt als Leyland-Zypresse Gold Rider, ist eine Sorte mit Laub, das beim Austrieb goldgelb gef\u00e4rbt ist.\",\"breadcrumb\":{\"@id\":\"https:\/\/kentis.com\/de\/shop\/cupressocyparis-leylandii-gold-rider-2\/#breadcrumb\"},\"inLanguage\":\"de\",\"potentialAction\":[{\"@type\":\"ReadAction\",\"target\":[\"https:\/\/kentis.com\/de\/shop\/cupressocyparis-leylandii-gold-rider-2\/\"]}]},{\"@type\":\"ImageObject\",\"inLanguage\":\"de\",\"@id\":\"https:\/\/kentis.com\/de\/shop\/cupressocyparis-leylandii-gold-rider-2\/#primaryimage\",\"url\":\"https:\/\/kentis.com\/wp-content\/uploads\/2025\/09\/cupressocyparis-leylandii-gold-rider-vaso-30.png\",\"contentUrl\":\"https:\/\/kentis.com\/wp-content\/uploads\/2025\/09\/cupressocyparis-leylandii-gold-rider-vaso-30.png\",\"width\":1500,\"height\":1500},{\"@type\":\"BreadcrumbList\",\"@id\":\"https:\/\/kentis.com\/de\/shop\/cupressocyparis-leylandii-gold-rider-2\/#breadcrumb\",\"itemListElement\":[{\"@type\":\"ListItem\",\"position\":1,\"name\":\"Home\",\"item\":\"https:\/\/kentis.com\/de\/\"},{\"@type\":\"ListItem\",\"position\":2,\"name\":\"Gesch\u00e4ft\",\"item\":\"https:\/\/kentis.com\/de\/shop\/\"},{\"@type\":\"ListItem\",\"position\":3,\"name\":\"Pflanzen\",\"item\":\"https:\/\/kentis.com\/de\/produkt-kategorie\/pflanzen\/\"},{\"@type\":\"ListItem\",\"position\":4,\"name\":\"Pflanzen im Freien\",\"item\":\"https:\/\/kentis.com\/de\/produkt-kategorie\/pflanzen\/pflanzen-im-freien\/\"},{\"@type\":\"ListItem\",\"position\":5,\"name\":\"Cupressocyparis Leylandii Gold Rider \u2013 Leyland-Zypresse\"}]},{\"@type\":\"WebSite\",\"@id\":\"https:\/\/kentis.com\/de\/#website\",\"url\":\"https:\/\/kentis.com\/de\/\",\"name\":\"Kentis\",\"description\":\"Atelier del verde\",\"publisher\":{\"@id\":\"https:\/\/kentis.com\/de\/#organization\"},\"potentialAction\":[{\"@type\":\"SearchAction\",\"target\":{\"@type\":\"EntryPoint\",\"urlTemplate\":\"https:\/\/kentis.com\/de\/?s={search_term_string}\"},\"query-input\":{\"@type\":\"PropertyValueSpecification\",\"valueRequired\":true,\"valueName\":\"search_term_string\"}}],\"inLanguage\":\"de\"},{\"@type\":\"Organization\",\"@id\":\"https:\/\/kentis.com\/de\/#organization\",\"name\":\"Kentis\",\"url\":\"https:\/\/kentis.com\/de\/\",\"logo\":{\"@type\":\"ImageObject\",\"inLanguage\":\"de\",\"@id\":\"https:\/\/kentis.com\/de\/#\/schema\/logo\/image\/\",\"url\":\"https:\/\/kentis.com\/wp-content\/uploads\/2021\/08\/logo-main.png\",\"contentUrl\":\"https:\/\/kentis.com\/wp-content\/uploads\/2021\/08\/logo-main.png\",\"width\":800,\"height\":204,\"caption\":\"Kentis\"},\"image\":{\"@id\":\"https:\/\/kentis.com\/de\/#\/schema\/logo\/image\/\"},\"sameAs\":[\"https:\/\/www.facebook.com\/kentisgarden\",\"https:\/\/www.instagram.com\/kentisgarden\/\",\"https:\/\/it.pinterest.com\/kentisgarden\",\"https:\/\/www.tiktok.com\/@kentis.com\"]}]}<\/script>\n<!-- \/ Yoast SEO plugin. -->","yoast_head_json":{"title":"Cupressocyparis Leylandii Gold Rider \u2013 Leyland-Zypresse - Kentis","description":"Der Cupressocyparis leylandii Gold Rider, bekannt als Leyland-Zypresse Gold Rider, ist eine Sorte mit Laub, das beim Austrieb goldgelb gef\u00e4rbt ist.","robots":{"index":"index","follow":"follow","max-snippet":"max-snippet:-1","max-image-preview":"max-image-preview:large","max-video-preview":"max-video-preview:-1"},"canonical":"https:\/\/kentis.com\/de\/shop\/cupressocyparis-leylandii-gold-rider-2\/","og_locale":"de_DE","og_type":"article","og_title":"Cupressocyparis Leylandii Gold Rider \u2013 Leyland-Zypresse - Kentis","og_description":"Der Cupressocyparis leylandii Gold Rider, bekannt als Leyland-Zypresse Gold Rider, ist eine Sorte mit Laub, das beim Austrieb goldgelb gef\u00e4rbt ist.","og_url":"https:\/\/kentis.com\/de\/shop\/cupressocyparis-leylandii-gold-rider-2\/","og_site_name":"Kentis","article_publisher":"https:\/\/www.facebook.com\/kentisgarden","article_modified_time":"2025-09-30T13:51:35+00:00","og_image":[{"width":1500,"height":1500,"url":"https:\/\/kentis.com\/wp-content\/uploads\/2025\/09\/cupressocyparis-leylandii-gold-rider-vaso-24.png","type":"image\/png"}],"twitter_card":"summary_large_image","twitter_misc":{"Gesch\u00e4tzte Lesezeit":"1\u00a0Minute"},"schema":{"@context":"https:\/\/schema.org","@graph":[{"@type":"WebPage","@id":"https:\/\/kentis.com\/de\/shop\/cupressocyparis-leylandii-gold-rider-2\/","url":"https:\/\/kentis.com\/de\/shop\/cupressocyparis-leylandii-gold-rider-2\/","name":"Cupressocyparis Leylandii Gold Rider \u2013 Leyland-Zypresse - Kentis","isPartOf":{"@id":"https:\/\/kentis.com\/de\/#website"},"primaryImageOfPage":{"@id":"https:\/\/kentis.com\/de\/shop\/cupressocyparis-leylandii-gold-rider-2\/#primaryimage"},"image":{"@id":"https:\/\/kentis.com\/de\/shop\/cupressocyparis-leylandii-gold-rider-2\/#primaryimage"},"thumbnailUrl":"https:\/\/kentis.com\/wp-content\/uploads\/2025\/09\/cupressocyparis-leylandii-gold-rider-vaso-30.png","datePublished":"2025-09-30T13:32:33+00:00","dateModified":"2025-09-30T13:51:35+00:00","description":"Der Cupressocyparis leylandii Gold Rider, bekannt als Leyland-Zypresse Gold Rider, ist eine Sorte mit Laub, das beim Austrieb goldgelb gef\u00e4rbt ist.","breadcrumb":{"@id":"https:\/\/kentis.com\/de\/shop\/cupressocyparis-leylandii-gold-rider-2\/#breadcrumb"},"inLanguage":"de","potentialAction":[{"@type":"ReadAction","target":["https:\/\/kentis.com\/de\/shop\/cupressocyparis-leylandii-gold-rider-2\/"]}]},{"@type":"ImageObject","inLanguage":"de","@id":"https:\/\/kentis.com\/de\/shop\/cupressocyparis-leylandii-gold-rider-2\/#primaryimage","url":"https:\/\/kentis.com\/wp-content\/uploads\/2025\/09\/cupressocyparis-leylandii-gold-rider-vaso-30.png","contentUrl":"https:\/\/kentis.com\/wp-content\/uploads\/2025\/09\/cupressocyparis-leylandii-gold-rider-vaso-30.png","width":1500,"height":1500},{"@type":"BreadcrumbList","@id":"https:\/\/kentis.com\/de\/shop\/cupressocyparis-leylandii-gold-rider-2\/#breadcrumb","itemListElement":[{"@type":"ListItem","position":1,"name":"Home","item":"https:\/\/kentis.com\/de\/"},{"@type":"ListItem","position":2,"name":"Gesch\u00e4ft","item":"https:\/\/kentis.com\/de\/shop\/"},{"@type":"ListItem","position":3,"name":"Pflanzen","item":"https:\/\/kentis.com\/de\/produkt-kategorie\/pflanzen\/"},{"@type":"ListItem","position":4,"name":"Pflanzen im Freien","item":"https:\/\/kentis.com\/de\/produkt-kategorie\/pflanzen\/pflanzen-im-freien\/"},{"@type":"ListItem","position":5,"name":"Cupressocyparis Leylandii Gold Rider \u2013 Leyland-Zypresse"}]},{"@type":"WebSite","@id":"https:\/\/kentis.com\/de\/#website","url":"https:\/\/kentis.com\/de\/","name":"Kentis","description":"Atelier del verde","publisher":{"@id":"https:\/\/kentis.com\/de\/#organization"},"potentialAction":[{"@type":"SearchAction","target":{"@type":"EntryPoint","urlTemplate":"https:\/\/kentis.com\/de\/?s={search_term_string}"},"query-input":{"@type":"PropertyValueSpecification","valueRequired":true,"valueName":"search_term_string"}}],"inLanguage":"de"},{"@type":"Organization","@id":"https:\/\/kentis.com\/de\/#organization","name":"Kentis","url":"https:\/\/kentis.com\/de\/","logo":{"@type":"ImageObject","inLanguage":"de","@id":"https:\/\/kentis.com\/de\/#\/schema\/logo\/image\/","url":"https:\/\/kentis.com\/wp-content\/uploads\/2021\/08\/logo-main.png","contentUrl":"https:\/\/kentis.com\/wp-content\/uploads\/2021\/08\/logo-main.png","width":800,"height":204,"caption":"Kentis"},"image":{"@id":"https:\/\/kentis.com\/de\/#\/schema\/logo\/image\/"},"sameAs":["https:\/\/www.facebook.com\/kentisgarden","https:\/\/www.instagram.com\/kentisgarden\/","https:\/\/it.pinterest.com\/kentisgarden","https:\/\/www.tiktok.com\/@kentis.com"]}]}},"_links":{"self":[{"href":"https:\/\/kentis.com\/de\/wp-json\/wp\/v2\/product\/35997","targetHints":{"allow":["GET"]}}],"collection":[{"href":"https:\/\/kentis.com\/de\/wp-json\/wp\/v2\/product"}],"about":[{"href":"https:\/\/kentis.com\/de\/wp-json\/wp\/v2\/types\/product"}],"wp:featuredmedia":[{"embeddable":true,"href":"https:\/\/kentis.com\/de\/wp-json\/wp\/v2\/media\/36021"}],"wp:attachment":[{"href":"https:\/\/kentis.com\/de\/wp-json\/wp\/v2\/media?parent=35997"}],"wp:term":[{"taxonomy":"product_cat","embeddable":true,"href":"https:\/\/kentis.com\/de\/wp-json\/wp\/v2\/product_cat?post=35997"},{"taxonomy":"product_tag","embeddable":true,"href":"https:\/\/kentis.com\/de\/wp-json\/wp\/v2\/product_tag?post=35997"}],"curies":[{"name":"wp","href":"https:\/\/api.w.org\/{rel}","templated":true}]}}