{"id":35940,"date":"2025-09-30T10:35:12","date_gmt":"2025-09-30T08:35:12","guid":{"rendered":"https:\/\/kentis.com\/negozio\/cipresso-giallo-alberello\/"},"modified":"2025-09-30T11:37:20","modified_gmt":"2025-09-30T09:37:20","slug":"kugelfoermige-gelbe-baumzypresse-auf-stamm","status":"publish","type":"product","link":"https:\/\/kentis.com\/de\/shop\/kugelfoermige-gelbe-baumzypresse-auf-stamm\/","title":{"rendered":"Kugelf\u00f6rmige Gelbe Baumzypresse auf Stamm \u2013 Cupressocyparis Leylandii Castlewellan Gold"},"content":{"rendered":"<div class=\"fusion-fullwidth fullwidth-box fusion-builder-row-1 fusion-flex-container has-pattern-background has-mask-background nonhundred-percent-fullwidth non-hundred-percent-height-scrolling\" style=\"--awb-border-radius-top-left:0px;--awb-border-radius-top-right:0px;--awb-border-radius-bottom-right:0px;--awb-border-radius-bottom-left:0px;--awb-padding-top:0px;--awb-padding-right:0px;--awb-padding-bottom:0px;--awb-padding-left:0px;--awb-flex-wrap:wrap;\" ><div class=\"fusion-builder-row fusion-row fusion-flex-align-items-flex-start fusion-flex-content-wrap\" style=\"max-width:1248px;margin-left: calc(-4% \/ 2 );margin-right: calc(-4% \/ 2 );\"><div class=\"fusion-layout-column fusion_builder_column fusion-builder-column-0 fusion_builder_column_1_1 1_1 fusion-flex-column\" style=\"--awb-bg-size:cover;--awb-width-large:100%;--awb-margin-top-large:0px;--awb-spacing-right-large:1.92%;--awb-margin-bottom-large:20px;--awb-spacing-left-large:1.92%;--awb-width-medium:100%;--awb-order-medium:0;--awb-spacing-right-medium:1.92%;--awb-spacing-left-medium:1.92%;--awb-width-small:100%;--awb-order-small:0;--awb-spacing-right-small:1.92%;--awb-spacing-left-small:1.92%;\"><div class=\"fusion-column-wrapper fusion-column-has-shadow fusion-flex-justify-content-flex-start fusion-content-layout-column\"><div class=\"fusion-text fusion-text-1\"><p>Die\u00a0<strong>Pflanze Cupressocyparis leylandii Castlewellan Gold<\/strong>, auch bekannt als\u00a0<strong>Gelbe Baumzypresse<\/strong>, ist eine\u00a0<strong>immergr\u00fcne Konifere<\/strong> mit aufrechtem Wuchs und kompaktem, dekorativem Laub. Diese kugelf\u00f6rmige Gelbe Baumzypresse auf stamm besitzt <strong>schuppenf\u00f6rmige Bl\u00e4tter<\/strong>, die beim Austrieb eine charakteristische\u00a0<strong>gelbe Farbe zeigen, die sich mit der Zeit ins Gr\u00fcne verwandelt<\/strong>, wodurch im Laufe des Jahres ein angenehmes Farbenspiel entsteht. Urspr\u00fcnglich aus England stammend und zur Familie der Cupressaceae geh\u00f6rend, ist sie eine\u00a0<strong>k\u00e4lteresistente Pflanze<\/strong>, die problemlos Temperaturen bis -15\/-20 \u00b0C vertr\u00e4gt und\u00a0<strong>auch salzhaltige Luft gut aush\u00e4lt<\/strong>, was sie besonders f\u00fcr K\u00fcstenregionen geeignet macht.<\/p>\n<p>Dank seiner Dichte und der leichten Schnittvertr\u00e4glichkeit wird <strong>die Leyland-St\u00e4mmchen-Zypresse Castlewellan Gold h\u00e4ufig f\u00fcr Hecken, Windschutzw\u00e4nde und die Formschnittkunst verwendet<\/strong>. In diesem Fall wurde sie sorgf\u00e4ltig in Kugelf\u00f6rmige auf Stamm, geschnitten und verwandelt sich so in eine raffinierte und elegante Pflanzenskulptur \u2013 perfekt, um G\u00e4rten, Eing\u00e4nge und Gr\u00fcnfl\u00e4chen mit einem originellen und eindrucksvollen Stil zu schm\u00fccken.<\/p>\n<p><em>H\u00f6he ab Topfbasis: 80\/100 cm.<\/em><\/p>\n<\/div><\/div><\/div><\/div><\/div>\n","protected":false},"excerpt":{"rendered":"","protected":false},"featured_media":35937,"template":"","meta":{"_acf_changed":false},"product_cat":[584,1266,531],"product_tag":[],"class_list":{"0":"post-35940","1":"product","2":"type-product","3":"status-publish","4":"has-post-thumbnail","6":"product_cat-baeume","7":"product_cat-forme-de","8":"product_cat-pflanzen-im-freien","9":"product_shipping_class-evergreen-de","11":"first","12":"instock","13":"taxable","14":"shipping-taxable","15":"purchasable","16":"product-type-variable","17":"has-default-attributes"},"acf":[],"yoast_head":"<!-- This site is optimized with the Yoast SEO plugin v23.4 - https:\/\/yoast.com\/wordpress\/plugins\/seo\/ -->\n<title>Kugelf\u00f6rmige Gelbe Baumzypresse auf Stamm (Castlewellan Gold) - Kentis<\/title>\n<meta name=\"description\" content=\"Die kugelf\u00f6rmige Gelbe Baumzypresse auf Stamm (Cupressocyparis leylandii Castlewellan Gold) ist perfekt, um Eing\u00e4nge, G\u00e4rten und Balkone zu dekorieren.\" \/>\n<meta name=\"robots\" content=\"index, follow, max-snippet:-1, max-image-preview:large, max-video-preview:-1\" \/>\n<link rel=\"canonical\" href=\"https:\/\/kentis.com\/de\/shop\/kugelfoermige-gelbe-baumzypresse-auf-stamm\/\" \/>\n<meta property=\"og:locale\" content=\"de_DE\" \/>\n<meta property=\"og:type\" content=\"article\" \/>\n<meta property=\"og:title\" content=\"Kugelf\u00f6rmige Gelbe Baumzypresse auf Stamm (Castlewellan Gold) - Kentis\" \/>\n<meta property=\"og:description\" content=\"Die kugelf\u00f6rmige Gelbe Baumzypresse auf Stamm (Cupressocyparis leylandii Castlewellan Gold) ist perfekt, um Eing\u00e4nge, G\u00e4rten und Balkone zu dekorieren.\" \/>\n<meta property=\"og:url\" content=\"https:\/\/kentis.com\/de\/shop\/kugelfoermige-gelbe-baumzypresse-auf-stamm\/\" \/>\n<meta property=\"og:site_name\" content=\"Kentis\" \/>\n<meta property=\"article:publisher\" content=\"https:\/\/www.facebook.com\/kentisgarden\" \/>\n<meta property=\"article:modified_time\" content=\"2025-09-30T09:37:20+00:00\" \/>\n<meta property=\"og:image\" content=\"https:\/\/kentis.com\/wp-content\/uploads\/2025\/09\/cupressocyparis-leylandii-castlewellan-gold-alberello.png\" \/>\n\t<meta property=\"og:image:width\" content=\"1500\" \/>\n\t<meta property=\"og:image:height\" content=\"1500\" \/>\n\t<meta property=\"og:image:type\" content=\"image\/png\" \/>\n<meta name=\"twitter:card\" content=\"summary_large_image\" \/>\n<meta name=\"twitter:label1\" content=\"Gesch\u00e4tzte Lesezeit\" \/>\n\t<meta name=\"twitter:data1\" content=\"2\u00a0Minuten\" \/>\n<script type=\"application\/ld+json\" class=\"yoast-schema-graph\">{\"@context\":\"https:\/\/schema.org\",\"@graph\":[{\"@type\":\"WebPage\",\"@id\":\"https:\/\/kentis.com\/de\/shop\/kugelfoermige-gelbe-baumzypresse-auf-stamm\/\",\"url\":\"https:\/\/kentis.com\/de\/shop\/kugelfoermige-gelbe-baumzypresse-auf-stamm\/\",\"name\":\"Kugelf\u00f6rmige Gelbe Baumzypresse auf Stamm (Castlewellan Gold) - Kentis\",\"isPartOf\":{\"@id\":\"https:\/\/kentis.com\/de\/#website\"},\"primaryImageOfPage\":{\"@id\":\"https:\/\/kentis.com\/de\/shop\/kugelfoermige-gelbe-baumzypresse-auf-stamm\/#primaryimage\"},\"image\":{\"@id\":\"https:\/\/kentis.com\/de\/shop\/kugelfoermige-gelbe-baumzypresse-auf-stamm\/#primaryimage\"},\"thumbnailUrl\":\"https:\/\/kentis.com\/wp-content\/uploads\/2025\/09\/cupressocyparis-leylandii-castlewellan-gold-alberello.png\",\"datePublished\":\"2025-09-30T08:35:12+00:00\",\"dateModified\":\"2025-09-30T09:37:20+00:00\",\"description\":\"Die kugelf\u00f6rmige Gelbe Baumzypresse auf Stamm (Cupressocyparis leylandii Castlewellan Gold) ist perfekt, um Eing\u00e4nge, G\u00e4rten und Balkone zu dekorieren.\",\"breadcrumb\":{\"@id\":\"https:\/\/kentis.com\/de\/shop\/kugelfoermige-gelbe-baumzypresse-auf-stamm\/#breadcrumb\"},\"inLanguage\":\"de\",\"potentialAction\":[{\"@type\":\"ReadAction\",\"target\":[\"https:\/\/kentis.com\/de\/shop\/kugelfoermige-gelbe-baumzypresse-auf-stamm\/\"]}]},{\"@type\":\"ImageObject\",\"inLanguage\":\"de\",\"@id\":\"https:\/\/kentis.com\/de\/shop\/kugelfoermige-gelbe-baumzypresse-auf-stamm\/#primaryimage\",\"url\":\"https:\/\/kentis.com\/wp-content\/uploads\/2025\/09\/cupressocyparis-leylandii-castlewellan-gold-alberello.png\",\"contentUrl\":\"https:\/\/kentis.com\/wp-content\/uploads\/2025\/09\/cupressocyparis-leylandii-castlewellan-gold-alberello.png\",\"width\":1500,\"height\":1500},{\"@type\":\"BreadcrumbList\",\"@id\":\"https:\/\/kentis.com\/de\/shop\/kugelfoermige-gelbe-baumzypresse-auf-stamm\/#breadcrumb\",\"itemListElement\":[{\"@type\":\"ListItem\",\"position\":1,\"name\":\"Home\",\"item\":\"https:\/\/kentis.com\/de\/\"},{\"@type\":\"ListItem\",\"position\":2,\"name\":\"Gesch\u00e4ft\",\"item\":\"https:\/\/kentis.com\/de\/shop\/\"},{\"@type\":\"ListItem\",\"position\":3,\"name\":\"Pflanzen\",\"item\":\"https:\/\/kentis.com\/de\/produkt-kategorie\/pflanzen\/\"},{\"@type\":\"ListItem\",\"position\":4,\"name\":\"Pflanzen im Freien\",\"item\":\"https:\/\/kentis.com\/de\/produkt-kategorie\/pflanzen\/pflanzen-im-freien\/\"},{\"@type\":\"ListItem\",\"position\":5,\"name\":\"Kugelf\u00f6rmige Gelbe Baumzypresse auf Stamm \u2013 Cupressocyparis Leylandii Castlewellan Gold\"}]},{\"@type\":\"WebSite\",\"@id\":\"https:\/\/kentis.com\/de\/#website\",\"url\":\"https:\/\/kentis.com\/de\/\",\"name\":\"Kentis\",\"description\":\"Atelier del verde\",\"publisher\":{\"@id\":\"https:\/\/kentis.com\/de\/#organization\"},\"potentialAction\":[{\"@type\":\"SearchAction\",\"target\":{\"@type\":\"EntryPoint\",\"urlTemplate\":\"https:\/\/kentis.com\/de\/?s={search_term_string}\"},\"query-input\":{\"@type\":\"PropertyValueSpecification\",\"valueRequired\":true,\"valueName\":\"search_term_string\"}}],\"inLanguage\":\"de\"},{\"@type\":\"Organization\",\"@id\":\"https:\/\/kentis.com\/de\/#organization\",\"name\":\"Kentis\",\"url\":\"https:\/\/kentis.com\/de\/\",\"logo\":{\"@type\":\"ImageObject\",\"inLanguage\":\"de\",\"@id\":\"https:\/\/kentis.com\/de\/#\/schema\/logo\/image\/\",\"url\":\"https:\/\/kentis.com\/wp-content\/uploads\/2021\/08\/logo-main.png\",\"contentUrl\":\"https:\/\/kentis.com\/wp-content\/uploads\/2021\/08\/logo-main.png\",\"width\":800,\"height\":204,\"caption\":\"Kentis\"},\"image\":{\"@id\":\"https:\/\/kentis.com\/de\/#\/schema\/logo\/image\/\"},\"sameAs\":[\"https:\/\/www.facebook.com\/kentisgarden\",\"https:\/\/www.instagram.com\/kentisgarden\/\",\"https:\/\/it.pinterest.com\/kentisgarden\",\"https:\/\/www.tiktok.com\/@kentis.com\"]}]}<\/script>\n<!-- \/ Yoast SEO plugin. -->","yoast_head_json":{"title":"Kugelf\u00f6rmige Gelbe Baumzypresse auf Stamm (Castlewellan Gold) - Kentis","description":"Die kugelf\u00f6rmige Gelbe Baumzypresse auf Stamm (Cupressocyparis leylandii Castlewellan Gold) ist perfekt, um Eing\u00e4nge, G\u00e4rten und Balkone zu dekorieren.","robots":{"index":"index","follow":"follow","max-snippet":"max-snippet:-1","max-image-preview":"max-image-preview:large","max-video-preview":"max-video-preview:-1"},"canonical":"https:\/\/kentis.com\/de\/shop\/kugelfoermige-gelbe-baumzypresse-auf-stamm\/","og_locale":"de_DE","og_type":"article","og_title":"Kugelf\u00f6rmige Gelbe Baumzypresse auf Stamm (Castlewellan Gold) - Kentis","og_description":"Die kugelf\u00f6rmige Gelbe Baumzypresse auf Stamm (Cupressocyparis leylandii Castlewellan Gold) ist perfekt, um Eing\u00e4nge, G\u00e4rten und Balkone zu dekorieren.","og_url":"https:\/\/kentis.com\/de\/shop\/kugelfoermige-gelbe-baumzypresse-auf-stamm\/","og_site_name":"Kentis","article_publisher":"https:\/\/www.facebook.com\/kentisgarden","article_modified_time":"2025-09-30T09:37:20+00:00","og_image":[{"width":1500,"height":1500,"url":"https:\/\/kentis.com\/wp-content\/uploads\/2025\/09\/cupressocyparis-leylandii-castlewellan-gold-alberello.png","type":"image\/png"}],"twitter_card":"summary_large_image","twitter_misc":{"Gesch\u00e4tzte Lesezeit":"2\u00a0Minuten"},"schema":{"@context":"https:\/\/schema.org","@graph":[{"@type":"WebPage","@id":"https:\/\/kentis.com\/de\/shop\/kugelfoermige-gelbe-baumzypresse-auf-stamm\/","url":"https:\/\/kentis.com\/de\/shop\/kugelfoermige-gelbe-baumzypresse-auf-stamm\/","name":"Kugelf\u00f6rmige Gelbe Baumzypresse auf Stamm (Castlewellan Gold) - Kentis","isPartOf":{"@id":"https:\/\/kentis.com\/de\/#website"},"primaryImageOfPage":{"@id":"https:\/\/kentis.com\/de\/shop\/kugelfoermige-gelbe-baumzypresse-auf-stamm\/#primaryimage"},"image":{"@id":"https:\/\/kentis.com\/de\/shop\/kugelfoermige-gelbe-baumzypresse-auf-stamm\/#primaryimage"},"thumbnailUrl":"https:\/\/kentis.com\/wp-content\/uploads\/2025\/09\/cupressocyparis-leylandii-castlewellan-gold-alberello.png","datePublished":"2025-09-30T08:35:12+00:00","dateModified":"2025-09-30T09:37:20+00:00","description":"Die kugelf\u00f6rmige Gelbe Baumzypresse auf Stamm (Cupressocyparis leylandii Castlewellan Gold) ist perfekt, um Eing\u00e4nge, G\u00e4rten und Balkone zu dekorieren.","breadcrumb":{"@id":"https:\/\/kentis.com\/de\/shop\/kugelfoermige-gelbe-baumzypresse-auf-stamm\/#breadcrumb"},"inLanguage":"de","potentialAction":[{"@type":"ReadAction","target":["https:\/\/kentis.com\/de\/shop\/kugelfoermige-gelbe-baumzypresse-auf-stamm\/"]}]},{"@type":"ImageObject","inLanguage":"de","@id":"https:\/\/kentis.com\/de\/shop\/kugelfoermige-gelbe-baumzypresse-auf-stamm\/#primaryimage","url":"https:\/\/kentis.com\/wp-content\/uploads\/2025\/09\/cupressocyparis-leylandii-castlewellan-gold-alberello.png","contentUrl":"https:\/\/kentis.com\/wp-content\/uploads\/2025\/09\/cupressocyparis-leylandii-castlewellan-gold-alberello.png","width":1500,"height":1500},{"@type":"BreadcrumbList","@id":"https:\/\/kentis.com\/de\/shop\/kugelfoermige-gelbe-baumzypresse-auf-stamm\/#breadcrumb","itemListElement":[{"@type":"ListItem","position":1,"name":"Home","item":"https:\/\/kentis.com\/de\/"},{"@type":"ListItem","position":2,"name":"Gesch\u00e4ft","item":"https:\/\/kentis.com\/de\/shop\/"},{"@type":"ListItem","position":3,"name":"Pflanzen","item":"https:\/\/kentis.com\/de\/produkt-kategorie\/pflanzen\/"},{"@type":"ListItem","position":4,"name":"Pflanzen im Freien","item":"https:\/\/kentis.com\/de\/produkt-kategorie\/pflanzen\/pflanzen-im-freien\/"},{"@type":"ListItem","position":5,"name":"Kugelf\u00f6rmige Gelbe Baumzypresse auf Stamm \u2013 Cupressocyparis Leylandii Castlewellan Gold"}]},{"@type":"WebSite","@id":"https:\/\/kentis.com\/de\/#website","url":"https:\/\/kentis.com\/de\/","name":"Kentis","description":"Atelier del verde","publisher":{"@id":"https:\/\/kentis.com\/de\/#organization"},"potentialAction":[{"@type":"SearchAction","target":{"@type":"EntryPoint","urlTemplate":"https:\/\/kentis.com\/de\/?s={search_term_string}"},"query-input":{"@type":"PropertyValueSpecification","valueRequired":true,"valueName":"search_term_string"}}],"inLanguage":"de"},{"@type":"Organization","@id":"https:\/\/kentis.com\/de\/#organization","name":"Kentis","url":"https:\/\/kentis.com\/de\/","logo":{"@type":"ImageObject","inLanguage":"de","@id":"https:\/\/kentis.com\/de\/#\/schema\/logo\/image\/","url":"https:\/\/kentis.com\/wp-content\/uploads\/2021\/08\/logo-main.png","contentUrl":"https:\/\/kentis.com\/wp-content\/uploads\/2021\/08\/logo-main.png","width":800,"height":204,"caption":"Kentis"},"image":{"@id":"https:\/\/kentis.com\/de\/#\/schema\/logo\/image\/"},"sameAs":["https:\/\/www.facebook.com\/kentisgarden","https:\/\/www.instagram.com\/kentisgarden\/","https:\/\/it.pinterest.com\/kentisgarden","https:\/\/www.tiktok.com\/@kentis.com"]}]}},"_links":{"self":[{"href":"https:\/\/kentis.com\/de\/wp-json\/wp\/v2\/product\/35940","targetHints":{"allow":["GET"]}}],"collection":[{"href":"https:\/\/kentis.com\/de\/wp-json\/wp\/v2\/product"}],"about":[{"href":"https:\/\/kentis.com\/de\/wp-json\/wp\/v2\/types\/product"}],"wp:featuredmedia":[{"embeddable":true,"href":"https:\/\/kentis.com\/de\/wp-json\/wp\/v2\/media\/35937"}],"wp:attachment":[{"href":"https:\/\/kentis.com\/de\/wp-json\/wp\/v2\/media?parent=35940"}],"wp:term":[{"taxonomy":"product_cat","embeddable":true,"href":"https:\/\/kentis.com\/de\/wp-json\/wp\/v2\/product_cat?post=35940"},{"taxonomy":"product_tag","embeddable":true,"href":"https:\/\/kentis.com\/de\/wp-json\/wp\/v2\/product_tag?post=35940"}],"curies":[{"name":"wp","href":"https:\/\/api.w.org\/{rel}","templated":true}]}}