{"id":34821,"date":"2025-07-21T15:43:49","date_gmt":"2025-07-21T13:43:49","guid":{"rendered":"https:\/\/kentis.com\/negozio\/bonsai-pinus-parviflora-pentaphylla-pino-bianco-giapponese\/"},"modified":"2025-07-22T10:25:08","modified_gmt":"2025-07-22T08:25:08","slug":"bonsai-pinus-parviflora-pentaphylla-4","status":"publish","type":"product","link":"https:\/\/kentis.com\/de\/shop\/bonsai-pinus-parviflora-pentaphylla-4\/","title":{"rendered":"Bonsai Pinus Parviflora Pentaphylla &#8211; M\u00e4dchen-Kiefer"},"content":{"rendered":"<div class=\"fusion-fullwidth fullwidth-box fusion-builder-row-1 fusion-flex-container has-pattern-background has-mask-background nonhundred-percent-fullwidth non-hundred-percent-height-scrolling\" style=\"--awb-border-radius-top-left:0px;--awb-border-radius-top-right:0px;--awb-border-radius-bottom-right:0px;--awb-border-radius-bottom-left:0px;--awb-padding-top:0px;--awb-padding-right:0px;--awb-padding-bottom:0px;--awb-padding-left:0px;--awb-flex-wrap:wrap;\" ><div class=\"fusion-builder-row fusion-row fusion-flex-align-items-flex-start fusion-flex-content-wrap\" style=\"max-width:1248px;margin-left: calc(-4% \/ 2 );margin-right: calc(-4% \/ 2 );\"><div class=\"fusion-layout-column fusion_builder_column fusion-builder-column-0 fusion_builder_column_1_1 1_1 fusion-flex-column\" style=\"--awb-bg-size:cover;--awb-width-large:100%;--awb-margin-top-large:0px;--awb-spacing-right-large:1.92%;--awb-margin-bottom-large:0px;--awb-spacing-left-large:1.92%;--awb-width-medium:100%;--awb-spacing-right-medium:1.92%;--awb-spacing-left-medium:1.92%;--awb-width-small:100%;--awb-spacing-right-small:1.92%;--awb-spacing-left-small:1.92%;\"><div class=\"fusion-column-wrapper fusion-flex-justify-content-flex-start fusion-content-layout-column\"><div class=\"fusion-text fusion-text-1\"><p>Der <strong>Bonsai von Pinus parviflora pentaphylla<\/strong>, bekannt als <strong>M\u00e4dchen-Kiefer<\/strong> oder <strong>Japanische Wei\u00dfkiefer<\/strong>, zeichnet sich durch <strong>d\u00fcnne, blaugr\u00fcn gef\u00e4rbte Nadeln<\/strong> aus, die in Gruppen von f\u00fcnf angeordnet sind. Das langsame Wachstum und die <strong>mit dem Alter aufrei\u00dfende Rinde<\/strong> machen diese <strong>immergr\u00fcne Konifere<\/strong> zu einem wahren Naturkunstwerk, das mit der Zeit immer sch\u00f6ner wird.<\/p>\n<p>Es handelt sich um eine <strong>\u00e4u\u00dferst widerstandsf\u00e4hige<\/strong> Pflanze, die sich auch bei schwierigen klimatischen Bedingungen gut anpassen kann und als Bonsai sogar mehrere hundert Jahre alt werden kann. In Japan ist es nicht ungew\u00f6hnlich, dass Kiefern-Bonsai <strong>als Familienerbst\u00fccke weitergegeben<\/strong> werden \u2013 ein Zeichen ihrer kulturellen Bedeutung. Der Bonsai von Pinus parviflora vereint Sch\u00f6nheit, Robustheit und Tradition und ist die ideale Wahl f\u00fcr alle, die eine Pflanze mit Geschichte, Charakter und Prestige pflegen m\u00f6chten. Diese Exemplare wurden in der klassischen Etagenform kultiviert.<\/p>\n<p><em>Ein Keramiktopf ist im Lieferumfang enthalten.<\/em><\/p>\n<p><strong>Diese Exemplare wurden in Japan kultiviert.<\/strong><\/p>\n<\/div><\/div><\/div><\/div><\/div>\n","protected":false},"excerpt":{"rendered":"","protected":false},"featured_media":34783,"template":"","meta":{"_acf_changed":false},"product_cat":[588,531],"product_tag":[],"class_list":{"0":"post-34821","1":"product","2":"type-product","3":"status-publish","4":"has-post-thumbnail","6":"product_cat-bonsai-und-extras","7":"product_cat-pflanzen-im-freien","9":"first","10":"instock","11":"taxable","12":"shipping-taxable","13":"purchasable","14":"product-type-variable","15":"has-default-attributes"},"acf":[],"yoast_head":"<!-- This site is optimized with the Yoast SEO plugin v23.4 - https:\/\/yoast.com\/wordpress\/plugins\/seo\/ -->\n<title>Bonsai Pinus Parviflora Pentaphylla - M\u00e4dchen-Kiefer | Kentis<\/title>\n<meta name=\"description\" content=\"Kaufen Sie den Bonsai Pinus parviflora, auch bekannt als M\u00e4dchen-Kiefer oder Japanische Wei\u00dfkiefer \u2013 ein robuster und ikonischer Bonsai aus Japan.\" \/>\n<meta name=\"robots\" content=\"index, follow, max-snippet:-1, max-image-preview:large, max-video-preview:-1\" \/>\n<link rel=\"canonical\" href=\"https:\/\/kentis.com\/de\/shop\/bonsai-pinus-parviflora-pentaphylla-4\/\" \/>\n<meta property=\"og:locale\" content=\"de_DE\" \/>\n<meta property=\"og:type\" content=\"article\" \/>\n<meta property=\"og:title\" content=\"Bonsai Pinus Parviflora Pentaphylla - M\u00e4dchen-Kiefer | Kentis\" \/>\n<meta property=\"og:description\" content=\"Kaufen Sie den Bonsai Pinus parviflora, auch bekannt als M\u00e4dchen-Kiefer oder Japanische Wei\u00dfkiefer \u2013 ein robuster und ikonischer Bonsai aus Japan.\" \/>\n<meta property=\"og:url\" content=\"https:\/\/kentis.com\/de\/shop\/bonsai-pinus-parviflora-pentaphylla-4\/\" \/>\n<meta property=\"og:site_name\" content=\"Kentis\" \/>\n<meta property=\"article:publisher\" content=\"https:\/\/www.facebook.com\/kentisgarden\" \/>\n<meta property=\"article:modified_time\" content=\"2025-07-22T08:25:08+00:00\" \/>\n<meta property=\"og:image\" content=\"https:\/\/kentis.com\/wp-content\/uploads\/2025\/07\/bonsai-pinus-parviflora-pentaphylla-v22.png\" \/>\n\t<meta property=\"og:image:width\" content=\"1500\" \/>\n\t<meta property=\"og:image:height\" content=\"1500\" \/>\n\t<meta property=\"og:image:type\" content=\"image\/png\" \/>\n<meta name=\"twitter:card\" content=\"summary_large_image\" \/>\n<meta name=\"twitter:label1\" content=\"Gesch\u00e4tzte Lesezeit\" \/>\n\t<meta name=\"twitter:data1\" content=\"2\u00a0Minuten\" \/>\n<script type=\"application\/ld+json\" class=\"yoast-schema-graph\">{\"@context\":\"https:\/\/schema.org\",\"@graph\":[{\"@type\":\"WebPage\",\"@id\":\"https:\/\/kentis.com\/de\/shop\/bonsai-pinus-parviflora-pentaphylla-4\/\",\"url\":\"https:\/\/kentis.com\/de\/shop\/bonsai-pinus-parviflora-pentaphylla-4\/\",\"name\":\"Bonsai Pinus Parviflora Pentaphylla - M\u00e4dchen-Kiefer | Kentis\",\"isPartOf\":{\"@id\":\"https:\/\/kentis.com\/de\/#website\"},\"primaryImageOfPage\":{\"@id\":\"https:\/\/kentis.com\/de\/shop\/bonsai-pinus-parviflora-pentaphylla-4\/#primaryimage\"},\"image\":{\"@id\":\"https:\/\/kentis.com\/de\/shop\/bonsai-pinus-parviflora-pentaphylla-4\/#primaryimage\"},\"thumbnailUrl\":\"https:\/\/kentis.com\/wp-content\/uploads\/2025\/07\/bonsai-pinus-parviflora-pentaphylla-v22.png\",\"datePublished\":\"2025-07-21T13:43:49+00:00\",\"dateModified\":\"2025-07-22T08:25:08+00:00\",\"description\":\"Kaufen Sie den Bonsai Pinus parviflora, auch bekannt als M\u00e4dchen-Kiefer oder Japanische Wei\u00dfkiefer \u2013 ein robuster und ikonischer Bonsai aus Japan.\",\"breadcrumb\":{\"@id\":\"https:\/\/kentis.com\/de\/shop\/bonsai-pinus-parviflora-pentaphylla-4\/#breadcrumb\"},\"inLanguage\":\"de\",\"potentialAction\":[{\"@type\":\"ReadAction\",\"target\":[\"https:\/\/kentis.com\/de\/shop\/bonsai-pinus-parviflora-pentaphylla-4\/\"]}]},{\"@type\":\"ImageObject\",\"inLanguage\":\"de\",\"@id\":\"https:\/\/kentis.com\/de\/shop\/bonsai-pinus-parviflora-pentaphylla-4\/#primaryimage\",\"url\":\"https:\/\/kentis.com\/wp-content\/uploads\/2025\/07\/bonsai-pinus-parviflora-pentaphylla-v22.png\",\"contentUrl\":\"https:\/\/kentis.com\/wp-content\/uploads\/2025\/07\/bonsai-pinus-parviflora-pentaphylla-v22.png\",\"width\":1500,\"height\":1500},{\"@type\":\"BreadcrumbList\",\"@id\":\"https:\/\/kentis.com\/de\/shop\/bonsai-pinus-parviflora-pentaphylla-4\/#breadcrumb\",\"itemListElement\":[{\"@type\":\"ListItem\",\"position\":1,\"name\":\"Home\",\"item\":\"https:\/\/kentis.com\/de\/\"},{\"@type\":\"ListItem\",\"position\":2,\"name\":\"Gesch\u00e4ft\",\"item\":\"https:\/\/kentis.com\/de\/shop\/\"},{\"@type\":\"ListItem\",\"position\":3,\"name\":\"Bonsai und Extras\",\"item\":\"https:\/\/kentis.com\/de\/produkt-kategorie\/bonsai-und-extras\/\"},{\"@type\":\"ListItem\",\"position\":4,\"name\":\"Bonsai Pinus Parviflora Pentaphylla &#8211; M\u00e4dchen-Kiefer\"}]},{\"@type\":\"WebSite\",\"@id\":\"https:\/\/kentis.com\/de\/#website\",\"url\":\"https:\/\/kentis.com\/de\/\",\"name\":\"Kentis\",\"description\":\"Atelier del verde\",\"publisher\":{\"@id\":\"https:\/\/kentis.com\/de\/#organization\"},\"potentialAction\":[{\"@type\":\"SearchAction\",\"target\":{\"@type\":\"EntryPoint\",\"urlTemplate\":\"https:\/\/kentis.com\/de\/?s={search_term_string}\"},\"query-input\":{\"@type\":\"PropertyValueSpecification\",\"valueRequired\":true,\"valueName\":\"search_term_string\"}}],\"inLanguage\":\"de\"},{\"@type\":\"Organization\",\"@id\":\"https:\/\/kentis.com\/de\/#organization\",\"name\":\"Kentis\",\"url\":\"https:\/\/kentis.com\/de\/\",\"logo\":{\"@type\":\"ImageObject\",\"inLanguage\":\"de\",\"@id\":\"https:\/\/kentis.com\/de\/#\/schema\/logo\/image\/\",\"url\":\"https:\/\/kentis.com\/wp-content\/uploads\/2021\/08\/logo-main.png\",\"contentUrl\":\"https:\/\/kentis.com\/wp-content\/uploads\/2021\/08\/logo-main.png\",\"width\":800,\"height\":204,\"caption\":\"Kentis\"},\"image\":{\"@id\":\"https:\/\/kentis.com\/de\/#\/schema\/logo\/image\/\"},\"sameAs\":[\"https:\/\/www.facebook.com\/kentisgarden\",\"https:\/\/www.instagram.com\/kentisgarden\/\",\"https:\/\/it.pinterest.com\/kentisgarden\",\"https:\/\/www.tiktok.com\/@kentis.com\"]}]}<\/script>\n<!-- \/ Yoast SEO plugin. -->","yoast_head_json":{"title":"Bonsai Pinus Parviflora Pentaphylla - M\u00e4dchen-Kiefer | Kentis","description":"Kaufen Sie den Bonsai Pinus parviflora, auch bekannt als M\u00e4dchen-Kiefer oder Japanische Wei\u00dfkiefer \u2013 ein robuster und ikonischer Bonsai aus Japan.","robots":{"index":"index","follow":"follow","max-snippet":"max-snippet:-1","max-image-preview":"max-image-preview:large","max-video-preview":"max-video-preview:-1"},"canonical":"https:\/\/kentis.com\/de\/shop\/bonsai-pinus-parviflora-pentaphylla-4\/","og_locale":"de_DE","og_type":"article","og_title":"Bonsai Pinus Parviflora Pentaphylla - M\u00e4dchen-Kiefer | Kentis","og_description":"Kaufen Sie den Bonsai Pinus parviflora, auch bekannt als M\u00e4dchen-Kiefer oder Japanische Wei\u00dfkiefer \u2013 ein robuster und ikonischer Bonsai aus Japan.","og_url":"https:\/\/kentis.com\/de\/shop\/bonsai-pinus-parviflora-pentaphylla-4\/","og_site_name":"Kentis","article_publisher":"https:\/\/www.facebook.com\/kentisgarden","article_modified_time":"2025-07-22T08:25:08+00:00","og_image":[{"width":1500,"height":1500,"url":"https:\/\/kentis.com\/wp-content\/uploads\/2025\/07\/bonsai-pinus-parviflora-pentaphylla-v22.png","type":"image\/png"}],"twitter_card":"summary_large_image","twitter_misc":{"Gesch\u00e4tzte Lesezeit":"2\u00a0Minuten"},"schema":{"@context":"https:\/\/schema.org","@graph":[{"@type":"WebPage","@id":"https:\/\/kentis.com\/de\/shop\/bonsai-pinus-parviflora-pentaphylla-4\/","url":"https:\/\/kentis.com\/de\/shop\/bonsai-pinus-parviflora-pentaphylla-4\/","name":"Bonsai Pinus Parviflora Pentaphylla - M\u00e4dchen-Kiefer | Kentis","isPartOf":{"@id":"https:\/\/kentis.com\/de\/#website"},"primaryImageOfPage":{"@id":"https:\/\/kentis.com\/de\/shop\/bonsai-pinus-parviflora-pentaphylla-4\/#primaryimage"},"image":{"@id":"https:\/\/kentis.com\/de\/shop\/bonsai-pinus-parviflora-pentaphylla-4\/#primaryimage"},"thumbnailUrl":"https:\/\/kentis.com\/wp-content\/uploads\/2025\/07\/bonsai-pinus-parviflora-pentaphylla-v22.png","datePublished":"2025-07-21T13:43:49+00:00","dateModified":"2025-07-22T08:25:08+00:00","description":"Kaufen Sie den Bonsai Pinus parviflora, auch bekannt als M\u00e4dchen-Kiefer oder Japanische Wei\u00dfkiefer \u2013 ein robuster und ikonischer Bonsai aus Japan.","breadcrumb":{"@id":"https:\/\/kentis.com\/de\/shop\/bonsai-pinus-parviflora-pentaphylla-4\/#breadcrumb"},"inLanguage":"de","potentialAction":[{"@type":"ReadAction","target":["https:\/\/kentis.com\/de\/shop\/bonsai-pinus-parviflora-pentaphylla-4\/"]}]},{"@type":"ImageObject","inLanguage":"de","@id":"https:\/\/kentis.com\/de\/shop\/bonsai-pinus-parviflora-pentaphylla-4\/#primaryimage","url":"https:\/\/kentis.com\/wp-content\/uploads\/2025\/07\/bonsai-pinus-parviflora-pentaphylla-v22.png","contentUrl":"https:\/\/kentis.com\/wp-content\/uploads\/2025\/07\/bonsai-pinus-parviflora-pentaphylla-v22.png","width":1500,"height":1500},{"@type":"BreadcrumbList","@id":"https:\/\/kentis.com\/de\/shop\/bonsai-pinus-parviflora-pentaphylla-4\/#breadcrumb","itemListElement":[{"@type":"ListItem","position":1,"name":"Home","item":"https:\/\/kentis.com\/de\/"},{"@type":"ListItem","position":2,"name":"Gesch\u00e4ft","item":"https:\/\/kentis.com\/de\/shop\/"},{"@type":"ListItem","position":3,"name":"Bonsai und Extras","item":"https:\/\/kentis.com\/de\/produkt-kategorie\/bonsai-und-extras\/"},{"@type":"ListItem","position":4,"name":"Bonsai Pinus Parviflora Pentaphylla &#8211; M\u00e4dchen-Kiefer"}]},{"@type":"WebSite","@id":"https:\/\/kentis.com\/de\/#website","url":"https:\/\/kentis.com\/de\/","name":"Kentis","description":"Atelier del verde","publisher":{"@id":"https:\/\/kentis.com\/de\/#organization"},"potentialAction":[{"@type":"SearchAction","target":{"@type":"EntryPoint","urlTemplate":"https:\/\/kentis.com\/de\/?s={search_term_string}"},"query-input":{"@type":"PropertyValueSpecification","valueRequired":true,"valueName":"search_term_string"}}],"inLanguage":"de"},{"@type":"Organization","@id":"https:\/\/kentis.com\/de\/#organization","name":"Kentis","url":"https:\/\/kentis.com\/de\/","logo":{"@type":"ImageObject","inLanguage":"de","@id":"https:\/\/kentis.com\/de\/#\/schema\/logo\/image\/","url":"https:\/\/kentis.com\/wp-content\/uploads\/2021\/08\/logo-main.png","contentUrl":"https:\/\/kentis.com\/wp-content\/uploads\/2021\/08\/logo-main.png","width":800,"height":204,"caption":"Kentis"},"image":{"@id":"https:\/\/kentis.com\/de\/#\/schema\/logo\/image\/"},"sameAs":["https:\/\/www.facebook.com\/kentisgarden","https:\/\/www.instagram.com\/kentisgarden\/","https:\/\/it.pinterest.com\/kentisgarden","https:\/\/www.tiktok.com\/@kentis.com"]}]}},"_links":{"self":[{"href":"https:\/\/kentis.com\/de\/wp-json\/wp\/v2\/product\/34821","targetHints":{"allow":["GET"]}}],"collection":[{"href":"https:\/\/kentis.com\/de\/wp-json\/wp\/v2\/product"}],"about":[{"href":"https:\/\/kentis.com\/de\/wp-json\/wp\/v2\/types\/product"}],"wp:featuredmedia":[{"embeddable":true,"href":"https:\/\/kentis.com\/de\/wp-json\/wp\/v2\/media\/34783"}],"wp:attachment":[{"href":"https:\/\/kentis.com\/de\/wp-json\/wp\/v2\/media?parent=34821"}],"wp:term":[{"taxonomy":"product_cat","embeddable":true,"href":"https:\/\/kentis.com\/de\/wp-json\/wp\/v2\/product_cat?post=34821"},{"taxonomy":"product_tag","embeddable":true,"href":"https:\/\/kentis.com\/de\/wp-json\/wp\/v2\/product_tag?post=34821"}],"curies":[{"name":"wp","href":"https:\/\/api.w.org\/{rel}","templated":true}]}}