{"id":34707,"date":"2025-07-18T12:07:03","date_gmt":"2025-07-18T10:07:03","guid":{"rendered":"https:\/\/kentis.com\/negozio\/bonsai-podocarpus-macrophyllus-podocarpo-v38\/"},"modified":"2025-07-18T12:26:41","modified_gmt":"2025-07-18T10:26:41","slug":"bonsai-podocarpus-macrophyllus-v38","status":"publish","type":"product","link":"https:\/\/kentis.com\/de\/shop\/bonsai-podocarpus-macrophyllus-v38\/","title":{"rendered":"Bonsai Podocarpus Macrophyllus \u2013 Gro\u00dfbl\u00e4ttrige Steineibe V38"},"content":{"rendered":"<p>Der\u00a0<strong>Bonsai des Podocarpus macrophyllus<\/strong>, auch bekannt als\u00a0<strong>Gro\u00dfbl\u00e4ttrige Steineibe<\/strong>, geh\u00f6rt zu den beliebtesten Pflanzen f\u00fcr alle, die sich der Welt der Bonsai mit einer sicheren, eleganten und optisch eindrucksvollen Wahl n\u00e4hern m\u00f6chten. Seine dichte und kompakte Krone, bestehend aus\u00a0<strong>langen und schmalen nadelartigen Bl\u00e4ttern<\/strong>, verleiht der Pflanze ein Aussehen, das an mediterrane Gew\u00e4chse erinnert \u2013 obwohl ihre Urspr\u00fcnge im Fernen Osten liegen.<\/p>\n<p>Dieser Bonsai wird besonders f\u00fcr seine\u00a0<strong>au\u00dfergew\u00f6hnliche Widerstandsf\u00e4higkeit<\/strong>\u00a0gesch\u00e4tzt, die ihn auch f\u00fcr Anf\u00e4nger ideal macht. Der Podocarpus kann l\u00e4ngere Trockenperioden \u00fcberstehen und verzeiht auch Pflegefehler oder gelegentliches Vergessen beim Gie\u00dfen. Seine Robustheit macht ihn zur perfekten Wahl f\u00fcr alle, die eine Pflanze suchen, die \u00c4sthetik mit einfacher Pflege verbindet.<\/p>\n<p>Eine der interessantesten Eigenschaften des Podocarpus-Bonsais ist seine Vielseitigkeit: Es handelt sich um die einzige Konifere, die auch im Haus gedeihen kann \u2013 daher ist er\u00a0<strong>sowohl als Indoor- als auch als Outdoor-Bonsai hervorragend geeignet<\/strong>. Er kann im Wohnzimmer, auf dem Schreibtisch oder auf der Terrasse platziert werden und bringt in jede Umgebung einen Hauch von Natur und Harmonie.<\/p>\n<p><em>Der Keramiktopf ist im Lieferumfang der Pflanze enthalten.<\/em><\/p>\n","protected":false},"excerpt":{"rendered":"<p>Der\u00a0Bonsai des Podocarpus macrophyllus, auch bekannt als\u00a0Gro\u00dfbl\u00e4ttrige Steineibe, geh\u00f6rt zu [&hellip;]<\/p>\n","protected":false},"featured_media":34704,"template":"","meta":{"_acf_changed":false},"product_cat":[588,531,465],"product_tag":[],"class_list":{"0":"post-34707","1":"product","2":"type-product","3":"status-publish","4":"has-post-thumbnail","6":"product_cat-bonsai-und-extras","7":"product_cat-pflanzen-im-freien","8":"product_cat-zimmerpflanzen","10":"first","11":"instock","12":"taxable","13":"shipping-taxable","14":"purchasable","15":"product-type-variable","16":"has-default-attributes"},"acf":[],"yoast_head":"<!-- This site is optimized with the Yoast SEO plugin v23.4 - https:\/\/yoast.com\/wordpress\/plugins\/seo\/ -->\n<title>Bonsai Podocarpus Macrophyllus - Gro\u00dfbl\u00e4ttrige Steineibe | Kentis<\/title>\n<meta name=\"description\" content=\"Kaufen Sie den Bonsai Podocarpus macrophyllus, auch bekannt als Gro\u00dfbl\u00e4ttrige Steineibe, einen pflegeleichten Bonsai f\u00fcr drinnen und drau\u00dfen.\" \/>\n<meta name=\"robots\" content=\"index, follow, max-snippet:-1, max-image-preview:large, max-video-preview:-1\" \/>\n<link rel=\"canonical\" href=\"https:\/\/kentis.com\/de\/shop\/bonsai-podocarpus-macrophyllus-v38\/\" \/>\n<meta property=\"og:locale\" content=\"de_DE\" \/>\n<meta property=\"og:type\" content=\"article\" \/>\n<meta property=\"og:title\" content=\"Bonsai Podocarpus Macrophyllus - Gro\u00dfbl\u00e4ttrige Steineibe | Kentis\" \/>\n<meta property=\"og:description\" content=\"Kaufen Sie den Bonsai Podocarpus macrophyllus, auch bekannt als Gro\u00dfbl\u00e4ttrige Steineibe, einen pflegeleichten Bonsai f\u00fcr drinnen und drau\u00dfen.\" \/>\n<meta property=\"og:url\" content=\"https:\/\/kentis.com\/de\/shop\/bonsai-podocarpus-macrophyllus-v38\/\" \/>\n<meta property=\"og:site_name\" content=\"Kentis\" \/>\n<meta property=\"article:publisher\" content=\"https:\/\/www.facebook.com\/kentisgarden\" \/>\n<meta property=\"article:modified_time\" content=\"2025-07-18T10:26:41+00:00\" \/>\n<meta property=\"og:image\" content=\"https:\/\/kentis.com\/wp-content\/uploads\/2025\/07\/bonsai-podocarpus-macrophyllus.png\" \/>\n\t<meta property=\"og:image:width\" content=\"1500\" \/>\n\t<meta property=\"og:image:height\" content=\"1500\" \/>\n\t<meta property=\"og:image:type\" content=\"image\/png\" \/>\n<meta name=\"twitter:card\" content=\"summary_large_image\" \/>\n<meta name=\"twitter:label1\" content=\"Gesch\u00e4tzte Lesezeit\" \/>\n\t<meta name=\"twitter:data1\" content=\"2\u00a0Minuten\" \/>\n<script type=\"application\/ld+json\" class=\"yoast-schema-graph\">{\"@context\":\"https:\/\/schema.org\",\"@graph\":[{\"@type\":\"WebPage\",\"@id\":\"https:\/\/kentis.com\/de\/shop\/bonsai-podocarpus-macrophyllus-v38\/\",\"url\":\"https:\/\/kentis.com\/de\/shop\/bonsai-podocarpus-macrophyllus-v38\/\",\"name\":\"Bonsai Podocarpus Macrophyllus - Gro\u00dfbl\u00e4ttrige Steineibe | Kentis\",\"isPartOf\":{\"@id\":\"https:\/\/kentis.com\/de\/#website\"},\"primaryImageOfPage\":{\"@id\":\"https:\/\/kentis.com\/de\/shop\/bonsai-podocarpus-macrophyllus-v38\/#primaryimage\"},\"image\":{\"@id\":\"https:\/\/kentis.com\/de\/shop\/bonsai-podocarpus-macrophyllus-v38\/#primaryimage\"},\"thumbnailUrl\":\"https:\/\/kentis.com\/wp-content\/uploads\/2025\/07\/bonsai-podocarpus-macrophyllus.png\",\"datePublished\":\"2025-07-18T10:07:03+00:00\",\"dateModified\":\"2025-07-18T10:26:41+00:00\",\"description\":\"Kaufen Sie den Bonsai Podocarpus macrophyllus, auch bekannt als Gro\u00dfbl\u00e4ttrige Steineibe, einen pflegeleichten Bonsai f\u00fcr drinnen und drau\u00dfen.\",\"breadcrumb\":{\"@id\":\"https:\/\/kentis.com\/de\/shop\/bonsai-podocarpus-macrophyllus-v38\/#breadcrumb\"},\"inLanguage\":\"de\",\"potentialAction\":[{\"@type\":\"ReadAction\",\"target\":[\"https:\/\/kentis.com\/de\/shop\/bonsai-podocarpus-macrophyllus-v38\/\"]}]},{\"@type\":\"ImageObject\",\"inLanguage\":\"de\",\"@id\":\"https:\/\/kentis.com\/de\/shop\/bonsai-podocarpus-macrophyllus-v38\/#primaryimage\",\"url\":\"https:\/\/kentis.com\/wp-content\/uploads\/2025\/07\/bonsai-podocarpus-macrophyllus.png\",\"contentUrl\":\"https:\/\/kentis.com\/wp-content\/uploads\/2025\/07\/bonsai-podocarpus-macrophyllus.png\",\"width\":1500,\"height\":1500},{\"@type\":\"BreadcrumbList\",\"@id\":\"https:\/\/kentis.com\/de\/shop\/bonsai-podocarpus-macrophyllus-v38\/#breadcrumb\",\"itemListElement\":[{\"@type\":\"ListItem\",\"position\":1,\"name\":\"Home\",\"item\":\"https:\/\/kentis.com\/de\/\"},{\"@type\":\"ListItem\",\"position\":2,\"name\":\"Gesch\u00e4ft\",\"item\":\"https:\/\/kentis.com\/de\/shop\/\"},{\"@type\":\"ListItem\",\"position\":3,\"name\":\"Bonsai und Extras\",\"item\":\"https:\/\/kentis.com\/de\/produkt-kategorie\/bonsai-und-extras\/\"},{\"@type\":\"ListItem\",\"position\":4,\"name\":\"Bonsai Podocarpus Macrophyllus \u2013 Gro\u00dfbl\u00e4ttrige Steineibe V38\"}]},{\"@type\":\"WebSite\",\"@id\":\"https:\/\/kentis.com\/de\/#website\",\"url\":\"https:\/\/kentis.com\/de\/\",\"name\":\"Kentis\",\"description\":\"Atelier del verde\",\"publisher\":{\"@id\":\"https:\/\/kentis.com\/de\/#organization\"},\"potentialAction\":[{\"@type\":\"SearchAction\",\"target\":{\"@type\":\"EntryPoint\",\"urlTemplate\":\"https:\/\/kentis.com\/de\/?s={search_term_string}\"},\"query-input\":{\"@type\":\"PropertyValueSpecification\",\"valueRequired\":true,\"valueName\":\"search_term_string\"}}],\"inLanguage\":\"de\"},{\"@type\":\"Organization\",\"@id\":\"https:\/\/kentis.com\/de\/#organization\",\"name\":\"Kentis\",\"url\":\"https:\/\/kentis.com\/de\/\",\"logo\":{\"@type\":\"ImageObject\",\"inLanguage\":\"de\",\"@id\":\"https:\/\/kentis.com\/de\/#\/schema\/logo\/image\/\",\"url\":\"https:\/\/kentis.com\/wp-content\/uploads\/2021\/08\/logo-main.png\",\"contentUrl\":\"https:\/\/kentis.com\/wp-content\/uploads\/2021\/08\/logo-main.png\",\"width\":800,\"height\":204,\"caption\":\"Kentis\"},\"image\":{\"@id\":\"https:\/\/kentis.com\/de\/#\/schema\/logo\/image\/\"},\"sameAs\":[\"https:\/\/www.facebook.com\/kentisgarden\",\"https:\/\/www.instagram.com\/kentisgarden\/\",\"https:\/\/it.pinterest.com\/kentisgarden\",\"https:\/\/www.tiktok.com\/@kentis.com\"]}]}<\/script>\n<!-- \/ Yoast SEO plugin. -->","yoast_head_json":{"title":"Bonsai Podocarpus Macrophyllus - Gro\u00dfbl\u00e4ttrige Steineibe | Kentis","description":"Kaufen Sie den Bonsai Podocarpus macrophyllus, auch bekannt als Gro\u00dfbl\u00e4ttrige Steineibe, einen pflegeleichten Bonsai f\u00fcr drinnen und drau\u00dfen.","robots":{"index":"index","follow":"follow","max-snippet":"max-snippet:-1","max-image-preview":"max-image-preview:large","max-video-preview":"max-video-preview:-1"},"canonical":"https:\/\/kentis.com\/de\/shop\/bonsai-podocarpus-macrophyllus-v38\/","og_locale":"de_DE","og_type":"article","og_title":"Bonsai Podocarpus Macrophyllus - Gro\u00dfbl\u00e4ttrige Steineibe | Kentis","og_description":"Kaufen Sie den Bonsai Podocarpus macrophyllus, auch bekannt als Gro\u00dfbl\u00e4ttrige Steineibe, einen pflegeleichten Bonsai f\u00fcr drinnen und drau\u00dfen.","og_url":"https:\/\/kentis.com\/de\/shop\/bonsai-podocarpus-macrophyllus-v38\/","og_site_name":"Kentis","article_publisher":"https:\/\/www.facebook.com\/kentisgarden","article_modified_time":"2025-07-18T10:26:41+00:00","og_image":[{"width":1500,"height":1500,"url":"https:\/\/kentis.com\/wp-content\/uploads\/2025\/07\/bonsai-podocarpus-macrophyllus.png","type":"image\/png"}],"twitter_card":"summary_large_image","twitter_misc":{"Gesch\u00e4tzte Lesezeit":"2\u00a0Minuten"},"schema":{"@context":"https:\/\/schema.org","@graph":[{"@type":"WebPage","@id":"https:\/\/kentis.com\/de\/shop\/bonsai-podocarpus-macrophyllus-v38\/","url":"https:\/\/kentis.com\/de\/shop\/bonsai-podocarpus-macrophyllus-v38\/","name":"Bonsai Podocarpus Macrophyllus - Gro\u00dfbl\u00e4ttrige Steineibe | Kentis","isPartOf":{"@id":"https:\/\/kentis.com\/de\/#website"},"primaryImageOfPage":{"@id":"https:\/\/kentis.com\/de\/shop\/bonsai-podocarpus-macrophyllus-v38\/#primaryimage"},"image":{"@id":"https:\/\/kentis.com\/de\/shop\/bonsai-podocarpus-macrophyllus-v38\/#primaryimage"},"thumbnailUrl":"https:\/\/kentis.com\/wp-content\/uploads\/2025\/07\/bonsai-podocarpus-macrophyllus.png","datePublished":"2025-07-18T10:07:03+00:00","dateModified":"2025-07-18T10:26:41+00:00","description":"Kaufen Sie den Bonsai Podocarpus macrophyllus, auch bekannt als Gro\u00dfbl\u00e4ttrige Steineibe, einen pflegeleichten Bonsai f\u00fcr drinnen und drau\u00dfen.","breadcrumb":{"@id":"https:\/\/kentis.com\/de\/shop\/bonsai-podocarpus-macrophyllus-v38\/#breadcrumb"},"inLanguage":"de","potentialAction":[{"@type":"ReadAction","target":["https:\/\/kentis.com\/de\/shop\/bonsai-podocarpus-macrophyllus-v38\/"]}]},{"@type":"ImageObject","inLanguage":"de","@id":"https:\/\/kentis.com\/de\/shop\/bonsai-podocarpus-macrophyllus-v38\/#primaryimage","url":"https:\/\/kentis.com\/wp-content\/uploads\/2025\/07\/bonsai-podocarpus-macrophyllus.png","contentUrl":"https:\/\/kentis.com\/wp-content\/uploads\/2025\/07\/bonsai-podocarpus-macrophyllus.png","width":1500,"height":1500},{"@type":"BreadcrumbList","@id":"https:\/\/kentis.com\/de\/shop\/bonsai-podocarpus-macrophyllus-v38\/#breadcrumb","itemListElement":[{"@type":"ListItem","position":1,"name":"Home","item":"https:\/\/kentis.com\/de\/"},{"@type":"ListItem","position":2,"name":"Gesch\u00e4ft","item":"https:\/\/kentis.com\/de\/shop\/"},{"@type":"ListItem","position":3,"name":"Bonsai und Extras","item":"https:\/\/kentis.com\/de\/produkt-kategorie\/bonsai-und-extras\/"},{"@type":"ListItem","position":4,"name":"Bonsai Podocarpus Macrophyllus \u2013 Gro\u00dfbl\u00e4ttrige Steineibe V38"}]},{"@type":"WebSite","@id":"https:\/\/kentis.com\/de\/#website","url":"https:\/\/kentis.com\/de\/","name":"Kentis","description":"Atelier del verde","publisher":{"@id":"https:\/\/kentis.com\/de\/#organization"},"potentialAction":[{"@type":"SearchAction","target":{"@type":"EntryPoint","urlTemplate":"https:\/\/kentis.com\/de\/?s={search_term_string}"},"query-input":{"@type":"PropertyValueSpecification","valueRequired":true,"valueName":"search_term_string"}}],"inLanguage":"de"},{"@type":"Organization","@id":"https:\/\/kentis.com\/de\/#organization","name":"Kentis","url":"https:\/\/kentis.com\/de\/","logo":{"@type":"ImageObject","inLanguage":"de","@id":"https:\/\/kentis.com\/de\/#\/schema\/logo\/image\/","url":"https:\/\/kentis.com\/wp-content\/uploads\/2021\/08\/logo-main.png","contentUrl":"https:\/\/kentis.com\/wp-content\/uploads\/2021\/08\/logo-main.png","width":800,"height":204,"caption":"Kentis"},"image":{"@id":"https:\/\/kentis.com\/de\/#\/schema\/logo\/image\/"},"sameAs":["https:\/\/www.facebook.com\/kentisgarden","https:\/\/www.instagram.com\/kentisgarden\/","https:\/\/it.pinterest.com\/kentisgarden","https:\/\/www.tiktok.com\/@kentis.com"]}]}},"_links":{"self":[{"href":"https:\/\/kentis.com\/de\/wp-json\/wp\/v2\/product\/34707","targetHints":{"allow":["GET"]}}],"collection":[{"href":"https:\/\/kentis.com\/de\/wp-json\/wp\/v2\/product"}],"about":[{"href":"https:\/\/kentis.com\/de\/wp-json\/wp\/v2\/types\/product"}],"wp:featuredmedia":[{"embeddable":true,"href":"https:\/\/kentis.com\/de\/wp-json\/wp\/v2\/media\/34704"}],"wp:attachment":[{"href":"https:\/\/kentis.com\/de\/wp-json\/wp\/v2\/media?parent=34707"}],"wp:term":[{"taxonomy":"product_cat","embeddable":true,"href":"https:\/\/kentis.com\/de\/wp-json\/wp\/v2\/product_cat?post=34707"},{"taxonomy":"product_tag","embeddable":true,"href":"https:\/\/kentis.com\/de\/wp-json\/wp\/v2\/product_tag?post=34707"}],"curies":[{"name":"wp","href":"https:\/\/api.w.org\/{rel}","templated":true}]}}