{"id":33873,"date":"2025-05-16T17:22:37","date_gmt":"2025-05-16T15:22:37","guid":{"rendered":"https:\/\/kentis.com\/negozio\/bonsai-di-carpino-orientale-carpinus-orientalis-v25\/"},"modified":"2025-05-16T17:47:28","modified_gmt":"2025-05-16T15:47:28","slug":"bonsai-orientalische-hainbuche-carpinus-orientalis","status":"publish","type":"product","link":"https:\/\/kentis.com\/de\/shop\/bonsai-orientalische-hainbuche-carpinus-orientalis\/","title":{"rendered":"Bonsai Orientalische Hainbuche &#8211; Carpinus Orientalis V25"},"content":{"rendered":"<div class=\"fusion-fullwidth fullwidth-box fusion-builder-row-1 fusion-flex-container has-pattern-background has-mask-background nonhundred-percent-fullwidth non-hundred-percent-height-scrolling\" style=\"--awb-border-radius-top-left:0px;--awb-border-radius-top-right:0px;--awb-border-radius-bottom-right:0px;--awb-border-radius-bottom-left:0px;--awb-padding-top:0px;--awb-padding-right:0px;--awb-padding-bottom:0px;--awb-padding-left:0px;--awb-flex-wrap:wrap;\" ><div class=\"fusion-builder-row fusion-row fusion-flex-align-items-flex-start fusion-flex-content-wrap\" style=\"max-width:1248px;margin-left: calc(-4% \/ 2 );margin-right: calc(-4% \/ 2 );\"><div class=\"fusion-layout-column fusion_builder_column fusion-builder-column-0 fusion_builder_column_1_1 1_1 fusion-flex-column\" style=\"--awb-bg-size:cover;--awb-width-large:100%;--awb-margin-top-large:0px;--awb-spacing-right-large:1.92%;--awb-margin-bottom-large:0px;--awb-spacing-left-large:1.92%;--awb-width-medium:100%;--awb-spacing-right-medium:1.92%;--awb-spacing-left-medium:1.92%;--awb-width-small:100%;--awb-spacing-right-small:1.92%;--awb-spacing-left-small:1.92%;\"><div class=\"fusion-column-wrapper fusion-flex-justify-content-flex-start fusion-content-layout-column\"><div class=\"fusion-text fusion-text-1\"><p>Der Bonsai des Carpinus orientalis, allgemein bekannt als Orientalische Hainbuche, wird besonders wegen seines edlen Laubs gesch\u00e4tzt. Die Bl\u00e4tter mit fein gez\u00e4hnten R\u00e4ndern und einer gewellten Oberfl\u00e4che verleihen dem Baum eine unverwechselbare Textur. Im Fr\u00fchling und Sommer zeigen sie ein lebhaftes Gr\u00fcn, w\u00e4hrend sie sich im Herbst \u2013 da es sich um eine laubabwerfende Pflanze handelt \u2013 in wundersch\u00f6ne Gelb-Orange-T\u00f6ne verwandeln, bevor sie abfallen. Der Stamm, kr\u00e4ftig und gut strukturiert mit grauen Schattierungen, verleiht diesem Outdoor-Bonsai ein reifes und elegantes Aussehen.<\/p>\n<p>Die H\u00f6he betr\u00e4gt 35\u201345 cm, gemessen ab der Basis des Topfes.<\/p>\n<p>Der Keramiktopf ist im Lieferumfang der Pflanze enthalten.<\/p>\n<\/div><\/div><\/div><\/div><\/div>\n","protected":false},"excerpt":{"rendered":"","protected":false},"featured_media":33870,"template":"","meta":{"_acf_changed":false},"product_cat":[588,531],"product_tag":[],"class_list":{"0":"post-33873","1":"product","2":"type-product","3":"status-publish","4":"has-post-thumbnail","6":"product_cat-bonsai-und-extras","7":"product_cat-pflanzen-im-freien","9":"first","10":"instock","11":"taxable","12":"shipping-taxable","13":"purchasable","14":"product-type-variable","15":"has-default-attributes"},"acf":[],"yoast_head":"<!-- This site is optimized with the Yoast SEO plugin v23.4 - https:\/\/yoast.com\/wordpress\/plugins\/seo\/ -->\n<title>Bonsai Orientalische Hainbuche - Carpinus Orientalis V25 - Kentis<\/title>\n<meta name=\"description\" content=\"Der Bonsai des Orientalische Hainbuche (Carpinus orientalis) wird sehr f\u00fcr seine Bl\u00e4tter mit gez\u00e4hnten R\u00e4ndern und gewellter Oberfl\u00e4che gesch\u00e4tzt.\" \/>\n<meta name=\"robots\" content=\"index, follow, max-snippet:-1, max-image-preview:large, max-video-preview:-1\" \/>\n<link rel=\"canonical\" href=\"https:\/\/kentis.com\/de\/shop\/bonsai-orientalische-hainbuche-carpinus-orientalis\/\" \/>\n<meta property=\"og:locale\" content=\"de_DE\" \/>\n<meta property=\"og:type\" content=\"article\" \/>\n<meta property=\"og:title\" content=\"Bonsai Orientalische Hainbuche - Carpinus Orientalis V25 - Kentis\" \/>\n<meta property=\"og:description\" content=\"Der Bonsai des Orientalische Hainbuche (Carpinus orientalis) wird sehr f\u00fcr seine Bl\u00e4tter mit gez\u00e4hnten R\u00e4ndern und gewellter Oberfl\u00e4che gesch\u00e4tzt.\" \/>\n<meta property=\"og:url\" content=\"https:\/\/kentis.com\/de\/shop\/bonsai-orientalische-hainbuche-carpinus-orientalis\/\" \/>\n<meta property=\"og:site_name\" content=\"Kentis\" \/>\n<meta property=\"article:publisher\" content=\"https:\/\/www.facebook.com\/kentisgarden\" \/>\n<meta property=\"article:modified_time\" content=\"2025-05-16T15:47:28+00:00\" \/>\n<meta property=\"og:image\" content=\"https:\/\/kentis.com\/wp-content\/uploads\/2025\/05\/bonsai-carpinus-orientalis.png\" \/>\n\t<meta property=\"og:image:width\" content=\"1500\" \/>\n\t<meta property=\"og:image:height\" content=\"1500\" \/>\n\t<meta property=\"og:image:type\" content=\"image\/png\" \/>\n<meta name=\"twitter:card\" content=\"summary_large_image\" \/>\n<meta name=\"twitter:label1\" content=\"Gesch\u00e4tzte Lesezeit\" \/>\n\t<meta name=\"twitter:data1\" content=\"1\u00a0Minute\" \/>\n<script type=\"application\/ld+json\" class=\"yoast-schema-graph\">{\"@context\":\"https:\/\/schema.org\",\"@graph\":[{\"@type\":\"WebPage\",\"@id\":\"https:\/\/kentis.com\/de\/shop\/bonsai-orientalische-hainbuche-carpinus-orientalis\/\",\"url\":\"https:\/\/kentis.com\/de\/shop\/bonsai-orientalische-hainbuche-carpinus-orientalis\/\",\"name\":\"Bonsai Orientalische Hainbuche - Carpinus Orientalis V25 - Kentis\",\"isPartOf\":{\"@id\":\"https:\/\/kentis.com\/de\/#website\"},\"primaryImageOfPage\":{\"@id\":\"https:\/\/kentis.com\/de\/shop\/bonsai-orientalische-hainbuche-carpinus-orientalis\/#primaryimage\"},\"image\":{\"@id\":\"https:\/\/kentis.com\/de\/shop\/bonsai-orientalische-hainbuche-carpinus-orientalis\/#primaryimage\"},\"thumbnailUrl\":\"https:\/\/kentis.com\/wp-content\/uploads\/2025\/05\/bonsai-carpinus-orientalis.png\",\"datePublished\":\"2025-05-16T15:22:37+00:00\",\"dateModified\":\"2025-05-16T15:47:28+00:00\",\"description\":\"Der Bonsai des Orientalische Hainbuche (Carpinus orientalis) wird sehr f\u00fcr seine Bl\u00e4tter mit gez\u00e4hnten R\u00e4ndern und gewellter Oberfl\u00e4che gesch\u00e4tzt.\",\"breadcrumb\":{\"@id\":\"https:\/\/kentis.com\/de\/shop\/bonsai-orientalische-hainbuche-carpinus-orientalis\/#breadcrumb\"},\"inLanguage\":\"de\",\"potentialAction\":[{\"@type\":\"ReadAction\",\"target\":[\"https:\/\/kentis.com\/de\/shop\/bonsai-orientalische-hainbuche-carpinus-orientalis\/\"]}]},{\"@type\":\"ImageObject\",\"inLanguage\":\"de\",\"@id\":\"https:\/\/kentis.com\/de\/shop\/bonsai-orientalische-hainbuche-carpinus-orientalis\/#primaryimage\",\"url\":\"https:\/\/kentis.com\/wp-content\/uploads\/2025\/05\/bonsai-carpinus-orientalis.png\",\"contentUrl\":\"https:\/\/kentis.com\/wp-content\/uploads\/2025\/05\/bonsai-carpinus-orientalis.png\",\"width\":1500,\"height\":1500},{\"@type\":\"BreadcrumbList\",\"@id\":\"https:\/\/kentis.com\/de\/shop\/bonsai-orientalische-hainbuche-carpinus-orientalis\/#breadcrumb\",\"itemListElement\":[{\"@type\":\"ListItem\",\"position\":1,\"name\":\"Home\",\"item\":\"https:\/\/kentis.com\/de\/\"},{\"@type\":\"ListItem\",\"position\":2,\"name\":\"Gesch\u00e4ft\",\"item\":\"https:\/\/kentis.com\/de\/shop\/\"},{\"@type\":\"ListItem\",\"position\":3,\"name\":\"Pflanzen\",\"item\":\"https:\/\/kentis.com\/de\/produkt-kategorie\/pflanzen\/\"},{\"@type\":\"ListItem\",\"position\":4,\"name\":\"Pflanzen im Freien\",\"item\":\"https:\/\/kentis.com\/de\/produkt-kategorie\/pflanzen\/pflanzen-im-freien\/\"},{\"@type\":\"ListItem\",\"position\":5,\"name\":\"Bonsai Orientalische Hainbuche &#8211; Carpinus Orientalis V25\"}]},{\"@type\":\"WebSite\",\"@id\":\"https:\/\/kentis.com\/de\/#website\",\"url\":\"https:\/\/kentis.com\/de\/\",\"name\":\"Kentis\",\"description\":\"Atelier del verde\",\"publisher\":{\"@id\":\"https:\/\/kentis.com\/de\/#organization\"},\"potentialAction\":[{\"@type\":\"SearchAction\",\"target\":{\"@type\":\"EntryPoint\",\"urlTemplate\":\"https:\/\/kentis.com\/de\/?s={search_term_string}\"},\"query-input\":{\"@type\":\"PropertyValueSpecification\",\"valueRequired\":true,\"valueName\":\"search_term_string\"}}],\"inLanguage\":\"de\"},{\"@type\":\"Organization\",\"@id\":\"https:\/\/kentis.com\/de\/#organization\",\"name\":\"Kentis\",\"url\":\"https:\/\/kentis.com\/de\/\",\"logo\":{\"@type\":\"ImageObject\",\"inLanguage\":\"de\",\"@id\":\"https:\/\/kentis.com\/de\/#\/schema\/logo\/image\/\",\"url\":\"https:\/\/kentis.com\/wp-content\/uploads\/2021\/08\/logo-main.png\",\"contentUrl\":\"https:\/\/kentis.com\/wp-content\/uploads\/2021\/08\/logo-main.png\",\"width\":800,\"height\":204,\"caption\":\"Kentis\"},\"image\":{\"@id\":\"https:\/\/kentis.com\/de\/#\/schema\/logo\/image\/\"},\"sameAs\":[\"https:\/\/www.facebook.com\/kentisgarden\",\"https:\/\/www.instagram.com\/kentisgarden\/\",\"https:\/\/it.pinterest.com\/kentisgarden\",\"https:\/\/www.tiktok.com\/@kentis.com\"]}]}<\/script>\n<!-- \/ Yoast SEO plugin. -->","yoast_head_json":{"title":"Bonsai Orientalische Hainbuche - Carpinus Orientalis V25 - Kentis","description":"Der Bonsai des Orientalische Hainbuche (Carpinus orientalis) wird sehr f\u00fcr seine Bl\u00e4tter mit gez\u00e4hnten R\u00e4ndern und gewellter Oberfl\u00e4che gesch\u00e4tzt.","robots":{"index":"index","follow":"follow","max-snippet":"max-snippet:-1","max-image-preview":"max-image-preview:large","max-video-preview":"max-video-preview:-1"},"canonical":"https:\/\/kentis.com\/de\/shop\/bonsai-orientalische-hainbuche-carpinus-orientalis\/","og_locale":"de_DE","og_type":"article","og_title":"Bonsai Orientalische Hainbuche - Carpinus Orientalis V25 - Kentis","og_description":"Der Bonsai des Orientalische Hainbuche (Carpinus orientalis) wird sehr f\u00fcr seine Bl\u00e4tter mit gez\u00e4hnten R\u00e4ndern und gewellter Oberfl\u00e4che gesch\u00e4tzt.","og_url":"https:\/\/kentis.com\/de\/shop\/bonsai-orientalische-hainbuche-carpinus-orientalis\/","og_site_name":"Kentis","article_publisher":"https:\/\/www.facebook.com\/kentisgarden","article_modified_time":"2025-05-16T15:47:28+00:00","og_image":[{"width":1500,"height":1500,"url":"https:\/\/kentis.com\/wp-content\/uploads\/2025\/05\/bonsai-carpinus-orientalis.png","type":"image\/png"}],"twitter_card":"summary_large_image","twitter_misc":{"Gesch\u00e4tzte Lesezeit":"1\u00a0Minute"},"schema":{"@context":"https:\/\/schema.org","@graph":[{"@type":"WebPage","@id":"https:\/\/kentis.com\/de\/shop\/bonsai-orientalische-hainbuche-carpinus-orientalis\/","url":"https:\/\/kentis.com\/de\/shop\/bonsai-orientalische-hainbuche-carpinus-orientalis\/","name":"Bonsai Orientalische Hainbuche - Carpinus Orientalis V25 - Kentis","isPartOf":{"@id":"https:\/\/kentis.com\/de\/#website"},"primaryImageOfPage":{"@id":"https:\/\/kentis.com\/de\/shop\/bonsai-orientalische-hainbuche-carpinus-orientalis\/#primaryimage"},"image":{"@id":"https:\/\/kentis.com\/de\/shop\/bonsai-orientalische-hainbuche-carpinus-orientalis\/#primaryimage"},"thumbnailUrl":"https:\/\/kentis.com\/wp-content\/uploads\/2025\/05\/bonsai-carpinus-orientalis.png","datePublished":"2025-05-16T15:22:37+00:00","dateModified":"2025-05-16T15:47:28+00:00","description":"Der Bonsai des Orientalische Hainbuche (Carpinus orientalis) wird sehr f\u00fcr seine Bl\u00e4tter mit gez\u00e4hnten R\u00e4ndern und gewellter Oberfl\u00e4che gesch\u00e4tzt.","breadcrumb":{"@id":"https:\/\/kentis.com\/de\/shop\/bonsai-orientalische-hainbuche-carpinus-orientalis\/#breadcrumb"},"inLanguage":"de","potentialAction":[{"@type":"ReadAction","target":["https:\/\/kentis.com\/de\/shop\/bonsai-orientalische-hainbuche-carpinus-orientalis\/"]}]},{"@type":"ImageObject","inLanguage":"de","@id":"https:\/\/kentis.com\/de\/shop\/bonsai-orientalische-hainbuche-carpinus-orientalis\/#primaryimage","url":"https:\/\/kentis.com\/wp-content\/uploads\/2025\/05\/bonsai-carpinus-orientalis.png","contentUrl":"https:\/\/kentis.com\/wp-content\/uploads\/2025\/05\/bonsai-carpinus-orientalis.png","width":1500,"height":1500},{"@type":"BreadcrumbList","@id":"https:\/\/kentis.com\/de\/shop\/bonsai-orientalische-hainbuche-carpinus-orientalis\/#breadcrumb","itemListElement":[{"@type":"ListItem","position":1,"name":"Home","item":"https:\/\/kentis.com\/de\/"},{"@type":"ListItem","position":2,"name":"Gesch\u00e4ft","item":"https:\/\/kentis.com\/de\/shop\/"},{"@type":"ListItem","position":3,"name":"Pflanzen","item":"https:\/\/kentis.com\/de\/produkt-kategorie\/pflanzen\/"},{"@type":"ListItem","position":4,"name":"Pflanzen im Freien","item":"https:\/\/kentis.com\/de\/produkt-kategorie\/pflanzen\/pflanzen-im-freien\/"},{"@type":"ListItem","position":5,"name":"Bonsai Orientalische Hainbuche &#8211; Carpinus Orientalis V25"}]},{"@type":"WebSite","@id":"https:\/\/kentis.com\/de\/#website","url":"https:\/\/kentis.com\/de\/","name":"Kentis","description":"Atelier del verde","publisher":{"@id":"https:\/\/kentis.com\/de\/#organization"},"potentialAction":[{"@type":"SearchAction","target":{"@type":"EntryPoint","urlTemplate":"https:\/\/kentis.com\/de\/?s={search_term_string}"},"query-input":{"@type":"PropertyValueSpecification","valueRequired":true,"valueName":"search_term_string"}}],"inLanguage":"de"},{"@type":"Organization","@id":"https:\/\/kentis.com\/de\/#organization","name":"Kentis","url":"https:\/\/kentis.com\/de\/","logo":{"@type":"ImageObject","inLanguage":"de","@id":"https:\/\/kentis.com\/de\/#\/schema\/logo\/image\/","url":"https:\/\/kentis.com\/wp-content\/uploads\/2021\/08\/logo-main.png","contentUrl":"https:\/\/kentis.com\/wp-content\/uploads\/2021\/08\/logo-main.png","width":800,"height":204,"caption":"Kentis"},"image":{"@id":"https:\/\/kentis.com\/de\/#\/schema\/logo\/image\/"},"sameAs":["https:\/\/www.facebook.com\/kentisgarden","https:\/\/www.instagram.com\/kentisgarden\/","https:\/\/it.pinterest.com\/kentisgarden","https:\/\/www.tiktok.com\/@kentis.com"]}]}},"_links":{"self":[{"href":"https:\/\/kentis.com\/de\/wp-json\/wp\/v2\/product\/33873","targetHints":{"allow":["GET"]}}],"collection":[{"href":"https:\/\/kentis.com\/de\/wp-json\/wp\/v2\/product"}],"about":[{"href":"https:\/\/kentis.com\/de\/wp-json\/wp\/v2\/types\/product"}],"wp:featuredmedia":[{"embeddable":true,"href":"https:\/\/kentis.com\/de\/wp-json\/wp\/v2\/media\/33870"}],"wp:attachment":[{"href":"https:\/\/kentis.com\/de\/wp-json\/wp\/v2\/media?parent=33873"}],"wp:term":[{"taxonomy":"product_cat","embeddable":true,"href":"https:\/\/kentis.com\/de\/wp-json\/wp\/v2\/product_cat?post=33873"},{"taxonomy":"product_tag","embeddable":true,"href":"https:\/\/kentis.com\/de\/wp-json\/wp\/v2\/product_tag?post=33873"}],"curies":[{"name":"wp","href":"https:\/\/api.w.org\/{rel}","templated":true}]}}