{"id":33822,"date":"2025-05-08T15:05:07","date_gmt":"2025-05-08T13:05:07","guid":{"rendered":"https:\/\/kentis.com\/negozio\/bonsai-di-azalea-satsuky-rhododendron-v39\/"},"modified":"2025-05-08T16:59:52","modified_gmt":"2025-05-08T14:59:52","slug":"bonsai-der-satsuki-azalee-rhododendron-v39","status":"publish","type":"product","link":"https:\/\/kentis.com\/de\/shop\/bonsai-der-satsuki-azalee-rhododendron-v39\/","title":{"rendered":"Bonsai der Satsuki-Azalee \u2013 Rhododendron V39"},"content":{"rendered":"<div class=\"fusion-fullwidth fullwidth-box fusion-builder-row-1 fusion-flex-container has-pattern-background has-mask-background nonhundred-percent-fullwidth non-hundred-percent-height-scrolling\" style=\"--awb-border-radius-top-left:0px;--awb-border-radius-top-right:0px;--awb-border-radius-bottom-right:0px;--awb-border-radius-bottom-left:0px;--awb-padding-top:0px;--awb-padding-right:0px;--awb-padding-bottom:0px;--awb-padding-left:0px;--awb-flex-wrap:wrap;\" ><div class=\"fusion-builder-row fusion-row fusion-flex-align-items-flex-start fusion-flex-content-wrap\" style=\"max-width:1248px;margin-left: calc(-4% \/ 2 );margin-right: calc(-4% \/ 2 );\"><div class=\"fusion-layout-column fusion_builder_column fusion-builder-column-0 fusion_builder_column_1_1 1_1 fusion-flex-column\" style=\"--awb-bg-size:cover;--awb-width-large:100%;--awb-margin-top-large:0px;--awb-spacing-right-large:1.92%;--awb-margin-bottom-large:20px;--awb-spacing-left-large:1.92%;--awb-width-medium:100%;--awb-order-medium:0;--awb-spacing-right-medium:1.92%;--awb-spacing-left-medium:1.92%;--awb-width-small:100%;--awb-order-small:0;--awb-spacing-right-small:1.92%;--awb-spacing-left-small:1.92%;\"><div class=\"fusion-column-wrapper fusion-column-has-shadow fusion-flex-justify-content-flex-start fusion-content-layout-column\"><div class=\"fusion-text fusion-text-1\"><p>Der Azalea-Satsuki-Bonsai, der zur Gattung Rhododendron geh\u00f6rt, ist einer der am weitesten verbreiteten Bonsai in Japan \u2013 dank seiner Sch\u00f6nheit und der Eigenschaften, die ihn ideal f\u00fcr die Bonsaikultur machen. Seine kleinen Bl\u00e4tter und vor allem seine au\u00dfergew\u00f6hnliche und auff\u00e4llige Bl\u00fcte ziehen unweigerlich die Aufmerksamkeit aller Passanten auf sich.<\/p>\n<p>Die H\u00f6he von der Basis des Topfes betr\u00e4gt 50\u201360 cm.<\/p>\n<p>Dieses Exemplar wurde in Japan kultiviert.<\/p>\n<\/div><\/div><\/div><\/div><\/div>\n","protected":false},"excerpt":{"rendered":"","protected":false},"featured_media":33818,"template":"","meta":{"_acf_changed":false},"product_cat":[588,531],"product_tag":[],"class_list":{"0":"post-33822","1":"product","2":"type-product","3":"status-publish","4":"has-post-thumbnail","6":"product_cat-bonsai-und-extras","7":"product_cat-pflanzen-im-freien","9":"first","10":"instock","11":"taxable","12":"shipping-taxable","13":"purchasable","14":"product-type-variable","15":"has-default-attributes"},"acf":[],"yoast_head":"<!-- This site is optimized with the Yoast SEO plugin v23.4 - https:\/\/yoast.com\/wordpress\/plugins\/seo\/ -->\n<title>Bonsai der Satsuki-Azalee \u2013 Rhododendron V39 - Rosa Bl\u00fcte - Kentis<\/title>\n<meta name=\"description\" content=\"Dieses Exemplar eines Satsuki-Azalee-Bonsais (Rhododendron) mit rosa Bl\u00fcten wurde von japanischen Bonsai-Meistern kultiviert.\" \/>\n<meta name=\"robots\" content=\"index, follow, max-snippet:-1, max-image-preview:large, max-video-preview:-1\" \/>\n<link rel=\"canonical\" href=\"https:\/\/kentis.com\/de\/shop\/bonsai-der-satsuki-azalee-rhododendron-v39\/\" \/>\n<meta property=\"og:locale\" content=\"de_DE\" \/>\n<meta property=\"og:type\" content=\"article\" \/>\n<meta property=\"og:title\" content=\"Bonsai der Satsuki-Azalee \u2013 Rhododendron V39 - Rosa Bl\u00fcte - Kentis\" \/>\n<meta property=\"og:description\" content=\"Dieses Exemplar eines Satsuki-Azalee-Bonsais (Rhododendron) mit rosa Bl\u00fcten wurde von japanischen Bonsai-Meistern kultiviert.\" \/>\n<meta property=\"og:url\" content=\"https:\/\/kentis.com\/de\/shop\/bonsai-der-satsuki-azalee-rhododendron-v39\/\" \/>\n<meta property=\"og:site_name\" content=\"Kentis\" \/>\n<meta property=\"article:publisher\" content=\"https:\/\/www.facebook.com\/kentisgarden\" \/>\n<meta property=\"article:modified_time\" content=\"2025-05-08T14:59:52+00:00\" \/>\n<meta property=\"og:image\" content=\"https:\/\/kentis.com\/wp-content\/uploads\/2025\/05\/bonsai-rhododendron-satsuki-v39.png\" \/>\n\t<meta property=\"og:image:width\" content=\"1500\" \/>\n\t<meta property=\"og:image:height\" content=\"1500\" \/>\n\t<meta property=\"og:image:type\" content=\"image\/png\" \/>\n<meta name=\"twitter:card\" content=\"summary_large_image\" \/>\n<meta name=\"twitter:label1\" content=\"Gesch\u00e4tzte Lesezeit\" \/>\n\t<meta name=\"twitter:data1\" content=\"1\u00a0Minute\" \/>\n<script type=\"application\/ld+json\" class=\"yoast-schema-graph\">{\"@context\":\"https:\/\/schema.org\",\"@graph\":[{\"@type\":\"WebPage\",\"@id\":\"https:\/\/kentis.com\/de\/shop\/bonsai-der-satsuki-azalee-rhododendron-v39\/\",\"url\":\"https:\/\/kentis.com\/de\/shop\/bonsai-der-satsuki-azalee-rhododendron-v39\/\",\"name\":\"Bonsai der Satsuki-Azalee \u2013 Rhododendron V39 - Rosa Bl\u00fcte - Kentis\",\"isPartOf\":{\"@id\":\"https:\/\/kentis.com\/de\/#website\"},\"primaryImageOfPage\":{\"@id\":\"https:\/\/kentis.com\/de\/shop\/bonsai-der-satsuki-azalee-rhododendron-v39\/#primaryimage\"},\"image\":{\"@id\":\"https:\/\/kentis.com\/de\/shop\/bonsai-der-satsuki-azalee-rhododendron-v39\/#primaryimage\"},\"thumbnailUrl\":\"https:\/\/kentis.com\/wp-content\/uploads\/2025\/05\/bonsai-rhododendron-satsuki-v39.png\",\"datePublished\":\"2025-05-08T13:05:07+00:00\",\"dateModified\":\"2025-05-08T14:59:52+00:00\",\"description\":\"Dieses Exemplar eines Satsuki-Azalee-Bonsais (Rhododendron) mit rosa Bl\u00fcten wurde von japanischen Bonsai-Meistern kultiviert.\",\"breadcrumb\":{\"@id\":\"https:\/\/kentis.com\/de\/shop\/bonsai-der-satsuki-azalee-rhododendron-v39\/#breadcrumb\"},\"inLanguage\":\"de\",\"potentialAction\":[{\"@type\":\"ReadAction\",\"target\":[\"https:\/\/kentis.com\/de\/shop\/bonsai-der-satsuki-azalee-rhododendron-v39\/\"]}]},{\"@type\":\"ImageObject\",\"inLanguage\":\"de\",\"@id\":\"https:\/\/kentis.com\/de\/shop\/bonsai-der-satsuki-azalee-rhododendron-v39\/#primaryimage\",\"url\":\"https:\/\/kentis.com\/wp-content\/uploads\/2025\/05\/bonsai-rhododendron-satsuki-v39.png\",\"contentUrl\":\"https:\/\/kentis.com\/wp-content\/uploads\/2025\/05\/bonsai-rhododendron-satsuki-v39.png\",\"width\":1500,\"height\":1500},{\"@type\":\"BreadcrumbList\",\"@id\":\"https:\/\/kentis.com\/de\/shop\/bonsai-der-satsuki-azalee-rhododendron-v39\/#breadcrumb\",\"itemListElement\":[{\"@type\":\"ListItem\",\"position\":1,\"name\":\"Home\",\"item\":\"https:\/\/kentis.com\/de\/\"},{\"@type\":\"ListItem\",\"position\":2,\"name\":\"Gesch\u00e4ft\",\"item\":\"https:\/\/kentis.com\/de\/shop\/\"},{\"@type\":\"ListItem\",\"position\":3,\"name\":\"Bonsai und Extras\",\"item\":\"https:\/\/kentis.com\/de\/produkt-kategorie\/bonsai-und-extras\/\"},{\"@type\":\"ListItem\",\"position\":4,\"name\":\"Bonsai der Satsuki-Azalee \u2013 Rhododendron V39\"}]},{\"@type\":\"WebSite\",\"@id\":\"https:\/\/kentis.com\/de\/#website\",\"url\":\"https:\/\/kentis.com\/de\/\",\"name\":\"Kentis\",\"description\":\"Atelier del verde\",\"publisher\":{\"@id\":\"https:\/\/kentis.com\/de\/#organization\"},\"potentialAction\":[{\"@type\":\"SearchAction\",\"target\":{\"@type\":\"EntryPoint\",\"urlTemplate\":\"https:\/\/kentis.com\/de\/?s={search_term_string}\"},\"query-input\":{\"@type\":\"PropertyValueSpecification\",\"valueRequired\":true,\"valueName\":\"search_term_string\"}}],\"inLanguage\":\"de\"},{\"@type\":\"Organization\",\"@id\":\"https:\/\/kentis.com\/de\/#organization\",\"name\":\"Kentis\",\"url\":\"https:\/\/kentis.com\/de\/\",\"logo\":{\"@type\":\"ImageObject\",\"inLanguage\":\"de\",\"@id\":\"https:\/\/kentis.com\/de\/#\/schema\/logo\/image\/\",\"url\":\"https:\/\/kentis.com\/wp-content\/uploads\/2021\/08\/logo-main.png\",\"contentUrl\":\"https:\/\/kentis.com\/wp-content\/uploads\/2021\/08\/logo-main.png\",\"width\":800,\"height\":204,\"caption\":\"Kentis\"},\"image\":{\"@id\":\"https:\/\/kentis.com\/de\/#\/schema\/logo\/image\/\"},\"sameAs\":[\"https:\/\/www.facebook.com\/kentisgarden\",\"https:\/\/www.instagram.com\/kentisgarden\/\",\"https:\/\/it.pinterest.com\/kentisgarden\",\"https:\/\/www.tiktok.com\/@kentis.com\"]}]}<\/script>\n<!-- \/ Yoast SEO plugin. -->","yoast_head_json":{"title":"Bonsai der Satsuki-Azalee \u2013 Rhododendron V39 - Rosa Bl\u00fcte - Kentis","description":"Dieses Exemplar eines Satsuki-Azalee-Bonsais (Rhododendron) mit rosa Bl\u00fcten wurde von japanischen Bonsai-Meistern kultiviert.","robots":{"index":"index","follow":"follow","max-snippet":"max-snippet:-1","max-image-preview":"max-image-preview:large","max-video-preview":"max-video-preview:-1"},"canonical":"https:\/\/kentis.com\/de\/shop\/bonsai-der-satsuki-azalee-rhododendron-v39\/","og_locale":"de_DE","og_type":"article","og_title":"Bonsai der Satsuki-Azalee \u2013 Rhododendron V39 - Rosa Bl\u00fcte - Kentis","og_description":"Dieses Exemplar eines Satsuki-Azalee-Bonsais (Rhododendron) mit rosa Bl\u00fcten wurde von japanischen Bonsai-Meistern kultiviert.","og_url":"https:\/\/kentis.com\/de\/shop\/bonsai-der-satsuki-azalee-rhododendron-v39\/","og_site_name":"Kentis","article_publisher":"https:\/\/www.facebook.com\/kentisgarden","article_modified_time":"2025-05-08T14:59:52+00:00","og_image":[{"width":1500,"height":1500,"url":"https:\/\/kentis.com\/wp-content\/uploads\/2025\/05\/bonsai-rhododendron-satsuki-v39.png","type":"image\/png"}],"twitter_card":"summary_large_image","twitter_misc":{"Gesch\u00e4tzte Lesezeit":"1\u00a0Minute"},"schema":{"@context":"https:\/\/schema.org","@graph":[{"@type":"WebPage","@id":"https:\/\/kentis.com\/de\/shop\/bonsai-der-satsuki-azalee-rhododendron-v39\/","url":"https:\/\/kentis.com\/de\/shop\/bonsai-der-satsuki-azalee-rhododendron-v39\/","name":"Bonsai der Satsuki-Azalee \u2013 Rhododendron V39 - Rosa Bl\u00fcte - Kentis","isPartOf":{"@id":"https:\/\/kentis.com\/de\/#website"},"primaryImageOfPage":{"@id":"https:\/\/kentis.com\/de\/shop\/bonsai-der-satsuki-azalee-rhododendron-v39\/#primaryimage"},"image":{"@id":"https:\/\/kentis.com\/de\/shop\/bonsai-der-satsuki-azalee-rhododendron-v39\/#primaryimage"},"thumbnailUrl":"https:\/\/kentis.com\/wp-content\/uploads\/2025\/05\/bonsai-rhododendron-satsuki-v39.png","datePublished":"2025-05-08T13:05:07+00:00","dateModified":"2025-05-08T14:59:52+00:00","description":"Dieses Exemplar eines Satsuki-Azalee-Bonsais (Rhododendron) mit rosa Bl\u00fcten wurde von japanischen Bonsai-Meistern kultiviert.","breadcrumb":{"@id":"https:\/\/kentis.com\/de\/shop\/bonsai-der-satsuki-azalee-rhododendron-v39\/#breadcrumb"},"inLanguage":"de","potentialAction":[{"@type":"ReadAction","target":["https:\/\/kentis.com\/de\/shop\/bonsai-der-satsuki-azalee-rhododendron-v39\/"]}]},{"@type":"ImageObject","inLanguage":"de","@id":"https:\/\/kentis.com\/de\/shop\/bonsai-der-satsuki-azalee-rhododendron-v39\/#primaryimage","url":"https:\/\/kentis.com\/wp-content\/uploads\/2025\/05\/bonsai-rhododendron-satsuki-v39.png","contentUrl":"https:\/\/kentis.com\/wp-content\/uploads\/2025\/05\/bonsai-rhododendron-satsuki-v39.png","width":1500,"height":1500},{"@type":"BreadcrumbList","@id":"https:\/\/kentis.com\/de\/shop\/bonsai-der-satsuki-azalee-rhododendron-v39\/#breadcrumb","itemListElement":[{"@type":"ListItem","position":1,"name":"Home","item":"https:\/\/kentis.com\/de\/"},{"@type":"ListItem","position":2,"name":"Gesch\u00e4ft","item":"https:\/\/kentis.com\/de\/shop\/"},{"@type":"ListItem","position":3,"name":"Bonsai und Extras","item":"https:\/\/kentis.com\/de\/produkt-kategorie\/bonsai-und-extras\/"},{"@type":"ListItem","position":4,"name":"Bonsai der Satsuki-Azalee \u2013 Rhododendron V39"}]},{"@type":"WebSite","@id":"https:\/\/kentis.com\/de\/#website","url":"https:\/\/kentis.com\/de\/","name":"Kentis","description":"Atelier del verde","publisher":{"@id":"https:\/\/kentis.com\/de\/#organization"},"potentialAction":[{"@type":"SearchAction","target":{"@type":"EntryPoint","urlTemplate":"https:\/\/kentis.com\/de\/?s={search_term_string}"},"query-input":{"@type":"PropertyValueSpecification","valueRequired":true,"valueName":"search_term_string"}}],"inLanguage":"de"},{"@type":"Organization","@id":"https:\/\/kentis.com\/de\/#organization","name":"Kentis","url":"https:\/\/kentis.com\/de\/","logo":{"@type":"ImageObject","inLanguage":"de","@id":"https:\/\/kentis.com\/de\/#\/schema\/logo\/image\/","url":"https:\/\/kentis.com\/wp-content\/uploads\/2021\/08\/logo-main.png","contentUrl":"https:\/\/kentis.com\/wp-content\/uploads\/2021\/08\/logo-main.png","width":800,"height":204,"caption":"Kentis"},"image":{"@id":"https:\/\/kentis.com\/de\/#\/schema\/logo\/image\/"},"sameAs":["https:\/\/www.facebook.com\/kentisgarden","https:\/\/www.instagram.com\/kentisgarden\/","https:\/\/it.pinterest.com\/kentisgarden","https:\/\/www.tiktok.com\/@kentis.com"]}]}},"_links":{"self":[{"href":"https:\/\/kentis.com\/de\/wp-json\/wp\/v2\/product\/33822","targetHints":{"allow":["GET"]}}],"collection":[{"href":"https:\/\/kentis.com\/de\/wp-json\/wp\/v2\/product"}],"about":[{"href":"https:\/\/kentis.com\/de\/wp-json\/wp\/v2\/types\/product"}],"wp:featuredmedia":[{"embeddable":true,"href":"https:\/\/kentis.com\/de\/wp-json\/wp\/v2\/media\/33818"}],"wp:attachment":[{"href":"https:\/\/kentis.com\/de\/wp-json\/wp\/v2\/media?parent=33822"}],"wp:term":[{"taxonomy":"product_cat","embeddable":true,"href":"https:\/\/kentis.com\/de\/wp-json\/wp\/v2\/product_cat?post=33822"},{"taxonomy":"product_tag","embeddable":true,"href":"https:\/\/kentis.com\/de\/wp-json\/wp\/v2\/product_tag?post=33822"}],"curies":[{"name":"wp","href":"https:\/\/api.w.org\/{rel}","templated":true}]}}