{"id":33604,"date":"2025-04-17T15:12:24","date_gmt":"2025-04-17T13:12:24","guid":{"rendered":"https:\/\/kentis.com\/negozio\/bonsai-di-carpino-carpinus-betulus-v21\/"},"modified":"2025-04-17T15:44:32","modified_gmt":"2025-04-17T13:44:32","slug":"bonsai-di-carpino-carpinus-betulus-v21","status":"publish","type":"product","link":"https:\/\/kentis.com\/de\/shop\/bonsai-di-carpino-carpinus-betulus-v21\/","title":{"rendered":"Bonsai Hainbuche \u2013 Carpinus Betulus V21"},"content":{"rendered":"<div class=\"fusion-fullwidth fullwidth-box fusion-builder-row-1 fusion-flex-container has-pattern-background has-mask-background nonhundred-percent-fullwidth non-hundred-percent-height-scrolling\" style=\"--awb-border-radius-top-left:0px;--awb-border-radius-top-right:0px;--awb-border-radius-bottom-right:0px;--awb-border-radius-bottom-left:0px;--awb-padding-top:0px;--awb-padding-right:0px;--awb-padding-bottom:0px;--awb-padding-left:0px;--awb-flex-wrap:wrap;\" ><div class=\"fusion-builder-row fusion-row fusion-flex-align-items-flex-start fusion-flex-content-wrap\" style=\"max-width:1248px;margin-left: calc(-4% \/ 2 );margin-right: calc(-4% \/ 2 );\"><div class=\"fusion-layout-column fusion_builder_column fusion-builder-column-0 fusion_builder_column_1_1 1_1 fusion-flex-column\" style=\"--awb-bg-size:cover;--awb-width-large:100%;--awb-margin-top-large:0px;--awb-spacing-right-large:1.92%;--awb-margin-bottom-large:20px;--awb-spacing-left-large:1.92%;--awb-width-medium:100%;--awb-order-medium:0;--awb-spacing-right-medium:1.92%;--awb-spacing-left-medium:1.92%;--awb-width-small:100%;--awb-order-small:0;--awb-spacing-right-small:1.92%;--awb-spacing-left-small:1.92%;\"><div class=\"fusion-column-wrapper fusion-column-has-shadow fusion-flex-justify-content-flex-start fusion-content-layout-column\"><div class=\"fusion-text fusion-text-1\"><p>Der Bonsai von Carpinus betulus, allgemein bekannt als Hainbuche oder Wei\u00dfbuche, verdankt seinen Namen der hellen Farbe des Holzes, obwohl die Rinde eher dunkel ist. Es handelt sich um eine sehr gesch\u00e4tzte Art aufgrund ihrer dichten Verzweigung und des robusten Stammes, die der Pflanze ein harmonisches und reifes Aussehen verleihen. Es handelt sich um einen Laubbaum mit ovalen Bl\u00e4ttern und tiefen Adern, die im Fr\u00fchjahr und Sommer ein intensives Gr\u00fcn zeigen und sich im Herbst in warme Farbt\u00f6ne von Gelb bis Rot f\u00e4rben. Der Hainbuchen-Bonsai ist au\u00dferdem sehr pflegeleicht, was ihn auch f\u00fcr Anf\u00e4nger im Bereich der Bonsais ideal macht.<\/p>\n<p>Die H\u00f6he vom Boden des Topfes betr\u00e4gt 40\/50 cm.<\/p>\n<p>Der Keramiktopf ist im Lieferumfang der Pflanze enthalten.<\/p>\n<\/div><\/div><\/div><\/div><\/div>\n","protected":false},"excerpt":{"rendered":"","protected":false},"featured_media":33598,"template":"","meta":{"_acf_changed":false},"product_cat":[588,531],"product_tag":[],"class_list":{"0":"post-33604","1":"product","2":"type-product","3":"status-publish","4":"has-post-thumbnail","6":"product_cat-bonsai-und-extras","7":"product_cat-pflanzen-im-freien","8":"product_shipping_class-franchi-de","10":"first","11":"instock","12":"taxable","13":"shipping-taxable","14":"purchasable","15":"product-type-variable","16":"has-default-attributes"},"acf":[],"yoast_head":"<!-- This site is optimized with the Yoast SEO plugin v23.4 - https:\/\/yoast.com\/wordpress\/plugins\/seo\/ -->\n<title>Bonsai Hainbuche \u2013 Wei\u00dfbuche - Carpinus Betulus V21 - Kentis<\/title>\n<meta name=\"description\" content=\"Der Bonsai von Carpinus betulus, allgemein bekannt als Hainbuche oder Wei\u00dfbuche, ist sehr gesch\u00e4tzt f\u00fcr seine dichte Verzweigung und den robusten Stamm.\" \/>\n<meta name=\"robots\" content=\"index, follow, max-snippet:-1, max-image-preview:large, max-video-preview:-1\" \/>\n<link rel=\"canonical\" href=\"https:\/\/kentis.com\/de\/shop\/bonsai-di-carpino-carpinus-betulus-v21\/\" \/>\n<meta property=\"og:locale\" content=\"de_DE\" \/>\n<meta property=\"og:type\" content=\"article\" \/>\n<meta property=\"og:title\" content=\"Bonsai Hainbuche \u2013 Wei\u00dfbuche - Carpinus Betulus V21 - Kentis\" \/>\n<meta property=\"og:description\" content=\"Der Bonsai von Carpinus betulus, allgemein bekannt als Hainbuche oder Wei\u00dfbuche, ist sehr gesch\u00e4tzt f\u00fcr seine dichte Verzweigung und den robusten Stamm.\" \/>\n<meta property=\"og:url\" content=\"https:\/\/kentis.com\/de\/shop\/bonsai-di-carpino-carpinus-betulus-v21\/\" \/>\n<meta property=\"og:site_name\" content=\"Kentis\" \/>\n<meta property=\"article:publisher\" content=\"https:\/\/www.facebook.com\/kentisgarden\" \/>\n<meta property=\"article:modified_time\" content=\"2025-04-17T13:44:32+00:00\" \/>\n<meta property=\"og:image\" content=\"https:\/\/kentis.com\/wp-content\/uploads\/2025\/04\/carpinus-betulus-v21.png\" \/>\n\t<meta property=\"og:image:width\" content=\"1500\" \/>\n\t<meta property=\"og:image:height\" content=\"1500\" \/>\n\t<meta property=\"og:image:type\" content=\"image\/png\" \/>\n<meta name=\"twitter:card\" content=\"summary_large_image\" \/>\n<meta name=\"twitter:label1\" content=\"Gesch\u00e4tzte Lesezeit\" \/>\n\t<meta name=\"twitter:data1\" content=\"1\u00a0Minute\" \/>\n<script type=\"application\/ld+json\" class=\"yoast-schema-graph\">{\"@context\":\"https:\/\/schema.org\",\"@graph\":[{\"@type\":\"WebPage\",\"@id\":\"https:\/\/kentis.com\/de\/shop\/bonsai-di-carpino-carpinus-betulus-v21\/\",\"url\":\"https:\/\/kentis.com\/de\/shop\/bonsai-di-carpino-carpinus-betulus-v21\/\",\"name\":\"Bonsai Hainbuche \u2013 Wei\u00dfbuche - Carpinus Betulus V21 - Kentis\",\"isPartOf\":{\"@id\":\"https:\/\/kentis.com\/de\/#website\"},\"primaryImageOfPage\":{\"@id\":\"https:\/\/kentis.com\/de\/shop\/bonsai-di-carpino-carpinus-betulus-v21\/#primaryimage\"},\"image\":{\"@id\":\"https:\/\/kentis.com\/de\/shop\/bonsai-di-carpino-carpinus-betulus-v21\/#primaryimage\"},\"thumbnailUrl\":\"https:\/\/kentis.com\/wp-content\/uploads\/2025\/04\/carpinus-betulus-v21.png\",\"datePublished\":\"2025-04-17T13:12:24+00:00\",\"dateModified\":\"2025-04-17T13:44:32+00:00\",\"description\":\"Der Bonsai von Carpinus betulus, allgemein bekannt als Hainbuche oder Wei\u00dfbuche, ist sehr gesch\u00e4tzt f\u00fcr seine dichte Verzweigung und den robusten Stamm.\",\"breadcrumb\":{\"@id\":\"https:\/\/kentis.com\/de\/shop\/bonsai-di-carpino-carpinus-betulus-v21\/#breadcrumb\"},\"inLanguage\":\"de\",\"potentialAction\":[{\"@type\":\"ReadAction\",\"target\":[\"https:\/\/kentis.com\/de\/shop\/bonsai-di-carpino-carpinus-betulus-v21\/\"]}]},{\"@type\":\"ImageObject\",\"inLanguage\":\"de\",\"@id\":\"https:\/\/kentis.com\/de\/shop\/bonsai-di-carpino-carpinus-betulus-v21\/#primaryimage\",\"url\":\"https:\/\/kentis.com\/wp-content\/uploads\/2025\/04\/carpinus-betulus-v21.png\",\"contentUrl\":\"https:\/\/kentis.com\/wp-content\/uploads\/2025\/04\/carpinus-betulus-v21.png\",\"width\":1500,\"height\":1500},{\"@type\":\"BreadcrumbList\",\"@id\":\"https:\/\/kentis.com\/de\/shop\/bonsai-di-carpino-carpinus-betulus-v21\/#breadcrumb\",\"itemListElement\":[{\"@type\":\"ListItem\",\"position\":1,\"name\":\"Home\",\"item\":\"https:\/\/kentis.com\/de\/\"},{\"@type\":\"ListItem\",\"position\":2,\"name\":\"Gesch\u00e4ft\",\"item\":\"https:\/\/kentis.com\/de\/shop\/\"},{\"@type\":\"ListItem\",\"position\":3,\"name\":\"Pflanzen\",\"item\":\"https:\/\/kentis.com\/de\/produkt-kategorie\/pflanzen\/\"},{\"@type\":\"ListItem\",\"position\":4,\"name\":\"Pflanzen im Freien\",\"item\":\"https:\/\/kentis.com\/de\/produkt-kategorie\/pflanzen\/pflanzen-im-freien\/\"},{\"@type\":\"ListItem\",\"position\":5,\"name\":\"Bonsai Hainbuche \u2013 Carpinus Betulus V21\"}]},{\"@type\":\"WebSite\",\"@id\":\"https:\/\/kentis.com\/de\/#website\",\"url\":\"https:\/\/kentis.com\/de\/\",\"name\":\"Kentis\",\"description\":\"Atelier del verde\",\"publisher\":{\"@id\":\"https:\/\/kentis.com\/de\/#organization\"},\"potentialAction\":[{\"@type\":\"SearchAction\",\"target\":{\"@type\":\"EntryPoint\",\"urlTemplate\":\"https:\/\/kentis.com\/de\/?s={search_term_string}\"},\"query-input\":{\"@type\":\"PropertyValueSpecification\",\"valueRequired\":true,\"valueName\":\"search_term_string\"}}],\"inLanguage\":\"de\"},{\"@type\":\"Organization\",\"@id\":\"https:\/\/kentis.com\/de\/#organization\",\"name\":\"Kentis\",\"url\":\"https:\/\/kentis.com\/de\/\",\"logo\":{\"@type\":\"ImageObject\",\"inLanguage\":\"de\",\"@id\":\"https:\/\/kentis.com\/de\/#\/schema\/logo\/image\/\",\"url\":\"https:\/\/kentis.com\/wp-content\/uploads\/2021\/08\/logo-main.png\",\"contentUrl\":\"https:\/\/kentis.com\/wp-content\/uploads\/2021\/08\/logo-main.png\",\"width\":800,\"height\":204,\"caption\":\"Kentis\"},\"image\":{\"@id\":\"https:\/\/kentis.com\/de\/#\/schema\/logo\/image\/\"},\"sameAs\":[\"https:\/\/www.facebook.com\/kentisgarden\",\"https:\/\/www.instagram.com\/kentisgarden\/\",\"https:\/\/it.pinterest.com\/kentisgarden\",\"https:\/\/www.tiktok.com\/@kentis.com\"]}]}<\/script>\n<!-- \/ Yoast SEO plugin. -->","yoast_head_json":{"title":"Bonsai Hainbuche \u2013 Wei\u00dfbuche - Carpinus Betulus V21 - Kentis","description":"Der Bonsai von Carpinus betulus, allgemein bekannt als Hainbuche oder Wei\u00dfbuche, ist sehr gesch\u00e4tzt f\u00fcr seine dichte Verzweigung und den robusten Stamm.","robots":{"index":"index","follow":"follow","max-snippet":"max-snippet:-1","max-image-preview":"max-image-preview:large","max-video-preview":"max-video-preview:-1"},"canonical":"https:\/\/kentis.com\/de\/shop\/bonsai-di-carpino-carpinus-betulus-v21\/","og_locale":"de_DE","og_type":"article","og_title":"Bonsai Hainbuche \u2013 Wei\u00dfbuche - Carpinus Betulus V21 - Kentis","og_description":"Der Bonsai von Carpinus betulus, allgemein bekannt als Hainbuche oder Wei\u00dfbuche, ist sehr gesch\u00e4tzt f\u00fcr seine dichte Verzweigung und den robusten Stamm.","og_url":"https:\/\/kentis.com\/de\/shop\/bonsai-di-carpino-carpinus-betulus-v21\/","og_site_name":"Kentis","article_publisher":"https:\/\/www.facebook.com\/kentisgarden","article_modified_time":"2025-04-17T13:44:32+00:00","og_image":[{"width":1500,"height":1500,"url":"https:\/\/kentis.com\/wp-content\/uploads\/2025\/04\/carpinus-betulus-v21.png","type":"image\/png"}],"twitter_card":"summary_large_image","twitter_misc":{"Gesch\u00e4tzte Lesezeit":"1\u00a0Minute"},"schema":{"@context":"https:\/\/schema.org","@graph":[{"@type":"WebPage","@id":"https:\/\/kentis.com\/de\/shop\/bonsai-di-carpino-carpinus-betulus-v21\/","url":"https:\/\/kentis.com\/de\/shop\/bonsai-di-carpino-carpinus-betulus-v21\/","name":"Bonsai Hainbuche \u2013 Wei\u00dfbuche - Carpinus Betulus V21 - Kentis","isPartOf":{"@id":"https:\/\/kentis.com\/de\/#website"},"primaryImageOfPage":{"@id":"https:\/\/kentis.com\/de\/shop\/bonsai-di-carpino-carpinus-betulus-v21\/#primaryimage"},"image":{"@id":"https:\/\/kentis.com\/de\/shop\/bonsai-di-carpino-carpinus-betulus-v21\/#primaryimage"},"thumbnailUrl":"https:\/\/kentis.com\/wp-content\/uploads\/2025\/04\/carpinus-betulus-v21.png","datePublished":"2025-04-17T13:12:24+00:00","dateModified":"2025-04-17T13:44:32+00:00","description":"Der Bonsai von Carpinus betulus, allgemein bekannt als Hainbuche oder Wei\u00dfbuche, ist sehr gesch\u00e4tzt f\u00fcr seine dichte Verzweigung und den robusten Stamm.","breadcrumb":{"@id":"https:\/\/kentis.com\/de\/shop\/bonsai-di-carpino-carpinus-betulus-v21\/#breadcrumb"},"inLanguage":"de","potentialAction":[{"@type":"ReadAction","target":["https:\/\/kentis.com\/de\/shop\/bonsai-di-carpino-carpinus-betulus-v21\/"]}]},{"@type":"ImageObject","inLanguage":"de","@id":"https:\/\/kentis.com\/de\/shop\/bonsai-di-carpino-carpinus-betulus-v21\/#primaryimage","url":"https:\/\/kentis.com\/wp-content\/uploads\/2025\/04\/carpinus-betulus-v21.png","contentUrl":"https:\/\/kentis.com\/wp-content\/uploads\/2025\/04\/carpinus-betulus-v21.png","width":1500,"height":1500},{"@type":"BreadcrumbList","@id":"https:\/\/kentis.com\/de\/shop\/bonsai-di-carpino-carpinus-betulus-v21\/#breadcrumb","itemListElement":[{"@type":"ListItem","position":1,"name":"Home","item":"https:\/\/kentis.com\/de\/"},{"@type":"ListItem","position":2,"name":"Gesch\u00e4ft","item":"https:\/\/kentis.com\/de\/shop\/"},{"@type":"ListItem","position":3,"name":"Pflanzen","item":"https:\/\/kentis.com\/de\/produkt-kategorie\/pflanzen\/"},{"@type":"ListItem","position":4,"name":"Pflanzen im Freien","item":"https:\/\/kentis.com\/de\/produkt-kategorie\/pflanzen\/pflanzen-im-freien\/"},{"@type":"ListItem","position":5,"name":"Bonsai Hainbuche \u2013 Carpinus Betulus V21"}]},{"@type":"WebSite","@id":"https:\/\/kentis.com\/de\/#website","url":"https:\/\/kentis.com\/de\/","name":"Kentis","description":"Atelier del verde","publisher":{"@id":"https:\/\/kentis.com\/de\/#organization"},"potentialAction":[{"@type":"SearchAction","target":{"@type":"EntryPoint","urlTemplate":"https:\/\/kentis.com\/de\/?s={search_term_string}"},"query-input":{"@type":"PropertyValueSpecification","valueRequired":true,"valueName":"search_term_string"}}],"inLanguage":"de"},{"@type":"Organization","@id":"https:\/\/kentis.com\/de\/#organization","name":"Kentis","url":"https:\/\/kentis.com\/de\/","logo":{"@type":"ImageObject","inLanguage":"de","@id":"https:\/\/kentis.com\/de\/#\/schema\/logo\/image\/","url":"https:\/\/kentis.com\/wp-content\/uploads\/2021\/08\/logo-main.png","contentUrl":"https:\/\/kentis.com\/wp-content\/uploads\/2021\/08\/logo-main.png","width":800,"height":204,"caption":"Kentis"},"image":{"@id":"https:\/\/kentis.com\/de\/#\/schema\/logo\/image\/"},"sameAs":["https:\/\/www.facebook.com\/kentisgarden","https:\/\/www.instagram.com\/kentisgarden\/","https:\/\/it.pinterest.com\/kentisgarden","https:\/\/www.tiktok.com\/@kentis.com"]}]}},"_links":{"self":[{"href":"https:\/\/kentis.com\/de\/wp-json\/wp\/v2\/product\/33604","targetHints":{"allow":["GET"]}}],"collection":[{"href":"https:\/\/kentis.com\/de\/wp-json\/wp\/v2\/product"}],"about":[{"href":"https:\/\/kentis.com\/de\/wp-json\/wp\/v2\/types\/product"}],"wp:featuredmedia":[{"embeddable":true,"href":"https:\/\/kentis.com\/de\/wp-json\/wp\/v2\/media\/33598"}],"wp:attachment":[{"href":"https:\/\/kentis.com\/de\/wp-json\/wp\/v2\/media?parent=33604"}],"wp:term":[{"taxonomy":"product_cat","embeddable":true,"href":"https:\/\/kentis.com\/de\/wp-json\/wp\/v2\/product_cat?post=33604"},{"taxonomy":"product_tag","embeddable":true,"href":"https:\/\/kentis.com\/de\/wp-json\/wp\/v2\/product_tag?post=33604"}],"curies":[{"name":"wp","href":"https:\/\/api.w.org\/{rel}","templated":true}]}}