{"id":32961,"date":"2025-03-05T11:05:24","date_gmt":"2025-03-05T10:05:24","guid":{"rendered":"https:\/\/kentis.com\/negozio\/bonsai-zanthoxylum-piperitum-pepe-v25\/"},"modified":"2025-03-05T11:43:15","modified_gmt":"2025-03-05T10:43:15","slug":"bonsai-zanthoxylum-piperitum-szechuanpfeffer-v25","status":"publish","type":"product","link":"https:\/\/kentis.com\/de\/shop\/bonsai-zanthoxylum-piperitum-szechuanpfeffer-v25\/","title":{"rendered":"Bonsai Zanthoxylum Piperitum \u2013 Szechuanpfeffer V25"},"content":{"rendered":"<div class=\"fusion-fullwidth fullwidth-box fusion-builder-row-1 fusion-flex-container has-pattern-background has-mask-background nonhundred-percent-fullwidth non-hundred-percent-height-scrolling\" style=\"--awb-border-radius-top-left:0px;--awb-border-radius-top-right:0px;--awb-border-radius-bottom-right:0px;--awb-border-radius-bottom-left:0px;--awb-padding-top:0px;--awb-padding-right:0px;--awb-padding-bottom:0px;--awb-padding-left:0px;--awb-flex-wrap:wrap;\" ><div class=\"fusion-builder-row fusion-row fusion-flex-align-items-flex-start fusion-flex-content-wrap\" style=\"max-width:1248px;margin-left: calc(-4% \/ 2 );margin-right: calc(-4% \/ 2 );\"><div class=\"fusion-layout-column fusion_builder_column fusion-builder-column-0 fusion_builder_column_1_1 1_1 fusion-flex-column\" style=\"--awb-bg-size:cover;--awb-width-large:100%;--awb-margin-top-large:0px;--awb-spacing-right-large:1.92%;--awb-margin-bottom-large:20px;--awb-spacing-left-large:1.92%;--awb-width-medium:100%;--awb-order-medium:0;--awb-spacing-right-medium:1.92%;--awb-spacing-left-medium:1.92%;--awb-width-small:100%;--awb-order-small:0;--awb-spacing-right-small:1.92%;--awb-spacing-left-small:1.92%;\"><div class=\"fusion-column-wrapper fusion-column-has-shadow fusion-flex-justify-content-flex-start fusion-content-layout-column\"><div class=\"fusion-text fusion-text-1\"><p>Der Zanthoxylum piperitum bonsai, auch bekannt als Szechuan-Pfeffer, ist ein Bonsai f\u00fcr den Innenbereich, der bei Temperaturen von dauerhaft \u00fcber 10 Grad auch ins Freie gestellt werden kann. Er wird wegen seiner kleinen, hellgr\u00fcnen Bl\u00e4tter, die beim Zerreiben einen frischen, w\u00fcrzigen Duft verstr\u00f6men, sehr gesch\u00e4tzt. Aufgrund seiner einfachen Pflege ist er auch f\u00fcr Bonsai-Neulinge eine ideale Wahl.<\/p>\n<p>H\u00f6he ab Topfboden: 38\/48 cm.<\/p>\n<p>Der Keramiktopf ist im Lieferumfang der Pflanze enthalten.<\/p>\n<\/div><\/div><\/div><\/div><\/div>\n","protected":false},"excerpt":{"rendered":"","protected":false},"featured_media":32958,"template":"","meta":{"_acf_changed":false},"product_cat":[588,465],"product_tag":[],"class_list":{"0":"post-32961","1":"product","2":"type-product","3":"status-publish","4":"has-post-thumbnail","6":"product_cat-bonsai-und-extras","7":"product_cat-zimmerpflanzen","8":"product_shipping_class-franchi-de","10":"first","11":"outofstock","12":"taxable","13":"shipping-taxable","14":"purchasable","15":"product-type-variable","16":"has-default-attributes"},"acf":[],"yoast_head":"<!-- This site is optimized with the Yoast SEO plugin v23.4 - https:\/\/yoast.com\/wordpress\/plugins\/seo\/ -->\n<title>Bonsai Zanthoxylum Piperitum \u2013 Szechuanpfeffer V25 - Kentis<\/title>\n<meta name=\"description\" content=\"Der Bonsai von Zanthoxylum piperitum, bekannt als Sichuanpfeffer, ist ein Zimmerbonsai mit kleinen, gl\u00e4nzend gr\u00fcnen Bl\u00e4ttern, die gut duften.\" \/>\n<meta name=\"robots\" content=\"index, follow, max-snippet:-1, max-image-preview:large, max-video-preview:-1\" \/>\n<link rel=\"canonical\" href=\"https:\/\/kentis.com\/de\/shop\/bonsai-zanthoxylum-piperitum-szechuanpfeffer-v25\/\" \/>\n<meta property=\"og:locale\" content=\"de_DE\" \/>\n<meta property=\"og:type\" content=\"article\" \/>\n<meta property=\"og:title\" content=\"Bonsai Zanthoxylum Piperitum \u2013 Szechuanpfeffer V25 - Kentis\" \/>\n<meta property=\"og:description\" content=\"Der Bonsai von Zanthoxylum piperitum, bekannt als Sichuanpfeffer, ist ein Zimmerbonsai mit kleinen, gl\u00e4nzend gr\u00fcnen Bl\u00e4ttern, die gut duften.\" \/>\n<meta property=\"og:url\" content=\"https:\/\/kentis.com\/de\/shop\/bonsai-zanthoxylum-piperitum-szechuanpfeffer-v25\/\" \/>\n<meta property=\"og:site_name\" content=\"Kentis\" \/>\n<meta property=\"article:publisher\" content=\"https:\/\/www.facebook.com\/kentisgarden\" \/>\n<meta property=\"article:modified_time\" content=\"2025-03-05T10:43:15+00:00\" \/>\n<meta property=\"og:image\" content=\"https:\/\/kentis.com\/wp-content\/uploads\/2025\/03\/Bonsai-zanthoxylum-piperitum-v25.png\" \/>\n\t<meta property=\"og:image:width\" content=\"1000\" \/>\n\t<meta property=\"og:image:height\" content=\"1000\" \/>\n\t<meta property=\"og:image:type\" content=\"image\/png\" \/>\n<meta name=\"twitter:card\" content=\"summary_large_image\" \/>\n<meta name=\"twitter:label1\" content=\"Gesch\u00e4tzte Lesezeit\" \/>\n\t<meta name=\"twitter:data1\" content=\"1\u00a0Minute\" \/>\n<script type=\"application\/ld+json\" class=\"yoast-schema-graph\">{\"@context\":\"https:\/\/schema.org\",\"@graph\":[{\"@type\":\"WebPage\",\"@id\":\"https:\/\/kentis.com\/de\/shop\/bonsai-zanthoxylum-piperitum-szechuanpfeffer-v25\/\",\"url\":\"https:\/\/kentis.com\/de\/shop\/bonsai-zanthoxylum-piperitum-szechuanpfeffer-v25\/\",\"name\":\"Bonsai Zanthoxylum Piperitum \u2013 Szechuanpfeffer V25 - Kentis\",\"isPartOf\":{\"@id\":\"https:\/\/kentis.com\/de\/#website\"},\"primaryImageOfPage\":{\"@id\":\"https:\/\/kentis.com\/de\/shop\/bonsai-zanthoxylum-piperitum-szechuanpfeffer-v25\/#primaryimage\"},\"image\":{\"@id\":\"https:\/\/kentis.com\/de\/shop\/bonsai-zanthoxylum-piperitum-szechuanpfeffer-v25\/#primaryimage\"},\"thumbnailUrl\":\"https:\/\/kentis.com\/wp-content\/uploads\/2025\/03\/Bonsai-zanthoxylum-piperitum-v25.png\",\"datePublished\":\"2025-03-05T10:05:24+00:00\",\"dateModified\":\"2025-03-05T10:43:15+00:00\",\"description\":\"Der Bonsai von Zanthoxylum piperitum, bekannt als Sichuanpfeffer, ist ein Zimmerbonsai mit kleinen, gl\u00e4nzend gr\u00fcnen Bl\u00e4ttern, die gut duften.\",\"breadcrumb\":{\"@id\":\"https:\/\/kentis.com\/de\/shop\/bonsai-zanthoxylum-piperitum-szechuanpfeffer-v25\/#breadcrumb\"},\"inLanguage\":\"de\",\"potentialAction\":[{\"@type\":\"ReadAction\",\"target\":[\"https:\/\/kentis.com\/de\/shop\/bonsai-zanthoxylum-piperitum-szechuanpfeffer-v25\/\"]}]},{\"@type\":\"ImageObject\",\"inLanguage\":\"de\",\"@id\":\"https:\/\/kentis.com\/de\/shop\/bonsai-zanthoxylum-piperitum-szechuanpfeffer-v25\/#primaryimage\",\"url\":\"https:\/\/kentis.com\/wp-content\/uploads\/2025\/03\/Bonsai-zanthoxylum-piperitum-v25.png\",\"contentUrl\":\"https:\/\/kentis.com\/wp-content\/uploads\/2025\/03\/Bonsai-zanthoxylum-piperitum-v25.png\",\"width\":1000,\"height\":1000},{\"@type\":\"BreadcrumbList\",\"@id\":\"https:\/\/kentis.com\/de\/shop\/bonsai-zanthoxylum-piperitum-szechuanpfeffer-v25\/#breadcrumb\",\"itemListElement\":[{\"@type\":\"ListItem\",\"position\":1,\"name\":\"Home\",\"item\":\"https:\/\/kentis.com\/de\/\"},{\"@type\":\"ListItem\",\"position\":2,\"name\":\"Gesch\u00e4ft\",\"item\":\"https:\/\/kentis.com\/de\/shop\/\"},{\"@type\":\"ListItem\",\"position\":3,\"name\":\"Bonsai und Extras\",\"item\":\"https:\/\/kentis.com\/de\/produkt-kategorie\/bonsai-und-extras\/\"},{\"@type\":\"ListItem\",\"position\":4,\"name\":\"Bonsai Zanthoxylum Piperitum \u2013 Szechuanpfeffer V25\"}]},{\"@type\":\"WebSite\",\"@id\":\"https:\/\/kentis.com\/de\/#website\",\"url\":\"https:\/\/kentis.com\/de\/\",\"name\":\"Kentis\",\"description\":\"Atelier del verde\",\"publisher\":{\"@id\":\"https:\/\/kentis.com\/de\/#organization\"},\"potentialAction\":[{\"@type\":\"SearchAction\",\"target\":{\"@type\":\"EntryPoint\",\"urlTemplate\":\"https:\/\/kentis.com\/de\/?s={search_term_string}\"},\"query-input\":{\"@type\":\"PropertyValueSpecification\",\"valueRequired\":true,\"valueName\":\"search_term_string\"}}],\"inLanguage\":\"de\"},{\"@type\":\"Organization\",\"@id\":\"https:\/\/kentis.com\/de\/#organization\",\"name\":\"Kentis\",\"url\":\"https:\/\/kentis.com\/de\/\",\"logo\":{\"@type\":\"ImageObject\",\"inLanguage\":\"de\",\"@id\":\"https:\/\/kentis.com\/de\/#\/schema\/logo\/image\/\",\"url\":\"https:\/\/kentis.com\/wp-content\/uploads\/2021\/08\/logo-main.png\",\"contentUrl\":\"https:\/\/kentis.com\/wp-content\/uploads\/2021\/08\/logo-main.png\",\"width\":800,\"height\":204,\"caption\":\"Kentis\"},\"image\":{\"@id\":\"https:\/\/kentis.com\/de\/#\/schema\/logo\/image\/\"},\"sameAs\":[\"https:\/\/www.facebook.com\/kentisgarden\",\"https:\/\/www.instagram.com\/kentisgarden\/\",\"https:\/\/it.pinterest.com\/kentisgarden\",\"https:\/\/www.tiktok.com\/@kentis.com\"]}]}<\/script>\n<!-- \/ Yoast SEO plugin. -->","yoast_head_json":{"title":"Bonsai Zanthoxylum Piperitum \u2013 Szechuanpfeffer V25 - Kentis","description":"Der Bonsai von Zanthoxylum piperitum, bekannt als Sichuanpfeffer, ist ein Zimmerbonsai mit kleinen, gl\u00e4nzend gr\u00fcnen Bl\u00e4ttern, die gut duften.","robots":{"index":"index","follow":"follow","max-snippet":"max-snippet:-1","max-image-preview":"max-image-preview:large","max-video-preview":"max-video-preview:-1"},"canonical":"https:\/\/kentis.com\/de\/shop\/bonsai-zanthoxylum-piperitum-szechuanpfeffer-v25\/","og_locale":"de_DE","og_type":"article","og_title":"Bonsai Zanthoxylum Piperitum \u2013 Szechuanpfeffer V25 - Kentis","og_description":"Der Bonsai von Zanthoxylum piperitum, bekannt als Sichuanpfeffer, ist ein Zimmerbonsai mit kleinen, gl\u00e4nzend gr\u00fcnen Bl\u00e4ttern, die gut duften.","og_url":"https:\/\/kentis.com\/de\/shop\/bonsai-zanthoxylum-piperitum-szechuanpfeffer-v25\/","og_site_name":"Kentis","article_publisher":"https:\/\/www.facebook.com\/kentisgarden","article_modified_time":"2025-03-05T10:43:15+00:00","og_image":[{"width":1000,"height":1000,"url":"https:\/\/kentis.com\/wp-content\/uploads\/2025\/03\/Bonsai-zanthoxylum-piperitum-v25.png","type":"image\/png"}],"twitter_card":"summary_large_image","twitter_misc":{"Gesch\u00e4tzte Lesezeit":"1\u00a0Minute"},"schema":{"@context":"https:\/\/schema.org","@graph":[{"@type":"WebPage","@id":"https:\/\/kentis.com\/de\/shop\/bonsai-zanthoxylum-piperitum-szechuanpfeffer-v25\/","url":"https:\/\/kentis.com\/de\/shop\/bonsai-zanthoxylum-piperitum-szechuanpfeffer-v25\/","name":"Bonsai Zanthoxylum Piperitum \u2013 Szechuanpfeffer V25 - Kentis","isPartOf":{"@id":"https:\/\/kentis.com\/de\/#website"},"primaryImageOfPage":{"@id":"https:\/\/kentis.com\/de\/shop\/bonsai-zanthoxylum-piperitum-szechuanpfeffer-v25\/#primaryimage"},"image":{"@id":"https:\/\/kentis.com\/de\/shop\/bonsai-zanthoxylum-piperitum-szechuanpfeffer-v25\/#primaryimage"},"thumbnailUrl":"https:\/\/kentis.com\/wp-content\/uploads\/2025\/03\/Bonsai-zanthoxylum-piperitum-v25.png","datePublished":"2025-03-05T10:05:24+00:00","dateModified":"2025-03-05T10:43:15+00:00","description":"Der Bonsai von Zanthoxylum piperitum, bekannt als Sichuanpfeffer, ist ein Zimmerbonsai mit kleinen, gl\u00e4nzend gr\u00fcnen Bl\u00e4ttern, die gut duften.","breadcrumb":{"@id":"https:\/\/kentis.com\/de\/shop\/bonsai-zanthoxylum-piperitum-szechuanpfeffer-v25\/#breadcrumb"},"inLanguage":"de","potentialAction":[{"@type":"ReadAction","target":["https:\/\/kentis.com\/de\/shop\/bonsai-zanthoxylum-piperitum-szechuanpfeffer-v25\/"]}]},{"@type":"ImageObject","inLanguage":"de","@id":"https:\/\/kentis.com\/de\/shop\/bonsai-zanthoxylum-piperitum-szechuanpfeffer-v25\/#primaryimage","url":"https:\/\/kentis.com\/wp-content\/uploads\/2025\/03\/Bonsai-zanthoxylum-piperitum-v25.png","contentUrl":"https:\/\/kentis.com\/wp-content\/uploads\/2025\/03\/Bonsai-zanthoxylum-piperitum-v25.png","width":1000,"height":1000},{"@type":"BreadcrumbList","@id":"https:\/\/kentis.com\/de\/shop\/bonsai-zanthoxylum-piperitum-szechuanpfeffer-v25\/#breadcrumb","itemListElement":[{"@type":"ListItem","position":1,"name":"Home","item":"https:\/\/kentis.com\/de\/"},{"@type":"ListItem","position":2,"name":"Gesch\u00e4ft","item":"https:\/\/kentis.com\/de\/shop\/"},{"@type":"ListItem","position":3,"name":"Bonsai und Extras","item":"https:\/\/kentis.com\/de\/produkt-kategorie\/bonsai-und-extras\/"},{"@type":"ListItem","position":4,"name":"Bonsai Zanthoxylum Piperitum \u2013 Szechuanpfeffer V25"}]},{"@type":"WebSite","@id":"https:\/\/kentis.com\/de\/#website","url":"https:\/\/kentis.com\/de\/","name":"Kentis","description":"Atelier del verde","publisher":{"@id":"https:\/\/kentis.com\/de\/#organization"},"potentialAction":[{"@type":"SearchAction","target":{"@type":"EntryPoint","urlTemplate":"https:\/\/kentis.com\/de\/?s={search_term_string}"},"query-input":{"@type":"PropertyValueSpecification","valueRequired":true,"valueName":"search_term_string"}}],"inLanguage":"de"},{"@type":"Organization","@id":"https:\/\/kentis.com\/de\/#organization","name":"Kentis","url":"https:\/\/kentis.com\/de\/","logo":{"@type":"ImageObject","inLanguage":"de","@id":"https:\/\/kentis.com\/de\/#\/schema\/logo\/image\/","url":"https:\/\/kentis.com\/wp-content\/uploads\/2021\/08\/logo-main.png","contentUrl":"https:\/\/kentis.com\/wp-content\/uploads\/2021\/08\/logo-main.png","width":800,"height":204,"caption":"Kentis"},"image":{"@id":"https:\/\/kentis.com\/de\/#\/schema\/logo\/image\/"},"sameAs":["https:\/\/www.facebook.com\/kentisgarden","https:\/\/www.instagram.com\/kentisgarden\/","https:\/\/it.pinterest.com\/kentisgarden","https:\/\/www.tiktok.com\/@kentis.com"]}]}},"_links":{"self":[{"href":"https:\/\/kentis.com\/de\/wp-json\/wp\/v2\/product\/32961","targetHints":{"allow":["GET"]}}],"collection":[{"href":"https:\/\/kentis.com\/de\/wp-json\/wp\/v2\/product"}],"about":[{"href":"https:\/\/kentis.com\/de\/wp-json\/wp\/v2\/types\/product"}],"wp:featuredmedia":[{"embeddable":true,"href":"https:\/\/kentis.com\/de\/wp-json\/wp\/v2\/media\/32958"}],"wp:attachment":[{"href":"https:\/\/kentis.com\/de\/wp-json\/wp\/v2\/media?parent=32961"}],"wp:term":[{"taxonomy":"product_cat","embeddable":true,"href":"https:\/\/kentis.com\/de\/wp-json\/wp\/v2\/product_cat?post=32961"},{"taxonomy":"product_tag","embeddable":true,"href":"https:\/\/kentis.com\/de\/wp-json\/wp\/v2\/product_tag?post=32961"}],"curies":[{"name":"wp","href":"https:\/\/api.w.org\/{rel}","templated":true}]}}