{"id":32824,"date":"2025-03-03T15:48:13","date_gmt":"2025-03-03T14:48:13","guid":{"rendered":"https:\/\/kentis.com\/negozio\/bonsai-acer-palmatum-kiyohime-v16\/"},"modified":"2025-03-03T17:05:55","modified_gmt":"2025-03-03T16:05:55","slug":"bonsai-acer-palmatum-kiyohime-ahorn","status":"publish","type":"product","link":"https:\/\/kentis.com\/de\/shop\/bonsai-acer-palmatum-kiyohime-ahorn\/","title":{"rendered":"Bonsai Acer Palmatum &#8220;Kiyohime&#8221; &#8211; Ahorn V16"},"content":{"rendered":"<div class=\"fusion-fullwidth fullwidth-box fusion-builder-row-1 fusion-flex-container has-pattern-background has-mask-background nonhundred-percent-fullwidth non-hundred-percent-height-scrolling\" style=\"--awb-border-radius-top-left:0px;--awb-border-radius-top-right:0px;--awb-border-radius-bottom-right:0px;--awb-border-radius-bottom-left:0px;--awb-padding-top:0px;--awb-padding-right:0px;--awb-padding-bottom:0px;--awb-padding-left:0px;--awb-flex-wrap:wrap;\" ><div class=\"fusion-builder-row fusion-row fusion-flex-align-items-flex-start fusion-flex-content-wrap\" style=\"max-width:1248px;margin-left: calc(-4% \/ 2 );margin-right: calc(-4% \/ 2 );\"><div class=\"fusion-layout-column fusion_builder_column fusion-builder-column-0 fusion_builder_column_1_1 1_1 fusion-flex-column\" style=\"--awb-bg-size:cover;--awb-width-large:100%;--awb-margin-top-large:0px;--awb-spacing-right-large:1.92%;--awb-margin-bottom-large:20px;--awb-spacing-left-large:1.92%;--awb-width-medium:100%;--awb-order-medium:0;--awb-spacing-right-medium:1.92%;--awb-spacing-left-medium:1.92%;--awb-width-small:100%;--awb-order-small:0;--awb-spacing-right-small:1.92%;--awb-spacing-left-small:1.92%;\"><div class=\"fusion-column-wrapper fusion-column-has-shadow fusion-flex-justify-content-flex-start fusion-content-layout-column\"><div class=\"fusion-text fusion-text-1\"><p>Der Bonsai Acer palmatum &#8216;Kiyohime&#8217; ist eine Ahornsorte, die sich durch die charakteristische runde Form ihres Laubes auszeichnet. Diese sommergr\u00fcne Pflanze bildet im Fr\u00fchjahr gr\u00fcne Bl\u00e4tter mit gelb-rotem Rand, die vom Fr\u00fchjahr bis zum Herbst allm\u00e4hlich dunkler werden, bevor sie sich in leuchtende Gelb- und Oranget\u00f6ne verwandeln und dann abfallen.<\/p>\n<p>H\u00f6he ab Topfboden: 20\/25 cm.<\/p>\n<p>Der Keramiktopf ist im Lieferumfang der Pflanze enthalten.<\/p>\n<\/div><\/div><\/div><\/div><\/div>\n","protected":false},"excerpt":{"rendered":"","protected":false},"featured_media":32820,"template":"","meta":{"_acf_changed":false},"product_cat":[588,531],"product_tag":[],"class_list":{"0":"post-32824","1":"product","2":"type-product","3":"status-publish","4":"has-post-thumbnail","6":"product_cat-bonsai-und-extras","7":"product_cat-pflanzen-im-freien","9":"first","10":"instock","11":"taxable","12":"shipping-taxable","13":"purchasable","14":"product-type-variable","15":"has-default-attributes"},"acf":[],"yoast_head":"<!-- This site is optimized with the Yoast SEO plugin v23.4 - https:\/\/yoast.com\/wordpress\/plugins\/seo\/ -->\n<title>Bonsai Acer Palmatum &quot;Kiyohime&quot; - Ahorn V16 - Kentis<\/title>\n<meta name=\"description\" content=\"Der Acer palmatum &#039;Kiyohime&#039; Bonsai ist eine Ahornsorte, die sich durch die runde Form des Laubes mit gr\u00fcnen Bl\u00e4ttern mit gelb\/rotem Rand auszeichnet.\" \/>\n<meta name=\"robots\" content=\"index, follow, max-snippet:-1, max-image-preview:large, max-video-preview:-1\" \/>\n<link rel=\"canonical\" href=\"https:\/\/kentis.com\/de\/shop\/bonsai-acer-palmatum-kiyohime-ahorn\/\" \/>\n<meta property=\"og:locale\" content=\"de_DE\" \/>\n<meta property=\"og:type\" content=\"article\" \/>\n<meta property=\"og:title\" content=\"Bonsai Acer Palmatum &quot;Kiyohime&quot; - Ahorn V16 - Kentis\" \/>\n<meta property=\"og:description\" content=\"Der Acer palmatum &#039;Kiyohime&#039; Bonsai ist eine Ahornsorte, die sich durch die runde Form des Laubes mit gr\u00fcnen Bl\u00e4ttern mit gelb\/rotem Rand auszeichnet.\" \/>\n<meta property=\"og:url\" content=\"https:\/\/kentis.com\/de\/shop\/bonsai-acer-palmatum-kiyohime-ahorn\/\" \/>\n<meta property=\"og:site_name\" content=\"Kentis\" \/>\n<meta property=\"article:publisher\" content=\"https:\/\/www.facebook.com\/kentisgarden\" \/>\n<meta property=\"article:modified_time\" content=\"2025-03-03T16:05:55+00:00\" \/>\n<meta property=\"og:image\" content=\"https:\/\/kentis.com\/wp-content\/uploads\/2025\/03\/Bonsai-Acer-palmatum-kiyohime.png\" \/>\n\t<meta property=\"og:image:width\" content=\"1000\" \/>\n\t<meta property=\"og:image:height\" content=\"1000\" \/>\n\t<meta property=\"og:image:type\" content=\"image\/png\" \/>\n<meta name=\"twitter:card\" content=\"summary_large_image\" \/>\n<meta name=\"twitter:label1\" content=\"Gesch\u00e4tzte Lesezeit\" \/>\n\t<meta name=\"twitter:data1\" content=\"1\u00a0Minute\" \/>\n<script type=\"application\/ld+json\" class=\"yoast-schema-graph\">{\"@context\":\"https:\/\/schema.org\",\"@graph\":[{\"@type\":\"WebPage\",\"@id\":\"https:\/\/kentis.com\/de\/shop\/bonsai-acer-palmatum-kiyohime-ahorn\/\",\"url\":\"https:\/\/kentis.com\/de\/shop\/bonsai-acer-palmatum-kiyohime-ahorn\/\",\"name\":\"Bonsai Acer Palmatum \\\"Kiyohime\\\" - Ahorn V16 - Kentis\",\"isPartOf\":{\"@id\":\"https:\/\/kentis.com\/de\/#website\"},\"primaryImageOfPage\":{\"@id\":\"https:\/\/kentis.com\/de\/shop\/bonsai-acer-palmatum-kiyohime-ahorn\/#primaryimage\"},\"image\":{\"@id\":\"https:\/\/kentis.com\/de\/shop\/bonsai-acer-palmatum-kiyohime-ahorn\/#primaryimage\"},\"thumbnailUrl\":\"https:\/\/kentis.com\/wp-content\/uploads\/2025\/03\/Bonsai-Acer-palmatum-kiyohime.png\",\"datePublished\":\"2025-03-03T14:48:13+00:00\",\"dateModified\":\"2025-03-03T16:05:55+00:00\",\"description\":\"Der Acer palmatum 'Kiyohime' Bonsai ist eine Ahornsorte, die sich durch die runde Form des Laubes mit gr\u00fcnen Bl\u00e4ttern mit gelb\/rotem Rand auszeichnet.\",\"breadcrumb\":{\"@id\":\"https:\/\/kentis.com\/de\/shop\/bonsai-acer-palmatum-kiyohime-ahorn\/#breadcrumb\"},\"inLanguage\":\"de\",\"potentialAction\":[{\"@type\":\"ReadAction\",\"target\":[\"https:\/\/kentis.com\/de\/shop\/bonsai-acer-palmatum-kiyohime-ahorn\/\"]}]},{\"@type\":\"ImageObject\",\"inLanguage\":\"de\",\"@id\":\"https:\/\/kentis.com\/de\/shop\/bonsai-acer-palmatum-kiyohime-ahorn\/#primaryimage\",\"url\":\"https:\/\/kentis.com\/wp-content\/uploads\/2025\/03\/Bonsai-Acer-palmatum-kiyohime.png\",\"contentUrl\":\"https:\/\/kentis.com\/wp-content\/uploads\/2025\/03\/Bonsai-Acer-palmatum-kiyohime.png\",\"width\":1000,\"height\":1000},{\"@type\":\"BreadcrumbList\",\"@id\":\"https:\/\/kentis.com\/de\/shop\/bonsai-acer-palmatum-kiyohime-ahorn\/#breadcrumb\",\"itemListElement\":[{\"@type\":\"ListItem\",\"position\":1,\"name\":\"Home\",\"item\":\"https:\/\/kentis.com\/de\/\"},{\"@type\":\"ListItem\",\"position\":2,\"name\":\"Gesch\u00e4ft\",\"item\":\"https:\/\/kentis.com\/de\/shop\/\"},{\"@type\":\"ListItem\",\"position\":3,\"name\":\"Bonsai und Extras\",\"item\":\"https:\/\/kentis.com\/de\/produkt-kategorie\/bonsai-und-extras\/\"},{\"@type\":\"ListItem\",\"position\":4,\"name\":\"Bonsai Acer Palmatum &#8220;Kiyohime&#8221; &#8211; Ahorn V16\"}]},{\"@type\":\"WebSite\",\"@id\":\"https:\/\/kentis.com\/de\/#website\",\"url\":\"https:\/\/kentis.com\/de\/\",\"name\":\"Kentis\",\"description\":\"Atelier del verde\",\"publisher\":{\"@id\":\"https:\/\/kentis.com\/de\/#organization\"},\"potentialAction\":[{\"@type\":\"SearchAction\",\"target\":{\"@type\":\"EntryPoint\",\"urlTemplate\":\"https:\/\/kentis.com\/de\/?s={search_term_string}\"},\"query-input\":{\"@type\":\"PropertyValueSpecification\",\"valueRequired\":true,\"valueName\":\"search_term_string\"}}],\"inLanguage\":\"de\"},{\"@type\":\"Organization\",\"@id\":\"https:\/\/kentis.com\/de\/#organization\",\"name\":\"Kentis\",\"url\":\"https:\/\/kentis.com\/de\/\",\"logo\":{\"@type\":\"ImageObject\",\"inLanguage\":\"de\",\"@id\":\"https:\/\/kentis.com\/de\/#\/schema\/logo\/image\/\",\"url\":\"https:\/\/kentis.com\/wp-content\/uploads\/2021\/08\/logo-main.png\",\"contentUrl\":\"https:\/\/kentis.com\/wp-content\/uploads\/2021\/08\/logo-main.png\",\"width\":800,\"height\":204,\"caption\":\"Kentis\"},\"image\":{\"@id\":\"https:\/\/kentis.com\/de\/#\/schema\/logo\/image\/\"},\"sameAs\":[\"https:\/\/www.facebook.com\/kentisgarden\",\"https:\/\/www.instagram.com\/kentisgarden\/\",\"https:\/\/it.pinterest.com\/kentisgarden\",\"https:\/\/www.tiktok.com\/@kentis.com\"]}]}<\/script>\n<!-- \/ Yoast SEO plugin. -->","yoast_head_json":{"title":"Bonsai Acer Palmatum \"Kiyohime\" - Ahorn V16 - Kentis","description":"Der Acer palmatum 'Kiyohime' Bonsai ist eine Ahornsorte, die sich durch die runde Form des Laubes mit gr\u00fcnen Bl\u00e4ttern mit gelb\/rotem Rand auszeichnet.","robots":{"index":"index","follow":"follow","max-snippet":"max-snippet:-1","max-image-preview":"max-image-preview:large","max-video-preview":"max-video-preview:-1"},"canonical":"https:\/\/kentis.com\/de\/shop\/bonsai-acer-palmatum-kiyohime-ahorn\/","og_locale":"de_DE","og_type":"article","og_title":"Bonsai Acer Palmatum \"Kiyohime\" - Ahorn V16 - Kentis","og_description":"Der Acer palmatum 'Kiyohime' Bonsai ist eine Ahornsorte, die sich durch die runde Form des Laubes mit gr\u00fcnen Bl\u00e4ttern mit gelb\/rotem Rand auszeichnet.","og_url":"https:\/\/kentis.com\/de\/shop\/bonsai-acer-palmatum-kiyohime-ahorn\/","og_site_name":"Kentis","article_publisher":"https:\/\/www.facebook.com\/kentisgarden","article_modified_time":"2025-03-03T16:05:55+00:00","og_image":[{"width":1000,"height":1000,"url":"https:\/\/kentis.com\/wp-content\/uploads\/2025\/03\/Bonsai-Acer-palmatum-kiyohime.png","type":"image\/png"}],"twitter_card":"summary_large_image","twitter_misc":{"Gesch\u00e4tzte Lesezeit":"1\u00a0Minute"},"schema":{"@context":"https:\/\/schema.org","@graph":[{"@type":"WebPage","@id":"https:\/\/kentis.com\/de\/shop\/bonsai-acer-palmatum-kiyohime-ahorn\/","url":"https:\/\/kentis.com\/de\/shop\/bonsai-acer-palmatum-kiyohime-ahorn\/","name":"Bonsai Acer Palmatum \"Kiyohime\" - Ahorn V16 - Kentis","isPartOf":{"@id":"https:\/\/kentis.com\/de\/#website"},"primaryImageOfPage":{"@id":"https:\/\/kentis.com\/de\/shop\/bonsai-acer-palmatum-kiyohime-ahorn\/#primaryimage"},"image":{"@id":"https:\/\/kentis.com\/de\/shop\/bonsai-acer-palmatum-kiyohime-ahorn\/#primaryimage"},"thumbnailUrl":"https:\/\/kentis.com\/wp-content\/uploads\/2025\/03\/Bonsai-Acer-palmatum-kiyohime.png","datePublished":"2025-03-03T14:48:13+00:00","dateModified":"2025-03-03T16:05:55+00:00","description":"Der Acer palmatum 'Kiyohime' Bonsai ist eine Ahornsorte, die sich durch die runde Form des Laubes mit gr\u00fcnen Bl\u00e4ttern mit gelb\/rotem Rand auszeichnet.","breadcrumb":{"@id":"https:\/\/kentis.com\/de\/shop\/bonsai-acer-palmatum-kiyohime-ahorn\/#breadcrumb"},"inLanguage":"de","potentialAction":[{"@type":"ReadAction","target":["https:\/\/kentis.com\/de\/shop\/bonsai-acer-palmatum-kiyohime-ahorn\/"]}]},{"@type":"ImageObject","inLanguage":"de","@id":"https:\/\/kentis.com\/de\/shop\/bonsai-acer-palmatum-kiyohime-ahorn\/#primaryimage","url":"https:\/\/kentis.com\/wp-content\/uploads\/2025\/03\/Bonsai-Acer-palmatum-kiyohime.png","contentUrl":"https:\/\/kentis.com\/wp-content\/uploads\/2025\/03\/Bonsai-Acer-palmatum-kiyohime.png","width":1000,"height":1000},{"@type":"BreadcrumbList","@id":"https:\/\/kentis.com\/de\/shop\/bonsai-acer-palmatum-kiyohime-ahorn\/#breadcrumb","itemListElement":[{"@type":"ListItem","position":1,"name":"Home","item":"https:\/\/kentis.com\/de\/"},{"@type":"ListItem","position":2,"name":"Gesch\u00e4ft","item":"https:\/\/kentis.com\/de\/shop\/"},{"@type":"ListItem","position":3,"name":"Bonsai und Extras","item":"https:\/\/kentis.com\/de\/produkt-kategorie\/bonsai-und-extras\/"},{"@type":"ListItem","position":4,"name":"Bonsai Acer Palmatum &#8220;Kiyohime&#8221; &#8211; Ahorn V16"}]},{"@type":"WebSite","@id":"https:\/\/kentis.com\/de\/#website","url":"https:\/\/kentis.com\/de\/","name":"Kentis","description":"Atelier del verde","publisher":{"@id":"https:\/\/kentis.com\/de\/#organization"},"potentialAction":[{"@type":"SearchAction","target":{"@type":"EntryPoint","urlTemplate":"https:\/\/kentis.com\/de\/?s={search_term_string}"},"query-input":{"@type":"PropertyValueSpecification","valueRequired":true,"valueName":"search_term_string"}}],"inLanguage":"de"},{"@type":"Organization","@id":"https:\/\/kentis.com\/de\/#organization","name":"Kentis","url":"https:\/\/kentis.com\/de\/","logo":{"@type":"ImageObject","inLanguage":"de","@id":"https:\/\/kentis.com\/de\/#\/schema\/logo\/image\/","url":"https:\/\/kentis.com\/wp-content\/uploads\/2021\/08\/logo-main.png","contentUrl":"https:\/\/kentis.com\/wp-content\/uploads\/2021\/08\/logo-main.png","width":800,"height":204,"caption":"Kentis"},"image":{"@id":"https:\/\/kentis.com\/de\/#\/schema\/logo\/image\/"},"sameAs":["https:\/\/www.facebook.com\/kentisgarden","https:\/\/www.instagram.com\/kentisgarden\/","https:\/\/it.pinterest.com\/kentisgarden","https:\/\/www.tiktok.com\/@kentis.com"]}]}},"_links":{"self":[{"href":"https:\/\/kentis.com\/de\/wp-json\/wp\/v2\/product\/32824","targetHints":{"allow":["GET"]}}],"collection":[{"href":"https:\/\/kentis.com\/de\/wp-json\/wp\/v2\/product"}],"about":[{"href":"https:\/\/kentis.com\/de\/wp-json\/wp\/v2\/types\/product"}],"wp:featuredmedia":[{"embeddable":true,"href":"https:\/\/kentis.com\/de\/wp-json\/wp\/v2\/media\/32820"}],"wp:attachment":[{"href":"https:\/\/kentis.com\/de\/wp-json\/wp\/v2\/media?parent=32824"}],"wp:term":[{"taxonomy":"product_cat","embeddable":true,"href":"https:\/\/kentis.com\/de\/wp-json\/wp\/v2\/product_cat?post=32824"},{"taxonomy":"product_tag","embeddable":true,"href":"https:\/\/kentis.com\/de\/wp-json\/wp\/v2\/product_tag?post=32824"}],"curies":[{"name":"wp","href":"https:\/\/api.w.org\/{rel}","templated":true}]}}