{"id":32756,"date":"2025-02-28T16:04:20","date_gmt":"2025-02-28T15:04:20","guid":{"rendered":"https:\/\/kentis.com\/negozio\/bonsai-acer-palmatum-bi-hoo-v18\/"},"modified":"2025-04-10T16:47:08","modified_gmt":"2025-04-10T14:47:08","slug":"bonsai-acer-palmatum-bi-hoo-v18","status":"publish","type":"product","link":"https:\/\/kentis.com\/de\/shop\/bonsai-acer-palmatum-bi-hoo-v18\/","title":{"rendered":"Bonsai Acer Palmatum &#8220;Bi Hoo&#8221; &#8211; Ahorn V18"},"content":{"rendered":"<div class=\"fusion-fullwidth fullwidth-box fusion-builder-row-1 fusion-flex-container has-pattern-background has-mask-background nonhundred-percent-fullwidth non-hundred-percent-height-scrolling\" style=\"--awb-border-radius-top-left:0px;--awb-border-radius-top-right:0px;--awb-border-radius-bottom-right:0px;--awb-border-radius-bottom-left:0px;--awb-padding-top:0px;--awb-padding-right:0px;--awb-padding-bottom:0px;--awb-padding-left:0px;--awb-flex-wrap:wrap;\" ><div class=\"fusion-builder-row fusion-row fusion-flex-align-items-flex-start fusion-flex-content-wrap\" style=\"max-width:1248px;margin-left: calc(-4% \/ 2 );margin-right: calc(-4% \/ 2 );\"><div class=\"fusion-layout-column fusion_builder_column fusion-builder-column-0 fusion_builder_column_1_1 1_1 fusion-flex-column\" style=\"--awb-bg-size:cover;--awb-width-large:100%;--awb-margin-top-large:0px;--awb-spacing-right-large:1.92%;--awb-margin-bottom-large:20px;--awb-spacing-left-large:1.92%;--awb-width-medium:100%;--awb-order-medium:0;--awb-spacing-right-medium:1.92%;--awb-spacing-left-medium:1.92%;--awb-width-small:100%;--awb-order-small:0;--awb-spacing-right-small:1.92%;--awb-spacing-left-small:1.92%;\"><div class=\"fusion-column-wrapper fusion-column-has-shadow fusion-flex-justify-content-flex-start fusion-content-layout-column\"><div class=\"fusion-text fusion-text-1\"><p>Der Acer palmatum &#8216;Bi Hoo&#8217; Bonsai ist eine beliebte Ahornsorte, die f\u00fcr ihre faszinierenden Farben von Stamm und Bl\u00e4ttern bekannt ist. Der Stamm zeichnet sich durch seine leuchtend gelbe Farbe aus, w\u00e4hrend die Bl\u00e4tter im Fr\u00fchjahr lachsfarben erscheinen und sich im Laufe der Zeit hellgr\u00fcn f\u00e4rben. Im Herbst f\u00e4rben sich die Bl\u00e4tter in sch\u00f6nen Gelb- und Oranget\u00f6nen, bevor sie abfallen und ein wunderbares Farbspektakel bieten. Auch die St\u00e4ngel f\u00e4rben sich gelb und orange und bilden einen eleganten und harmonischen Kontrast.<\/p>\n<p>H\u00f6he vom Boden der Vase aus: 32\/42 cm.<\/p>\n<p>Der Keramiktopf ist im Lieferumfang der Pflanze enthalten.<\/p>\n<\/div><\/div><\/div><\/div><\/div>\n","protected":false},"excerpt":{"rendered":"","protected":false},"featured_media":33325,"template":"","meta":{"_acf_changed":false},"product_cat":[588,531],"product_tag":[],"class_list":{"0":"post-32756","1":"product","2":"type-product","3":"status-publish","4":"has-post-thumbnail","6":"product_cat-bonsai-und-extras","7":"product_cat-pflanzen-im-freien","8":"product_shipping_class-franchi-de","10":"first","11":"instock","12":"taxable","13":"shipping-taxable","14":"purchasable","15":"product-type-variable","16":"has-default-attributes"},"acf":[],"yoast_head":"<!-- This site is optimized with the Yoast SEO plugin v23.4 - https:\/\/yoast.com\/wordpress\/plugins\/seo\/ -->\n<title>Bonsai Acer Palmatum &quot;Bi Hoo&quot; - Ahorn V18 - Kentis<\/title>\n<meta name=\"description\" content=\"Der Acer palmatum &#039;Bi Hoo&#039; Bonsai ist eine sehr beliebte Ahornsorte, die f\u00fcr ihre faszinierenden Farben des Stammes und der Bl\u00e4tter bekannt ist.\" \/>\n<meta name=\"robots\" content=\"index, follow, max-snippet:-1, max-image-preview:large, max-video-preview:-1\" \/>\n<link rel=\"canonical\" href=\"https:\/\/kentis.com\/de\/shop\/bonsai-acer-palmatum-bi-hoo-v18\/\" \/>\n<meta property=\"og:locale\" content=\"de_DE\" \/>\n<meta property=\"og:type\" content=\"article\" \/>\n<meta property=\"og:title\" content=\"Bonsai Acer Palmatum &quot;Bi Hoo&quot; - Ahorn V18 - Kentis\" \/>\n<meta property=\"og:description\" content=\"Der Acer palmatum &#039;Bi Hoo&#039; Bonsai ist eine sehr beliebte Ahornsorte, die f\u00fcr ihre faszinierenden Farben des Stammes und der Bl\u00e4tter bekannt ist.\" \/>\n<meta property=\"og:url\" content=\"https:\/\/kentis.com\/de\/shop\/bonsai-acer-palmatum-bi-hoo-v18\/\" \/>\n<meta property=\"og:site_name\" content=\"Kentis\" \/>\n<meta property=\"article:publisher\" content=\"https:\/\/www.facebook.com\/kentisgarden\" \/>\n<meta property=\"article:modified_time\" content=\"2025-04-10T14:47:08+00:00\" \/>\n<meta property=\"og:image\" content=\"https:\/\/kentis.com\/wp-content\/uploads\/2025\/02\/bonsai-acer-palmatum-bi-hoo-1.png\" \/>\n\t<meta property=\"og:image:width\" content=\"1500\" \/>\n\t<meta property=\"og:image:height\" content=\"1500\" \/>\n\t<meta property=\"og:image:type\" content=\"image\/png\" \/>\n<meta name=\"twitter:card\" content=\"summary_large_image\" \/>\n<meta name=\"twitter:label1\" content=\"Gesch\u00e4tzte Lesezeit\" \/>\n\t<meta name=\"twitter:data1\" content=\"1\u00a0Minute\" \/>\n<script type=\"application\/ld+json\" class=\"yoast-schema-graph\">{\"@context\":\"https:\/\/schema.org\",\"@graph\":[{\"@type\":\"WebPage\",\"@id\":\"https:\/\/kentis.com\/de\/shop\/bonsai-acer-palmatum-bi-hoo-v18\/\",\"url\":\"https:\/\/kentis.com\/de\/shop\/bonsai-acer-palmatum-bi-hoo-v18\/\",\"name\":\"Bonsai Acer Palmatum \\\"Bi Hoo\\\" - Ahorn V18 - Kentis\",\"isPartOf\":{\"@id\":\"https:\/\/kentis.com\/de\/#website\"},\"primaryImageOfPage\":{\"@id\":\"https:\/\/kentis.com\/de\/shop\/bonsai-acer-palmatum-bi-hoo-v18\/#primaryimage\"},\"image\":{\"@id\":\"https:\/\/kentis.com\/de\/shop\/bonsai-acer-palmatum-bi-hoo-v18\/#primaryimage\"},\"thumbnailUrl\":\"https:\/\/kentis.com\/wp-content\/uploads\/2025\/02\/bonsai-acer-palmatum-bi-hoo-1.png\",\"datePublished\":\"2025-02-28T15:04:20+00:00\",\"dateModified\":\"2025-04-10T14:47:08+00:00\",\"description\":\"Der Acer palmatum 'Bi Hoo' Bonsai ist eine sehr beliebte Ahornsorte, die f\u00fcr ihre faszinierenden Farben des Stammes und der Bl\u00e4tter bekannt ist.\",\"breadcrumb\":{\"@id\":\"https:\/\/kentis.com\/de\/shop\/bonsai-acer-palmatum-bi-hoo-v18\/#breadcrumb\"},\"inLanguage\":\"de\",\"potentialAction\":[{\"@type\":\"ReadAction\",\"target\":[\"https:\/\/kentis.com\/de\/shop\/bonsai-acer-palmatum-bi-hoo-v18\/\"]}]},{\"@type\":\"ImageObject\",\"inLanguage\":\"de\",\"@id\":\"https:\/\/kentis.com\/de\/shop\/bonsai-acer-palmatum-bi-hoo-v18\/#primaryimage\",\"url\":\"https:\/\/kentis.com\/wp-content\/uploads\/2025\/02\/bonsai-acer-palmatum-bi-hoo-1.png\",\"contentUrl\":\"https:\/\/kentis.com\/wp-content\/uploads\/2025\/02\/bonsai-acer-palmatum-bi-hoo-1.png\",\"width\":1500,\"height\":1500},{\"@type\":\"BreadcrumbList\",\"@id\":\"https:\/\/kentis.com\/de\/shop\/bonsai-acer-palmatum-bi-hoo-v18\/#breadcrumb\",\"itemListElement\":[{\"@type\":\"ListItem\",\"position\":1,\"name\":\"Home\",\"item\":\"https:\/\/kentis.com\/de\/\"},{\"@type\":\"ListItem\",\"position\":2,\"name\":\"Gesch\u00e4ft\",\"item\":\"https:\/\/kentis.com\/de\/shop\/\"},{\"@type\":\"ListItem\",\"position\":3,\"name\":\"Bonsai und Extras\",\"item\":\"https:\/\/kentis.com\/de\/produkt-kategorie\/bonsai-und-extras\/\"},{\"@type\":\"ListItem\",\"position\":4,\"name\":\"Bonsai Acer Palmatum &#8220;Bi Hoo&#8221; &#8211; Ahorn V18\"}]},{\"@type\":\"WebSite\",\"@id\":\"https:\/\/kentis.com\/de\/#website\",\"url\":\"https:\/\/kentis.com\/de\/\",\"name\":\"Kentis\",\"description\":\"Atelier del verde\",\"publisher\":{\"@id\":\"https:\/\/kentis.com\/de\/#organization\"},\"potentialAction\":[{\"@type\":\"SearchAction\",\"target\":{\"@type\":\"EntryPoint\",\"urlTemplate\":\"https:\/\/kentis.com\/de\/?s={search_term_string}\"},\"query-input\":{\"@type\":\"PropertyValueSpecification\",\"valueRequired\":true,\"valueName\":\"search_term_string\"}}],\"inLanguage\":\"de\"},{\"@type\":\"Organization\",\"@id\":\"https:\/\/kentis.com\/de\/#organization\",\"name\":\"Kentis\",\"url\":\"https:\/\/kentis.com\/de\/\",\"logo\":{\"@type\":\"ImageObject\",\"inLanguage\":\"de\",\"@id\":\"https:\/\/kentis.com\/de\/#\/schema\/logo\/image\/\",\"url\":\"https:\/\/kentis.com\/wp-content\/uploads\/2021\/08\/logo-main.png\",\"contentUrl\":\"https:\/\/kentis.com\/wp-content\/uploads\/2021\/08\/logo-main.png\",\"width\":800,\"height\":204,\"caption\":\"Kentis\"},\"image\":{\"@id\":\"https:\/\/kentis.com\/de\/#\/schema\/logo\/image\/\"},\"sameAs\":[\"https:\/\/www.facebook.com\/kentisgarden\",\"https:\/\/www.instagram.com\/kentisgarden\/\",\"https:\/\/it.pinterest.com\/kentisgarden\",\"https:\/\/www.tiktok.com\/@kentis.com\"]}]}<\/script>\n<!-- \/ Yoast SEO plugin. -->","yoast_head_json":{"title":"Bonsai Acer Palmatum \"Bi Hoo\" - Ahorn V18 - Kentis","description":"Der Acer palmatum 'Bi Hoo' Bonsai ist eine sehr beliebte Ahornsorte, die f\u00fcr ihre faszinierenden Farben des Stammes und der Bl\u00e4tter bekannt ist.","robots":{"index":"index","follow":"follow","max-snippet":"max-snippet:-1","max-image-preview":"max-image-preview:large","max-video-preview":"max-video-preview:-1"},"canonical":"https:\/\/kentis.com\/de\/shop\/bonsai-acer-palmatum-bi-hoo-v18\/","og_locale":"de_DE","og_type":"article","og_title":"Bonsai Acer Palmatum \"Bi Hoo\" - Ahorn V18 - Kentis","og_description":"Der Acer palmatum 'Bi Hoo' Bonsai ist eine sehr beliebte Ahornsorte, die f\u00fcr ihre faszinierenden Farben des Stammes und der Bl\u00e4tter bekannt ist.","og_url":"https:\/\/kentis.com\/de\/shop\/bonsai-acer-palmatum-bi-hoo-v18\/","og_site_name":"Kentis","article_publisher":"https:\/\/www.facebook.com\/kentisgarden","article_modified_time":"2025-04-10T14:47:08+00:00","og_image":[{"width":1500,"height":1500,"url":"https:\/\/kentis.com\/wp-content\/uploads\/2025\/02\/bonsai-acer-palmatum-bi-hoo-1.png","type":"image\/png"}],"twitter_card":"summary_large_image","twitter_misc":{"Gesch\u00e4tzte Lesezeit":"1\u00a0Minute"},"schema":{"@context":"https:\/\/schema.org","@graph":[{"@type":"WebPage","@id":"https:\/\/kentis.com\/de\/shop\/bonsai-acer-palmatum-bi-hoo-v18\/","url":"https:\/\/kentis.com\/de\/shop\/bonsai-acer-palmatum-bi-hoo-v18\/","name":"Bonsai Acer Palmatum \"Bi Hoo\" - Ahorn V18 - Kentis","isPartOf":{"@id":"https:\/\/kentis.com\/de\/#website"},"primaryImageOfPage":{"@id":"https:\/\/kentis.com\/de\/shop\/bonsai-acer-palmatum-bi-hoo-v18\/#primaryimage"},"image":{"@id":"https:\/\/kentis.com\/de\/shop\/bonsai-acer-palmatum-bi-hoo-v18\/#primaryimage"},"thumbnailUrl":"https:\/\/kentis.com\/wp-content\/uploads\/2025\/02\/bonsai-acer-palmatum-bi-hoo-1.png","datePublished":"2025-02-28T15:04:20+00:00","dateModified":"2025-04-10T14:47:08+00:00","description":"Der Acer palmatum 'Bi Hoo' Bonsai ist eine sehr beliebte Ahornsorte, die f\u00fcr ihre faszinierenden Farben des Stammes und der Bl\u00e4tter bekannt ist.","breadcrumb":{"@id":"https:\/\/kentis.com\/de\/shop\/bonsai-acer-palmatum-bi-hoo-v18\/#breadcrumb"},"inLanguage":"de","potentialAction":[{"@type":"ReadAction","target":["https:\/\/kentis.com\/de\/shop\/bonsai-acer-palmatum-bi-hoo-v18\/"]}]},{"@type":"ImageObject","inLanguage":"de","@id":"https:\/\/kentis.com\/de\/shop\/bonsai-acer-palmatum-bi-hoo-v18\/#primaryimage","url":"https:\/\/kentis.com\/wp-content\/uploads\/2025\/02\/bonsai-acer-palmatum-bi-hoo-1.png","contentUrl":"https:\/\/kentis.com\/wp-content\/uploads\/2025\/02\/bonsai-acer-palmatum-bi-hoo-1.png","width":1500,"height":1500},{"@type":"BreadcrumbList","@id":"https:\/\/kentis.com\/de\/shop\/bonsai-acer-palmatum-bi-hoo-v18\/#breadcrumb","itemListElement":[{"@type":"ListItem","position":1,"name":"Home","item":"https:\/\/kentis.com\/de\/"},{"@type":"ListItem","position":2,"name":"Gesch\u00e4ft","item":"https:\/\/kentis.com\/de\/shop\/"},{"@type":"ListItem","position":3,"name":"Bonsai und Extras","item":"https:\/\/kentis.com\/de\/produkt-kategorie\/bonsai-und-extras\/"},{"@type":"ListItem","position":4,"name":"Bonsai Acer Palmatum &#8220;Bi Hoo&#8221; &#8211; Ahorn V18"}]},{"@type":"WebSite","@id":"https:\/\/kentis.com\/de\/#website","url":"https:\/\/kentis.com\/de\/","name":"Kentis","description":"Atelier del verde","publisher":{"@id":"https:\/\/kentis.com\/de\/#organization"},"potentialAction":[{"@type":"SearchAction","target":{"@type":"EntryPoint","urlTemplate":"https:\/\/kentis.com\/de\/?s={search_term_string}"},"query-input":{"@type":"PropertyValueSpecification","valueRequired":true,"valueName":"search_term_string"}}],"inLanguage":"de"},{"@type":"Organization","@id":"https:\/\/kentis.com\/de\/#organization","name":"Kentis","url":"https:\/\/kentis.com\/de\/","logo":{"@type":"ImageObject","inLanguage":"de","@id":"https:\/\/kentis.com\/de\/#\/schema\/logo\/image\/","url":"https:\/\/kentis.com\/wp-content\/uploads\/2021\/08\/logo-main.png","contentUrl":"https:\/\/kentis.com\/wp-content\/uploads\/2021\/08\/logo-main.png","width":800,"height":204,"caption":"Kentis"},"image":{"@id":"https:\/\/kentis.com\/de\/#\/schema\/logo\/image\/"},"sameAs":["https:\/\/www.facebook.com\/kentisgarden","https:\/\/www.instagram.com\/kentisgarden\/","https:\/\/it.pinterest.com\/kentisgarden","https:\/\/www.tiktok.com\/@kentis.com"]}]}},"_links":{"self":[{"href":"https:\/\/kentis.com\/de\/wp-json\/wp\/v2\/product\/32756","targetHints":{"allow":["GET"]}}],"collection":[{"href":"https:\/\/kentis.com\/de\/wp-json\/wp\/v2\/product"}],"about":[{"href":"https:\/\/kentis.com\/de\/wp-json\/wp\/v2\/types\/product"}],"wp:featuredmedia":[{"embeddable":true,"href":"https:\/\/kentis.com\/de\/wp-json\/wp\/v2\/media\/33325"}],"wp:attachment":[{"href":"https:\/\/kentis.com\/de\/wp-json\/wp\/v2\/media?parent=32756"}],"wp:term":[{"taxonomy":"product_cat","embeddable":true,"href":"https:\/\/kentis.com\/de\/wp-json\/wp\/v2\/product_cat?post=32756"},{"taxonomy":"product_tag","embeddable":true,"href":"https:\/\/kentis.com\/de\/wp-json\/wp\/v2\/product_tag?post=32756"}],"curies":[{"name":"wp","href":"https:\/\/api.w.org\/{rel}","templated":true}]}}