{"id":32358,"date":"2024-05-22T17:46:29","date_gmt":"2024-05-22T15:46:29","guid":{"rendered":"https:\/\/kentis.com\/negozio\/bonsai-di-ginepro-juniperus-chinensis-itoigawa\/"},"modified":"2025-02-06T10:44:45","modified_gmt":"2025-02-06T09:44:45","slug":"bonsai-wacholder-juniperus-chinensis-itoigawa","status":"publish","type":"product","link":"https:\/\/kentis.com\/de\/shop\/bonsai-wacholder-juniperus-chinensis-itoigawa\/","title":{"rendered":"Bonsai Wacholder \u2013 Juniperus Chinensis Itoigawa V15,5"},"content":{"rendered":"<div class=\"fusion-fullwidth fullwidth-box fusion-builder-row-1 fusion-flex-container has-pattern-background has-mask-background nonhundred-percent-fullwidth non-hundred-percent-height-scrolling\" style=\"--awb-border-radius-top-left:0px;--awb-border-radius-top-right:0px;--awb-border-radius-bottom-right:0px;--awb-border-radius-bottom-left:0px;--awb-padding-top:0px;--awb-padding-right:0px;--awb-padding-bottom:0px;--awb-padding-left:0px;--awb-flex-wrap:wrap;\" ><div class=\"fusion-builder-row fusion-row fusion-flex-align-items-flex-start fusion-flex-content-wrap\" style=\"max-width:1248px;margin-left: calc(-4% \/ 2 );margin-right: calc(-4% \/ 2 );\"><div class=\"fusion-layout-column fusion_builder_column fusion-builder-column-0 fusion_builder_column_1_1 1_1 fusion-flex-column\" style=\"--awb-bg-size:cover;--awb-width-large:100%;--awb-margin-top-large:0px;--awb-spacing-right-large:1.92%;--awb-margin-bottom-large:0px;--awb-spacing-left-large:1.92%;--awb-width-medium:100%;--awb-spacing-right-medium:1.92%;--awb-spacing-left-medium:1.92%;--awb-width-small:100%;--awb-spacing-right-small:1.92%;--awb-spacing-left-small:1.92%;\"><div class=\"fusion-column-wrapper fusion-flex-justify-content-flex-start fusion-content-layout-column\"><div class=\"fusion-text fusion-text-1\"><p>Der Juniperus chinensis Itoigawa Bonsai ist eine ausgezeichnete Wahl sowohl f\u00fcr erfahrene Sammler als auch f\u00fcr diejenigen, die sich zum ersten Mal der Welt des Bonsai n\u00e4hern. Dank seiner gro\u00dfen Anpassungsf\u00e4higkeit an verschiedene Kultivierungsstile und seine Flexibilit\u00e4t, macht es m\u00f6glich, einzigartige Exemplare von bemerkenswertem \u00e4sthetischen Wert zu schaffen. Au\u00dferdem ist der Wacholder eine \u00e4u\u00dferst widerstandsf\u00e4hige Pflanze, die nur wenig Pflege ben\u00f6tigt, was ihn auch f\u00fcr Anf\u00e4nger ideal macht. Wacholder-Bonsai geh\u00f6ren in der Tat zu den beliebtesten und am weitesten verbreiteten, sowohl in Japan als auch international. Diese Sorte zeichnet sich vor allem durch ihre tiefgr\u00fcnen, schuppigen Bl\u00e4tter und die r\u00f6tliche Rinde aus.<\/p>\n<p>H\u00f6he ab Topfboden: 23\/33 cm.<\/p>\n<\/div><\/div><\/div><\/div><\/div>\n","protected":false},"excerpt":{"rendered":"<p>Il Juniperus Chinensis Ito-Igawa \u00e8 un tipo di ginepro ideale per il bonsai, noto per i suoi aghi fini e la sua struttura compatta. Questa pianta offre un&#8217;eleganza in miniatura con un aspetto simile a un albero bonsai tradizionale.<\/p>\n","protected":false},"featured_media":28185,"template":"","meta":{"_acf_changed":false},"product_cat":[588,531],"product_tag":[],"class_list":{"0":"post-32358","1":"product","2":"type-product","3":"status-publish","4":"has-post-thumbnail","6":"product_cat-bonsai-und-extras","7":"product_cat-pflanzen-im-freien","9":"first","10":"instock","11":"taxable","12":"shipping-taxable","13":"purchasable","14":"product-type-variable","15":"has-default-attributes"},"acf":[],"yoast_head":"<!-- This site is optimized with the Yoast SEO plugin v23.4 - https:\/\/yoast.com\/wordpress\/plugins\/seo\/ -->\n<title>Bonsai Wacholder \u2013 Juniperus Chinensis Itoigawa - Kentis<\/title>\n<meta name=\"description\" content=\"Juniperus Chinensis Itoigawa ist eine ideale Wacholderart f\u00fcr Bonsai, die f\u00fcr ihre r\u00f6tlich gef\u00e4rbte Rinde und ihre dunkelgr\u00fcnen Bl\u00e4tter bekannt ist.\" \/>\n<meta name=\"robots\" content=\"index, follow, max-snippet:-1, max-image-preview:large, max-video-preview:-1\" \/>\n<link rel=\"canonical\" href=\"https:\/\/kentis.com\/de\/shop\/bonsai-wacholder-juniperus-chinensis-itoigawa\/\" \/>\n<meta property=\"og:locale\" content=\"de_DE\" \/>\n<meta property=\"og:type\" content=\"article\" \/>\n<meta property=\"og:title\" content=\"Bonsai Wacholder \u2013 Juniperus Chinensis Itoigawa - Kentis\" \/>\n<meta property=\"og:description\" content=\"Juniperus Chinensis Itoigawa ist eine ideale Wacholderart f\u00fcr Bonsai, die f\u00fcr ihre r\u00f6tlich gef\u00e4rbte Rinde und ihre dunkelgr\u00fcnen Bl\u00e4tter bekannt ist.\" \/>\n<meta property=\"og:url\" content=\"https:\/\/kentis.com\/de\/shop\/bonsai-wacholder-juniperus-chinensis-itoigawa\/\" \/>\n<meta property=\"og:site_name\" content=\"Kentis\" \/>\n<meta property=\"article:publisher\" content=\"https:\/\/www.facebook.com\/kentisgarden\" \/>\n<meta property=\"article:modified_time\" content=\"2025-02-06T09:44:45+00:00\" \/>\n<meta property=\"og:image\" content=\"https:\/\/kentis.com\/wp-content\/uploads\/2024\/05\/IMG_5010-1024x1024.jpg\" \/>\n\t<meta property=\"og:image:width\" content=\"1024\" \/>\n\t<meta property=\"og:image:height\" content=\"1024\" \/>\n\t<meta property=\"og:image:type\" content=\"image\/jpeg\" \/>\n<meta name=\"twitter:card\" content=\"summary_large_image\" \/>\n<meta name=\"twitter:label1\" content=\"Gesch\u00e4tzte Lesezeit\" \/>\n\t<meta name=\"twitter:data1\" content=\"1\u00a0Minute\" \/>\n<script type=\"application\/ld+json\" class=\"yoast-schema-graph\">{\"@context\":\"https:\/\/schema.org\",\"@graph\":[{\"@type\":\"WebPage\",\"@id\":\"https:\/\/kentis.com\/de\/shop\/bonsai-wacholder-juniperus-chinensis-itoigawa\/\",\"url\":\"https:\/\/kentis.com\/de\/shop\/bonsai-wacholder-juniperus-chinensis-itoigawa\/\",\"name\":\"Bonsai Wacholder \u2013 Juniperus Chinensis Itoigawa - Kentis\",\"isPartOf\":{\"@id\":\"https:\/\/kentis.com\/de\/#website\"},\"primaryImageOfPage\":{\"@id\":\"https:\/\/kentis.com\/de\/shop\/bonsai-wacholder-juniperus-chinensis-itoigawa\/#primaryimage\"},\"image\":{\"@id\":\"https:\/\/kentis.com\/de\/shop\/bonsai-wacholder-juniperus-chinensis-itoigawa\/#primaryimage\"},\"thumbnailUrl\":\"https:\/\/kentis.com\/wp-content\/uploads\/2024\/05\/IMG_5010-scaled.jpg\",\"datePublished\":\"2024-05-22T15:46:29+00:00\",\"dateModified\":\"2025-02-06T09:44:45+00:00\",\"description\":\"Juniperus Chinensis Itoigawa ist eine ideale Wacholderart f\u00fcr Bonsai, die f\u00fcr ihre r\u00f6tlich gef\u00e4rbte Rinde und ihre dunkelgr\u00fcnen Bl\u00e4tter bekannt ist.\",\"breadcrumb\":{\"@id\":\"https:\/\/kentis.com\/de\/shop\/bonsai-wacholder-juniperus-chinensis-itoigawa\/#breadcrumb\"},\"inLanguage\":\"de\",\"potentialAction\":[{\"@type\":\"ReadAction\",\"target\":[\"https:\/\/kentis.com\/de\/shop\/bonsai-wacholder-juniperus-chinensis-itoigawa\/\"]}]},{\"@type\":\"ImageObject\",\"inLanguage\":\"de\",\"@id\":\"https:\/\/kentis.com\/de\/shop\/bonsai-wacholder-juniperus-chinensis-itoigawa\/#primaryimage\",\"url\":\"https:\/\/kentis.com\/wp-content\/uploads\/2024\/05\/IMG_5010-scaled.jpg\",\"contentUrl\":\"https:\/\/kentis.com\/wp-content\/uploads\/2024\/05\/IMG_5010-scaled.jpg\",\"width\":2560,\"height\":2560},{\"@type\":\"BreadcrumbList\",\"@id\":\"https:\/\/kentis.com\/de\/shop\/bonsai-wacholder-juniperus-chinensis-itoigawa\/#breadcrumb\",\"itemListElement\":[{\"@type\":\"ListItem\",\"position\":1,\"name\":\"Home\",\"item\":\"https:\/\/kentis.com\/de\/\"},{\"@type\":\"ListItem\",\"position\":2,\"name\":\"Gesch\u00e4ft\",\"item\":\"https:\/\/kentis.com\/de\/shop\/\"},{\"@type\":\"ListItem\",\"position\":3,\"name\":\"Pflanzen\",\"item\":\"https:\/\/kentis.com\/de\/produkt-kategorie\/pflanzen\/\"},{\"@type\":\"ListItem\",\"position\":4,\"name\":\"Pflanzen im Freien\",\"item\":\"https:\/\/kentis.com\/de\/produkt-kategorie\/pflanzen\/pflanzen-im-freien\/\"},{\"@type\":\"ListItem\",\"position\":5,\"name\":\"Bonsai Wacholder \u2013 Juniperus Chinensis Itoigawa V15,5\"}]},{\"@type\":\"WebSite\",\"@id\":\"https:\/\/kentis.com\/de\/#website\",\"url\":\"https:\/\/kentis.com\/de\/\",\"name\":\"Kentis\",\"description\":\"Atelier del verde\",\"publisher\":{\"@id\":\"https:\/\/kentis.com\/de\/#organization\"},\"potentialAction\":[{\"@type\":\"SearchAction\",\"target\":{\"@type\":\"EntryPoint\",\"urlTemplate\":\"https:\/\/kentis.com\/de\/?s={search_term_string}\"},\"query-input\":{\"@type\":\"PropertyValueSpecification\",\"valueRequired\":true,\"valueName\":\"search_term_string\"}}],\"inLanguage\":\"de\"},{\"@type\":\"Organization\",\"@id\":\"https:\/\/kentis.com\/de\/#organization\",\"name\":\"Kentis\",\"url\":\"https:\/\/kentis.com\/de\/\",\"logo\":{\"@type\":\"ImageObject\",\"inLanguage\":\"de\",\"@id\":\"https:\/\/kentis.com\/de\/#\/schema\/logo\/image\/\",\"url\":\"https:\/\/kentis.com\/wp-content\/uploads\/2021\/08\/logo-main.png\",\"contentUrl\":\"https:\/\/kentis.com\/wp-content\/uploads\/2021\/08\/logo-main.png\",\"width\":800,\"height\":204,\"caption\":\"Kentis\"},\"image\":{\"@id\":\"https:\/\/kentis.com\/de\/#\/schema\/logo\/image\/\"},\"sameAs\":[\"https:\/\/www.facebook.com\/kentisgarden\",\"https:\/\/www.instagram.com\/kentisgarden\/\",\"https:\/\/it.pinterest.com\/kentisgarden\",\"https:\/\/www.tiktok.com\/@kentis.com\"]}]}<\/script>\n<!-- \/ Yoast SEO plugin. -->","yoast_head_json":{"title":"Bonsai Wacholder \u2013 Juniperus Chinensis Itoigawa - Kentis","description":"Juniperus Chinensis Itoigawa ist eine ideale Wacholderart f\u00fcr Bonsai, die f\u00fcr ihre r\u00f6tlich gef\u00e4rbte Rinde und ihre dunkelgr\u00fcnen Bl\u00e4tter bekannt ist.","robots":{"index":"index","follow":"follow","max-snippet":"max-snippet:-1","max-image-preview":"max-image-preview:large","max-video-preview":"max-video-preview:-1"},"canonical":"https:\/\/kentis.com\/de\/shop\/bonsai-wacholder-juniperus-chinensis-itoigawa\/","og_locale":"de_DE","og_type":"article","og_title":"Bonsai Wacholder \u2013 Juniperus Chinensis Itoigawa - Kentis","og_description":"Juniperus Chinensis Itoigawa ist eine ideale Wacholderart f\u00fcr Bonsai, die f\u00fcr ihre r\u00f6tlich gef\u00e4rbte Rinde und ihre dunkelgr\u00fcnen Bl\u00e4tter bekannt ist.","og_url":"https:\/\/kentis.com\/de\/shop\/bonsai-wacholder-juniperus-chinensis-itoigawa\/","og_site_name":"Kentis","article_publisher":"https:\/\/www.facebook.com\/kentisgarden","article_modified_time":"2025-02-06T09:44:45+00:00","og_image":[{"width":1024,"height":1024,"url":"https:\/\/kentis.com\/wp-content\/uploads\/2024\/05\/IMG_5010-1024x1024.jpg","type":"image\/jpeg"}],"twitter_card":"summary_large_image","twitter_misc":{"Gesch\u00e4tzte Lesezeit":"1\u00a0Minute"},"schema":{"@context":"https:\/\/schema.org","@graph":[{"@type":"WebPage","@id":"https:\/\/kentis.com\/de\/shop\/bonsai-wacholder-juniperus-chinensis-itoigawa\/","url":"https:\/\/kentis.com\/de\/shop\/bonsai-wacholder-juniperus-chinensis-itoigawa\/","name":"Bonsai Wacholder \u2013 Juniperus Chinensis Itoigawa - Kentis","isPartOf":{"@id":"https:\/\/kentis.com\/de\/#website"},"primaryImageOfPage":{"@id":"https:\/\/kentis.com\/de\/shop\/bonsai-wacholder-juniperus-chinensis-itoigawa\/#primaryimage"},"image":{"@id":"https:\/\/kentis.com\/de\/shop\/bonsai-wacholder-juniperus-chinensis-itoigawa\/#primaryimage"},"thumbnailUrl":"https:\/\/kentis.com\/wp-content\/uploads\/2024\/05\/IMG_5010-scaled.jpg","datePublished":"2024-05-22T15:46:29+00:00","dateModified":"2025-02-06T09:44:45+00:00","description":"Juniperus Chinensis Itoigawa ist eine ideale Wacholderart f\u00fcr Bonsai, die f\u00fcr ihre r\u00f6tlich gef\u00e4rbte Rinde und ihre dunkelgr\u00fcnen Bl\u00e4tter bekannt ist.","breadcrumb":{"@id":"https:\/\/kentis.com\/de\/shop\/bonsai-wacholder-juniperus-chinensis-itoigawa\/#breadcrumb"},"inLanguage":"de","potentialAction":[{"@type":"ReadAction","target":["https:\/\/kentis.com\/de\/shop\/bonsai-wacholder-juniperus-chinensis-itoigawa\/"]}]},{"@type":"ImageObject","inLanguage":"de","@id":"https:\/\/kentis.com\/de\/shop\/bonsai-wacholder-juniperus-chinensis-itoigawa\/#primaryimage","url":"https:\/\/kentis.com\/wp-content\/uploads\/2024\/05\/IMG_5010-scaled.jpg","contentUrl":"https:\/\/kentis.com\/wp-content\/uploads\/2024\/05\/IMG_5010-scaled.jpg","width":2560,"height":2560},{"@type":"BreadcrumbList","@id":"https:\/\/kentis.com\/de\/shop\/bonsai-wacholder-juniperus-chinensis-itoigawa\/#breadcrumb","itemListElement":[{"@type":"ListItem","position":1,"name":"Home","item":"https:\/\/kentis.com\/de\/"},{"@type":"ListItem","position":2,"name":"Gesch\u00e4ft","item":"https:\/\/kentis.com\/de\/shop\/"},{"@type":"ListItem","position":3,"name":"Pflanzen","item":"https:\/\/kentis.com\/de\/produkt-kategorie\/pflanzen\/"},{"@type":"ListItem","position":4,"name":"Pflanzen im Freien","item":"https:\/\/kentis.com\/de\/produkt-kategorie\/pflanzen\/pflanzen-im-freien\/"},{"@type":"ListItem","position":5,"name":"Bonsai Wacholder \u2013 Juniperus Chinensis Itoigawa V15,5"}]},{"@type":"WebSite","@id":"https:\/\/kentis.com\/de\/#website","url":"https:\/\/kentis.com\/de\/","name":"Kentis","description":"Atelier del verde","publisher":{"@id":"https:\/\/kentis.com\/de\/#organization"},"potentialAction":[{"@type":"SearchAction","target":{"@type":"EntryPoint","urlTemplate":"https:\/\/kentis.com\/de\/?s={search_term_string}"},"query-input":{"@type":"PropertyValueSpecification","valueRequired":true,"valueName":"search_term_string"}}],"inLanguage":"de"},{"@type":"Organization","@id":"https:\/\/kentis.com\/de\/#organization","name":"Kentis","url":"https:\/\/kentis.com\/de\/","logo":{"@type":"ImageObject","inLanguage":"de","@id":"https:\/\/kentis.com\/de\/#\/schema\/logo\/image\/","url":"https:\/\/kentis.com\/wp-content\/uploads\/2021\/08\/logo-main.png","contentUrl":"https:\/\/kentis.com\/wp-content\/uploads\/2021\/08\/logo-main.png","width":800,"height":204,"caption":"Kentis"},"image":{"@id":"https:\/\/kentis.com\/de\/#\/schema\/logo\/image\/"},"sameAs":["https:\/\/www.facebook.com\/kentisgarden","https:\/\/www.instagram.com\/kentisgarden\/","https:\/\/it.pinterest.com\/kentisgarden","https:\/\/www.tiktok.com\/@kentis.com"]}]}},"_links":{"self":[{"href":"https:\/\/kentis.com\/de\/wp-json\/wp\/v2\/product\/32358","targetHints":{"allow":["GET"]}}],"collection":[{"href":"https:\/\/kentis.com\/de\/wp-json\/wp\/v2\/product"}],"about":[{"href":"https:\/\/kentis.com\/de\/wp-json\/wp\/v2\/types\/product"}],"wp:featuredmedia":[{"embeddable":true,"href":"https:\/\/kentis.com\/de\/wp-json\/wp\/v2\/media\/28185"}],"wp:attachment":[{"href":"https:\/\/kentis.com\/de\/wp-json\/wp\/v2\/media?parent=32358"}],"wp:term":[{"taxonomy":"product_cat","embeddable":true,"href":"https:\/\/kentis.com\/de\/wp-json\/wp\/v2\/product_cat?post=32358"},{"taxonomy":"product_tag","embeddable":true,"href":"https:\/\/kentis.com\/de\/wp-json\/wp\/v2\/product_tag?post=32358"}],"curies":[{"name":"wp","href":"https:\/\/api.w.org\/{rel}","templated":true}]}}