{"id":32341,"date":"2024-05-22T17:55:26","date_gmt":"2024-05-22T15:55:26","guid":{"rendered":"https:\/\/kentis.com\/negozio\/bonsai-juniperus-chinensis-itoigawa-ginepro-v13\/"},"modified":"2025-02-05T17:50:46","modified_gmt":"2025-02-05T16:50:46","slug":"bonsai-juniperus-chinensis-itoigawa-wacholder-v13","status":"publish","type":"product","link":"https:\/\/kentis.com\/de\/shop\/bonsai-juniperus-chinensis-itoigawa-wacholder-v13\/","title":{"rendered":"Bonsai Juniperus Chinensis Itoigawa &#8211; Wacholder V13"},"content":{"rendered":"<div class=\"fusion-fullwidth fullwidth-box fusion-builder-row-1 fusion-flex-container has-pattern-background has-mask-background nonhundred-percent-fullwidth non-hundred-percent-height-scrolling\" style=\"--awb-border-radius-top-left:0px;--awb-border-radius-top-right:0px;--awb-border-radius-bottom-right:0px;--awb-border-radius-bottom-left:0px;--awb-padding-top:0px;--awb-padding-right:0px;--awb-padding-bottom:0px;--awb-padding-left:0px;--awb-flex-wrap:wrap;\" ><div class=\"fusion-builder-row fusion-row fusion-flex-align-items-flex-start fusion-flex-content-wrap\" style=\"max-width:1248px;margin-left: calc(-4% \/ 2 );margin-right: calc(-4% \/ 2 );\"><div class=\"fusion-layout-column fusion_builder_column fusion-builder-column-0 fusion_builder_column_1_1 1_1 fusion-flex-column\" style=\"--awb-bg-size:cover;--awb-width-large:100%;--awb-margin-top-large:0px;--awb-spacing-right-large:1.92%;--awb-margin-bottom-large:0px;--awb-spacing-left-large:1.92%;--awb-width-medium:100%;--awb-spacing-right-medium:1.92%;--awb-spacing-left-medium:1.92%;--awb-width-small:100%;--awb-spacing-right-small:1.92%;--awb-spacing-left-small:1.92%;\"><div class=\"fusion-column-wrapper fusion-flex-justify-content-flex-start fusion-content-layout-column\"><div class=\"fusion-text fusion-text-1\"><p>Der Juniperus chinensis Itoigawa Bonsai ist eine ausgezeichnete Wahl sowohl f\u00fcr erfahrene Sammler als auch f\u00fcr diejenigen, die sich zum ersten Mal der Welt des Bonsai n\u00e4hern. Dank seiner gro\u00dfen Anpassungsf\u00e4higkeit an verschiedene Kultivierungsstile und seine Flexibilit\u00e4t, macht es m\u00f6glich, einzigartige Exemplare von bemerkenswertem \u00e4sthetischen Wert zu schaffen. Au\u00dferdem ist der Wacholder eine \u00e4u\u00dferst widerstandsf\u00e4hige Pflanze, die nur wenig Pflege ben\u00f6tigt, was ihn auch f\u00fcr Anf\u00e4nger ideal macht. Wacholder-Bonsai geh\u00f6ren in der Tat zu den beliebtesten und am weitesten verbreiteten, sowohl in Japan als auch international. Diese Sorte zeichnet sich vor allem durch ihre tiefgr\u00fcnen, schuppigen Bl\u00e4tter und die r\u00f6tliche Rinde aus.<\/p>\n<p>H\u00f6he ab Topfboden: 20\/30 cm.<\/p>\n<p>Der Keramiktopf ist im Lieferumfang der Pflanze enthalten.<\/p>\n<\/div><\/div><\/div><\/div><\/div>\n","protected":false},"excerpt":{"rendered":"<p>Le piante di ginepro vengono spesso scelte per essere coltivate come bonsai grazie alla loro facile manutenzione e al loro particolare fogliame che non pu\u00f2 che attirare l\u2019attenzione. Questo bonsai \u00e8 alto 20-30 cm dalla base del vaso. Il Vaso ha un diametro di \u00d8 13 cm<\/p>\n","protected":false},"featured_media":28196,"template":"","meta":{"_acf_changed":false},"product_cat":[588,531],"product_tag":[],"class_list":{"0":"post-32341","1":"product","2":"type-product","3":"status-publish","4":"has-post-thumbnail","6":"product_cat-bonsai-und-extras","7":"product_cat-pflanzen-im-freien","9":"first","10":"outofstock","11":"taxable","12":"shipping-taxable","13":"purchasable","14":"product-type-variable","15":"has-default-attributes"},"acf":[],"yoast_head":"<!-- This site is optimized with the Yoast SEO plugin v23.4 - https:\/\/yoast.com\/wordpress\/plugins\/seo\/ -->\n<title>Bonsai Juniperus Itoigawa - Wacholder - Kentis<\/title>\n<meta name=\"description\" content=\"Der Wacholderbonsai (Juniperus chinensis Itoigawa) geh\u00f6rt zu den beliebtesten Bonsai sowohl bei Sammlern als auch bei Anf\u00e4ngern in dieser Welt.\" \/>\n<meta name=\"robots\" content=\"index, follow, max-snippet:-1, max-image-preview:large, max-video-preview:-1\" \/>\n<link rel=\"canonical\" href=\"https:\/\/kentis.com\/de\/shop\/bonsai-juniperus-chinensis-itoigawa-wacholder-v13\/\" \/>\n<meta property=\"og:locale\" content=\"de_DE\" \/>\n<meta property=\"og:type\" content=\"article\" \/>\n<meta property=\"og:title\" content=\"Bonsai Juniperus Itoigawa - Wacholder - Kentis\" \/>\n<meta property=\"og:description\" content=\"Der Wacholderbonsai (Juniperus chinensis Itoigawa) geh\u00f6rt zu den beliebtesten Bonsai sowohl bei Sammlern als auch bei Anf\u00e4ngern in dieser Welt.\" \/>\n<meta property=\"og:url\" content=\"https:\/\/kentis.com\/de\/shop\/bonsai-juniperus-chinensis-itoigawa-wacholder-v13\/\" \/>\n<meta property=\"og:site_name\" content=\"Kentis\" \/>\n<meta property=\"article:publisher\" content=\"https:\/\/www.facebook.com\/kentisgarden\" \/>\n<meta property=\"article:modified_time\" content=\"2025-02-05T16:50:46+00:00\" \/>\n<meta property=\"og:image\" content=\"https:\/\/kentis.com\/wp-content\/uploads\/2024\/05\/IMG_7722_-1024x1024.jpg\" \/>\n\t<meta property=\"og:image:width\" content=\"1024\" \/>\n\t<meta property=\"og:image:height\" content=\"1024\" \/>\n\t<meta property=\"og:image:type\" content=\"image\/jpeg\" \/>\n<meta name=\"twitter:card\" content=\"summary_large_image\" \/>\n<meta name=\"twitter:label1\" content=\"Gesch\u00e4tzte Lesezeit\" \/>\n\t<meta name=\"twitter:data1\" content=\"1\u00a0Minute\" \/>\n<script type=\"application\/ld+json\" class=\"yoast-schema-graph\">{\"@context\":\"https:\/\/schema.org\",\"@graph\":[{\"@type\":\"WebPage\",\"@id\":\"https:\/\/kentis.com\/de\/shop\/bonsai-juniperus-chinensis-itoigawa-wacholder-v13\/\",\"url\":\"https:\/\/kentis.com\/de\/shop\/bonsai-juniperus-chinensis-itoigawa-wacholder-v13\/\",\"name\":\"Bonsai Juniperus Itoigawa - Wacholder - Kentis\",\"isPartOf\":{\"@id\":\"https:\/\/kentis.com\/de\/#website\"},\"primaryImageOfPage\":{\"@id\":\"https:\/\/kentis.com\/de\/shop\/bonsai-juniperus-chinensis-itoigawa-wacholder-v13\/#primaryimage\"},\"image\":{\"@id\":\"https:\/\/kentis.com\/de\/shop\/bonsai-juniperus-chinensis-itoigawa-wacholder-v13\/#primaryimage\"},\"thumbnailUrl\":\"https:\/\/kentis.com\/wp-content\/uploads\/2024\/05\/IMG_7722_-scaled.jpg\",\"datePublished\":\"2024-05-22T15:55:26+00:00\",\"dateModified\":\"2025-02-05T16:50:46+00:00\",\"description\":\"Der Wacholderbonsai (Juniperus chinensis Itoigawa) geh\u00f6rt zu den beliebtesten Bonsai sowohl bei Sammlern als auch bei Anf\u00e4ngern in dieser Welt.\",\"breadcrumb\":{\"@id\":\"https:\/\/kentis.com\/de\/shop\/bonsai-juniperus-chinensis-itoigawa-wacholder-v13\/#breadcrumb\"},\"inLanguage\":\"de\",\"potentialAction\":[{\"@type\":\"ReadAction\",\"target\":[\"https:\/\/kentis.com\/de\/shop\/bonsai-juniperus-chinensis-itoigawa-wacholder-v13\/\"]}]},{\"@type\":\"ImageObject\",\"inLanguage\":\"de\",\"@id\":\"https:\/\/kentis.com\/de\/shop\/bonsai-juniperus-chinensis-itoigawa-wacholder-v13\/#primaryimage\",\"url\":\"https:\/\/kentis.com\/wp-content\/uploads\/2024\/05\/IMG_7722_-scaled.jpg\",\"contentUrl\":\"https:\/\/kentis.com\/wp-content\/uploads\/2024\/05\/IMG_7722_-scaled.jpg\",\"width\":2560,\"height\":2560},{\"@type\":\"BreadcrumbList\",\"@id\":\"https:\/\/kentis.com\/de\/shop\/bonsai-juniperus-chinensis-itoigawa-wacholder-v13\/#breadcrumb\",\"itemListElement\":[{\"@type\":\"ListItem\",\"position\":1,\"name\":\"Home\",\"item\":\"https:\/\/kentis.com\/de\/\"},{\"@type\":\"ListItem\",\"position\":2,\"name\":\"Gesch\u00e4ft\",\"item\":\"https:\/\/kentis.com\/de\/shop\/\"},{\"@type\":\"ListItem\",\"position\":3,\"name\":\"Pflanzen\",\"item\":\"https:\/\/kentis.com\/de\/produkt-kategorie\/pflanzen\/\"},{\"@type\":\"ListItem\",\"position\":4,\"name\":\"Pflanzen im Freien\",\"item\":\"https:\/\/kentis.com\/de\/produkt-kategorie\/pflanzen\/pflanzen-im-freien\/\"},{\"@type\":\"ListItem\",\"position\":5,\"name\":\"Bonsai Juniperus Chinensis Itoigawa &#8211; Wacholder V13\"}]},{\"@type\":\"WebSite\",\"@id\":\"https:\/\/kentis.com\/de\/#website\",\"url\":\"https:\/\/kentis.com\/de\/\",\"name\":\"Kentis\",\"description\":\"Atelier del verde\",\"publisher\":{\"@id\":\"https:\/\/kentis.com\/de\/#organization\"},\"potentialAction\":[{\"@type\":\"SearchAction\",\"target\":{\"@type\":\"EntryPoint\",\"urlTemplate\":\"https:\/\/kentis.com\/de\/?s={search_term_string}\"},\"query-input\":{\"@type\":\"PropertyValueSpecification\",\"valueRequired\":true,\"valueName\":\"search_term_string\"}}],\"inLanguage\":\"de\"},{\"@type\":\"Organization\",\"@id\":\"https:\/\/kentis.com\/de\/#organization\",\"name\":\"Kentis\",\"url\":\"https:\/\/kentis.com\/de\/\",\"logo\":{\"@type\":\"ImageObject\",\"inLanguage\":\"de\",\"@id\":\"https:\/\/kentis.com\/de\/#\/schema\/logo\/image\/\",\"url\":\"https:\/\/kentis.com\/wp-content\/uploads\/2021\/08\/logo-main.png\",\"contentUrl\":\"https:\/\/kentis.com\/wp-content\/uploads\/2021\/08\/logo-main.png\",\"width\":800,\"height\":204,\"caption\":\"Kentis\"},\"image\":{\"@id\":\"https:\/\/kentis.com\/de\/#\/schema\/logo\/image\/\"},\"sameAs\":[\"https:\/\/www.facebook.com\/kentisgarden\",\"https:\/\/www.instagram.com\/kentisgarden\/\",\"https:\/\/it.pinterest.com\/kentisgarden\",\"https:\/\/www.tiktok.com\/@kentis.com\"]}]}<\/script>\n<!-- \/ Yoast SEO plugin. -->","yoast_head_json":{"title":"Bonsai Juniperus Itoigawa - Wacholder - Kentis","description":"Der Wacholderbonsai (Juniperus chinensis Itoigawa) geh\u00f6rt zu den beliebtesten Bonsai sowohl bei Sammlern als auch bei Anf\u00e4ngern in dieser Welt.","robots":{"index":"index","follow":"follow","max-snippet":"max-snippet:-1","max-image-preview":"max-image-preview:large","max-video-preview":"max-video-preview:-1"},"canonical":"https:\/\/kentis.com\/de\/shop\/bonsai-juniperus-chinensis-itoigawa-wacholder-v13\/","og_locale":"de_DE","og_type":"article","og_title":"Bonsai Juniperus Itoigawa - Wacholder - Kentis","og_description":"Der Wacholderbonsai (Juniperus chinensis Itoigawa) geh\u00f6rt zu den beliebtesten Bonsai sowohl bei Sammlern als auch bei Anf\u00e4ngern in dieser Welt.","og_url":"https:\/\/kentis.com\/de\/shop\/bonsai-juniperus-chinensis-itoigawa-wacholder-v13\/","og_site_name":"Kentis","article_publisher":"https:\/\/www.facebook.com\/kentisgarden","article_modified_time":"2025-02-05T16:50:46+00:00","og_image":[{"width":1024,"height":1024,"url":"https:\/\/kentis.com\/wp-content\/uploads\/2024\/05\/IMG_7722_-1024x1024.jpg","type":"image\/jpeg"}],"twitter_card":"summary_large_image","twitter_misc":{"Gesch\u00e4tzte Lesezeit":"1\u00a0Minute"},"schema":{"@context":"https:\/\/schema.org","@graph":[{"@type":"WebPage","@id":"https:\/\/kentis.com\/de\/shop\/bonsai-juniperus-chinensis-itoigawa-wacholder-v13\/","url":"https:\/\/kentis.com\/de\/shop\/bonsai-juniperus-chinensis-itoigawa-wacholder-v13\/","name":"Bonsai Juniperus Itoigawa - Wacholder - Kentis","isPartOf":{"@id":"https:\/\/kentis.com\/de\/#website"},"primaryImageOfPage":{"@id":"https:\/\/kentis.com\/de\/shop\/bonsai-juniperus-chinensis-itoigawa-wacholder-v13\/#primaryimage"},"image":{"@id":"https:\/\/kentis.com\/de\/shop\/bonsai-juniperus-chinensis-itoigawa-wacholder-v13\/#primaryimage"},"thumbnailUrl":"https:\/\/kentis.com\/wp-content\/uploads\/2024\/05\/IMG_7722_-scaled.jpg","datePublished":"2024-05-22T15:55:26+00:00","dateModified":"2025-02-05T16:50:46+00:00","description":"Der Wacholderbonsai (Juniperus chinensis Itoigawa) geh\u00f6rt zu den beliebtesten Bonsai sowohl bei Sammlern als auch bei Anf\u00e4ngern in dieser Welt.","breadcrumb":{"@id":"https:\/\/kentis.com\/de\/shop\/bonsai-juniperus-chinensis-itoigawa-wacholder-v13\/#breadcrumb"},"inLanguage":"de","potentialAction":[{"@type":"ReadAction","target":["https:\/\/kentis.com\/de\/shop\/bonsai-juniperus-chinensis-itoigawa-wacholder-v13\/"]}]},{"@type":"ImageObject","inLanguage":"de","@id":"https:\/\/kentis.com\/de\/shop\/bonsai-juniperus-chinensis-itoigawa-wacholder-v13\/#primaryimage","url":"https:\/\/kentis.com\/wp-content\/uploads\/2024\/05\/IMG_7722_-scaled.jpg","contentUrl":"https:\/\/kentis.com\/wp-content\/uploads\/2024\/05\/IMG_7722_-scaled.jpg","width":2560,"height":2560},{"@type":"BreadcrumbList","@id":"https:\/\/kentis.com\/de\/shop\/bonsai-juniperus-chinensis-itoigawa-wacholder-v13\/#breadcrumb","itemListElement":[{"@type":"ListItem","position":1,"name":"Home","item":"https:\/\/kentis.com\/de\/"},{"@type":"ListItem","position":2,"name":"Gesch\u00e4ft","item":"https:\/\/kentis.com\/de\/shop\/"},{"@type":"ListItem","position":3,"name":"Pflanzen","item":"https:\/\/kentis.com\/de\/produkt-kategorie\/pflanzen\/"},{"@type":"ListItem","position":4,"name":"Pflanzen im Freien","item":"https:\/\/kentis.com\/de\/produkt-kategorie\/pflanzen\/pflanzen-im-freien\/"},{"@type":"ListItem","position":5,"name":"Bonsai Juniperus Chinensis Itoigawa &#8211; Wacholder V13"}]},{"@type":"WebSite","@id":"https:\/\/kentis.com\/de\/#website","url":"https:\/\/kentis.com\/de\/","name":"Kentis","description":"Atelier del verde","publisher":{"@id":"https:\/\/kentis.com\/de\/#organization"},"potentialAction":[{"@type":"SearchAction","target":{"@type":"EntryPoint","urlTemplate":"https:\/\/kentis.com\/de\/?s={search_term_string}"},"query-input":{"@type":"PropertyValueSpecification","valueRequired":true,"valueName":"search_term_string"}}],"inLanguage":"de"},{"@type":"Organization","@id":"https:\/\/kentis.com\/de\/#organization","name":"Kentis","url":"https:\/\/kentis.com\/de\/","logo":{"@type":"ImageObject","inLanguage":"de","@id":"https:\/\/kentis.com\/de\/#\/schema\/logo\/image\/","url":"https:\/\/kentis.com\/wp-content\/uploads\/2021\/08\/logo-main.png","contentUrl":"https:\/\/kentis.com\/wp-content\/uploads\/2021\/08\/logo-main.png","width":800,"height":204,"caption":"Kentis"},"image":{"@id":"https:\/\/kentis.com\/de\/#\/schema\/logo\/image\/"},"sameAs":["https:\/\/www.facebook.com\/kentisgarden","https:\/\/www.instagram.com\/kentisgarden\/","https:\/\/it.pinterest.com\/kentisgarden","https:\/\/www.tiktok.com\/@kentis.com"]}]}},"_links":{"self":[{"href":"https:\/\/kentis.com\/de\/wp-json\/wp\/v2\/product\/32341","targetHints":{"allow":["GET"]}}],"collection":[{"href":"https:\/\/kentis.com\/de\/wp-json\/wp\/v2\/product"}],"about":[{"href":"https:\/\/kentis.com\/de\/wp-json\/wp\/v2\/types\/product"}],"wp:featuredmedia":[{"embeddable":true,"href":"https:\/\/kentis.com\/de\/wp-json\/wp\/v2\/media\/28196"}],"wp:attachment":[{"href":"https:\/\/kentis.com\/de\/wp-json\/wp\/v2\/media?parent=32341"}],"wp:term":[{"taxonomy":"product_cat","embeddable":true,"href":"https:\/\/kentis.com\/de\/wp-json\/wp\/v2\/product_cat?post=32341"},{"taxonomy":"product_tag","embeddable":true,"href":"https:\/\/kentis.com\/de\/wp-json\/wp\/v2\/product_tag?post=32341"}],"curies":[{"name":"wp","href":"https:\/\/api.w.org\/{rel}","templated":true}]}}