{"id":32085,"date":"2024-05-21T18:01:31","date_gmt":"2024-05-21T16:01:31","guid":{"rendered":"https:\/\/kentis.com\/negozio\/bonsai-olea-europaea-3-ulivi\/"},"modified":"2025-01-29T11:18:16","modified_gmt":"2025-01-29T10:18:16","slug":"olea-europaea-bonsai-hain-mit-3-olivenbaeumen","status":"publish","type":"product","link":"https:\/\/kentis.com\/de\/shop\/olea-europaea-bonsai-hain-mit-3-olivenbaeumen\/","title":{"rendered":"Olea Europaea Bonsai &#8211; Hain mit 3 Olivenb\u00e4umen"},"content":{"rendered":"<div class=\"fusion-fullwidth fullwidth-box fusion-builder-row-1 fusion-flex-container has-pattern-background has-mask-background nonhundred-percent-fullwidth non-hundred-percent-height-scrolling\" style=\"--awb-border-radius-top-left:0px;--awb-border-radius-top-right:0px;--awb-border-radius-bottom-right:0px;--awb-border-radius-bottom-left:0px;--awb-padding-top:0px;--awb-padding-right:0px;--awb-padding-bottom:0px;--awb-padding-left:0px;--awb-flex-wrap:wrap;\" ><div class=\"fusion-builder-row fusion-row fusion-flex-align-items-flex-start fusion-flex-content-wrap\" style=\"max-width:1248px;margin-left: calc(-4% \/ 2 );margin-right: calc(-4% \/ 2 );\"><div class=\"fusion-layout-column fusion_builder_column fusion-builder-column-0 fusion_builder_column_1_1 1_1 fusion-flex-column\" style=\"--awb-bg-size:cover;--awb-width-large:100%;--awb-margin-top-large:0px;--awb-spacing-right-large:1.92%;--awb-margin-bottom-large:0px;--awb-spacing-left-large:1.92%;--awb-width-medium:100%;--awb-spacing-right-medium:1.92%;--awb-spacing-left-medium:1.92%;--awb-width-small:100%;--awb-spacing-right-small:1.92%;--awb-spacing-left-small:1.92%;\"><div class=\"fusion-column-wrapper fusion-flex-justify-content-flex-start fusion-content-layout-column\"><div class=\"fusion-text fusion-text-1\"><p>Der Olivenbaum bonsai (Olea europaea) ist aufgrund seines mediterranen Aussehens, das sich in die Bonsaikunst einf\u00fcgt, einer der beliebtesten Bonsai. Der Olivenbaum zeichnet sich durch einen kr\u00e4ftigen, gewundenen Stamm und kleine gr\u00fcne Bl\u00e4tter aus, die ihm das typische Aussehen eines Miniaturbaums verleihen. Aufgrund der tiefen symbolischen Bedeutung dieser Pflanze, wie Frieden, Wiedergeburt und Wohlstand, ist er au\u00dferdem einer der besten Bonsaib\u00e4ume zum Verschenken, auch in Anbetracht seiner Pflegeleichtigkeit.<\/p>\n<p>H\u00f6he der Pflanze vom Boden des Topfes aus: 30\/35 cm.<\/p>\n<p>Dieser Bonsai besteht aus 3 Olivenb\u00e4umen.<\/p>\n<p>Der Keramiktopf ist im Lieferumfang der Pflanze enthalten.<\/p>\n<\/div><\/div><\/div><\/div><\/div>\n","protected":false},"excerpt":{"rendered":"","protected":false},"featured_media":27903,"template":"","meta":{"_acf_changed":false},"product_cat":[588,531],"product_tag":[],"class_list":{"0":"post-32085","1":"product","2":"type-product","3":"status-publish","4":"has-post-thumbnail","6":"product_cat-bonsai-und-extras","7":"product_cat-pflanzen-im-freien","9":"first","10":"instock","11":"taxable","12":"shipping-taxable","13":"purchasable","14":"product-type-variable","15":"has-default-attributes"},"acf":[],"yoast_head":"<!-- This site is optimized with the Yoast SEO plugin v23.4 - https:\/\/yoast.com\/wordpress\/plugins\/seo\/ -->\n<title>Olea Europaea Bonsai - Hain mit 3 Olivenb\u00e4umen - Kentis<\/title>\n<meta name=\"description\" content=\"Dieser Olea europaea Bonsai besteht aus 3 Olivenb\u00e4umen und verbindet das typische mediterrane Landschaftsbild mit der Kunst des orientalischen Bonsai.\" \/>\n<meta name=\"robots\" content=\"index, follow, max-snippet:-1, max-image-preview:large, max-video-preview:-1\" \/>\n<link rel=\"canonical\" href=\"https:\/\/kentis.com\/de\/shop\/olea-europaea-bonsai-hain-mit-3-olivenbaeumen\/\" \/>\n<meta property=\"og:locale\" content=\"de_DE\" \/>\n<meta property=\"og:type\" content=\"article\" \/>\n<meta property=\"og:title\" content=\"Olea Europaea Bonsai - Hain mit 3 Olivenb\u00e4umen - Kentis\" \/>\n<meta property=\"og:description\" content=\"Dieser Olea europaea Bonsai besteht aus 3 Olivenb\u00e4umen und verbindet das typische mediterrane Landschaftsbild mit der Kunst des orientalischen Bonsai.\" \/>\n<meta property=\"og:url\" content=\"https:\/\/kentis.com\/de\/shop\/olea-europaea-bonsai-hain-mit-3-olivenbaeumen\/\" \/>\n<meta property=\"og:site_name\" content=\"Kentis\" \/>\n<meta property=\"article:publisher\" content=\"https:\/\/www.facebook.com\/kentisgarden\" \/>\n<meta property=\"article:modified_time\" content=\"2025-01-29T10:18:16+00:00\" \/>\n<meta property=\"og:image\" content=\"https:\/\/kentis.com\/wp-content\/uploads\/2024\/05\/IMG_5053-1024x1024.jpg\" \/>\n\t<meta property=\"og:image:width\" content=\"1024\" \/>\n\t<meta property=\"og:image:height\" content=\"1024\" \/>\n\t<meta property=\"og:image:type\" content=\"image\/jpeg\" \/>\n<meta name=\"twitter:card\" content=\"summary_large_image\" \/>\n<meta name=\"twitter:label1\" content=\"Gesch\u00e4tzte Lesezeit\" \/>\n\t<meta name=\"twitter:data1\" content=\"1\u00a0Minute\" \/>\n<script type=\"application\/ld+json\" class=\"yoast-schema-graph\">{\"@context\":\"https:\/\/schema.org\",\"@graph\":[{\"@type\":\"WebPage\",\"@id\":\"https:\/\/kentis.com\/de\/shop\/olea-europaea-bonsai-hain-mit-3-olivenbaeumen\/\",\"url\":\"https:\/\/kentis.com\/de\/shop\/olea-europaea-bonsai-hain-mit-3-olivenbaeumen\/\",\"name\":\"Olea Europaea Bonsai - Hain mit 3 Olivenb\u00e4umen - Kentis\",\"isPartOf\":{\"@id\":\"https:\/\/kentis.com\/de\/#website\"},\"primaryImageOfPage\":{\"@id\":\"https:\/\/kentis.com\/de\/shop\/olea-europaea-bonsai-hain-mit-3-olivenbaeumen\/#primaryimage\"},\"image\":{\"@id\":\"https:\/\/kentis.com\/de\/shop\/olea-europaea-bonsai-hain-mit-3-olivenbaeumen\/#primaryimage\"},\"thumbnailUrl\":\"https:\/\/kentis.com\/wp-content\/uploads\/2024\/05\/IMG_5053-scaled.jpg\",\"datePublished\":\"2024-05-21T16:01:31+00:00\",\"dateModified\":\"2025-01-29T10:18:16+00:00\",\"description\":\"Dieser Olea europaea Bonsai besteht aus 3 Olivenb\u00e4umen und verbindet das typische mediterrane Landschaftsbild mit der Kunst des orientalischen Bonsai.\",\"breadcrumb\":{\"@id\":\"https:\/\/kentis.com\/de\/shop\/olea-europaea-bonsai-hain-mit-3-olivenbaeumen\/#breadcrumb\"},\"inLanguage\":\"de\",\"potentialAction\":[{\"@type\":\"ReadAction\",\"target\":[\"https:\/\/kentis.com\/de\/shop\/olea-europaea-bonsai-hain-mit-3-olivenbaeumen\/\"]}]},{\"@type\":\"ImageObject\",\"inLanguage\":\"de\",\"@id\":\"https:\/\/kentis.com\/de\/shop\/olea-europaea-bonsai-hain-mit-3-olivenbaeumen\/#primaryimage\",\"url\":\"https:\/\/kentis.com\/wp-content\/uploads\/2024\/05\/IMG_5053-scaled.jpg\",\"contentUrl\":\"https:\/\/kentis.com\/wp-content\/uploads\/2024\/05\/IMG_5053-scaled.jpg\",\"width\":2560,\"height\":2560},{\"@type\":\"BreadcrumbList\",\"@id\":\"https:\/\/kentis.com\/de\/shop\/olea-europaea-bonsai-hain-mit-3-olivenbaeumen\/#breadcrumb\",\"itemListElement\":[{\"@type\":\"ListItem\",\"position\":1,\"name\":\"Home\",\"item\":\"https:\/\/kentis.com\/de\/\"},{\"@type\":\"ListItem\",\"position\":2,\"name\":\"Gesch\u00e4ft\",\"item\":\"https:\/\/kentis.com\/de\/shop\/\"},{\"@type\":\"ListItem\",\"position\":3,\"name\":\"Pflanzen\",\"item\":\"https:\/\/kentis.com\/de\/produkt-kategorie\/pflanzen\/\"},{\"@type\":\"ListItem\",\"position\":4,\"name\":\"Pflanzen im Freien\",\"item\":\"https:\/\/kentis.com\/de\/produkt-kategorie\/pflanzen\/pflanzen-im-freien\/\"},{\"@type\":\"ListItem\",\"position\":5,\"name\":\"Olea Europaea Bonsai &#8211; Hain mit 3 Olivenb\u00e4umen\"}]},{\"@type\":\"WebSite\",\"@id\":\"https:\/\/kentis.com\/de\/#website\",\"url\":\"https:\/\/kentis.com\/de\/\",\"name\":\"Kentis\",\"description\":\"Atelier del verde\",\"publisher\":{\"@id\":\"https:\/\/kentis.com\/de\/#organization\"},\"potentialAction\":[{\"@type\":\"SearchAction\",\"target\":{\"@type\":\"EntryPoint\",\"urlTemplate\":\"https:\/\/kentis.com\/de\/?s={search_term_string}\"},\"query-input\":{\"@type\":\"PropertyValueSpecification\",\"valueRequired\":true,\"valueName\":\"search_term_string\"}}],\"inLanguage\":\"de\"},{\"@type\":\"Organization\",\"@id\":\"https:\/\/kentis.com\/de\/#organization\",\"name\":\"Kentis\",\"url\":\"https:\/\/kentis.com\/de\/\",\"logo\":{\"@type\":\"ImageObject\",\"inLanguage\":\"de\",\"@id\":\"https:\/\/kentis.com\/de\/#\/schema\/logo\/image\/\",\"url\":\"https:\/\/kentis.com\/wp-content\/uploads\/2021\/08\/logo-main.png\",\"contentUrl\":\"https:\/\/kentis.com\/wp-content\/uploads\/2021\/08\/logo-main.png\",\"width\":800,\"height\":204,\"caption\":\"Kentis\"},\"image\":{\"@id\":\"https:\/\/kentis.com\/de\/#\/schema\/logo\/image\/\"},\"sameAs\":[\"https:\/\/www.facebook.com\/kentisgarden\",\"https:\/\/www.instagram.com\/kentisgarden\/\",\"https:\/\/it.pinterest.com\/kentisgarden\",\"https:\/\/www.tiktok.com\/@kentis.com\"]}]}<\/script>\n<!-- \/ Yoast SEO plugin. -->","yoast_head_json":{"title":"Olea Europaea Bonsai - Hain mit 3 Olivenb\u00e4umen - Kentis","description":"Dieser Olea europaea Bonsai besteht aus 3 Olivenb\u00e4umen und verbindet das typische mediterrane Landschaftsbild mit der Kunst des orientalischen Bonsai.","robots":{"index":"index","follow":"follow","max-snippet":"max-snippet:-1","max-image-preview":"max-image-preview:large","max-video-preview":"max-video-preview:-1"},"canonical":"https:\/\/kentis.com\/de\/shop\/olea-europaea-bonsai-hain-mit-3-olivenbaeumen\/","og_locale":"de_DE","og_type":"article","og_title":"Olea Europaea Bonsai - Hain mit 3 Olivenb\u00e4umen - Kentis","og_description":"Dieser Olea europaea Bonsai besteht aus 3 Olivenb\u00e4umen und verbindet das typische mediterrane Landschaftsbild mit der Kunst des orientalischen Bonsai.","og_url":"https:\/\/kentis.com\/de\/shop\/olea-europaea-bonsai-hain-mit-3-olivenbaeumen\/","og_site_name":"Kentis","article_publisher":"https:\/\/www.facebook.com\/kentisgarden","article_modified_time":"2025-01-29T10:18:16+00:00","og_image":[{"width":1024,"height":1024,"url":"https:\/\/kentis.com\/wp-content\/uploads\/2024\/05\/IMG_5053-1024x1024.jpg","type":"image\/jpeg"}],"twitter_card":"summary_large_image","twitter_misc":{"Gesch\u00e4tzte Lesezeit":"1\u00a0Minute"},"schema":{"@context":"https:\/\/schema.org","@graph":[{"@type":"WebPage","@id":"https:\/\/kentis.com\/de\/shop\/olea-europaea-bonsai-hain-mit-3-olivenbaeumen\/","url":"https:\/\/kentis.com\/de\/shop\/olea-europaea-bonsai-hain-mit-3-olivenbaeumen\/","name":"Olea Europaea Bonsai - Hain mit 3 Olivenb\u00e4umen - Kentis","isPartOf":{"@id":"https:\/\/kentis.com\/de\/#website"},"primaryImageOfPage":{"@id":"https:\/\/kentis.com\/de\/shop\/olea-europaea-bonsai-hain-mit-3-olivenbaeumen\/#primaryimage"},"image":{"@id":"https:\/\/kentis.com\/de\/shop\/olea-europaea-bonsai-hain-mit-3-olivenbaeumen\/#primaryimage"},"thumbnailUrl":"https:\/\/kentis.com\/wp-content\/uploads\/2024\/05\/IMG_5053-scaled.jpg","datePublished":"2024-05-21T16:01:31+00:00","dateModified":"2025-01-29T10:18:16+00:00","description":"Dieser Olea europaea Bonsai besteht aus 3 Olivenb\u00e4umen und verbindet das typische mediterrane Landschaftsbild mit der Kunst des orientalischen Bonsai.","breadcrumb":{"@id":"https:\/\/kentis.com\/de\/shop\/olea-europaea-bonsai-hain-mit-3-olivenbaeumen\/#breadcrumb"},"inLanguage":"de","potentialAction":[{"@type":"ReadAction","target":["https:\/\/kentis.com\/de\/shop\/olea-europaea-bonsai-hain-mit-3-olivenbaeumen\/"]}]},{"@type":"ImageObject","inLanguage":"de","@id":"https:\/\/kentis.com\/de\/shop\/olea-europaea-bonsai-hain-mit-3-olivenbaeumen\/#primaryimage","url":"https:\/\/kentis.com\/wp-content\/uploads\/2024\/05\/IMG_5053-scaled.jpg","contentUrl":"https:\/\/kentis.com\/wp-content\/uploads\/2024\/05\/IMG_5053-scaled.jpg","width":2560,"height":2560},{"@type":"BreadcrumbList","@id":"https:\/\/kentis.com\/de\/shop\/olea-europaea-bonsai-hain-mit-3-olivenbaeumen\/#breadcrumb","itemListElement":[{"@type":"ListItem","position":1,"name":"Home","item":"https:\/\/kentis.com\/de\/"},{"@type":"ListItem","position":2,"name":"Gesch\u00e4ft","item":"https:\/\/kentis.com\/de\/shop\/"},{"@type":"ListItem","position":3,"name":"Pflanzen","item":"https:\/\/kentis.com\/de\/produkt-kategorie\/pflanzen\/"},{"@type":"ListItem","position":4,"name":"Pflanzen im Freien","item":"https:\/\/kentis.com\/de\/produkt-kategorie\/pflanzen\/pflanzen-im-freien\/"},{"@type":"ListItem","position":5,"name":"Olea Europaea Bonsai &#8211; Hain mit 3 Olivenb\u00e4umen"}]},{"@type":"WebSite","@id":"https:\/\/kentis.com\/de\/#website","url":"https:\/\/kentis.com\/de\/","name":"Kentis","description":"Atelier del verde","publisher":{"@id":"https:\/\/kentis.com\/de\/#organization"},"potentialAction":[{"@type":"SearchAction","target":{"@type":"EntryPoint","urlTemplate":"https:\/\/kentis.com\/de\/?s={search_term_string}"},"query-input":{"@type":"PropertyValueSpecification","valueRequired":true,"valueName":"search_term_string"}}],"inLanguage":"de"},{"@type":"Organization","@id":"https:\/\/kentis.com\/de\/#organization","name":"Kentis","url":"https:\/\/kentis.com\/de\/","logo":{"@type":"ImageObject","inLanguage":"de","@id":"https:\/\/kentis.com\/de\/#\/schema\/logo\/image\/","url":"https:\/\/kentis.com\/wp-content\/uploads\/2021\/08\/logo-main.png","contentUrl":"https:\/\/kentis.com\/wp-content\/uploads\/2021\/08\/logo-main.png","width":800,"height":204,"caption":"Kentis"},"image":{"@id":"https:\/\/kentis.com\/de\/#\/schema\/logo\/image\/"},"sameAs":["https:\/\/www.facebook.com\/kentisgarden","https:\/\/www.instagram.com\/kentisgarden\/","https:\/\/it.pinterest.com\/kentisgarden","https:\/\/www.tiktok.com\/@kentis.com"]}]}},"_links":{"self":[{"href":"https:\/\/kentis.com\/de\/wp-json\/wp\/v2\/product\/32085","targetHints":{"allow":["GET"]}}],"collection":[{"href":"https:\/\/kentis.com\/de\/wp-json\/wp\/v2\/product"}],"about":[{"href":"https:\/\/kentis.com\/de\/wp-json\/wp\/v2\/types\/product"}],"wp:featuredmedia":[{"embeddable":true,"href":"https:\/\/kentis.com\/de\/wp-json\/wp\/v2\/media\/27903"}],"wp:attachment":[{"href":"https:\/\/kentis.com\/de\/wp-json\/wp\/v2\/media?parent=32085"}],"wp:term":[{"taxonomy":"product_cat","embeddable":true,"href":"https:\/\/kentis.com\/de\/wp-json\/wp\/v2\/product_cat?post=32085"},{"taxonomy":"product_tag","embeddable":true,"href":"https:\/\/kentis.com\/de\/wp-json\/wp\/v2\/product_tag?post=32085"}],"curies":[{"name":"wp","href":"https:\/\/api.w.org\/{rel}","templated":true}]}}