{"id":31537,"date":"2022-10-26T16:03:05","date_gmt":"2022-10-26T14:03:05","guid":{"rendered":"https:\/\/kentis.com\/negozio\/protea-white-king\/"},"modified":"2025-09-01T17:38:17","modified_gmt":"2025-09-01T15:38:17","slug":"protea-white-king","status":"publish","type":"product","link":"https:\/\/kentis.com\/de\/shop\/protea-white-king\/","title":{"rendered":"Protea &#8216;White King&#8217;"},"content":{"rendered":"<div class=\"fusion-fullwidth fullwidth-box fusion-builder-row-1 fusion-flex-container has-pattern-background has-mask-background nonhundred-percent-fullwidth non-hundred-percent-height-scrolling\" style=\"--awb-border-radius-top-left:0px;--awb-border-radius-top-right:0px;--awb-border-radius-bottom-right:0px;--awb-border-radius-bottom-left:0px;--awb-padding-top:0px;--awb-padding-right:0px;--awb-padding-bottom:0px;--awb-padding-left:0px;--awb-flex-wrap:wrap;\" ><div class=\"fusion-builder-row fusion-row fusion-flex-align-items-flex-start fusion-flex-content-wrap\" style=\"max-width:1248px;margin-left: calc(-4% \/ 2 );margin-right: calc(-4% \/ 2 );\"><div class=\"fusion-layout-column fusion_builder_column fusion-builder-column-0 fusion_builder_column_1_1 1_1 fusion-flex-column\" style=\"--awb-bg-size:cover;--awb-width-large:100%;--awb-margin-top-large:0px;--awb-spacing-right-large:1.92%;--awb-margin-bottom-large:0px;--awb-spacing-left-large:1.92%;--awb-width-medium:100%;--awb-spacing-right-medium:1.92%;--awb-spacing-left-medium:1.92%;--awb-width-small:100%;--awb-spacing-right-small:1.92%;--awb-spacing-left-small:1.92%;\"><div class=\"fusion-column-wrapper fusion-flex-justify-content-flex-start fusion-content-layout-column\"><div class=\"fusion-text fusion-text-1\"><p>Protea &#8216;White King&#8217; gilt als eine der faszinierendsten Sorten dieser Gattung, die aufgrund ihrer reichlichen Nektarproduktion auch als &#8216;Sugarbush&#8217; bekannt ist. Ber\u00fchmt f\u00fcr ihre gro\u00dfen Bl\u00fcten mit wei\u00dfen Hochbl\u00e4ttern, die fast das ganze Jahr \u00fcber an der Pflanze bleiben, eignet sich diese in Australien beheimatete Zwergsorte perfekt f\u00fcr die Kultivierung in T\u00f6pfen.<\/p>\n<p>H\u00f6he ab Topfboden: 50\/60 cm.<\/p>\n<\/div><\/div><\/div><\/div><\/div>\n","protected":false},"excerpt":{"rendered":"","protected":false},"featured_media":21173,"template":"","meta":{"_acf_changed":false},"product_cat":[531,1262],"product_tag":[],"class_list":{"0":"post-31537","1":"product","2":"type-product","3":"status-publish","4":"has-post-thumbnail","6":"product_cat-pflanzen-im-freien","7":"product_cat-piante-da-fiore-de","8":"product_shipping_class-flora-de","10":"first","11":"instock","12":"taxable","13":"shipping-taxable","14":"purchasable","15":"product-type-variable","16":"has-default-attributes"},"acf":[],"yoast_head":"<!-- This site is optimized with the Yoast SEO plugin v23.4 - https:\/\/yoast.com\/wordpress\/plugins\/seo\/ -->\n<title>Protea &#039;White King&#039; - Bl\u00fchende Pflanzen f\u00fcr drau\u00dfen - Kentis<\/title>\n<meta name=\"description\" content=\"Protea &#039;White King&#039; ist eine bl\u00fchende Pflanze, die f\u00fcr ihre wei\u00dfen Hochbl\u00e4tter bekannt ist, die fast das ganze Jahr \u00fcber an der Pflanze bleiben.\" \/>\n<meta name=\"robots\" content=\"index, follow, max-snippet:-1, max-image-preview:large, max-video-preview:-1\" \/>\n<link rel=\"canonical\" href=\"https:\/\/kentis.com\/de\/shop\/protea-white-king\/\" \/>\n<meta property=\"og:locale\" content=\"de_DE\" \/>\n<meta property=\"og:type\" content=\"article\" \/>\n<meta property=\"og:title\" content=\"Protea &#039;White King&#039; - Bl\u00fchende Pflanzen f\u00fcr drau\u00dfen - Kentis\" \/>\n<meta property=\"og:description\" content=\"Protea &#039;White King&#039; ist eine bl\u00fchende Pflanze, die f\u00fcr ihre wei\u00dfen Hochbl\u00e4tter bekannt ist, die fast das ganze Jahr \u00fcber an der Pflanze bleiben.\" \/>\n<meta property=\"og:url\" content=\"https:\/\/kentis.com\/de\/shop\/protea-white-king\/\" \/>\n<meta property=\"og:site_name\" content=\"Kentis\" \/>\n<meta property=\"article:publisher\" content=\"https:\/\/www.facebook.com\/kentisgarden\" \/>\n<meta property=\"article:modified_time\" content=\"2025-09-01T15:38:17+00:00\" \/>\n<meta property=\"og:image\" content=\"https:\/\/kentis.com\/wp-content\/uploads\/2022\/10\/PTG-Protea-White-King-v17-h50-60_vibes-18-silky-white-scaled.jpg\" \/>\n\t<meta property=\"og:image:width\" content=\"2560\" \/>\n\t<meta property=\"og:image:height\" content=\"2560\" \/>\n\t<meta property=\"og:image:type\" content=\"image\/jpeg\" \/>\n<meta name=\"twitter:card\" content=\"summary_large_image\" \/>\n<meta name=\"twitter:label1\" content=\"Gesch\u00e4tzte Lesezeit\" \/>\n\t<meta name=\"twitter:data1\" content=\"1\u00a0Minute\" \/>\n<script type=\"application\/ld+json\" class=\"yoast-schema-graph\">{\"@context\":\"https:\/\/schema.org\",\"@graph\":[{\"@type\":\"WebPage\",\"@id\":\"https:\/\/kentis.com\/de\/shop\/protea-white-king\/\",\"url\":\"https:\/\/kentis.com\/de\/shop\/protea-white-king\/\",\"name\":\"Protea 'White King' - Bl\u00fchende Pflanzen f\u00fcr drau\u00dfen - Kentis\",\"isPartOf\":{\"@id\":\"https:\/\/kentis.com\/de\/#website\"},\"primaryImageOfPage\":{\"@id\":\"https:\/\/kentis.com\/de\/shop\/protea-white-king\/#primaryimage\"},\"image\":{\"@id\":\"https:\/\/kentis.com\/de\/shop\/protea-white-king\/#primaryimage\"},\"thumbnailUrl\":\"https:\/\/kentis.com\/wp-content\/uploads\/2022\/10\/PTG-Protea-White-King-v17-h50-60_vibes-18-silky-white-scaled.jpg\",\"datePublished\":\"2022-10-26T14:03:05+00:00\",\"dateModified\":\"2025-09-01T15:38:17+00:00\",\"description\":\"Protea 'White King' ist eine bl\u00fchende Pflanze, die f\u00fcr ihre wei\u00dfen Hochbl\u00e4tter bekannt ist, die fast das ganze Jahr \u00fcber an der Pflanze bleiben.\",\"breadcrumb\":{\"@id\":\"https:\/\/kentis.com\/de\/shop\/protea-white-king\/#breadcrumb\"},\"inLanguage\":\"de\",\"potentialAction\":[{\"@type\":\"ReadAction\",\"target\":[\"https:\/\/kentis.com\/de\/shop\/protea-white-king\/\"]}]},{\"@type\":\"ImageObject\",\"inLanguage\":\"de\",\"@id\":\"https:\/\/kentis.com\/de\/shop\/protea-white-king\/#primaryimage\",\"url\":\"https:\/\/kentis.com\/wp-content\/uploads\/2022\/10\/PTG-Protea-White-King-v17-h50-60_vibes-18-silky-white-scaled.jpg\",\"contentUrl\":\"https:\/\/kentis.com\/wp-content\/uploads\/2022\/10\/PTG-Protea-White-King-v17-h50-60_vibes-18-silky-white-scaled.jpg\",\"width\":2560,\"height\":2560},{\"@type\":\"BreadcrumbList\",\"@id\":\"https:\/\/kentis.com\/de\/shop\/protea-white-king\/#breadcrumb\",\"itemListElement\":[{\"@type\":\"ListItem\",\"position\":1,\"name\":\"Home\",\"item\":\"https:\/\/kentis.com\/de\/\"},{\"@type\":\"ListItem\",\"position\":2,\"name\":\"Gesch\u00e4ft\",\"item\":\"https:\/\/kentis.com\/de\/shop\/\"},{\"@type\":\"ListItem\",\"position\":3,\"name\":\"Pflanzen\",\"item\":\"https:\/\/kentis.com\/de\/produkt-kategorie\/pflanzen\/\"},{\"@type\":\"ListItem\",\"position\":4,\"name\":\"Pflanzen im Freien\",\"item\":\"https:\/\/kentis.com\/de\/produkt-kategorie\/pflanzen\/pflanzen-im-freien\/\"},{\"@type\":\"ListItem\",\"position\":5,\"name\":\"Protea &#8216;White King&#8217;\"}]},{\"@type\":\"WebSite\",\"@id\":\"https:\/\/kentis.com\/de\/#website\",\"url\":\"https:\/\/kentis.com\/de\/\",\"name\":\"Kentis\",\"description\":\"Atelier del verde\",\"publisher\":{\"@id\":\"https:\/\/kentis.com\/de\/#organization\"},\"potentialAction\":[{\"@type\":\"SearchAction\",\"target\":{\"@type\":\"EntryPoint\",\"urlTemplate\":\"https:\/\/kentis.com\/de\/?s={search_term_string}\"},\"query-input\":{\"@type\":\"PropertyValueSpecification\",\"valueRequired\":true,\"valueName\":\"search_term_string\"}}],\"inLanguage\":\"de\"},{\"@type\":\"Organization\",\"@id\":\"https:\/\/kentis.com\/de\/#organization\",\"name\":\"Kentis\",\"url\":\"https:\/\/kentis.com\/de\/\",\"logo\":{\"@type\":\"ImageObject\",\"inLanguage\":\"de\",\"@id\":\"https:\/\/kentis.com\/de\/#\/schema\/logo\/image\/\",\"url\":\"https:\/\/kentis.com\/wp-content\/uploads\/2021\/08\/logo-main.png\",\"contentUrl\":\"https:\/\/kentis.com\/wp-content\/uploads\/2021\/08\/logo-main.png\",\"width\":800,\"height\":204,\"caption\":\"Kentis\"},\"image\":{\"@id\":\"https:\/\/kentis.com\/de\/#\/schema\/logo\/image\/\"},\"sameAs\":[\"https:\/\/www.facebook.com\/kentisgarden\",\"https:\/\/www.instagram.com\/kentisgarden\/\",\"https:\/\/it.pinterest.com\/kentisgarden\",\"https:\/\/www.tiktok.com\/@kentis.com\"]}]}<\/script>\n<!-- \/ Yoast SEO plugin. -->","yoast_head_json":{"title":"Protea 'White King' - Bl\u00fchende Pflanzen f\u00fcr drau\u00dfen - Kentis","description":"Protea 'White King' ist eine bl\u00fchende Pflanze, die f\u00fcr ihre wei\u00dfen Hochbl\u00e4tter bekannt ist, die fast das ganze Jahr \u00fcber an der Pflanze bleiben.","robots":{"index":"index","follow":"follow","max-snippet":"max-snippet:-1","max-image-preview":"max-image-preview:large","max-video-preview":"max-video-preview:-1"},"canonical":"https:\/\/kentis.com\/de\/shop\/protea-white-king\/","og_locale":"de_DE","og_type":"article","og_title":"Protea 'White King' - Bl\u00fchende Pflanzen f\u00fcr drau\u00dfen - Kentis","og_description":"Protea 'White King' ist eine bl\u00fchende Pflanze, die f\u00fcr ihre wei\u00dfen Hochbl\u00e4tter bekannt ist, die fast das ganze Jahr \u00fcber an der Pflanze bleiben.","og_url":"https:\/\/kentis.com\/de\/shop\/protea-white-king\/","og_site_name":"Kentis","article_publisher":"https:\/\/www.facebook.com\/kentisgarden","article_modified_time":"2025-09-01T15:38:17+00:00","og_image":[{"width":2560,"height":2560,"url":"https:\/\/kentis.com\/wp-content\/uploads\/2022\/10\/PTG-Protea-White-King-v17-h50-60_vibes-18-silky-white-scaled.jpg","type":"image\/jpeg"}],"twitter_card":"summary_large_image","twitter_misc":{"Gesch\u00e4tzte Lesezeit":"1\u00a0Minute"},"schema":{"@context":"https:\/\/schema.org","@graph":[{"@type":"WebPage","@id":"https:\/\/kentis.com\/de\/shop\/protea-white-king\/","url":"https:\/\/kentis.com\/de\/shop\/protea-white-king\/","name":"Protea 'White King' - Bl\u00fchende Pflanzen f\u00fcr drau\u00dfen - Kentis","isPartOf":{"@id":"https:\/\/kentis.com\/de\/#website"},"primaryImageOfPage":{"@id":"https:\/\/kentis.com\/de\/shop\/protea-white-king\/#primaryimage"},"image":{"@id":"https:\/\/kentis.com\/de\/shop\/protea-white-king\/#primaryimage"},"thumbnailUrl":"https:\/\/kentis.com\/wp-content\/uploads\/2022\/10\/PTG-Protea-White-King-v17-h50-60_vibes-18-silky-white-scaled.jpg","datePublished":"2022-10-26T14:03:05+00:00","dateModified":"2025-09-01T15:38:17+00:00","description":"Protea 'White King' ist eine bl\u00fchende Pflanze, die f\u00fcr ihre wei\u00dfen Hochbl\u00e4tter bekannt ist, die fast das ganze Jahr \u00fcber an der Pflanze bleiben.","breadcrumb":{"@id":"https:\/\/kentis.com\/de\/shop\/protea-white-king\/#breadcrumb"},"inLanguage":"de","potentialAction":[{"@type":"ReadAction","target":["https:\/\/kentis.com\/de\/shop\/protea-white-king\/"]}]},{"@type":"ImageObject","inLanguage":"de","@id":"https:\/\/kentis.com\/de\/shop\/protea-white-king\/#primaryimage","url":"https:\/\/kentis.com\/wp-content\/uploads\/2022\/10\/PTG-Protea-White-King-v17-h50-60_vibes-18-silky-white-scaled.jpg","contentUrl":"https:\/\/kentis.com\/wp-content\/uploads\/2022\/10\/PTG-Protea-White-King-v17-h50-60_vibes-18-silky-white-scaled.jpg","width":2560,"height":2560},{"@type":"BreadcrumbList","@id":"https:\/\/kentis.com\/de\/shop\/protea-white-king\/#breadcrumb","itemListElement":[{"@type":"ListItem","position":1,"name":"Home","item":"https:\/\/kentis.com\/de\/"},{"@type":"ListItem","position":2,"name":"Gesch\u00e4ft","item":"https:\/\/kentis.com\/de\/shop\/"},{"@type":"ListItem","position":3,"name":"Pflanzen","item":"https:\/\/kentis.com\/de\/produkt-kategorie\/pflanzen\/"},{"@type":"ListItem","position":4,"name":"Pflanzen im Freien","item":"https:\/\/kentis.com\/de\/produkt-kategorie\/pflanzen\/pflanzen-im-freien\/"},{"@type":"ListItem","position":5,"name":"Protea &#8216;White King&#8217;"}]},{"@type":"WebSite","@id":"https:\/\/kentis.com\/de\/#website","url":"https:\/\/kentis.com\/de\/","name":"Kentis","description":"Atelier del verde","publisher":{"@id":"https:\/\/kentis.com\/de\/#organization"},"potentialAction":[{"@type":"SearchAction","target":{"@type":"EntryPoint","urlTemplate":"https:\/\/kentis.com\/de\/?s={search_term_string}"},"query-input":{"@type":"PropertyValueSpecification","valueRequired":true,"valueName":"search_term_string"}}],"inLanguage":"de"},{"@type":"Organization","@id":"https:\/\/kentis.com\/de\/#organization","name":"Kentis","url":"https:\/\/kentis.com\/de\/","logo":{"@type":"ImageObject","inLanguage":"de","@id":"https:\/\/kentis.com\/de\/#\/schema\/logo\/image\/","url":"https:\/\/kentis.com\/wp-content\/uploads\/2021\/08\/logo-main.png","contentUrl":"https:\/\/kentis.com\/wp-content\/uploads\/2021\/08\/logo-main.png","width":800,"height":204,"caption":"Kentis"},"image":{"@id":"https:\/\/kentis.com\/de\/#\/schema\/logo\/image\/"},"sameAs":["https:\/\/www.facebook.com\/kentisgarden","https:\/\/www.instagram.com\/kentisgarden\/","https:\/\/it.pinterest.com\/kentisgarden","https:\/\/www.tiktok.com\/@kentis.com"]}]}},"_links":{"self":[{"href":"https:\/\/kentis.com\/de\/wp-json\/wp\/v2\/product\/31537","targetHints":{"allow":["GET"]}}],"collection":[{"href":"https:\/\/kentis.com\/de\/wp-json\/wp\/v2\/product"}],"about":[{"href":"https:\/\/kentis.com\/de\/wp-json\/wp\/v2\/types\/product"}],"wp:featuredmedia":[{"embeddable":true,"href":"https:\/\/kentis.com\/de\/wp-json\/wp\/v2\/media\/21173"}],"wp:attachment":[{"href":"https:\/\/kentis.com\/de\/wp-json\/wp\/v2\/media?parent=31537"}],"wp:term":[{"taxonomy":"product_cat","embeddable":true,"href":"https:\/\/kentis.com\/de\/wp-json\/wp\/v2\/product_cat?post=31537"},{"taxonomy":"product_tag","embeddable":true,"href":"https:\/\/kentis.com\/de\/wp-json\/wp\/v2\/product_tag?post=31537"}],"curies":[{"name":"wp","href":"https:\/\/api.w.org\/{rel}","templated":true}]}}