{"id":31511,"date":"2024-04-04T15:18:08","date_gmt":"2024-04-04T13:18:08","guid":{"rendered":"https:\/\/kentis.com\/negozio\/acer-palmatum-katsura\/"},"modified":"2025-01-15T10:24:43","modified_gmt":"2025-01-15T09:24:43","slug":"bonsai-acer-palmatum-katsura-ahorn-v275","status":"publish","type":"product","link":"https:\/\/kentis.com\/de\/shop\/bonsai-acer-palmatum-katsura-ahorn-v275\/","title":{"rendered":"Bonsai Acer Palmatum Katsura &#8211; Ahorn V27,5"},"content":{"rendered":"<div class=\"fusion-fullwidth fullwidth-box fusion-builder-row-1 fusion-flex-container has-pattern-background has-mask-background nonhundred-percent-fullwidth non-hundred-percent-height-scrolling\" style=\"--awb-border-radius-top-left:0px;--awb-border-radius-top-right:0px;--awb-border-radius-bottom-right:0px;--awb-border-radius-bottom-left:0px;--awb-padding-top:0px;--awb-padding-right:0px;--awb-padding-bottom:0px;--awb-padding-left:0px;--awb-flex-wrap:wrap;\" ><div class=\"fusion-builder-row fusion-row fusion-flex-align-items-flex-start fusion-flex-content-wrap\" style=\"max-width:1248px;margin-left: calc(-4% \/ 2 );margin-right: calc(-4% \/ 2 );\"><div class=\"fusion-layout-column fusion_builder_column fusion-builder-column-0 fusion_builder_column_1_1 1_1 fusion-flex-column\" style=\"--awb-bg-size:cover;--awb-width-large:100%;--awb-margin-top-large:0px;--awb-spacing-right-large:1.92%;--awb-margin-bottom-large:0px;--awb-spacing-left-large:1.92%;--awb-width-medium:100%;--awb-spacing-right-medium:1.92%;--awb-spacing-left-medium:1.92%;--awb-width-small:100%;--awb-spacing-right-small:1.92%;--awb-spacing-left-small:1.92%;\"><div class=\"fusion-column-wrapper fusion-flex-justify-content-flex-start fusion-content-layout-column\"><div class=\"fusion-text fusion-text-1\"><p>Der Ahorn-Bonsai ist einer der beliebtesten Bonsai Japans und bekannt f\u00fcr die au\u00dfergew\u00f6hnliche Sch\u00f6nheit seiner Bl\u00e4tter. Insbesondere der Acer palmatum &#8216;Katsura&#8217; Bonsai zeichnet sich durch seine eleganten, palmenf\u00f6rmigen Bl\u00e4tter aus, die im Fr\u00fchjahr in leuchtenden Farben von Orange bis Gelb erscheinen, mit zarten Schattierungen von den R\u00e4ndern zur Mitte des Blattes. Im Laufe der Saison f\u00e4rben sich diese Bl\u00e4tter allm\u00e4hlich gr\u00fcn. Im Herbst ist der Farbzyklus abgeschlossen und die Bl\u00e4tter f\u00e4rben sich wieder in warmen Orange- und Gelbt\u00f6nen, bevor sie abfallen und den Baum f\u00fcr den Winter kahl lassen.<\/p>\n<p>H\u00f6he ab dem Boden der Vase: 45\/55 cm.<\/p>\n<p>Der Keramiktopf ist im Lieferumfang der Pflanze enthalten.<\/p>\n<\/div><\/div><\/div><\/div><\/div>\n","protected":false},"excerpt":{"rendered":"","protected":false},"featured_media":27314,"template":"","meta":{"_acf_changed":false},"product_cat":[588,531],"product_tag":[],"class_list":{"0":"post-31511","1":"product","2":"type-product","3":"status-publish","4":"has-post-thumbnail","6":"product_cat-bonsai-und-extras","7":"product_cat-pflanzen-im-freien","9":"first","10":"instock","11":"taxable","12":"shipping-taxable","13":"purchasable","14":"product-type-variable","15":"has-default-attributes"},"acf":[],"yoast_head":"<!-- This site is optimized with the Yoast SEO plugin v23.4 - https:\/\/yoast.com\/wordpress\/plugins\/seo\/ -->\n<title>Acer Palmatum Katsura - Japanischer Ahorn Bonsai - Kentis<\/title>\n<meta name=\"description\" content=\"Der Acer palmatum &#039;Katsura&#039; Bonsai zeichnet sich durch seine eleganten, palmenf\u00f6rmigen Bl\u00e4tter aus, die in jungen Jahren orange bis gelb gef\u00e4rbt sind.\" \/>\n<meta name=\"robots\" content=\"index, follow, max-snippet:-1, max-image-preview:large, max-video-preview:-1\" \/>\n<link rel=\"canonical\" href=\"https:\/\/kentis.com\/de\/shop\/bonsai-acer-palmatum-katsura-ahorn-v275\/\" \/>\n<meta property=\"og:locale\" content=\"de_DE\" \/>\n<meta property=\"og:type\" content=\"article\" \/>\n<meta property=\"og:title\" content=\"Acer Palmatum Katsura - Japanischer Ahorn Bonsai - Kentis\" \/>\n<meta property=\"og:description\" content=\"Der Acer palmatum &#039;Katsura&#039; Bonsai zeichnet sich durch seine eleganten, palmenf\u00f6rmigen Bl\u00e4tter aus, die in jungen Jahren orange bis gelb gef\u00e4rbt sind.\" \/>\n<meta property=\"og:url\" content=\"https:\/\/kentis.com\/de\/shop\/bonsai-acer-palmatum-katsura-ahorn-v275\/\" \/>\n<meta property=\"og:site_name\" content=\"Kentis\" \/>\n<meta property=\"article:publisher\" content=\"https:\/\/www.facebook.com\/kentisgarden\" \/>\n<meta property=\"article:modified_time\" content=\"2025-01-15T09:24:43+00:00\" \/>\n<meta property=\"og:image\" content=\"https:\/\/kentis.com\/wp-content\/uploads\/2024\/04\/1-4.png\" \/>\n\t<meta property=\"og:image:width\" content=\"2000\" \/>\n\t<meta property=\"og:image:height\" content=\"2000\" \/>\n\t<meta property=\"og:image:type\" content=\"image\/png\" \/>\n<meta name=\"twitter:card\" content=\"summary_large_image\" \/>\n<meta name=\"twitter:label1\" content=\"Gesch\u00e4tzte Lesezeit\" \/>\n\t<meta name=\"twitter:data1\" content=\"1\u00a0Minute\" \/>\n<script type=\"application\/ld+json\" class=\"yoast-schema-graph\">{\"@context\":\"https:\/\/schema.org\",\"@graph\":[{\"@type\":\"WebPage\",\"@id\":\"https:\/\/kentis.com\/de\/shop\/bonsai-acer-palmatum-katsura-ahorn-v275\/\",\"url\":\"https:\/\/kentis.com\/de\/shop\/bonsai-acer-palmatum-katsura-ahorn-v275\/\",\"name\":\"Acer Palmatum Katsura - Japanischer Ahorn Bonsai - Kentis\",\"isPartOf\":{\"@id\":\"https:\/\/kentis.com\/de\/#website\"},\"primaryImageOfPage\":{\"@id\":\"https:\/\/kentis.com\/de\/shop\/bonsai-acer-palmatum-katsura-ahorn-v275\/#primaryimage\"},\"image\":{\"@id\":\"https:\/\/kentis.com\/de\/shop\/bonsai-acer-palmatum-katsura-ahorn-v275\/#primaryimage\"},\"thumbnailUrl\":\"https:\/\/kentis.com\/wp-content\/uploads\/2024\/04\/1-4.png\",\"datePublished\":\"2024-04-04T13:18:08+00:00\",\"dateModified\":\"2025-01-15T09:24:43+00:00\",\"description\":\"Der Acer palmatum 'Katsura' Bonsai zeichnet sich durch seine eleganten, palmenf\u00f6rmigen Bl\u00e4tter aus, die in jungen Jahren orange bis gelb gef\u00e4rbt sind.\",\"breadcrumb\":{\"@id\":\"https:\/\/kentis.com\/de\/shop\/bonsai-acer-palmatum-katsura-ahorn-v275\/#breadcrumb\"},\"inLanguage\":\"de\",\"potentialAction\":[{\"@type\":\"ReadAction\",\"target\":[\"https:\/\/kentis.com\/de\/shop\/bonsai-acer-palmatum-katsura-ahorn-v275\/\"]}]},{\"@type\":\"ImageObject\",\"inLanguage\":\"de\",\"@id\":\"https:\/\/kentis.com\/de\/shop\/bonsai-acer-palmatum-katsura-ahorn-v275\/#primaryimage\",\"url\":\"https:\/\/kentis.com\/wp-content\/uploads\/2024\/04\/1-4.png\",\"contentUrl\":\"https:\/\/kentis.com\/wp-content\/uploads\/2024\/04\/1-4.png\",\"width\":2000,\"height\":2000},{\"@type\":\"BreadcrumbList\",\"@id\":\"https:\/\/kentis.com\/de\/shop\/bonsai-acer-palmatum-katsura-ahorn-v275\/#breadcrumb\",\"itemListElement\":[{\"@type\":\"ListItem\",\"position\":1,\"name\":\"Home\",\"item\":\"https:\/\/kentis.com\/de\/\"},{\"@type\":\"ListItem\",\"position\":2,\"name\":\"Gesch\u00e4ft\",\"item\":\"https:\/\/kentis.com\/de\/shop\/\"},{\"@type\":\"ListItem\",\"position\":3,\"name\":\"Pflanzen\",\"item\":\"https:\/\/kentis.com\/de\/produkt-kategorie\/pflanzen\/\"},{\"@type\":\"ListItem\",\"position\":4,\"name\":\"Pflanzen im Freien\",\"item\":\"https:\/\/kentis.com\/de\/produkt-kategorie\/pflanzen\/pflanzen-im-freien\/\"},{\"@type\":\"ListItem\",\"position\":5,\"name\":\"Bonsai Acer Palmatum Katsura &#8211; Ahorn V27,5\"}]},{\"@type\":\"WebSite\",\"@id\":\"https:\/\/kentis.com\/de\/#website\",\"url\":\"https:\/\/kentis.com\/de\/\",\"name\":\"Kentis\",\"description\":\"Atelier del verde\",\"publisher\":{\"@id\":\"https:\/\/kentis.com\/de\/#organization\"},\"potentialAction\":[{\"@type\":\"SearchAction\",\"target\":{\"@type\":\"EntryPoint\",\"urlTemplate\":\"https:\/\/kentis.com\/de\/?s={search_term_string}\"},\"query-input\":{\"@type\":\"PropertyValueSpecification\",\"valueRequired\":true,\"valueName\":\"search_term_string\"}}],\"inLanguage\":\"de\"},{\"@type\":\"Organization\",\"@id\":\"https:\/\/kentis.com\/de\/#organization\",\"name\":\"Kentis\",\"url\":\"https:\/\/kentis.com\/de\/\",\"logo\":{\"@type\":\"ImageObject\",\"inLanguage\":\"de\",\"@id\":\"https:\/\/kentis.com\/de\/#\/schema\/logo\/image\/\",\"url\":\"https:\/\/kentis.com\/wp-content\/uploads\/2021\/08\/logo-main.png\",\"contentUrl\":\"https:\/\/kentis.com\/wp-content\/uploads\/2021\/08\/logo-main.png\",\"width\":800,\"height\":204,\"caption\":\"Kentis\"},\"image\":{\"@id\":\"https:\/\/kentis.com\/de\/#\/schema\/logo\/image\/\"},\"sameAs\":[\"https:\/\/www.facebook.com\/kentisgarden\",\"https:\/\/www.instagram.com\/kentisgarden\/\",\"https:\/\/it.pinterest.com\/kentisgarden\",\"https:\/\/www.tiktok.com\/@kentis.com\"]}]}<\/script>\n<!-- \/ Yoast SEO plugin. -->","yoast_head_json":{"title":"Acer Palmatum Katsura - Japanischer Ahorn Bonsai - Kentis","description":"Der Acer palmatum 'Katsura' Bonsai zeichnet sich durch seine eleganten, palmenf\u00f6rmigen Bl\u00e4tter aus, die in jungen Jahren orange bis gelb gef\u00e4rbt sind.","robots":{"index":"index","follow":"follow","max-snippet":"max-snippet:-1","max-image-preview":"max-image-preview:large","max-video-preview":"max-video-preview:-1"},"canonical":"https:\/\/kentis.com\/de\/shop\/bonsai-acer-palmatum-katsura-ahorn-v275\/","og_locale":"de_DE","og_type":"article","og_title":"Acer Palmatum Katsura - Japanischer Ahorn Bonsai - Kentis","og_description":"Der Acer palmatum 'Katsura' Bonsai zeichnet sich durch seine eleganten, palmenf\u00f6rmigen Bl\u00e4tter aus, die in jungen Jahren orange bis gelb gef\u00e4rbt sind.","og_url":"https:\/\/kentis.com\/de\/shop\/bonsai-acer-palmatum-katsura-ahorn-v275\/","og_site_name":"Kentis","article_publisher":"https:\/\/www.facebook.com\/kentisgarden","article_modified_time":"2025-01-15T09:24:43+00:00","og_image":[{"width":2000,"height":2000,"url":"https:\/\/kentis.com\/wp-content\/uploads\/2024\/04\/1-4.png","type":"image\/png"}],"twitter_card":"summary_large_image","twitter_misc":{"Gesch\u00e4tzte Lesezeit":"1\u00a0Minute"},"schema":{"@context":"https:\/\/schema.org","@graph":[{"@type":"WebPage","@id":"https:\/\/kentis.com\/de\/shop\/bonsai-acer-palmatum-katsura-ahorn-v275\/","url":"https:\/\/kentis.com\/de\/shop\/bonsai-acer-palmatum-katsura-ahorn-v275\/","name":"Acer Palmatum Katsura - Japanischer Ahorn Bonsai - Kentis","isPartOf":{"@id":"https:\/\/kentis.com\/de\/#website"},"primaryImageOfPage":{"@id":"https:\/\/kentis.com\/de\/shop\/bonsai-acer-palmatum-katsura-ahorn-v275\/#primaryimage"},"image":{"@id":"https:\/\/kentis.com\/de\/shop\/bonsai-acer-palmatum-katsura-ahorn-v275\/#primaryimage"},"thumbnailUrl":"https:\/\/kentis.com\/wp-content\/uploads\/2024\/04\/1-4.png","datePublished":"2024-04-04T13:18:08+00:00","dateModified":"2025-01-15T09:24:43+00:00","description":"Der Acer palmatum 'Katsura' Bonsai zeichnet sich durch seine eleganten, palmenf\u00f6rmigen Bl\u00e4tter aus, die in jungen Jahren orange bis gelb gef\u00e4rbt sind.","breadcrumb":{"@id":"https:\/\/kentis.com\/de\/shop\/bonsai-acer-palmatum-katsura-ahorn-v275\/#breadcrumb"},"inLanguage":"de","potentialAction":[{"@type":"ReadAction","target":["https:\/\/kentis.com\/de\/shop\/bonsai-acer-palmatum-katsura-ahorn-v275\/"]}]},{"@type":"ImageObject","inLanguage":"de","@id":"https:\/\/kentis.com\/de\/shop\/bonsai-acer-palmatum-katsura-ahorn-v275\/#primaryimage","url":"https:\/\/kentis.com\/wp-content\/uploads\/2024\/04\/1-4.png","contentUrl":"https:\/\/kentis.com\/wp-content\/uploads\/2024\/04\/1-4.png","width":2000,"height":2000},{"@type":"BreadcrumbList","@id":"https:\/\/kentis.com\/de\/shop\/bonsai-acer-palmatum-katsura-ahorn-v275\/#breadcrumb","itemListElement":[{"@type":"ListItem","position":1,"name":"Home","item":"https:\/\/kentis.com\/de\/"},{"@type":"ListItem","position":2,"name":"Gesch\u00e4ft","item":"https:\/\/kentis.com\/de\/shop\/"},{"@type":"ListItem","position":3,"name":"Pflanzen","item":"https:\/\/kentis.com\/de\/produkt-kategorie\/pflanzen\/"},{"@type":"ListItem","position":4,"name":"Pflanzen im Freien","item":"https:\/\/kentis.com\/de\/produkt-kategorie\/pflanzen\/pflanzen-im-freien\/"},{"@type":"ListItem","position":5,"name":"Bonsai Acer Palmatum Katsura &#8211; Ahorn V27,5"}]},{"@type":"WebSite","@id":"https:\/\/kentis.com\/de\/#website","url":"https:\/\/kentis.com\/de\/","name":"Kentis","description":"Atelier del verde","publisher":{"@id":"https:\/\/kentis.com\/de\/#organization"},"potentialAction":[{"@type":"SearchAction","target":{"@type":"EntryPoint","urlTemplate":"https:\/\/kentis.com\/de\/?s={search_term_string}"},"query-input":{"@type":"PropertyValueSpecification","valueRequired":true,"valueName":"search_term_string"}}],"inLanguage":"de"},{"@type":"Organization","@id":"https:\/\/kentis.com\/de\/#organization","name":"Kentis","url":"https:\/\/kentis.com\/de\/","logo":{"@type":"ImageObject","inLanguage":"de","@id":"https:\/\/kentis.com\/de\/#\/schema\/logo\/image\/","url":"https:\/\/kentis.com\/wp-content\/uploads\/2021\/08\/logo-main.png","contentUrl":"https:\/\/kentis.com\/wp-content\/uploads\/2021\/08\/logo-main.png","width":800,"height":204,"caption":"Kentis"},"image":{"@id":"https:\/\/kentis.com\/de\/#\/schema\/logo\/image\/"},"sameAs":["https:\/\/www.facebook.com\/kentisgarden","https:\/\/www.instagram.com\/kentisgarden\/","https:\/\/it.pinterest.com\/kentisgarden","https:\/\/www.tiktok.com\/@kentis.com"]}]}},"_links":{"self":[{"href":"https:\/\/kentis.com\/de\/wp-json\/wp\/v2\/product\/31511","targetHints":{"allow":["GET"]}}],"collection":[{"href":"https:\/\/kentis.com\/de\/wp-json\/wp\/v2\/product"}],"about":[{"href":"https:\/\/kentis.com\/de\/wp-json\/wp\/v2\/types\/product"}],"wp:featuredmedia":[{"embeddable":true,"href":"https:\/\/kentis.com\/de\/wp-json\/wp\/v2\/media\/27314"}],"wp:attachment":[{"href":"https:\/\/kentis.com\/de\/wp-json\/wp\/v2\/media?parent=31511"}],"wp:term":[{"taxonomy":"product_cat","embeddable":true,"href":"https:\/\/kentis.com\/de\/wp-json\/wp\/v2\/product_cat?post=31511"},{"taxonomy":"product_tag","embeddable":true,"href":"https:\/\/kentis.com\/de\/wp-json\/wp\/v2\/product_tag?post=31511"}],"curies":[{"name":"wp","href":"https:\/\/api.w.org\/{rel}","templated":true}]}}