{"id":31472,"date":"2024-03-05T10:30:22","date_gmt":"2024-03-05T09:30:22","guid":{"rendered":"https:\/\/kentis.com\/negozio\/sophora-prostrata-little-baby\/"},"modified":"2025-11-20T09:26:02","modified_gmt":"2025-11-20T08:26:02","slug":"sophora-prostrata-little-baby","status":"publish","type":"product","link":"https:\/\/kentis.com\/de\/shop\/sophora-prostrata-little-baby\/","title":{"rendered":"Sophora Prostrata Little Baby"},"content":{"rendered":"<div class=\"fusion-fullwidth fullwidth-box fusion-builder-row-1 fusion-flex-container nonhundred-percent-fullwidth non-hundred-percent-height-scrolling\" style=\"--awb-border-radius-top-left:0px;--awb-border-radius-top-right:0px;--awb-border-radius-bottom-right:0px;--awb-border-radius-bottom-left:0px;--awb-flex-wrap:wrap;\" ><div class=\"fusion-builder-row fusion-row fusion-flex-align-items-flex-start fusion-flex-content-wrap\" style=\"max-width:1248px;margin-left: calc(-4% \/ 2 );margin-right: calc(-4% \/ 2 );\"><div class=\"fusion-layout-column fusion_builder_column fusion-builder-column-0 fusion_builder_column_1_1 1_1 fusion-flex-column\" style=\"--awb-bg-size:cover;--awb-width-large:100%;--awb-margin-top-large:0px;--awb-spacing-right-large:1.92%;--awb-margin-bottom-large:0px;--awb-spacing-left-large:1.92%;--awb-width-medium:100%;--awb-spacing-right-medium:1.92%;--awb-spacing-left-medium:1.92%;--awb-width-small:100%;--awb-spacing-right-small:1.92%;--awb-spacing-left-small:1.92%;\"><div class=\"fusion-column-wrapper fusion-flex-justify-content-flex-start fusion-content-layout-column\"><div class=\"fusion-text fusion-text-1\"><p>Ein in Neuseeland beheimateter immergr\u00fcner Strauch, der maximal etwa 150 cm hoch wird. Das besondere Aussehen dieser Pflanze wird durch die zickzackf\u00f6rmig wachsenden \u00c4ste und die kleinen, paarweise gegenst\u00e4ndig angeordneten Bl\u00e4tter bestimmt.<\/p>\n<p>H\u00f6he 35-45 cm &#8211; Topfdurchmesser 12 cm<\/p>\n<\/div><\/div><\/div><\/div><\/div>\n","protected":false},"excerpt":{"rendered":"","protected":false},"featured_media":26683,"template":"","meta":{"_acf_changed":false},"product_cat":[705],"product_tag":[],"class_list":{"0":"post-31472","1":"product","2":"type-product","3":"status-publish","4":"has-post-thumbnail","6":"product_cat-nicht-kategorisiert","7":"product_shipping_class-flora-de","8":"pa_ambienti-wohnzimmer","10":"first","11":"outofstock","12":"taxable","13":"shipping-taxable","14":"purchasable","15":"product-type-variable","16":"has-default-attributes"},"acf":[],"yoast_head":"<!-- This site is optimized with the Yoast SEO plugin v23.4 - https:\/\/yoast.com\/wordpress\/plugins\/seo\/ -->\n<title>Sophora Prostrata Little Baby | Kentis<\/title>\n<meta name=\"description\" content=\"Das besondere Aussehen dieser Pflanze wird durch die im Zickzack wachsenden \u00c4ste und die kleinen, paarweise gegenst\u00e4ndig angeordneten Bl\u00e4tter bestimmt.\" \/>\n<meta name=\"robots\" content=\"index, follow, max-snippet:-1, max-image-preview:large, max-video-preview:-1\" \/>\n<link rel=\"canonical\" href=\"https:\/\/kentis.com\/de\/shop\/sophora-prostrata-little-baby\/\" \/>\n<meta property=\"og:locale\" content=\"de_DE\" \/>\n<meta property=\"og:type\" content=\"article\" \/>\n<meta property=\"og:title\" content=\"Sophora Prostrata Little Baby | Kentis\" \/>\n<meta property=\"og:description\" content=\"Das besondere Aussehen dieser Pflanze wird durch die im Zickzack wachsenden \u00c4ste und die kleinen, paarweise gegenst\u00e4ndig angeordneten Bl\u00e4tter bestimmt.\" \/>\n<meta property=\"og:url\" content=\"https:\/\/kentis.com\/de\/shop\/sophora-prostrata-little-baby\/\" \/>\n<meta property=\"og:site_name\" content=\"Kentis\" \/>\n<meta property=\"article:publisher\" content=\"https:\/\/www.facebook.com\/kentisgarden\" \/>\n<meta property=\"article:modified_time\" content=\"2025-11-20T08:26:02+00:00\" \/>\n<meta property=\"og:image\" content=\"https:\/\/kentis.com\/wp-content\/uploads\/2024\/03\/PTG-Sophora-prostrata-little-baby-v12-h35-45_vibes-14-deep-blue-1-scaled.jpg\" \/>\n\t<meta property=\"og:image:width\" content=\"2560\" \/>\n\t<meta property=\"og:image:height\" content=\"2560\" \/>\n\t<meta property=\"og:image:type\" content=\"image\/jpeg\" \/>\n<meta name=\"twitter:card\" content=\"summary_large_image\" \/>\n<meta name=\"twitter:label1\" content=\"Gesch\u00e4tzte Lesezeit\" \/>\n\t<meta name=\"twitter:data1\" content=\"1\u00a0Minute\" \/>\n<script type=\"application\/ld+json\" class=\"yoast-schema-graph\">{\"@context\":\"https:\/\/schema.org\",\"@graph\":[{\"@type\":\"WebPage\",\"@id\":\"https:\/\/kentis.com\/de\/shop\/sophora-prostrata-little-baby\/\",\"url\":\"https:\/\/kentis.com\/de\/shop\/sophora-prostrata-little-baby\/\",\"name\":\"Sophora Prostrata Little Baby | Kentis\",\"isPartOf\":{\"@id\":\"https:\/\/kentis.com\/de\/#website\"},\"primaryImageOfPage\":{\"@id\":\"https:\/\/kentis.com\/de\/shop\/sophora-prostrata-little-baby\/#primaryimage\"},\"image\":{\"@id\":\"https:\/\/kentis.com\/de\/shop\/sophora-prostrata-little-baby\/#primaryimage\"},\"thumbnailUrl\":\"https:\/\/kentis.com\/wp-content\/uploads\/2024\/03\/PTG-Sophora-prostrata-little-baby-v12-h35-45_vibes-14-deep-blue-1-scaled.jpg\",\"datePublished\":\"2024-03-05T09:30:22+00:00\",\"dateModified\":\"2025-11-20T08:26:02+00:00\",\"description\":\"Das besondere Aussehen dieser Pflanze wird durch die im Zickzack wachsenden \u00c4ste und die kleinen, paarweise gegenst\u00e4ndig angeordneten Bl\u00e4tter bestimmt.\",\"breadcrumb\":{\"@id\":\"https:\/\/kentis.com\/de\/shop\/sophora-prostrata-little-baby\/#breadcrumb\"},\"inLanguage\":\"de\",\"potentialAction\":[{\"@type\":\"ReadAction\",\"target\":[\"https:\/\/kentis.com\/de\/shop\/sophora-prostrata-little-baby\/\"]}]},{\"@type\":\"ImageObject\",\"inLanguage\":\"de\",\"@id\":\"https:\/\/kentis.com\/de\/shop\/sophora-prostrata-little-baby\/#primaryimage\",\"url\":\"https:\/\/kentis.com\/wp-content\/uploads\/2024\/03\/PTG-Sophora-prostrata-little-baby-v12-h35-45_vibes-14-deep-blue-1-scaled.jpg\",\"contentUrl\":\"https:\/\/kentis.com\/wp-content\/uploads\/2024\/03\/PTG-Sophora-prostrata-little-baby-v12-h35-45_vibes-14-deep-blue-1-scaled.jpg\",\"width\":2560,\"height\":2560},{\"@type\":\"BreadcrumbList\",\"@id\":\"https:\/\/kentis.com\/de\/shop\/sophora-prostrata-little-baby\/#breadcrumb\",\"itemListElement\":[{\"@type\":\"ListItem\",\"position\":1,\"name\":\"Home\",\"item\":\"https:\/\/kentis.com\/de\/\"},{\"@type\":\"ListItem\",\"position\":2,\"name\":\"Gesch\u00e4ft\",\"item\":\"https:\/\/kentis.com\/de\/shop\/\"},{\"@type\":\"ListItem\",\"position\":3,\"name\":\"nicht kategorisiert\",\"item\":\"https:\/\/kentis.com\/de\/produkt-kategorie\/nicht-kategorisiert\/\"},{\"@type\":\"ListItem\",\"position\":4,\"name\":\"Sophora Prostrata Little Baby\"}]},{\"@type\":\"WebSite\",\"@id\":\"https:\/\/kentis.com\/de\/#website\",\"url\":\"https:\/\/kentis.com\/de\/\",\"name\":\"Kentis\",\"description\":\"Atelier del verde\",\"publisher\":{\"@id\":\"https:\/\/kentis.com\/de\/#organization\"},\"potentialAction\":[{\"@type\":\"SearchAction\",\"target\":{\"@type\":\"EntryPoint\",\"urlTemplate\":\"https:\/\/kentis.com\/de\/?s={search_term_string}\"},\"query-input\":{\"@type\":\"PropertyValueSpecification\",\"valueRequired\":true,\"valueName\":\"search_term_string\"}}],\"inLanguage\":\"de\"},{\"@type\":\"Organization\",\"@id\":\"https:\/\/kentis.com\/de\/#organization\",\"name\":\"Kentis\",\"url\":\"https:\/\/kentis.com\/de\/\",\"logo\":{\"@type\":\"ImageObject\",\"inLanguage\":\"de\",\"@id\":\"https:\/\/kentis.com\/de\/#\/schema\/logo\/image\/\",\"url\":\"https:\/\/kentis.com\/wp-content\/uploads\/2021\/08\/logo-main.png\",\"contentUrl\":\"https:\/\/kentis.com\/wp-content\/uploads\/2021\/08\/logo-main.png\",\"width\":800,\"height\":204,\"caption\":\"Kentis\"},\"image\":{\"@id\":\"https:\/\/kentis.com\/de\/#\/schema\/logo\/image\/\"},\"sameAs\":[\"https:\/\/www.facebook.com\/kentisgarden\",\"https:\/\/www.instagram.com\/kentisgarden\/\",\"https:\/\/it.pinterest.com\/kentisgarden\",\"https:\/\/www.tiktok.com\/@kentis.com\"]}]}<\/script>\n<!-- \/ Yoast SEO plugin. -->","yoast_head_json":{"title":"Sophora Prostrata Little Baby | Kentis","description":"Das besondere Aussehen dieser Pflanze wird durch die im Zickzack wachsenden \u00c4ste und die kleinen, paarweise gegenst\u00e4ndig angeordneten Bl\u00e4tter bestimmt.","robots":{"index":"index","follow":"follow","max-snippet":"max-snippet:-1","max-image-preview":"max-image-preview:large","max-video-preview":"max-video-preview:-1"},"canonical":"https:\/\/kentis.com\/de\/shop\/sophora-prostrata-little-baby\/","og_locale":"de_DE","og_type":"article","og_title":"Sophora Prostrata Little Baby | Kentis","og_description":"Das besondere Aussehen dieser Pflanze wird durch die im Zickzack wachsenden \u00c4ste und die kleinen, paarweise gegenst\u00e4ndig angeordneten Bl\u00e4tter bestimmt.","og_url":"https:\/\/kentis.com\/de\/shop\/sophora-prostrata-little-baby\/","og_site_name":"Kentis","article_publisher":"https:\/\/www.facebook.com\/kentisgarden","article_modified_time":"2025-11-20T08:26:02+00:00","og_image":[{"width":2560,"height":2560,"url":"https:\/\/kentis.com\/wp-content\/uploads\/2024\/03\/PTG-Sophora-prostrata-little-baby-v12-h35-45_vibes-14-deep-blue-1-scaled.jpg","type":"image\/jpeg"}],"twitter_card":"summary_large_image","twitter_misc":{"Gesch\u00e4tzte Lesezeit":"1\u00a0Minute"},"schema":{"@context":"https:\/\/schema.org","@graph":[{"@type":"WebPage","@id":"https:\/\/kentis.com\/de\/shop\/sophora-prostrata-little-baby\/","url":"https:\/\/kentis.com\/de\/shop\/sophora-prostrata-little-baby\/","name":"Sophora Prostrata Little Baby | Kentis","isPartOf":{"@id":"https:\/\/kentis.com\/de\/#website"},"primaryImageOfPage":{"@id":"https:\/\/kentis.com\/de\/shop\/sophora-prostrata-little-baby\/#primaryimage"},"image":{"@id":"https:\/\/kentis.com\/de\/shop\/sophora-prostrata-little-baby\/#primaryimage"},"thumbnailUrl":"https:\/\/kentis.com\/wp-content\/uploads\/2024\/03\/PTG-Sophora-prostrata-little-baby-v12-h35-45_vibes-14-deep-blue-1-scaled.jpg","datePublished":"2024-03-05T09:30:22+00:00","dateModified":"2025-11-20T08:26:02+00:00","description":"Das besondere Aussehen dieser Pflanze wird durch die im Zickzack wachsenden \u00c4ste und die kleinen, paarweise gegenst\u00e4ndig angeordneten Bl\u00e4tter bestimmt.","breadcrumb":{"@id":"https:\/\/kentis.com\/de\/shop\/sophora-prostrata-little-baby\/#breadcrumb"},"inLanguage":"de","potentialAction":[{"@type":"ReadAction","target":["https:\/\/kentis.com\/de\/shop\/sophora-prostrata-little-baby\/"]}]},{"@type":"ImageObject","inLanguage":"de","@id":"https:\/\/kentis.com\/de\/shop\/sophora-prostrata-little-baby\/#primaryimage","url":"https:\/\/kentis.com\/wp-content\/uploads\/2024\/03\/PTG-Sophora-prostrata-little-baby-v12-h35-45_vibes-14-deep-blue-1-scaled.jpg","contentUrl":"https:\/\/kentis.com\/wp-content\/uploads\/2024\/03\/PTG-Sophora-prostrata-little-baby-v12-h35-45_vibes-14-deep-blue-1-scaled.jpg","width":2560,"height":2560},{"@type":"BreadcrumbList","@id":"https:\/\/kentis.com\/de\/shop\/sophora-prostrata-little-baby\/#breadcrumb","itemListElement":[{"@type":"ListItem","position":1,"name":"Home","item":"https:\/\/kentis.com\/de\/"},{"@type":"ListItem","position":2,"name":"Gesch\u00e4ft","item":"https:\/\/kentis.com\/de\/shop\/"},{"@type":"ListItem","position":3,"name":"nicht kategorisiert","item":"https:\/\/kentis.com\/de\/produkt-kategorie\/nicht-kategorisiert\/"},{"@type":"ListItem","position":4,"name":"Sophora Prostrata Little Baby"}]},{"@type":"WebSite","@id":"https:\/\/kentis.com\/de\/#website","url":"https:\/\/kentis.com\/de\/","name":"Kentis","description":"Atelier del verde","publisher":{"@id":"https:\/\/kentis.com\/de\/#organization"},"potentialAction":[{"@type":"SearchAction","target":{"@type":"EntryPoint","urlTemplate":"https:\/\/kentis.com\/de\/?s={search_term_string}"},"query-input":{"@type":"PropertyValueSpecification","valueRequired":true,"valueName":"search_term_string"}}],"inLanguage":"de"},{"@type":"Organization","@id":"https:\/\/kentis.com\/de\/#organization","name":"Kentis","url":"https:\/\/kentis.com\/de\/","logo":{"@type":"ImageObject","inLanguage":"de","@id":"https:\/\/kentis.com\/de\/#\/schema\/logo\/image\/","url":"https:\/\/kentis.com\/wp-content\/uploads\/2021\/08\/logo-main.png","contentUrl":"https:\/\/kentis.com\/wp-content\/uploads\/2021\/08\/logo-main.png","width":800,"height":204,"caption":"Kentis"},"image":{"@id":"https:\/\/kentis.com\/de\/#\/schema\/logo\/image\/"},"sameAs":["https:\/\/www.facebook.com\/kentisgarden","https:\/\/www.instagram.com\/kentisgarden\/","https:\/\/it.pinterest.com\/kentisgarden","https:\/\/www.tiktok.com\/@kentis.com"]}]}},"_links":{"self":[{"href":"https:\/\/kentis.com\/de\/wp-json\/wp\/v2\/product\/31472","targetHints":{"allow":["GET"]}}],"collection":[{"href":"https:\/\/kentis.com\/de\/wp-json\/wp\/v2\/product"}],"about":[{"href":"https:\/\/kentis.com\/de\/wp-json\/wp\/v2\/types\/product"}],"wp:featuredmedia":[{"embeddable":true,"href":"https:\/\/kentis.com\/de\/wp-json\/wp\/v2\/media\/26683"}],"wp:attachment":[{"href":"https:\/\/kentis.com\/de\/wp-json\/wp\/v2\/media?parent=31472"}],"wp:term":[{"taxonomy":"product_cat","embeddable":true,"href":"https:\/\/kentis.com\/de\/wp-json\/wp\/v2\/product_cat?post=31472"},{"taxonomy":"product_tag","embeddable":true,"href":"https:\/\/kentis.com\/de\/wp-json\/wp\/v2\/product_tag?post=31472"}],"curies":[{"name":"wp","href":"https:\/\/api.w.org\/{rel}","templated":true}]}}