{"id":31433,"date":"2024-02-16T12:30:22","date_gmt":"2024-02-16T11:30:22","guid":{"rendered":"https:\/\/kentis.com\/negozio\/nephrolepis-green-moment\/"},"modified":"2024-12-12T17:15:53","modified_gmt":"2024-12-12T16:15:53","slug":"nephrolepis-green-moment","status":"publish","type":"product","link":"https:\/\/kentis.com\/de\/shop\/nephrolepis-green-moment\/","title":{"rendered":"Nephrolepis Green Moment"},"content":{"rendered":"<div class=\"fusion-fullwidth fullwidth-box fusion-builder-row-1 fusion-flex-container nonhundred-percent-fullwidth non-hundred-percent-height-scrolling\" style=\"--awb-border-radius-top-left:0px;--awb-border-radius-top-right:0px;--awb-border-radius-bottom-right:0px;--awb-border-radius-bottom-left:0px;--awb-flex-wrap:wrap;\" ><div class=\"fusion-builder-row fusion-row fusion-flex-align-items-flex-start fusion-flex-content-wrap\" style=\"max-width:1248px;margin-left: calc(-4% \/ 2 );margin-right: calc(-4% \/ 2 );\"><div class=\"fusion-layout-column fusion_builder_column fusion-builder-column-0 fusion_builder_column_1_1 1_1 fusion-flex-column\" style=\"--awb-bg-size:cover;--awb-width-large:100%;--awb-margin-top-large:0px;--awb-spacing-right-large:1.92%;--awb-margin-bottom-large:0px;--awb-spacing-left-large:1.92%;--awb-width-medium:100%;--awb-spacing-right-medium:1.92%;--awb-spacing-left-medium:1.92%;--awb-width-small:100%;--awb-spacing-right-small:1.92%;--awb-spacing-left-small:1.92%;\"><div class=\"fusion-column-wrapper fusion-flex-justify-content-flex-start fusion-content-layout-column\"><div class=\"fusion-text fusion-text-1\"><p>Diese Zimmerpflanze wird wegen ihrer intensiven gr\u00fcnen Farbe, die sie das ganze Jahr \u00fcber beibeh\u00e4lt, \u201eGreen Moment\u201c genannt. Sie wird auch &#8216;Lockenfarn&#8217; genannt, weil ihre typischen Bl\u00e4tter unverwechselbare Kringel bilden.<\/p>\n<p>H\u00f6he vom Boden des Topfes 40-50 cm<\/p>\n<\/div><\/div><\/div><\/div><\/div>\n","protected":false},"excerpt":{"rendered":"","protected":false},"featured_media":26373,"template":"","meta":{"_acf_changed":false},"product_cat":[685,485,495,465],"product_tag":[],"class_list":{"0":"post-31433","1":"product","2":"type-product","3":"status-publish","4":"has-post-thumbnail","6":"product_cat-haustierfreundlich","7":"product_cat-pflanzen-mit-wenig-pflege","8":"product_cat-pflanzen-fuer-wenig-licht","9":"product_cat-zimmerpflanzen","10":"product_shipping_class-flora-de","11":"pa_ambienti-bad","13":"first","14":"instock","15":"taxable","16":"shipping-taxable","17":"purchasable","18":"product-type-variable","19":"has-default-attributes"},"acf":[],"yoast_head":"<!-- This site is optimized with the Yoast SEO plugin v23.4 - https:\/\/yoast.com\/wordpress\/plugins\/seo\/ -->\n<title>Nephrolepis Green Moment - Zimmerpflanze - Kentis<\/title>\n<meta name=\"description\" content=\"Neben der Freisetzung von Sauerstoff wird auch die Luftqualit\u00e4t erheblich verbessert und die Luftverschmutzung in Innenr\u00e4umen deutlich verringert.\" \/>\n<meta name=\"robots\" content=\"index, follow, max-snippet:-1, max-image-preview:large, max-video-preview:-1\" \/>\n<link rel=\"canonical\" href=\"https:\/\/kentis.com\/de\/shop\/nephrolepis-green-moment\/\" \/>\n<meta property=\"og:locale\" content=\"de_DE\" \/>\n<meta property=\"og:type\" content=\"article\" \/>\n<meta property=\"og:title\" content=\"Nephrolepis Green Moment - Zimmerpflanze - Kentis\" \/>\n<meta property=\"og:description\" content=\"Neben der Freisetzung von Sauerstoff wird auch die Luftqualit\u00e4t erheblich verbessert und die Luftverschmutzung in Innenr\u00e4umen deutlich verringert.\" \/>\n<meta property=\"og:url\" content=\"https:\/\/kentis.com\/de\/shop\/nephrolepis-green-moment\/\" \/>\n<meta property=\"og:site_name\" content=\"Kentis\" \/>\n<meta property=\"article:publisher\" content=\"https:\/\/www.facebook.com\/kentisgarden\" \/>\n<meta property=\"article:modified_time\" content=\"2024-12-12T16:15:53+00:00\" \/>\n<meta property=\"og:image\" content=\"https:\/\/kentis.com\/wp-content\/uploads\/2024\/02\/PTG-Nephorolepis-v17-h40_vibes-18-butter-yellow-1024x1024.jpg\" \/>\n\t<meta property=\"og:image:width\" content=\"1024\" \/>\n\t<meta property=\"og:image:height\" content=\"1024\" \/>\n\t<meta property=\"og:image:type\" content=\"image\/jpeg\" \/>\n<meta name=\"twitter:card\" content=\"summary_large_image\" \/>\n<meta name=\"twitter:label1\" content=\"Gesch\u00e4tzte Lesezeit\" \/>\n\t<meta name=\"twitter:data1\" content=\"1\u00a0Minute\" \/>\n<script type=\"application\/ld+json\" class=\"yoast-schema-graph\">{\"@context\":\"https:\/\/schema.org\",\"@graph\":[{\"@type\":\"WebPage\",\"@id\":\"https:\/\/kentis.com\/de\/shop\/nephrolepis-green-moment\/\",\"url\":\"https:\/\/kentis.com\/de\/shop\/nephrolepis-green-moment\/\",\"name\":\"Nephrolepis Green Moment - Zimmerpflanze - Kentis\",\"isPartOf\":{\"@id\":\"https:\/\/kentis.com\/de\/#website\"},\"primaryImageOfPage\":{\"@id\":\"https:\/\/kentis.com\/de\/shop\/nephrolepis-green-moment\/#primaryimage\"},\"image\":{\"@id\":\"https:\/\/kentis.com\/de\/shop\/nephrolepis-green-moment\/#primaryimage\"},\"thumbnailUrl\":\"https:\/\/kentis.com\/wp-content\/uploads\/2024\/02\/PTG-Nephorolepis-v17-h40_vibes-18-butter-yellow-scaled.jpg\",\"datePublished\":\"2024-02-16T11:30:22+00:00\",\"dateModified\":\"2024-12-12T16:15:53+00:00\",\"description\":\"Neben der Freisetzung von Sauerstoff wird auch die Luftqualit\u00e4t erheblich verbessert und die Luftverschmutzung in Innenr\u00e4umen deutlich verringert.\",\"breadcrumb\":{\"@id\":\"https:\/\/kentis.com\/de\/shop\/nephrolepis-green-moment\/#breadcrumb\"},\"inLanguage\":\"de\",\"potentialAction\":[{\"@type\":\"ReadAction\",\"target\":[\"https:\/\/kentis.com\/de\/shop\/nephrolepis-green-moment\/\"]}]},{\"@type\":\"ImageObject\",\"inLanguage\":\"de\",\"@id\":\"https:\/\/kentis.com\/de\/shop\/nephrolepis-green-moment\/#primaryimage\",\"url\":\"https:\/\/kentis.com\/wp-content\/uploads\/2024\/02\/PTG-Nephorolepis-v17-h40_vibes-18-butter-yellow-scaled.jpg\",\"contentUrl\":\"https:\/\/kentis.com\/wp-content\/uploads\/2024\/02\/PTG-Nephorolepis-v17-h40_vibes-18-butter-yellow-scaled.jpg\",\"width\":2560,\"height\":2560},{\"@type\":\"BreadcrumbList\",\"@id\":\"https:\/\/kentis.com\/de\/shop\/nephrolepis-green-moment\/#breadcrumb\",\"itemListElement\":[{\"@type\":\"ListItem\",\"position\":1,\"name\":\"Home\",\"item\":\"https:\/\/kentis.com\/de\/\"},{\"@type\":\"ListItem\",\"position\":2,\"name\":\"Gesch\u00e4ft\",\"item\":\"https:\/\/kentis.com\/de\/shop\/\"},{\"@type\":\"ListItem\",\"position\":3,\"name\":\"Pflanzen\",\"item\":\"https:\/\/kentis.com\/de\/produkt-kategorie\/pflanzen\/\"},{\"@type\":\"ListItem\",\"position\":4,\"name\":\"Zimmerpflanzen\",\"item\":\"https:\/\/kentis.com\/de\/produkt-kategorie\/pflanzen\/zimmerpflanzen\/\"},{\"@type\":\"ListItem\",\"position\":5,\"name\":\"Nephrolepis Green Moment\"}]},{\"@type\":\"WebSite\",\"@id\":\"https:\/\/kentis.com\/de\/#website\",\"url\":\"https:\/\/kentis.com\/de\/\",\"name\":\"Kentis\",\"description\":\"Atelier del verde\",\"publisher\":{\"@id\":\"https:\/\/kentis.com\/de\/#organization\"},\"potentialAction\":[{\"@type\":\"SearchAction\",\"target\":{\"@type\":\"EntryPoint\",\"urlTemplate\":\"https:\/\/kentis.com\/de\/?s={search_term_string}\"},\"query-input\":{\"@type\":\"PropertyValueSpecification\",\"valueRequired\":true,\"valueName\":\"search_term_string\"}}],\"inLanguage\":\"de\"},{\"@type\":\"Organization\",\"@id\":\"https:\/\/kentis.com\/de\/#organization\",\"name\":\"Kentis\",\"url\":\"https:\/\/kentis.com\/de\/\",\"logo\":{\"@type\":\"ImageObject\",\"inLanguage\":\"de\",\"@id\":\"https:\/\/kentis.com\/de\/#\/schema\/logo\/image\/\",\"url\":\"https:\/\/kentis.com\/wp-content\/uploads\/2021\/08\/logo-main.png\",\"contentUrl\":\"https:\/\/kentis.com\/wp-content\/uploads\/2021\/08\/logo-main.png\",\"width\":800,\"height\":204,\"caption\":\"Kentis\"},\"image\":{\"@id\":\"https:\/\/kentis.com\/de\/#\/schema\/logo\/image\/\"},\"sameAs\":[\"https:\/\/www.facebook.com\/kentisgarden\",\"https:\/\/www.instagram.com\/kentisgarden\/\",\"https:\/\/it.pinterest.com\/kentisgarden\",\"https:\/\/www.tiktok.com\/@kentis.com\"]}]}<\/script>\n<!-- \/ Yoast SEO plugin. -->","yoast_head_json":{"title":"Nephrolepis Green Moment - Zimmerpflanze - Kentis","description":"Neben der Freisetzung von Sauerstoff wird auch die Luftqualit\u00e4t erheblich verbessert und die Luftverschmutzung in Innenr\u00e4umen deutlich verringert.","robots":{"index":"index","follow":"follow","max-snippet":"max-snippet:-1","max-image-preview":"max-image-preview:large","max-video-preview":"max-video-preview:-1"},"canonical":"https:\/\/kentis.com\/de\/shop\/nephrolepis-green-moment\/","og_locale":"de_DE","og_type":"article","og_title":"Nephrolepis Green Moment - Zimmerpflanze - Kentis","og_description":"Neben der Freisetzung von Sauerstoff wird auch die Luftqualit\u00e4t erheblich verbessert und die Luftverschmutzung in Innenr\u00e4umen deutlich verringert.","og_url":"https:\/\/kentis.com\/de\/shop\/nephrolepis-green-moment\/","og_site_name":"Kentis","article_publisher":"https:\/\/www.facebook.com\/kentisgarden","article_modified_time":"2024-12-12T16:15:53+00:00","og_image":[{"width":1024,"height":1024,"url":"https:\/\/kentis.com\/wp-content\/uploads\/2024\/02\/PTG-Nephorolepis-v17-h40_vibes-18-butter-yellow-1024x1024.jpg","type":"image\/jpeg"}],"twitter_card":"summary_large_image","twitter_misc":{"Gesch\u00e4tzte Lesezeit":"1\u00a0Minute"},"schema":{"@context":"https:\/\/schema.org","@graph":[{"@type":"WebPage","@id":"https:\/\/kentis.com\/de\/shop\/nephrolepis-green-moment\/","url":"https:\/\/kentis.com\/de\/shop\/nephrolepis-green-moment\/","name":"Nephrolepis Green Moment - Zimmerpflanze - Kentis","isPartOf":{"@id":"https:\/\/kentis.com\/de\/#website"},"primaryImageOfPage":{"@id":"https:\/\/kentis.com\/de\/shop\/nephrolepis-green-moment\/#primaryimage"},"image":{"@id":"https:\/\/kentis.com\/de\/shop\/nephrolepis-green-moment\/#primaryimage"},"thumbnailUrl":"https:\/\/kentis.com\/wp-content\/uploads\/2024\/02\/PTG-Nephorolepis-v17-h40_vibes-18-butter-yellow-scaled.jpg","datePublished":"2024-02-16T11:30:22+00:00","dateModified":"2024-12-12T16:15:53+00:00","description":"Neben der Freisetzung von Sauerstoff wird auch die Luftqualit\u00e4t erheblich verbessert und die Luftverschmutzung in Innenr\u00e4umen deutlich verringert.","breadcrumb":{"@id":"https:\/\/kentis.com\/de\/shop\/nephrolepis-green-moment\/#breadcrumb"},"inLanguage":"de","potentialAction":[{"@type":"ReadAction","target":["https:\/\/kentis.com\/de\/shop\/nephrolepis-green-moment\/"]}]},{"@type":"ImageObject","inLanguage":"de","@id":"https:\/\/kentis.com\/de\/shop\/nephrolepis-green-moment\/#primaryimage","url":"https:\/\/kentis.com\/wp-content\/uploads\/2024\/02\/PTG-Nephorolepis-v17-h40_vibes-18-butter-yellow-scaled.jpg","contentUrl":"https:\/\/kentis.com\/wp-content\/uploads\/2024\/02\/PTG-Nephorolepis-v17-h40_vibes-18-butter-yellow-scaled.jpg","width":2560,"height":2560},{"@type":"BreadcrumbList","@id":"https:\/\/kentis.com\/de\/shop\/nephrolepis-green-moment\/#breadcrumb","itemListElement":[{"@type":"ListItem","position":1,"name":"Home","item":"https:\/\/kentis.com\/de\/"},{"@type":"ListItem","position":2,"name":"Gesch\u00e4ft","item":"https:\/\/kentis.com\/de\/shop\/"},{"@type":"ListItem","position":3,"name":"Pflanzen","item":"https:\/\/kentis.com\/de\/produkt-kategorie\/pflanzen\/"},{"@type":"ListItem","position":4,"name":"Zimmerpflanzen","item":"https:\/\/kentis.com\/de\/produkt-kategorie\/pflanzen\/zimmerpflanzen\/"},{"@type":"ListItem","position":5,"name":"Nephrolepis Green Moment"}]},{"@type":"WebSite","@id":"https:\/\/kentis.com\/de\/#website","url":"https:\/\/kentis.com\/de\/","name":"Kentis","description":"Atelier del verde","publisher":{"@id":"https:\/\/kentis.com\/de\/#organization"},"potentialAction":[{"@type":"SearchAction","target":{"@type":"EntryPoint","urlTemplate":"https:\/\/kentis.com\/de\/?s={search_term_string}"},"query-input":{"@type":"PropertyValueSpecification","valueRequired":true,"valueName":"search_term_string"}}],"inLanguage":"de"},{"@type":"Organization","@id":"https:\/\/kentis.com\/de\/#organization","name":"Kentis","url":"https:\/\/kentis.com\/de\/","logo":{"@type":"ImageObject","inLanguage":"de","@id":"https:\/\/kentis.com\/de\/#\/schema\/logo\/image\/","url":"https:\/\/kentis.com\/wp-content\/uploads\/2021\/08\/logo-main.png","contentUrl":"https:\/\/kentis.com\/wp-content\/uploads\/2021\/08\/logo-main.png","width":800,"height":204,"caption":"Kentis"},"image":{"@id":"https:\/\/kentis.com\/de\/#\/schema\/logo\/image\/"},"sameAs":["https:\/\/www.facebook.com\/kentisgarden","https:\/\/www.instagram.com\/kentisgarden\/","https:\/\/it.pinterest.com\/kentisgarden","https:\/\/www.tiktok.com\/@kentis.com"]}]}},"_links":{"self":[{"href":"https:\/\/kentis.com\/de\/wp-json\/wp\/v2\/product\/31433","targetHints":{"allow":["GET"]}}],"collection":[{"href":"https:\/\/kentis.com\/de\/wp-json\/wp\/v2\/product"}],"about":[{"href":"https:\/\/kentis.com\/de\/wp-json\/wp\/v2\/types\/product"}],"wp:featuredmedia":[{"embeddable":true,"href":"https:\/\/kentis.com\/de\/wp-json\/wp\/v2\/media\/26373"}],"wp:attachment":[{"href":"https:\/\/kentis.com\/de\/wp-json\/wp\/v2\/media?parent=31433"}],"wp:term":[{"taxonomy":"product_cat","embeddable":true,"href":"https:\/\/kentis.com\/de\/wp-json\/wp\/v2\/product_cat?post=31433"},{"taxonomy":"product_tag","embeddable":true,"href":"https:\/\/kentis.com\/de\/wp-json\/wp\/v2\/product_tag?post=31433"}],"curies":[{"name":"wp","href":"https:\/\/api.w.org\/{rel}","templated":true}]}}