{"id":31423,"date":"2024-12-12T16:11:34","date_gmt":"2024-12-12T15:11:34","guid":{"rendered":"https:\/\/kentis.com\/negozio\/bonsai-di-gingko-biloba-boschetto-3-piante\/"},"modified":"2024-12-12T16:55:10","modified_gmt":"2024-12-12T15:55:10","slug":"bonsai-gingko-biloba-hain-3-pflanzen","status":"publish","type":"product","link":"https:\/\/kentis.com\/de\/shop\/bonsai-gingko-biloba-hain-3-pflanzen\/","title":{"rendered":"Bonsai Gingko Biloba &#8211; Hain 3 Pflanzen"},"content":{"rendered":"<div class=\"fusion-fullwidth fullwidth-box fusion-builder-row-1 fusion-flex-container has-pattern-background has-mask-background nonhundred-percent-fullwidth non-hundred-percent-height-scrolling\" style=\"--awb-border-radius-top-left:0px;--awb-border-radius-top-right:0px;--awb-border-radius-bottom-right:0px;--awb-border-radius-bottom-left:0px;--awb-padding-top:0px;--awb-padding-right:0px;--awb-padding-bottom:0px;--awb-padding-left:0px;--awb-flex-wrap:wrap;\" ><div class=\"fusion-builder-row fusion-row fusion-flex-align-items-flex-start fusion-flex-content-wrap\" style=\"max-width:1248px;margin-left: calc(-4% \/ 2 );margin-right: calc(-4% \/ 2 );\"><div class=\"fusion-layout-column fusion_builder_column fusion-builder-column-0 fusion_builder_column_1_1 1_1 fusion-flex-column\" style=\"--awb-bg-size:cover;--awb-width-large:100%;--awb-margin-top-large:0px;--awb-spacing-right-large:1.92%;--awb-margin-bottom-large:20px;--awb-spacing-left-large:1.92%;--awb-width-medium:100%;--awb-order-medium:0;--awb-spacing-right-medium:1.92%;--awb-spacing-left-medium:1.92%;--awb-width-small:100%;--awb-order-small:0;--awb-spacing-right-small:1.92%;--awb-spacing-left-small:1.92%;\"><div class=\"fusion-column-wrapper fusion-column-has-shadow fusion-flex-justify-content-flex-start fusion-content-layout-column\"><div class=\"fusion-text fusion-text-1\"><p>Dieser Ginkgo biloba Bonsai besteht aus einem faszinierenden Hain aus drei Pflanzen. Der Ginkgo gilt als pr\u00e4historische Pflanze, denn er ist die \u00e4lteste noch auf der Erde vorkommende Art, deren Urspr\u00fcnge etwa 270 Millionen Jahre zur\u00fcckreichen. Seine Sch\u00f6nheit zeichnet sich durch seine f\u00e4cherf\u00f6rmigen gr\u00fcnen Bl\u00e4tter aus, die sich im Herbst vor dem Abfallen in ein pr\u00e4chtiges Goldgelb verwandeln. Aufgrund seiner leichten Kultivierbarkeit ist der Ginkgo biloba auch f\u00fcr Bonsai-Neulinge eine ideale Wahl.<\/p>\n<p>H\u00f6he ab Topfboden: 45\/50 cm.<\/p>\n<p>Der Keramiktopf ist im Lieferumfang des Bonsai enthalten.<\/p>\n<\/div><\/div><\/div><\/div><\/div>\n","protected":false},"excerpt":{"rendered":"","protected":false},"featured_media":31407,"template":"","meta":{"_acf_changed":false},"product_cat":[588,531],"product_tag":[],"class_list":{"0":"post-31423","1":"product","2":"type-product","3":"status-publish","4":"has-post-thumbnail","6":"product_cat-bonsai-und-extras","7":"product_cat-pflanzen-im-freien","8":"product_shipping_class-franchi-de","10":"first","11":"instock","12":"taxable","13":"shipping-taxable","14":"purchasable","15":"product-type-variable","16":"has-default-attributes"},"acf":[],"yoast_head":"<!-- This site is optimized with the Yoast SEO plugin v23.4 - https:\/\/yoast.com\/wordpress\/plugins\/seo\/ -->\n<title>Bonsai Gingko Biloba - Hain 3 Pflanzen - Kentis<\/title>\n<meta name=\"description\" content=\"Dieser Ginkgo biloba Bonsai besteht aus einer faszinierenden Gruppe von drei Pflanzen, die f\u00fcr ihre ikonischen f\u00e4cherf\u00f6rmigen Bl\u00e4tter gesch\u00e4tzt werden.\" \/>\n<meta name=\"robots\" content=\"index, follow, max-snippet:-1, max-image-preview:large, max-video-preview:-1\" \/>\n<link rel=\"canonical\" href=\"https:\/\/kentis.com\/de\/shop\/bonsai-gingko-biloba-hain-3-pflanzen\/\" \/>\n<meta property=\"og:locale\" content=\"de_DE\" \/>\n<meta property=\"og:type\" content=\"article\" \/>\n<meta property=\"og:title\" content=\"Bonsai Gingko Biloba - Hain 3 Pflanzen - Kentis\" \/>\n<meta property=\"og:description\" content=\"Dieser Ginkgo biloba Bonsai besteht aus einer faszinierenden Gruppe von drei Pflanzen, die f\u00fcr ihre ikonischen f\u00e4cherf\u00f6rmigen Bl\u00e4tter gesch\u00e4tzt werden.\" \/>\n<meta property=\"og:url\" content=\"https:\/\/kentis.com\/de\/shop\/bonsai-gingko-biloba-hain-3-pflanzen\/\" \/>\n<meta property=\"og:site_name\" content=\"Kentis\" \/>\n<meta property=\"article:publisher\" content=\"https:\/\/www.facebook.com\/kentisgarden\" \/>\n<meta property=\"article:modified_time\" content=\"2024-12-12T15:55:10+00:00\" \/>\n<meta property=\"og:image\" content=\"https:\/\/kentis.com\/wp-content\/uploads\/2024\/12\/Progetto-senza-titolo-46.png\" \/>\n\t<meta property=\"og:image:width\" content=\"1500\" \/>\n\t<meta property=\"og:image:height\" content=\"1500\" \/>\n\t<meta property=\"og:image:type\" content=\"image\/png\" \/>\n<meta name=\"twitter:card\" content=\"summary_large_image\" \/>\n<meta name=\"twitter:label1\" content=\"Gesch\u00e4tzte Lesezeit\" \/>\n\t<meta name=\"twitter:data1\" content=\"1\u00a0Minute\" \/>\n<script type=\"application\/ld+json\" class=\"yoast-schema-graph\">{\"@context\":\"https:\/\/schema.org\",\"@graph\":[{\"@type\":\"WebPage\",\"@id\":\"https:\/\/kentis.com\/de\/shop\/bonsai-gingko-biloba-hain-3-pflanzen\/\",\"url\":\"https:\/\/kentis.com\/de\/shop\/bonsai-gingko-biloba-hain-3-pflanzen\/\",\"name\":\"Bonsai Gingko Biloba - Hain 3 Pflanzen - Kentis\",\"isPartOf\":{\"@id\":\"https:\/\/kentis.com\/de\/#website\"},\"primaryImageOfPage\":{\"@id\":\"https:\/\/kentis.com\/de\/shop\/bonsai-gingko-biloba-hain-3-pflanzen\/#primaryimage\"},\"image\":{\"@id\":\"https:\/\/kentis.com\/de\/shop\/bonsai-gingko-biloba-hain-3-pflanzen\/#primaryimage\"},\"thumbnailUrl\":\"https:\/\/kentis.com\/wp-content\/uploads\/2024\/12\/Progetto-senza-titolo-46.png\",\"datePublished\":\"2024-12-12T15:11:34+00:00\",\"dateModified\":\"2024-12-12T15:55:10+00:00\",\"description\":\"Dieser Ginkgo biloba Bonsai besteht aus einer faszinierenden Gruppe von drei Pflanzen, die f\u00fcr ihre ikonischen f\u00e4cherf\u00f6rmigen Bl\u00e4tter gesch\u00e4tzt werden.\",\"breadcrumb\":{\"@id\":\"https:\/\/kentis.com\/de\/shop\/bonsai-gingko-biloba-hain-3-pflanzen\/#breadcrumb\"},\"inLanguage\":\"de\",\"potentialAction\":[{\"@type\":\"ReadAction\",\"target\":[\"https:\/\/kentis.com\/de\/shop\/bonsai-gingko-biloba-hain-3-pflanzen\/\"]}]},{\"@type\":\"ImageObject\",\"inLanguage\":\"de\",\"@id\":\"https:\/\/kentis.com\/de\/shop\/bonsai-gingko-biloba-hain-3-pflanzen\/#primaryimage\",\"url\":\"https:\/\/kentis.com\/wp-content\/uploads\/2024\/12\/Progetto-senza-titolo-46.png\",\"contentUrl\":\"https:\/\/kentis.com\/wp-content\/uploads\/2024\/12\/Progetto-senza-titolo-46.png\",\"width\":1500,\"height\":1500},{\"@type\":\"BreadcrumbList\",\"@id\":\"https:\/\/kentis.com\/de\/shop\/bonsai-gingko-biloba-hain-3-pflanzen\/#breadcrumb\",\"itemListElement\":[{\"@type\":\"ListItem\",\"position\":1,\"name\":\"Home\",\"item\":\"https:\/\/kentis.com\/de\/\"},{\"@type\":\"ListItem\",\"position\":2,\"name\":\"Gesch\u00e4ft\",\"item\":\"https:\/\/kentis.com\/de\/shop\/\"},{\"@type\":\"ListItem\",\"position\":3,\"name\":\"Bonsai und Extras\",\"item\":\"https:\/\/kentis.com\/de\/produkt-kategorie\/bonsai-und-extras\/\"},{\"@type\":\"ListItem\",\"position\":4,\"name\":\"Bonsai Gingko Biloba &#8211; Hain 3 Pflanzen\"}]},{\"@type\":\"WebSite\",\"@id\":\"https:\/\/kentis.com\/de\/#website\",\"url\":\"https:\/\/kentis.com\/de\/\",\"name\":\"Kentis\",\"description\":\"Atelier del verde\",\"publisher\":{\"@id\":\"https:\/\/kentis.com\/de\/#organization\"},\"potentialAction\":[{\"@type\":\"SearchAction\",\"target\":{\"@type\":\"EntryPoint\",\"urlTemplate\":\"https:\/\/kentis.com\/de\/?s={search_term_string}\"},\"query-input\":{\"@type\":\"PropertyValueSpecification\",\"valueRequired\":true,\"valueName\":\"search_term_string\"}}],\"inLanguage\":\"de\"},{\"@type\":\"Organization\",\"@id\":\"https:\/\/kentis.com\/de\/#organization\",\"name\":\"Kentis\",\"url\":\"https:\/\/kentis.com\/de\/\",\"logo\":{\"@type\":\"ImageObject\",\"inLanguage\":\"de\",\"@id\":\"https:\/\/kentis.com\/de\/#\/schema\/logo\/image\/\",\"url\":\"https:\/\/kentis.com\/wp-content\/uploads\/2021\/08\/logo-main.png\",\"contentUrl\":\"https:\/\/kentis.com\/wp-content\/uploads\/2021\/08\/logo-main.png\",\"width\":800,\"height\":204,\"caption\":\"Kentis\"},\"image\":{\"@id\":\"https:\/\/kentis.com\/de\/#\/schema\/logo\/image\/\"},\"sameAs\":[\"https:\/\/www.facebook.com\/kentisgarden\",\"https:\/\/www.instagram.com\/kentisgarden\/\",\"https:\/\/it.pinterest.com\/kentisgarden\",\"https:\/\/www.tiktok.com\/@kentis.com\"]}]}<\/script>\n<!-- \/ Yoast SEO plugin. -->","yoast_head_json":{"title":"Bonsai Gingko Biloba - Hain 3 Pflanzen - Kentis","description":"Dieser Ginkgo biloba Bonsai besteht aus einer faszinierenden Gruppe von drei Pflanzen, die f\u00fcr ihre ikonischen f\u00e4cherf\u00f6rmigen Bl\u00e4tter gesch\u00e4tzt werden.","robots":{"index":"index","follow":"follow","max-snippet":"max-snippet:-1","max-image-preview":"max-image-preview:large","max-video-preview":"max-video-preview:-1"},"canonical":"https:\/\/kentis.com\/de\/shop\/bonsai-gingko-biloba-hain-3-pflanzen\/","og_locale":"de_DE","og_type":"article","og_title":"Bonsai Gingko Biloba - Hain 3 Pflanzen - Kentis","og_description":"Dieser Ginkgo biloba Bonsai besteht aus einer faszinierenden Gruppe von drei Pflanzen, die f\u00fcr ihre ikonischen f\u00e4cherf\u00f6rmigen Bl\u00e4tter gesch\u00e4tzt werden.","og_url":"https:\/\/kentis.com\/de\/shop\/bonsai-gingko-biloba-hain-3-pflanzen\/","og_site_name":"Kentis","article_publisher":"https:\/\/www.facebook.com\/kentisgarden","article_modified_time":"2024-12-12T15:55:10+00:00","og_image":[{"width":1500,"height":1500,"url":"https:\/\/kentis.com\/wp-content\/uploads\/2024\/12\/Progetto-senza-titolo-46.png","type":"image\/png"}],"twitter_card":"summary_large_image","twitter_misc":{"Gesch\u00e4tzte Lesezeit":"1\u00a0Minute"},"schema":{"@context":"https:\/\/schema.org","@graph":[{"@type":"WebPage","@id":"https:\/\/kentis.com\/de\/shop\/bonsai-gingko-biloba-hain-3-pflanzen\/","url":"https:\/\/kentis.com\/de\/shop\/bonsai-gingko-biloba-hain-3-pflanzen\/","name":"Bonsai Gingko Biloba - Hain 3 Pflanzen - Kentis","isPartOf":{"@id":"https:\/\/kentis.com\/de\/#website"},"primaryImageOfPage":{"@id":"https:\/\/kentis.com\/de\/shop\/bonsai-gingko-biloba-hain-3-pflanzen\/#primaryimage"},"image":{"@id":"https:\/\/kentis.com\/de\/shop\/bonsai-gingko-biloba-hain-3-pflanzen\/#primaryimage"},"thumbnailUrl":"https:\/\/kentis.com\/wp-content\/uploads\/2024\/12\/Progetto-senza-titolo-46.png","datePublished":"2024-12-12T15:11:34+00:00","dateModified":"2024-12-12T15:55:10+00:00","description":"Dieser Ginkgo biloba Bonsai besteht aus einer faszinierenden Gruppe von drei Pflanzen, die f\u00fcr ihre ikonischen f\u00e4cherf\u00f6rmigen Bl\u00e4tter gesch\u00e4tzt werden.","breadcrumb":{"@id":"https:\/\/kentis.com\/de\/shop\/bonsai-gingko-biloba-hain-3-pflanzen\/#breadcrumb"},"inLanguage":"de","potentialAction":[{"@type":"ReadAction","target":["https:\/\/kentis.com\/de\/shop\/bonsai-gingko-biloba-hain-3-pflanzen\/"]}]},{"@type":"ImageObject","inLanguage":"de","@id":"https:\/\/kentis.com\/de\/shop\/bonsai-gingko-biloba-hain-3-pflanzen\/#primaryimage","url":"https:\/\/kentis.com\/wp-content\/uploads\/2024\/12\/Progetto-senza-titolo-46.png","contentUrl":"https:\/\/kentis.com\/wp-content\/uploads\/2024\/12\/Progetto-senza-titolo-46.png","width":1500,"height":1500},{"@type":"BreadcrumbList","@id":"https:\/\/kentis.com\/de\/shop\/bonsai-gingko-biloba-hain-3-pflanzen\/#breadcrumb","itemListElement":[{"@type":"ListItem","position":1,"name":"Home","item":"https:\/\/kentis.com\/de\/"},{"@type":"ListItem","position":2,"name":"Gesch\u00e4ft","item":"https:\/\/kentis.com\/de\/shop\/"},{"@type":"ListItem","position":3,"name":"Bonsai und Extras","item":"https:\/\/kentis.com\/de\/produkt-kategorie\/bonsai-und-extras\/"},{"@type":"ListItem","position":4,"name":"Bonsai Gingko Biloba &#8211; Hain 3 Pflanzen"}]},{"@type":"WebSite","@id":"https:\/\/kentis.com\/de\/#website","url":"https:\/\/kentis.com\/de\/","name":"Kentis","description":"Atelier del verde","publisher":{"@id":"https:\/\/kentis.com\/de\/#organization"},"potentialAction":[{"@type":"SearchAction","target":{"@type":"EntryPoint","urlTemplate":"https:\/\/kentis.com\/de\/?s={search_term_string}"},"query-input":{"@type":"PropertyValueSpecification","valueRequired":true,"valueName":"search_term_string"}}],"inLanguage":"de"},{"@type":"Organization","@id":"https:\/\/kentis.com\/de\/#organization","name":"Kentis","url":"https:\/\/kentis.com\/de\/","logo":{"@type":"ImageObject","inLanguage":"de","@id":"https:\/\/kentis.com\/de\/#\/schema\/logo\/image\/","url":"https:\/\/kentis.com\/wp-content\/uploads\/2021\/08\/logo-main.png","contentUrl":"https:\/\/kentis.com\/wp-content\/uploads\/2021\/08\/logo-main.png","width":800,"height":204,"caption":"Kentis"},"image":{"@id":"https:\/\/kentis.com\/de\/#\/schema\/logo\/image\/"},"sameAs":["https:\/\/www.facebook.com\/kentisgarden","https:\/\/www.instagram.com\/kentisgarden\/","https:\/\/it.pinterest.com\/kentisgarden","https:\/\/www.tiktok.com\/@kentis.com"]}]}},"_links":{"self":[{"href":"https:\/\/kentis.com\/de\/wp-json\/wp\/v2\/product\/31423","targetHints":{"allow":["GET"]}}],"collection":[{"href":"https:\/\/kentis.com\/de\/wp-json\/wp\/v2\/product"}],"about":[{"href":"https:\/\/kentis.com\/de\/wp-json\/wp\/v2\/types\/product"}],"wp:featuredmedia":[{"embeddable":true,"href":"https:\/\/kentis.com\/de\/wp-json\/wp\/v2\/media\/31407"}],"wp:attachment":[{"href":"https:\/\/kentis.com\/de\/wp-json\/wp\/v2\/media?parent=31423"}],"wp:term":[{"taxonomy":"product_cat","embeddable":true,"href":"https:\/\/kentis.com\/de\/wp-json\/wp\/v2\/product_cat?post=31423"},{"taxonomy":"product_tag","embeddable":true,"href":"https:\/\/kentis.com\/de\/wp-json\/wp\/v2\/product_tag?post=31423"}],"curies":[{"name":"wp","href":"https:\/\/api.w.org\/{rel}","templated":true}]}}