{"id":31391,"date":"2024-01-26T17:42:15","date_gmt":"2024-01-26T16:42:15","guid":{"rendered":"https:\/\/kentis.com\/negozio\/anthurium-rosa\/"},"modified":"2024-12-12T15:58:47","modified_gmt":"2024-12-12T14:58:47","slug":"anthurium-rosa","status":"publish","type":"product","link":"https:\/\/kentis.com\/de\/shop\/anthurium-rosa\/","title":{"rendered":"Anthurium Rosa"},"content":{"rendered":"<div class=\"fusion-fullwidth fullwidth-box fusion-builder-row-1 fusion-flex-container nonhundred-percent-fullwidth non-hundred-percent-height-scrolling\" style=\"--awb-border-radius-top-left:0px;--awb-border-radius-top-right:0px;--awb-border-radius-bottom-right:0px;--awb-border-radius-bottom-left:0px;--awb-flex-wrap:wrap;\" ><div class=\"fusion-builder-row fusion-row fusion-flex-align-items-flex-start fusion-flex-content-wrap\" style=\"max-width:1248px;margin-left: calc(-4% \/ 2 );margin-right: calc(-4% \/ 2 );\"><div class=\"fusion-layout-column fusion_builder_column fusion-builder-column-0 fusion_builder_column_1_1 1_1 fusion-flex-column\" style=\"--awb-bg-size:cover;--awb-width-large:100%;--awb-margin-top-large:0px;--awb-spacing-right-large:1.92%;--awb-margin-bottom-large:0px;--awb-spacing-left-large:1.92%;--awb-width-medium:100%;--awb-spacing-right-medium:1.92%;--awb-spacing-left-medium:1.92%;--awb-width-small:100%;--awb-spacing-right-small:1.92%;--awb-spacing-left-small:1.92%;\"><div class=\"fusion-column-wrapper fusion-flex-justify-content-flex-start fusion-content-layout-column\"><div class=\"fusion-text fusion-text-1\"><p>Die Anthurie mit ihren gro\u00dfen, gl\u00e4nzenden, herzf\u00f6rmigen Bl\u00e4ttern und den sch\u00f6nen Bl\u00fctenst\u00e4nden ist ein Symbol f\u00fcr Liebe und Leidenschaft geworden. Sie ist nicht nur ein sch\u00f6nes Gestaltungselement f\u00fcr Ihr Zuhause, sondern auch sehr n\u00fctzlich f\u00fcr Ihre pers\u00f6nliche Gesundheit. Sie setzt n\u00e4mlich nicht nur Sauerstoff frei, sondern verbessert auch die Luftqualit\u00e4t und verringert die Luftverschmutzung in Innenr\u00e4umen erheblich.<\/p>\n<p>\u00a0<\/p>\n<p>Die H\u00f6he der Pflanze liegt zwischen 35 und 45 cm vom Boden des Topfes, der Topf hat einen Durchmesser von 12 cm.<\/p>\n<\/div><\/div><\/div><\/div><\/div>\n","protected":false},"excerpt":{"rendered":"","protected":false},"featured_media":26274,"template":"","meta":{"_acf_changed":false},"product_cat":[466,485,495,486,465],"product_tag":[],"class_list":{"0":"post-31391","1":"product","2":"type-product","3":"status-publish","4":"has-post-thumbnail","6":"product_cat-bluehende-plfanzen","7":"product_cat-pflanzen-mit-wenig-pflege","8":"product_cat-pflanzen-fuer-wenig-licht","9":"product_cat-reinigt-die-luft","10":"product_cat-zimmerpflanzen","11":"product_shipping_class-flora-de","12":"pa_ambienti-buero-intelligentes-arbeiten","14":"first","15":"instock","16":"taxable","17":"shipping-taxable","18":"purchasable","19":"product-type-variable","20":"has-default-attributes"},"acf":[],"yoast_head":"<!-- This site is optimized with the Yoast SEO plugin v23.4 - https:\/\/yoast.com\/wordpress\/plugins\/seo\/ -->\n<title>Anthurium Rosa - Bl\u00fchende Zimmerpflanze - Kentis<\/title>\n<meta name=\"description\" content=\"Neben der Freisetzung von Sauerstoff wird die Luftqualit\u00e4t deutlich verbessert und die Luftverschmutzung in Innenr\u00e4umen reduziert.\" \/>\n<meta name=\"robots\" content=\"index, follow, max-snippet:-1, max-image-preview:large, max-video-preview:-1\" \/>\n<link rel=\"canonical\" href=\"https:\/\/kentis.com\/de\/shop\/anthurium-rosa\/\" \/>\n<meta property=\"og:locale\" content=\"de_DE\" \/>\n<meta property=\"og:type\" content=\"article\" \/>\n<meta property=\"og:title\" content=\"Anthurium Rosa - Bl\u00fchende Zimmerpflanze - Kentis\" \/>\n<meta property=\"og:description\" content=\"Neben der Freisetzung von Sauerstoff wird die Luftqualit\u00e4t deutlich verbessert und die Luftverschmutzung in Innenr\u00e4umen reduziert.\" \/>\n<meta property=\"og:url\" content=\"https:\/\/kentis.com\/de\/shop\/anthurium-rosa\/\" \/>\n<meta property=\"og:site_name\" content=\"Kentis\" \/>\n<meta property=\"article:publisher\" content=\"https:\/\/www.facebook.com\/kentisgarden\" \/>\n<meta property=\"article:modified_time\" content=\"2024-12-12T14:58:47+00:00\" \/>\n<meta property=\"og:image\" content=\"https:\/\/kentis.com\/wp-content\/uploads\/2024\/01\/PTG-Anthurium-rosa-v12-vibes-round-14delicate-pink-scaled.jpg\" \/>\n\t<meta property=\"og:image:width\" content=\"2560\" \/>\n\t<meta property=\"og:image:height\" content=\"2560\" \/>\n\t<meta property=\"og:image:type\" content=\"image\/jpeg\" \/>\n<meta name=\"twitter:card\" content=\"summary_large_image\" \/>\n<meta name=\"twitter:label1\" content=\"Gesch\u00e4tzte Lesezeit\" \/>\n\t<meta name=\"twitter:data1\" content=\"1\u00a0Minute\" \/>\n<script type=\"application\/ld+json\" class=\"yoast-schema-graph\">{\"@context\":\"https:\/\/schema.org\",\"@graph\":[{\"@type\":\"WebPage\",\"@id\":\"https:\/\/kentis.com\/de\/shop\/anthurium-rosa\/\",\"url\":\"https:\/\/kentis.com\/de\/shop\/anthurium-rosa\/\",\"name\":\"Anthurium Rosa - Bl\u00fchende Zimmerpflanze - Kentis\",\"isPartOf\":{\"@id\":\"https:\/\/kentis.com\/de\/#website\"},\"primaryImageOfPage\":{\"@id\":\"https:\/\/kentis.com\/de\/shop\/anthurium-rosa\/#primaryimage\"},\"image\":{\"@id\":\"https:\/\/kentis.com\/de\/shop\/anthurium-rosa\/#primaryimage\"},\"thumbnailUrl\":\"https:\/\/kentis.com\/wp-content\/uploads\/2024\/01\/PTG-Anthurium-rosa-v12-vibes-round-14delicate-pink-scaled.jpg\",\"datePublished\":\"2024-01-26T16:42:15+00:00\",\"dateModified\":\"2024-12-12T14:58:47+00:00\",\"description\":\"Neben der Freisetzung von Sauerstoff wird die Luftqualit\u00e4t deutlich verbessert und die Luftverschmutzung in Innenr\u00e4umen reduziert.\",\"breadcrumb\":{\"@id\":\"https:\/\/kentis.com\/de\/shop\/anthurium-rosa\/#breadcrumb\"},\"inLanguage\":\"de\",\"potentialAction\":[{\"@type\":\"ReadAction\",\"target\":[\"https:\/\/kentis.com\/de\/shop\/anthurium-rosa\/\"]}]},{\"@type\":\"ImageObject\",\"inLanguage\":\"de\",\"@id\":\"https:\/\/kentis.com\/de\/shop\/anthurium-rosa\/#primaryimage\",\"url\":\"https:\/\/kentis.com\/wp-content\/uploads\/2024\/01\/PTG-Anthurium-rosa-v12-vibes-round-14delicate-pink-scaled.jpg\",\"contentUrl\":\"https:\/\/kentis.com\/wp-content\/uploads\/2024\/01\/PTG-Anthurium-rosa-v12-vibes-round-14delicate-pink-scaled.jpg\",\"width\":2560,\"height\":2560},{\"@type\":\"BreadcrumbList\",\"@id\":\"https:\/\/kentis.com\/de\/shop\/anthurium-rosa\/#breadcrumb\",\"itemListElement\":[{\"@type\":\"ListItem\",\"position\":1,\"name\":\"Home\",\"item\":\"https:\/\/kentis.com\/de\/\"},{\"@type\":\"ListItem\",\"position\":2,\"name\":\"Gesch\u00e4ft\",\"item\":\"https:\/\/kentis.com\/de\/shop\/\"},{\"@type\":\"ListItem\",\"position\":3,\"name\":\"Pflanzen\",\"item\":\"https:\/\/kentis.com\/de\/produkt-kategorie\/pflanzen\/\"},{\"@type\":\"ListItem\",\"position\":4,\"name\":\"Zimmerpflanzen\",\"item\":\"https:\/\/kentis.com\/de\/produkt-kategorie\/pflanzen\/zimmerpflanzen\/\"},{\"@type\":\"ListItem\",\"position\":5,\"name\":\"Anthurium Rosa\"}]},{\"@type\":\"WebSite\",\"@id\":\"https:\/\/kentis.com\/de\/#website\",\"url\":\"https:\/\/kentis.com\/de\/\",\"name\":\"Kentis\",\"description\":\"Atelier del verde\",\"publisher\":{\"@id\":\"https:\/\/kentis.com\/de\/#organization\"},\"potentialAction\":[{\"@type\":\"SearchAction\",\"target\":{\"@type\":\"EntryPoint\",\"urlTemplate\":\"https:\/\/kentis.com\/de\/?s={search_term_string}\"},\"query-input\":{\"@type\":\"PropertyValueSpecification\",\"valueRequired\":true,\"valueName\":\"search_term_string\"}}],\"inLanguage\":\"de\"},{\"@type\":\"Organization\",\"@id\":\"https:\/\/kentis.com\/de\/#organization\",\"name\":\"Kentis\",\"url\":\"https:\/\/kentis.com\/de\/\",\"logo\":{\"@type\":\"ImageObject\",\"inLanguage\":\"de\",\"@id\":\"https:\/\/kentis.com\/de\/#\/schema\/logo\/image\/\",\"url\":\"https:\/\/kentis.com\/wp-content\/uploads\/2021\/08\/logo-main.png\",\"contentUrl\":\"https:\/\/kentis.com\/wp-content\/uploads\/2021\/08\/logo-main.png\",\"width\":800,\"height\":204,\"caption\":\"Kentis\"},\"image\":{\"@id\":\"https:\/\/kentis.com\/de\/#\/schema\/logo\/image\/\"},\"sameAs\":[\"https:\/\/www.facebook.com\/kentisgarden\",\"https:\/\/www.instagram.com\/kentisgarden\/\",\"https:\/\/it.pinterest.com\/kentisgarden\",\"https:\/\/www.tiktok.com\/@kentis.com\"]}]}<\/script>\n<!-- \/ Yoast SEO plugin. -->","yoast_head_json":{"title":"Anthurium Rosa - Bl\u00fchende Zimmerpflanze - Kentis","description":"Neben der Freisetzung von Sauerstoff wird die Luftqualit\u00e4t deutlich verbessert und die Luftverschmutzung in Innenr\u00e4umen reduziert.","robots":{"index":"index","follow":"follow","max-snippet":"max-snippet:-1","max-image-preview":"max-image-preview:large","max-video-preview":"max-video-preview:-1"},"canonical":"https:\/\/kentis.com\/de\/shop\/anthurium-rosa\/","og_locale":"de_DE","og_type":"article","og_title":"Anthurium Rosa - Bl\u00fchende Zimmerpflanze - Kentis","og_description":"Neben der Freisetzung von Sauerstoff wird die Luftqualit\u00e4t deutlich verbessert und die Luftverschmutzung in Innenr\u00e4umen reduziert.","og_url":"https:\/\/kentis.com\/de\/shop\/anthurium-rosa\/","og_site_name":"Kentis","article_publisher":"https:\/\/www.facebook.com\/kentisgarden","article_modified_time":"2024-12-12T14:58:47+00:00","og_image":[{"width":2560,"height":2560,"url":"https:\/\/kentis.com\/wp-content\/uploads\/2024\/01\/PTG-Anthurium-rosa-v12-vibes-round-14delicate-pink-scaled.jpg","type":"image\/jpeg"}],"twitter_card":"summary_large_image","twitter_misc":{"Gesch\u00e4tzte Lesezeit":"1\u00a0Minute"},"schema":{"@context":"https:\/\/schema.org","@graph":[{"@type":"WebPage","@id":"https:\/\/kentis.com\/de\/shop\/anthurium-rosa\/","url":"https:\/\/kentis.com\/de\/shop\/anthurium-rosa\/","name":"Anthurium Rosa - Bl\u00fchende Zimmerpflanze - Kentis","isPartOf":{"@id":"https:\/\/kentis.com\/de\/#website"},"primaryImageOfPage":{"@id":"https:\/\/kentis.com\/de\/shop\/anthurium-rosa\/#primaryimage"},"image":{"@id":"https:\/\/kentis.com\/de\/shop\/anthurium-rosa\/#primaryimage"},"thumbnailUrl":"https:\/\/kentis.com\/wp-content\/uploads\/2024\/01\/PTG-Anthurium-rosa-v12-vibes-round-14delicate-pink-scaled.jpg","datePublished":"2024-01-26T16:42:15+00:00","dateModified":"2024-12-12T14:58:47+00:00","description":"Neben der Freisetzung von Sauerstoff wird die Luftqualit\u00e4t deutlich verbessert und die Luftverschmutzung in Innenr\u00e4umen reduziert.","breadcrumb":{"@id":"https:\/\/kentis.com\/de\/shop\/anthurium-rosa\/#breadcrumb"},"inLanguage":"de","potentialAction":[{"@type":"ReadAction","target":["https:\/\/kentis.com\/de\/shop\/anthurium-rosa\/"]}]},{"@type":"ImageObject","inLanguage":"de","@id":"https:\/\/kentis.com\/de\/shop\/anthurium-rosa\/#primaryimage","url":"https:\/\/kentis.com\/wp-content\/uploads\/2024\/01\/PTG-Anthurium-rosa-v12-vibes-round-14delicate-pink-scaled.jpg","contentUrl":"https:\/\/kentis.com\/wp-content\/uploads\/2024\/01\/PTG-Anthurium-rosa-v12-vibes-round-14delicate-pink-scaled.jpg","width":2560,"height":2560},{"@type":"BreadcrumbList","@id":"https:\/\/kentis.com\/de\/shop\/anthurium-rosa\/#breadcrumb","itemListElement":[{"@type":"ListItem","position":1,"name":"Home","item":"https:\/\/kentis.com\/de\/"},{"@type":"ListItem","position":2,"name":"Gesch\u00e4ft","item":"https:\/\/kentis.com\/de\/shop\/"},{"@type":"ListItem","position":3,"name":"Pflanzen","item":"https:\/\/kentis.com\/de\/produkt-kategorie\/pflanzen\/"},{"@type":"ListItem","position":4,"name":"Zimmerpflanzen","item":"https:\/\/kentis.com\/de\/produkt-kategorie\/pflanzen\/zimmerpflanzen\/"},{"@type":"ListItem","position":5,"name":"Anthurium Rosa"}]},{"@type":"WebSite","@id":"https:\/\/kentis.com\/de\/#website","url":"https:\/\/kentis.com\/de\/","name":"Kentis","description":"Atelier del verde","publisher":{"@id":"https:\/\/kentis.com\/de\/#organization"},"potentialAction":[{"@type":"SearchAction","target":{"@type":"EntryPoint","urlTemplate":"https:\/\/kentis.com\/de\/?s={search_term_string}"},"query-input":{"@type":"PropertyValueSpecification","valueRequired":true,"valueName":"search_term_string"}}],"inLanguage":"de"},{"@type":"Organization","@id":"https:\/\/kentis.com\/de\/#organization","name":"Kentis","url":"https:\/\/kentis.com\/de\/","logo":{"@type":"ImageObject","inLanguage":"de","@id":"https:\/\/kentis.com\/de\/#\/schema\/logo\/image\/","url":"https:\/\/kentis.com\/wp-content\/uploads\/2021\/08\/logo-main.png","contentUrl":"https:\/\/kentis.com\/wp-content\/uploads\/2021\/08\/logo-main.png","width":800,"height":204,"caption":"Kentis"},"image":{"@id":"https:\/\/kentis.com\/de\/#\/schema\/logo\/image\/"},"sameAs":["https:\/\/www.facebook.com\/kentisgarden","https:\/\/www.instagram.com\/kentisgarden\/","https:\/\/it.pinterest.com\/kentisgarden","https:\/\/www.tiktok.com\/@kentis.com"]}]}},"_links":{"self":[{"href":"https:\/\/kentis.com\/de\/wp-json\/wp\/v2\/product\/31391","targetHints":{"allow":["GET"]}}],"collection":[{"href":"https:\/\/kentis.com\/de\/wp-json\/wp\/v2\/product"}],"about":[{"href":"https:\/\/kentis.com\/de\/wp-json\/wp\/v2\/types\/product"}],"wp:featuredmedia":[{"embeddable":true,"href":"https:\/\/kentis.com\/de\/wp-json\/wp\/v2\/media\/26274"}],"wp:attachment":[{"href":"https:\/\/kentis.com\/de\/wp-json\/wp\/v2\/media?parent=31391"}],"wp:term":[{"taxonomy":"product_cat","embeddable":true,"href":"https:\/\/kentis.com\/de\/wp-json\/wp\/v2\/product_cat?post=31391"},{"taxonomy":"product_tag","embeddable":true,"href":"https:\/\/kentis.com\/de\/wp-json\/wp\/v2\/product_tag?post=31391"}],"curies":[{"name":"wp","href":"https:\/\/api.w.org\/{rel}","templated":true}]}}