{"id":31288,"date":"2024-12-11T15:15:49","date_gmt":"2024-12-11T14:15:49","guid":{"rendered":"https:\/\/kentis.com\/negozio\/bonsai-di-azalea-rhododendron-v31\/"},"modified":"2025-02-25T12:00:49","modified_gmt":"2025-02-25T11:00:49","slug":"bonsai-di-azalea-rhododendron-v31","status":"publish","type":"product","link":"https:\/\/kentis.com\/de\/shop\/bonsai-di-azalea-rhododendron-v31\/","title":{"rendered":"Bonsai Azalee &#8211; Rhododendron V31"},"content":{"rendered":"<div class=\"fusion-fullwidth fullwidth-box fusion-builder-row-1 fusion-flex-container has-pattern-background has-mask-background nonhundred-percent-fullwidth non-hundred-percent-height-scrolling\" style=\"--awb-border-radius-top-left:0px;--awb-border-radius-top-right:0px;--awb-border-radius-bottom-right:0px;--awb-border-radius-bottom-left:0px;--awb-padding-top:0px;--awb-padding-right:0px;--awb-padding-bottom:0px;--awb-padding-left:0px;--awb-flex-wrap:wrap;\" ><div class=\"fusion-builder-row fusion-row fusion-flex-align-items-flex-start fusion-flex-content-wrap\" style=\"max-width:1248px;margin-left: calc(-4% \/ 2 );margin-right: calc(-4% \/ 2 );\"><div class=\"fusion-layout-column fusion_builder_column fusion-builder-column-0 fusion_builder_column_1_1 1_1 fusion-flex-column\" style=\"--awb-bg-size:cover;--awb-width-large:100%;--awb-margin-top-large:0px;--awb-spacing-right-large:1.92%;--awb-margin-bottom-large:20px;--awb-spacing-left-large:1.92%;--awb-width-medium:100%;--awb-order-medium:0;--awb-spacing-right-medium:1.92%;--awb-spacing-left-medium:1.92%;--awb-width-small:100%;--awb-order-small:0;--awb-spacing-right-small:1.92%;--awb-spacing-left-small:1.92%;\"><div class=\"fusion-column-wrapper fusion-column-has-shadow fusion-flex-justify-content-flex-start fusion-content-layout-column\"><div class=\"fusion-text fusion-text-1\"><p>Der Azaleen-Bonsai, der zur Gattung der Rhododendren geh\u00f6rt, ist in Japan aufgrund seiner Sch\u00f6nheit und seiner Eigenschaften, die ihn f\u00fcr die Bonsaikultur pr\u00e4destinieren, einer der beliebtesten. Seine kleinen Bl\u00e4tter und vor allem seine au\u00dfergew\u00f6hnliche und auff\u00e4llige Bl\u00fcte ziehen die Blicke aller Vorbeigehenden auf sich. Er passt perfekt zu allen Bonsaistilen, insbesondere zu Palisadenbonsai, wie dieses Exemplar beweist.<\/p>\n<p>H\u00f6he vom Boden des Topfes: 67\/77 cm<\/p>\n<p>Der Keramiktopf ist im Lieferumfang der Pflanze enthalten.<\/p>\n<\/div><\/div><\/div><\/div><\/div>\n","protected":false},"excerpt":{"rendered":"","protected":false},"featured_media":33786,"template":"","meta":{"_acf_changed":false},"product_cat":[588,531],"product_tag":[],"class_list":{"0":"post-31288","1":"product","2":"type-product","3":"status-publish","4":"has-post-thumbnail","6":"product_cat-bonsai-und-extras","7":"product_cat-pflanzen-im-freien","8":"product_shipping_class-franchi-de","10":"first","11":"outofstock","12":"taxable","13":"shipping-taxable","14":"purchasable","15":"product-type-variable","16":"has-default-attributes"},"acf":[],"yoast_head":"<!-- This site is optimized with the Yoast SEO plugin v23.4 - https:\/\/yoast.com\/wordpress\/plugins\/seo\/ -->\n<title>Azalee Bonsai - Rhododendron - Bl\u00fchender Bonsai - Kentis<\/title>\n<meta name=\"description\" content=\"Der Azaleen-Bonsai, der zur Gattung der Rhododendren geh\u00f6rt, ist aufgrund seiner kleinen Bl\u00e4tter und pr\u00e4chtigen Bl\u00fcten einer der beliebtesten Bonsai-B\u00e4ume.\" \/>\n<meta name=\"robots\" content=\"index, follow, max-snippet:-1, max-image-preview:large, max-video-preview:-1\" \/>\n<link rel=\"canonical\" href=\"https:\/\/kentis.com\/de\/shop\/bonsai-di-azalea-rhododendron-v31\/\" \/>\n<meta property=\"og:locale\" content=\"de_DE\" \/>\n<meta property=\"og:type\" content=\"article\" \/>\n<meta property=\"og:title\" content=\"Azalee Bonsai - Rhododendron - Bl\u00fchender Bonsai - Kentis\" \/>\n<meta property=\"og:description\" content=\"Der Azaleen-Bonsai, der zur Gattung der Rhododendren geh\u00f6rt, ist aufgrund seiner kleinen Bl\u00e4tter und pr\u00e4chtigen Bl\u00fcten einer der beliebtesten Bonsai-B\u00e4ume.\" \/>\n<meta property=\"og:url\" content=\"https:\/\/kentis.com\/de\/shop\/bonsai-di-azalea-rhododendron-v31\/\" \/>\n<meta property=\"og:site_name\" content=\"Kentis\" \/>\n<meta property=\"article:publisher\" content=\"https:\/\/www.facebook.com\/kentisgarden\" \/>\n<meta property=\"article:modified_time\" content=\"2025-02-25T11:00:49+00:00\" \/>\n<meta property=\"og:image\" content=\"https:\/\/kentis.com\/wp-content\/uploads\/2024\/12\/Progetto-senza-titolo-37.png\" \/>\n\t<meta property=\"og:image:width\" content=\"1500\" \/>\n\t<meta property=\"og:image:height\" content=\"1500\" \/>\n\t<meta property=\"og:image:type\" content=\"image\/png\" \/>\n<meta name=\"twitter:card\" content=\"summary_large_image\" \/>\n<meta name=\"twitter:label1\" content=\"Gesch\u00e4tzte Lesezeit\" \/>\n\t<meta name=\"twitter:data1\" content=\"1\u00a0Minute\" \/>\n<script type=\"application\/ld+json\" class=\"yoast-schema-graph\">{\"@context\":\"https:\/\/schema.org\",\"@graph\":[{\"@type\":\"WebPage\",\"@id\":\"https:\/\/kentis.com\/de\/shop\/bonsai-di-azalea-rhododendron-v31\/\",\"url\":\"https:\/\/kentis.com\/de\/shop\/bonsai-di-azalea-rhododendron-v31\/\",\"name\":\"Azalee Bonsai - Rhododendron - Bl\u00fchender Bonsai - Kentis\",\"isPartOf\":{\"@id\":\"https:\/\/kentis.com\/de\/#website\"},\"primaryImageOfPage\":{\"@id\":\"https:\/\/kentis.com\/de\/shop\/bonsai-di-azalea-rhododendron-v31\/#primaryimage\"},\"image\":{\"@id\":\"https:\/\/kentis.com\/de\/shop\/bonsai-di-azalea-rhododendron-v31\/#primaryimage\"},\"thumbnailUrl\":\"https:\/\/kentis.com\/wp-content\/uploads\/2024\/12\/1-1.png\",\"datePublished\":\"2024-12-11T14:15:49+00:00\",\"dateModified\":\"2025-02-25T11:00:49+00:00\",\"description\":\"Der Azaleen-Bonsai, der zur Gattung der Rhododendren geh\u00f6rt, ist aufgrund seiner kleinen Bl\u00e4tter und pr\u00e4chtigen Bl\u00fcten einer der beliebtesten Bonsai-B\u00e4ume.\",\"breadcrumb\":{\"@id\":\"https:\/\/kentis.com\/de\/shop\/bonsai-di-azalea-rhododendron-v31\/#breadcrumb\"},\"inLanguage\":\"de\",\"potentialAction\":[{\"@type\":\"ReadAction\",\"target\":[\"https:\/\/kentis.com\/de\/shop\/bonsai-di-azalea-rhododendron-v31\/\"]}]},{\"@type\":\"ImageObject\",\"inLanguage\":\"de\",\"@id\":\"https:\/\/kentis.com\/de\/shop\/bonsai-di-azalea-rhododendron-v31\/#primaryimage\",\"url\":\"https:\/\/kentis.com\/wp-content\/uploads\/2024\/12\/1-1.png\",\"contentUrl\":\"https:\/\/kentis.com\/wp-content\/uploads\/2024\/12\/1-1.png\",\"width\":1500,\"height\":1500},{\"@type\":\"BreadcrumbList\",\"@id\":\"https:\/\/kentis.com\/de\/shop\/bonsai-di-azalea-rhododendron-v31\/#breadcrumb\",\"itemListElement\":[{\"@type\":\"ListItem\",\"position\":1,\"name\":\"Home\",\"item\":\"https:\/\/kentis.com\/de\/\"},{\"@type\":\"ListItem\",\"position\":2,\"name\":\"Gesch\u00e4ft\",\"item\":\"https:\/\/kentis.com\/de\/shop\/\"},{\"@type\":\"ListItem\",\"position\":3,\"name\":\"Bonsai und Extras\",\"item\":\"https:\/\/kentis.com\/de\/produkt-kategorie\/bonsai-und-extras\/\"},{\"@type\":\"ListItem\",\"position\":4,\"name\":\"Bonsai Azalee &#8211; Rhododendron V31\"}]},{\"@type\":\"WebSite\",\"@id\":\"https:\/\/kentis.com\/de\/#website\",\"url\":\"https:\/\/kentis.com\/de\/\",\"name\":\"Kentis\",\"description\":\"Atelier del verde\",\"publisher\":{\"@id\":\"https:\/\/kentis.com\/de\/#organization\"},\"potentialAction\":[{\"@type\":\"SearchAction\",\"target\":{\"@type\":\"EntryPoint\",\"urlTemplate\":\"https:\/\/kentis.com\/de\/?s={search_term_string}\"},\"query-input\":{\"@type\":\"PropertyValueSpecification\",\"valueRequired\":true,\"valueName\":\"search_term_string\"}}],\"inLanguage\":\"de\"},{\"@type\":\"Organization\",\"@id\":\"https:\/\/kentis.com\/de\/#organization\",\"name\":\"Kentis\",\"url\":\"https:\/\/kentis.com\/de\/\",\"logo\":{\"@type\":\"ImageObject\",\"inLanguage\":\"de\",\"@id\":\"https:\/\/kentis.com\/de\/#\/schema\/logo\/image\/\",\"url\":\"https:\/\/kentis.com\/wp-content\/uploads\/2021\/08\/logo-main.png\",\"contentUrl\":\"https:\/\/kentis.com\/wp-content\/uploads\/2021\/08\/logo-main.png\",\"width\":800,\"height\":204,\"caption\":\"Kentis\"},\"image\":{\"@id\":\"https:\/\/kentis.com\/de\/#\/schema\/logo\/image\/\"},\"sameAs\":[\"https:\/\/www.facebook.com\/kentisgarden\",\"https:\/\/www.instagram.com\/kentisgarden\/\",\"https:\/\/it.pinterest.com\/kentisgarden\",\"https:\/\/www.tiktok.com\/@kentis.com\"]}]}<\/script>\n<!-- \/ Yoast SEO plugin. -->","yoast_head_json":{"title":"Azalee Bonsai - Rhododendron - Bl\u00fchender Bonsai - Kentis","description":"Der Azaleen-Bonsai, der zur Gattung der Rhododendren geh\u00f6rt, ist aufgrund seiner kleinen Bl\u00e4tter und pr\u00e4chtigen Bl\u00fcten einer der beliebtesten Bonsai-B\u00e4ume.","robots":{"index":"index","follow":"follow","max-snippet":"max-snippet:-1","max-image-preview":"max-image-preview:large","max-video-preview":"max-video-preview:-1"},"canonical":"https:\/\/kentis.com\/de\/shop\/bonsai-di-azalea-rhododendron-v31\/","og_locale":"de_DE","og_type":"article","og_title":"Azalee Bonsai - Rhododendron - Bl\u00fchender Bonsai - Kentis","og_description":"Der Azaleen-Bonsai, der zur Gattung der Rhododendren geh\u00f6rt, ist aufgrund seiner kleinen Bl\u00e4tter und pr\u00e4chtigen Bl\u00fcten einer der beliebtesten Bonsai-B\u00e4ume.","og_url":"https:\/\/kentis.com\/de\/shop\/bonsai-di-azalea-rhododendron-v31\/","og_site_name":"Kentis","article_publisher":"https:\/\/www.facebook.com\/kentisgarden","article_modified_time":"2025-02-25T11:00:49+00:00","og_image":[{"width":1500,"height":1500,"url":"https:\/\/kentis.com\/wp-content\/uploads\/2024\/12\/Progetto-senza-titolo-37.png","type":"image\/png"}],"twitter_card":"summary_large_image","twitter_misc":{"Gesch\u00e4tzte Lesezeit":"1\u00a0Minute"},"schema":{"@context":"https:\/\/schema.org","@graph":[{"@type":"WebPage","@id":"https:\/\/kentis.com\/de\/shop\/bonsai-di-azalea-rhododendron-v31\/","url":"https:\/\/kentis.com\/de\/shop\/bonsai-di-azalea-rhododendron-v31\/","name":"Azalee Bonsai - Rhododendron - Bl\u00fchender Bonsai - Kentis","isPartOf":{"@id":"https:\/\/kentis.com\/de\/#website"},"primaryImageOfPage":{"@id":"https:\/\/kentis.com\/de\/shop\/bonsai-di-azalea-rhododendron-v31\/#primaryimage"},"image":{"@id":"https:\/\/kentis.com\/de\/shop\/bonsai-di-azalea-rhododendron-v31\/#primaryimage"},"thumbnailUrl":"https:\/\/kentis.com\/wp-content\/uploads\/2024\/12\/1-1.png","datePublished":"2024-12-11T14:15:49+00:00","dateModified":"2025-02-25T11:00:49+00:00","description":"Der Azaleen-Bonsai, der zur Gattung der Rhododendren geh\u00f6rt, ist aufgrund seiner kleinen Bl\u00e4tter und pr\u00e4chtigen Bl\u00fcten einer der beliebtesten Bonsai-B\u00e4ume.","breadcrumb":{"@id":"https:\/\/kentis.com\/de\/shop\/bonsai-di-azalea-rhododendron-v31\/#breadcrumb"},"inLanguage":"de","potentialAction":[{"@type":"ReadAction","target":["https:\/\/kentis.com\/de\/shop\/bonsai-di-azalea-rhododendron-v31\/"]}]},{"@type":"ImageObject","inLanguage":"de","@id":"https:\/\/kentis.com\/de\/shop\/bonsai-di-azalea-rhododendron-v31\/#primaryimage","url":"https:\/\/kentis.com\/wp-content\/uploads\/2024\/12\/1-1.png","contentUrl":"https:\/\/kentis.com\/wp-content\/uploads\/2024\/12\/1-1.png","width":1500,"height":1500},{"@type":"BreadcrumbList","@id":"https:\/\/kentis.com\/de\/shop\/bonsai-di-azalea-rhododendron-v31\/#breadcrumb","itemListElement":[{"@type":"ListItem","position":1,"name":"Home","item":"https:\/\/kentis.com\/de\/"},{"@type":"ListItem","position":2,"name":"Gesch\u00e4ft","item":"https:\/\/kentis.com\/de\/shop\/"},{"@type":"ListItem","position":3,"name":"Bonsai und Extras","item":"https:\/\/kentis.com\/de\/produkt-kategorie\/bonsai-und-extras\/"},{"@type":"ListItem","position":4,"name":"Bonsai Azalee &#8211; Rhododendron V31"}]},{"@type":"WebSite","@id":"https:\/\/kentis.com\/de\/#website","url":"https:\/\/kentis.com\/de\/","name":"Kentis","description":"Atelier del verde","publisher":{"@id":"https:\/\/kentis.com\/de\/#organization"},"potentialAction":[{"@type":"SearchAction","target":{"@type":"EntryPoint","urlTemplate":"https:\/\/kentis.com\/de\/?s={search_term_string}"},"query-input":{"@type":"PropertyValueSpecification","valueRequired":true,"valueName":"search_term_string"}}],"inLanguage":"de"},{"@type":"Organization","@id":"https:\/\/kentis.com\/de\/#organization","name":"Kentis","url":"https:\/\/kentis.com\/de\/","logo":{"@type":"ImageObject","inLanguage":"de","@id":"https:\/\/kentis.com\/de\/#\/schema\/logo\/image\/","url":"https:\/\/kentis.com\/wp-content\/uploads\/2021\/08\/logo-main.png","contentUrl":"https:\/\/kentis.com\/wp-content\/uploads\/2021\/08\/logo-main.png","width":800,"height":204,"caption":"Kentis"},"image":{"@id":"https:\/\/kentis.com\/de\/#\/schema\/logo\/image\/"},"sameAs":["https:\/\/www.facebook.com\/kentisgarden","https:\/\/www.instagram.com\/kentisgarden\/","https:\/\/it.pinterest.com\/kentisgarden","https:\/\/www.tiktok.com\/@kentis.com"]}]}},"_links":{"self":[{"href":"https:\/\/kentis.com\/de\/wp-json\/wp\/v2\/product\/31288","targetHints":{"allow":["GET"]}}],"collection":[{"href":"https:\/\/kentis.com\/de\/wp-json\/wp\/v2\/product"}],"about":[{"href":"https:\/\/kentis.com\/de\/wp-json\/wp\/v2\/types\/product"}],"wp:featuredmedia":[{"embeddable":true,"href":"https:\/\/kentis.com\/de\/wp-json\/wp\/v2\/media\/33786"}],"wp:attachment":[{"href":"https:\/\/kentis.com\/de\/wp-json\/wp\/v2\/media?parent=31288"}],"wp:term":[{"taxonomy":"product_cat","embeddable":true,"href":"https:\/\/kentis.com\/de\/wp-json\/wp\/v2\/product_cat?post=31288"},{"taxonomy":"product_tag","embeddable":true,"href":"https:\/\/kentis.com\/de\/wp-json\/wp\/v2\/product_tag?post=31288"}],"curies":[{"name":"wp","href":"https:\/\/api.w.org\/{rel}","templated":true}]}}