{"id":30958,"date":"2024-12-05T15:17:00","date_gmt":"2024-12-05T14:17:00","guid":{"rendered":"https:\/\/kentis.com\/negozio\/protea-white-crown\/"},"modified":"2025-11-20T10:59:10","modified_gmt":"2025-11-20T09:59:10","slug":"protea-white-crown","status":"publish","type":"product","link":"https:\/\/kentis.com\/de\/shop\/protea-white-crown\/","title":{"rendered":"Protea White Crown"},"content":{"rendered":"<div class=\"fusion-fullwidth fullwidth-box fusion-builder-row-1 fusion-flex-container has-pattern-background has-mask-background nonhundred-percent-fullwidth non-hundred-percent-height-scrolling\" style=\"--awb-border-radius-top-left:0px;--awb-border-radius-top-right:0px;--awb-border-radius-bottom-right:0px;--awb-border-radius-bottom-left:0px;--awb-padding-top:0px;--awb-padding-right:0px;--awb-padding-bottom:0px;--awb-padding-left:0px;--awb-flex-wrap:wrap;\" ><div class=\"fusion-builder-row fusion-row fusion-flex-align-items-flex-start fusion-flex-content-wrap\" style=\"max-width:1248px;margin-left: calc(-4% \/ 2 );margin-right: calc(-4% \/ 2 );\"><div class=\"fusion-layout-column fusion_builder_column fusion-builder-column-0 fusion_builder_column_1_1 1_1 fusion-flex-column\" style=\"--awb-bg-size:cover;--awb-width-large:100%;--awb-margin-top-large:0px;--awb-spacing-right-large:1.92%;--awb-margin-bottom-large:20px;--awb-spacing-left-large:1.92%;--awb-width-medium:100%;--awb-order-medium:0;--awb-spacing-right-medium:1.92%;--awb-spacing-left-medium:1.92%;--awb-width-small:100%;--awb-order-small:0;--awb-spacing-right-small:1.92%;--awb-spacing-left-small:1.92%;\"><div class=\"fusion-column-wrapper fusion-column-has-shadow fusion-flex-justify-content-flex-start fusion-content-layout-column\"><div class=\"fusion-text fusion-text-1\"><p>Protea &#8216;White Crown&#8217; gilt als eine der faszinierendsten Sorten dieser Gattung, die aufgrund ihrer reichlichen Nektarproduktion auch als &#8216;Sugarbush&#8217; bekannt ist. Ber\u00fchmt f\u00fcr ihre gro\u00dfen Bl\u00fcten mit cremewei\u00dfen H\u00fcllbl\u00e4ttern, die fast das ganze Jahr \u00fcber an der Pflanze bleiben, eignet sich diese in Australien beheimatete Zwergsorte (etwas \u00fcber einen Meter H\u00f6he bei der Reife) perfekt f\u00fcr die Kultivierung in T\u00f6pfen.<\/p>\n<p>H\u00f6he ab Topfboden: 50\/60 cm.<\/p>\n<\/div><\/div><\/div><\/div><\/div>\n","protected":false},"excerpt":{"rendered":"","protected":false},"featured_media":30822,"template":"","meta":{"_acf_changed":false},"product_cat":[531,1262,577],"product_tag":[],"class_list":{"0":"post-30958","1":"product","2":"type-product","3":"status-publish","4":"has-post-thumbnail","6":"product_cat-pflanzen-im-freien","7":"product_cat-piante-da-fiore-de","8":"product_cat-straeucher","9":"product_shipping_class-flora-de","11":"first","12":"outofstock","13":"taxable","14":"shipping-taxable","15":"purchasable","16":"product-type-variable","17":"has-default-attributes"},"acf":[],"yoast_head":"<!-- This site is optimized with the Yoast SEO plugin v23.4 - https:\/\/yoast.com\/wordpress\/plugins\/seo\/ -->\n<title>Protea White Crown - Bl\u00fchende Pflanze f\u00fcr drau\u00dfen - Kentis<\/title>\n<meta name=\"description\" content=\"Die Protea &#039;White Crown&#039; ist ber\u00fchmt f\u00fcr ihre gro\u00dfen Bl\u00fcten mit cremewei\u00dfen H\u00fcllbl\u00e4ttern, die fast das ganze Jahr \u00fcber an der Pflanze bleiben.\" \/>\n<meta name=\"robots\" content=\"index, follow, max-snippet:-1, max-image-preview:large, max-video-preview:-1\" \/>\n<link rel=\"canonical\" href=\"https:\/\/kentis.com\/de\/shop\/protea-white-crown\/\" \/>\n<meta property=\"og:locale\" content=\"de_DE\" \/>\n<meta property=\"og:type\" content=\"article\" \/>\n<meta property=\"og:title\" content=\"Protea White Crown - Bl\u00fchende Pflanze f\u00fcr drau\u00dfen - Kentis\" \/>\n<meta property=\"og:description\" content=\"Die Protea &#039;White Crown&#039; ist ber\u00fchmt f\u00fcr ihre gro\u00dfen Bl\u00fcten mit cremewei\u00dfen H\u00fcllbl\u00e4ttern, die fast das ganze Jahr \u00fcber an der Pflanze bleiben.\" \/>\n<meta property=\"og:url\" content=\"https:\/\/kentis.com\/de\/shop\/protea-white-crown\/\" \/>\n<meta property=\"og:site_name\" content=\"Kentis\" \/>\n<meta property=\"article:publisher\" content=\"https:\/\/www.facebook.com\/kentisgarden\" \/>\n<meta property=\"article:modified_time\" content=\"2025-11-20T09:59:10+00:00\" \/>\n<meta property=\"og:image\" content=\"https:\/\/kentis.com\/wp-content\/uploads\/2024\/12\/PTG-Protea-White-Crown-v17-h50-60_elho-vibes-18-deep-blue-scaled.jpg\" \/>\n\t<meta property=\"og:image:width\" content=\"2560\" \/>\n\t<meta property=\"og:image:height\" content=\"2560\" \/>\n\t<meta property=\"og:image:type\" content=\"image\/jpeg\" \/>\n<meta name=\"twitter:card\" content=\"summary_large_image\" \/>\n<meta name=\"twitter:label1\" content=\"Gesch\u00e4tzte Lesezeit\" \/>\n\t<meta name=\"twitter:data1\" content=\"1\u00a0Minute\" \/>\n<script type=\"application\/ld+json\" class=\"yoast-schema-graph\">{\"@context\":\"https:\/\/schema.org\",\"@graph\":[{\"@type\":\"WebPage\",\"@id\":\"https:\/\/kentis.com\/de\/shop\/protea-white-crown\/\",\"url\":\"https:\/\/kentis.com\/de\/shop\/protea-white-crown\/\",\"name\":\"Protea White Crown - Bl\u00fchende Pflanze f\u00fcr drau\u00dfen - Kentis\",\"isPartOf\":{\"@id\":\"https:\/\/kentis.com\/de\/#website\"},\"primaryImageOfPage\":{\"@id\":\"https:\/\/kentis.com\/de\/shop\/protea-white-crown\/#primaryimage\"},\"image\":{\"@id\":\"https:\/\/kentis.com\/de\/shop\/protea-white-crown\/#primaryimage\"},\"thumbnailUrl\":\"https:\/\/kentis.com\/wp-content\/uploads\/2024\/12\/PTG-Protea-White-Crown-v17-h50-60_elho-vibes-18-deep-blue-scaled.jpg\",\"datePublished\":\"2024-12-05T14:17:00+00:00\",\"dateModified\":\"2025-11-20T09:59:10+00:00\",\"description\":\"Die Protea 'White Crown' ist ber\u00fchmt f\u00fcr ihre gro\u00dfen Bl\u00fcten mit cremewei\u00dfen H\u00fcllbl\u00e4ttern, die fast das ganze Jahr \u00fcber an der Pflanze bleiben.\",\"breadcrumb\":{\"@id\":\"https:\/\/kentis.com\/de\/shop\/protea-white-crown\/#breadcrumb\"},\"inLanguage\":\"de\",\"potentialAction\":[{\"@type\":\"ReadAction\",\"target\":[\"https:\/\/kentis.com\/de\/shop\/protea-white-crown\/\"]}]},{\"@type\":\"ImageObject\",\"inLanguage\":\"de\",\"@id\":\"https:\/\/kentis.com\/de\/shop\/protea-white-crown\/#primaryimage\",\"url\":\"https:\/\/kentis.com\/wp-content\/uploads\/2024\/12\/PTG-Protea-White-Crown-v17-h50-60_elho-vibes-18-deep-blue-scaled.jpg\",\"contentUrl\":\"https:\/\/kentis.com\/wp-content\/uploads\/2024\/12\/PTG-Protea-White-Crown-v17-h50-60_elho-vibes-18-deep-blue-scaled.jpg\",\"width\":2560,\"height\":2560},{\"@type\":\"BreadcrumbList\",\"@id\":\"https:\/\/kentis.com\/de\/shop\/protea-white-crown\/#breadcrumb\",\"itemListElement\":[{\"@type\":\"ListItem\",\"position\":1,\"name\":\"Home\",\"item\":\"https:\/\/kentis.com\/de\/\"},{\"@type\":\"ListItem\",\"position\":2,\"name\":\"Gesch\u00e4ft\",\"item\":\"https:\/\/kentis.com\/de\/shop\/\"},{\"@type\":\"ListItem\",\"position\":3,\"name\":\"Pflanzen\",\"item\":\"https:\/\/kentis.com\/de\/produkt-kategorie\/pflanzen\/\"},{\"@type\":\"ListItem\",\"position\":4,\"name\":\"Pflanzen im Freien\",\"item\":\"https:\/\/kentis.com\/de\/produkt-kategorie\/pflanzen\/pflanzen-im-freien\/\"},{\"@type\":\"ListItem\",\"position\":5,\"name\":\"Protea White Crown\"}]},{\"@type\":\"WebSite\",\"@id\":\"https:\/\/kentis.com\/de\/#website\",\"url\":\"https:\/\/kentis.com\/de\/\",\"name\":\"Kentis\",\"description\":\"Atelier del verde\",\"publisher\":{\"@id\":\"https:\/\/kentis.com\/de\/#organization\"},\"potentialAction\":[{\"@type\":\"SearchAction\",\"target\":{\"@type\":\"EntryPoint\",\"urlTemplate\":\"https:\/\/kentis.com\/de\/?s={search_term_string}\"},\"query-input\":{\"@type\":\"PropertyValueSpecification\",\"valueRequired\":true,\"valueName\":\"search_term_string\"}}],\"inLanguage\":\"de\"},{\"@type\":\"Organization\",\"@id\":\"https:\/\/kentis.com\/de\/#organization\",\"name\":\"Kentis\",\"url\":\"https:\/\/kentis.com\/de\/\",\"logo\":{\"@type\":\"ImageObject\",\"inLanguage\":\"de\",\"@id\":\"https:\/\/kentis.com\/de\/#\/schema\/logo\/image\/\",\"url\":\"https:\/\/kentis.com\/wp-content\/uploads\/2021\/08\/logo-main.png\",\"contentUrl\":\"https:\/\/kentis.com\/wp-content\/uploads\/2021\/08\/logo-main.png\",\"width\":800,\"height\":204,\"caption\":\"Kentis\"},\"image\":{\"@id\":\"https:\/\/kentis.com\/de\/#\/schema\/logo\/image\/\"},\"sameAs\":[\"https:\/\/www.facebook.com\/kentisgarden\",\"https:\/\/www.instagram.com\/kentisgarden\/\",\"https:\/\/it.pinterest.com\/kentisgarden\",\"https:\/\/www.tiktok.com\/@kentis.com\"]}]}<\/script>\n<!-- \/ Yoast SEO plugin. -->","yoast_head_json":{"title":"Protea White Crown - Bl\u00fchende Pflanze f\u00fcr drau\u00dfen - Kentis","description":"Die Protea 'White Crown' ist ber\u00fchmt f\u00fcr ihre gro\u00dfen Bl\u00fcten mit cremewei\u00dfen H\u00fcllbl\u00e4ttern, die fast das ganze Jahr \u00fcber an der Pflanze bleiben.","robots":{"index":"index","follow":"follow","max-snippet":"max-snippet:-1","max-image-preview":"max-image-preview:large","max-video-preview":"max-video-preview:-1"},"canonical":"https:\/\/kentis.com\/de\/shop\/protea-white-crown\/","og_locale":"de_DE","og_type":"article","og_title":"Protea White Crown - Bl\u00fchende Pflanze f\u00fcr drau\u00dfen - Kentis","og_description":"Die Protea 'White Crown' ist ber\u00fchmt f\u00fcr ihre gro\u00dfen Bl\u00fcten mit cremewei\u00dfen H\u00fcllbl\u00e4ttern, die fast das ganze Jahr \u00fcber an der Pflanze bleiben.","og_url":"https:\/\/kentis.com\/de\/shop\/protea-white-crown\/","og_site_name":"Kentis","article_publisher":"https:\/\/www.facebook.com\/kentisgarden","article_modified_time":"2025-11-20T09:59:10+00:00","og_image":[{"width":2560,"height":2560,"url":"https:\/\/kentis.com\/wp-content\/uploads\/2024\/12\/PTG-Protea-White-Crown-v17-h50-60_elho-vibes-18-deep-blue-scaled.jpg","type":"image\/jpeg"}],"twitter_card":"summary_large_image","twitter_misc":{"Gesch\u00e4tzte Lesezeit":"1\u00a0Minute"},"schema":{"@context":"https:\/\/schema.org","@graph":[{"@type":"WebPage","@id":"https:\/\/kentis.com\/de\/shop\/protea-white-crown\/","url":"https:\/\/kentis.com\/de\/shop\/protea-white-crown\/","name":"Protea White Crown - Bl\u00fchende Pflanze f\u00fcr drau\u00dfen - Kentis","isPartOf":{"@id":"https:\/\/kentis.com\/de\/#website"},"primaryImageOfPage":{"@id":"https:\/\/kentis.com\/de\/shop\/protea-white-crown\/#primaryimage"},"image":{"@id":"https:\/\/kentis.com\/de\/shop\/protea-white-crown\/#primaryimage"},"thumbnailUrl":"https:\/\/kentis.com\/wp-content\/uploads\/2024\/12\/PTG-Protea-White-Crown-v17-h50-60_elho-vibes-18-deep-blue-scaled.jpg","datePublished":"2024-12-05T14:17:00+00:00","dateModified":"2025-11-20T09:59:10+00:00","description":"Die Protea 'White Crown' ist ber\u00fchmt f\u00fcr ihre gro\u00dfen Bl\u00fcten mit cremewei\u00dfen H\u00fcllbl\u00e4ttern, die fast das ganze Jahr \u00fcber an der Pflanze bleiben.","breadcrumb":{"@id":"https:\/\/kentis.com\/de\/shop\/protea-white-crown\/#breadcrumb"},"inLanguage":"de","potentialAction":[{"@type":"ReadAction","target":["https:\/\/kentis.com\/de\/shop\/protea-white-crown\/"]}]},{"@type":"ImageObject","inLanguage":"de","@id":"https:\/\/kentis.com\/de\/shop\/protea-white-crown\/#primaryimage","url":"https:\/\/kentis.com\/wp-content\/uploads\/2024\/12\/PTG-Protea-White-Crown-v17-h50-60_elho-vibes-18-deep-blue-scaled.jpg","contentUrl":"https:\/\/kentis.com\/wp-content\/uploads\/2024\/12\/PTG-Protea-White-Crown-v17-h50-60_elho-vibes-18-deep-blue-scaled.jpg","width":2560,"height":2560},{"@type":"BreadcrumbList","@id":"https:\/\/kentis.com\/de\/shop\/protea-white-crown\/#breadcrumb","itemListElement":[{"@type":"ListItem","position":1,"name":"Home","item":"https:\/\/kentis.com\/de\/"},{"@type":"ListItem","position":2,"name":"Gesch\u00e4ft","item":"https:\/\/kentis.com\/de\/shop\/"},{"@type":"ListItem","position":3,"name":"Pflanzen","item":"https:\/\/kentis.com\/de\/produkt-kategorie\/pflanzen\/"},{"@type":"ListItem","position":4,"name":"Pflanzen im Freien","item":"https:\/\/kentis.com\/de\/produkt-kategorie\/pflanzen\/pflanzen-im-freien\/"},{"@type":"ListItem","position":5,"name":"Protea White Crown"}]},{"@type":"WebSite","@id":"https:\/\/kentis.com\/de\/#website","url":"https:\/\/kentis.com\/de\/","name":"Kentis","description":"Atelier del verde","publisher":{"@id":"https:\/\/kentis.com\/de\/#organization"},"potentialAction":[{"@type":"SearchAction","target":{"@type":"EntryPoint","urlTemplate":"https:\/\/kentis.com\/de\/?s={search_term_string}"},"query-input":{"@type":"PropertyValueSpecification","valueRequired":true,"valueName":"search_term_string"}}],"inLanguage":"de"},{"@type":"Organization","@id":"https:\/\/kentis.com\/de\/#organization","name":"Kentis","url":"https:\/\/kentis.com\/de\/","logo":{"@type":"ImageObject","inLanguage":"de","@id":"https:\/\/kentis.com\/de\/#\/schema\/logo\/image\/","url":"https:\/\/kentis.com\/wp-content\/uploads\/2021\/08\/logo-main.png","contentUrl":"https:\/\/kentis.com\/wp-content\/uploads\/2021\/08\/logo-main.png","width":800,"height":204,"caption":"Kentis"},"image":{"@id":"https:\/\/kentis.com\/de\/#\/schema\/logo\/image\/"},"sameAs":["https:\/\/www.facebook.com\/kentisgarden","https:\/\/www.instagram.com\/kentisgarden\/","https:\/\/it.pinterest.com\/kentisgarden","https:\/\/www.tiktok.com\/@kentis.com"]}]}},"_links":{"self":[{"href":"https:\/\/kentis.com\/de\/wp-json\/wp\/v2\/product\/30958","targetHints":{"allow":["GET"]}}],"collection":[{"href":"https:\/\/kentis.com\/de\/wp-json\/wp\/v2\/product"}],"about":[{"href":"https:\/\/kentis.com\/de\/wp-json\/wp\/v2\/types\/product"}],"wp:featuredmedia":[{"embeddable":true,"href":"https:\/\/kentis.com\/de\/wp-json\/wp\/v2\/media\/30822"}],"wp:attachment":[{"href":"https:\/\/kentis.com\/de\/wp-json\/wp\/v2\/media?parent=30958"}],"wp:term":[{"taxonomy":"product_cat","embeddable":true,"href":"https:\/\/kentis.com\/de\/wp-json\/wp\/v2\/product_cat?post=30958"},{"taxonomy":"product_tag","embeddable":true,"href":"https:\/\/kentis.com\/de\/wp-json\/wp\/v2\/product_tag?post=30958"}],"curies":[{"name":"wp","href":"https:\/\/api.w.org\/{rel}","templated":true}]}}