{"id":30917,"date":"2024-12-04T13:00:51","date_gmt":"2024-12-04T12:00:51","guid":{"rendered":"https:\/\/kentis.com\/negozio\/bonsai-di-agrifoglio-ilex-nellie-stevens-21\/"},"modified":"2024-12-05T11:36:32","modified_gmt":"2024-12-05T10:36:32","slug":"stechpalme-bonsai-ilex-nellie-stevens-21","status":"publish","type":"product","link":"https:\/\/kentis.com\/de\/shop\/stechpalme-bonsai-ilex-nellie-stevens-21\/","title":{"rendered":"Stechpalme Bonsai &#8211; Ilex Nellie Stevens V21"},"content":{"rendered":"<div class=\"fusion-fullwidth fullwidth-box fusion-builder-row-1 fusion-flex-container has-pattern-background has-mask-background nonhundred-percent-fullwidth non-hundred-percent-height-scrolling\" style=\"--awb-border-radius-top-left:0px;--awb-border-radius-top-right:0px;--awb-border-radius-bottom-right:0px;--awb-border-radius-bottom-left:0px;--awb-padding-top:0px;--awb-padding-right:0px;--awb-padding-bottom:0px;--awb-padding-left:0px;--awb-flex-wrap:wrap;\" ><div class=\"fusion-builder-row fusion-row fusion-flex-align-items-flex-start fusion-flex-content-wrap\" style=\"max-width:1248px;margin-left: calc(-4% \/ 2 );margin-right: calc(-4% \/ 2 );\"><div class=\"fusion-layout-column fusion_builder_column fusion-builder-column-0 fusion_builder_column_1_1 1_1 fusion-flex-column\" style=\"--awb-bg-size:cover;--awb-width-large:100%;--awb-margin-top-large:0px;--awb-spacing-right-large:1.92%;--awb-margin-bottom-large:20px;--awb-spacing-left-large:1.92%;--awb-width-medium:100%;--awb-order-medium:0;--awb-spacing-right-medium:1.92%;--awb-spacing-left-medium:1.92%;--awb-width-small:100%;--awb-order-small:0;--awb-spacing-right-small:1.92%;--awb-spacing-left-small:1.92%;\"><div class=\"fusion-column-wrapper fusion-column-has-shadow fusion-flex-justify-content-flex-start fusion-content-layout-column\"><div class=\"fusion-text fusion-text-1\"><p>Der Stechpalmenbonsai (Ilex Nellie Stevens) erreicht seinen H\u00f6hepunkt im Winter, geschm\u00fcckt mit seinen charakteristischen roten Beeren. Diese Pflanze hat einen besonders weihnachtlichen Charme und eignet sich daher perfekt f\u00fcr die Dekoration des Hauses w\u00e4hrend der Weihnachtszeit oder als Geschenkidee f\u00fcr Pflanzenliebhaber. Als immergr\u00fcne Pflanze beh\u00e4lt die Stechpalme das ganze Jahr \u00fcber ihren Charme, auch wenn die roten Beeren nicht mehr vorhanden sind. Im Fr\u00fchjahr wird sie au\u00dferdem durch zahlreiche wei\u00dfe Bl\u00fcten bereichert, die ihr ein besonders sch\u00f6nes Aussehen verleihen.<\/p>\n<p>H\u00f6he ab dem Boden der Vase: 25\/30 cm<\/p>\n<p>Der Keramiktopf ist im Lieferumfang der Pflanze enthalten.<\/p>\n<\/div><\/div><\/div><\/div><\/div>\n","protected":false},"excerpt":{"rendered":"","protected":false},"featured_media":30905,"template":"","meta":{"_acf_changed":false},"product_cat":[588,531],"product_tag":[],"class_list":{"0":"post-30917","1":"product","2":"type-product","3":"status-publish","4":"has-post-thumbnail","6":"product_cat-bonsai-und-extras","7":"product_cat-pflanzen-im-freien","9":"first","10":"instock","11":"taxable","12":"shipping-taxable","13":"purchasable","14":"product-type-variable","15":"has-default-attributes"},"acf":[],"yoast_head":"<!-- This site is optimized with the Yoast SEO plugin v23.4 - https:\/\/yoast.com\/wordpress\/plugins\/seo\/ -->\n<title>Stechpalme Bonsai - Ilex Nellie Stevens - Kentis<\/title>\n<meta name=\"description\" content=\"Der Stechpalmenbonsai (Ilex Nellie Stevens) erreicht seinen H\u00f6hepunkt im Winter, wenn er mit seinen charakteristischen roten Beeren geschm\u00fcckt ist.\" \/>\n<meta name=\"robots\" content=\"index, follow, max-snippet:-1, max-image-preview:large, max-video-preview:-1\" \/>\n<link rel=\"canonical\" href=\"https:\/\/kentis.com\/de\/shop\/stechpalme-bonsai-ilex-nellie-stevens-21\/\" \/>\n<meta property=\"og:locale\" content=\"de_DE\" \/>\n<meta property=\"og:type\" content=\"article\" \/>\n<meta property=\"og:title\" content=\"Stechpalme Bonsai - Ilex Nellie Stevens - Kentis\" \/>\n<meta property=\"og:description\" content=\"Der Stechpalmenbonsai (Ilex Nellie Stevens) erreicht seinen H\u00f6hepunkt im Winter, wenn er mit seinen charakteristischen roten Beeren geschm\u00fcckt ist.\" \/>\n<meta property=\"og:url\" content=\"https:\/\/kentis.com\/de\/shop\/stechpalme-bonsai-ilex-nellie-stevens-21\/\" \/>\n<meta property=\"og:site_name\" content=\"Kentis\" \/>\n<meta property=\"article:publisher\" content=\"https:\/\/www.facebook.com\/kentisgarden\" \/>\n<meta property=\"article:modified_time\" content=\"2024-12-05T10:36:32+00:00\" \/>\n<meta property=\"og:image\" content=\"https:\/\/kentis.com\/wp-content\/uploads\/2024\/12\/Progetto-senza-titolo-2.png\" \/>\n\t<meta property=\"og:image:width\" content=\"1500\" \/>\n\t<meta property=\"og:image:height\" content=\"1500\" \/>\n\t<meta property=\"og:image:type\" content=\"image\/png\" \/>\n<meta name=\"twitter:card\" content=\"summary_large_image\" \/>\n<meta name=\"twitter:label1\" content=\"Gesch\u00e4tzte Lesezeit\" \/>\n\t<meta name=\"twitter:data1\" content=\"1\u00a0Minute\" \/>\n<script type=\"application\/ld+json\" class=\"yoast-schema-graph\">{\"@context\":\"https:\/\/schema.org\",\"@graph\":[{\"@type\":\"WebPage\",\"@id\":\"https:\/\/kentis.com\/de\/shop\/stechpalme-bonsai-ilex-nellie-stevens-21\/\",\"url\":\"https:\/\/kentis.com\/de\/shop\/stechpalme-bonsai-ilex-nellie-stevens-21\/\",\"name\":\"Stechpalme Bonsai - Ilex Nellie Stevens - Kentis\",\"isPartOf\":{\"@id\":\"https:\/\/kentis.com\/de\/#website\"},\"primaryImageOfPage\":{\"@id\":\"https:\/\/kentis.com\/de\/shop\/stechpalme-bonsai-ilex-nellie-stevens-21\/#primaryimage\"},\"image\":{\"@id\":\"https:\/\/kentis.com\/de\/shop\/stechpalme-bonsai-ilex-nellie-stevens-21\/#primaryimage\"},\"thumbnailUrl\":\"https:\/\/kentis.com\/wp-content\/uploads\/2024\/12\/Progetto-senza-titolo-2.png\",\"datePublished\":\"2024-12-04T12:00:51+00:00\",\"dateModified\":\"2024-12-05T10:36:32+00:00\",\"description\":\"Der Stechpalmenbonsai (Ilex Nellie Stevens) erreicht seinen H\u00f6hepunkt im Winter, wenn er mit seinen charakteristischen roten Beeren geschm\u00fcckt ist.\",\"breadcrumb\":{\"@id\":\"https:\/\/kentis.com\/de\/shop\/stechpalme-bonsai-ilex-nellie-stevens-21\/#breadcrumb\"},\"inLanguage\":\"de\",\"potentialAction\":[{\"@type\":\"ReadAction\",\"target\":[\"https:\/\/kentis.com\/de\/shop\/stechpalme-bonsai-ilex-nellie-stevens-21\/\"]}]},{\"@type\":\"ImageObject\",\"inLanguage\":\"de\",\"@id\":\"https:\/\/kentis.com\/de\/shop\/stechpalme-bonsai-ilex-nellie-stevens-21\/#primaryimage\",\"url\":\"https:\/\/kentis.com\/wp-content\/uploads\/2024\/12\/Progetto-senza-titolo-2.png\",\"contentUrl\":\"https:\/\/kentis.com\/wp-content\/uploads\/2024\/12\/Progetto-senza-titolo-2.png\",\"width\":1500,\"height\":1500},{\"@type\":\"BreadcrumbList\",\"@id\":\"https:\/\/kentis.com\/de\/shop\/stechpalme-bonsai-ilex-nellie-stevens-21\/#breadcrumb\",\"itemListElement\":[{\"@type\":\"ListItem\",\"position\":1,\"name\":\"Home\",\"item\":\"https:\/\/kentis.com\/de\/\"},{\"@type\":\"ListItem\",\"position\":2,\"name\":\"Gesch\u00e4ft\",\"item\":\"https:\/\/kentis.com\/de\/shop\/\"},{\"@type\":\"ListItem\",\"position\":3,\"name\":\"Bonsai und Extras\",\"item\":\"https:\/\/kentis.com\/de\/produkt-kategorie\/bonsai-und-extras\/\"},{\"@type\":\"ListItem\",\"position\":4,\"name\":\"Stechpalme Bonsai &#8211; Ilex Nellie Stevens V21\"}]},{\"@type\":\"WebSite\",\"@id\":\"https:\/\/kentis.com\/de\/#website\",\"url\":\"https:\/\/kentis.com\/de\/\",\"name\":\"Kentis\",\"description\":\"Atelier del verde\",\"publisher\":{\"@id\":\"https:\/\/kentis.com\/de\/#organization\"},\"potentialAction\":[{\"@type\":\"SearchAction\",\"target\":{\"@type\":\"EntryPoint\",\"urlTemplate\":\"https:\/\/kentis.com\/de\/?s={search_term_string}\"},\"query-input\":{\"@type\":\"PropertyValueSpecification\",\"valueRequired\":true,\"valueName\":\"search_term_string\"}}],\"inLanguage\":\"de\"},{\"@type\":\"Organization\",\"@id\":\"https:\/\/kentis.com\/de\/#organization\",\"name\":\"Kentis\",\"url\":\"https:\/\/kentis.com\/de\/\",\"logo\":{\"@type\":\"ImageObject\",\"inLanguage\":\"de\",\"@id\":\"https:\/\/kentis.com\/de\/#\/schema\/logo\/image\/\",\"url\":\"https:\/\/kentis.com\/wp-content\/uploads\/2021\/08\/logo-main.png\",\"contentUrl\":\"https:\/\/kentis.com\/wp-content\/uploads\/2021\/08\/logo-main.png\",\"width\":800,\"height\":204,\"caption\":\"Kentis\"},\"image\":{\"@id\":\"https:\/\/kentis.com\/de\/#\/schema\/logo\/image\/\"},\"sameAs\":[\"https:\/\/www.facebook.com\/kentisgarden\",\"https:\/\/www.instagram.com\/kentisgarden\/\",\"https:\/\/it.pinterest.com\/kentisgarden\",\"https:\/\/www.tiktok.com\/@kentis.com\"]}]}<\/script>\n<!-- \/ Yoast SEO plugin. -->","yoast_head_json":{"title":"Stechpalme Bonsai - Ilex Nellie Stevens - Kentis","description":"Der Stechpalmenbonsai (Ilex Nellie Stevens) erreicht seinen H\u00f6hepunkt im Winter, wenn er mit seinen charakteristischen roten Beeren geschm\u00fcckt ist.","robots":{"index":"index","follow":"follow","max-snippet":"max-snippet:-1","max-image-preview":"max-image-preview:large","max-video-preview":"max-video-preview:-1"},"canonical":"https:\/\/kentis.com\/de\/shop\/stechpalme-bonsai-ilex-nellie-stevens-21\/","og_locale":"de_DE","og_type":"article","og_title":"Stechpalme Bonsai - Ilex Nellie Stevens - Kentis","og_description":"Der Stechpalmenbonsai (Ilex Nellie Stevens) erreicht seinen H\u00f6hepunkt im Winter, wenn er mit seinen charakteristischen roten Beeren geschm\u00fcckt ist.","og_url":"https:\/\/kentis.com\/de\/shop\/stechpalme-bonsai-ilex-nellie-stevens-21\/","og_site_name":"Kentis","article_publisher":"https:\/\/www.facebook.com\/kentisgarden","article_modified_time":"2024-12-05T10:36:32+00:00","og_image":[{"width":1500,"height":1500,"url":"https:\/\/kentis.com\/wp-content\/uploads\/2024\/12\/Progetto-senza-titolo-2.png","type":"image\/png"}],"twitter_card":"summary_large_image","twitter_misc":{"Gesch\u00e4tzte Lesezeit":"1\u00a0Minute"},"schema":{"@context":"https:\/\/schema.org","@graph":[{"@type":"WebPage","@id":"https:\/\/kentis.com\/de\/shop\/stechpalme-bonsai-ilex-nellie-stevens-21\/","url":"https:\/\/kentis.com\/de\/shop\/stechpalme-bonsai-ilex-nellie-stevens-21\/","name":"Stechpalme Bonsai - Ilex Nellie Stevens - Kentis","isPartOf":{"@id":"https:\/\/kentis.com\/de\/#website"},"primaryImageOfPage":{"@id":"https:\/\/kentis.com\/de\/shop\/stechpalme-bonsai-ilex-nellie-stevens-21\/#primaryimage"},"image":{"@id":"https:\/\/kentis.com\/de\/shop\/stechpalme-bonsai-ilex-nellie-stevens-21\/#primaryimage"},"thumbnailUrl":"https:\/\/kentis.com\/wp-content\/uploads\/2024\/12\/Progetto-senza-titolo-2.png","datePublished":"2024-12-04T12:00:51+00:00","dateModified":"2024-12-05T10:36:32+00:00","description":"Der Stechpalmenbonsai (Ilex Nellie Stevens) erreicht seinen H\u00f6hepunkt im Winter, wenn er mit seinen charakteristischen roten Beeren geschm\u00fcckt ist.","breadcrumb":{"@id":"https:\/\/kentis.com\/de\/shop\/stechpalme-bonsai-ilex-nellie-stevens-21\/#breadcrumb"},"inLanguage":"de","potentialAction":[{"@type":"ReadAction","target":["https:\/\/kentis.com\/de\/shop\/stechpalme-bonsai-ilex-nellie-stevens-21\/"]}]},{"@type":"ImageObject","inLanguage":"de","@id":"https:\/\/kentis.com\/de\/shop\/stechpalme-bonsai-ilex-nellie-stevens-21\/#primaryimage","url":"https:\/\/kentis.com\/wp-content\/uploads\/2024\/12\/Progetto-senza-titolo-2.png","contentUrl":"https:\/\/kentis.com\/wp-content\/uploads\/2024\/12\/Progetto-senza-titolo-2.png","width":1500,"height":1500},{"@type":"BreadcrumbList","@id":"https:\/\/kentis.com\/de\/shop\/stechpalme-bonsai-ilex-nellie-stevens-21\/#breadcrumb","itemListElement":[{"@type":"ListItem","position":1,"name":"Home","item":"https:\/\/kentis.com\/de\/"},{"@type":"ListItem","position":2,"name":"Gesch\u00e4ft","item":"https:\/\/kentis.com\/de\/shop\/"},{"@type":"ListItem","position":3,"name":"Bonsai und Extras","item":"https:\/\/kentis.com\/de\/produkt-kategorie\/bonsai-und-extras\/"},{"@type":"ListItem","position":4,"name":"Stechpalme Bonsai &#8211; Ilex Nellie Stevens V21"}]},{"@type":"WebSite","@id":"https:\/\/kentis.com\/de\/#website","url":"https:\/\/kentis.com\/de\/","name":"Kentis","description":"Atelier del verde","publisher":{"@id":"https:\/\/kentis.com\/de\/#organization"},"potentialAction":[{"@type":"SearchAction","target":{"@type":"EntryPoint","urlTemplate":"https:\/\/kentis.com\/de\/?s={search_term_string}"},"query-input":{"@type":"PropertyValueSpecification","valueRequired":true,"valueName":"search_term_string"}}],"inLanguage":"de"},{"@type":"Organization","@id":"https:\/\/kentis.com\/de\/#organization","name":"Kentis","url":"https:\/\/kentis.com\/de\/","logo":{"@type":"ImageObject","inLanguage":"de","@id":"https:\/\/kentis.com\/de\/#\/schema\/logo\/image\/","url":"https:\/\/kentis.com\/wp-content\/uploads\/2021\/08\/logo-main.png","contentUrl":"https:\/\/kentis.com\/wp-content\/uploads\/2021\/08\/logo-main.png","width":800,"height":204,"caption":"Kentis"},"image":{"@id":"https:\/\/kentis.com\/de\/#\/schema\/logo\/image\/"},"sameAs":["https:\/\/www.facebook.com\/kentisgarden","https:\/\/www.instagram.com\/kentisgarden\/","https:\/\/it.pinterest.com\/kentisgarden","https:\/\/www.tiktok.com\/@kentis.com"]}]}},"_links":{"self":[{"href":"https:\/\/kentis.com\/de\/wp-json\/wp\/v2\/product\/30917","targetHints":{"allow":["GET"]}}],"collection":[{"href":"https:\/\/kentis.com\/de\/wp-json\/wp\/v2\/product"}],"about":[{"href":"https:\/\/kentis.com\/de\/wp-json\/wp\/v2\/types\/product"}],"wp:featuredmedia":[{"embeddable":true,"href":"https:\/\/kentis.com\/de\/wp-json\/wp\/v2\/media\/30905"}],"wp:attachment":[{"href":"https:\/\/kentis.com\/de\/wp-json\/wp\/v2\/media?parent=30917"}],"wp:term":[{"taxonomy":"product_cat","embeddable":true,"href":"https:\/\/kentis.com\/de\/wp-json\/wp\/v2\/product_cat?post=30917"},{"taxonomy":"product_tag","embeddable":true,"href":"https:\/\/kentis.com\/de\/wp-json\/wp\/v2\/product_tag?post=30917"}],"curies":[{"name":"wp","href":"https:\/\/api.w.org\/{rel}","templated":true}]}}