{"id":30439,"date":"2021-11-23T09:29:01","date_gmt":"2021-11-23T08:29:01","guid":{"rendered":"https:\/\/kentis.com\/negozio\/stella-di-natale-rossa\/"},"modified":"2025-12-19T16:24:00","modified_gmt":"2025-12-19T15:24:00","slug":"rote-weihnachtssterne-euphorbia-pulcherrima","status":"publish","type":"product","link":"https:\/\/kentis.com\/de\/shop\/rote-weihnachtssterne-euphorbia-pulcherrima\/","title":{"rendered":"Roter Weihnachtsstern &#8211; Euphorbia Pulcherrima"},"content":{"rendered":"<div class=\"fusion-fullwidth fullwidth-box fusion-builder-row-1 fusion-flex-container nonhundred-percent-fullwidth non-hundred-percent-height-scrolling\" style=\"--awb-border-radius-top-left:0px;--awb-border-radius-top-right:0px;--awb-border-radius-bottom-right:0px;--awb-border-radius-bottom-left:0px;--awb-flex-wrap:wrap;\" ><div class=\"fusion-builder-row fusion-row fusion-flex-align-items-flex-start fusion-flex-content-wrap\" style=\"max-width:1248px;margin-left: calc(-4% \/ 2 );margin-right: calc(-4% \/ 2 );\"><div class=\"fusion-layout-column fusion_builder_column fusion-builder-column-0 fusion_builder_column_1_1 1_1 fusion-flex-column\" style=\"--awb-bg-size:cover;--awb-width-large:100%;--awb-margin-top-large:0px;--awb-spacing-right-large:1.92%;--awb-margin-bottom-large:0px;--awb-spacing-left-large:1.92%;--awb-width-medium:100%;--awb-spacing-right-medium:1.92%;--awb-spacing-left-medium:1.92%;--awb-width-small:100%;--awb-spacing-right-small:1.92%;--awb-spacing-left-small:1.92%;\"><div class=\"fusion-column-wrapper fusion-flex-justify-content-flex-start fusion-content-layout-column\"><div class=\"fusion-text fusion-text-1\"><p>Euphorbia pulcherrima, gemeinhin als Weihnachtsstern bekannt, verdankt ihren Namen dem lateinischen Wort pulcherrima\u201e, was so viel wie die Sch\u00f6nste\u201c bedeutet. Was oft mit der Bl\u00fcte verwechselt wird, sind in Wirklichkeit die Hochbl\u00e4tter, modifizierte Bl\u00e4tter, die die echten, kleinen, gr\u00fcn-gelben Bl\u00fcten der Pflanze umgeben und sch\u00fctzen. Der rote Weihnachtsstern gilt als ideales Weihnachtsgeschenk, nicht nur wegen seiner au\u00dfergew\u00f6hnlichen Sch\u00f6nheit, sondern auch wegen der starken Symbolik, die er tr\u00e4gt. Diese Pflanze steht f\u00fcr Reinheit und Neuanfang: Jedes Jahr f\u00e4rbt sie sich erneut rot und vermittelt eine Botschaft der Hoffnung und den Wunsch nach einer Zukunft voller positiver Ver\u00e4nderungen.<\/p>\n<\/div><\/div><\/div><\/div><\/div>\n","protected":false},"excerpt":{"rendered":"","protected":false},"featured_media":18507,"template":"","meta":{"_acf_changed":false},"product_cat":[574,541,465],"product_tag":[467],"class_list":{"0":"post-30439","1":"product","2":"type-product","3":"status-publish","4":"has-post-thumbnail","6":"product_cat-frauentag","7":"product_cat-kaktus-sukkulenten","8":"product_cat-zimmerpflanzen","9":"product_tag-bestseller","10":"product_shipping_class-flora-de","12":"first","13":"outofstock","14":"taxable","15":"shipping-taxable","16":"purchasable","17":"product-type-variable","18":"has-default-attributes"},"acf":[],"yoast_head":"<!-- This site is optimized with the Yoast SEO plugin v23.4 - https:\/\/yoast.com\/wordpress\/plugins\/seo\/ -->\n<title>Rote Weihnachtssterne - Weihnachtspflanzen | Kentis<\/title>\n<meta name=\"description\" content=\"Der rote Weihnachtsstern gilt als ideales Weihnachtsgeschenk, nicht nur wegen seiner au\u00dfergew\u00f6hnlichen Sch\u00f6nheit, sondern auch wegen seiner starken Symbolik\" \/>\n<meta name=\"robots\" content=\"index, follow, max-snippet:-1, max-image-preview:large, max-video-preview:-1\" \/>\n<link rel=\"canonical\" href=\"https:\/\/kentis.com\/de\/shop\/rote-weihnachtssterne-euphorbia-pulcherrima\/\" \/>\n<meta property=\"og:locale\" content=\"de_DE\" \/>\n<meta property=\"og:type\" content=\"article\" \/>\n<meta property=\"og:title\" content=\"Rote Weihnachtssterne - Weihnachtspflanzen | Kentis\" \/>\n<meta property=\"og:description\" content=\"Der rote Weihnachtsstern gilt als ideales Weihnachtsgeschenk, nicht nur wegen seiner au\u00dfergew\u00f6hnlichen Sch\u00f6nheit, sondern auch wegen seiner starken Symbolik\" \/>\n<meta property=\"og:url\" content=\"https:\/\/kentis.com\/de\/shop\/rote-weihnachtssterne-euphorbia-pulcherrima\/\" \/>\n<meta property=\"og:site_name\" content=\"Kentis\" \/>\n<meta property=\"article:publisher\" content=\"https:\/\/www.facebook.com\/kentisgarden\" \/>\n<meta property=\"article:modified_time\" content=\"2025-12-19T15:24:00+00:00\" \/>\n<meta property=\"og:image\" content=\"https:\/\/kentis.com\/wp-content\/uploads\/2021\/11\/PTG-Stella-di-Natale-rossa-v14-h30-vaso-red-scaled.jpg\" \/>\n\t<meta property=\"og:image:width\" content=\"2560\" \/>\n\t<meta property=\"og:image:height\" content=\"2560\" \/>\n\t<meta property=\"og:image:type\" content=\"image\/jpeg\" \/>\n<meta name=\"twitter:card\" content=\"summary_large_image\" \/>\n<meta name=\"twitter:label1\" content=\"Gesch\u00e4tzte Lesezeit\" \/>\n\t<meta name=\"twitter:data1\" content=\"1\u00a0Minute\" \/>\n<script type=\"application\/ld+json\" class=\"yoast-schema-graph\">{\"@context\":\"https:\/\/schema.org\",\"@graph\":[{\"@type\":\"WebPage\",\"@id\":\"https:\/\/kentis.com\/de\/shop\/rote-weihnachtssterne-euphorbia-pulcherrima\/\",\"url\":\"https:\/\/kentis.com\/de\/shop\/rote-weihnachtssterne-euphorbia-pulcherrima\/\",\"name\":\"Rote Weihnachtssterne - Weihnachtspflanzen | Kentis\",\"isPartOf\":{\"@id\":\"https:\/\/kentis.com\/de\/#website\"},\"primaryImageOfPage\":{\"@id\":\"https:\/\/kentis.com\/de\/shop\/rote-weihnachtssterne-euphorbia-pulcherrima\/#primaryimage\"},\"image\":{\"@id\":\"https:\/\/kentis.com\/de\/shop\/rote-weihnachtssterne-euphorbia-pulcherrima\/#primaryimage\"},\"thumbnailUrl\":\"https:\/\/kentis.com\/wp-content\/uploads\/2021\/11\/PTG-Stella-di-Natale-rossa-v14-h30-vaso-red-scaled.jpg\",\"datePublished\":\"2021-11-23T08:29:01+00:00\",\"dateModified\":\"2025-12-19T15:24:00+00:00\",\"description\":\"Der rote Weihnachtsstern gilt als ideales Weihnachtsgeschenk, nicht nur wegen seiner au\u00dfergew\u00f6hnlichen Sch\u00f6nheit, sondern auch wegen seiner starken Symbolik\",\"breadcrumb\":{\"@id\":\"https:\/\/kentis.com\/de\/shop\/rote-weihnachtssterne-euphorbia-pulcherrima\/#breadcrumb\"},\"inLanguage\":\"de\",\"potentialAction\":[{\"@type\":\"ReadAction\",\"target\":[\"https:\/\/kentis.com\/de\/shop\/rote-weihnachtssterne-euphorbia-pulcherrima\/\"]}]},{\"@type\":\"ImageObject\",\"inLanguage\":\"de\",\"@id\":\"https:\/\/kentis.com\/de\/shop\/rote-weihnachtssterne-euphorbia-pulcherrima\/#primaryimage\",\"url\":\"https:\/\/kentis.com\/wp-content\/uploads\/2021\/11\/PTG-Stella-di-Natale-rossa-v14-h30-vaso-red-scaled.jpg\",\"contentUrl\":\"https:\/\/kentis.com\/wp-content\/uploads\/2021\/11\/PTG-Stella-di-Natale-rossa-v14-h30-vaso-red-scaled.jpg\",\"width\":2560,\"height\":2560},{\"@type\":\"BreadcrumbList\",\"@id\":\"https:\/\/kentis.com\/de\/shop\/rote-weihnachtssterne-euphorbia-pulcherrima\/#breadcrumb\",\"itemListElement\":[{\"@type\":\"ListItem\",\"position\":1,\"name\":\"Home\",\"item\":\"https:\/\/kentis.com\/de\/\"},{\"@type\":\"ListItem\",\"position\":2,\"name\":\"Gesch\u00e4ft\",\"item\":\"https:\/\/kentis.com\/de\/shop\/\"},{\"@type\":\"ListItem\",\"position\":3,\"name\":\"Pflanzen\",\"item\":\"https:\/\/kentis.com\/de\/produkt-kategorie\/pflanzen\/\"},{\"@type\":\"ListItem\",\"position\":4,\"name\":\"Zimmerpflanzen\",\"item\":\"https:\/\/kentis.com\/de\/produkt-kategorie\/pflanzen\/zimmerpflanzen\/\"},{\"@type\":\"ListItem\",\"position\":5,\"name\":\"Roter Weihnachtsstern &#8211; Euphorbia Pulcherrima\"}]},{\"@type\":\"WebSite\",\"@id\":\"https:\/\/kentis.com\/de\/#website\",\"url\":\"https:\/\/kentis.com\/de\/\",\"name\":\"Kentis\",\"description\":\"Atelier del verde\",\"publisher\":{\"@id\":\"https:\/\/kentis.com\/de\/#organization\"},\"potentialAction\":[{\"@type\":\"SearchAction\",\"target\":{\"@type\":\"EntryPoint\",\"urlTemplate\":\"https:\/\/kentis.com\/de\/?s={search_term_string}\"},\"query-input\":{\"@type\":\"PropertyValueSpecification\",\"valueRequired\":true,\"valueName\":\"search_term_string\"}}],\"inLanguage\":\"de\"},{\"@type\":\"Organization\",\"@id\":\"https:\/\/kentis.com\/de\/#organization\",\"name\":\"Kentis\",\"url\":\"https:\/\/kentis.com\/de\/\",\"logo\":{\"@type\":\"ImageObject\",\"inLanguage\":\"de\",\"@id\":\"https:\/\/kentis.com\/de\/#\/schema\/logo\/image\/\",\"url\":\"https:\/\/kentis.com\/wp-content\/uploads\/2021\/08\/logo-main.png\",\"contentUrl\":\"https:\/\/kentis.com\/wp-content\/uploads\/2021\/08\/logo-main.png\",\"width\":800,\"height\":204,\"caption\":\"Kentis\"},\"image\":{\"@id\":\"https:\/\/kentis.com\/de\/#\/schema\/logo\/image\/\"},\"sameAs\":[\"https:\/\/www.facebook.com\/kentisgarden\",\"https:\/\/www.instagram.com\/kentisgarden\/\",\"https:\/\/it.pinterest.com\/kentisgarden\",\"https:\/\/www.tiktok.com\/@kentis.com\"]}]}<\/script>\n<!-- \/ Yoast SEO plugin. -->","yoast_head_json":{"title":"Rote Weihnachtssterne - Weihnachtspflanzen | Kentis","description":"Der rote Weihnachtsstern gilt als ideales Weihnachtsgeschenk, nicht nur wegen seiner au\u00dfergew\u00f6hnlichen Sch\u00f6nheit, sondern auch wegen seiner starken Symbolik","robots":{"index":"index","follow":"follow","max-snippet":"max-snippet:-1","max-image-preview":"max-image-preview:large","max-video-preview":"max-video-preview:-1"},"canonical":"https:\/\/kentis.com\/de\/shop\/rote-weihnachtssterne-euphorbia-pulcherrima\/","og_locale":"de_DE","og_type":"article","og_title":"Rote Weihnachtssterne - Weihnachtspflanzen | Kentis","og_description":"Der rote Weihnachtsstern gilt als ideales Weihnachtsgeschenk, nicht nur wegen seiner au\u00dfergew\u00f6hnlichen Sch\u00f6nheit, sondern auch wegen seiner starken Symbolik","og_url":"https:\/\/kentis.com\/de\/shop\/rote-weihnachtssterne-euphorbia-pulcherrima\/","og_site_name":"Kentis","article_publisher":"https:\/\/www.facebook.com\/kentisgarden","article_modified_time":"2025-12-19T15:24:00+00:00","og_image":[{"width":2560,"height":2560,"url":"https:\/\/kentis.com\/wp-content\/uploads\/2021\/11\/PTG-Stella-di-Natale-rossa-v14-h30-vaso-red-scaled.jpg","type":"image\/jpeg"}],"twitter_card":"summary_large_image","twitter_misc":{"Gesch\u00e4tzte Lesezeit":"1\u00a0Minute"},"schema":{"@context":"https:\/\/schema.org","@graph":[{"@type":"WebPage","@id":"https:\/\/kentis.com\/de\/shop\/rote-weihnachtssterne-euphorbia-pulcherrima\/","url":"https:\/\/kentis.com\/de\/shop\/rote-weihnachtssterne-euphorbia-pulcherrima\/","name":"Rote Weihnachtssterne - Weihnachtspflanzen | Kentis","isPartOf":{"@id":"https:\/\/kentis.com\/de\/#website"},"primaryImageOfPage":{"@id":"https:\/\/kentis.com\/de\/shop\/rote-weihnachtssterne-euphorbia-pulcherrima\/#primaryimage"},"image":{"@id":"https:\/\/kentis.com\/de\/shop\/rote-weihnachtssterne-euphorbia-pulcherrima\/#primaryimage"},"thumbnailUrl":"https:\/\/kentis.com\/wp-content\/uploads\/2021\/11\/PTG-Stella-di-Natale-rossa-v14-h30-vaso-red-scaled.jpg","datePublished":"2021-11-23T08:29:01+00:00","dateModified":"2025-12-19T15:24:00+00:00","description":"Der rote Weihnachtsstern gilt als ideales Weihnachtsgeschenk, nicht nur wegen seiner au\u00dfergew\u00f6hnlichen Sch\u00f6nheit, sondern auch wegen seiner starken Symbolik","breadcrumb":{"@id":"https:\/\/kentis.com\/de\/shop\/rote-weihnachtssterne-euphorbia-pulcherrima\/#breadcrumb"},"inLanguage":"de","potentialAction":[{"@type":"ReadAction","target":["https:\/\/kentis.com\/de\/shop\/rote-weihnachtssterne-euphorbia-pulcherrima\/"]}]},{"@type":"ImageObject","inLanguage":"de","@id":"https:\/\/kentis.com\/de\/shop\/rote-weihnachtssterne-euphorbia-pulcherrima\/#primaryimage","url":"https:\/\/kentis.com\/wp-content\/uploads\/2021\/11\/PTG-Stella-di-Natale-rossa-v14-h30-vaso-red-scaled.jpg","contentUrl":"https:\/\/kentis.com\/wp-content\/uploads\/2021\/11\/PTG-Stella-di-Natale-rossa-v14-h30-vaso-red-scaled.jpg","width":2560,"height":2560},{"@type":"BreadcrumbList","@id":"https:\/\/kentis.com\/de\/shop\/rote-weihnachtssterne-euphorbia-pulcherrima\/#breadcrumb","itemListElement":[{"@type":"ListItem","position":1,"name":"Home","item":"https:\/\/kentis.com\/de\/"},{"@type":"ListItem","position":2,"name":"Gesch\u00e4ft","item":"https:\/\/kentis.com\/de\/shop\/"},{"@type":"ListItem","position":3,"name":"Pflanzen","item":"https:\/\/kentis.com\/de\/produkt-kategorie\/pflanzen\/"},{"@type":"ListItem","position":4,"name":"Zimmerpflanzen","item":"https:\/\/kentis.com\/de\/produkt-kategorie\/pflanzen\/zimmerpflanzen\/"},{"@type":"ListItem","position":5,"name":"Roter Weihnachtsstern &#8211; Euphorbia Pulcherrima"}]},{"@type":"WebSite","@id":"https:\/\/kentis.com\/de\/#website","url":"https:\/\/kentis.com\/de\/","name":"Kentis","description":"Atelier del verde","publisher":{"@id":"https:\/\/kentis.com\/de\/#organization"},"potentialAction":[{"@type":"SearchAction","target":{"@type":"EntryPoint","urlTemplate":"https:\/\/kentis.com\/de\/?s={search_term_string}"},"query-input":{"@type":"PropertyValueSpecification","valueRequired":true,"valueName":"search_term_string"}}],"inLanguage":"de"},{"@type":"Organization","@id":"https:\/\/kentis.com\/de\/#organization","name":"Kentis","url":"https:\/\/kentis.com\/de\/","logo":{"@type":"ImageObject","inLanguage":"de","@id":"https:\/\/kentis.com\/de\/#\/schema\/logo\/image\/","url":"https:\/\/kentis.com\/wp-content\/uploads\/2021\/08\/logo-main.png","contentUrl":"https:\/\/kentis.com\/wp-content\/uploads\/2021\/08\/logo-main.png","width":800,"height":204,"caption":"Kentis"},"image":{"@id":"https:\/\/kentis.com\/de\/#\/schema\/logo\/image\/"},"sameAs":["https:\/\/www.facebook.com\/kentisgarden","https:\/\/www.instagram.com\/kentisgarden\/","https:\/\/it.pinterest.com\/kentisgarden","https:\/\/www.tiktok.com\/@kentis.com"]}]}},"_links":{"self":[{"href":"https:\/\/kentis.com\/de\/wp-json\/wp\/v2\/product\/30439","targetHints":{"allow":["GET"]}}],"collection":[{"href":"https:\/\/kentis.com\/de\/wp-json\/wp\/v2\/product"}],"about":[{"href":"https:\/\/kentis.com\/de\/wp-json\/wp\/v2\/types\/product"}],"wp:featuredmedia":[{"embeddable":true,"href":"https:\/\/kentis.com\/de\/wp-json\/wp\/v2\/media\/18507"}],"wp:attachment":[{"href":"https:\/\/kentis.com\/de\/wp-json\/wp\/v2\/media?parent=30439"}],"wp:term":[{"taxonomy":"product_cat","embeddable":true,"href":"https:\/\/kentis.com\/de\/wp-json\/wp\/v2\/product_cat?post=30439"},{"taxonomy":"product_tag","embeddable":true,"href":"https:\/\/kentis.com\/de\/wp-json\/wp\/v2\/product_tag?post=30439"}],"curies":[{"name":"wp","href":"https:\/\/api.w.org\/{rel}","templated":true}]}}