{"id":30330,"date":"2024-06-27T10:25:38","date_gmt":"2024-06-27T08:25:38","guid":{"rendered":"https:\/\/kentis.com\/negozio\/euonymus-japonicus\/"},"modified":"2024-11-22T11:08:39","modified_gmt":"2024-11-22T10:08:39","slug":"euonymus-japonicus","status":"publish","type":"product","link":"https:\/\/kentis.com\/de\/shop\/euonymus-japonicus\/","title":{"rendered":"Euonymus Japonicus"},"content":{"rendered":"<div class=\"fusion-fullwidth fullwidth-box fusion-builder-row-1 fusion-flex-container has-pattern-background has-mask-background nonhundred-percent-fullwidth non-hundred-percent-height-scrolling\" style=\"--awb-border-radius-top-left:0px;--awb-border-radius-top-right:0px;--awb-border-radius-bottom-right:0px;--awb-border-radius-bottom-left:0px;--awb-padding-top:0px;--awb-padding-right:0px;--awb-padding-bottom:0px;--awb-padding-left:0px;--awb-flex-wrap:wrap;\" ><div class=\"fusion-builder-row fusion-row fusion-flex-align-items-flex-start fusion-flex-content-wrap\" style=\"max-width:1248px;margin-left: calc(-4% \/ 2 );margin-right: calc(-4% \/ 2 );\"><div class=\"fusion-layout-column fusion_builder_column fusion-builder-column-0 fusion_builder_column_1_1 1_1 fusion-flex-column\" style=\"--awb-bg-size:cover;--awb-width-large:100%;--awb-margin-top-large:0px;--awb-spacing-right-large:1.92%;--awb-margin-bottom-large:0px;--awb-spacing-left-large:1.92%;--awb-width-medium:100%;--awb-spacing-right-medium:1.92%;--awb-spacing-left-medium:1.92%;--awb-width-small:100%;--awb-spacing-right-small:1.92%;--awb-spacing-left-small:1.92%;\"><div class=\"fusion-column-wrapper fusion-flex-justify-content-flex-start fusion-content-layout-column\"><div class=\"fusion-text fusion-text-1\"><p><b><strong>Euonymus japonicus <\/strong><\/b>ist ein<b><strong> immergr\u00fcner Strauch<\/strong><\/b>, der sich durch einen aufrechten Wuchs und eine besonders dichte Belaubung auszeichnet. Seine elliptischen Bl\u00e4tter haben eine gl\u00e4nzend gr\u00fcne Oberseite. Diese Zierpflanze wird vor allem zur Bildung von Hecken verwendet, da sie dichte, gleichm\u00e4\u00dfige Barrieren bildet. Im Sommer bildet der Japanische Evonymus <b><strong>gelb-gr\u00fcne Bl\u00fctenst\u00e4nde<\/strong><\/b>. Daraus entwickeln sich Fr\u00fcchte: Kapseln mit Samen, die von einem leuchtend roten Kern umh\u00fcllt sind und der Pflanze ein zus\u00e4tzliches dekoratives Element verleihen.<\/p>\n<\/div><\/div><\/div><\/div><\/div>\n","protected":false},"excerpt":{"rendered":"","protected":false},"featured_media":30285,"template":"","meta":{"_acf_changed":false},"product_cat":[532,531,577],"product_tag":[],"class_list":{"0":"post-30330","1":"product","2":"type-product","3":"status-publish","4":"has-post-thumbnail","6":"product_cat-heckenpflanzen","7":"product_cat-pflanzen-im-freien","8":"product_cat-straeucher","9":"product_shipping_class-evergreen-de","11":"first","12":"instock","13":"taxable","14":"shipping-taxable","15":"purchasable","16":"product-type-variable","17":"has-default-attributes"},"acf":[],"yoast_head":"<!-- This site is optimized with the Yoast SEO plugin v23.4 - https:\/\/yoast.com\/wordpress\/plugins\/seo\/ -->\n<title>Euonymus Japonicus - Heckenpflanzen f\u00fcr Garten - Kentis<\/title>\n<meta name=\"description\" content=\"Euonymus japonicus ist ein immergr\u00fcner Strauch, der sich durch einen aufrechten Wuchs und eine besonders dichte Belaubung auszeichnet.\" \/>\n<meta name=\"robots\" content=\"index, follow, max-snippet:-1, max-image-preview:large, max-video-preview:-1\" \/>\n<link rel=\"canonical\" href=\"https:\/\/kentis.com\/de\/shop\/euonymus-japonicus\/\" \/>\n<meta property=\"og:locale\" content=\"de_DE\" \/>\n<meta property=\"og:type\" content=\"article\" \/>\n<meta property=\"og:title\" content=\"Euonymus Japonicus - Heckenpflanzen f\u00fcr Garten - Kentis\" \/>\n<meta property=\"og:description\" content=\"Euonymus japonicus ist ein immergr\u00fcner Strauch, der sich durch einen aufrechten Wuchs und eine besonders dichte Belaubung auszeichnet.\" \/>\n<meta property=\"og:url\" content=\"https:\/\/kentis.com\/de\/shop\/euonymus-japonicus\/\" \/>\n<meta property=\"og:site_name\" content=\"Kentis\" \/>\n<meta property=\"article:publisher\" content=\"https:\/\/www.facebook.com\/kentisgarden\" \/>\n<meta property=\"article:modified_time\" content=\"2024-11-22T10:08:39+00:00\" \/>\n<meta property=\"og:image\" content=\"https:\/\/kentis.com\/wp-content\/uploads\/2024\/06\/Progetto-senza-titolo-1.png\" \/>\n\t<meta property=\"og:image:width\" content=\"1080\" \/>\n\t<meta property=\"og:image:height\" content=\"1080\" \/>\n\t<meta property=\"og:image:type\" content=\"image\/png\" \/>\n<meta name=\"twitter:card\" content=\"summary_large_image\" \/>\n<meta name=\"twitter:label1\" content=\"Gesch\u00e4tzte Lesezeit\" \/>\n\t<meta name=\"twitter:data1\" content=\"1\u00a0Minute\" \/>\n<script type=\"application\/ld+json\" class=\"yoast-schema-graph\">{\"@context\":\"https:\/\/schema.org\",\"@graph\":[{\"@type\":\"WebPage\",\"@id\":\"https:\/\/kentis.com\/de\/shop\/euonymus-japonicus\/\",\"url\":\"https:\/\/kentis.com\/de\/shop\/euonymus-japonicus\/\",\"name\":\"Euonymus Japonicus - Heckenpflanzen f\u00fcr Garten - Kentis\",\"isPartOf\":{\"@id\":\"https:\/\/kentis.com\/de\/#website\"},\"primaryImageOfPage\":{\"@id\":\"https:\/\/kentis.com\/de\/shop\/euonymus-japonicus\/#primaryimage\"},\"image\":{\"@id\":\"https:\/\/kentis.com\/de\/shop\/euonymus-japonicus\/#primaryimage\"},\"thumbnailUrl\":\"https:\/\/kentis.com\/wp-content\/uploads\/2024\/06\/Progetto-senza-titolo-1.png\",\"datePublished\":\"2024-06-27T08:25:38+00:00\",\"dateModified\":\"2024-11-22T10:08:39+00:00\",\"description\":\"Euonymus japonicus ist ein immergr\u00fcner Strauch, der sich durch einen aufrechten Wuchs und eine besonders dichte Belaubung auszeichnet.\",\"breadcrumb\":{\"@id\":\"https:\/\/kentis.com\/de\/shop\/euonymus-japonicus\/#breadcrumb\"},\"inLanguage\":\"de\",\"potentialAction\":[{\"@type\":\"ReadAction\",\"target\":[\"https:\/\/kentis.com\/de\/shop\/euonymus-japonicus\/\"]}]},{\"@type\":\"ImageObject\",\"inLanguage\":\"de\",\"@id\":\"https:\/\/kentis.com\/de\/shop\/euonymus-japonicus\/#primaryimage\",\"url\":\"https:\/\/kentis.com\/wp-content\/uploads\/2024\/06\/Progetto-senza-titolo-1.png\",\"contentUrl\":\"https:\/\/kentis.com\/wp-content\/uploads\/2024\/06\/Progetto-senza-titolo-1.png\",\"width\":1080,\"height\":1080},{\"@type\":\"BreadcrumbList\",\"@id\":\"https:\/\/kentis.com\/de\/shop\/euonymus-japonicus\/#breadcrumb\",\"itemListElement\":[{\"@type\":\"ListItem\",\"position\":1,\"name\":\"Home\",\"item\":\"https:\/\/kentis.com\/de\/\"},{\"@type\":\"ListItem\",\"position\":2,\"name\":\"Gesch\u00e4ft\",\"item\":\"https:\/\/kentis.com\/de\/shop\/\"},{\"@type\":\"ListItem\",\"position\":3,\"name\":\"Pflanzen\",\"item\":\"https:\/\/kentis.com\/de\/produkt-kategorie\/pflanzen\/\"},{\"@type\":\"ListItem\",\"position\":4,\"name\":\"Pflanzen im Freien\",\"item\":\"https:\/\/kentis.com\/de\/produkt-kategorie\/pflanzen\/pflanzen-im-freien\/\"},{\"@type\":\"ListItem\",\"position\":5,\"name\":\"Euonymus Japonicus\"}]},{\"@type\":\"WebSite\",\"@id\":\"https:\/\/kentis.com\/de\/#website\",\"url\":\"https:\/\/kentis.com\/de\/\",\"name\":\"Kentis\",\"description\":\"Atelier del verde\",\"publisher\":{\"@id\":\"https:\/\/kentis.com\/de\/#organization\"},\"potentialAction\":[{\"@type\":\"SearchAction\",\"target\":{\"@type\":\"EntryPoint\",\"urlTemplate\":\"https:\/\/kentis.com\/de\/?s={search_term_string}\"},\"query-input\":{\"@type\":\"PropertyValueSpecification\",\"valueRequired\":true,\"valueName\":\"search_term_string\"}}],\"inLanguage\":\"de\"},{\"@type\":\"Organization\",\"@id\":\"https:\/\/kentis.com\/de\/#organization\",\"name\":\"Kentis\",\"url\":\"https:\/\/kentis.com\/de\/\",\"logo\":{\"@type\":\"ImageObject\",\"inLanguage\":\"de\",\"@id\":\"https:\/\/kentis.com\/de\/#\/schema\/logo\/image\/\",\"url\":\"https:\/\/kentis.com\/wp-content\/uploads\/2021\/08\/logo-main.png\",\"contentUrl\":\"https:\/\/kentis.com\/wp-content\/uploads\/2021\/08\/logo-main.png\",\"width\":800,\"height\":204,\"caption\":\"Kentis\"},\"image\":{\"@id\":\"https:\/\/kentis.com\/de\/#\/schema\/logo\/image\/\"},\"sameAs\":[\"https:\/\/www.facebook.com\/kentisgarden\",\"https:\/\/www.instagram.com\/kentisgarden\/\",\"https:\/\/it.pinterest.com\/kentisgarden\",\"https:\/\/www.tiktok.com\/@kentis.com\"]}]}<\/script>\n<!-- \/ Yoast SEO plugin. -->","yoast_head_json":{"title":"Euonymus Japonicus - Heckenpflanzen f\u00fcr Garten - Kentis","description":"Euonymus japonicus ist ein immergr\u00fcner Strauch, der sich durch einen aufrechten Wuchs und eine besonders dichte Belaubung auszeichnet.","robots":{"index":"index","follow":"follow","max-snippet":"max-snippet:-1","max-image-preview":"max-image-preview:large","max-video-preview":"max-video-preview:-1"},"canonical":"https:\/\/kentis.com\/de\/shop\/euonymus-japonicus\/","og_locale":"de_DE","og_type":"article","og_title":"Euonymus Japonicus - Heckenpflanzen f\u00fcr Garten - Kentis","og_description":"Euonymus japonicus ist ein immergr\u00fcner Strauch, der sich durch einen aufrechten Wuchs und eine besonders dichte Belaubung auszeichnet.","og_url":"https:\/\/kentis.com\/de\/shop\/euonymus-japonicus\/","og_site_name":"Kentis","article_publisher":"https:\/\/www.facebook.com\/kentisgarden","article_modified_time":"2024-11-22T10:08:39+00:00","og_image":[{"width":1080,"height":1080,"url":"https:\/\/kentis.com\/wp-content\/uploads\/2024\/06\/Progetto-senza-titolo-1.png","type":"image\/png"}],"twitter_card":"summary_large_image","twitter_misc":{"Gesch\u00e4tzte Lesezeit":"1\u00a0Minute"},"schema":{"@context":"https:\/\/schema.org","@graph":[{"@type":"WebPage","@id":"https:\/\/kentis.com\/de\/shop\/euonymus-japonicus\/","url":"https:\/\/kentis.com\/de\/shop\/euonymus-japonicus\/","name":"Euonymus Japonicus - Heckenpflanzen f\u00fcr Garten - Kentis","isPartOf":{"@id":"https:\/\/kentis.com\/de\/#website"},"primaryImageOfPage":{"@id":"https:\/\/kentis.com\/de\/shop\/euonymus-japonicus\/#primaryimage"},"image":{"@id":"https:\/\/kentis.com\/de\/shop\/euonymus-japonicus\/#primaryimage"},"thumbnailUrl":"https:\/\/kentis.com\/wp-content\/uploads\/2024\/06\/Progetto-senza-titolo-1.png","datePublished":"2024-06-27T08:25:38+00:00","dateModified":"2024-11-22T10:08:39+00:00","description":"Euonymus japonicus ist ein immergr\u00fcner Strauch, der sich durch einen aufrechten Wuchs und eine besonders dichte Belaubung auszeichnet.","breadcrumb":{"@id":"https:\/\/kentis.com\/de\/shop\/euonymus-japonicus\/#breadcrumb"},"inLanguage":"de","potentialAction":[{"@type":"ReadAction","target":["https:\/\/kentis.com\/de\/shop\/euonymus-japonicus\/"]}]},{"@type":"ImageObject","inLanguage":"de","@id":"https:\/\/kentis.com\/de\/shop\/euonymus-japonicus\/#primaryimage","url":"https:\/\/kentis.com\/wp-content\/uploads\/2024\/06\/Progetto-senza-titolo-1.png","contentUrl":"https:\/\/kentis.com\/wp-content\/uploads\/2024\/06\/Progetto-senza-titolo-1.png","width":1080,"height":1080},{"@type":"BreadcrumbList","@id":"https:\/\/kentis.com\/de\/shop\/euonymus-japonicus\/#breadcrumb","itemListElement":[{"@type":"ListItem","position":1,"name":"Home","item":"https:\/\/kentis.com\/de\/"},{"@type":"ListItem","position":2,"name":"Gesch\u00e4ft","item":"https:\/\/kentis.com\/de\/shop\/"},{"@type":"ListItem","position":3,"name":"Pflanzen","item":"https:\/\/kentis.com\/de\/produkt-kategorie\/pflanzen\/"},{"@type":"ListItem","position":4,"name":"Pflanzen im Freien","item":"https:\/\/kentis.com\/de\/produkt-kategorie\/pflanzen\/pflanzen-im-freien\/"},{"@type":"ListItem","position":5,"name":"Euonymus Japonicus"}]},{"@type":"WebSite","@id":"https:\/\/kentis.com\/de\/#website","url":"https:\/\/kentis.com\/de\/","name":"Kentis","description":"Atelier del verde","publisher":{"@id":"https:\/\/kentis.com\/de\/#organization"},"potentialAction":[{"@type":"SearchAction","target":{"@type":"EntryPoint","urlTemplate":"https:\/\/kentis.com\/de\/?s={search_term_string}"},"query-input":{"@type":"PropertyValueSpecification","valueRequired":true,"valueName":"search_term_string"}}],"inLanguage":"de"},{"@type":"Organization","@id":"https:\/\/kentis.com\/de\/#organization","name":"Kentis","url":"https:\/\/kentis.com\/de\/","logo":{"@type":"ImageObject","inLanguage":"de","@id":"https:\/\/kentis.com\/de\/#\/schema\/logo\/image\/","url":"https:\/\/kentis.com\/wp-content\/uploads\/2021\/08\/logo-main.png","contentUrl":"https:\/\/kentis.com\/wp-content\/uploads\/2021\/08\/logo-main.png","width":800,"height":204,"caption":"Kentis"},"image":{"@id":"https:\/\/kentis.com\/de\/#\/schema\/logo\/image\/"},"sameAs":["https:\/\/www.facebook.com\/kentisgarden","https:\/\/www.instagram.com\/kentisgarden\/","https:\/\/it.pinterest.com\/kentisgarden","https:\/\/www.tiktok.com\/@kentis.com"]}]}},"_links":{"self":[{"href":"https:\/\/kentis.com\/de\/wp-json\/wp\/v2\/product\/30330","targetHints":{"allow":["GET"]}}],"collection":[{"href":"https:\/\/kentis.com\/de\/wp-json\/wp\/v2\/product"}],"about":[{"href":"https:\/\/kentis.com\/de\/wp-json\/wp\/v2\/types\/product"}],"wp:featuredmedia":[{"embeddable":true,"href":"https:\/\/kentis.com\/de\/wp-json\/wp\/v2\/media\/30285"}],"wp:attachment":[{"href":"https:\/\/kentis.com\/de\/wp-json\/wp\/v2\/media?parent=30330"}],"wp:term":[{"taxonomy":"product_cat","embeddable":true,"href":"https:\/\/kentis.com\/de\/wp-json\/wp\/v2\/product_cat?post=30330"},{"taxonomy":"product_tag","embeddable":true,"href":"https:\/\/kentis.com\/de\/wp-json\/wp\/v2\/product_tag?post=30330"}],"curies":[{"name":"wp","href":"https:\/\/api.w.org\/{rel}","templated":true}]}}