{"id":30217,"date":"2024-11-19T10:57:34","date_gmt":"2024-11-19T09:57:34","guid":{"rendered":"https:\/\/kentis.com\/negozio\/sarracenia-2\/"},"modified":"2024-11-19T11:47:42","modified_gmt":"2024-11-19T10:47:42","slug":"sarracenia-2","status":"publish","type":"product","link":"https:\/\/kentis.com\/de\/shop\/sarracenia-2\/","title":{"rendered":"Sarracenia"},"content":{"rendered":"<div class=\"fusion-fullwidth fullwidth-box fusion-builder-row-1 fusion-flex-container has-pattern-background has-mask-background nonhundred-percent-fullwidth non-hundred-percent-height-scrolling\" style=\"--awb-border-radius-top-left:0px;--awb-border-radius-top-right:0px;--awb-border-radius-bottom-right:0px;--awb-border-radius-bottom-left:0px;--awb-padding-top:0px;--awb-padding-right:0px;--awb-padding-bottom:0px;--awb-padding-left:0px;--awb-flex-wrap:wrap;\" ><div class=\"fusion-builder-row fusion-row fusion-flex-align-items-flex-start fusion-flex-content-wrap\" style=\"max-width:1248px;margin-left: calc(-4% \/ 2 );margin-right: calc(-4% \/ 2 );\"><div class=\"fusion-layout-column fusion_builder_column fusion-builder-column-0 fusion_builder_column_1_1 1_1 fusion-flex-column\" style=\"--awb-bg-size:cover;--awb-width-large:100%;--awb-margin-top-large:0px;--awb-spacing-right-large:1.92%;--awb-margin-bottom-large:0px;--awb-spacing-left-large:1.92%;--awb-width-medium:100%;--awb-spacing-right-medium:1.92%;--awb-spacing-left-medium:1.92%;--awb-width-small:100%;--awb-spacing-right-small:1.92%;--awb-spacing-left-small:1.92%;\"><div class=\"fusion-column-wrapper fusion-flex-justify-content-flex-start fusion-content-layout-column\"><div class=\"fusion-text fusion-text-1\"><p>\u00a0<\/p>\n<p><b><strong>Sarracenia<\/strong><\/b> ist eine <b><strong>fleischfressende, insektenfressende <\/strong><\/b>und <b><strong>immergr\u00fcne<\/strong><\/b> <b><strong>Pflanze <\/strong><\/b>mit einem aufrechten, stammlosen Wuchs. Ihre charakteristischen, trichter- oder kegelf\u00f6rmigen Bl\u00e4tter, die sogenannten Ascidien, sind sehr beliebt und in Farben von wei\u00df bis rot erh\u00e4ltlich. F\u00fcr Neugierige, die sich in die Welt der fleischfressenden Pflanzen wagen wollen, kann diese Pflanze ein guter Einstieg sein, da sie <b><strong>wenig Pflege<\/strong><\/b> ben\u00f6tigt <b><strong>.<\/strong><\/b><\/p>\n<p>Die H\u00f6he der Pflanze liegt zwischen 30 und 40 cm vom Topfboden aus.<\/p>\n<p>\u00a0<\/p>\n<\/div><\/div><\/div><\/div><\/div>\n","protected":false},"excerpt":{"rendered":"","protected":false},"featured_media":35646,"template":"","meta":{"_acf_changed":false},"product_cat":[685,485,465],"product_tag":[],"class_list":{"0":"post-30217","1":"product","2":"type-product","3":"status-publish","4":"has-post-thumbnail","6":"product_cat-haustierfreundlich","7":"product_cat-pflanzen-mit-wenig-pflege","8":"product_cat-zimmerpflanzen","9":"product_shipping_class-flora-de","11":"first","12":"instock","13":"taxable","14":"shipping-taxable","15":"purchasable","16":"product-type-variable","17":"has-default-attributes"},"acf":[],"yoast_head":"<!-- This site is optimized with the Yoast SEO plugin v23.4 - https:\/\/yoast.com\/wordpress\/plugins\/seo\/ -->\n<title>Sarracenia - Fleischfressende Pflanze Moskitoabwehr - Kentis<\/title>\n<meta name=\"description\" content=\"Sarracenia ist eine fleischfressende, insektenfressende und immergr\u00fcne Pflanze. Ihre trichterf\u00f6rmigen Bl\u00e4tter, Ascidien genannt, sind wei\u00df bis rot.\" \/>\n<meta name=\"robots\" content=\"index, follow, max-snippet:-1, max-image-preview:large, max-video-preview:-1\" \/>\n<link rel=\"canonical\" href=\"https:\/\/kentis.com\/de\/shop\/sarracenia-2\/\" \/>\n<meta property=\"og:locale\" content=\"de_DE\" \/>\n<meta property=\"og:type\" content=\"article\" \/>\n<meta property=\"og:title\" content=\"Sarracenia - Fleischfressende Pflanze Moskitoabwehr - Kentis\" \/>\n<meta property=\"og:description\" content=\"Sarracenia ist eine fleischfressende, insektenfressende und immergr\u00fcne Pflanze. Ihre trichterf\u00f6rmigen Bl\u00e4tter, Ascidien genannt, sind wei\u00df bis rot.\" \/>\n<meta property=\"og:url\" content=\"https:\/\/kentis.com\/de\/shop\/sarracenia-2\/\" \/>\n<meta property=\"og:site_name\" content=\"Kentis\" \/>\n<meta property=\"article:publisher\" content=\"https:\/\/www.facebook.com\/kentisgarden\" \/>\n<meta property=\"article:modified_time\" content=\"2024-11-19T10:47:42+00:00\" \/>\n<meta property=\"og:image\" content=\"https:\/\/kentis.com\/wp-content\/uploads\/2024\/09\/PTG-Sarracenia-v12-h30-35_elho-b-for-rock14ochre-scaled.jpg\" \/>\n\t<meta property=\"og:image:width\" content=\"2560\" \/>\n\t<meta property=\"og:image:height\" content=\"2560\" \/>\n\t<meta property=\"og:image:type\" content=\"image\/jpeg\" \/>\n<meta name=\"twitter:card\" content=\"summary_large_image\" \/>\n<meta name=\"twitter:label1\" content=\"Gesch\u00e4tzte Lesezeit\" \/>\n\t<meta name=\"twitter:data1\" content=\"1\u00a0Minute\" \/>\n<script type=\"application\/ld+json\" class=\"yoast-schema-graph\">{\"@context\":\"https:\/\/schema.org\",\"@graph\":[{\"@type\":\"WebPage\",\"@id\":\"https:\/\/kentis.com\/de\/shop\/sarracenia-2\/\",\"url\":\"https:\/\/kentis.com\/de\/shop\/sarracenia-2\/\",\"name\":\"Sarracenia - Fleischfressende Pflanze Moskitoabwehr - Kentis\",\"isPartOf\":{\"@id\":\"https:\/\/kentis.com\/de\/#website\"},\"primaryImageOfPage\":{\"@id\":\"https:\/\/kentis.com\/de\/shop\/sarracenia-2\/#primaryimage\"},\"image\":{\"@id\":\"https:\/\/kentis.com\/de\/shop\/sarracenia-2\/#primaryimage\"},\"thumbnailUrl\":\"https:\/\/kentis.com\/wp-content\/uploads\/2024\/09\/PTG-Sarracenia-v12-h30-35-vaso-panna.png\",\"datePublished\":\"2024-11-19T09:57:34+00:00\",\"dateModified\":\"2024-11-19T10:47:42+00:00\",\"description\":\"Sarracenia ist eine fleischfressende, insektenfressende und immergr\u00fcne Pflanze. Ihre trichterf\u00f6rmigen Bl\u00e4tter, Ascidien genannt, sind wei\u00df bis rot.\",\"breadcrumb\":{\"@id\":\"https:\/\/kentis.com\/de\/shop\/sarracenia-2\/#breadcrumb\"},\"inLanguage\":\"de\",\"potentialAction\":[{\"@type\":\"ReadAction\",\"target\":[\"https:\/\/kentis.com\/de\/shop\/sarracenia-2\/\"]}]},{\"@type\":\"ImageObject\",\"inLanguage\":\"de\",\"@id\":\"https:\/\/kentis.com\/de\/shop\/sarracenia-2\/#primaryimage\",\"url\":\"https:\/\/kentis.com\/wp-content\/uploads\/2024\/09\/PTG-Sarracenia-v12-h30-35-vaso-panna.png\",\"contentUrl\":\"https:\/\/kentis.com\/wp-content\/uploads\/2024\/09\/PTG-Sarracenia-v12-h30-35-vaso-panna.png\",\"width\":1500,\"height\":1500},{\"@type\":\"BreadcrumbList\",\"@id\":\"https:\/\/kentis.com\/de\/shop\/sarracenia-2\/#breadcrumb\",\"itemListElement\":[{\"@type\":\"ListItem\",\"position\":1,\"name\":\"Home\",\"item\":\"https:\/\/kentis.com\/de\/\"},{\"@type\":\"ListItem\",\"position\":2,\"name\":\"Gesch\u00e4ft\",\"item\":\"https:\/\/kentis.com\/de\/shop\/\"},{\"@type\":\"ListItem\",\"position\":3,\"name\":\"Pflanzen\",\"item\":\"https:\/\/kentis.com\/de\/produkt-kategorie\/pflanzen\/\"},{\"@type\":\"ListItem\",\"position\":4,\"name\":\"Zimmerpflanzen\",\"item\":\"https:\/\/kentis.com\/de\/produkt-kategorie\/pflanzen\/zimmerpflanzen\/\"},{\"@type\":\"ListItem\",\"position\":5,\"name\":\"Sarracenia\"}]},{\"@type\":\"WebSite\",\"@id\":\"https:\/\/kentis.com\/de\/#website\",\"url\":\"https:\/\/kentis.com\/de\/\",\"name\":\"Kentis\",\"description\":\"Atelier del verde\",\"publisher\":{\"@id\":\"https:\/\/kentis.com\/de\/#organization\"},\"potentialAction\":[{\"@type\":\"SearchAction\",\"target\":{\"@type\":\"EntryPoint\",\"urlTemplate\":\"https:\/\/kentis.com\/de\/?s={search_term_string}\"},\"query-input\":{\"@type\":\"PropertyValueSpecification\",\"valueRequired\":true,\"valueName\":\"search_term_string\"}}],\"inLanguage\":\"de\"},{\"@type\":\"Organization\",\"@id\":\"https:\/\/kentis.com\/de\/#organization\",\"name\":\"Kentis\",\"url\":\"https:\/\/kentis.com\/de\/\",\"logo\":{\"@type\":\"ImageObject\",\"inLanguage\":\"de\",\"@id\":\"https:\/\/kentis.com\/de\/#\/schema\/logo\/image\/\",\"url\":\"https:\/\/kentis.com\/wp-content\/uploads\/2021\/08\/logo-main.png\",\"contentUrl\":\"https:\/\/kentis.com\/wp-content\/uploads\/2021\/08\/logo-main.png\",\"width\":800,\"height\":204,\"caption\":\"Kentis\"},\"image\":{\"@id\":\"https:\/\/kentis.com\/de\/#\/schema\/logo\/image\/\"},\"sameAs\":[\"https:\/\/www.facebook.com\/kentisgarden\",\"https:\/\/www.instagram.com\/kentisgarden\/\",\"https:\/\/it.pinterest.com\/kentisgarden\",\"https:\/\/www.tiktok.com\/@kentis.com\"]}]}<\/script>\n<!-- \/ Yoast SEO plugin. -->","yoast_head_json":{"title":"Sarracenia - Fleischfressende Pflanze Moskitoabwehr - Kentis","description":"Sarracenia ist eine fleischfressende, insektenfressende und immergr\u00fcne Pflanze. Ihre trichterf\u00f6rmigen Bl\u00e4tter, Ascidien genannt, sind wei\u00df bis rot.","robots":{"index":"index","follow":"follow","max-snippet":"max-snippet:-1","max-image-preview":"max-image-preview:large","max-video-preview":"max-video-preview:-1"},"canonical":"https:\/\/kentis.com\/de\/shop\/sarracenia-2\/","og_locale":"de_DE","og_type":"article","og_title":"Sarracenia - Fleischfressende Pflanze Moskitoabwehr - Kentis","og_description":"Sarracenia ist eine fleischfressende, insektenfressende und immergr\u00fcne Pflanze. Ihre trichterf\u00f6rmigen Bl\u00e4tter, Ascidien genannt, sind wei\u00df bis rot.","og_url":"https:\/\/kentis.com\/de\/shop\/sarracenia-2\/","og_site_name":"Kentis","article_publisher":"https:\/\/www.facebook.com\/kentisgarden","article_modified_time":"2024-11-19T10:47:42+00:00","og_image":[{"width":2560,"height":2560,"url":"https:\/\/kentis.com\/wp-content\/uploads\/2024\/09\/PTG-Sarracenia-v12-h30-35_elho-b-for-rock14ochre-scaled.jpg","type":"image\/jpeg"}],"twitter_card":"summary_large_image","twitter_misc":{"Gesch\u00e4tzte Lesezeit":"1\u00a0Minute"},"schema":{"@context":"https:\/\/schema.org","@graph":[{"@type":"WebPage","@id":"https:\/\/kentis.com\/de\/shop\/sarracenia-2\/","url":"https:\/\/kentis.com\/de\/shop\/sarracenia-2\/","name":"Sarracenia - Fleischfressende Pflanze Moskitoabwehr - Kentis","isPartOf":{"@id":"https:\/\/kentis.com\/de\/#website"},"primaryImageOfPage":{"@id":"https:\/\/kentis.com\/de\/shop\/sarracenia-2\/#primaryimage"},"image":{"@id":"https:\/\/kentis.com\/de\/shop\/sarracenia-2\/#primaryimage"},"thumbnailUrl":"https:\/\/kentis.com\/wp-content\/uploads\/2024\/09\/PTG-Sarracenia-v12-h30-35-vaso-panna.png","datePublished":"2024-11-19T09:57:34+00:00","dateModified":"2024-11-19T10:47:42+00:00","description":"Sarracenia ist eine fleischfressende, insektenfressende und immergr\u00fcne Pflanze. Ihre trichterf\u00f6rmigen Bl\u00e4tter, Ascidien genannt, sind wei\u00df bis rot.","breadcrumb":{"@id":"https:\/\/kentis.com\/de\/shop\/sarracenia-2\/#breadcrumb"},"inLanguage":"de","potentialAction":[{"@type":"ReadAction","target":["https:\/\/kentis.com\/de\/shop\/sarracenia-2\/"]}]},{"@type":"ImageObject","inLanguage":"de","@id":"https:\/\/kentis.com\/de\/shop\/sarracenia-2\/#primaryimage","url":"https:\/\/kentis.com\/wp-content\/uploads\/2024\/09\/PTG-Sarracenia-v12-h30-35-vaso-panna.png","contentUrl":"https:\/\/kentis.com\/wp-content\/uploads\/2024\/09\/PTG-Sarracenia-v12-h30-35-vaso-panna.png","width":1500,"height":1500},{"@type":"BreadcrumbList","@id":"https:\/\/kentis.com\/de\/shop\/sarracenia-2\/#breadcrumb","itemListElement":[{"@type":"ListItem","position":1,"name":"Home","item":"https:\/\/kentis.com\/de\/"},{"@type":"ListItem","position":2,"name":"Gesch\u00e4ft","item":"https:\/\/kentis.com\/de\/shop\/"},{"@type":"ListItem","position":3,"name":"Pflanzen","item":"https:\/\/kentis.com\/de\/produkt-kategorie\/pflanzen\/"},{"@type":"ListItem","position":4,"name":"Zimmerpflanzen","item":"https:\/\/kentis.com\/de\/produkt-kategorie\/pflanzen\/zimmerpflanzen\/"},{"@type":"ListItem","position":5,"name":"Sarracenia"}]},{"@type":"WebSite","@id":"https:\/\/kentis.com\/de\/#website","url":"https:\/\/kentis.com\/de\/","name":"Kentis","description":"Atelier del verde","publisher":{"@id":"https:\/\/kentis.com\/de\/#organization"},"potentialAction":[{"@type":"SearchAction","target":{"@type":"EntryPoint","urlTemplate":"https:\/\/kentis.com\/de\/?s={search_term_string}"},"query-input":{"@type":"PropertyValueSpecification","valueRequired":true,"valueName":"search_term_string"}}],"inLanguage":"de"},{"@type":"Organization","@id":"https:\/\/kentis.com\/de\/#organization","name":"Kentis","url":"https:\/\/kentis.com\/de\/","logo":{"@type":"ImageObject","inLanguage":"de","@id":"https:\/\/kentis.com\/de\/#\/schema\/logo\/image\/","url":"https:\/\/kentis.com\/wp-content\/uploads\/2021\/08\/logo-main.png","contentUrl":"https:\/\/kentis.com\/wp-content\/uploads\/2021\/08\/logo-main.png","width":800,"height":204,"caption":"Kentis"},"image":{"@id":"https:\/\/kentis.com\/de\/#\/schema\/logo\/image\/"},"sameAs":["https:\/\/www.facebook.com\/kentisgarden","https:\/\/www.instagram.com\/kentisgarden\/","https:\/\/it.pinterest.com\/kentisgarden","https:\/\/www.tiktok.com\/@kentis.com"]}]}},"_links":{"self":[{"href":"https:\/\/kentis.com\/de\/wp-json\/wp\/v2\/product\/30217","targetHints":{"allow":["GET"]}}],"collection":[{"href":"https:\/\/kentis.com\/de\/wp-json\/wp\/v2\/product"}],"about":[{"href":"https:\/\/kentis.com\/de\/wp-json\/wp\/v2\/types\/product"}],"wp:featuredmedia":[{"embeddable":true,"href":"https:\/\/kentis.com\/de\/wp-json\/wp\/v2\/media\/35646"}],"wp:attachment":[{"href":"https:\/\/kentis.com\/de\/wp-json\/wp\/v2\/media?parent=30217"}],"wp:term":[{"taxonomy":"product_cat","embeddable":true,"href":"https:\/\/kentis.com\/de\/wp-json\/wp\/v2\/product_cat?post=30217"},{"taxonomy":"product_tag","embeddable":true,"href":"https:\/\/kentis.com\/de\/wp-json\/wp\/v2\/product_tag?post=30217"}],"curies":[{"name":"wp","href":"https:\/\/api.w.org\/{rel}","templated":true}]}}