{"id":25846,"date":"2021-08-03T14:57:17","date_gmt":"2021-08-03T12:57:17","guid":{"rendered":"https:\/\/kentis.com\/negozio\/sansevieria-trifasciata-laurentii\/"},"modified":"2024-11-20T12:12:41","modified_gmt":"2024-11-20T11:12:41","slug":"sansevieria-trifasciata-laurentii","status":"publish","type":"product","link":"https:\/\/kentis.com\/de\/shop\/sansevieria-trifasciata-laurentii\/","title":{"rendered":"Sansevieria Trifasciata Laurentii"},"content":{"rendered":"<div class=\"fusion-fullwidth fullwidth-box fusion-builder-row-1 fusion-flex-container nonhundred-percent-fullwidth non-hundred-percent-height-scrolling\" style=\"--awb-border-radius-top-left:0px;--awb-border-radius-top-right:0px;--awb-border-radius-bottom-right:0px;--awb-border-radius-bottom-left:0px;--awb-flex-wrap:wrap;\" ><div class=\"fusion-builder-row fusion-row fusion-flex-align-items-flex-start fusion-flex-content-wrap\" style=\"max-width:1248px;margin-left: calc(-4% \/ 2 );margin-right: calc(-4% \/ 2 );\"><div class=\"fusion-layout-column fusion_builder_column fusion-builder-column-0 fusion_builder_column_1_1 1_1 fusion-flex-column\" style=\"--awb-bg-size:cover;--awb-width-large:100%;--awb-margin-top-large:0px;--awb-spacing-right-large:1.92%;--awb-margin-bottom-large:0px;--awb-spacing-left-large:1.92%;--awb-width-medium:100%;--awb-spacing-right-medium:1.92%;--awb-spacing-left-medium:1.92%;--awb-width-small:100%;--awb-spacing-right-small:1.92%;--awb-spacing-left-small:1.92%;\"><div class=\"fusion-column-wrapper fusion-flex-justify-content-flex-start fusion-content-layout-column\"><div class=\"fusion-text fusion-text-1\"><p><strong>Sansevieria Trifasciata Laurentii<\/strong>, auch bekannt als <strong>&#8220;Schwiegermutterzunge&#8221;<\/strong>, ist eine der am einfachsten zu kultivierenden Zimmerpflanzen und selbst f\u00fcr den schw\u00e4rzesten Daumen ideal. Diese immergr\u00fcne Sukkulente passt sich perfekt an alle Lichtverh\u00e4ltnisse an und \u00fcbersteht auch l\u00e4ngere Zeitr\u00e4ume ohne Wasser, was sie fast <strong>unsterblich macht<\/strong>. Au\u00dferdem geh\u00f6rt die Sanseveria Laurentii nach Untersuchungen der NASA zu den <strong>besten Pflanzen f\u00fcr die Luftreinigung<\/strong> und tr\u00e4gt zur Verbesserung der Umweltqualit\u00e4t bei.<\/p>\n<p>Die H\u00f6he der Pflanze vom Boden des Topfes aus betr\u00e4gt zwischen 50 und 60 cm.<\/p>\n<\/div><\/div><\/div><\/div><\/div>\n","protected":false},"excerpt":{"rendered":"","protected":false},"featured_media":17552,"template":"","meta":{"_acf_changed":false},"product_cat":[516,541,485,495,486],"product_tag":[827],"class_list":{"0":"post-25846","1":"product","2":"type-product","3":"status-publish","4":"has-post-thumbnail","6":"product_cat-fuer-ihn","7":"product_cat-kaktus-sukkulenten","8":"product_cat-pflanzen-mit-wenig-pflege","9":"product_cat-pflanzen-fuer-wenig-licht","10":"product_cat-reinigt-die-luft","11":"product_tag-bestseller-2","12":"product_shipping_class-flora-de","13":"pa_ambienti-bad","14":"pa_ambienti-buero-intelligentes-arbeiten","15":"pa_ambienti-kueche","16":"pa_ambienti-schlafzimmer","18":"first","19":"instock","20":"taxable","21":"shipping-taxable","22":"purchasable","23":"product-type-variable","24":"has-default-attributes"},"acf":[],"yoast_head":"<!-- This site is optimized with the Yoast SEO plugin v23.4 - https:\/\/yoast.com\/wordpress\/plugins\/seo\/ -->\n<title>Sansevieria Trifasciata Laurentii - Winterharte Zimmerpflanzen | Kentis<\/title>\n<meta name=\"description\" content=\"Sansevieria Trifasciata Laurentii, auch &#039;Schwiegermutterzunge&#039; genannt, ist eine der trendigsten luftreinigenden Zimmerpflanzen.\" \/>\n<meta name=\"robots\" content=\"index, follow, max-snippet:-1, max-image-preview:large, max-video-preview:-1\" \/>\n<link rel=\"canonical\" href=\"https:\/\/kentis.com\/de\/shop\/sansevieria-trifasciata-laurentii\/\" \/>\n<meta property=\"og:locale\" content=\"de_DE\" \/>\n<meta property=\"og:type\" content=\"article\" \/>\n<meta property=\"og:title\" content=\"Sansevieria Trifasciata Laurentii - Winterharte Zimmerpflanzen | Kentis\" \/>\n<meta property=\"og:description\" content=\"Sansevieria Trifasciata Laurentii, auch &#039;Schwiegermutterzunge&#039; genannt, ist eine der trendigsten luftreinigenden Zimmerpflanzen.\" \/>\n<meta property=\"og:url\" content=\"https:\/\/kentis.com\/de\/shop\/sansevieria-trifasciata-laurentii\/\" \/>\n<meta property=\"og:site_name\" content=\"Kentis\" \/>\n<meta property=\"article:publisher\" content=\"https:\/\/www.facebook.com\/kentisgarden\" \/>\n<meta property=\"article:modified_time\" content=\"2024-11-20T11:12:41+00:00\" \/>\n<meta property=\"og:image\" content=\"https:\/\/kentis.com\/wp-content\/uploads\/2021\/08\/PTG-Sansevieria-Laurentii-v17-h85-95_878-19-elna-scaled.jpg\" \/>\n\t<meta property=\"og:image:width\" content=\"2560\" \/>\n\t<meta property=\"og:image:height\" content=\"2560\" \/>\n\t<meta property=\"og:image:type\" content=\"image\/jpeg\" \/>\n<meta name=\"twitter:card\" content=\"summary_large_image\" \/>\n<meta name=\"twitter:label1\" content=\"Gesch\u00e4tzte Lesezeit\" \/>\n\t<meta name=\"twitter:data1\" content=\"1\u00a0Minute\" \/>\n<script type=\"application\/ld+json\" class=\"yoast-schema-graph\">{\"@context\":\"https:\/\/schema.org\",\"@graph\":[{\"@type\":\"WebPage\",\"@id\":\"https:\/\/kentis.com\/de\/shop\/sansevieria-trifasciata-laurentii\/\",\"url\":\"https:\/\/kentis.com\/de\/shop\/sansevieria-trifasciata-laurentii\/\",\"name\":\"Sansevieria Trifasciata Laurentii - Winterharte Zimmerpflanzen | Kentis\",\"isPartOf\":{\"@id\":\"https:\/\/kentis.com\/de\/#website\"},\"primaryImageOfPage\":{\"@id\":\"https:\/\/kentis.com\/de\/shop\/sansevieria-trifasciata-laurentii\/#primaryimage\"},\"image\":{\"@id\":\"https:\/\/kentis.com\/de\/shop\/sansevieria-trifasciata-laurentii\/#primaryimage\"},\"thumbnailUrl\":\"https:\/\/kentis.com\/wp-content\/uploads\/2021\/08\/PTG-Sansevieria-Laurentii-v17-h85-95_878-19-elna-scaled.jpg\",\"datePublished\":\"2021-08-03T12:57:17+00:00\",\"dateModified\":\"2024-11-20T11:12:41+00:00\",\"description\":\"Sansevieria Trifasciata Laurentii, auch 'Schwiegermutterzunge' genannt, ist eine der trendigsten luftreinigenden Zimmerpflanzen.\",\"breadcrumb\":{\"@id\":\"https:\/\/kentis.com\/de\/shop\/sansevieria-trifasciata-laurentii\/#breadcrumb\"},\"inLanguage\":\"de\",\"potentialAction\":[{\"@type\":\"ReadAction\",\"target\":[\"https:\/\/kentis.com\/de\/shop\/sansevieria-trifasciata-laurentii\/\"]}]},{\"@type\":\"ImageObject\",\"inLanguage\":\"de\",\"@id\":\"https:\/\/kentis.com\/de\/shop\/sansevieria-trifasciata-laurentii\/#primaryimage\",\"url\":\"https:\/\/kentis.com\/wp-content\/uploads\/2021\/08\/PTG-Sansevieria-Laurentii-v17-h85-95_878-19-elna-scaled.jpg\",\"contentUrl\":\"https:\/\/kentis.com\/wp-content\/uploads\/2021\/08\/PTG-Sansevieria-Laurentii-v17-h85-95_878-19-elna-scaled.jpg\",\"width\":2560,\"height\":2560},{\"@type\":\"BreadcrumbList\",\"@id\":\"https:\/\/kentis.com\/de\/shop\/sansevieria-trifasciata-laurentii\/#breadcrumb\",\"itemListElement\":[{\"@type\":\"ListItem\",\"position\":1,\"name\":\"Home\",\"item\":\"https:\/\/kentis.com\/de\/\"},{\"@type\":\"ListItem\",\"position\":2,\"name\":\"Gesch\u00e4ft\",\"item\":\"https:\/\/kentis.com\/de\/shop\/\"},{\"@type\":\"ListItem\",\"position\":3,\"name\":\"Pflanzen\",\"item\":\"https:\/\/kentis.com\/de\/produkt-kategorie\/pflanzen\/\"},{\"@type\":\"ListItem\",\"position\":4,\"name\":\"Zimmerpflanzen\",\"item\":\"https:\/\/kentis.com\/de\/produkt-kategorie\/pflanzen\/zimmerpflanzen\/\"},{\"@type\":\"ListItem\",\"position\":5,\"name\":\"Pflanzen f\u00fcr wenig Licht\",\"item\":\"https:\/\/kentis.com\/de\/produkt-kategorie\/pflanzen\/zimmerpflanzen\/pflanzen-fuer-wenig-licht\/\"},{\"@type\":\"ListItem\",\"position\":6,\"name\":\"Sansevieria Trifasciata Laurentii\"}]},{\"@type\":\"WebSite\",\"@id\":\"https:\/\/kentis.com\/de\/#website\",\"url\":\"https:\/\/kentis.com\/de\/\",\"name\":\"Kentis\",\"description\":\"Atelier del verde\",\"publisher\":{\"@id\":\"https:\/\/kentis.com\/de\/#organization\"},\"potentialAction\":[{\"@type\":\"SearchAction\",\"target\":{\"@type\":\"EntryPoint\",\"urlTemplate\":\"https:\/\/kentis.com\/de\/?s={search_term_string}\"},\"query-input\":{\"@type\":\"PropertyValueSpecification\",\"valueRequired\":true,\"valueName\":\"search_term_string\"}}],\"inLanguage\":\"de\"},{\"@type\":\"Organization\",\"@id\":\"https:\/\/kentis.com\/de\/#organization\",\"name\":\"Kentis\",\"url\":\"https:\/\/kentis.com\/de\/\",\"logo\":{\"@type\":\"ImageObject\",\"inLanguage\":\"de\",\"@id\":\"https:\/\/kentis.com\/de\/#\/schema\/logo\/image\/\",\"url\":\"https:\/\/kentis.com\/wp-content\/uploads\/2021\/08\/logo-main.png\",\"contentUrl\":\"https:\/\/kentis.com\/wp-content\/uploads\/2021\/08\/logo-main.png\",\"width\":800,\"height\":204,\"caption\":\"Kentis\"},\"image\":{\"@id\":\"https:\/\/kentis.com\/de\/#\/schema\/logo\/image\/\"},\"sameAs\":[\"https:\/\/www.facebook.com\/kentisgarden\",\"https:\/\/www.instagram.com\/kentisgarden\/\",\"https:\/\/it.pinterest.com\/kentisgarden\",\"https:\/\/www.tiktok.com\/@kentis.com\"]}]}<\/script>\n<!-- \/ Yoast SEO plugin. -->","yoast_head_json":{"title":"Sansevieria Trifasciata Laurentii - Winterharte Zimmerpflanzen | Kentis","description":"Sansevieria Trifasciata Laurentii, auch 'Schwiegermutterzunge' genannt, ist eine der trendigsten luftreinigenden Zimmerpflanzen.","robots":{"index":"index","follow":"follow","max-snippet":"max-snippet:-1","max-image-preview":"max-image-preview:large","max-video-preview":"max-video-preview:-1"},"canonical":"https:\/\/kentis.com\/de\/shop\/sansevieria-trifasciata-laurentii\/","og_locale":"de_DE","og_type":"article","og_title":"Sansevieria Trifasciata Laurentii - Winterharte Zimmerpflanzen | Kentis","og_description":"Sansevieria Trifasciata Laurentii, auch 'Schwiegermutterzunge' genannt, ist eine der trendigsten luftreinigenden Zimmerpflanzen.","og_url":"https:\/\/kentis.com\/de\/shop\/sansevieria-trifasciata-laurentii\/","og_site_name":"Kentis","article_publisher":"https:\/\/www.facebook.com\/kentisgarden","article_modified_time":"2024-11-20T11:12:41+00:00","og_image":[{"width":2560,"height":2560,"url":"https:\/\/kentis.com\/wp-content\/uploads\/2021\/08\/PTG-Sansevieria-Laurentii-v17-h85-95_878-19-elna-scaled.jpg","type":"image\/jpeg"}],"twitter_card":"summary_large_image","twitter_misc":{"Gesch\u00e4tzte Lesezeit":"1\u00a0Minute"},"schema":{"@context":"https:\/\/schema.org","@graph":[{"@type":"WebPage","@id":"https:\/\/kentis.com\/de\/shop\/sansevieria-trifasciata-laurentii\/","url":"https:\/\/kentis.com\/de\/shop\/sansevieria-trifasciata-laurentii\/","name":"Sansevieria Trifasciata Laurentii - Winterharte Zimmerpflanzen | Kentis","isPartOf":{"@id":"https:\/\/kentis.com\/de\/#website"},"primaryImageOfPage":{"@id":"https:\/\/kentis.com\/de\/shop\/sansevieria-trifasciata-laurentii\/#primaryimage"},"image":{"@id":"https:\/\/kentis.com\/de\/shop\/sansevieria-trifasciata-laurentii\/#primaryimage"},"thumbnailUrl":"https:\/\/kentis.com\/wp-content\/uploads\/2021\/08\/PTG-Sansevieria-Laurentii-v17-h85-95_878-19-elna-scaled.jpg","datePublished":"2021-08-03T12:57:17+00:00","dateModified":"2024-11-20T11:12:41+00:00","description":"Sansevieria Trifasciata Laurentii, auch 'Schwiegermutterzunge' genannt, ist eine der trendigsten luftreinigenden Zimmerpflanzen.","breadcrumb":{"@id":"https:\/\/kentis.com\/de\/shop\/sansevieria-trifasciata-laurentii\/#breadcrumb"},"inLanguage":"de","potentialAction":[{"@type":"ReadAction","target":["https:\/\/kentis.com\/de\/shop\/sansevieria-trifasciata-laurentii\/"]}]},{"@type":"ImageObject","inLanguage":"de","@id":"https:\/\/kentis.com\/de\/shop\/sansevieria-trifasciata-laurentii\/#primaryimage","url":"https:\/\/kentis.com\/wp-content\/uploads\/2021\/08\/PTG-Sansevieria-Laurentii-v17-h85-95_878-19-elna-scaled.jpg","contentUrl":"https:\/\/kentis.com\/wp-content\/uploads\/2021\/08\/PTG-Sansevieria-Laurentii-v17-h85-95_878-19-elna-scaled.jpg","width":2560,"height":2560},{"@type":"BreadcrumbList","@id":"https:\/\/kentis.com\/de\/shop\/sansevieria-trifasciata-laurentii\/#breadcrumb","itemListElement":[{"@type":"ListItem","position":1,"name":"Home","item":"https:\/\/kentis.com\/de\/"},{"@type":"ListItem","position":2,"name":"Gesch\u00e4ft","item":"https:\/\/kentis.com\/de\/shop\/"},{"@type":"ListItem","position":3,"name":"Pflanzen","item":"https:\/\/kentis.com\/de\/produkt-kategorie\/pflanzen\/"},{"@type":"ListItem","position":4,"name":"Zimmerpflanzen","item":"https:\/\/kentis.com\/de\/produkt-kategorie\/pflanzen\/zimmerpflanzen\/"},{"@type":"ListItem","position":5,"name":"Pflanzen f\u00fcr wenig Licht","item":"https:\/\/kentis.com\/de\/produkt-kategorie\/pflanzen\/zimmerpflanzen\/pflanzen-fuer-wenig-licht\/"},{"@type":"ListItem","position":6,"name":"Sansevieria Trifasciata Laurentii"}]},{"@type":"WebSite","@id":"https:\/\/kentis.com\/de\/#website","url":"https:\/\/kentis.com\/de\/","name":"Kentis","description":"Atelier del verde","publisher":{"@id":"https:\/\/kentis.com\/de\/#organization"},"potentialAction":[{"@type":"SearchAction","target":{"@type":"EntryPoint","urlTemplate":"https:\/\/kentis.com\/de\/?s={search_term_string}"},"query-input":{"@type":"PropertyValueSpecification","valueRequired":true,"valueName":"search_term_string"}}],"inLanguage":"de"},{"@type":"Organization","@id":"https:\/\/kentis.com\/de\/#organization","name":"Kentis","url":"https:\/\/kentis.com\/de\/","logo":{"@type":"ImageObject","inLanguage":"de","@id":"https:\/\/kentis.com\/de\/#\/schema\/logo\/image\/","url":"https:\/\/kentis.com\/wp-content\/uploads\/2021\/08\/logo-main.png","contentUrl":"https:\/\/kentis.com\/wp-content\/uploads\/2021\/08\/logo-main.png","width":800,"height":204,"caption":"Kentis"},"image":{"@id":"https:\/\/kentis.com\/de\/#\/schema\/logo\/image\/"},"sameAs":["https:\/\/www.facebook.com\/kentisgarden","https:\/\/www.instagram.com\/kentisgarden\/","https:\/\/it.pinterest.com\/kentisgarden","https:\/\/www.tiktok.com\/@kentis.com"]}]}},"_links":{"self":[{"href":"https:\/\/kentis.com\/de\/wp-json\/wp\/v2\/product\/25846","targetHints":{"allow":["GET"]}}],"collection":[{"href":"https:\/\/kentis.com\/de\/wp-json\/wp\/v2\/product"}],"about":[{"href":"https:\/\/kentis.com\/de\/wp-json\/wp\/v2\/types\/product"}],"wp:featuredmedia":[{"embeddable":true,"href":"https:\/\/kentis.com\/de\/wp-json\/wp\/v2\/media\/17552"}],"wp:attachment":[{"href":"https:\/\/kentis.com\/de\/wp-json\/wp\/v2\/media?parent=25846"}],"wp:term":[{"taxonomy":"product_cat","embeddable":true,"href":"https:\/\/kentis.com\/de\/wp-json\/wp\/v2\/product_cat?post=25846"},{"taxonomy":"product_tag","embeddable":true,"href":"https:\/\/kentis.com\/de\/wp-json\/wp\/v2\/product_tag?post=25846"}],"curies":[{"name":"wp","href":"https:\/\/api.w.org\/{rel}","templated":true}]}}