{"id":25818,"date":"2021-08-04T15:29:32","date_gmt":"2021-08-04T13:29:32","guid":{"rendered":"https:\/\/kentis.com\/negozio\/howea-forsteriana-kentia\/"},"modified":"2024-11-20T12:22:56","modified_gmt":"2024-11-20T11:22:56","slug":"howea-forsteriana-kentia","status":"publish","type":"product","link":"https:\/\/kentis.com\/de\/shop\/howea-forsteriana-kentia\/","title":{"rendered":"Howea Forsteriana Kentia"},"content":{"rendered":"<div class=\"fusion-fullwidth fullwidth-box fusion-builder-row-1 fusion-flex-container nonhundred-percent-fullwidth non-hundred-percent-height-scrolling\" style=\"--awb-border-radius-top-left:0px;--awb-border-radius-top-right:0px;--awb-border-radius-bottom-right:0px;--awb-border-radius-bottom-left:0px;--awb-flex-wrap:wrap;\" ><div class=\"fusion-builder-row fusion-row fusion-flex-align-items-flex-start fusion-flex-content-wrap\" style=\"max-width:1248px;margin-left: calc(-4% \/ 2 );margin-right: calc(-4% \/ 2 );\"><div class=\"fusion-layout-column fusion_builder_column fusion-builder-column-0 fusion_builder_column_1_1 1_1 fusion-flex-column\" style=\"--awb-bg-size:cover;--awb-width-large:100%;--awb-margin-top-large:0px;--awb-spacing-right-large:1.92%;--awb-margin-bottom-large:0px;--awb-spacing-left-large:1.92%;--awb-width-medium:100%;--awb-spacing-right-medium:1.92%;--awb-spacing-left-medium:1.92%;--awb-width-small:100%;--awb-spacing-right-small:1.92%;--awb-spacing-left-small:1.92%;\"><div class=\"fusion-column-wrapper fusion-flex-justify-content-flex-start fusion-content-layout-column\"><div class=\"fusion-text fusion-text-1\"><p>Die Howea Forsteriana Kentia oder Kenzia ist eine der beliebtesten Zierpflanzen f\u00fcr den Innenbereich und wurde durch ihre h\u00e4ufigen Auftritte in amerikanischen Filmen so ber\u00fchmt, dass sie den Spitznamen \u201eHollywood-Palme\u201c erhalten hat. Ein ber\u00fchmtes Beispiel ist der Film Titanic, in dem sie wahrscheinlich die am h\u00e4ufigsten verwendete Pflanze zur Dekoration des ber\u00fchmten Schiffes ist. Die immergr\u00fcne und pflegeleichte Kentia ist au\u00dferdem haustierfreundlich, d. h. sie ist f\u00fcr Haustiere ungef\u00e4hrlich, falls diese sie verschlucken. Neben ihrer Sch\u00f6nheit bietet diese Zimmerpflanze auch gesundheitliche Vorteile, denn sie ist eine der besten Pflanzen zur Reinigung der Luft und zur Reduzierung der Luftverschmutzung in Innenr\u00e4umen.<\/p>\n<p>Die H\u00f6he der Pflanze vom Boden des Topfes aus betr\u00e4gt 100 bis 120 cm f\u00fcr den \u00d8 20 cm Topf und 170 bis 180 cm f\u00fcr den \u00d8 24 cm Topf.<\/p>\n<\/div><\/div><\/div><\/div><\/div>\n","protected":false},"excerpt":{"rendered":"","protected":false},"featured_media":14343,"template":"","meta":{"_acf_changed":false},"product_cat":[685,723,485,486],"product_tag":[827],"class_list":{"0":"post-25818","1":"product","2":"type-product","3":"status-publish","4":"has-post-thumbnail","6":"product_cat-haustierfreundlich","7":"product_cat-hohe-pflanzen","8":"product_cat-pflanzen-mit-wenig-pflege","9":"product_cat-reinigt-die-luft","10":"product_tag-bestseller-2","11":"product_shipping_class-flora-de","12":"pa_ambienti-wohnzimmer","14":"first","15":"instock","16":"taxable","17":"shipping-taxable","18":"purchasable","19":"product-type-variable","20":"has-default-attributes"},"acf":[],"yoast_head":"<!-- This site is optimized with the Yoast SEO plugin v23.4 - https:\/\/yoast.com\/wordpress\/plugins\/seo\/ -->\n<title>Howea Forsteriana Kentia - Palme zur Luftreinigung | Kentis<\/title>\n<meta name=\"description\" content=\"Die Howea Forsteriana Kentia ist eine hohe, elegante Zimmerpflanze, die wenig Pflege ben\u00f6tigt. Kenzia reinigt auch die Raumluft.\" \/>\n<meta name=\"robots\" content=\"index, follow, max-snippet:-1, max-image-preview:large, max-video-preview:-1\" \/>\n<link rel=\"canonical\" href=\"https:\/\/kentis.com\/de\/shop\/howea-forsteriana-kentia\/\" \/>\n<meta property=\"og:locale\" content=\"de_DE\" \/>\n<meta property=\"og:type\" content=\"article\" \/>\n<meta property=\"og:title\" content=\"Howea Forsteriana Kentia - Palme zur Luftreinigung | Kentis\" \/>\n<meta property=\"og:description\" content=\"Die Howea Forsteriana Kentia ist eine hohe, elegante Zimmerpflanze, die wenig Pflege ben\u00f6tigt. Kenzia reinigt auch die Raumluft.\" \/>\n<meta property=\"og:url\" content=\"https:\/\/kentis.com\/de\/shop\/howea-forsteriana-kentia\/\" \/>\n<meta property=\"og:site_name\" content=\"Kentis\" \/>\n<meta property=\"article:publisher\" content=\"https:\/\/www.facebook.com\/kentisgarden\" \/>\n<meta property=\"article:modified_time\" content=\"2024-11-20T11:22:56+00:00\" \/>\n<meta property=\"og:image\" content=\"https:\/\/kentis.com\/wp-content\/uploads\/2021\/08\/PTG-Howea-ForsterianaKenzia-v20-h100-Papaya-1-scaled.jpg\" \/>\n\t<meta property=\"og:image:width\" content=\"2560\" \/>\n\t<meta property=\"og:image:height\" content=\"2560\" \/>\n\t<meta property=\"og:image:type\" content=\"image\/jpeg\" \/>\n<meta name=\"twitter:card\" content=\"summary_large_image\" \/>\n<meta name=\"twitter:label1\" content=\"Gesch\u00e4tzte Lesezeit\" \/>\n\t<meta name=\"twitter:data1\" content=\"1\u00a0Minute\" \/>\n<script type=\"application\/ld+json\" class=\"yoast-schema-graph\">{\"@context\":\"https:\/\/schema.org\",\"@graph\":[{\"@type\":\"WebPage\",\"@id\":\"https:\/\/kentis.com\/de\/shop\/howea-forsteriana-kentia\/\",\"url\":\"https:\/\/kentis.com\/de\/shop\/howea-forsteriana-kentia\/\",\"name\":\"Howea Forsteriana Kentia - Palme zur Luftreinigung | Kentis\",\"isPartOf\":{\"@id\":\"https:\/\/kentis.com\/de\/#website\"},\"primaryImageOfPage\":{\"@id\":\"https:\/\/kentis.com\/de\/shop\/howea-forsteriana-kentia\/#primaryimage\"},\"image\":{\"@id\":\"https:\/\/kentis.com\/de\/shop\/howea-forsteriana-kentia\/#primaryimage\"},\"thumbnailUrl\":\"https:\/\/kentis.com\/wp-content\/uploads\/2021\/08\/PTG-Howea-ForsterianaKenzia-v20-h100-Papaya-1-scaled.jpg\",\"datePublished\":\"2021-08-04T13:29:32+00:00\",\"dateModified\":\"2024-11-20T11:22:56+00:00\",\"description\":\"Die Howea Forsteriana Kentia ist eine hohe, elegante Zimmerpflanze, die wenig Pflege ben\u00f6tigt. Kenzia reinigt auch die Raumluft.\",\"breadcrumb\":{\"@id\":\"https:\/\/kentis.com\/de\/shop\/howea-forsteriana-kentia\/#breadcrumb\"},\"inLanguage\":\"de\",\"potentialAction\":[{\"@type\":\"ReadAction\",\"target\":[\"https:\/\/kentis.com\/de\/shop\/howea-forsteriana-kentia\/\"]}]},{\"@type\":\"ImageObject\",\"inLanguage\":\"de\",\"@id\":\"https:\/\/kentis.com\/de\/shop\/howea-forsteriana-kentia\/#primaryimage\",\"url\":\"https:\/\/kentis.com\/wp-content\/uploads\/2021\/08\/PTG-Howea-ForsterianaKenzia-v20-h100-Papaya-1-scaled.jpg\",\"contentUrl\":\"https:\/\/kentis.com\/wp-content\/uploads\/2021\/08\/PTG-Howea-ForsterianaKenzia-v20-h100-Papaya-1-scaled.jpg\",\"width\":2560,\"height\":2560},{\"@type\":\"BreadcrumbList\",\"@id\":\"https:\/\/kentis.com\/de\/shop\/howea-forsteriana-kentia\/#breadcrumb\",\"itemListElement\":[{\"@type\":\"ListItem\",\"position\":1,\"name\":\"Home\",\"item\":\"https:\/\/kentis.com\/de\/\"},{\"@type\":\"ListItem\",\"position\":2,\"name\":\"Gesch\u00e4ft\",\"item\":\"https:\/\/kentis.com\/de\/shop\/\"},{\"@type\":\"ListItem\",\"position\":3,\"name\":\"Pflanzen\",\"item\":\"https:\/\/kentis.com\/de\/produkt-kategorie\/pflanzen\/\"},{\"@type\":\"ListItem\",\"position\":4,\"name\":\"Zimmerpflanzen\",\"item\":\"https:\/\/kentis.com\/de\/produkt-kategorie\/pflanzen\/zimmerpflanzen\/\"},{\"@type\":\"ListItem\",\"position\":5,\"name\":\"Hohe Pflanzen\",\"item\":\"https:\/\/kentis.com\/de\/produkt-kategorie\/pflanzen\/zimmerpflanzen\/hohe-pflanzen\/\"},{\"@type\":\"ListItem\",\"position\":6,\"name\":\"Howea Forsteriana Kentia\"}]},{\"@type\":\"WebSite\",\"@id\":\"https:\/\/kentis.com\/de\/#website\",\"url\":\"https:\/\/kentis.com\/de\/\",\"name\":\"Kentis\",\"description\":\"Atelier del verde\",\"publisher\":{\"@id\":\"https:\/\/kentis.com\/de\/#organization\"},\"potentialAction\":[{\"@type\":\"SearchAction\",\"target\":{\"@type\":\"EntryPoint\",\"urlTemplate\":\"https:\/\/kentis.com\/de\/?s={search_term_string}\"},\"query-input\":{\"@type\":\"PropertyValueSpecification\",\"valueRequired\":true,\"valueName\":\"search_term_string\"}}],\"inLanguage\":\"de\"},{\"@type\":\"Organization\",\"@id\":\"https:\/\/kentis.com\/de\/#organization\",\"name\":\"Kentis\",\"url\":\"https:\/\/kentis.com\/de\/\",\"logo\":{\"@type\":\"ImageObject\",\"inLanguage\":\"de\",\"@id\":\"https:\/\/kentis.com\/de\/#\/schema\/logo\/image\/\",\"url\":\"https:\/\/kentis.com\/wp-content\/uploads\/2021\/08\/logo-main.png\",\"contentUrl\":\"https:\/\/kentis.com\/wp-content\/uploads\/2021\/08\/logo-main.png\",\"width\":800,\"height\":204,\"caption\":\"Kentis\"},\"image\":{\"@id\":\"https:\/\/kentis.com\/de\/#\/schema\/logo\/image\/\"},\"sameAs\":[\"https:\/\/www.facebook.com\/kentisgarden\",\"https:\/\/www.instagram.com\/kentisgarden\/\",\"https:\/\/it.pinterest.com\/kentisgarden\",\"https:\/\/www.tiktok.com\/@kentis.com\"]}]}<\/script>\n<!-- \/ Yoast SEO plugin. -->","yoast_head_json":{"title":"Howea Forsteriana Kentia - Palme zur Luftreinigung | Kentis","description":"Die Howea Forsteriana Kentia ist eine hohe, elegante Zimmerpflanze, die wenig Pflege ben\u00f6tigt. Kenzia reinigt auch die Raumluft.","robots":{"index":"index","follow":"follow","max-snippet":"max-snippet:-1","max-image-preview":"max-image-preview:large","max-video-preview":"max-video-preview:-1"},"canonical":"https:\/\/kentis.com\/de\/shop\/howea-forsteriana-kentia\/","og_locale":"de_DE","og_type":"article","og_title":"Howea Forsteriana Kentia - Palme zur Luftreinigung | Kentis","og_description":"Die Howea Forsteriana Kentia ist eine hohe, elegante Zimmerpflanze, die wenig Pflege ben\u00f6tigt. Kenzia reinigt auch die Raumluft.","og_url":"https:\/\/kentis.com\/de\/shop\/howea-forsteriana-kentia\/","og_site_name":"Kentis","article_publisher":"https:\/\/www.facebook.com\/kentisgarden","article_modified_time":"2024-11-20T11:22:56+00:00","og_image":[{"width":2560,"height":2560,"url":"https:\/\/kentis.com\/wp-content\/uploads\/2021\/08\/PTG-Howea-ForsterianaKenzia-v20-h100-Papaya-1-scaled.jpg","type":"image\/jpeg"}],"twitter_card":"summary_large_image","twitter_misc":{"Gesch\u00e4tzte Lesezeit":"1\u00a0Minute"},"schema":{"@context":"https:\/\/schema.org","@graph":[{"@type":"WebPage","@id":"https:\/\/kentis.com\/de\/shop\/howea-forsteriana-kentia\/","url":"https:\/\/kentis.com\/de\/shop\/howea-forsteriana-kentia\/","name":"Howea Forsteriana Kentia - Palme zur Luftreinigung | Kentis","isPartOf":{"@id":"https:\/\/kentis.com\/de\/#website"},"primaryImageOfPage":{"@id":"https:\/\/kentis.com\/de\/shop\/howea-forsteriana-kentia\/#primaryimage"},"image":{"@id":"https:\/\/kentis.com\/de\/shop\/howea-forsteriana-kentia\/#primaryimage"},"thumbnailUrl":"https:\/\/kentis.com\/wp-content\/uploads\/2021\/08\/PTG-Howea-ForsterianaKenzia-v20-h100-Papaya-1-scaled.jpg","datePublished":"2021-08-04T13:29:32+00:00","dateModified":"2024-11-20T11:22:56+00:00","description":"Die Howea Forsteriana Kentia ist eine hohe, elegante Zimmerpflanze, die wenig Pflege ben\u00f6tigt. Kenzia reinigt auch die Raumluft.","breadcrumb":{"@id":"https:\/\/kentis.com\/de\/shop\/howea-forsteriana-kentia\/#breadcrumb"},"inLanguage":"de","potentialAction":[{"@type":"ReadAction","target":["https:\/\/kentis.com\/de\/shop\/howea-forsteriana-kentia\/"]}]},{"@type":"ImageObject","inLanguage":"de","@id":"https:\/\/kentis.com\/de\/shop\/howea-forsteriana-kentia\/#primaryimage","url":"https:\/\/kentis.com\/wp-content\/uploads\/2021\/08\/PTG-Howea-ForsterianaKenzia-v20-h100-Papaya-1-scaled.jpg","contentUrl":"https:\/\/kentis.com\/wp-content\/uploads\/2021\/08\/PTG-Howea-ForsterianaKenzia-v20-h100-Papaya-1-scaled.jpg","width":2560,"height":2560},{"@type":"BreadcrumbList","@id":"https:\/\/kentis.com\/de\/shop\/howea-forsteriana-kentia\/#breadcrumb","itemListElement":[{"@type":"ListItem","position":1,"name":"Home","item":"https:\/\/kentis.com\/de\/"},{"@type":"ListItem","position":2,"name":"Gesch\u00e4ft","item":"https:\/\/kentis.com\/de\/shop\/"},{"@type":"ListItem","position":3,"name":"Pflanzen","item":"https:\/\/kentis.com\/de\/produkt-kategorie\/pflanzen\/"},{"@type":"ListItem","position":4,"name":"Zimmerpflanzen","item":"https:\/\/kentis.com\/de\/produkt-kategorie\/pflanzen\/zimmerpflanzen\/"},{"@type":"ListItem","position":5,"name":"Hohe Pflanzen","item":"https:\/\/kentis.com\/de\/produkt-kategorie\/pflanzen\/zimmerpflanzen\/hohe-pflanzen\/"},{"@type":"ListItem","position":6,"name":"Howea Forsteriana Kentia"}]},{"@type":"WebSite","@id":"https:\/\/kentis.com\/de\/#website","url":"https:\/\/kentis.com\/de\/","name":"Kentis","description":"Atelier del verde","publisher":{"@id":"https:\/\/kentis.com\/de\/#organization"},"potentialAction":[{"@type":"SearchAction","target":{"@type":"EntryPoint","urlTemplate":"https:\/\/kentis.com\/de\/?s={search_term_string}"},"query-input":{"@type":"PropertyValueSpecification","valueRequired":true,"valueName":"search_term_string"}}],"inLanguage":"de"},{"@type":"Organization","@id":"https:\/\/kentis.com\/de\/#organization","name":"Kentis","url":"https:\/\/kentis.com\/de\/","logo":{"@type":"ImageObject","inLanguage":"de","@id":"https:\/\/kentis.com\/de\/#\/schema\/logo\/image\/","url":"https:\/\/kentis.com\/wp-content\/uploads\/2021\/08\/logo-main.png","contentUrl":"https:\/\/kentis.com\/wp-content\/uploads\/2021\/08\/logo-main.png","width":800,"height":204,"caption":"Kentis"},"image":{"@id":"https:\/\/kentis.com\/de\/#\/schema\/logo\/image\/"},"sameAs":["https:\/\/www.facebook.com\/kentisgarden","https:\/\/www.instagram.com\/kentisgarden\/","https:\/\/it.pinterest.com\/kentisgarden","https:\/\/www.tiktok.com\/@kentis.com"]}]}},"_links":{"self":[{"href":"https:\/\/kentis.com\/de\/wp-json\/wp\/v2\/product\/25818","targetHints":{"allow":["GET"]}}],"collection":[{"href":"https:\/\/kentis.com\/de\/wp-json\/wp\/v2\/product"}],"about":[{"href":"https:\/\/kentis.com\/de\/wp-json\/wp\/v2\/types\/product"}],"wp:featuredmedia":[{"embeddable":true,"href":"https:\/\/kentis.com\/de\/wp-json\/wp\/v2\/media\/14343"}],"wp:attachment":[{"href":"https:\/\/kentis.com\/de\/wp-json\/wp\/v2\/media?parent=25818"}],"wp:term":[{"taxonomy":"product_cat","embeddable":true,"href":"https:\/\/kentis.com\/de\/wp-json\/wp\/v2\/product_cat?post=25818"},{"taxonomy":"product_tag","embeddable":true,"href":"https:\/\/kentis.com\/de\/wp-json\/wp\/v2\/product_tag?post=25818"}],"curies":[{"name":"wp","href":"https:\/\/api.w.org\/{rel}","templated":true}]}}