{"id":25813,"date":"2021-08-04T16:54:29","date_gmt":"2021-08-04T14:54:29","guid":{"rendered":"https:\/\/kentis.com\/negozio\/nephrolepis-exaltata-green-lady\/"},"modified":"2024-11-20T12:25:58","modified_gmt":"2024-11-20T11:25:58","slug":"nephrolepis-exaltata-green-lady-farn","status":"publish","type":"product","link":"https:\/\/kentis.com\/de\/shop\/nephrolepis-exaltata-green-lady-farn\/","title":{"rendered":"Nephrolepis Exaltata Green Lady &#8211; Farn"},"content":{"rendered":"<div class=\"fusion-fullwidth fullwidth-box fusion-builder-row-1 fusion-flex-container nonhundred-percent-fullwidth non-hundred-percent-height-scrolling\" style=\"--awb-border-radius-top-left:0px;--awb-border-radius-top-right:0px;--awb-border-radius-bottom-right:0px;--awb-border-radius-bottom-left:0px;--awb-flex-wrap:wrap;\" ><div class=\"fusion-builder-row fusion-row fusion-flex-align-items-flex-start fusion-flex-content-wrap\" style=\"max-width:1248px;margin-left: calc(-4% \/ 2 );margin-right: calc(-4% \/ 2 );\"><div class=\"fusion-layout-column fusion_builder_column fusion-builder-column-0 fusion_builder_column_1_1 1_1 fusion-flex-column\" style=\"--awb-bg-size:cover;--awb-width-large:100%;--awb-margin-top-large:0px;--awb-spacing-right-large:1.92%;--awb-margin-bottom-large:0px;--awb-spacing-left-large:1.92%;--awb-width-medium:100%;--awb-spacing-right-medium:1.92%;--awb-spacing-left-medium:1.92%;--awb-width-small:100%;--awb-spacing-right-small:1.92%;--awb-spacing-left-small:1.92%;\"><div class=\"fusion-column-wrapper fusion-flex-justify-content-flex-start fusion-content-layout-column\"><div class=\"fusion-text fusion-text-1\"><p>Nephrolepis Exaltata Green Lady, auch bekannt als Kr\u00e4uselfarn oder Bostonfarn, geh\u00f6rt wegen seines Aussehens und seiner besonderen Widerstandsf\u00e4higkeit zu den beliebtesten Farnen. Diese Zimmerpflanze hat lange bogenf\u00f6rmige Wedel, die sich harmonisch von der zentralen Krone aus erstrecken und der Pflanze ein kompaktes und \u00fcppiges Aussehen verleihen. Er gilt auch als haustierfreundliche Pflanze, da er auch f\u00fcr Hunde und Katzen unbedenklich ist, sollten diese ihn verschlucken.<\/p>\n<p>Die H\u00f6he der Pflanze vom Topfboden aus betr\u00e4gt zwischen 30 und 40 cm.<\/p>\n<\/div><\/div><\/div><\/div><\/div>\n","protected":false},"excerpt":{"rendered":"","protected":false},"featured_media":17511,"template":"","meta":{"_acf_changed":false},"product_cat":[685,485,495],"product_tag":[],"class_list":{"0":"post-25813","1":"product","2":"type-product","3":"status-publish","4":"has-post-thumbnail","6":"product_cat-haustierfreundlich","7":"product_cat-pflanzen-mit-wenig-pflege","8":"product_cat-pflanzen-fuer-wenig-licht","9":"product_shipping_class-flora-de","10":"pa_ambienti-bad","11":"pa_ambienti-kinderzimmer","13":"first","14":"instock","15":"taxable","16":"shipping-taxable","17":"purchasable","18":"product-type-variable","19":"has-default-attributes"},"acf":[],"yoast_head":"<!-- This site is optimized with the Yoast SEO plugin v23.4 - https:\/\/yoast.com\/wordpress\/plugins\/seo\/ -->\n<title>Nephrolepis Exaltata Green Lady - Pflanzen zur Luftreinigung | Kentis<\/title>\n<meta name=\"description\" content=\"Nephrolepis Exaltata Green Lady ist ein Zimmerfarn, der die Luft reinigt. Diese Zimmerpflanze ist au\u00dferdem sehr pflegeleicht\" \/>\n<meta name=\"robots\" content=\"index, follow, max-snippet:-1, max-image-preview:large, max-video-preview:-1\" \/>\n<link rel=\"canonical\" href=\"https:\/\/kentis.com\/de\/shop\/nephrolepis-exaltata-green-lady-farn\/\" \/>\n<meta property=\"og:locale\" content=\"de_DE\" \/>\n<meta property=\"og:type\" content=\"article\" \/>\n<meta property=\"og:title\" content=\"Nephrolepis Exaltata Green Lady - Pflanzen zur Luftreinigung | Kentis\" \/>\n<meta property=\"og:description\" content=\"Nephrolepis Exaltata Green Lady ist ein Zimmerfarn, der die Luft reinigt. Diese Zimmerpflanze ist au\u00dferdem sehr pflegeleicht\" \/>\n<meta property=\"og:url\" content=\"https:\/\/kentis.com\/de\/shop\/nephrolepis-exaltata-green-lady-farn\/\" \/>\n<meta property=\"og:site_name\" content=\"Kentis\" \/>\n<meta property=\"article:publisher\" content=\"https:\/\/www.facebook.com\/kentisgarden\" \/>\n<meta property=\"article:modified_time\" content=\"2024-11-20T11:25:58+00:00\" \/>\n<meta property=\"og:image\" content=\"https:\/\/kentis.com\/wp-content\/uploads\/2023\/04\/PTG-Nephrolepis-v12_950-14-espresso.jpg\" \/>\n\t<meta property=\"og:image:width\" content=\"2000\" \/>\n\t<meta property=\"og:image:height\" content=\"2000\" \/>\n\t<meta property=\"og:image:type\" content=\"image\/jpeg\" \/>\n<meta name=\"twitter:card\" content=\"summary_large_image\" \/>\n<meta name=\"twitter:label1\" content=\"Gesch\u00e4tzte Lesezeit\" \/>\n\t<meta name=\"twitter:data1\" content=\"1\u00a0Minute\" \/>\n<script type=\"application\/ld+json\" class=\"yoast-schema-graph\">{\"@context\":\"https:\/\/schema.org\",\"@graph\":[{\"@type\":\"WebPage\",\"@id\":\"https:\/\/kentis.com\/de\/shop\/nephrolepis-exaltata-green-lady-farn\/\",\"url\":\"https:\/\/kentis.com\/de\/shop\/nephrolepis-exaltata-green-lady-farn\/\",\"name\":\"Nephrolepis Exaltata Green Lady - Pflanzen zur Luftreinigung | Kentis\",\"isPartOf\":{\"@id\":\"https:\/\/kentis.com\/de\/#website\"},\"primaryImageOfPage\":{\"@id\":\"https:\/\/kentis.com\/de\/shop\/nephrolepis-exaltata-green-lady-farn\/#primaryimage\"},\"image\":{\"@id\":\"https:\/\/kentis.com\/de\/shop\/nephrolepis-exaltata-green-lady-farn\/#primaryimage\"},\"thumbnailUrl\":\"https:\/\/kentis.com\/wp-content\/uploads\/2023\/04\/PTG-Nephrolepis-v12_950-14-espresso.jpg\",\"datePublished\":\"2021-08-04T14:54:29+00:00\",\"dateModified\":\"2024-11-20T11:25:58+00:00\",\"description\":\"Nephrolepis Exaltata Green Lady ist ein Zimmerfarn, der die Luft reinigt. Diese Zimmerpflanze ist au\u00dferdem sehr pflegeleicht\",\"breadcrumb\":{\"@id\":\"https:\/\/kentis.com\/de\/shop\/nephrolepis-exaltata-green-lady-farn\/#breadcrumb\"},\"inLanguage\":\"de\",\"potentialAction\":[{\"@type\":\"ReadAction\",\"target\":[\"https:\/\/kentis.com\/de\/shop\/nephrolepis-exaltata-green-lady-farn\/\"]}]},{\"@type\":\"ImageObject\",\"inLanguage\":\"de\",\"@id\":\"https:\/\/kentis.com\/de\/shop\/nephrolepis-exaltata-green-lady-farn\/#primaryimage\",\"url\":\"https:\/\/kentis.com\/wp-content\/uploads\/2023\/04\/PTG-Nephrolepis-v12_950-14-espresso.jpg\",\"contentUrl\":\"https:\/\/kentis.com\/wp-content\/uploads\/2023\/04\/PTG-Nephrolepis-v12_950-14-espresso.jpg\",\"width\":2000,\"height\":2000},{\"@type\":\"BreadcrumbList\",\"@id\":\"https:\/\/kentis.com\/de\/shop\/nephrolepis-exaltata-green-lady-farn\/#breadcrumb\",\"itemListElement\":[{\"@type\":\"ListItem\",\"position\":1,\"name\":\"Home\",\"item\":\"https:\/\/kentis.com\/de\/\"},{\"@type\":\"ListItem\",\"position\":2,\"name\":\"Gesch\u00e4ft\",\"item\":\"https:\/\/kentis.com\/de\/shop\/\"},{\"@type\":\"ListItem\",\"position\":3,\"name\":\"Pflanzen\",\"item\":\"https:\/\/kentis.com\/de\/produkt-kategorie\/pflanzen\/\"},{\"@type\":\"ListItem\",\"position\":4,\"name\":\"Zimmerpflanzen\",\"item\":\"https:\/\/kentis.com\/de\/produkt-kategorie\/pflanzen\/zimmerpflanzen\/\"},{\"@type\":\"ListItem\",\"position\":5,\"name\":\"Haustierfreundlich\",\"item\":\"https:\/\/kentis.com\/de\/produkt-kategorie\/pflanzen\/zimmerpflanzen\/haustierfreundlich\/\"},{\"@type\":\"ListItem\",\"position\":6,\"name\":\"Nephrolepis Exaltata Green Lady &#8211; Farn\"}]},{\"@type\":\"WebSite\",\"@id\":\"https:\/\/kentis.com\/de\/#website\",\"url\":\"https:\/\/kentis.com\/de\/\",\"name\":\"Kentis\",\"description\":\"Atelier del verde\",\"publisher\":{\"@id\":\"https:\/\/kentis.com\/de\/#organization\"},\"potentialAction\":[{\"@type\":\"SearchAction\",\"target\":{\"@type\":\"EntryPoint\",\"urlTemplate\":\"https:\/\/kentis.com\/de\/?s={search_term_string}\"},\"query-input\":{\"@type\":\"PropertyValueSpecification\",\"valueRequired\":true,\"valueName\":\"search_term_string\"}}],\"inLanguage\":\"de\"},{\"@type\":\"Organization\",\"@id\":\"https:\/\/kentis.com\/de\/#organization\",\"name\":\"Kentis\",\"url\":\"https:\/\/kentis.com\/de\/\",\"logo\":{\"@type\":\"ImageObject\",\"inLanguage\":\"de\",\"@id\":\"https:\/\/kentis.com\/de\/#\/schema\/logo\/image\/\",\"url\":\"https:\/\/kentis.com\/wp-content\/uploads\/2021\/08\/logo-main.png\",\"contentUrl\":\"https:\/\/kentis.com\/wp-content\/uploads\/2021\/08\/logo-main.png\",\"width\":800,\"height\":204,\"caption\":\"Kentis\"},\"image\":{\"@id\":\"https:\/\/kentis.com\/de\/#\/schema\/logo\/image\/\"},\"sameAs\":[\"https:\/\/www.facebook.com\/kentisgarden\",\"https:\/\/www.instagram.com\/kentisgarden\/\",\"https:\/\/it.pinterest.com\/kentisgarden\",\"https:\/\/www.tiktok.com\/@kentis.com\"]}]}<\/script>\n<!-- \/ Yoast SEO plugin. -->","yoast_head_json":{"title":"Nephrolepis Exaltata Green Lady - Pflanzen zur Luftreinigung | Kentis","description":"Nephrolepis Exaltata Green Lady ist ein Zimmerfarn, der die Luft reinigt. Diese Zimmerpflanze ist au\u00dferdem sehr pflegeleicht","robots":{"index":"index","follow":"follow","max-snippet":"max-snippet:-1","max-image-preview":"max-image-preview:large","max-video-preview":"max-video-preview:-1"},"canonical":"https:\/\/kentis.com\/de\/shop\/nephrolepis-exaltata-green-lady-farn\/","og_locale":"de_DE","og_type":"article","og_title":"Nephrolepis Exaltata Green Lady - Pflanzen zur Luftreinigung | Kentis","og_description":"Nephrolepis Exaltata Green Lady ist ein Zimmerfarn, der die Luft reinigt. Diese Zimmerpflanze ist au\u00dferdem sehr pflegeleicht","og_url":"https:\/\/kentis.com\/de\/shop\/nephrolepis-exaltata-green-lady-farn\/","og_site_name":"Kentis","article_publisher":"https:\/\/www.facebook.com\/kentisgarden","article_modified_time":"2024-11-20T11:25:58+00:00","og_image":[{"width":2000,"height":2000,"url":"https:\/\/kentis.com\/wp-content\/uploads\/2023\/04\/PTG-Nephrolepis-v12_950-14-espresso.jpg","type":"image\/jpeg"}],"twitter_card":"summary_large_image","twitter_misc":{"Gesch\u00e4tzte Lesezeit":"1\u00a0Minute"},"schema":{"@context":"https:\/\/schema.org","@graph":[{"@type":"WebPage","@id":"https:\/\/kentis.com\/de\/shop\/nephrolepis-exaltata-green-lady-farn\/","url":"https:\/\/kentis.com\/de\/shop\/nephrolepis-exaltata-green-lady-farn\/","name":"Nephrolepis Exaltata Green Lady - Pflanzen zur Luftreinigung | Kentis","isPartOf":{"@id":"https:\/\/kentis.com\/de\/#website"},"primaryImageOfPage":{"@id":"https:\/\/kentis.com\/de\/shop\/nephrolepis-exaltata-green-lady-farn\/#primaryimage"},"image":{"@id":"https:\/\/kentis.com\/de\/shop\/nephrolepis-exaltata-green-lady-farn\/#primaryimage"},"thumbnailUrl":"https:\/\/kentis.com\/wp-content\/uploads\/2023\/04\/PTG-Nephrolepis-v12_950-14-espresso.jpg","datePublished":"2021-08-04T14:54:29+00:00","dateModified":"2024-11-20T11:25:58+00:00","description":"Nephrolepis Exaltata Green Lady ist ein Zimmerfarn, der die Luft reinigt. Diese Zimmerpflanze ist au\u00dferdem sehr pflegeleicht","breadcrumb":{"@id":"https:\/\/kentis.com\/de\/shop\/nephrolepis-exaltata-green-lady-farn\/#breadcrumb"},"inLanguage":"de","potentialAction":[{"@type":"ReadAction","target":["https:\/\/kentis.com\/de\/shop\/nephrolepis-exaltata-green-lady-farn\/"]}]},{"@type":"ImageObject","inLanguage":"de","@id":"https:\/\/kentis.com\/de\/shop\/nephrolepis-exaltata-green-lady-farn\/#primaryimage","url":"https:\/\/kentis.com\/wp-content\/uploads\/2023\/04\/PTG-Nephrolepis-v12_950-14-espresso.jpg","contentUrl":"https:\/\/kentis.com\/wp-content\/uploads\/2023\/04\/PTG-Nephrolepis-v12_950-14-espresso.jpg","width":2000,"height":2000},{"@type":"BreadcrumbList","@id":"https:\/\/kentis.com\/de\/shop\/nephrolepis-exaltata-green-lady-farn\/#breadcrumb","itemListElement":[{"@type":"ListItem","position":1,"name":"Home","item":"https:\/\/kentis.com\/de\/"},{"@type":"ListItem","position":2,"name":"Gesch\u00e4ft","item":"https:\/\/kentis.com\/de\/shop\/"},{"@type":"ListItem","position":3,"name":"Pflanzen","item":"https:\/\/kentis.com\/de\/produkt-kategorie\/pflanzen\/"},{"@type":"ListItem","position":4,"name":"Zimmerpflanzen","item":"https:\/\/kentis.com\/de\/produkt-kategorie\/pflanzen\/zimmerpflanzen\/"},{"@type":"ListItem","position":5,"name":"Haustierfreundlich","item":"https:\/\/kentis.com\/de\/produkt-kategorie\/pflanzen\/zimmerpflanzen\/haustierfreundlich\/"},{"@type":"ListItem","position":6,"name":"Nephrolepis Exaltata Green Lady &#8211; Farn"}]},{"@type":"WebSite","@id":"https:\/\/kentis.com\/de\/#website","url":"https:\/\/kentis.com\/de\/","name":"Kentis","description":"Atelier del verde","publisher":{"@id":"https:\/\/kentis.com\/de\/#organization"},"potentialAction":[{"@type":"SearchAction","target":{"@type":"EntryPoint","urlTemplate":"https:\/\/kentis.com\/de\/?s={search_term_string}"},"query-input":{"@type":"PropertyValueSpecification","valueRequired":true,"valueName":"search_term_string"}}],"inLanguage":"de"},{"@type":"Organization","@id":"https:\/\/kentis.com\/de\/#organization","name":"Kentis","url":"https:\/\/kentis.com\/de\/","logo":{"@type":"ImageObject","inLanguage":"de","@id":"https:\/\/kentis.com\/de\/#\/schema\/logo\/image\/","url":"https:\/\/kentis.com\/wp-content\/uploads\/2021\/08\/logo-main.png","contentUrl":"https:\/\/kentis.com\/wp-content\/uploads\/2021\/08\/logo-main.png","width":800,"height":204,"caption":"Kentis"},"image":{"@id":"https:\/\/kentis.com\/de\/#\/schema\/logo\/image\/"},"sameAs":["https:\/\/www.facebook.com\/kentisgarden","https:\/\/www.instagram.com\/kentisgarden\/","https:\/\/it.pinterest.com\/kentisgarden","https:\/\/www.tiktok.com\/@kentis.com"]}]}},"_links":{"self":[{"href":"https:\/\/kentis.com\/de\/wp-json\/wp\/v2\/product\/25813","targetHints":{"allow":["GET"]}}],"collection":[{"href":"https:\/\/kentis.com\/de\/wp-json\/wp\/v2\/product"}],"about":[{"href":"https:\/\/kentis.com\/de\/wp-json\/wp\/v2\/types\/product"}],"wp:featuredmedia":[{"embeddable":true,"href":"https:\/\/kentis.com\/de\/wp-json\/wp\/v2\/media\/17511"}],"wp:attachment":[{"href":"https:\/\/kentis.com\/de\/wp-json\/wp\/v2\/media?parent=25813"}],"wp:term":[{"taxonomy":"product_cat","embeddable":true,"href":"https:\/\/kentis.com\/de\/wp-json\/wp\/v2\/product_cat?post=25813"},{"taxonomy":"product_tag","embeddable":true,"href":"https:\/\/kentis.com\/de\/wp-json\/wp\/v2\/product_tag?post=25813"}],"curies":[{"name":"wp","href":"https:\/\/api.w.org\/{rel}","templated":true}]}}