{"id":25797,"date":"2021-08-04T17:44:16","date_gmt":"2021-08-04T15:44:16","guid":{"rendered":"https:\/\/kentis.com\/negozio\/beaucarnea-nolina-recurvata\/"},"modified":"2024-11-20T12:44:06","modified_gmt":"2024-11-20T11:44:06","slug":"beaucarnea-nolina-recurvata-rauchfresser","status":"publish","type":"product","link":"https:\/\/kentis.com\/de\/shop\/beaucarnea-nolina-recurvata-rauchfresser\/","title":{"rendered":"Beaucarnea Nolina Recurvata &#8211; Rauchfresser"},"content":{"rendered":"<div class=\"fusion-fullwidth fullwidth-box fusion-builder-row-1 fusion-flex-container nonhundred-percent-fullwidth non-hundred-percent-height-scrolling\" style=\"--awb-border-radius-top-left:0px;--awb-border-radius-top-right:0px;--awb-border-radius-bottom-right:0px;--awb-border-radius-bottom-left:0px;--awb-flex-wrap:wrap;\" ><div class=\"fusion-builder-row fusion-row fusion-flex-align-items-flex-start fusion-flex-content-wrap\" style=\"max-width:1248px;margin-left: calc(-4% \/ 2 );margin-right: calc(-4% \/ 2 );\"><div class=\"fusion-layout-column fusion_builder_column fusion-builder-column-0 fusion_builder_column_1_1 1_1 fusion-flex-column\" style=\"--awb-bg-size:cover;--awb-width-large:100%;--awb-margin-top-large:0px;--awb-spacing-right-large:1.92%;--awb-margin-bottom-large:0px;--awb-spacing-left-large:1.92%;--awb-width-medium:100%;--awb-spacing-right-medium:1.92%;--awb-spacing-left-medium:1.92%;--awb-width-small:100%;--awb-spacing-right-small:1.92%;--awb-spacing-left-small:1.92%;\"><div class=\"fusion-column-wrapper fusion-flex-justify-content-flex-start fusion-content-layout-column\"><div class=\"fusion-text fusion-text-1\"><p>Beaucarnea Nolina Recurvata, auch bekannt als \u201eRauchfresser\u201c, ist eine halbsukkulente Pflanze, die ihren Spitznamen nicht nur wegen ihrer F\u00e4higkeit tr\u00e4gt, den Nikotingeruch zu reduzieren und die Luft von Schadstoffen zu reinigen, sondern auch wegen ihrer \u00fcberraschenden Feuerbest\u00e4ndigkeit. Ihr charakteristischer geschwollener Stamm, von dem sich der Spitzname \u201eElefantenfu\u00df\u201c ableitet, fungiert als Wasserspeicher f\u00fcr D\u00fcrreperioden und macht Nolina perfekt f\u00fcr alle, die eine Pflanze suchen, die sehr wenig Pflege ben\u00f6tigt. Dar\u00fcber hinaus gilt sie auch als haustierfreundliche Pflanze.<\/p>\n<p>Die H\u00f6he der Pflanze ist vom Topfboden aus zu ber\u00fccksichtigen.<\/p>\n<\/div><\/div><\/div><\/div><\/div>\n","protected":false},"excerpt":{"rendered":"","protected":false},"featured_media":13011,"template":"","meta":{"_acf_changed":false},"product_cat":[685,485,486],"product_tag":[827],"class_list":{"0":"post-25797","1":"product","2":"type-product","3":"status-publish","4":"has-post-thumbnail","6":"product_cat-haustierfreundlich","7":"product_cat-pflanzen-mit-wenig-pflege","8":"product_cat-reinigt-die-luft","9":"product_tag-bestseller-2","10":"product_shipping_class-flora-de","11":"pa_ambienti-kueche","12":"pa_ambienti-schlafzimmer","14":"first","15":"instock","16":"taxable","17":"shipping-taxable","18":"purchasable","19":"product-type-variable","20":"has-default-attributes"},"acf":[],"yoast_head":"<!-- This site is optimized with the Yoast SEO plugin v23.4 - https:\/\/yoast.com\/wordpress\/plugins\/seo\/ -->\n<title>Beaucarnea Nolina Recurvata - Rauchfresser | Kentis<\/title>\n<meta name=\"description\" content=\"Beaucarnea Nolina Recurvata, auch Rauchfresser genannt, geh\u00f6rt zu den Pflanzen, die die Luft reinigen und wenig Pflege ben\u00f6tigen\" \/>\n<meta name=\"robots\" content=\"index, follow, max-snippet:-1, max-image-preview:large, max-video-preview:-1\" \/>\n<link rel=\"canonical\" href=\"https:\/\/kentis.com\/de\/shop\/beaucarnea-nolina-recurvata-rauchfresser\/\" \/>\n<meta property=\"og:locale\" content=\"de_DE\" \/>\n<meta property=\"og:type\" content=\"article\" \/>\n<meta property=\"og:title\" content=\"Beaucarnea Nolina Recurvata - Rauchfresser | Kentis\" \/>\n<meta property=\"og:description\" content=\"Beaucarnea Nolina Recurvata, auch Rauchfresser genannt, geh\u00f6rt zu den Pflanzen, die die Luft reinigen und wenig Pflege ben\u00f6tigen\" \/>\n<meta property=\"og:url\" content=\"https:\/\/kentis.com\/de\/shop\/beaucarnea-nolina-recurvata-rauchfresser\/\" \/>\n<meta property=\"og:site_name\" content=\"Kentis\" \/>\n<meta property=\"article:publisher\" content=\"https:\/\/www.facebook.com\/kentisgarden\" \/>\n<meta property=\"article:modified_time\" content=\"2024-11-20T11:44:06+00:00\" \/>\n<meta property=\"og:image\" content=\"https:\/\/kentis.com\/wp-content\/uploads\/2021\/08\/PTG-NolinaBeucarnea-v14h40-920-16DarkStone-scaled.jpg\" \/>\n\t<meta property=\"og:image:width\" content=\"2560\" \/>\n\t<meta property=\"og:image:height\" content=\"2560\" \/>\n\t<meta property=\"og:image:type\" content=\"image\/jpeg\" \/>\n<meta name=\"twitter:card\" content=\"summary_large_image\" \/>\n<meta name=\"twitter:label1\" content=\"Gesch\u00e4tzte Lesezeit\" \/>\n\t<meta name=\"twitter:data1\" content=\"1\u00a0Minute\" \/>\n<script type=\"application\/ld+json\" class=\"yoast-schema-graph\">{\"@context\":\"https:\/\/schema.org\",\"@graph\":[{\"@type\":\"WebPage\",\"@id\":\"https:\/\/kentis.com\/de\/shop\/beaucarnea-nolina-recurvata-rauchfresser\/\",\"url\":\"https:\/\/kentis.com\/de\/shop\/beaucarnea-nolina-recurvata-rauchfresser\/\",\"name\":\"Beaucarnea Nolina Recurvata - Rauchfresser | Kentis\",\"isPartOf\":{\"@id\":\"https:\/\/kentis.com\/de\/#website\"},\"primaryImageOfPage\":{\"@id\":\"https:\/\/kentis.com\/de\/shop\/beaucarnea-nolina-recurvata-rauchfresser\/#primaryimage\"},\"image\":{\"@id\":\"https:\/\/kentis.com\/de\/shop\/beaucarnea-nolina-recurvata-rauchfresser\/#primaryimage\"},\"thumbnailUrl\":\"https:\/\/kentis.com\/wp-content\/uploads\/2021\/08\/PTG-NolinaBeucarnea-v14h40-920-16DarkStone-scaled.jpg\",\"datePublished\":\"2021-08-04T15:44:16+00:00\",\"dateModified\":\"2024-11-20T11:44:06+00:00\",\"description\":\"Beaucarnea Nolina Recurvata, auch Rauchfresser genannt, geh\u00f6rt zu den Pflanzen, die die Luft reinigen und wenig Pflege ben\u00f6tigen\",\"breadcrumb\":{\"@id\":\"https:\/\/kentis.com\/de\/shop\/beaucarnea-nolina-recurvata-rauchfresser\/#breadcrumb\"},\"inLanguage\":\"de\",\"potentialAction\":[{\"@type\":\"ReadAction\",\"target\":[\"https:\/\/kentis.com\/de\/shop\/beaucarnea-nolina-recurvata-rauchfresser\/\"]}]},{\"@type\":\"ImageObject\",\"inLanguage\":\"de\",\"@id\":\"https:\/\/kentis.com\/de\/shop\/beaucarnea-nolina-recurvata-rauchfresser\/#primaryimage\",\"url\":\"https:\/\/kentis.com\/wp-content\/uploads\/2021\/08\/PTG-NolinaBeucarnea-v14h40-920-16DarkStone-scaled.jpg\",\"contentUrl\":\"https:\/\/kentis.com\/wp-content\/uploads\/2021\/08\/PTG-NolinaBeucarnea-v14h40-920-16DarkStone-scaled.jpg\",\"width\":2560,\"height\":2560},{\"@type\":\"BreadcrumbList\",\"@id\":\"https:\/\/kentis.com\/de\/shop\/beaucarnea-nolina-recurvata-rauchfresser\/#breadcrumb\",\"itemListElement\":[{\"@type\":\"ListItem\",\"position\":1,\"name\":\"Home\",\"item\":\"https:\/\/kentis.com\/de\/\"},{\"@type\":\"ListItem\",\"position\":2,\"name\":\"Gesch\u00e4ft\",\"item\":\"https:\/\/kentis.com\/de\/shop\/\"},{\"@type\":\"ListItem\",\"position\":3,\"name\":\"Pflanzen\",\"item\":\"https:\/\/kentis.com\/de\/produkt-kategorie\/pflanzen\/\"},{\"@type\":\"ListItem\",\"position\":4,\"name\":\"Zimmerpflanzen\",\"item\":\"https:\/\/kentis.com\/de\/produkt-kategorie\/pflanzen\/zimmerpflanzen\/\"},{\"@type\":\"ListItem\",\"position\":5,\"name\":\"Haustierfreundlich\",\"item\":\"https:\/\/kentis.com\/de\/produkt-kategorie\/pflanzen\/zimmerpflanzen\/haustierfreundlich\/\"},{\"@type\":\"ListItem\",\"position\":6,\"name\":\"Beaucarnea Nolina Recurvata &#8211; Rauchfresser\"}]},{\"@type\":\"WebSite\",\"@id\":\"https:\/\/kentis.com\/de\/#website\",\"url\":\"https:\/\/kentis.com\/de\/\",\"name\":\"Kentis\",\"description\":\"Atelier del verde\",\"publisher\":{\"@id\":\"https:\/\/kentis.com\/de\/#organization\"},\"potentialAction\":[{\"@type\":\"SearchAction\",\"target\":{\"@type\":\"EntryPoint\",\"urlTemplate\":\"https:\/\/kentis.com\/de\/?s={search_term_string}\"},\"query-input\":{\"@type\":\"PropertyValueSpecification\",\"valueRequired\":true,\"valueName\":\"search_term_string\"}}],\"inLanguage\":\"de\"},{\"@type\":\"Organization\",\"@id\":\"https:\/\/kentis.com\/de\/#organization\",\"name\":\"Kentis\",\"url\":\"https:\/\/kentis.com\/de\/\",\"logo\":{\"@type\":\"ImageObject\",\"inLanguage\":\"de\",\"@id\":\"https:\/\/kentis.com\/de\/#\/schema\/logo\/image\/\",\"url\":\"https:\/\/kentis.com\/wp-content\/uploads\/2021\/08\/logo-main.png\",\"contentUrl\":\"https:\/\/kentis.com\/wp-content\/uploads\/2021\/08\/logo-main.png\",\"width\":800,\"height\":204,\"caption\":\"Kentis\"},\"image\":{\"@id\":\"https:\/\/kentis.com\/de\/#\/schema\/logo\/image\/\"},\"sameAs\":[\"https:\/\/www.facebook.com\/kentisgarden\",\"https:\/\/www.instagram.com\/kentisgarden\/\",\"https:\/\/it.pinterest.com\/kentisgarden\",\"https:\/\/www.tiktok.com\/@kentis.com\"]}]}<\/script>\n<!-- \/ Yoast SEO plugin. -->","yoast_head_json":{"title":"Beaucarnea Nolina Recurvata - Rauchfresser | Kentis","description":"Beaucarnea Nolina Recurvata, auch Rauchfresser genannt, geh\u00f6rt zu den Pflanzen, die die Luft reinigen und wenig Pflege ben\u00f6tigen","robots":{"index":"index","follow":"follow","max-snippet":"max-snippet:-1","max-image-preview":"max-image-preview:large","max-video-preview":"max-video-preview:-1"},"canonical":"https:\/\/kentis.com\/de\/shop\/beaucarnea-nolina-recurvata-rauchfresser\/","og_locale":"de_DE","og_type":"article","og_title":"Beaucarnea Nolina Recurvata - Rauchfresser | Kentis","og_description":"Beaucarnea Nolina Recurvata, auch Rauchfresser genannt, geh\u00f6rt zu den Pflanzen, die die Luft reinigen und wenig Pflege ben\u00f6tigen","og_url":"https:\/\/kentis.com\/de\/shop\/beaucarnea-nolina-recurvata-rauchfresser\/","og_site_name":"Kentis","article_publisher":"https:\/\/www.facebook.com\/kentisgarden","article_modified_time":"2024-11-20T11:44:06+00:00","og_image":[{"width":2560,"height":2560,"url":"https:\/\/kentis.com\/wp-content\/uploads\/2021\/08\/PTG-NolinaBeucarnea-v14h40-920-16DarkStone-scaled.jpg","type":"image\/jpeg"}],"twitter_card":"summary_large_image","twitter_misc":{"Gesch\u00e4tzte Lesezeit":"1\u00a0Minute"},"schema":{"@context":"https:\/\/schema.org","@graph":[{"@type":"WebPage","@id":"https:\/\/kentis.com\/de\/shop\/beaucarnea-nolina-recurvata-rauchfresser\/","url":"https:\/\/kentis.com\/de\/shop\/beaucarnea-nolina-recurvata-rauchfresser\/","name":"Beaucarnea Nolina Recurvata - Rauchfresser | Kentis","isPartOf":{"@id":"https:\/\/kentis.com\/de\/#website"},"primaryImageOfPage":{"@id":"https:\/\/kentis.com\/de\/shop\/beaucarnea-nolina-recurvata-rauchfresser\/#primaryimage"},"image":{"@id":"https:\/\/kentis.com\/de\/shop\/beaucarnea-nolina-recurvata-rauchfresser\/#primaryimage"},"thumbnailUrl":"https:\/\/kentis.com\/wp-content\/uploads\/2021\/08\/PTG-NolinaBeucarnea-v14h40-920-16DarkStone-scaled.jpg","datePublished":"2021-08-04T15:44:16+00:00","dateModified":"2024-11-20T11:44:06+00:00","description":"Beaucarnea Nolina Recurvata, auch Rauchfresser genannt, geh\u00f6rt zu den Pflanzen, die die Luft reinigen und wenig Pflege ben\u00f6tigen","breadcrumb":{"@id":"https:\/\/kentis.com\/de\/shop\/beaucarnea-nolina-recurvata-rauchfresser\/#breadcrumb"},"inLanguage":"de","potentialAction":[{"@type":"ReadAction","target":["https:\/\/kentis.com\/de\/shop\/beaucarnea-nolina-recurvata-rauchfresser\/"]}]},{"@type":"ImageObject","inLanguage":"de","@id":"https:\/\/kentis.com\/de\/shop\/beaucarnea-nolina-recurvata-rauchfresser\/#primaryimage","url":"https:\/\/kentis.com\/wp-content\/uploads\/2021\/08\/PTG-NolinaBeucarnea-v14h40-920-16DarkStone-scaled.jpg","contentUrl":"https:\/\/kentis.com\/wp-content\/uploads\/2021\/08\/PTG-NolinaBeucarnea-v14h40-920-16DarkStone-scaled.jpg","width":2560,"height":2560},{"@type":"BreadcrumbList","@id":"https:\/\/kentis.com\/de\/shop\/beaucarnea-nolina-recurvata-rauchfresser\/#breadcrumb","itemListElement":[{"@type":"ListItem","position":1,"name":"Home","item":"https:\/\/kentis.com\/de\/"},{"@type":"ListItem","position":2,"name":"Gesch\u00e4ft","item":"https:\/\/kentis.com\/de\/shop\/"},{"@type":"ListItem","position":3,"name":"Pflanzen","item":"https:\/\/kentis.com\/de\/produkt-kategorie\/pflanzen\/"},{"@type":"ListItem","position":4,"name":"Zimmerpflanzen","item":"https:\/\/kentis.com\/de\/produkt-kategorie\/pflanzen\/zimmerpflanzen\/"},{"@type":"ListItem","position":5,"name":"Haustierfreundlich","item":"https:\/\/kentis.com\/de\/produkt-kategorie\/pflanzen\/zimmerpflanzen\/haustierfreundlich\/"},{"@type":"ListItem","position":6,"name":"Beaucarnea Nolina Recurvata &#8211; Rauchfresser"}]},{"@type":"WebSite","@id":"https:\/\/kentis.com\/de\/#website","url":"https:\/\/kentis.com\/de\/","name":"Kentis","description":"Atelier del verde","publisher":{"@id":"https:\/\/kentis.com\/de\/#organization"},"potentialAction":[{"@type":"SearchAction","target":{"@type":"EntryPoint","urlTemplate":"https:\/\/kentis.com\/de\/?s={search_term_string}"},"query-input":{"@type":"PropertyValueSpecification","valueRequired":true,"valueName":"search_term_string"}}],"inLanguage":"de"},{"@type":"Organization","@id":"https:\/\/kentis.com\/de\/#organization","name":"Kentis","url":"https:\/\/kentis.com\/de\/","logo":{"@type":"ImageObject","inLanguage":"de","@id":"https:\/\/kentis.com\/de\/#\/schema\/logo\/image\/","url":"https:\/\/kentis.com\/wp-content\/uploads\/2021\/08\/logo-main.png","contentUrl":"https:\/\/kentis.com\/wp-content\/uploads\/2021\/08\/logo-main.png","width":800,"height":204,"caption":"Kentis"},"image":{"@id":"https:\/\/kentis.com\/de\/#\/schema\/logo\/image\/"},"sameAs":["https:\/\/www.facebook.com\/kentisgarden","https:\/\/www.instagram.com\/kentisgarden\/","https:\/\/it.pinterest.com\/kentisgarden","https:\/\/www.tiktok.com\/@kentis.com"]}]}},"_links":{"self":[{"href":"https:\/\/kentis.com\/de\/wp-json\/wp\/v2\/product\/25797","targetHints":{"allow":["GET"]}}],"collection":[{"href":"https:\/\/kentis.com\/de\/wp-json\/wp\/v2\/product"}],"about":[{"href":"https:\/\/kentis.com\/de\/wp-json\/wp\/v2\/types\/product"}],"wp:featuredmedia":[{"embeddable":true,"href":"https:\/\/kentis.com\/de\/wp-json\/wp\/v2\/media\/13011"}],"wp:attachment":[{"href":"https:\/\/kentis.com\/de\/wp-json\/wp\/v2\/media?parent=25797"}],"wp:term":[{"taxonomy":"product_cat","embeddable":true,"href":"https:\/\/kentis.com\/de\/wp-json\/wp\/v2\/product_cat?post=25797"},{"taxonomy":"product_tag","embeddable":true,"href":"https:\/\/kentis.com\/de\/wp-json\/wp\/v2\/product_tag?post=25797"}],"curies":[{"name":"wp","href":"https:\/\/api.w.org\/{rel}","templated":true}]}}