{"id":25773,"date":"2021-08-05T11:36:20","date_gmt":"2021-08-05T09:36:20","guid":{"rendered":"https:\/\/kentis.com\/negozio\/rhipsalis-baccifera-oasis\/"},"modified":"2024-11-20T12:52:07","modified_gmt":"2024-11-20T11:52:07","slug":"rhipsalis-baccifera-oasis","status":"publish","type":"product","link":"https:\/\/kentis.com\/de\/shop\/rhipsalis-baccifera-oasis\/","title":{"rendered":"Rhipsalis Baccifera Oasis"},"content":{"rendered":"<div class=\"fusion-fullwidth fullwidth-box fusion-builder-row-1 fusion-flex-container nonhundred-percent-fullwidth non-hundred-percent-height-scrolling\" style=\"--awb-border-radius-top-left:0px;--awb-border-radius-top-right:0px;--awb-border-radius-bottom-right:0px;--awb-border-radius-bottom-left:0px;--awb-flex-wrap:wrap;\" ><div class=\"fusion-builder-row fusion-row fusion-flex-align-items-flex-start fusion-flex-content-wrap\" style=\"max-width:1248px;margin-left: calc(-4% \/ 2 );margin-right: calc(-4% \/ 2 );\"><div class=\"fusion-layout-column fusion_builder_column fusion-builder-column-0 fusion_builder_column_1_1 1_1 fusion-flex-column\" style=\"--awb-bg-size:cover;--awb-width-large:100%;--awb-margin-top-large:0px;--awb-spacing-right-large:1.92%;--awb-margin-bottom-large:0px;--awb-spacing-left-large:1.92%;--awb-width-medium:100%;--awb-spacing-right-medium:1.92%;--awb-spacing-left-medium:1.92%;--awb-width-small:100%;--awb-spacing-right-small:1.92%;--awb-spacing-left-small:1.92%;\"><div class=\"fusion-column-wrapper fusion-flex-justify-content-flex-start fusion-content-layout-column\"><div class=\"fusion-text fusion-text-1\"><p><b><strong>Rhipsalis Baccifera Oasis<\/strong><\/b> ist eine in Mittel- und S\u00fcdamerika beheimatete Pflanze aus der Familie der Kakteengew\u00e4chse. Sie unterscheidet sich von den klassischen Kakteen durch ihre Bl\u00e4tter, die aus d\u00fcnnen, h\u00e4ngenden St\u00e4ngeln bestehen, die ihr ein <b><strong>buschiges, h\u00e4ngendes Aussehen<\/strong><\/b> verleihen. In der Natur w\u00e4chst diese besondere Pflanze, indem sie sich an B\u00e4ume anlehnt und diese nur als St\u00fctze benutzt, ohne sie in irgendeiner Weise zu besch\u00e4digen. Aus diesem Grund eignet sie sich sehr gut f\u00fcr den Anbau in h\u00e4ngenden T\u00f6pfen oder auf Regalen und hohen M\u00f6beln, wobei die St\u00e4ngel frei fallen k\u00f6nnen. <b><strong>Im Fr\u00fchjahr\/Sommer bl\u00fcht sie mit kleinen cremewei\u00dfen Bl\u00fcten<\/strong><\/b>, die sich von dem tiefen Gr\u00fcn ihrer Zweige abheben und einen sch\u00f6nen Kontrast bilden. Sie ist auch eine <b><strong>haustierfreundliche Pflanze<\/strong><\/b>, d. h. sicher f\u00fcr Haustiere.<\/p>\n<\/div><\/div><\/div><\/div><\/div>\n","protected":false},"excerpt":{"rendered":"","protected":false},"featured_media":13265,"template":"","meta":{"_acf_changed":false},"product_cat":[685,541,485],"product_tag":[],"class_list":{"0":"post-25773","1":"product","2":"type-product","3":"status-publish","4":"has-post-thumbnail","6":"product_cat-haustierfreundlich","7":"product_cat-kaktus-sukkulenten","8":"product_cat-pflanzen-mit-wenig-pflege","9":"product_shipping_class-flora-de","10":"pa_ambienti-kueche","11":"pa_ambienti-wohnzimmer","13":"first","14":"instock","15":"taxable","16":"shipping-taxable","17":"purchasable","18":"product-type-variable","19":"has-default-attributes"},"acf":[],"yoast_head":"<!-- This site is optimized with the Yoast SEO plugin v23.4 - https:\/\/yoast.com\/wordpress\/plugins\/seo\/ -->\n<title>Rhipsalis Baccifera Oasis - H\u00e4ngende Sukkulenten | Kentis<\/title>\n<meta name=\"description\" content=\"Rhipsalis Baccifera Oasis ist eine sehr dekorative h\u00e4ngende Sukkulentenpflanze f\u00fcr jede Art von Wohnung und sehr einfach zu pflegen.\" \/>\n<meta name=\"robots\" content=\"index, follow, max-snippet:-1, max-image-preview:large, max-video-preview:-1\" \/>\n<link rel=\"canonical\" href=\"https:\/\/kentis.com\/de\/shop\/rhipsalis-baccifera-oasis\/\" \/>\n<meta property=\"og:locale\" content=\"de_DE\" \/>\n<meta property=\"og:type\" content=\"article\" \/>\n<meta property=\"og:title\" content=\"Rhipsalis Baccifera Oasis - H\u00e4ngende Sukkulenten | Kentis\" \/>\n<meta property=\"og:description\" content=\"Rhipsalis Baccifera Oasis ist eine sehr dekorative h\u00e4ngende Sukkulentenpflanze f\u00fcr jede Art von Wohnung und sehr einfach zu pflegen.\" \/>\n<meta property=\"og:url\" content=\"https:\/\/kentis.com\/de\/shop\/rhipsalis-baccifera-oasis\/\" \/>\n<meta property=\"og:site_name\" content=\"Kentis\" \/>\n<meta property=\"article:publisher\" content=\"https:\/\/www.facebook.com\/kentisgarden\" \/>\n<meta property=\"article:modified_time\" content=\"2024-11-20T11:52:07+00:00\" \/>\n<meta property=\"og:image\" content=\"https:\/\/kentis.com\/wp-content\/uploads\/2021\/08\/PTG-Rhipsalis-Oasis-v17-h25-845-22Alaska.jpg\" \/>\n\t<meta property=\"og:image:width\" content=\"1000\" \/>\n\t<meta property=\"og:image:height\" content=\"1000\" \/>\n\t<meta property=\"og:image:type\" content=\"image\/jpeg\" \/>\n<meta name=\"twitter:card\" content=\"summary_large_image\" \/>\n<meta name=\"twitter:label1\" content=\"Gesch\u00e4tzte Lesezeit\" \/>\n\t<meta name=\"twitter:data1\" content=\"1\u00a0Minute\" \/>\n<script type=\"application\/ld+json\" class=\"yoast-schema-graph\">{\"@context\":\"https:\/\/schema.org\",\"@graph\":[{\"@type\":\"WebPage\",\"@id\":\"https:\/\/kentis.com\/de\/shop\/rhipsalis-baccifera-oasis\/\",\"url\":\"https:\/\/kentis.com\/de\/shop\/rhipsalis-baccifera-oasis\/\",\"name\":\"Rhipsalis Baccifera Oasis - H\u00e4ngende Sukkulenten | Kentis\",\"isPartOf\":{\"@id\":\"https:\/\/kentis.com\/de\/#website\"},\"primaryImageOfPage\":{\"@id\":\"https:\/\/kentis.com\/de\/shop\/rhipsalis-baccifera-oasis\/#primaryimage\"},\"image\":{\"@id\":\"https:\/\/kentis.com\/de\/shop\/rhipsalis-baccifera-oasis\/#primaryimage\"},\"thumbnailUrl\":\"https:\/\/kentis.com\/wp-content\/uploads\/2021\/08\/PTG-Rhipsalis-Oasis-v17-h25-845-22Alaska.jpg\",\"datePublished\":\"2021-08-05T09:36:20+00:00\",\"dateModified\":\"2024-11-20T11:52:07+00:00\",\"description\":\"Rhipsalis Baccifera Oasis ist eine sehr dekorative h\u00e4ngende Sukkulentenpflanze f\u00fcr jede Art von Wohnung und sehr einfach zu pflegen.\",\"breadcrumb\":{\"@id\":\"https:\/\/kentis.com\/de\/shop\/rhipsalis-baccifera-oasis\/#breadcrumb\"},\"inLanguage\":\"de\",\"potentialAction\":[{\"@type\":\"ReadAction\",\"target\":[\"https:\/\/kentis.com\/de\/shop\/rhipsalis-baccifera-oasis\/\"]}]},{\"@type\":\"ImageObject\",\"inLanguage\":\"de\",\"@id\":\"https:\/\/kentis.com\/de\/shop\/rhipsalis-baccifera-oasis\/#primaryimage\",\"url\":\"https:\/\/kentis.com\/wp-content\/uploads\/2021\/08\/PTG-Rhipsalis-Oasis-v17-h25-845-22Alaska.jpg\",\"contentUrl\":\"https:\/\/kentis.com\/wp-content\/uploads\/2021\/08\/PTG-Rhipsalis-Oasis-v17-h25-845-22Alaska.jpg\",\"width\":1000,\"height\":1000},{\"@type\":\"BreadcrumbList\",\"@id\":\"https:\/\/kentis.com\/de\/shop\/rhipsalis-baccifera-oasis\/#breadcrumb\",\"itemListElement\":[{\"@type\":\"ListItem\",\"position\":1,\"name\":\"Home\",\"item\":\"https:\/\/kentis.com\/de\/\"},{\"@type\":\"ListItem\",\"position\":2,\"name\":\"Gesch\u00e4ft\",\"item\":\"https:\/\/kentis.com\/de\/shop\/\"},{\"@type\":\"ListItem\",\"position\":3,\"name\":\"Pflanzen\",\"item\":\"https:\/\/kentis.com\/de\/produkt-kategorie\/pflanzen\/\"},{\"@type\":\"ListItem\",\"position\":4,\"name\":\"Zimmerpflanzen\",\"item\":\"https:\/\/kentis.com\/de\/produkt-kategorie\/pflanzen\/zimmerpflanzen\/\"},{\"@type\":\"ListItem\",\"position\":5,\"name\":\"Kaktus \/ Sukkulenten\",\"item\":\"https:\/\/kentis.com\/de\/produkt-kategorie\/pflanzen\/zimmerpflanzen\/kaktus-sukkulenten\/\"},{\"@type\":\"ListItem\",\"position\":6,\"name\":\"Rhipsalis Baccifera Oasis\"}]},{\"@type\":\"WebSite\",\"@id\":\"https:\/\/kentis.com\/de\/#website\",\"url\":\"https:\/\/kentis.com\/de\/\",\"name\":\"Kentis\",\"description\":\"Atelier del verde\",\"publisher\":{\"@id\":\"https:\/\/kentis.com\/de\/#organization\"},\"potentialAction\":[{\"@type\":\"SearchAction\",\"target\":{\"@type\":\"EntryPoint\",\"urlTemplate\":\"https:\/\/kentis.com\/de\/?s={search_term_string}\"},\"query-input\":{\"@type\":\"PropertyValueSpecification\",\"valueRequired\":true,\"valueName\":\"search_term_string\"}}],\"inLanguage\":\"de\"},{\"@type\":\"Organization\",\"@id\":\"https:\/\/kentis.com\/de\/#organization\",\"name\":\"Kentis\",\"url\":\"https:\/\/kentis.com\/de\/\",\"logo\":{\"@type\":\"ImageObject\",\"inLanguage\":\"de\",\"@id\":\"https:\/\/kentis.com\/de\/#\/schema\/logo\/image\/\",\"url\":\"https:\/\/kentis.com\/wp-content\/uploads\/2021\/08\/logo-main.png\",\"contentUrl\":\"https:\/\/kentis.com\/wp-content\/uploads\/2021\/08\/logo-main.png\",\"width\":800,\"height\":204,\"caption\":\"Kentis\"},\"image\":{\"@id\":\"https:\/\/kentis.com\/de\/#\/schema\/logo\/image\/\"},\"sameAs\":[\"https:\/\/www.facebook.com\/kentisgarden\",\"https:\/\/www.instagram.com\/kentisgarden\/\",\"https:\/\/it.pinterest.com\/kentisgarden\",\"https:\/\/www.tiktok.com\/@kentis.com\"]}]}<\/script>\n<!-- \/ Yoast SEO plugin. -->","yoast_head_json":{"title":"Rhipsalis Baccifera Oasis - H\u00e4ngende Sukkulenten | Kentis","description":"Rhipsalis Baccifera Oasis ist eine sehr dekorative h\u00e4ngende Sukkulentenpflanze f\u00fcr jede Art von Wohnung und sehr einfach zu pflegen.","robots":{"index":"index","follow":"follow","max-snippet":"max-snippet:-1","max-image-preview":"max-image-preview:large","max-video-preview":"max-video-preview:-1"},"canonical":"https:\/\/kentis.com\/de\/shop\/rhipsalis-baccifera-oasis\/","og_locale":"de_DE","og_type":"article","og_title":"Rhipsalis Baccifera Oasis - H\u00e4ngende Sukkulenten | Kentis","og_description":"Rhipsalis Baccifera Oasis ist eine sehr dekorative h\u00e4ngende Sukkulentenpflanze f\u00fcr jede Art von Wohnung und sehr einfach zu pflegen.","og_url":"https:\/\/kentis.com\/de\/shop\/rhipsalis-baccifera-oasis\/","og_site_name":"Kentis","article_publisher":"https:\/\/www.facebook.com\/kentisgarden","article_modified_time":"2024-11-20T11:52:07+00:00","og_image":[{"width":1000,"height":1000,"url":"https:\/\/kentis.com\/wp-content\/uploads\/2021\/08\/PTG-Rhipsalis-Oasis-v17-h25-845-22Alaska.jpg","type":"image\/jpeg"}],"twitter_card":"summary_large_image","twitter_misc":{"Gesch\u00e4tzte Lesezeit":"1\u00a0Minute"},"schema":{"@context":"https:\/\/schema.org","@graph":[{"@type":"WebPage","@id":"https:\/\/kentis.com\/de\/shop\/rhipsalis-baccifera-oasis\/","url":"https:\/\/kentis.com\/de\/shop\/rhipsalis-baccifera-oasis\/","name":"Rhipsalis Baccifera Oasis - H\u00e4ngende Sukkulenten | Kentis","isPartOf":{"@id":"https:\/\/kentis.com\/de\/#website"},"primaryImageOfPage":{"@id":"https:\/\/kentis.com\/de\/shop\/rhipsalis-baccifera-oasis\/#primaryimage"},"image":{"@id":"https:\/\/kentis.com\/de\/shop\/rhipsalis-baccifera-oasis\/#primaryimage"},"thumbnailUrl":"https:\/\/kentis.com\/wp-content\/uploads\/2021\/08\/PTG-Rhipsalis-Oasis-v17-h25-845-22Alaska.jpg","datePublished":"2021-08-05T09:36:20+00:00","dateModified":"2024-11-20T11:52:07+00:00","description":"Rhipsalis Baccifera Oasis ist eine sehr dekorative h\u00e4ngende Sukkulentenpflanze f\u00fcr jede Art von Wohnung und sehr einfach zu pflegen.","breadcrumb":{"@id":"https:\/\/kentis.com\/de\/shop\/rhipsalis-baccifera-oasis\/#breadcrumb"},"inLanguage":"de","potentialAction":[{"@type":"ReadAction","target":["https:\/\/kentis.com\/de\/shop\/rhipsalis-baccifera-oasis\/"]}]},{"@type":"ImageObject","inLanguage":"de","@id":"https:\/\/kentis.com\/de\/shop\/rhipsalis-baccifera-oasis\/#primaryimage","url":"https:\/\/kentis.com\/wp-content\/uploads\/2021\/08\/PTG-Rhipsalis-Oasis-v17-h25-845-22Alaska.jpg","contentUrl":"https:\/\/kentis.com\/wp-content\/uploads\/2021\/08\/PTG-Rhipsalis-Oasis-v17-h25-845-22Alaska.jpg","width":1000,"height":1000},{"@type":"BreadcrumbList","@id":"https:\/\/kentis.com\/de\/shop\/rhipsalis-baccifera-oasis\/#breadcrumb","itemListElement":[{"@type":"ListItem","position":1,"name":"Home","item":"https:\/\/kentis.com\/de\/"},{"@type":"ListItem","position":2,"name":"Gesch\u00e4ft","item":"https:\/\/kentis.com\/de\/shop\/"},{"@type":"ListItem","position":3,"name":"Pflanzen","item":"https:\/\/kentis.com\/de\/produkt-kategorie\/pflanzen\/"},{"@type":"ListItem","position":4,"name":"Zimmerpflanzen","item":"https:\/\/kentis.com\/de\/produkt-kategorie\/pflanzen\/zimmerpflanzen\/"},{"@type":"ListItem","position":5,"name":"Kaktus \/ Sukkulenten","item":"https:\/\/kentis.com\/de\/produkt-kategorie\/pflanzen\/zimmerpflanzen\/kaktus-sukkulenten\/"},{"@type":"ListItem","position":6,"name":"Rhipsalis Baccifera Oasis"}]},{"@type":"WebSite","@id":"https:\/\/kentis.com\/de\/#website","url":"https:\/\/kentis.com\/de\/","name":"Kentis","description":"Atelier del verde","publisher":{"@id":"https:\/\/kentis.com\/de\/#organization"},"potentialAction":[{"@type":"SearchAction","target":{"@type":"EntryPoint","urlTemplate":"https:\/\/kentis.com\/de\/?s={search_term_string}"},"query-input":{"@type":"PropertyValueSpecification","valueRequired":true,"valueName":"search_term_string"}}],"inLanguage":"de"},{"@type":"Organization","@id":"https:\/\/kentis.com\/de\/#organization","name":"Kentis","url":"https:\/\/kentis.com\/de\/","logo":{"@type":"ImageObject","inLanguage":"de","@id":"https:\/\/kentis.com\/de\/#\/schema\/logo\/image\/","url":"https:\/\/kentis.com\/wp-content\/uploads\/2021\/08\/logo-main.png","contentUrl":"https:\/\/kentis.com\/wp-content\/uploads\/2021\/08\/logo-main.png","width":800,"height":204,"caption":"Kentis"},"image":{"@id":"https:\/\/kentis.com\/de\/#\/schema\/logo\/image\/"},"sameAs":["https:\/\/www.facebook.com\/kentisgarden","https:\/\/www.instagram.com\/kentisgarden\/","https:\/\/it.pinterest.com\/kentisgarden","https:\/\/www.tiktok.com\/@kentis.com"]}]}},"_links":{"self":[{"href":"https:\/\/kentis.com\/de\/wp-json\/wp\/v2\/product\/25773","targetHints":{"allow":["GET"]}}],"collection":[{"href":"https:\/\/kentis.com\/de\/wp-json\/wp\/v2\/product"}],"about":[{"href":"https:\/\/kentis.com\/de\/wp-json\/wp\/v2\/types\/product"}],"wp:featuredmedia":[{"embeddable":true,"href":"https:\/\/kentis.com\/de\/wp-json\/wp\/v2\/media\/13265"}],"wp:attachment":[{"href":"https:\/\/kentis.com\/de\/wp-json\/wp\/v2\/media?parent=25773"}],"wp:term":[{"taxonomy":"product_cat","embeddable":true,"href":"https:\/\/kentis.com\/de\/wp-json\/wp\/v2\/product_cat?post=25773"},{"taxonomy":"product_tag","embeddable":true,"href":"https:\/\/kentis.com\/de\/wp-json\/wp\/v2\/product_tag?post=25773"}],"curies":[{"name":"wp","href":"https:\/\/api.w.org\/{rel}","templated":true}]}}