{"id":25765,"date":"2021-08-05T11:59:38","date_gmt":"2021-08-05T09:59:38","guid":{"rendered":"https:\/\/kentis.com\/negozio\/monstera-minima\/"},"modified":"2024-11-20T12:56:34","modified_gmt":"2024-11-20T11:56:34","slug":"monstera-minima","status":"publish","type":"product","link":"https:\/\/kentis.com\/de\/shop\/monstera-minima\/","title":{"rendered":"Monstera Minima"},"content":{"rendered":"<div class=\"fusion-fullwidth fullwidth-box fusion-builder-row-1 fusion-flex-container nonhundred-percent-fullwidth non-hundred-percent-height-scrolling\" style=\"--awb-border-radius-top-left:0px;--awb-border-radius-top-right:0px;--awb-border-radius-bottom-right:0px;--awb-border-radius-bottom-left:0px;--awb-flex-wrap:wrap;\" ><div class=\"fusion-builder-row fusion-row fusion-flex-align-items-flex-start fusion-flex-content-wrap\" style=\"max-width:1248px;margin-left: calc(-4% \/ 2 );margin-right: calc(-4% \/ 2 );\"><div class=\"fusion-layout-column fusion_builder_column fusion-builder-column-0 fusion_builder_column_1_1 1_1 fusion-flex-column\" style=\"--awb-bg-size:cover;--awb-width-large:100%;--awb-margin-top-large:0px;--awb-spacing-right-large:1.92%;--awb-margin-bottom-large:0px;--awb-spacing-left-large:1.92%;--awb-width-medium:100%;--awb-spacing-right-medium:1.92%;--awb-spacing-left-medium:1.92%;--awb-width-small:100%;--awb-spacing-right-small:1.92%;--awb-spacing-left-small:1.92%;\"><div class=\"fusion-column-wrapper fusion-flex-justify-content-flex-start fusion-content-layout-column\"><div class=\"fusion-text fusion-text-1\"><p>Der wissenschaftliche Name von <b><strong>Monstera Minima<\/strong><\/b> ist <b><strong>Rhaphidophora tetrasperma<\/strong><\/b>, und sie wird oft mit Monstera Deliciosa verwechselt. Im Gegensatz zur Deliciosa sind die Bl\u00e4tter der Monstera Minima jedoch kleiner, wodurch sie <b><strong>sich perfekt f\u00fcr Menschen mit wenig Platz eignet<\/strong><\/b>. Trotz der \u00c4hnlichkeiten in Name und Aussehen geh\u00f6ren die beiden Pflanzen jedoch nicht zur selben Gattung. Da es sich um eine Kletterpflanze handelt, k\u00f6nnen Sie sie entweder vertikal mit St\u00fctzen anbauen oder sie an h\u00e4ngenden T\u00f6pfen h\u00e4ngen lassen oder sie auf Regale und M\u00f6bel stellen und ihre Bl\u00e4tter nach unten h\u00e4ngen lassen.<\/p>\n<\/div><\/div><\/div><\/div><\/div>\n","protected":false},"excerpt":{"rendered":"","protected":false},"featured_media":35345,"template":"","meta":{"_acf_changed":false},"product_cat":[485,495],"product_tag":[],"class_list":{"0":"post-25765","1":"product","2":"type-product","3":"status-publish","4":"has-post-thumbnail","6":"product_cat-pflanzen-mit-wenig-pflege","7":"product_cat-pflanzen-fuer-wenig-licht","8":"product_shipping_class-flora-de","9":"pa_ambienti-bad","10":"pa_ambienti-buero-intelligentes-arbeiten","12":"first","13":"instock","14":"taxable","15":"shipping-taxable","16":"purchasable","17":"product-type-variable","18":"has-default-attributes"},"acf":[],"yoast_head":"<!-- This site is optimized with the Yoast SEO plugin v23.4 - https:\/\/yoast.com\/wordpress\/plugins\/seo\/ -->\n<title>Monstera Minima - Kletterpflanzen f\u00fcr drinnen | Kentis<\/title>\n<meta name=\"description\" content=\"Monstera Minima ist eine Zimmerpflanze, die wenig Aufmerksamkeit erfordert und als H\u00e4nge- oder Kletterpflanze verwendet werden kann\" \/>\n<meta name=\"robots\" content=\"index, follow, max-snippet:-1, max-image-preview:large, max-video-preview:-1\" \/>\n<link rel=\"canonical\" href=\"https:\/\/kentis.com\/de\/shop\/monstera-minima\/\" \/>\n<meta property=\"og:locale\" content=\"de_DE\" \/>\n<meta property=\"og:type\" content=\"article\" \/>\n<meta property=\"og:title\" content=\"Monstera Minima - Kletterpflanzen f\u00fcr drinnen | Kentis\" \/>\n<meta property=\"og:description\" content=\"Monstera Minima ist eine Zimmerpflanze, die wenig Aufmerksamkeit erfordert und als H\u00e4nge- oder Kletterpflanze verwendet werden kann\" \/>\n<meta property=\"og:url\" content=\"https:\/\/kentis.com\/de\/shop\/monstera-minima\/\" \/>\n<meta property=\"og:site_name\" content=\"Kentis\" \/>\n<meta property=\"article:publisher\" content=\"https:\/\/www.facebook.com\/kentisgarden\" \/>\n<meta property=\"article:modified_time\" content=\"2024-11-20T11:56:34+00:00\" \/>\n<meta property=\"og:image\" content=\"https:\/\/kentis.com\/wp-content\/uploads\/2021\/08\/PTG-MonsteraMinima-v12-h30-920-14Flora.jpg\" \/>\n\t<meta property=\"og:image:width\" content=\"1000\" \/>\n\t<meta property=\"og:image:height\" content=\"1000\" \/>\n\t<meta property=\"og:image:type\" content=\"image\/jpeg\" \/>\n<meta name=\"twitter:card\" content=\"summary_large_image\" \/>\n<meta name=\"twitter:label1\" content=\"Gesch\u00e4tzte Lesezeit\" \/>\n\t<meta name=\"twitter:data1\" content=\"1\u00a0Minute\" \/>\n<script type=\"application\/ld+json\" class=\"yoast-schema-graph\">{\"@context\":\"https:\/\/schema.org\",\"@graph\":[{\"@type\":\"WebPage\",\"@id\":\"https:\/\/kentis.com\/de\/shop\/monstera-minima\/\",\"url\":\"https:\/\/kentis.com\/de\/shop\/monstera-minima\/\",\"name\":\"Monstera Minima - Kletterpflanzen f\u00fcr drinnen | Kentis\",\"isPartOf\":{\"@id\":\"https:\/\/kentis.com\/de\/#website\"},\"primaryImageOfPage\":{\"@id\":\"https:\/\/kentis.com\/de\/shop\/monstera-minima\/#primaryimage\"},\"image\":{\"@id\":\"https:\/\/kentis.com\/de\/shop\/monstera-minima\/#primaryimage\"},\"thumbnailUrl\":\"https:\/\/kentis.com\/wp-content\/uploads\/2025\/08\/monstera-minima-deep-blue.png\",\"datePublished\":\"2021-08-05T09:59:38+00:00\",\"dateModified\":\"2024-11-20T11:56:34+00:00\",\"description\":\"Monstera Minima ist eine Zimmerpflanze, die wenig Aufmerksamkeit erfordert und als H\u00e4nge- oder Kletterpflanze verwendet werden kann\",\"breadcrumb\":{\"@id\":\"https:\/\/kentis.com\/de\/shop\/monstera-minima\/#breadcrumb\"},\"inLanguage\":\"de\",\"potentialAction\":[{\"@type\":\"ReadAction\",\"target\":[\"https:\/\/kentis.com\/de\/shop\/monstera-minima\/\"]}]},{\"@type\":\"ImageObject\",\"inLanguage\":\"de\",\"@id\":\"https:\/\/kentis.com\/de\/shop\/monstera-minima\/#primaryimage\",\"url\":\"https:\/\/kentis.com\/wp-content\/uploads\/2025\/08\/monstera-minima-deep-blue.png\",\"contentUrl\":\"https:\/\/kentis.com\/wp-content\/uploads\/2025\/08\/monstera-minima-deep-blue.png\",\"width\":1500,\"height\":1500},{\"@type\":\"BreadcrumbList\",\"@id\":\"https:\/\/kentis.com\/de\/shop\/monstera-minima\/#breadcrumb\",\"itemListElement\":[{\"@type\":\"ListItem\",\"position\":1,\"name\":\"Home\",\"item\":\"https:\/\/kentis.com\/de\/\"},{\"@type\":\"ListItem\",\"position\":2,\"name\":\"Gesch\u00e4ft\",\"item\":\"https:\/\/kentis.com\/de\/shop\/\"},{\"@type\":\"ListItem\",\"position\":3,\"name\":\"Pflanzen\",\"item\":\"https:\/\/kentis.com\/de\/produkt-kategorie\/pflanzen\/\"},{\"@type\":\"ListItem\",\"position\":4,\"name\":\"Zimmerpflanzen\",\"item\":\"https:\/\/kentis.com\/de\/produkt-kategorie\/pflanzen\/zimmerpflanzen\/\"},{\"@type\":\"ListItem\",\"position\":5,\"name\":\"Pflanzen die wenig Pflege ben\u00f6tigen\",\"item\":\"https:\/\/kentis.com\/de\/produkt-kategorie\/pflanzen\/zimmerpflanzen\/pflanzen-mit-wenig-pflege\/\"},{\"@type\":\"ListItem\",\"position\":6,\"name\":\"Monstera Minima\"}]},{\"@type\":\"WebSite\",\"@id\":\"https:\/\/kentis.com\/de\/#website\",\"url\":\"https:\/\/kentis.com\/de\/\",\"name\":\"Kentis\",\"description\":\"Atelier del verde\",\"publisher\":{\"@id\":\"https:\/\/kentis.com\/de\/#organization\"},\"potentialAction\":[{\"@type\":\"SearchAction\",\"target\":{\"@type\":\"EntryPoint\",\"urlTemplate\":\"https:\/\/kentis.com\/de\/?s={search_term_string}\"},\"query-input\":{\"@type\":\"PropertyValueSpecification\",\"valueRequired\":true,\"valueName\":\"search_term_string\"}}],\"inLanguage\":\"de\"},{\"@type\":\"Organization\",\"@id\":\"https:\/\/kentis.com\/de\/#organization\",\"name\":\"Kentis\",\"url\":\"https:\/\/kentis.com\/de\/\",\"logo\":{\"@type\":\"ImageObject\",\"inLanguage\":\"de\",\"@id\":\"https:\/\/kentis.com\/de\/#\/schema\/logo\/image\/\",\"url\":\"https:\/\/kentis.com\/wp-content\/uploads\/2021\/08\/logo-main.png\",\"contentUrl\":\"https:\/\/kentis.com\/wp-content\/uploads\/2021\/08\/logo-main.png\",\"width\":800,\"height\":204,\"caption\":\"Kentis\"},\"image\":{\"@id\":\"https:\/\/kentis.com\/de\/#\/schema\/logo\/image\/\"},\"sameAs\":[\"https:\/\/www.facebook.com\/kentisgarden\",\"https:\/\/www.instagram.com\/kentisgarden\/\",\"https:\/\/it.pinterest.com\/kentisgarden\",\"https:\/\/www.tiktok.com\/@kentis.com\"]}]}<\/script>\n<!-- \/ Yoast SEO plugin. -->","yoast_head_json":{"title":"Monstera Minima - Kletterpflanzen f\u00fcr drinnen | Kentis","description":"Monstera Minima ist eine Zimmerpflanze, die wenig Aufmerksamkeit erfordert und als H\u00e4nge- oder Kletterpflanze verwendet werden kann","robots":{"index":"index","follow":"follow","max-snippet":"max-snippet:-1","max-image-preview":"max-image-preview:large","max-video-preview":"max-video-preview:-1"},"canonical":"https:\/\/kentis.com\/de\/shop\/monstera-minima\/","og_locale":"de_DE","og_type":"article","og_title":"Monstera Minima - Kletterpflanzen f\u00fcr drinnen | Kentis","og_description":"Monstera Minima ist eine Zimmerpflanze, die wenig Aufmerksamkeit erfordert und als H\u00e4nge- oder Kletterpflanze verwendet werden kann","og_url":"https:\/\/kentis.com\/de\/shop\/monstera-minima\/","og_site_name":"Kentis","article_publisher":"https:\/\/www.facebook.com\/kentisgarden","article_modified_time":"2024-11-20T11:56:34+00:00","og_image":[{"width":1000,"height":1000,"url":"https:\/\/kentis.com\/wp-content\/uploads\/2021\/08\/PTG-MonsteraMinima-v12-h30-920-14Flora.jpg","type":"image\/jpeg"}],"twitter_card":"summary_large_image","twitter_misc":{"Gesch\u00e4tzte Lesezeit":"1\u00a0Minute"},"schema":{"@context":"https:\/\/schema.org","@graph":[{"@type":"WebPage","@id":"https:\/\/kentis.com\/de\/shop\/monstera-minima\/","url":"https:\/\/kentis.com\/de\/shop\/monstera-minima\/","name":"Monstera Minima - Kletterpflanzen f\u00fcr drinnen | Kentis","isPartOf":{"@id":"https:\/\/kentis.com\/de\/#website"},"primaryImageOfPage":{"@id":"https:\/\/kentis.com\/de\/shop\/monstera-minima\/#primaryimage"},"image":{"@id":"https:\/\/kentis.com\/de\/shop\/monstera-minima\/#primaryimage"},"thumbnailUrl":"https:\/\/kentis.com\/wp-content\/uploads\/2025\/08\/monstera-minima-deep-blue.png","datePublished":"2021-08-05T09:59:38+00:00","dateModified":"2024-11-20T11:56:34+00:00","description":"Monstera Minima ist eine Zimmerpflanze, die wenig Aufmerksamkeit erfordert und als H\u00e4nge- oder Kletterpflanze verwendet werden kann","breadcrumb":{"@id":"https:\/\/kentis.com\/de\/shop\/monstera-minima\/#breadcrumb"},"inLanguage":"de","potentialAction":[{"@type":"ReadAction","target":["https:\/\/kentis.com\/de\/shop\/monstera-minima\/"]}]},{"@type":"ImageObject","inLanguage":"de","@id":"https:\/\/kentis.com\/de\/shop\/monstera-minima\/#primaryimage","url":"https:\/\/kentis.com\/wp-content\/uploads\/2025\/08\/monstera-minima-deep-blue.png","contentUrl":"https:\/\/kentis.com\/wp-content\/uploads\/2025\/08\/monstera-minima-deep-blue.png","width":1500,"height":1500},{"@type":"BreadcrumbList","@id":"https:\/\/kentis.com\/de\/shop\/monstera-minima\/#breadcrumb","itemListElement":[{"@type":"ListItem","position":1,"name":"Home","item":"https:\/\/kentis.com\/de\/"},{"@type":"ListItem","position":2,"name":"Gesch\u00e4ft","item":"https:\/\/kentis.com\/de\/shop\/"},{"@type":"ListItem","position":3,"name":"Pflanzen","item":"https:\/\/kentis.com\/de\/produkt-kategorie\/pflanzen\/"},{"@type":"ListItem","position":4,"name":"Zimmerpflanzen","item":"https:\/\/kentis.com\/de\/produkt-kategorie\/pflanzen\/zimmerpflanzen\/"},{"@type":"ListItem","position":5,"name":"Pflanzen die wenig Pflege ben\u00f6tigen","item":"https:\/\/kentis.com\/de\/produkt-kategorie\/pflanzen\/zimmerpflanzen\/pflanzen-mit-wenig-pflege\/"},{"@type":"ListItem","position":6,"name":"Monstera Minima"}]},{"@type":"WebSite","@id":"https:\/\/kentis.com\/de\/#website","url":"https:\/\/kentis.com\/de\/","name":"Kentis","description":"Atelier del verde","publisher":{"@id":"https:\/\/kentis.com\/de\/#organization"},"potentialAction":[{"@type":"SearchAction","target":{"@type":"EntryPoint","urlTemplate":"https:\/\/kentis.com\/de\/?s={search_term_string}"},"query-input":{"@type":"PropertyValueSpecification","valueRequired":true,"valueName":"search_term_string"}}],"inLanguage":"de"},{"@type":"Organization","@id":"https:\/\/kentis.com\/de\/#organization","name":"Kentis","url":"https:\/\/kentis.com\/de\/","logo":{"@type":"ImageObject","inLanguage":"de","@id":"https:\/\/kentis.com\/de\/#\/schema\/logo\/image\/","url":"https:\/\/kentis.com\/wp-content\/uploads\/2021\/08\/logo-main.png","contentUrl":"https:\/\/kentis.com\/wp-content\/uploads\/2021\/08\/logo-main.png","width":800,"height":204,"caption":"Kentis"},"image":{"@id":"https:\/\/kentis.com\/de\/#\/schema\/logo\/image\/"},"sameAs":["https:\/\/www.facebook.com\/kentisgarden","https:\/\/www.instagram.com\/kentisgarden\/","https:\/\/it.pinterest.com\/kentisgarden","https:\/\/www.tiktok.com\/@kentis.com"]}]}},"_links":{"self":[{"href":"https:\/\/kentis.com\/de\/wp-json\/wp\/v2\/product\/25765","targetHints":{"allow":["GET"]}}],"collection":[{"href":"https:\/\/kentis.com\/de\/wp-json\/wp\/v2\/product"}],"about":[{"href":"https:\/\/kentis.com\/de\/wp-json\/wp\/v2\/types\/product"}],"wp:featuredmedia":[{"embeddable":true,"href":"https:\/\/kentis.com\/de\/wp-json\/wp\/v2\/media\/35345"}],"wp:attachment":[{"href":"https:\/\/kentis.com\/de\/wp-json\/wp\/v2\/media?parent=25765"}],"wp:term":[{"taxonomy":"product_cat","embeddable":true,"href":"https:\/\/kentis.com\/de\/wp-json\/wp\/v2\/product_cat?post=25765"},{"taxonomy":"product_tag","embeddable":true,"href":"https:\/\/kentis.com\/de\/wp-json\/wp\/v2\/product_tag?post=25765"}],"curies":[{"name":"wp","href":"https:\/\/api.w.org\/{rel}","templated":true}]}}