{"id":25759,"date":"2021-08-05T12:49:53","date_gmt":"2021-08-05T10:49:53","guid":{"rendered":"https:\/\/kentis.com\/negozio\/bonsai-ficus-ginseng-retusa\/"},"modified":"2024-11-20T13:00:47","modified_gmt":"2024-11-20T12:00:47","slug":"bonsai-ficus-ginseng-retusa","status":"publish","type":"product","link":"https:\/\/kentis.com\/de\/shop\/bonsai-ficus-ginseng-retusa\/","title":{"rendered":"Bonsai Ficus Ginseng Retusa"},"content":{"rendered":"<div class=\"fusion-fullwidth fullwidth-box fusion-builder-row-1 fusion-flex-container nonhundred-percent-fullwidth non-hundred-percent-height-scrolling\" style=\"--awb-border-radius-top-left:0px;--awb-border-radius-top-right:0px;--awb-border-radius-bottom-right:0px;--awb-border-radius-bottom-left:0px;--awb-flex-wrap:wrap;\" ><div class=\"fusion-builder-row fusion-row fusion-flex-align-items-flex-start fusion-flex-content-wrap\" style=\"max-width:1248px;margin-left: calc(-4% \/ 2 );margin-right: calc(-4% \/ 2 );\"><div class=\"fusion-layout-column fusion_builder_column fusion-builder-column-0 fusion_builder_column_1_1 1_1 fusion-flex-column\" style=\"--awb-bg-size:cover;--awb-width-large:100%;--awb-margin-top-large:0px;--awb-spacing-right-large:1.92%;--awb-margin-bottom-large:0px;--awb-spacing-left-large:1.92%;--awb-width-medium:100%;--awb-spacing-right-medium:1.92%;--awb-spacing-left-medium:1.92%;--awb-width-small:100%;--awb-spacing-right-small:1.92%;--awb-spacing-left-small:1.92%;\"><div class=\"fusion-column-wrapper fusion-flex-justify-content-flex-start fusion-content-layout-column\"><div class=\"fusion-text fusion-text-1\"><p><b><strong>Ficus &#8216;Ginseng&#8217; Retusa<\/strong><\/b>, ist ein immergr\u00fcner Zimmerbonsai asiatischen Ursprungs, der leicht an seinem verdickten Stamm und seinen Luftwurzeln zu erkennen ist, die ihm ein einzigartiges Aussehen verleihen. Die kleinen, ovalen, gl\u00e4nzend gr\u00fcnen Bl\u00e4tter verleihen der Pflanze ein elegantes Aussehen und unterscheiden sie vom Ficus Microcarpa, mit dem sie oft verwechselt wird, dessen Bl\u00e4tter aber zur Spitze hin d\u00fcnner sind. Aufgrund der einfachen Pflege und der geringen Anspr\u00fcche an den Unterhalt ist sie die <b><strong>ideale Wahl f\u00fcr diejenigen, die sich zum ersten Mal der Welt des Bonsai n\u00e4hern wollen<\/strong><\/b>, oder f\u00fcr diejenigen, die eine B\u00fcropflanze suchen, die wenig Aufmerksamkeit erfordert.<\/p>\n<p>Die H\u00f6he der Pflanze vom Topfboden aus betr\u00e4gt zwischen 25 und 35 cm.<\/p>\n<\/div><\/div><\/div><\/div><\/div>\n","protected":false},"excerpt":{"rendered":"","protected":false},"featured_media":35264,"template":"","meta":{"_acf_changed":false},"product_cat":[588,516,485],"product_tag":[],"class_list":{"0":"post-25759","1":"product","2":"type-product","3":"status-publish","4":"has-post-thumbnail","6":"product_cat-bonsai-und-extras","7":"product_cat-fuer-ihn","8":"product_cat-pflanzen-mit-wenig-pflege","9":"product_shipping_class-flora-de","10":"pa_ambienti-buero-intelligentes-arbeiten","12":"first","13":"instock","14":"taxable","15":"shipping-taxable","16":"purchasable","17":"product-type-variable","18":"has-default-attributes"},"acf":[],"yoast_head":"<!-- This site is optimized with the Yoast SEO plugin v23.4 - https:\/\/yoast.com\/wordpress\/plugins\/seo\/ -->\n<title>Bonsai Ficus Ginseng - Ficus Retusa - Zimmer-Bonsai | Kentis<\/title>\n<meta name=\"description\" content=\"Der Ficus Ginseng Bonsai, oder Ficus Retusa, ist ein pflegeleichter Bonsai, perfekt f\u00fcr alle, die noch keine Erfahrung mit Bonsai im Haus haben.\" \/>\n<meta name=\"robots\" content=\"index, follow, max-snippet:-1, max-image-preview:large, max-video-preview:-1\" \/>\n<link rel=\"canonical\" href=\"https:\/\/kentis.com\/de\/shop\/bonsai-ficus-ginseng-retusa\/\" \/>\n<meta property=\"og:locale\" content=\"de_DE\" \/>\n<meta property=\"og:type\" content=\"article\" \/>\n<meta property=\"og:title\" content=\"Bonsai Ficus Ginseng - Ficus Retusa - Zimmer-Bonsai | Kentis\" \/>\n<meta property=\"og:description\" content=\"Der Ficus Ginseng Bonsai, oder Ficus Retusa, ist ein pflegeleichter Bonsai, perfekt f\u00fcr alle, die noch keine Erfahrung mit Bonsai im Haus haben.\" \/>\n<meta property=\"og:url\" content=\"https:\/\/kentis.com\/de\/shop\/bonsai-ficus-ginseng-retusa\/\" \/>\n<meta property=\"og:site_name\" content=\"Kentis\" \/>\n<meta property=\"article:publisher\" content=\"https:\/\/www.facebook.com\/kentisgarden\" \/>\n<meta property=\"article:modified_time\" content=\"2024-11-20T12:00:47+00:00\" \/>\n<meta property=\"og:image\" content=\"https:\/\/kentis.com\/wp-content\/uploads\/2021\/08\/PTG-Ficus-Ginseng-v15-h30_elho-vibes-16-butter-yellow-scaled.jpg\" \/>\n\t<meta property=\"og:image:width\" content=\"2560\" \/>\n\t<meta property=\"og:image:height\" content=\"2560\" \/>\n\t<meta property=\"og:image:type\" content=\"image\/jpeg\" \/>\n<meta name=\"twitter:card\" content=\"summary_large_image\" \/>\n<meta name=\"twitter:label1\" content=\"Gesch\u00e4tzte Lesezeit\" \/>\n\t<meta name=\"twitter:data1\" content=\"1\u00a0Minute\" \/>\n<script type=\"application\/ld+json\" class=\"yoast-schema-graph\">{\"@context\":\"https:\/\/schema.org\",\"@graph\":[{\"@type\":\"WebPage\",\"@id\":\"https:\/\/kentis.com\/de\/shop\/bonsai-ficus-ginseng-retusa\/\",\"url\":\"https:\/\/kentis.com\/de\/shop\/bonsai-ficus-ginseng-retusa\/\",\"name\":\"Bonsai Ficus Ginseng - Ficus Retusa - Zimmer-Bonsai | Kentis\",\"isPartOf\":{\"@id\":\"https:\/\/kentis.com\/de\/#website\"},\"primaryImageOfPage\":{\"@id\":\"https:\/\/kentis.com\/de\/shop\/bonsai-ficus-ginseng-retusa\/#primaryimage\"},\"image\":{\"@id\":\"https:\/\/kentis.com\/de\/shop\/bonsai-ficus-ginseng-retusa\/#primaryimage\"},\"thumbnailUrl\":\"https:\/\/kentis.com\/wp-content\/uploads\/2025\/06\/ficus-ginseng-vaso-blue-jeans.png\",\"datePublished\":\"2021-08-05T10:49:53+00:00\",\"dateModified\":\"2024-11-20T12:00:47+00:00\",\"description\":\"Der Ficus Ginseng Bonsai, oder Ficus Retusa, ist ein pflegeleichter Bonsai, perfekt f\u00fcr alle, die noch keine Erfahrung mit Bonsai im Haus haben.\",\"breadcrumb\":{\"@id\":\"https:\/\/kentis.com\/de\/shop\/bonsai-ficus-ginseng-retusa\/#breadcrumb\"},\"inLanguage\":\"de\",\"potentialAction\":[{\"@type\":\"ReadAction\",\"target\":[\"https:\/\/kentis.com\/de\/shop\/bonsai-ficus-ginseng-retusa\/\"]}]},{\"@type\":\"ImageObject\",\"inLanguage\":\"de\",\"@id\":\"https:\/\/kentis.com\/de\/shop\/bonsai-ficus-ginseng-retusa\/#primaryimage\",\"url\":\"https:\/\/kentis.com\/wp-content\/uploads\/2025\/06\/ficus-ginseng-vaso-blue-jeans.png\",\"contentUrl\":\"https:\/\/kentis.com\/wp-content\/uploads\/2025\/06\/ficus-ginseng-vaso-blue-jeans.png\",\"width\":1500,\"height\":1500},{\"@type\":\"BreadcrumbList\",\"@id\":\"https:\/\/kentis.com\/de\/shop\/bonsai-ficus-ginseng-retusa\/#breadcrumb\",\"itemListElement\":[{\"@type\":\"ListItem\",\"position\":1,\"name\":\"Home\",\"item\":\"https:\/\/kentis.com\/de\/\"},{\"@type\":\"ListItem\",\"position\":2,\"name\":\"Gesch\u00e4ft\",\"item\":\"https:\/\/kentis.com\/de\/shop\/\"},{\"@type\":\"ListItem\",\"position\":3,\"name\":\"Bonsai und Extras\",\"item\":\"https:\/\/kentis.com\/de\/produkt-kategorie\/bonsai-und-extras\/\"},{\"@type\":\"ListItem\",\"position\":4,\"name\":\"Bonsai Ficus Ginseng Retusa\"}]},{\"@type\":\"WebSite\",\"@id\":\"https:\/\/kentis.com\/de\/#website\",\"url\":\"https:\/\/kentis.com\/de\/\",\"name\":\"Kentis\",\"description\":\"Atelier del verde\",\"publisher\":{\"@id\":\"https:\/\/kentis.com\/de\/#organization\"},\"potentialAction\":[{\"@type\":\"SearchAction\",\"target\":{\"@type\":\"EntryPoint\",\"urlTemplate\":\"https:\/\/kentis.com\/de\/?s={search_term_string}\"},\"query-input\":{\"@type\":\"PropertyValueSpecification\",\"valueRequired\":true,\"valueName\":\"search_term_string\"}}],\"inLanguage\":\"de\"},{\"@type\":\"Organization\",\"@id\":\"https:\/\/kentis.com\/de\/#organization\",\"name\":\"Kentis\",\"url\":\"https:\/\/kentis.com\/de\/\",\"logo\":{\"@type\":\"ImageObject\",\"inLanguage\":\"de\",\"@id\":\"https:\/\/kentis.com\/de\/#\/schema\/logo\/image\/\",\"url\":\"https:\/\/kentis.com\/wp-content\/uploads\/2021\/08\/logo-main.png\",\"contentUrl\":\"https:\/\/kentis.com\/wp-content\/uploads\/2021\/08\/logo-main.png\",\"width\":800,\"height\":204,\"caption\":\"Kentis\"},\"image\":{\"@id\":\"https:\/\/kentis.com\/de\/#\/schema\/logo\/image\/\"},\"sameAs\":[\"https:\/\/www.facebook.com\/kentisgarden\",\"https:\/\/www.instagram.com\/kentisgarden\/\",\"https:\/\/it.pinterest.com\/kentisgarden\",\"https:\/\/www.tiktok.com\/@kentis.com\"]}]}<\/script>\n<!-- \/ Yoast SEO plugin. -->","yoast_head_json":{"title":"Bonsai Ficus Ginseng - Ficus Retusa - Zimmer-Bonsai | Kentis","description":"Der Ficus Ginseng Bonsai, oder Ficus Retusa, ist ein pflegeleichter Bonsai, perfekt f\u00fcr alle, die noch keine Erfahrung mit Bonsai im Haus haben.","robots":{"index":"index","follow":"follow","max-snippet":"max-snippet:-1","max-image-preview":"max-image-preview:large","max-video-preview":"max-video-preview:-1"},"canonical":"https:\/\/kentis.com\/de\/shop\/bonsai-ficus-ginseng-retusa\/","og_locale":"de_DE","og_type":"article","og_title":"Bonsai Ficus Ginseng - Ficus Retusa - Zimmer-Bonsai | Kentis","og_description":"Der Ficus Ginseng Bonsai, oder Ficus Retusa, ist ein pflegeleichter Bonsai, perfekt f\u00fcr alle, die noch keine Erfahrung mit Bonsai im Haus haben.","og_url":"https:\/\/kentis.com\/de\/shop\/bonsai-ficus-ginseng-retusa\/","og_site_name":"Kentis","article_publisher":"https:\/\/www.facebook.com\/kentisgarden","article_modified_time":"2024-11-20T12:00:47+00:00","og_image":[{"width":2560,"height":2560,"url":"https:\/\/kentis.com\/wp-content\/uploads\/2021\/08\/PTG-Ficus-Ginseng-v15-h30_elho-vibes-16-butter-yellow-scaled.jpg","type":"image\/jpeg"}],"twitter_card":"summary_large_image","twitter_misc":{"Gesch\u00e4tzte Lesezeit":"1\u00a0Minute"},"schema":{"@context":"https:\/\/schema.org","@graph":[{"@type":"WebPage","@id":"https:\/\/kentis.com\/de\/shop\/bonsai-ficus-ginseng-retusa\/","url":"https:\/\/kentis.com\/de\/shop\/bonsai-ficus-ginseng-retusa\/","name":"Bonsai Ficus Ginseng - Ficus Retusa - Zimmer-Bonsai | Kentis","isPartOf":{"@id":"https:\/\/kentis.com\/de\/#website"},"primaryImageOfPage":{"@id":"https:\/\/kentis.com\/de\/shop\/bonsai-ficus-ginseng-retusa\/#primaryimage"},"image":{"@id":"https:\/\/kentis.com\/de\/shop\/bonsai-ficus-ginseng-retusa\/#primaryimage"},"thumbnailUrl":"https:\/\/kentis.com\/wp-content\/uploads\/2025\/06\/ficus-ginseng-vaso-blue-jeans.png","datePublished":"2021-08-05T10:49:53+00:00","dateModified":"2024-11-20T12:00:47+00:00","description":"Der Ficus Ginseng Bonsai, oder Ficus Retusa, ist ein pflegeleichter Bonsai, perfekt f\u00fcr alle, die noch keine Erfahrung mit Bonsai im Haus haben.","breadcrumb":{"@id":"https:\/\/kentis.com\/de\/shop\/bonsai-ficus-ginseng-retusa\/#breadcrumb"},"inLanguage":"de","potentialAction":[{"@type":"ReadAction","target":["https:\/\/kentis.com\/de\/shop\/bonsai-ficus-ginseng-retusa\/"]}]},{"@type":"ImageObject","inLanguage":"de","@id":"https:\/\/kentis.com\/de\/shop\/bonsai-ficus-ginseng-retusa\/#primaryimage","url":"https:\/\/kentis.com\/wp-content\/uploads\/2025\/06\/ficus-ginseng-vaso-blue-jeans.png","contentUrl":"https:\/\/kentis.com\/wp-content\/uploads\/2025\/06\/ficus-ginseng-vaso-blue-jeans.png","width":1500,"height":1500},{"@type":"BreadcrumbList","@id":"https:\/\/kentis.com\/de\/shop\/bonsai-ficus-ginseng-retusa\/#breadcrumb","itemListElement":[{"@type":"ListItem","position":1,"name":"Home","item":"https:\/\/kentis.com\/de\/"},{"@type":"ListItem","position":2,"name":"Gesch\u00e4ft","item":"https:\/\/kentis.com\/de\/shop\/"},{"@type":"ListItem","position":3,"name":"Bonsai und Extras","item":"https:\/\/kentis.com\/de\/produkt-kategorie\/bonsai-und-extras\/"},{"@type":"ListItem","position":4,"name":"Bonsai Ficus Ginseng Retusa"}]},{"@type":"WebSite","@id":"https:\/\/kentis.com\/de\/#website","url":"https:\/\/kentis.com\/de\/","name":"Kentis","description":"Atelier del verde","publisher":{"@id":"https:\/\/kentis.com\/de\/#organization"},"potentialAction":[{"@type":"SearchAction","target":{"@type":"EntryPoint","urlTemplate":"https:\/\/kentis.com\/de\/?s={search_term_string}"},"query-input":{"@type":"PropertyValueSpecification","valueRequired":true,"valueName":"search_term_string"}}],"inLanguage":"de"},{"@type":"Organization","@id":"https:\/\/kentis.com\/de\/#organization","name":"Kentis","url":"https:\/\/kentis.com\/de\/","logo":{"@type":"ImageObject","inLanguage":"de","@id":"https:\/\/kentis.com\/de\/#\/schema\/logo\/image\/","url":"https:\/\/kentis.com\/wp-content\/uploads\/2021\/08\/logo-main.png","contentUrl":"https:\/\/kentis.com\/wp-content\/uploads\/2021\/08\/logo-main.png","width":800,"height":204,"caption":"Kentis"},"image":{"@id":"https:\/\/kentis.com\/de\/#\/schema\/logo\/image\/"},"sameAs":["https:\/\/www.facebook.com\/kentisgarden","https:\/\/www.instagram.com\/kentisgarden\/","https:\/\/it.pinterest.com\/kentisgarden","https:\/\/www.tiktok.com\/@kentis.com"]}]}},"_links":{"self":[{"href":"https:\/\/kentis.com\/de\/wp-json\/wp\/v2\/product\/25759","targetHints":{"allow":["GET"]}}],"collection":[{"href":"https:\/\/kentis.com\/de\/wp-json\/wp\/v2\/product"}],"about":[{"href":"https:\/\/kentis.com\/de\/wp-json\/wp\/v2\/types\/product"}],"wp:featuredmedia":[{"embeddable":true,"href":"https:\/\/kentis.com\/de\/wp-json\/wp\/v2\/media\/35264"}],"wp:attachment":[{"href":"https:\/\/kentis.com\/de\/wp-json\/wp\/v2\/media?parent=25759"}],"wp:term":[{"taxonomy":"product_cat","embeddable":true,"href":"https:\/\/kentis.com\/de\/wp-json\/wp\/v2\/product_cat?post=25759"},{"taxonomy":"product_tag","embeddable":true,"href":"https:\/\/kentis.com\/de\/wp-json\/wp\/v2\/product_tag?post=25759"}],"curies":[{"name":"wp","href":"https:\/\/api.w.org\/{rel}","templated":true}]}}