{"id":25752,"date":"2021-08-05T14:22:54","date_gmt":"2021-08-05T12:22:54","guid":{"rendered":"https:\/\/kentis.com\/negozio\/echinocactus\/"},"modified":"2024-11-19T12:20:52","modified_gmt":"2024-11-19T11:20:52","slug":"echinocactus-grusonii","status":"publish","type":"product","link":"https:\/\/kentis.com\/de\/shop\/echinocactus-grusonii\/","title":{"rendered":"Echinocactus Grusonii"},"content":{"rendered":"<div class=\"fusion-fullwidth fullwidth-box fusion-builder-row-1 fusion-flex-container nonhundred-percent-fullwidth non-hundred-percent-height-scrolling\" style=\"--awb-border-radius-top-left:0px;--awb-border-radius-top-right:0px;--awb-border-radius-bottom-right:0px;--awb-border-radius-bottom-left:0px;--awb-flex-wrap:wrap;\" ><div class=\"fusion-builder-row fusion-row fusion-flex-align-items-flex-start fusion-flex-content-wrap\" style=\"max-width:1248px;margin-left: calc(-4% \/ 2 );margin-right: calc(-4% \/ 2 );\"><div class=\"fusion-layout-column fusion_builder_column fusion-builder-column-0 fusion_builder_column_1_1 1_1 fusion-flex-column\" style=\"--awb-bg-size:cover;--awb-width-large:100%;--awb-margin-top-large:0px;--awb-spacing-right-large:1.92%;--awb-margin-bottom-large:0px;--awb-spacing-left-large:1.92%;--awb-width-medium:100%;--awb-spacing-right-medium:1.92%;--awb-spacing-left-medium:1.92%;--awb-width-small:100%;--awb-spacing-right-small:1.92%;--awb-spacing-left-small:1.92%;\"><div class=\"fusion-column-wrapper fusion-flex-justify-content-flex-start fusion-content-layout-column\"><div class=\"fusion-text fusion-text-1\"><p><b><strong>Echinocactus grusonii<\/strong><\/b>, auch bekannt als &#8220;<b><strong>Schwiegermutterkissen<\/strong><\/b> \u201a oder <b><strong>Grusone&#8221;<\/strong><\/b>, ist wahrscheinlich der ber\u00fchmteste und bekannteste Kaktus, den es gibt. Er zeichnet sich durch seinen tiefgr\u00fcnen, kugelf\u00f6rmigen St\u00e4ngel aus, der durch zahlreiche, gut ausgepr\u00e4gte Rippen gekennzeichnet ist, aus denen steife, gelbe Stacheln sprie\u00dfen, die einen angenehmen Farbkontrast bilden. Im Fr\u00fchjahr\/Sommer <b><strong>bl\u00fchen die ausgewachsenen Pflanzen<\/strong><\/b> und schm\u00fccken sich mit einer Krone aus h\u00fcbschen gelben Bl\u00fcten an der Spitze, was diese Sukkulente noch attraktiver macht. Sie ist au\u00dferdem eine <b><strong>pflegeleichte Pflanze<\/strong><\/b>, die keine besondere Aufmerksamkeit erfordert und dank ihrer F\u00e4higkeit, viel Wasser zu speichern, auch Trockenperioden gut \u00fcbersteht.<\/p>\n<p>Die H\u00f6he der Pflanze vom Topfboden aus betr\u00e4gt 20 bis 30 cm.<\/p>\n<\/div><\/div><\/div><\/div><\/div>\n","protected":false},"excerpt":{"rendered":"","protected":false},"featured_media":13409,"template":"","meta":{"_acf_changed":false},"product_cat":[541,485],"product_tag":[],"class_list":{"0":"post-25752","1":"product","2":"type-product","3":"status-publish","4":"has-post-thumbnail","6":"product_cat-kaktus-sukkulenten","7":"product_cat-pflanzen-mit-wenig-pflege","8":"product_shipping_class-flora-de","9":"pa_ambienti-buero-intelligentes-arbeiten","10":"pa_ambienti-wohnzimmer","12":"first","13":"outofstock","14":"taxable","15":"shipping-taxable","16":"purchasable","17":"product-type-simple"},"acf":[],"yoast_head":"<!-- This site is optimized with the Yoast SEO plugin v23.4 - https:\/\/yoast.com\/wordpress\/plugins\/seo\/ -->\n<title>Echinocactus - Indoor Kaktus - Indoor Sukkulenten | Kentis<\/title>\n<meta name=\"description\" content=\"Der Echinokaktus ist eine sukkulente Zimmerpflanze aus der Familie der Kakteengew\u00e4chse, ein Klassiker unter den Zierpflanzen\" \/>\n<meta name=\"robots\" content=\"index, follow, max-snippet:-1, max-image-preview:large, max-video-preview:-1\" \/>\n<link rel=\"canonical\" href=\"https:\/\/kentis.com\/de\/shop\/echinocactus-grusonii\/\" \/>\n<meta property=\"og:locale\" content=\"de_DE\" \/>\n<meta property=\"og:type\" content=\"article\" \/>\n<meta property=\"og:title\" content=\"Echinocactus - Indoor Kaktus - Indoor Sukkulenten | Kentis\" \/>\n<meta property=\"og:description\" content=\"Der Echinokaktus ist eine sukkulente Zimmerpflanze aus der Familie der Kakteengew\u00e4chse, ein Klassiker unter den Zierpflanzen\" \/>\n<meta property=\"og:url\" content=\"https:\/\/kentis.com\/de\/shop\/echinocactus-grusonii\/\" \/>\n<meta property=\"og:site_name\" content=\"Kentis\" \/>\n<meta property=\"article:publisher\" content=\"https:\/\/www.facebook.com\/kentisgarden\" \/>\n<meta property=\"article:modified_time\" content=\"2024-11-19T11:20:52+00:00\" \/>\n<meta property=\"og:image\" content=\"https:\/\/kentis.com\/wp-content\/uploads\/2021\/08\/PTG-Grasse-Terracotta-Echinocatus-Grusonii-v14-h22-frontale.jpg\" \/>\n\t<meta property=\"og:image:width\" content=\"1000\" \/>\n\t<meta property=\"og:image:height\" content=\"1000\" \/>\n\t<meta property=\"og:image:type\" content=\"image\/jpeg\" \/>\n<meta name=\"twitter:card\" content=\"summary_large_image\" \/>\n<meta name=\"twitter:label1\" content=\"Gesch\u00e4tzte Lesezeit\" \/>\n\t<meta name=\"twitter:data1\" content=\"1\u00a0Minute\" \/>\n<script type=\"application\/ld+json\" class=\"yoast-schema-graph\">{\"@context\":\"https:\/\/schema.org\",\"@graph\":[{\"@type\":\"WebPage\",\"@id\":\"https:\/\/kentis.com\/de\/shop\/echinocactus-grusonii\/\",\"url\":\"https:\/\/kentis.com\/de\/shop\/echinocactus-grusonii\/\",\"name\":\"Echinocactus - Indoor Kaktus - Indoor Sukkulenten | Kentis\",\"isPartOf\":{\"@id\":\"https:\/\/kentis.com\/de\/#website\"},\"primaryImageOfPage\":{\"@id\":\"https:\/\/kentis.com\/de\/shop\/echinocactus-grusonii\/#primaryimage\"},\"image\":{\"@id\":\"https:\/\/kentis.com\/de\/shop\/echinocactus-grusonii\/#primaryimage\"},\"thumbnailUrl\":\"https:\/\/kentis.com\/wp-content\/uploads\/2021\/08\/PTG-Grasse-Terracotta-Echinocatus-Grusonii-v14-h22-frontale.jpg\",\"datePublished\":\"2021-08-05T12:22:54+00:00\",\"dateModified\":\"2024-11-19T11:20:52+00:00\",\"description\":\"Der Echinokaktus ist eine sukkulente Zimmerpflanze aus der Familie der Kakteengew\u00e4chse, ein Klassiker unter den Zierpflanzen\",\"breadcrumb\":{\"@id\":\"https:\/\/kentis.com\/de\/shop\/echinocactus-grusonii\/#breadcrumb\"},\"inLanguage\":\"de\",\"potentialAction\":[{\"@type\":\"ReadAction\",\"target\":[\"https:\/\/kentis.com\/de\/shop\/echinocactus-grusonii\/\"]}]},{\"@type\":\"ImageObject\",\"inLanguage\":\"de\",\"@id\":\"https:\/\/kentis.com\/de\/shop\/echinocactus-grusonii\/#primaryimage\",\"url\":\"https:\/\/kentis.com\/wp-content\/uploads\/2021\/08\/PTG-Grasse-Terracotta-Echinocatus-Grusonii-v14-h22-frontale.jpg\",\"contentUrl\":\"https:\/\/kentis.com\/wp-content\/uploads\/2021\/08\/PTG-Grasse-Terracotta-Echinocatus-Grusonii-v14-h22-frontale.jpg\",\"width\":1000,\"height\":1000},{\"@type\":\"BreadcrumbList\",\"@id\":\"https:\/\/kentis.com\/de\/shop\/echinocactus-grusonii\/#breadcrumb\",\"itemListElement\":[{\"@type\":\"ListItem\",\"position\":1,\"name\":\"Home\",\"item\":\"https:\/\/kentis.com\/de\/\"},{\"@type\":\"ListItem\",\"position\":2,\"name\":\"Gesch\u00e4ft\",\"item\":\"https:\/\/kentis.com\/de\/shop\/\"},{\"@type\":\"ListItem\",\"position\":3,\"name\":\"Pflanzen\",\"item\":\"https:\/\/kentis.com\/de\/produkt-kategorie\/pflanzen\/\"},{\"@type\":\"ListItem\",\"position\":4,\"name\":\"Zimmerpflanzen\",\"item\":\"https:\/\/kentis.com\/de\/produkt-kategorie\/pflanzen\/zimmerpflanzen\/\"},{\"@type\":\"ListItem\",\"position\":5,\"name\":\"Kaktus \/ Sukkulenten\",\"item\":\"https:\/\/kentis.com\/de\/produkt-kategorie\/pflanzen\/zimmerpflanzen\/kaktus-sukkulenten\/\"},{\"@type\":\"ListItem\",\"position\":6,\"name\":\"Echinocactus Grusonii\"}]},{\"@type\":\"WebSite\",\"@id\":\"https:\/\/kentis.com\/de\/#website\",\"url\":\"https:\/\/kentis.com\/de\/\",\"name\":\"Kentis\",\"description\":\"Atelier del verde\",\"publisher\":{\"@id\":\"https:\/\/kentis.com\/de\/#organization\"},\"potentialAction\":[{\"@type\":\"SearchAction\",\"target\":{\"@type\":\"EntryPoint\",\"urlTemplate\":\"https:\/\/kentis.com\/de\/?s={search_term_string}\"},\"query-input\":{\"@type\":\"PropertyValueSpecification\",\"valueRequired\":true,\"valueName\":\"search_term_string\"}}],\"inLanguage\":\"de\"},{\"@type\":\"Organization\",\"@id\":\"https:\/\/kentis.com\/de\/#organization\",\"name\":\"Kentis\",\"url\":\"https:\/\/kentis.com\/de\/\",\"logo\":{\"@type\":\"ImageObject\",\"inLanguage\":\"de\",\"@id\":\"https:\/\/kentis.com\/de\/#\/schema\/logo\/image\/\",\"url\":\"https:\/\/kentis.com\/wp-content\/uploads\/2021\/08\/logo-main.png\",\"contentUrl\":\"https:\/\/kentis.com\/wp-content\/uploads\/2021\/08\/logo-main.png\",\"width\":800,\"height\":204,\"caption\":\"Kentis\"},\"image\":{\"@id\":\"https:\/\/kentis.com\/de\/#\/schema\/logo\/image\/\"},\"sameAs\":[\"https:\/\/www.facebook.com\/kentisgarden\",\"https:\/\/www.instagram.com\/kentisgarden\/\",\"https:\/\/it.pinterest.com\/kentisgarden\",\"https:\/\/www.tiktok.com\/@kentis.com\"]}]}<\/script>\n<!-- \/ Yoast SEO plugin. -->","yoast_head_json":{"title":"Echinocactus - Indoor Kaktus - Indoor Sukkulenten | Kentis","description":"Der Echinokaktus ist eine sukkulente Zimmerpflanze aus der Familie der Kakteengew\u00e4chse, ein Klassiker unter den Zierpflanzen","robots":{"index":"index","follow":"follow","max-snippet":"max-snippet:-1","max-image-preview":"max-image-preview:large","max-video-preview":"max-video-preview:-1"},"canonical":"https:\/\/kentis.com\/de\/shop\/echinocactus-grusonii\/","og_locale":"de_DE","og_type":"article","og_title":"Echinocactus - Indoor Kaktus - Indoor Sukkulenten | Kentis","og_description":"Der Echinokaktus ist eine sukkulente Zimmerpflanze aus der Familie der Kakteengew\u00e4chse, ein Klassiker unter den Zierpflanzen","og_url":"https:\/\/kentis.com\/de\/shop\/echinocactus-grusonii\/","og_site_name":"Kentis","article_publisher":"https:\/\/www.facebook.com\/kentisgarden","article_modified_time":"2024-11-19T11:20:52+00:00","og_image":[{"width":1000,"height":1000,"url":"https:\/\/kentis.com\/wp-content\/uploads\/2021\/08\/PTG-Grasse-Terracotta-Echinocatus-Grusonii-v14-h22-frontale.jpg","type":"image\/jpeg"}],"twitter_card":"summary_large_image","twitter_misc":{"Gesch\u00e4tzte Lesezeit":"1\u00a0Minute"},"schema":{"@context":"https:\/\/schema.org","@graph":[{"@type":"WebPage","@id":"https:\/\/kentis.com\/de\/shop\/echinocactus-grusonii\/","url":"https:\/\/kentis.com\/de\/shop\/echinocactus-grusonii\/","name":"Echinocactus - Indoor Kaktus - Indoor Sukkulenten | Kentis","isPartOf":{"@id":"https:\/\/kentis.com\/de\/#website"},"primaryImageOfPage":{"@id":"https:\/\/kentis.com\/de\/shop\/echinocactus-grusonii\/#primaryimage"},"image":{"@id":"https:\/\/kentis.com\/de\/shop\/echinocactus-grusonii\/#primaryimage"},"thumbnailUrl":"https:\/\/kentis.com\/wp-content\/uploads\/2021\/08\/PTG-Grasse-Terracotta-Echinocatus-Grusonii-v14-h22-frontale.jpg","datePublished":"2021-08-05T12:22:54+00:00","dateModified":"2024-11-19T11:20:52+00:00","description":"Der Echinokaktus ist eine sukkulente Zimmerpflanze aus der Familie der Kakteengew\u00e4chse, ein Klassiker unter den Zierpflanzen","breadcrumb":{"@id":"https:\/\/kentis.com\/de\/shop\/echinocactus-grusonii\/#breadcrumb"},"inLanguage":"de","potentialAction":[{"@type":"ReadAction","target":["https:\/\/kentis.com\/de\/shop\/echinocactus-grusonii\/"]}]},{"@type":"ImageObject","inLanguage":"de","@id":"https:\/\/kentis.com\/de\/shop\/echinocactus-grusonii\/#primaryimage","url":"https:\/\/kentis.com\/wp-content\/uploads\/2021\/08\/PTG-Grasse-Terracotta-Echinocatus-Grusonii-v14-h22-frontale.jpg","contentUrl":"https:\/\/kentis.com\/wp-content\/uploads\/2021\/08\/PTG-Grasse-Terracotta-Echinocatus-Grusonii-v14-h22-frontale.jpg","width":1000,"height":1000},{"@type":"BreadcrumbList","@id":"https:\/\/kentis.com\/de\/shop\/echinocactus-grusonii\/#breadcrumb","itemListElement":[{"@type":"ListItem","position":1,"name":"Home","item":"https:\/\/kentis.com\/de\/"},{"@type":"ListItem","position":2,"name":"Gesch\u00e4ft","item":"https:\/\/kentis.com\/de\/shop\/"},{"@type":"ListItem","position":3,"name":"Pflanzen","item":"https:\/\/kentis.com\/de\/produkt-kategorie\/pflanzen\/"},{"@type":"ListItem","position":4,"name":"Zimmerpflanzen","item":"https:\/\/kentis.com\/de\/produkt-kategorie\/pflanzen\/zimmerpflanzen\/"},{"@type":"ListItem","position":5,"name":"Kaktus \/ Sukkulenten","item":"https:\/\/kentis.com\/de\/produkt-kategorie\/pflanzen\/zimmerpflanzen\/kaktus-sukkulenten\/"},{"@type":"ListItem","position":6,"name":"Echinocactus Grusonii"}]},{"@type":"WebSite","@id":"https:\/\/kentis.com\/de\/#website","url":"https:\/\/kentis.com\/de\/","name":"Kentis","description":"Atelier del verde","publisher":{"@id":"https:\/\/kentis.com\/de\/#organization"},"potentialAction":[{"@type":"SearchAction","target":{"@type":"EntryPoint","urlTemplate":"https:\/\/kentis.com\/de\/?s={search_term_string}"},"query-input":{"@type":"PropertyValueSpecification","valueRequired":true,"valueName":"search_term_string"}}],"inLanguage":"de"},{"@type":"Organization","@id":"https:\/\/kentis.com\/de\/#organization","name":"Kentis","url":"https:\/\/kentis.com\/de\/","logo":{"@type":"ImageObject","inLanguage":"de","@id":"https:\/\/kentis.com\/de\/#\/schema\/logo\/image\/","url":"https:\/\/kentis.com\/wp-content\/uploads\/2021\/08\/logo-main.png","contentUrl":"https:\/\/kentis.com\/wp-content\/uploads\/2021\/08\/logo-main.png","width":800,"height":204,"caption":"Kentis"},"image":{"@id":"https:\/\/kentis.com\/de\/#\/schema\/logo\/image\/"},"sameAs":["https:\/\/www.facebook.com\/kentisgarden","https:\/\/www.instagram.com\/kentisgarden\/","https:\/\/it.pinterest.com\/kentisgarden","https:\/\/www.tiktok.com\/@kentis.com"]}]}},"_links":{"self":[{"href":"https:\/\/kentis.com\/de\/wp-json\/wp\/v2\/product\/25752","targetHints":{"allow":["GET"]}}],"collection":[{"href":"https:\/\/kentis.com\/de\/wp-json\/wp\/v2\/product"}],"about":[{"href":"https:\/\/kentis.com\/de\/wp-json\/wp\/v2\/types\/product"}],"wp:featuredmedia":[{"embeddable":true,"href":"https:\/\/kentis.com\/de\/wp-json\/wp\/v2\/media\/13409"}],"wp:attachment":[{"href":"https:\/\/kentis.com\/de\/wp-json\/wp\/v2\/media?parent=25752"}],"wp:term":[{"taxonomy":"product_cat","embeddable":true,"href":"https:\/\/kentis.com\/de\/wp-json\/wp\/v2\/product_cat?post=25752"},{"taxonomy":"product_tag","embeddable":true,"href":"https:\/\/kentis.com\/de\/wp-json\/wp\/v2\/product_tag?post=25752"}],"curies":[{"name":"wp","href":"https:\/\/api.w.org\/{rel}","templated":true}]}}