{"id":25746,"date":"2021-08-05T15:34:38","date_gmt":"2021-08-05T13:34:38","guid":{"rendered":"https:\/\/kentis.com\/negozio\/anthurium-andreanum-rosso\/"},"modified":"2024-11-20T14:19:52","modified_gmt":"2024-11-20T13:19:52","slug":"anthurium-andreanum-rosso-anturio","status":"publish","type":"product","link":"https:\/\/kentis.com\/de\/shop\/anthurium-andreanum-rosso-anturio\/","title":{"rendered":"Anthurium Andreanum Rosso &#8211; Anturio"},"content":{"rendered":"<div class=\"fusion-fullwidth fullwidth-box fusion-builder-row-1 fusion-flex-container nonhundred-percent-fullwidth non-hundred-percent-height-scrolling\" style=\"--awb-border-radius-top-left:0px;--awb-border-radius-top-right:0px;--awb-border-radius-bottom-right:0px;--awb-border-radius-bottom-left:0px;--awb-flex-wrap:wrap;\" ><div class=\"fusion-builder-row fusion-row fusion-flex-align-items-flex-start fusion-flex-content-wrap\" style=\"max-width:1248px;margin-left: calc(-4% \/ 2 );margin-right: calc(-4% \/ 2 );\"><div class=\"fusion-layout-column fusion_builder_column fusion-builder-column-0 fusion_builder_column_1_1 1_1 fusion-flex-column\" style=\"--awb-bg-size:cover;--awb-width-large:100%;--awb-margin-top-large:0px;--awb-spacing-right-large:1.92%;--awb-margin-bottom-large:0px;--awb-spacing-left-large:1.92%;--awb-width-medium:100%;--awb-spacing-right-medium:1.92%;--awb-spacing-left-medium:1.92%;--awb-width-small:100%;--awb-spacing-right-small:1.92%;--awb-spacing-left-small:1.92%;\"><div class=\"fusion-column-wrapper fusion-flex-justify-content-flex-start fusion-content-layout-column\"><div class=\"fusion-text fusion-text-1\"><p><b><strong>Anthurium andreanum<\/strong><\/b>, oder einfach <b><strong>Anthurium<\/strong><\/b>, ist eine tropische Pflanze, die in unseren Breitengraden als Zimmerpflanze kultiviert wird. Sie ist ber\u00fchmt f\u00fcr ihre <b><strong>langanhaltenden und farbenfrohen Bl\u00fcten<\/strong><\/b>, auch wenn der farbenfrohe Teil, den wir sehen, nicht die eigentliche Bl\u00fcte ist, sondern der Spatel, ein modifiziertes Blatt, das die eigentlichen Bl\u00fcten sch\u00fctzt, bei dieser speziellen Sorte ist es rot. Aber die Anthurie zeichnet sich nicht nur durch ihre Bl\u00fcten\u201c aus: Auch die gr\u00fcnen, herzf\u00f6rmigen Bl\u00e4tter tragen zu ihrem Charme bei, so dass diese Pflanze zu einem <b><strong>Symbol f\u00fcr Liebe und Freundschaft<\/strong><\/b> geworden ist und sich hervorragend als Geschenk eignet. Au\u00dferdem ist sie <b><strong>eine der besten Pflanzen zur Luftreinigung<\/strong><\/b>, da sie in der Lage ist, verschiedene Schadstoffe in der Wohnung zu beseitigen.<\/p>\n<p>Die H\u00f6he der Pflanze vom Boden des Topfes aus betr\u00e4gt 65 bis 75 cm.<\/p>\n<\/div><\/div><\/div><\/div><\/div>\n","protected":false},"excerpt":{"rendered":"","protected":false},"featured_media":13483,"template":"","meta":{"_acf_changed":false},"product_cat":[466,517,574,485,495,486],"product_tag":[],"class_list":{"0":"post-25746","1":"product","2":"type-product","3":"status-publish","4":"has-post-thumbnail","6":"product_cat-bluehende-plfanzen","7":"product_cat-danke","8":"product_cat-frauentag","9":"product_cat-pflanzen-mit-wenig-pflege","10":"product_cat-pflanzen-fuer-wenig-licht","11":"product_cat-reinigt-die-luft","12":"product_shipping_class-flora-de","13":"pa_ambienti-schlafzimmer","14":"pa_ambienti-wohnzimmer","16":"first","17":"instock","18":"taxable","19":"shipping-taxable","20":"purchasable","21":"product-type-variable","22":"has-default-attributes"},"acf":[],"yoast_head":"<!-- This site is optimized with the Yoast SEO plugin v23.4 - https:\/\/yoast.com\/wordpress\/plugins\/seo\/ -->\n<title>Anthurium Andreanum Rosso - Pflanzen zur Luftreinigung | Kentis<\/title>\n<meta name=\"description\" content=\"Als Symbol f\u00fcr Liebe und Leidenschaft ist die Rote Anthurie Andreanum eine bl\u00fchende Zimmerpflanze, die die Luft reinigt und Heim und B\u00fcro versch\u00f6nert\" \/>\n<meta name=\"robots\" content=\"index, follow, max-snippet:-1, max-image-preview:large, max-video-preview:-1\" \/>\n<link rel=\"canonical\" href=\"https:\/\/kentis.com\/de\/shop\/anthurium-andreanum-rosso-anturio\/\" \/>\n<meta property=\"og:locale\" content=\"de_DE\" \/>\n<meta property=\"og:type\" content=\"article\" \/>\n<meta property=\"og:title\" content=\"Anthurium Andreanum Rosso - Pflanzen zur Luftreinigung | Kentis\" \/>\n<meta property=\"og:description\" content=\"Als Symbol f\u00fcr Liebe und Leidenschaft ist die Rote Anthurie Andreanum eine bl\u00fchende Zimmerpflanze, die die Luft reinigt und Heim und B\u00fcro versch\u00f6nert\" \/>\n<meta property=\"og:url\" content=\"https:\/\/kentis.com\/de\/shop\/anthurium-andreanum-rosso-anturio\/\" \/>\n<meta property=\"og:site_name\" content=\"Kentis\" \/>\n<meta property=\"article:publisher\" content=\"https:\/\/www.facebook.com\/kentisgarden\" \/>\n<meta property=\"article:modified_time\" content=\"2024-11-20T13:19:52+00:00\" \/>\n<meta property=\"og:image\" content=\"https:\/\/kentis.com\/wp-content\/uploads\/2021\/08\/PTG-Anthurium-andreanum-v17-h70-828-19panna-scaled.jpg\" \/>\n\t<meta property=\"og:image:width\" content=\"2560\" \/>\n\t<meta property=\"og:image:height\" content=\"2560\" \/>\n\t<meta property=\"og:image:type\" content=\"image\/jpeg\" \/>\n<meta name=\"twitter:card\" content=\"summary_large_image\" \/>\n<meta name=\"twitter:label1\" content=\"Gesch\u00e4tzte Lesezeit\" \/>\n\t<meta name=\"twitter:data1\" content=\"1\u00a0Minute\" \/>\n<script type=\"application\/ld+json\" class=\"yoast-schema-graph\">{\"@context\":\"https:\/\/schema.org\",\"@graph\":[{\"@type\":\"WebPage\",\"@id\":\"https:\/\/kentis.com\/de\/shop\/anthurium-andreanum-rosso-anturio\/\",\"url\":\"https:\/\/kentis.com\/de\/shop\/anthurium-andreanum-rosso-anturio\/\",\"name\":\"Anthurium Andreanum Rosso - Pflanzen zur Luftreinigung | Kentis\",\"isPartOf\":{\"@id\":\"https:\/\/kentis.com\/de\/#website\"},\"primaryImageOfPage\":{\"@id\":\"https:\/\/kentis.com\/de\/shop\/anthurium-andreanum-rosso-anturio\/#primaryimage\"},\"image\":{\"@id\":\"https:\/\/kentis.com\/de\/shop\/anthurium-andreanum-rosso-anturio\/#primaryimage\"},\"thumbnailUrl\":\"https:\/\/kentis.com\/wp-content\/uploads\/2021\/08\/PTG-Anthurium-andreanum-v17-h70-828-19panna-scaled.jpg\",\"datePublished\":\"2021-08-05T13:34:38+00:00\",\"dateModified\":\"2024-11-20T13:19:52+00:00\",\"description\":\"Als Symbol f\u00fcr Liebe und Leidenschaft ist die Rote Anthurie Andreanum eine bl\u00fchende Zimmerpflanze, die die Luft reinigt und Heim und B\u00fcro versch\u00f6nert\",\"breadcrumb\":{\"@id\":\"https:\/\/kentis.com\/de\/shop\/anthurium-andreanum-rosso-anturio\/#breadcrumb\"},\"inLanguage\":\"de\",\"potentialAction\":[{\"@type\":\"ReadAction\",\"target\":[\"https:\/\/kentis.com\/de\/shop\/anthurium-andreanum-rosso-anturio\/\"]}]},{\"@type\":\"ImageObject\",\"inLanguage\":\"de\",\"@id\":\"https:\/\/kentis.com\/de\/shop\/anthurium-andreanum-rosso-anturio\/#primaryimage\",\"url\":\"https:\/\/kentis.com\/wp-content\/uploads\/2021\/08\/PTG-Anthurium-andreanum-v17-h70-828-19panna-scaled.jpg\",\"contentUrl\":\"https:\/\/kentis.com\/wp-content\/uploads\/2021\/08\/PTG-Anthurium-andreanum-v17-h70-828-19panna-scaled.jpg\",\"width\":2560,\"height\":2560},{\"@type\":\"BreadcrumbList\",\"@id\":\"https:\/\/kentis.com\/de\/shop\/anthurium-andreanum-rosso-anturio\/#breadcrumb\",\"itemListElement\":[{\"@type\":\"ListItem\",\"position\":1,\"name\":\"Home\",\"item\":\"https:\/\/kentis.com\/de\/\"},{\"@type\":\"ListItem\",\"position\":2,\"name\":\"Gesch\u00e4ft\",\"item\":\"https:\/\/kentis.com\/de\/shop\/\"},{\"@type\":\"ListItem\",\"position\":3,\"name\":\"Pflanzen\",\"item\":\"https:\/\/kentis.com\/de\/produkt-kategorie\/pflanzen\/\"},{\"@type\":\"ListItem\",\"position\":4,\"name\":\"Zimmerpflanzen\",\"item\":\"https:\/\/kentis.com\/de\/produkt-kategorie\/pflanzen\/zimmerpflanzen\/\"},{\"@type\":\"ListItem\",\"position\":5,\"name\":\"Reinigt die Luft\",\"item\":\"https:\/\/kentis.com\/de\/produkt-kategorie\/pflanzen\/zimmerpflanzen\/reinigt-die-luft\/\"},{\"@type\":\"ListItem\",\"position\":6,\"name\":\"Anthurium Andreanum Rosso &#8211; Anturio\"}]},{\"@type\":\"WebSite\",\"@id\":\"https:\/\/kentis.com\/de\/#website\",\"url\":\"https:\/\/kentis.com\/de\/\",\"name\":\"Kentis\",\"description\":\"Atelier del verde\",\"publisher\":{\"@id\":\"https:\/\/kentis.com\/de\/#organization\"},\"potentialAction\":[{\"@type\":\"SearchAction\",\"target\":{\"@type\":\"EntryPoint\",\"urlTemplate\":\"https:\/\/kentis.com\/de\/?s={search_term_string}\"},\"query-input\":{\"@type\":\"PropertyValueSpecification\",\"valueRequired\":true,\"valueName\":\"search_term_string\"}}],\"inLanguage\":\"de\"},{\"@type\":\"Organization\",\"@id\":\"https:\/\/kentis.com\/de\/#organization\",\"name\":\"Kentis\",\"url\":\"https:\/\/kentis.com\/de\/\",\"logo\":{\"@type\":\"ImageObject\",\"inLanguage\":\"de\",\"@id\":\"https:\/\/kentis.com\/de\/#\/schema\/logo\/image\/\",\"url\":\"https:\/\/kentis.com\/wp-content\/uploads\/2021\/08\/logo-main.png\",\"contentUrl\":\"https:\/\/kentis.com\/wp-content\/uploads\/2021\/08\/logo-main.png\",\"width\":800,\"height\":204,\"caption\":\"Kentis\"},\"image\":{\"@id\":\"https:\/\/kentis.com\/de\/#\/schema\/logo\/image\/\"},\"sameAs\":[\"https:\/\/www.facebook.com\/kentisgarden\",\"https:\/\/www.instagram.com\/kentisgarden\/\",\"https:\/\/it.pinterest.com\/kentisgarden\",\"https:\/\/www.tiktok.com\/@kentis.com\"]}]}<\/script>\n<!-- \/ Yoast SEO plugin. -->","yoast_head_json":{"title":"Anthurium Andreanum Rosso - Pflanzen zur Luftreinigung | Kentis","description":"Als Symbol f\u00fcr Liebe und Leidenschaft ist die Rote Anthurie Andreanum eine bl\u00fchende Zimmerpflanze, die die Luft reinigt und Heim und B\u00fcro versch\u00f6nert","robots":{"index":"index","follow":"follow","max-snippet":"max-snippet:-1","max-image-preview":"max-image-preview:large","max-video-preview":"max-video-preview:-1"},"canonical":"https:\/\/kentis.com\/de\/shop\/anthurium-andreanum-rosso-anturio\/","og_locale":"de_DE","og_type":"article","og_title":"Anthurium Andreanum Rosso - Pflanzen zur Luftreinigung | Kentis","og_description":"Als Symbol f\u00fcr Liebe und Leidenschaft ist die Rote Anthurie Andreanum eine bl\u00fchende Zimmerpflanze, die die Luft reinigt und Heim und B\u00fcro versch\u00f6nert","og_url":"https:\/\/kentis.com\/de\/shop\/anthurium-andreanum-rosso-anturio\/","og_site_name":"Kentis","article_publisher":"https:\/\/www.facebook.com\/kentisgarden","article_modified_time":"2024-11-20T13:19:52+00:00","og_image":[{"width":2560,"height":2560,"url":"https:\/\/kentis.com\/wp-content\/uploads\/2021\/08\/PTG-Anthurium-andreanum-v17-h70-828-19panna-scaled.jpg","type":"image\/jpeg"}],"twitter_card":"summary_large_image","twitter_misc":{"Gesch\u00e4tzte Lesezeit":"1\u00a0Minute"},"schema":{"@context":"https:\/\/schema.org","@graph":[{"@type":"WebPage","@id":"https:\/\/kentis.com\/de\/shop\/anthurium-andreanum-rosso-anturio\/","url":"https:\/\/kentis.com\/de\/shop\/anthurium-andreanum-rosso-anturio\/","name":"Anthurium Andreanum Rosso - Pflanzen zur Luftreinigung | Kentis","isPartOf":{"@id":"https:\/\/kentis.com\/de\/#website"},"primaryImageOfPage":{"@id":"https:\/\/kentis.com\/de\/shop\/anthurium-andreanum-rosso-anturio\/#primaryimage"},"image":{"@id":"https:\/\/kentis.com\/de\/shop\/anthurium-andreanum-rosso-anturio\/#primaryimage"},"thumbnailUrl":"https:\/\/kentis.com\/wp-content\/uploads\/2021\/08\/PTG-Anthurium-andreanum-v17-h70-828-19panna-scaled.jpg","datePublished":"2021-08-05T13:34:38+00:00","dateModified":"2024-11-20T13:19:52+00:00","description":"Als Symbol f\u00fcr Liebe und Leidenschaft ist die Rote Anthurie Andreanum eine bl\u00fchende Zimmerpflanze, die die Luft reinigt und Heim und B\u00fcro versch\u00f6nert","breadcrumb":{"@id":"https:\/\/kentis.com\/de\/shop\/anthurium-andreanum-rosso-anturio\/#breadcrumb"},"inLanguage":"de","potentialAction":[{"@type":"ReadAction","target":["https:\/\/kentis.com\/de\/shop\/anthurium-andreanum-rosso-anturio\/"]}]},{"@type":"ImageObject","inLanguage":"de","@id":"https:\/\/kentis.com\/de\/shop\/anthurium-andreanum-rosso-anturio\/#primaryimage","url":"https:\/\/kentis.com\/wp-content\/uploads\/2021\/08\/PTG-Anthurium-andreanum-v17-h70-828-19panna-scaled.jpg","contentUrl":"https:\/\/kentis.com\/wp-content\/uploads\/2021\/08\/PTG-Anthurium-andreanum-v17-h70-828-19panna-scaled.jpg","width":2560,"height":2560},{"@type":"BreadcrumbList","@id":"https:\/\/kentis.com\/de\/shop\/anthurium-andreanum-rosso-anturio\/#breadcrumb","itemListElement":[{"@type":"ListItem","position":1,"name":"Home","item":"https:\/\/kentis.com\/de\/"},{"@type":"ListItem","position":2,"name":"Gesch\u00e4ft","item":"https:\/\/kentis.com\/de\/shop\/"},{"@type":"ListItem","position":3,"name":"Pflanzen","item":"https:\/\/kentis.com\/de\/produkt-kategorie\/pflanzen\/"},{"@type":"ListItem","position":4,"name":"Zimmerpflanzen","item":"https:\/\/kentis.com\/de\/produkt-kategorie\/pflanzen\/zimmerpflanzen\/"},{"@type":"ListItem","position":5,"name":"Reinigt die Luft","item":"https:\/\/kentis.com\/de\/produkt-kategorie\/pflanzen\/zimmerpflanzen\/reinigt-die-luft\/"},{"@type":"ListItem","position":6,"name":"Anthurium Andreanum Rosso &#8211; Anturio"}]},{"@type":"WebSite","@id":"https:\/\/kentis.com\/de\/#website","url":"https:\/\/kentis.com\/de\/","name":"Kentis","description":"Atelier del verde","publisher":{"@id":"https:\/\/kentis.com\/de\/#organization"},"potentialAction":[{"@type":"SearchAction","target":{"@type":"EntryPoint","urlTemplate":"https:\/\/kentis.com\/de\/?s={search_term_string}"},"query-input":{"@type":"PropertyValueSpecification","valueRequired":true,"valueName":"search_term_string"}}],"inLanguage":"de"},{"@type":"Organization","@id":"https:\/\/kentis.com\/de\/#organization","name":"Kentis","url":"https:\/\/kentis.com\/de\/","logo":{"@type":"ImageObject","inLanguage":"de","@id":"https:\/\/kentis.com\/de\/#\/schema\/logo\/image\/","url":"https:\/\/kentis.com\/wp-content\/uploads\/2021\/08\/logo-main.png","contentUrl":"https:\/\/kentis.com\/wp-content\/uploads\/2021\/08\/logo-main.png","width":800,"height":204,"caption":"Kentis"},"image":{"@id":"https:\/\/kentis.com\/de\/#\/schema\/logo\/image\/"},"sameAs":["https:\/\/www.facebook.com\/kentisgarden","https:\/\/www.instagram.com\/kentisgarden\/","https:\/\/it.pinterest.com\/kentisgarden","https:\/\/www.tiktok.com\/@kentis.com"]}]}},"_links":{"self":[{"href":"https:\/\/kentis.com\/de\/wp-json\/wp\/v2\/product\/25746","targetHints":{"allow":["GET"]}}],"collection":[{"href":"https:\/\/kentis.com\/de\/wp-json\/wp\/v2\/product"}],"about":[{"href":"https:\/\/kentis.com\/de\/wp-json\/wp\/v2\/types\/product"}],"wp:featuredmedia":[{"embeddable":true,"href":"https:\/\/kentis.com\/de\/wp-json\/wp\/v2\/media\/13483"}],"wp:attachment":[{"href":"https:\/\/kentis.com\/de\/wp-json\/wp\/v2\/media?parent=25746"}],"wp:term":[{"taxonomy":"product_cat","embeddable":true,"href":"https:\/\/kentis.com\/de\/wp-json\/wp\/v2\/product_cat?post=25746"},{"taxonomy":"product_tag","embeddable":true,"href":"https:\/\/kentis.com\/de\/wp-json\/wp\/v2\/product_tag?post=25746"}],"curies":[{"name":"wp","href":"https:\/\/api.w.org\/{rel}","templated":true}]}}