{"id":25737,"date":"2021-08-06T10:25:29","date_gmt":"2021-08-06T08:25:29","guid":{"rendered":"https:\/\/kentis.com\/negozio\/myrtillocactus-geometrizans-crestato\/"},"modified":"2024-11-19T14:17:16","modified_gmt":"2024-11-19T13:17:16","slug":"myrtillocactus-geometrizans-crestato","status":"publish","type":"product","link":"https:\/\/kentis.com\/de\/shop\/myrtillocactus-geometrizans-crestato\/","title":{"rendered":"Myrtillocactus Geometrizans Crestato"},"content":{"rendered":"<div class=\"fusion-fullwidth fullwidth-box fusion-builder-row-1 fusion-flex-container nonhundred-percent-fullwidth non-hundred-percent-height-scrolling\" style=\"--awb-border-radius-top-left:0px;--awb-border-radius-top-right:0px;--awb-border-radius-bottom-right:0px;--awb-border-radius-bottom-left:0px;--awb-flex-wrap:wrap;\" ><div class=\"fusion-builder-row fusion-row fusion-flex-align-items-flex-start fusion-flex-content-wrap\" style=\"max-width:1248px;margin-left: calc(-4% \/ 2 );margin-right: calc(-4% \/ 2 );\"><div class=\"fusion-layout-column fusion_builder_column fusion-builder-column-0 fusion_builder_column_1_1 1_1 fusion-flex-column\" style=\"--awb-bg-size:cover;--awb-width-large:100%;--awb-margin-top-large:0px;--awb-spacing-right-large:1.92%;--awb-margin-bottom-large:0px;--awb-spacing-left-large:1.92%;--awb-width-medium:100%;--awb-spacing-right-medium:1.92%;--awb-spacing-left-medium:1.92%;--awb-width-small:100%;--awb-spacing-right-small:1.92%;--awb-spacing-left-small:1.92%;\"><div class=\"fusion-column-wrapper fusion-flex-justify-content-flex-start fusion-content-layout-column\"><div class=\"fusion-text fusion-text-1\"><p>Der Haubenmyrtillocactus geometrizans ist eine in Mexiko beheimatete Sukkulente, kommt aber auch in einigen Gebieten der Vereinigten Staaten vor. Seine auff\u00e4lligste Besonderheit ist die f\u00e4cherartige Form mit Kamm, der sich oft an der Basis verzweigt und faszinierende geometrische Muster erzeugt, die jedes Exemplar einzigartig und \u00e4u\u00dferst dekorativ machen. Der Stamm dieses Kaktus ist gr\u00fcn mit blauen Schattierungen und hat Areolen, aus denen mehrere dunkel gef\u00e4rbte Dornen hervorgehen. Die ausgewachsenen Pflanzen bl\u00fchen im Fr\u00fchsommer und bringen h\u00fcbsche cremewei\u00dfe Bl\u00fcten hervor, aus denen sich kleine, blaubeer\u00e4hnliche Fr\u00fcchte entwickeln, die der Pflanze ihren Namen gaben.<\/p>\n<p>Die H\u00f6he der Pflanze vom Topfboden betr\u00e4gt 30 bis 45 cm.<\/p>\n<\/div><\/div><\/div><\/div><\/div>\n","protected":false},"excerpt":{"rendered":"","protected":false},"featured_media":13665,"template":"","meta":{"_acf_changed":false},"product_cat":[541,485],"product_tag":[],"class_list":{"0":"post-25737","1":"product","2":"type-product","3":"status-publish","4":"has-post-thumbnail","6":"product_cat-kaktus-sukkulenten","7":"product_cat-pflanzen-mit-wenig-pflege","8":"product_shipping_class-flora-de","9":"pa_ambienti-buero-intelligentes-arbeiten","10":"pa_ambienti-kueche","11":"pa_ambienti-wohnzimmer","13":"first","14":"instock","15":"taxable","16":"shipping-taxable","17":"purchasable","18":"product-type-simple"},"acf":[],"yoast_head":"<!-- This site is optimized with the Yoast SEO plugin v23.4 - https:\/\/yoast.com\/wordpress\/plugins\/seo\/ -->\n<title>Myrtillocactus Geometrizans Crestato - Wohnungskaktus | Kentis<\/title>\n<meta name=\"description\" content=\"Der Myrtillocactus Geometrizans Crestato ist ein besonderer Zimmerkaktus mit F\u00e4cherform und gr\u00fcner Farbe mit hellblauen Farbt\u00f6nen.\" \/>\n<meta name=\"robots\" content=\"index, follow, max-snippet:-1, max-image-preview:large, max-video-preview:-1\" \/>\n<link rel=\"canonical\" href=\"https:\/\/kentis.com\/de\/shop\/myrtillocactus-geometrizans-crestato\/\" \/>\n<meta property=\"og:locale\" content=\"de_DE\" \/>\n<meta property=\"og:type\" content=\"article\" \/>\n<meta property=\"og:title\" content=\"Myrtillocactus Geometrizans Crestato - Wohnungskaktus | Kentis\" \/>\n<meta property=\"og:description\" content=\"Der Myrtillocactus Geometrizans Crestato ist ein besonderer Zimmerkaktus mit F\u00e4cherform und gr\u00fcner Farbe mit hellblauen Farbt\u00f6nen.\" \/>\n<meta property=\"og:url\" content=\"https:\/\/kentis.com\/de\/shop\/myrtillocactus-geometrizans-crestato\/\" \/>\n<meta property=\"og:site_name\" content=\"Kentis\" \/>\n<meta property=\"article:publisher\" content=\"https:\/\/www.facebook.com\/kentisgarden\" \/>\n<meta property=\"article:modified_time\" content=\"2024-11-19T13:17:16+00:00\" \/>\n<meta property=\"og:image\" content=\"https:\/\/kentis.com\/wp-content\/uploads\/2021\/08\/PTG-Grasse-Terracotta-Myrtillocactus-Geometrizans-Crestato-v18-h40-frontale.jpg\" \/>\n\t<meta property=\"og:image:width\" content=\"1000\" \/>\n\t<meta property=\"og:image:height\" content=\"1000\" \/>\n\t<meta property=\"og:image:type\" content=\"image\/jpeg\" \/>\n<meta name=\"twitter:card\" content=\"summary_large_image\" \/>\n<meta name=\"twitter:label1\" content=\"Gesch\u00e4tzte Lesezeit\" \/>\n\t<meta name=\"twitter:data1\" content=\"1\u00a0Minute\" \/>\n<script type=\"application\/ld+json\" class=\"yoast-schema-graph\">{\"@context\":\"https:\/\/schema.org\",\"@graph\":[{\"@type\":\"WebPage\",\"@id\":\"https:\/\/kentis.com\/de\/shop\/myrtillocactus-geometrizans-crestato\/\",\"url\":\"https:\/\/kentis.com\/de\/shop\/myrtillocactus-geometrizans-crestato\/\",\"name\":\"Myrtillocactus Geometrizans Crestato - Wohnungskaktus | Kentis\",\"isPartOf\":{\"@id\":\"https:\/\/kentis.com\/de\/#website\"},\"primaryImageOfPage\":{\"@id\":\"https:\/\/kentis.com\/de\/shop\/myrtillocactus-geometrizans-crestato\/#primaryimage\"},\"image\":{\"@id\":\"https:\/\/kentis.com\/de\/shop\/myrtillocactus-geometrizans-crestato\/#primaryimage\"},\"thumbnailUrl\":\"https:\/\/kentis.com\/wp-content\/uploads\/2021\/08\/PTG-Grasse-Terracotta-Myrtillocactus-Geometrizans-Crestato-v18-h40-frontale.jpg\",\"datePublished\":\"2021-08-06T08:25:29+00:00\",\"dateModified\":\"2024-11-19T13:17:16+00:00\",\"description\":\"Der Myrtillocactus Geometrizans Crestato ist ein besonderer Zimmerkaktus mit F\u00e4cherform und gr\u00fcner Farbe mit hellblauen Farbt\u00f6nen.\",\"breadcrumb\":{\"@id\":\"https:\/\/kentis.com\/de\/shop\/myrtillocactus-geometrizans-crestato\/#breadcrumb\"},\"inLanguage\":\"de\",\"potentialAction\":[{\"@type\":\"ReadAction\",\"target\":[\"https:\/\/kentis.com\/de\/shop\/myrtillocactus-geometrizans-crestato\/\"]}]},{\"@type\":\"ImageObject\",\"inLanguage\":\"de\",\"@id\":\"https:\/\/kentis.com\/de\/shop\/myrtillocactus-geometrizans-crestato\/#primaryimage\",\"url\":\"https:\/\/kentis.com\/wp-content\/uploads\/2021\/08\/PTG-Grasse-Terracotta-Myrtillocactus-Geometrizans-Crestato-v18-h40-frontale.jpg\",\"contentUrl\":\"https:\/\/kentis.com\/wp-content\/uploads\/2021\/08\/PTG-Grasse-Terracotta-Myrtillocactus-Geometrizans-Crestato-v18-h40-frontale.jpg\",\"width\":1000,\"height\":1000},{\"@type\":\"BreadcrumbList\",\"@id\":\"https:\/\/kentis.com\/de\/shop\/myrtillocactus-geometrizans-crestato\/#breadcrumb\",\"itemListElement\":[{\"@type\":\"ListItem\",\"position\":1,\"name\":\"Home\",\"item\":\"https:\/\/kentis.com\/de\/\"},{\"@type\":\"ListItem\",\"position\":2,\"name\":\"Gesch\u00e4ft\",\"item\":\"https:\/\/kentis.com\/de\/shop\/\"},{\"@type\":\"ListItem\",\"position\":3,\"name\":\"Pflanzen\",\"item\":\"https:\/\/kentis.com\/de\/produkt-kategorie\/pflanzen\/\"},{\"@type\":\"ListItem\",\"position\":4,\"name\":\"Zimmerpflanzen\",\"item\":\"https:\/\/kentis.com\/de\/produkt-kategorie\/pflanzen\/zimmerpflanzen\/\"},{\"@type\":\"ListItem\",\"position\":5,\"name\":\"Kaktus \/ Sukkulenten\",\"item\":\"https:\/\/kentis.com\/de\/produkt-kategorie\/pflanzen\/zimmerpflanzen\/kaktus-sukkulenten\/\"},{\"@type\":\"ListItem\",\"position\":6,\"name\":\"Myrtillocactus Geometrizans Crestato\"}]},{\"@type\":\"WebSite\",\"@id\":\"https:\/\/kentis.com\/de\/#website\",\"url\":\"https:\/\/kentis.com\/de\/\",\"name\":\"Kentis\",\"description\":\"Atelier del verde\",\"publisher\":{\"@id\":\"https:\/\/kentis.com\/de\/#organization\"},\"potentialAction\":[{\"@type\":\"SearchAction\",\"target\":{\"@type\":\"EntryPoint\",\"urlTemplate\":\"https:\/\/kentis.com\/de\/?s={search_term_string}\"},\"query-input\":{\"@type\":\"PropertyValueSpecification\",\"valueRequired\":true,\"valueName\":\"search_term_string\"}}],\"inLanguage\":\"de\"},{\"@type\":\"Organization\",\"@id\":\"https:\/\/kentis.com\/de\/#organization\",\"name\":\"Kentis\",\"url\":\"https:\/\/kentis.com\/de\/\",\"logo\":{\"@type\":\"ImageObject\",\"inLanguage\":\"de\",\"@id\":\"https:\/\/kentis.com\/de\/#\/schema\/logo\/image\/\",\"url\":\"https:\/\/kentis.com\/wp-content\/uploads\/2021\/08\/logo-main.png\",\"contentUrl\":\"https:\/\/kentis.com\/wp-content\/uploads\/2021\/08\/logo-main.png\",\"width\":800,\"height\":204,\"caption\":\"Kentis\"},\"image\":{\"@id\":\"https:\/\/kentis.com\/de\/#\/schema\/logo\/image\/\"},\"sameAs\":[\"https:\/\/www.facebook.com\/kentisgarden\",\"https:\/\/www.instagram.com\/kentisgarden\/\",\"https:\/\/it.pinterest.com\/kentisgarden\",\"https:\/\/www.tiktok.com\/@kentis.com\"]}]}<\/script>\n<!-- \/ Yoast SEO plugin. -->","yoast_head_json":{"title":"Myrtillocactus Geometrizans Crestato - Wohnungskaktus | Kentis","description":"Der Myrtillocactus Geometrizans Crestato ist ein besonderer Zimmerkaktus mit F\u00e4cherform und gr\u00fcner Farbe mit hellblauen Farbt\u00f6nen.","robots":{"index":"index","follow":"follow","max-snippet":"max-snippet:-1","max-image-preview":"max-image-preview:large","max-video-preview":"max-video-preview:-1"},"canonical":"https:\/\/kentis.com\/de\/shop\/myrtillocactus-geometrizans-crestato\/","og_locale":"de_DE","og_type":"article","og_title":"Myrtillocactus Geometrizans Crestato - Wohnungskaktus | Kentis","og_description":"Der Myrtillocactus Geometrizans Crestato ist ein besonderer Zimmerkaktus mit F\u00e4cherform und gr\u00fcner Farbe mit hellblauen Farbt\u00f6nen.","og_url":"https:\/\/kentis.com\/de\/shop\/myrtillocactus-geometrizans-crestato\/","og_site_name":"Kentis","article_publisher":"https:\/\/www.facebook.com\/kentisgarden","article_modified_time":"2024-11-19T13:17:16+00:00","og_image":[{"width":1000,"height":1000,"url":"https:\/\/kentis.com\/wp-content\/uploads\/2021\/08\/PTG-Grasse-Terracotta-Myrtillocactus-Geometrizans-Crestato-v18-h40-frontale.jpg","type":"image\/jpeg"}],"twitter_card":"summary_large_image","twitter_misc":{"Gesch\u00e4tzte Lesezeit":"1\u00a0Minute"},"schema":{"@context":"https:\/\/schema.org","@graph":[{"@type":"WebPage","@id":"https:\/\/kentis.com\/de\/shop\/myrtillocactus-geometrizans-crestato\/","url":"https:\/\/kentis.com\/de\/shop\/myrtillocactus-geometrizans-crestato\/","name":"Myrtillocactus Geometrizans Crestato - Wohnungskaktus | Kentis","isPartOf":{"@id":"https:\/\/kentis.com\/de\/#website"},"primaryImageOfPage":{"@id":"https:\/\/kentis.com\/de\/shop\/myrtillocactus-geometrizans-crestato\/#primaryimage"},"image":{"@id":"https:\/\/kentis.com\/de\/shop\/myrtillocactus-geometrizans-crestato\/#primaryimage"},"thumbnailUrl":"https:\/\/kentis.com\/wp-content\/uploads\/2021\/08\/PTG-Grasse-Terracotta-Myrtillocactus-Geometrizans-Crestato-v18-h40-frontale.jpg","datePublished":"2021-08-06T08:25:29+00:00","dateModified":"2024-11-19T13:17:16+00:00","description":"Der Myrtillocactus Geometrizans Crestato ist ein besonderer Zimmerkaktus mit F\u00e4cherform und gr\u00fcner Farbe mit hellblauen Farbt\u00f6nen.","breadcrumb":{"@id":"https:\/\/kentis.com\/de\/shop\/myrtillocactus-geometrizans-crestato\/#breadcrumb"},"inLanguage":"de","potentialAction":[{"@type":"ReadAction","target":["https:\/\/kentis.com\/de\/shop\/myrtillocactus-geometrizans-crestato\/"]}]},{"@type":"ImageObject","inLanguage":"de","@id":"https:\/\/kentis.com\/de\/shop\/myrtillocactus-geometrizans-crestato\/#primaryimage","url":"https:\/\/kentis.com\/wp-content\/uploads\/2021\/08\/PTG-Grasse-Terracotta-Myrtillocactus-Geometrizans-Crestato-v18-h40-frontale.jpg","contentUrl":"https:\/\/kentis.com\/wp-content\/uploads\/2021\/08\/PTG-Grasse-Terracotta-Myrtillocactus-Geometrizans-Crestato-v18-h40-frontale.jpg","width":1000,"height":1000},{"@type":"BreadcrumbList","@id":"https:\/\/kentis.com\/de\/shop\/myrtillocactus-geometrizans-crestato\/#breadcrumb","itemListElement":[{"@type":"ListItem","position":1,"name":"Home","item":"https:\/\/kentis.com\/de\/"},{"@type":"ListItem","position":2,"name":"Gesch\u00e4ft","item":"https:\/\/kentis.com\/de\/shop\/"},{"@type":"ListItem","position":3,"name":"Pflanzen","item":"https:\/\/kentis.com\/de\/produkt-kategorie\/pflanzen\/"},{"@type":"ListItem","position":4,"name":"Zimmerpflanzen","item":"https:\/\/kentis.com\/de\/produkt-kategorie\/pflanzen\/zimmerpflanzen\/"},{"@type":"ListItem","position":5,"name":"Kaktus \/ Sukkulenten","item":"https:\/\/kentis.com\/de\/produkt-kategorie\/pflanzen\/zimmerpflanzen\/kaktus-sukkulenten\/"},{"@type":"ListItem","position":6,"name":"Myrtillocactus Geometrizans Crestato"}]},{"@type":"WebSite","@id":"https:\/\/kentis.com\/de\/#website","url":"https:\/\/kentis.com\/de\/","name":"Kentis","description":"Atelier del verde","publisher":{"@id":"https:\/\/kentis.com\/de\/#organization"},"potentialAction":[{"@type":"SearchAction","target":{"@type":"EntryPoint","urlTemplate":"https:\/\/kentis.com\/de\/?s={search_term_string}"},"query-input":{"@type":"PropertyValueSpecification","valueRequired":true,"valueName":"search_term_string"}}],"inLanguage":"de"},{"@type":"Organization","@id":"https:\/\/kentis.com\/de\/#organization","name":"Kentis","url":"https:\/\/kentis.com\/de\/","logo":{"@type":"ImageObject","inLanguage":"de","@id":"https:\/\/kentis.com\/de\/#\/schema\/logo\/image\/","url":"https:\/\/kentis.com\/wp-content\/uploads\/2021\/08\/logo-main.png","contentUrl":"https:\/\/kentis.com\/wp-content\/uploads\/2021\/08\/logo-main.png","width":800,"height":204,"caption":"Kentis"},"image":{"@id":"https:\/\/kentis.com\/de\/#\/schema\/logo\/image\/"},"sameAs":["https:\/\/www.facebook.com\/kentisgarden","https:\/\/www.instagram.com\/kentisgarden\/","https:\/\/it.pinterest.com\/kentisgarden","https:\/\/www.tiktok.com\/@kentis.com"]}]}},"_links":{"self":[{"href":"https:\/\/kentis.com\/de\/wp-json\/wp\/v2\/product\/25737","targetHints":{"allow":["GET"]}}],"collection":[{"href":"https:\/\/kentis.com\/de\/wp-json\/wp\/v2\/product"}],"about":[{"href":"https:\/\/kentis.com\/de\/wp-json\/wp\/v2\/types\/product"}],"wp:featuredmedia":[{"embeddable":true,"href":"https:\/\/kentis.com\/de\/wp-json\/wp\/v2\/media\/13665"}],"wp:attachment":[{"href":"https:\/\/kentis.com\/de\/wp-json\/wp\/v2\/media?parent=25737"}],"wp:term":[{"taxonomy":"product_cat","embeddable":true,"href":"https:\/\/kentis.com\/de\/wp-json\/wp\/v2\/product_cat?post=25737"},{"taxonomy":"product_tag","embeddable":true,"href":"https:\/\/kentis.com\/de\/wp-json\/wp\/v2\/product_tag?post=25737"}],"curies":[{"name":"wp","href":"https:\/\/api.w.org\/{rel}","templated":true}]}}