{"id":25727,"date":"2021-08-11T09:54:20","date_gmt":"2021-08-11T07:54:20","guid":{"rendered":"https:\/\/kentis.com\/negozio\/musa-dwarf-cavendish\/"},"modified":"2024-11-20T14:23:15","modified_gmt":"2024-11-20T13:23:15","slug":"musa-dwarf-cavendish-bananenpflanze","status":"publish","type":"product","link":"https:\/\/kentis.com\/de\/shop\/musa-dwarf-cavendish-bananenpflanze\/","title":{"rendered":"Musa Dwarf Cavendish &#8211; Bananenpflanze"},"content":{"rendered":"<div class=\"fusion-fullwidth fullwidth-box fusion-builder-row-1 fusion-flex-container nonhundred-percent-fullwidth non-hundred-percent-height-scrolling\" style=\"--awb-border-radius-top-left:0px;--awb-border-radius-top-right:0px;--awb-border-radius-bottom-right:0px;--awb-border-radius-bottom-left:0px;--awb-flex-wrap:wrap;\" ><div class=\"fusion-builder-row fusion-row fusion-flex-align-items-flex-start fusion-flex-content-wrap\" style=\"max-width:1248px;margin-left: calc(-4% \/ 2 );margin-right: calc(-4% \/ 2 );\"><div class=\"fusion-layout-column fusion_builder_column fusion-builder-column-0 fusion_builder_column_1_1 1_1 fusion-flex-column\" style=\"--awb-bg-size:cover;--awb-width-large:100%;--awb-margin-top-large:0px;--awb-spacing-right-large:1.92%;--awb-margin-bottom-large:0px;--awb-spacing-left-large:1.92%;--awb-width-medium:100%;--awb-spacing-right-medium:1.92%;--awb-spacing-left-medium:1.92%;--awb-width-small:100%;--awb-spacing-right-small:1.92%;--awb-spacing-left-small:1.92%;\"><div class=\"fusion-column-wrapper fusion-flex-justify-content-flex-start fusion-content-layout-column\"><div class=\"fusion-text fusion-text-1\"><p>Die Musa Acuminata Dwarf Cavendish, bekannt als Zwergbananenpflanze, eignet sich perfekt, um Ihren eigenen Gro\u00dfstadtdschungel zu erschaffen und Ihrem Garten oder Ihrer Wohnung einen tropischen Touch zu verleihen. Dank ihres im Vergleich zu anderen Bananensorten kleineren Stammes eignet sie sich ideal als Zimmerpflanze und bringt mit ihren gro\u00dfen Bl\u00e4ttern und leckeren Fr\u00fcchten eine exotische Atmosph\u00e4re in Ihr Zuhause. Tats\u00e4chlich finden Bl\u00fcte und Fruchtbildung in der hei\u00dfen Jahreszeit auch im Innenbereich statt, insbesondere wenn die Pflanze \u00fcber eine hohe Luftfeuchtigkeit und viel Licht verf\u00fcgt. In windgesch\u00fctzten Gebieten mit mildem Klima ist es auch m\u00f6glich, diese Pflanzen im Freien anzubauen. Dar\u00fcber hinaus ist die Musa auch eine haustierfreundliche Pflanze, was sie auch f\u00fcr diejenigen perfekt macht, die Hunde oder Katzen zu Hause haben.<\/p>\n<\/div><\/div><\/div><\/div><\/div>\n","protected":false},"excerpt":{"rendered":"","protected":false},"featured_media":35367,"template":"","meta":{"_acf_changed":false},"product_cat":[516,685,723,485],"product_tag":[],"class_list":{"0":"post-25727","1":"product","2":"type-product","3":"status-publish","4":"has-post-thumbnail","6":"product_cat-fuer-ihn","7":"product_cat-haustierfreundlich","8":"product_cat-hohe-pflanzen","9":"product_cat-pflanzen-mit-wenig-pflege","10":"product_shipping_class-flora-de","11":"pa_ambienti-bad","12":"pa_ambienti-balkon","13":"pa_ambienti-kueche","14":"pa_ambienti-wohnzimmer","16":"first","17":"instock","18":"taxable","19":"shipping-taxable","20":"purchasable","21":"product-type-variable","22":"has-default-attributes"},"acf":[],"yoast_head":"<!-- This site is optimized with the Yoast SEO plugin v23.4 - https:\/\/yoast.com\/wordpress\/plugins\/seo\/ -->\n<title>Musa Dwarf Cavendish - Zimmerbananenpflanze | Kentis<\/title>\n<meta name=\"description\" content=\"Die Musa Dwarf Cavendish ist eine sehr sch\u00f6ne Obstpflanze f\u00fcr den Innenausbau und wird auch &quot;Zwergbanane&quot; genannt.\" \/>\n<meta name=\"robots\" content=\"index, follow, max-snippet:-1, max-image-preview:large, max-video-preview:-1\" \/>\n<link rel=\"canonical\" href=\"https:\/\/kentis.com\/de\/shop\/musa-dwarf-cavendish-bananenpflanze\/\" \/>\n<meta property=\"og:locale\" content=\"de_DE\" \/>\n<meta property=\"og:type\" content=\"article\" \/>\n<meta property=\"og:title\" content=\"Musa Dwarf Cavendish - Zimmerbananenpflanze | Kentis\" \/>\n<meta property=\"og:description\" content=\"Die Musa Dwarf Cavendish ist eine sehr sch\u00f6ne Obstpflanze f\u00fcr den Innenausbau und wird auch &quot;Zwergbanane&quot; genannt.\" \/>\n<meta property=\"og:url\" content=\"https:\/\/kentis.com\/de\/shop\/musa-dwarf-cavendish-bananenpflanze\/\" \/>\n<meta property=\"og:site_name\" content=\"Kentis\" \/>\n<meta property=\"article:publisher\" content=\"https:\/\/www.facebook.com\/kentisgarden\" \/>\n<meta property=\"article:modified_time\" content=\"2024-11-20T13:23:15+00:00\" \/>\n<meta property=\"og:image\" content=\"https:\/\/kentis.com\/wp-content\/uploads\/2021\/08\/PTG-Banano-Round-White-25.jpg\" \/>\n\t<meta property=\"og:image:width\" content=\"1182\" \/>\n\t<meta property=\"og:image:height\" content=\"1182\" \/>\n\t<meta property=\"og:image:type\" content=\"image\/jpeg\" \/>\n<meta name=\"twitter:card\" content=\"summary_large_image\" \/>\n<meta name=\"twitter:label1\" content=\"Gesch\u00e4tzte Lesezeit\" \/>\n\t<meta name=\"twitter:data1\" content=\"1\u00a0Minute\" \/>\n<script type=\"application\/ld+json\" class=\"yoast-schema-graph\">{\"@context\":\"https:\/\/schema.org\",\"@graph\":[{\"@type\":\"WebPage\",\"@id\":\"https:\/\/kentis.com\/de\/shop\/musa-dwarf-cavendish-bananenpflanze\/\",\"url\":\"https:\/\/kentis.com\/de\/shop\/musa-dwarf-cavendish-bananenpflanze\/\",\"name\":\"Musa Dwarf Cavendish - Zimmerbananenpflanze | Kentis\",\"isPartOf\":{\"@id\":\"https:\/\/kentis.com\/de\/#website\"},\"primaryImageOfPage\":{\"@id\":\"https:\/\/kentis.com\/de\/shop\/musa-dwarf-cavendish-bananenpflanze\/#primaryimage\"},\"image\":{\"@id\":\"https:\/\/kentis.com\/de\/shop\/musa-dwarf-cavendish-bananenpflanze\/#primaryimage\"},\"thumbnailUrl\":\"https:\/\/kentis.com\/wp-content\/uploads\/2025\/08\/musa-v-21-vaso-eco-bianco.png\",\"datePublished\":\"2021-08-11T07:54:20+00:00\",\"dateModified\":\"2024-11-20T13:23:15+00:00\",\"description\":\"Die Musa Dwarf Cavendish ist eine sehr sch\u00f6ne Obstpflanze f\u00fcr den Innenausbau und wird auch \\\"Zwergbanane\\\" genannt.\",\"breadcrumb\":{\"@id\":\"https:\/\/kentis.com\/de\/shop\/musa-dwarf-cavendish-bananenpflanze\/#breadcrumb\"},\"inLanguage\":\"de\",\"potentialAction\":[{\"@type\":\"ReadAction\",\"target\":[\"https:\/\/kentis.com\/de\/shop\/musa-dwarf-cavendish-bananenpflanze\/\"]}]},{\"@type\":\"ImageObject\",\"inLanguage\":\"de\",\"@id\":\"https:\/\/kentis.com\/de\/shop\/musa-dwarf-cavendish-bananenpflanze\/#primaryimage\",\"url\":\"https:\/\/kentis.com\/wp-content\/uploads\/2025\/08\/musa-v-21-vaso-eco-bianco.png\",\"contentUrl\":\"https:\/\/kentis.com\/wp-content\/uploads\/2025\/08\/musa-v-21-vaso-eco-bianco.png\",\"width\":1500,\"height\":1500},{\"@type\":\"BreadcrumbList\",\"@id\":\"https:\/\/kentis.com\/de\/shop\/musa-dwarf-cavendish-bananenpflanze\/#breadcrumb\",\"itemListElement\":[{\"@type\":\"ListItem\",\"position\":1,\"name\":\"Home\",\"item\":\"https:\/\/kentis.com\/de\/\"},{\"@type\":\"ListItem\",\"position\":2,\"name\":\"Gesch\u00e4ft\",\"item\":\"https:\/\/kentis.com\/de\/shop\/\"},{\"@type\":\"ListItem\",\"position\":3,\"name\":\"Pflanzen\",\"item\":\"https:\/\/kentis.com\/de\/produkt-kategorie\/pflanzen\/\"},{\"@type\":\"ListItem\",\"position\":4,\"name\":\"Zimmerpflanzen\",\"item\":\"https:\/\/kentis.com\/de\/produkt-kategorie\/pflanzen\/zimmerpflanzen\/\"},{\"@type\":\"ListItem\",\"position\":5,\"name\":\"Pflanzen die wenig Pflege ben\u00f6tigen\",\"item\":\"https:\/\/kentis.com\/de\/produkt-kategorie\/pflanzen\/zimmerpflanzen\/pflanzen-mit-wenig-pflege\/\"},{\"@type\":\"ListItem\",\"position\":6,\"name\":\"Musa Dwarf Cavendish &#8211; Bananenpflanze\"}]},{\"@type\":\"WebSite\",\"@id\":\"https:\/\/kentis.com\/de\/#website\",\"url\":\"https:\/\/kentis.com\/de\/\",\"name\":\"Kentis\",\"description\":\"Atelier del verde\",\"publisher\":{\"@id\":\"https:\/\/kentis.com\/de\/#organization\"},\"potentialAction\":[{\"@type\":\"SearchAction\",\"target\":{\"@type\":\"EntryPoint\",\"urlTemplate\":\"https:\/\/kentis.com\/de\/?s={search_term_string}\"},\"query-input\":{\"@type\":\"PropertyValueSpecification\",\"valueRequired\":true,\"valueName\":\"search_term_string\"}}],\"inLanguage\":\"de\"},{\"@type\":\"Organization\",\"@id\":\"https:\/\/kentis.com\/de\/#organization\",\"name\":\"Kentis\",\"url\":\"https:\/\/kentis.com\/de\/\",\"logo\":{\"@type\":\"ImageObject\",\"inLanguage\":\"de\",\"@id\":\"https:\/\/kentis.com\/de\/#\/schema\/logo\/image\/\",\"url\":\"https:\/\/kentis.com\/wp-content\/uploads\/2021\/08\/logo-main.png\",\"contentUrl\":\"https:\/\/kentis.com\/wp-content\/uploads\/2021\/08\/logo-main.png\",\"width\":800,\"height\":204,\"caption\":\"Kentis\"},\"image\":{\"@id\":\"https:\/\/kentis.com\/de\/#\/schema\/logo\/image\/\"},\"sameAs\":[\"https:\/\/www.facebook.com\/kentisgarden\",\"https:\/\/www.instagram.com\/kentisgarden\/\",\"https:\/\/it.pinterest.com\/kentisgarden\",\"https:\/\/www.tiktok.com\/@kentis.com\"]}]}<\/script>\n<!-- \/ Yoast SEO plugin. -->","yoast_head_json":{"title":"Musa Dwarf Cavendish - Zimmerbananenpflanze | Kentis","description":"Die Musa Dwarf Cavendish ist eine sehr sch\u00f6ne Obstpflanze f\u00fcr den Innenausbau und wird auch \"Zwergbanane\" genannt.","robots":{"index":"index","follow":"follow","max-snippet":"max-snippet:-1","max-image-preview":"max-image-preview:large","max-video-preview":"max-video-preview:-1"},"canonical":"https:\/\/kentis.com\/de\/shop\/musa-dwarf-cavendish-bananenpflanze\/","og_locale":"de_DE","og_type":"article","og_title":"Musa Dwarf Cavendish - Zimmerbananenpflanze | Kentis","og_description":"Die Musa Dwarf Cavendish ist eine sehr sch\u00f6ne Obstpflanze f\u00fcr den Innenausbau und wird auch \"Zwergbanane\" genannt.","og_url":"https:\/\/kentis.com\/de\/shop\/musa-dwarf-cavendish-bananenpflanze\/","og_site_name":"Kentis","article_publisher":"https:\/\/www.facebook.com\/kentisgarden","article_modified_time":"2024-11-20T13:23:15+00:00","og_image":[{"width":1182,"height":1182,"url":"https:\/\/kentis.com\/wp-content\/uploads\/2021\/08\/PTG-Banano-Round-White-25.jpg","type":"image\/jpeg"}],"twitter_card":"summary_large_image","twitter_misc":{"Gesch\u00e4tzte Lesezeit":"1\u00a0Minute"},"schema":{"@context":"https:\/\/schema.org","@graph":[{"@type":"WebPage","@id":"https:\/\/kentis.com\/de\/shop\/musa-dwarf-cavendish-bananenpflanze\/","url":"https:\/\/kentis.com\/de\/shop\/musa-dwarf-cavendish-bananenpflanze\/","name":"Musa Dwarf Cavendish - Zimmerbananenpflanze | Kentis","isPartOf":{"@id":"https:\/\/kentis.com\/de\/#website"},"primaryImageOfPage":{"@id":"https:\/\/kentis.com\/de\/shop\/musa-dwarf-cavendish-bananenpflanze\/#primaryimage"},"image":{"@id":"https:\/\/kentis.com\/de\/shop\/musa-dwarf-cavendish-bananenpflanze\/#primaryimage"},"thumbnailUrl":"https:\/\/kentis.com\/wp-content\/uploads\/2025\/08\/musa-v-21-vaso-eco-bianco.png","datePublished":"2021-08-11T07:54:20+00:00","dateModified":"2024-11-20T13:23:15+00:00","description":"Die Musa Dwarf Cavendish ist eine sehr sch\u00f6ne Obstpflanze f\u00fcr den Innenausbau und wird auch \"Zwergbanane\" genannt.","breadcrumb":{"@id":"https:\/\/kentis.com\/de\/shop\/musa-dwarf-cavendish-bananenpflanze\/#breadcrumb"},"inLanguage":"de","potentialAction":[{"@type":"ReadAction","target":["https:\/\/kentis.com\/de\/shop\/musa-dwarf-cavendish-bananenpflanze\/"]}]},{"@type":"ImageObject","inLanguage":"de","@id":"https:\/\/kentis.com\/de\/shop\/musa-dwarf-cavendish-bananenpflanze\/#primaryimage","url":"https:\/\/kentis.com\/wp-content\/uploads\/2025\/08\/musa-v-21-vaso-eco-bianco.png","contentUrl":"https:\/\/kentis.com\/wp-content\/uploads\/2025\/08\/musa-v-21-vaso-eco-bianco.png","width":1500,"height":1500},{"@type":"BreadcrumbList","@id":"https:\/\/kentis.com\/de\/shop\/musa-dwarf-cavendish-bananenpflanze\/#breadcrumb","itemListElement":[{"@type":"ListItem","position":1,"name":"Home","item":"https:\/\/kentis.com\/de\/"},{"@type":"ListItem","position":2,"name":"Gesch\u00e4ft","item":"https:\/\/kentis.com\/de\/shop\/"},{"@type":"ListItem","position":3,"name":"Pflanzen","item":"https:\/\/kentis.com\/de\/produkt-kategorie\/pflanzen\/"},{"@type":"ListItem","position":4,"name":"Zimmerpflanzen","item":"https:\/\/kentis.com\/de\/produkt-kategorie\/pflanzen\/zimmerpflanzen\/"},{"@type":"ListItem","position":5,"name":"Pflanzen die wenig Pflege ben\u00f6tigen","item":"https:\/\/kentis.com\/de\/produkt-kategorie\/pflanzen\/zimmerpflanzen\/pflanzen-mit-wenig-pflege\/"},{"@type":"ListItem","position":6,"name":"Musa Dwarf Cavendish &#8211; Bananenpflanze"}]},{"@type":"WebSite","@id":"https:\/\/kentis.com\/de\/#website","url":"https:\/\/kentis.com\/de\/","name":"Kentis","description":"Atelier del verde","publisher":{"@id":"https:\/\/kentis.com\/de\/#organization"},"potentialAction":[{"@type":"SearchAction","target":{"@type":"EntryPoint","urlTemplate":"https:\/\/kentis.com\/de\/?s={search_term_string}"},"query-input":{"@type":"PropertyValueSpecification","valueRequired":true,"valueName":"search_term_string"}}],"inLanguage":"de"},{"@type":"Organization","@id":"https:\/\/kentis.com\/de\/#organization","name":"Kentis","url":"https:\/\/kentis.com\/de\/","logo":{"@type":"ImageObject","inLanguage":"de","@id":"https:\/\/kentis.com\/de\/#\/schema\/logo\/image\/","url":"https:\/\/kentis.com\/wp-content\/uploads\/2021\/08\/logo-main.png","contentUrl":"https:\/\/kentis.com\/wp-content\/uploads\/2021\/08\/logo-main.png","width":800,"height":204,"caption":"Kentis"},"image":{"@id":"https:\/\/kentis.com\/de\/#\/schema\/logo\/image\/"},"sameAs":["https:\/\/www.facebook.com\/kentisgarden","https:\/\/www.instagram.com\/kentisgarden\/","https:\/\/it.pinterest.com\/kentisgarden","https:\/\/www.tiktok.com\/@kentis.com"]}]}},"_links":{"self":[{"href":"https:\/\/kentis.com\/de\/wp-json\/wp\/v2\/product\/25727","targetHints":{"allow":["GET"]}}],"collection":[{"href":"https:\/\/kentis.com\/de\/wp-json\/wp\/v2\/product"}],"about":[{"href":"https:\/\/kentis.com\/de\/wp-json\/wp\/v2\/types\/product"}],"wp:featuredmedia":[{"embeddable":true,"href":"https:\/\/kentis.com\/de\/wp-json\/wp\/v2\/media\/35367"}],"wp:attachment":[{"href":"https:\/\/kentis.com\/de\/wp-json\/wp\/v2\/media?parent=25727"}],"wp:term":[{"taxonomy":"product_cat","embeddable":true,"href":"https:\/\/kentis.com\/de\/wp-json\/wp\/v2\/product_cat?post=25727"},{"taxonomy":"product_tag","embeddable":true,"href":"https:\/\/kentis.com\/de\/wp-json\/wp\/v2\/product_tag?post=25727"}],"curies":[{"name":"wp","href":"https:\/\/api.w.org\/{rel}","templated":true}]}}