{"id":25699,"date":"2021-08-16T11:51:50","date_gmt":"2021-08-16T09:51:50","guid":{"rendered":"https:\/\/kentis.com\/negozio\/monstera-adansonii-monkey-leaf\/"},"modified":"2024-11-20T14:27:18","modified_gmt":"2024-11-20T13:27:18","slug":"monstera-adansonii-monkey-leaf","status":"publish","type":"product","link":"https:\/\/kentis.com\/de\/shop\/monstera-adansonii-monkey-leaf\/","title":{"rendered":"Monstera Adansonii Monkey Leaf"},"content":{"rendered":"<div class=\"fusion-fullwidth fullwidth-box fusion-builder-row-1 fusion-flex-container nonhundred-percent-fullwidth non-hundred-percent-height-scrolling\" style=\"--awb-border-radius-top-left:0px;--awb-border-radius-top-right:0px;--awb-border-radius-bottom-right:0px;--awb-border-radius-bottom-left:0px;--awb-flex-wrap:wrap;\" ><div class=\"fusion-builder-row fusion-row fusion-flex-align-items-flex-start fusion-flex-content-wrap\" style=\"max-width:1248px;margin-left: calc(-4% \/ 2 );margin-right: calc(-4% \/ 2 );\"><div class=\"fusion-layout-column fusion_builder_column fusion-builder-column-0 fusion_builder_column_1_1 1_1 fusion-flex-column\" style=\"--awb-bg-size:cover;--awb-width-large:100%;--awb-margin-top-large:0px;--awb-spacing-right-large:1.92%;--awb-margin-bottom-large:0px;--awb-spacing-left-large:1.92%;--awb-width-medium:100%;--awb-spacing-right-medium:1.92%;--awb-spacing-left-medium:1.92%;--awb-width-small:100%;--awb-spacing-right-small:1.92%;--awb-spacing-left-small:1.92%;\"><div class=\"fusion-column-wrapper fusion-flex-justify-content-flex-start fusion-content-layout-column\"><div class=\"fusion-text fusion-text-1\"><p>Das Monstera Adansonii Monkey Leaf ist eine tropische Pflanze aus S\u00fcdamerika, die in unseren Klimazonen als Zimmerpflanze verwendet wird. Mit seinen intensiv gr\u00fcnen Bl\u00e4ttern und L\u00f6chern unterschiedlicher Gr\u00f6\u00dfe zeichnet er sich durch ein besonderes Aussehen aus. Da es sich um eine Kletterpflanze handelt, kann sie mit Hilfe eines Baumes oder durch Fallenlassen von Regalen oder M\u00f6beln in die H\u00f6he gebracht werden. Da die Bl\u00e4tter kleiner sind als bei Monstera Deliciosa, eignet sich Monstera Adansonii Monkey Leaf perfekt f\u00fcr alle, die wenig Platz zum Dekorieren haben. Dar\u00fcber hinaus geh\u00f6rt es laut einer NASA-Studie zu den besten Pflanzen zur Luftreinigung und schafft es, verschiedene in der Umwelt vorhandene Schadstoffe zu eliminieren.<\/p>\n<p>Die H\u00f6he der Pflanze vom Topfboden betr\u00e4gt 30 bis 40 cm.<\/p>\n<\/div><\/div><\/div><\/div><\/div>\n","protected":false},"excerpt":{"rendered":"","protected":false},"featured_media":15687,"template":"","meta":{"_acf_changed":false},"product_cat":[485,495,486],"product_tag":[],"class_list":{"0":"post-25699","1":"product","2":"type-product","3":"status-publish","4":"has-post-thumbnail","6":"product_cat-pflanzen-mit-wenig-pflege","7":"product_cat-pflanzen-fuer-wenig-licht","8":"product_cat-reinigt-die-luft","9":"product_shipping_class-flora-de","10":"pa_ambienti-bad","11":"pa_ambienti-buero-intelligentes-arbeiten","13":"first","14":"instock","15":"taxable","16":"shipping-taxable","17":"purchasable","18":"product-type-variable","19":"has-default-attributes"},"acf":[],"yoast_head":"<!-- This site is optimized with the Yoast SEO plugin v23.4 - https:\/\/yoast.com\/wordpress\/plugins\/seo\/ -->\n<title>Monstera Adansonii Monkey Leaf - Zimmerpflanzen | Kentis<\/title>\n<meta name=\"description\" content=\"Das Monstera Adansonii Monkey Leaf ist eine Zimmerpflanze mit perforierten Bl\u00e4ttern mit hoher Wirkung, die sich f\u00fcr die Inneneinrichtung eignet\" \/>\n<meta name=\"robots\" content=\"index, follow, max-snippet:-1, max-image-preview:large, max-video-preview:-1\" \/>\n<link rel=\"canonical\" href=\"https:\/\/kentis.com\/de\/shop\/monstera-adansonii-monkey-leaf\/\" \/>\n<meta property=\"og:locale\" content=\"de_DE\" \/>\n<meta property=\"og:type\" content=\"article\" \/>\n<meta property=\"og:title\" content=\"Monstera Adansonii Monkey Leaf - Zimmerpflanzen | Kentis\" \/>\n<meta property=\"og:description\" content=\"Das Monstera Adansonii Monkey Leaf ist eine Zimmerpflanze mit perforierten Bl\u00e4ttern mit hoher Wirkung, die sich f\u00fcr die Inneneinrichtung eignet\" \/>\n<meta property=\"og:url\" content=\"https:\/\/kentis.com\/de\/shop\/monstera-adansonii-monkey-leaf\/\" \/>\n<meta property=\"og:site_name\" content=\"Kentis\" \/>\n<meta property=\"article:publisher\" content=\"https:\/\/www.facebook.com\/kentisgarden\" \/>\n<meta property=\"article:modified_time\" content=\"2024-11-20T13:27:18+00:00\" \/>\n<meta property=\"og:image\" content=\"https:\/\/kentis.com\/wp-content\/uploads\/2021\/08\/PTG-MonsteraMonkeyLeaf-v12-h25-765-15GlazingGreen.jpg\" \/>\n\t<meta property=\"og:image:width\" content=\"1000\" \/>\n\t<meta property=\"og:image:height\" content=\"1000\" \/>\n\t<meta property=\"og:image:type\" content=\"image\/jpeg\" \/>\n<meta name=\"twitter:card\" content=\"summary_large_image\" \/>\n<meta name=\"twitter:label1\" content=\"Gesch\u00e4tzte Lesezeit\" \/>\n\t<meta name=\"twitter:data1\" content=\"1\u00a0Minute\" \/>\n<script type=\"application\/ld+json\" class=\"yoast-schema-graph\">{\"@context\":\"https:\/\/schema.org\",\"@graph\":[{\"@type\":\"WebPage\",\"@id\":\"https:\/\/kentis.com\/de\/shop\/monstera-adansonii-monkey-leaf\/\",\"url\":\"https:\/\/kentis.com\/de\/shop\/monstera-adansonii-monkey-leaf\/\",\"name\":\"Monstera Adansonii Monkey Leaf - Zimmerpflanzen | Kentis\",\"isPartOf\":{\"@id\":\"https:\/\/kentis.com\/de\/#website\"},\"primaryImageOfPage\":{\"@id\":\"https:\/\/kentis.com\/de\/shop\/monstera-adansonii-monkey-leaf\/#primaryimage\"},\"image\":{\"@id\":\"https:\/\/kentis.com\/de\/shop\/monstera-adansonii-monkey-leaf\/#primaryimage\"},\"thumbnailUrl\":\"https:\/\/kentis.com\/wp-content\/uploads\/2021\/08\/PTG-MonsteraMonkeyLeaf-v12-h25-765-15GlazingGreen.jpg\",\"datePublished\":\"2021-08-16T09:51:50+00:00\",\"dateModified\":\"2024-11-20T13:27:18+00:00\",\"description\":\"Das Monstera Adansonii Monkey Leaf ist eine Zimmerpflanze mit perforierten Bl\u00e4ttern mit hoher Wirkung, die sich f\u00fcr die Inneneinrichtung eignet\",\"breadcrumb\":{\"@id\":\"https:\/\/kentis.com\/de\/shop\/monstera-adansonii-monkey-leaf\/#breadcrumb\"},\"inLanguage\":\"de\",\"potentialAction\":[{\"@type\":\"ReadAction\",\"target\":[\"https:\/\/kentis.com\/de\/shop\/monstera-adansonii-monkey-leaf\/\"]}]},{\"@type\":\"ImageObject\",\"inLanguage\":\"de\",\"@id\":\"https:\/\/kentis.com\/de\/shop\/monstera-adansonii-monkey-leaf\/#primaryimage\",\"url\":\"https:\/\/kentis.com\/wp-content\/uploads\/2021\/08\/PTG-MonsteraMonkeyLeaf-v12-h25-765-15GlazingGreen.jpg\",\"contentUrl\":\"https:\/\/kentis.com\/wp-content\/uploads\/2021\/08\/PTG-MonsteraMonkeyLeaf-v12-h25-765-15GlazingGreen.jpg\",\"width\":1000,\"height\":1000},{\"@type\":\"BreadcrumbList\",\"@id\":\"https:\/\/kentis.com\/de\/shop\/monstera-adansonii-monkey-leaf\/#breadcrumb\",\"itemListElement\":[{\"@type\":\"ListItem\",\"position\":1,\"name\":\"Home\",\"item\":\"https:\/\/kentis.com\/de\/\"},{\"@type\":\"ListItem\",\"position\":2,\"name\":\"Gesch\u00e4ft\",\"item\":\"https:\/\/kentis.com\/de\/shop\/\"},{\"@type\":\"ListItem\",\"position\":3,\"name\":\"Pflanzen\",\"item\":\"https:\/\/kentis.com\/de\/produkt-kategorie\/pflanzen\/\"},{\"@type\":\"ListItem\",\"position\":4,\"name\":\"Zimmerpflanzen\",\"item\":\"https:\/\/kentis.com\/de\/produkt-kategorie\/pflanzen\/zimmerpflanzen\/\"},{\"@type\":\"ListItem\",\"position\":5,\"name\":\"Pflanzen die wenig Pflege ben\u00f6tigen\",\"item\":\"https:\/\/kentis.com\/de\/produkt-kategorie\/pflanzen\/zimmerpflanzen\/pflanzen-mit-wenig-pflege\/\"},{\"@type\":\"ListItem\",\"position\":6,\"name\":\"Monstera Adansonii Monkey Leaf\"}]},{\"@type\":\"WebSite\",\"@id\":\"https:\/\/kentis.com\/de\/#website\",\"url\":\"https:\/\/kentis.com\/de\/\",\"name\":\"Kentis\",\"description\":\"Atelier del verde\",\"publisher\":{\"@id\":\"https:\/\/kentis.com\/de\/#organization\"},\"potentialAction\":[{\"@type\":\"SearchAction\",\"target\":{\"@type\":\"EntryPoint\",\"urlTemplate\":\"https:\/\/kentis.com\/de\/?s={search_term_string}\"},\"query-input\":{\"@type\":\"PropertyValueSpecification\",\"valueRequired\":true,\"valueName\":\"search_term_string\"}}],\"inLanguage\":\"de\"},{\"@type\":\"Organization\",\"@id\":\"https:\/\/kentis.com\/de\/#organization\",\"name\":\"Kentis\",\"url\":\"https:\/\/kentis.com\/de\/\",\"logo\":{\"@type\":\"ImageObject\",\"inLanguage\":\"de\",\"@id\":\"https:\/\/kentis.com\/de\/#\/schema\/logo\/image\/\",\"url\":\"https:\/\/kentis.com\/wp-content\/uploads\/2021\/08\/logo-main.png\",\"contentUrl\":\"https:\/\/kentis.com\/wp-content\/uploads\/2021\/08\/logo-main.png\",\"width\":800,\"height\":204,\"caption\":\"Kentis\"},\"image\":{\"@id\":\"https:\/\/kentis.com\/de\/#\/schema\/logo\/image\/\"},\"sameAs\":[\"https:\/\/www.facebook.com\/kentisgarden\",\"https:\/\/www.instagram.com\/kentisgarden\/\",\"https:\/\/it.pinterest.com\/kentisgarden\",\"https:\/\/www.tiktok.com\/@kentis.com\"]}]}<\/script>\n<!-- \/ Yoast SEO plugin. -->","yoast_head_json":{"title":"Monstera Adansonii Monkey Leaf - Zimmerpflanzen | Kentis","description":"Das Monstera Adansonii Monkey Leaf ist eine Zimmerpflanze mit perforierten Bl\u00e4ttern mit hoher Wirkung, die sich f\u00fcr die Inneneinrichtung eignet","robots":{"index":"index","follow":"follow","max-snippet":"max-snippet:-1","max-image-preview":"max-image-preview:large","max-video-preview":"max-video-preview:-1"},"canonical":"https:\/\/kentis.com\/de\/shop\/monstera-adansonii-monkey-leaf\/","og_locale":"de_DE","og_type":"article","og_title":"Monstera Adansonii Monkey Leaf - Zimmerpflanzen | Kentis","og_description":"Das Monstera Adansonii Monkey Leaf ist eine Zimmerpflanze mit perforierten Bl\u00e4ttern mit hoher Wirkung, die sich f\u00fcr die Inneneinrichtung eignet","og_url":"https:\/\/kentis.com\/de\/shop\/monstera-adansonii-monkey-leaf\/","og_site_name":"Kentis","article_publisher":"https:\/\/www.facebook.com\/kentisgarden","article_modified_time":"2024-11-20T13:27:18+00:00","og_image":[{"width":1000,"height":1000,"url":"https:\/\/kentis.com\/wp-content\/uploads\/2021\/08\/PTG-MonsteraMonkeyLeaf-v12-h25-765-15GlazingGreen.jpg","type":"image\/jpeg"}],"twitter_card":"summary_large_image","twitter_misc":{"Gesch\u00e4tzte Lesezeit":"1\u00a0Minute"},"schema":{"@context":"https:\/\/schema.org","@graph":[{"@type":"WebPage","@id":"https:\/\/kentis.com\/de\/shop\/monstera-adansonii-monkey-leaf\/","url":"https:\/\/kentis.com\/de\/shop\/monstera-adansonii-monkey-leaf\/","name":"Monstera Adansonii Monkey Leaf - Zimmerpflanzen | Kentis","isPartOf":{"@id":"https:\/\/kentis.com\/de\/#website"},"primaryImageOfPage":{"@id":"https:\/\/kentis.com\/de\/shop\/monstera-adansonii-monkey-leaf\/#primaryimage"},"image":{"@id":"https:\/\/kentis.com\/de\/shop\/monstera-adansonii-monkey-leaf\/#primaryimage"},"thumbnailUrl":"https:\/\/kentis.com\/wp-content\/uploads\/2021\/08\/PTG-MonsteraMonkeyLeaf-v12-h25-765-15GlazingGreen.jpg","datePublished":"2021-08-16T09:51:50+00:00","dateModified":"2024-11-20T13:27:18+00:00","description":"Das Monstera Adansonii Monkey Leaf ist eine Zimmerpflanze mit perforierten Bl\u00e4ttern mit hoher Wirkung, die sich f\u00fcr die Inneneinrichtung eignet","breadcrumb":{"@id":"https:\/\/kentis.com\/de\/shop\/monstera-adansonii-monkey-leaf\/#breadcrumb"},"inLanguage":"de","potentialAction":[{"@type":"ReadAction","target":["https:\/\/kentis.com\/de\/shop\/monstera-adansonii-monkey-leaf\/"]}]},{"@type":"ImageObject","inLanguage":"de","@id":"https:\/\/kentis.com\/de\/shop\/monstera-adansonii-monkey-leaf\/#primaryimage","url":"https:\/\/kentis.com\/wp-content\/uploads\/2021\/08\/PTG-MonsteraMonkeyLeaf-v12-h25-765-15GlazingGreen.jpg","contentUrl":"https:\/\/kentis.com\/wp-content\/uploads\/2021\/08\/PTG-MonsteraMonkeyLeaf-v12-h25-765-15GlazingGreen.jpg","width":1000,"height":1000},{"@type":"BreadcrumbList","@id":"https:\/\/kentis.com\/de\/shop\/monstera-adansonii-monkey-leaf\/#breadcrumb","itemListElement":[{"@type":"ListItem","position":1,"name":"Home","item":"https:\/\/kentis.com\/de\/"},{"@type":"ListItem","position":2,"name":"Gesch\u00e4ft","item":"https:\/\/kentis.com\/de\/shop\/"},{"@type":"ListItem","position":3,"name":"Pflanzen","item":"https:\/\/kentis.com\/de\/produkt-kategorie\/pflanzen\/"},{"@type":"ListItem","position":4,"name":"Zimmerpflanzen","item":"https:\/\/kentis.com\/de\/produkt-kategorie\/pflanzen\/zimmerpflanzen\/"},{"@type":"ListItem","position":5,"name":"Pflanzen die wenig Pflege ben\u00f6tigen","item":"https:\/\/kentis.com\/de\/produkt-kategorie\/pflanzen\/zimmerpflanzen\/pflanzen-mit-wenig-pflege\/"},{"@type":"ListItem","position":6,"name":"Monstera Adansonii Monkey Leaf"}]},{"@type":"WebSite","@id":"https:\/\/kentis.com\/de\/#website","url":"https:\/\/kentis.com\/de\/","name":"Kentis","description":"Atelier del verde","publisher":{"@id":"https:\/\/kentis.com\/de\/#organization"},"potentialAction":[{"@type":"SearchAction","target":{"@type":"EntryPoint","urlTemplate":"https:\/\/kentis.com\/de\/?s={search_term_string}"},"query-input":{"@type":"PropertyValueSpecification","valueRequired":true,"valueName":"search_term_string"}}],"inLanguage":"de"},{"@type":"Organization","@id":"https:\/\/kentis.com\/de\/#organization","name":"Kentis","url":"https:\/\/kentis.com\/de\/","logo":{"@type":"ImageObject","inLanguage":"de","@id":"https:\/\/kentis.com\/de\/#\/schema\/logo\/image\/","url":"https:\/\/kentis.com\/wp-content\/uploads\/2021\/08\/logo-main.png","contentUrl":"https:\/\/kentis.com\/wp-content\/uploads\/2021\/08\/logo-main.png","width":800,"height":204,"caption":"Kentis"},"image":{"@id":"https:\/\/kentis.com\/de\/#\/schema\/logo\/image\/"},"sameAs":["https:\/\/www.facebook.com\/kentisgarden","https:\/\/www.instagram.com\/kentisgarden\/","https:\/\/it.pinterest.com\/kentisgarden","https:\/\/www.tiktok.com\/@kentis.com"]}]}},"_links":{"self":[{"href":"https:\/\/kentis.com\/de\/wp-json\/wp\/v2\/product\/25699","targetHints":{"allow":["GET"]}}],"collection":[{"href":"https:\/\/kentis.com\/de\/wp-json\/wp\/v2\/product"}],"about":[{"href":"https:\/\/kentis.com\/de\/wp-json\/wp\/v2\/types\/product"}],"wp:featuredmedia":[{"embeddable":true,"href":"https:\/\/kentis.com\/de\/wp-json\/wp\/v2\/media\/15687"}],"wp:attachment":[{"href":"https:\/\/kentis.com\/de\/wp-json\/wp\/v2\/media?parent=25699"}],"wp:term":[{"taxonomy":"product_cat","embeddable":true,"href":"https:\/\/kentis.com\/de\/wp-json\/wp\/v2\/product_cat?post=25699"},{"taxonomy":"product_tag","embeddable":true,"href":"https:\/\/kentis.com\/de\/wp-json\/wp\/v2\/product_tag?post=25699"}],"curies":[{"name":"wp","href":"https:\/\/api.w.org\/{rel}","templated":true}]}}