{"id":25665,"date":"2021-08-19T08:53:04","date_gmt":"2021-08-19T06:53:04","guid":{"rendered":"https:\/\/kentis.com\/negozio\/bambu-phyllostachys-bissetii\/"},"modified":"2025-03-20T17:59:23","modified_gmt":"2025-03-20T16:59:23","slug":"bambusa-phyllostachys-bissetii-bambus","status":"publish","type":"product","link":"https:\/\/kentis.com\/de\/shop\/bambusa-phyllostachys-bissetii-bambus\/","title":{"rendered":"Bambusa Phyllostachys Bissetii &#8211; Bambus"},"content":{"rendered":"<div class=\"fusion-fullwidth fullwidth-box fusion-builder-row-1 fusion-flex-container nonhundred-percent-fullwidth non-hundred-percent-height-scrolling\" style=\"--awb-border-radius-top-left:0px;--awb-border-radius-top-right:0px;--awb-border-radius-bottom-right:0px;--awb-border-radius-bottom-left:0px;--awb-flex-wrap:wrap;\" ><div class=\"fusion-builder-row fusion-row fusion-flex-align-items-flex-start fusion-flex-content-wrap\" style=\"max-width:1248px;margin-left: calc(-4% \/ 2 );margin-right: calc(-4% \/ 2 );\"><div class=\"fusion-layout-column fusion_builder_column fusion-builder-column-0 fusion_builder_column_1_1 1_1 fusion-flex-column\" style=\"--awb-bg-size:cover;--awb-width-large:100%;--awb-margin-top-large:0px;--awb-spacing-right-large:1.92%;--awb-margin-bottom-large:0px;--awb-spacing-left-large:1.92%;--awb-width-medium:100%;--awb-spacing-right-medium:1.92%;--awb-spacing-left-medium:1.92%;--awb-width-small:100%;--awb-spacing-right-small:1.92%;--awb-spacing-left-small:1.92%;\"><div class=\"fusion-column-wrapper fusion-flex-justify-content-flex-start fusion-content-layout-column\"><div class=\"fusion-text fusion-text-1\"><p>Bambusa Phyllostachys bissetii ist eine Pflanze orientalischen Ursprungs, die sich durch elegante gr\u00fcne St\u00e4ngel mit einem Durchmesser von ca. 3 cm und schmalen, lanzettlichen Bl\u00e4ttern von ca. 12\u201315 cm L\u00e4nge auszeichnet. Diese Bambuspflanze eignet sich ideal zum Anlegen dichter und dekorativer Hecken und bietet eine hervorragende nat\u00fcrliche Barriere. Auch als Einzelpflanze eignet sie sich hervorragend f\u00fcr den Topfanbau und verleiht G\u00e4rten, Terrassen und Balkonen einen Hauch von Orient.<\/p>\n<p>Die H\u00f6he der Pflanze vom Topfboden betr\u00e4gt 150\/175 cm<\/p>\n<p>Achtung: Mit dem Ende des Winters und dem Beginn des Fr\u00fchlings neigen die Bl\u00e4tter dazu, auszutrocknen, dann abzufallen und durch neue ersetzt zu werden. Dabei handelt es sich nicht um einen Defekt der Pflanze, sondern einfach um ihren nat\u00fcrlichen Kreislauf&#8230; Sie werden sehen, dass sie im Fr\u00fchling wieder in voller Pracht erstrahlt!<\/p>\n<\/div><\/div><\/div><\/div><\/div>\n","protected":false},"excerpt":{"rendered":"","protected":false},"featured_media":15105,"template":"","meta":{"_acf_changed":false},"product_cat":[532],"product_tag":[467],"class_list":{"0":"post-25665","1":"product","2":"type-product","3":"status-publish","4":"has-post-thumbnail","6":"product_cat-heckenpflanzen","7":"product_tag-bestseller","8":"product_shipping_class-evergreen-de","10":"first","11":"instock","12":"taxable","13":"shipping-taxable","14":"purchasable","15":"product-type-simple"},"acf":[],"yoast_head":"<!-- This site is optimized with the Yoast SEO plugin v23.4 - https:\/\/yoast.com\/wordpress\/plugins\/seo\/ -->\n<title>Bambusa Phyllostachys Bissetii - Bambus | Kentis<\/title>\n<meta name=\"description\" content=\"Bambusa Phyllostachys Bissetii ist eine ausgezeichnete, schnell wachsende Zierbarriere mit wundersch\u00f6nen tiefgr\u00fcnen Bl\u00e4ttern.\" \/>\n<meta name=\"robots\" content=\"index, follow, max-snippet:-1, max-image-preview:large, max-video-preview:-1\" \/>\n<link rel=\"canonical\" href=\"https:\/\/kentis.com\/de\/shop\/bambusa-phyllostachys-bissetii-bambus\/\" \/>\n<meta property=\"og:locale\" content=\"de_DE\" \/>\n<meta property=\"og:type\" content=\"article\" \/>\n<meta property=\"og:title\" content=\"Bambusa Phyllostachys Bissetii - Bambus | Kentis\" \/>\n<meta property=\"og:description\" content=\"Bambusa Phyllostachys Bissetii ist eine ausgezeichnete, schnell wachsende Zierbarriere mit wundersch\u00f6nen tiefgr\u00fcnen Bl\u00e4ttern.\" \/>\n<meta property=\"og:url\" content=\"https:\/\/kentis.com\/de\/shop\/bambusa-phyllostachys-bissetii-bambus\/\" \/>\n<meta property=\"og:site_name\" content=\"Kentis\" \/>\n<meta property=\"article:publisher\" content=\"https:\/\/www.facebook.com\/kentisgarden\" \/>\n<meta property=\"article:modified_time\" content=\"2025-03-20T16:59:23+00:00\" \/>\n<meta property=\"og:image\" content=\"https:\/\/kentis.com\/wp-content\/uploads\/2021\/08\/bambusa-bissetii.jpg\" \/>\n\t<meta property=\"og:image:width\" content=\"1000\" \/>\n\t<meta property=\"og:image:height\" content=\"1000\" \/>\n\t<meta property=\"og:image:type\" content=\"image\/jpeg\" \/>\n<meta name=\"twitter:card\" content=\"summary_large_image\" \/>\n<meta name=\"twitter:label1\" content=\"Gesch\u00e4tzte Lesezeit\" \/>\n\t<meta name=\"twitter:data1\" content=\"1\u00a0Minute\" \/>\n<script type=\"application\/ld+json\" class=\"yoast-schema-graph\">{\"@context\":\"https:\/\/schema.org\",\"@graph\":[{\"@type\":\"WebPage\",\"@id\":\"https:\/\/kentis.com\/de\/shop\/bambusa-phyllostachys-bissetii-bambus\/\",\"url\":\"https:\/\/kentis.com\/de\/shop\/bambusa-phyllostachys-bissetii-bambus\/\",\"name\":\"Bambusa Phyllostachys Bissetii - Bambus | Kentis\",\"isPartOf\":{\"@id\":\"https:\/\/kentis.com\/de\/#website\"},\"primaryImageOfPage\":{\"@id\":\"https:\/\/kentis.com\/de\/shop\/bambusa-phyllostachys-bissetii-bambus\/#primaryimage\"},\"image\":{\"@id\":\"https:\/\/kentis.com\/de\/shop\/bambusa-phyllostachys-bissetii-bambus\/#primaryimage\"},\"thumbnailUrl\":\"https:\/\/kentis.com\/wp-content\/uploads\/2021\/08\/bambusa-bissetii.jpg\",\"datePublished\":\"2021-08-19T06:53:04+00:00\",\"dateModified\":\"2025-03-20T16:59:23+00:00\",\"description\":\"Bambusa Phyllostachys Bissetii ist eine ausgezeichnete, schnell wachsende Zierbarriere mit wundersch\u00f6nen tiefgr\u00fcnen Bl\u00e4ttern.\",\"breadcrumb\":{\"@id\":\"https:\/\/kentis.com\/de\/shop\/bambusa-phyllostachys-bissetii-bambus\/#breadcrumb\"},\"inLanguage\":\"de\",\"potentialAction\":[{\"@type\":\"ReadAction\",\"target\":[\"https:\/\/kentis.com\/de\/shop\/bambusa-phyllostachys-bissetii-bambus\/\"]}]},{\"@type\":\"ImageObject\",\"inLanguage\":\"de\",\"@id\":\"https:\/\/kentis.com\/de\/shop\/bambusa-phyllostachys-bissetii-bambus\/#primaryimage\",\"url\":\"https:\/\/kentis.com\/wp-content\/uploads\/2021\/08\/bambusa-bissetii.jpg\",\"contentUrl\":\"https:\/\/kentis.com\/wp-content\/uploads\/2021\/08\/bambusa-bissetii.jpg\",\"width\":1000,\"height\":1000},{\"@type\":\"BreadcrumbList\",\"@id\":\"https:\/\/kentis.com\/de\/shop\/bambusa-phyllostachys-bissetii-bambus\/#breadcrumb\",\"itemListElement\":[{\"@type\":\"ListItem\",\"position\":1,\"name\":\"Home\",\"item\":\"https:\/\/kentis.com\/de\/\"},{\"@type\":\"ListItem\",\"position\":2,\"name\":\"Gesch\u00e4ft\",\"item\":\"https:\/\/kentis.com\/de\/shop\/\"},{\"@type\":\"ListItem\",\"position\":3,\"name\":\"Pflanzen\",\"item\":\"https:\/\/kentis.com\/de\/produkt-kategorie\/pflanzen\/\"},{\"@type\":\"ListItem\",\"position\":4,\"name\":\"Pflanzen im Freien\",\"item\":\"https:\/\/kentis.com\/de\/produkt-kategorie\/pflanzen\/pflanzen-im-freien\/\"},{\"@type\":\"ListItem\",\"position\":5,\"name\":\"Heckenpflanzen\",\"item\":\"https:\/\/kentis.com\/de\/produkt-kategorie\/pflanzen\/pflanzen-im-freien\/heckenpflanzen\/\"},{\"@type\":\"ListItem\",\"position\":6,\"name\":\"Bambusa Phyllostachys Bissetii &#8211; Bambus\"}]},{\"@type\":\"WebSite\",\"@id\":\"https:\/\/kentis.com\/de\/#website\",\"url\":\"https:\/\/kentis.com\/de\/\",\"name\":\"Kentis\",\"description\":\"Atelier del verde\",\"publisher\":{\"@id\":\"https:\/\/kentis.com\/de\/#organization\"},\"potentialAction\":[{\"@type\":\"SearchAction\",\"target\":{\"@type\":\"EntryPoint\",\"urlTemplate\":\"https:\/\/kentis.com\/de\/?s={search_term_string}\"},\"query-input\":{\"@type\":\"PropertyValueSpecification\",\"valueRequired\":true,\"valueName\":\"search_term_string\"}}],\"inLanguage\":\"de\"},{\"@type\":\"Organization\",\"@id\":\"https:\/\/kentis.com\/de\/#organization\",\"name\":\"Kentis\",\"url\":\"https:\/\/kentis.com\/de\/\",\"logo\":{\"@type\":\"ImageObject\",\"inLanguage\":\"de\",\"@id\":\"https:\/\/kentis.com\/de\/#\/schema\/logo\/image\/\",\"url\":\"https:\/\/kentis.com\/wp-content\/uploads\/2021\/08\/logo-main.png\",\"contentUrl\":\"https:\/\/kentis.com\/wp-content\/uploads\/2021\/08\/logo-main.png\",\"width\":800,\"height\":204,\"caption\":\"Kentis\"},\"image\":{\"@id\":\"https:\/\/kentis.com\/de\/#\/schema\/logo\/image\/\"},\"sameAs\":[\"https:\/\/www.facebook.com\/kentisgarden\",\"https:\/\/www.instagram.com\/kentisgarden\/\",\"https:\/\/it.pinterest.com\/kentisgarden\",\"https:\/\/www.tiktok.com\/@kentis.com\"]}]}<\/script>\n<!-- \/ Yoast SEO plugin. -->","yoast_head_json":{"title":"Bambusa Phyllostachys Bissetii - Bambus | Kentis","description":"Bambusa Phyllostachys Bissetii ist eine ausgezeichnete, schnell wachsende Zierbarriere mit wundersch\u00f6nen tiefgr\u00fcnen Bl\u00e4ttern.","robots":{"index":"index","follow":"follow","max-snippet":"max-snippet:-1","max-image-preview":"max-image-preview:large","max-video-preview":"max-video-preview:-1"},"canonical":"https:\/\/kentis.com\/de\/shop\/bambusa-phyllostachys-bissetii-bambus\/","og_locale":"de_DE","og_type":"article","og_title":"Bambusa Phyllostachys Bissetii - Bambus | Kentis","og_description":"Bambusa Phyllostachys Bissetii ist eine ausgezeichnete, schnell wachsende Zierbarriere mit wundersch\u00f6nen tiefgr\u00fcnen Bl\u00e4ttern.","og_url":"https:\/\/kentis.com\/de\/shop\/bambusa-phyllostachys-bissetii-bambus\/","og_site_name":"Kentis","article_publisher":"https:\/\/www.facebook.com\/kentisgarden","article_modified_time":"2025-03-20T16:59:23+00:00","og_image":[{"width":1000,"height":1000,"url":"https:\/\/kentis.com\/wp-content\/uploads\/2021\/08\/bambusa-bissetii.jpg","type":"image\/jpeg"}],"twitter_card":"summary_large_image","twitter_misc":{"Gesch\u00e4tzte Lesezeit":"1\u00a0Minute"},"schema":{"@context":"https:\/\/schema.org","@graph":[{"@type":"WebPage","@id":"https:\/\/kentis.com\/de\/shop\/bambusa-phyllostachys-bissetii-bambus\/","url":"https:\/\/kentis.com\/de\/shop\/bambusa-phyllostachys-bissetii-bambus\/","name":"Bambusa Phyllostachys Bissetii - Bambus | Kentis","isPartOf":{"@id":"https:\/\/kentis.com\/de\/#website"},"primaryImageOfPage":{"@id":"https:\/\/kentis.com\/de\/shop\/bambusa-phyllostachys-bissetii-bambus\/#primaryimage"},"image":{"@id":"https:\/\/kentis.com\/de\/shop\/bambusa-phyllostachys-bissetii-bambus\/#primaryimage"},"thumbnailUrl":"https:\/\/kentis.com\/wp-content\/uploads\/2021\/08\/bambusa-bissetii.jpg","datePublished":"2021-08-19T06:53:04+00:00","dateModified":"2025-03-20T16:59:23+00:00","description":"Bambusa Phyllostachys Bissetii ist eine ausgezeichnete, schnell wachsende Zierbarriere mit wundersch\u00f6nen tiefgr\u00fcnen Bl\u00e4ttern.","breadcrumb":{"@id":"https:\/\/kentis.com\/de\/shop\/bambusa-phyllostachys-bissetii-bambus\/#breadcrumb"},"inLanguage":"de","potentialAction":[{"@type":"ReadAction","target":["https:\/\/kentis.com\/de\/shop\/bambusa-phyllostachys-bissetii-bambus\/"]}]},{"@type":"ImageObject","inLanguage":"de","@id":"https:\/\/kentis.com\/de\/shop\/bambusa-phyllostachys-bissetii-bambus\/#primaryimage","url":"https:\/\/kentis.com\/wp-content\/uploads\/2021\/08\/bambusa-bissetii.jpg","contentUrl":"https:\/\/kentis.com\/wp-content\/uploads\/2021\/08\/bambusa-bissetii.jpg","width":1000,"height":1000},{"@type":"BreadcrumbList","@id":"https:\/\/kentis.com\/de\/shop\/bambusa-phyllostachys-bissetii-bambus\/#breadcrumb","itemListElement":[{"@type":"ListItem","position":1,"name":"Home","item":"https:\/\/kentis.com\/de\/"},{"@type":"ListItem","position":2,"name":"Gesch\u00e4ft","item":"https:\/\/kentis.com\/de\/shop\/"},{"@type":"ListItem","position":3,"name":"Pflanzen","item":"https:\/\/kentis.com\/de\/produkt-kategorie\/pflanzen\/"},{"@type":"ListItem","position":4,"name":"Pflanzen im Freien","item":"https:\/\/kentis.com\/de\/produkt-kategorie\/pflanzen\/pflanzen-im-freien\/"},{"@type":"ListItem","position":5,"name":"Heckenpflanzen","item":"https:\/\/kentis.com\/de\/produkt-kategorie\/pflanzen\/pflanzen-im-freien\/heckenpflanzen\/"},{"@type":"ListItem","position":6,"name":"Bambusa Phyllostachys Bissetii &#8211; Bambus"}]},{"@type":"WebSite","@id":"https:\/\/kentis.com\/de\/#website","url":"https:\/\/kentis.com\/de\/","name":"Kentis","description":"Atelier del verde","publisher":{"@id":"https:\/\/kentis.com\/de\/#organization"},"potentialAction":[{"@type":"SearchAction","target":{"@type":"EntryPoint","urlTemplate":"https:\/\/kentis.com\/de\/?s={search_term_string}"},"query-input":{"@type":"PropertyValueSpecification","valueRequired":true,"valueName":"search_term_string"}}],"inLanguage":"de"},{"@type":"Organization","@id":"https:\/\/kentis.com\/de\/#organization","name":"Kentis","url":"https:\/\/kentis.com\/de\/","logo":{"@type":"ImageObject","inLanguage":"de","@id":"https:\/\/kentis.com\/de\/#\/schema\/logo\/image\/","url":"https:\/\/kentis.com\/wp-content\/uploads\/2021\/08\/logo-main.png","contentUrl":"https:\/\/kentis.com\/wp-content\/uploads\/2021\/08\/logo-main.png","width":800,"height":204,"caption":"Kentis"},"image":{"@id":"https:\/\/kentis.com\/de\/#\/schema\/logo\/image\/"},"sameAs":["https:\/\/www.facebook.com\/kentisgarden","https:\/\/www.instagram.com\/kentisgarden\/","https:\/\/it.pinterest.com\/kentisgarden","https:\/\/www.tiktok.com\/@kentis.com"]}]}},"_links":{"self":[{"href":"https:\/\/kentis.com\/de\/wp-json\/wp\/v2\/product\/25665","targetHints":{"allow":["GET"]}}],"collection":[{"href":"https:\/\/kentis.com\/de\/wp-json\/wp\/v2\/product"}],"about":[{"href":"https:\/\/kentis.com\/de\/wp-json\/wp\/v2\/types\/product"}],"wp:featuredmedia":[{"embeddable":true,"href":"https:\/\/kentis.com\/de\/wp-json\/wp\/v2\/media\/15105"}],"wp:attachment":[{"href":"https:\/\/kentis.com\/de\/wp-json\/wp\/v2\/media?parent=25665"}],"wp:term":[{"taxonomy":"product_cat","embeddable":true,"href":"https:\/\/kentis.com\/de\/wp-json\/wp\/v2\/product_cat?post=25665"},{"taxonomy":"product_tag","embeddable":true,"href":"https:\/\/kentis.com\/de\/wp-json\/wp\/v2\/product_tag?post=25665"}],"curies":[{"name":"wp","href":"https:\/\/api.w.org\/{rel}","templated":true}]}}