{"id":25661,"date":"2021-08-19T08:59:36","date_gmt":"2021-08-19T06:59:36","guid":{"rendered":"https:\/\/kentis.com\/negozio\/cycas-revoluta\/"},"modified":"2025-02-14T12:10:03","modified_gmt":"2025-02-14T11:10:03","slug":"cycas-revoluta","status":"publish","type":"product","link":"https:\/\/kentis.com\/de\/shop\/cycas-revoluta\/","title":{"rendered":"Cycas revoluta"},"content":{"rendered":"<div class=\"fusion-fullwidth fullwidth-box fusion-builder-row-1 fusion-flex-container nonhundred-percent-fullwidth non-hundred-percent-height-scrolling\" style=\"--awb-border-radius-top-left:0px;--awb-border-radius-top-right:0px;--awb-border-radius-bottom-right:0px;--awb-border-radius-bottom-left:0px;--awb-flex-wrap:wrap;\" ><div class=\"fusion-builder-row fusion-row fusion-flex-align-items-flex-start fusion-flex-content-wrap\" style=\"max-width:1248px;margin-left: calc(-4% \/ 2 );margin-right: calc(-4% \/ 2 );\"><div class=\"fusion-layout-column fusion_builder_column fusion-builder-column-0 fusion_builder_column_1_1 1_1 fusion-flex-column\" style=\"--awb-bg-size:cover;--awb-width-large:100%;--awb-margin-top-large:0px;--awb-spacing-right-large:1.92%;--awb-margin-bottom-large:0px;--awb-spacing-left-large:1.92%;--awb-width-medium:100%;--awb-spacing-right-medium:1.92%;--awb-spacing-left-medium:1.92%;--awb-width-small:100%;--awb-spacing-right-small:1.92%;--awb-spacing-left-small:1.92%;\"><div class=\"fusion-column-wrapper fusion-flex-justify-content-flex-start fusion-content-layout-column\"><div class=\"fusion-text fusion-text-1\"><p>Cycas revoluta ist eine immergr\u00fcne Pflanze japanischen Ursprungs, die aufgrund ihrer geringen Gr\u00f6\u00dfe und ihres palmen\u00e4hnlichen Aussehens oft als &#8220;Zwergpalme&#8221; bezeichnet wird, obwohl sie keine echte Palme ist. Pflanzen der Gattung Cycas haben einen sehr alten Ursprung, tats\u00e4chlich gab es sie bereits zur Zeit der Dinosaurier. Sein ikonisches Aussehen wird sowohl durch die starren und gew\u00f6lbten, gl\u00e4nzend gr\u00fcnen Bl\u00e4tter, die sich an der Spitze des Stammes bilden und eine Art Krone bilden, als auch durch den robusten und zylindrischen Stamm verliehen. Letzterer tr\u00e4gt nicht nur zur \u00c4sthetik der Anlage bei, sondern hat auch eine praktische Funktion, da er als Wasserspeicher dient.<\/p>\n<\/div><\/div><\/div><\/div><\/div>\n","protected":false},"excerpt":{"rendered":"","protected":false},"featured_media":17360,"template":"","meta":{"_acf_changed":false},"product_cat":[584],"product_tag":[978,979],"class_list":{"0":"post-25661","1":"product","2":"type-product","3":"status-publish","4":"has-post-thumbnail","6":"product_cat-baeume","7":"product_tag-chicas-de","8":"product_tag-shicas-de","9":"product_shipping_class-evergreen-de","10":"pa_ambienti-balkon","12":"first","13":"instock","14":"taxable","15":"shipping-taxable","16":"purchasable","17":"product-type-variable","18":"has-default-attributes"},"acf":[],"yoast_head":"<!-- This site is optimized with the Yoast SEO plugin v23.4 - https:\/\/yoast.com\/wordpress\/plugins\/seo\/ -->\n<title>Cycas Revoluta - Terrassenpflanzen | Kentis<\/title>\n<meta name=\"description\" content=\"Cycas Revoluta ist eine sehr langlebige Pflanze mit langsamem Wachstum und wird aufgrund ihrer \u00c4hnlichkeit mit einer kurzstieligen Palme so genannt.\" \/>\n<meta name=\"robots\" content=\"index, follow, max-snippet:-1, max-image-preview:large, max-video-preview:-1\" \/>\n<link rel=\"canonical\" href=\"https:\/\/kentis.com\/de\/shop\/cycas-revoluta\/\" \/>\n<meta property=\"og:locale\" content=\"de_DE\" \/>\n<meta property=\"og:type\" content=\"article\" \/>\n<meta property=\"og:title\" content=\"Cycas Revoluta - Terrassenpflanzen | Kentis\" \/>\n<meta property=\"og:description\" content=\"Cycas Revoluta ist eine sehr langlebige Pflanze mit langsamem Wachstum und wird aufgrund ihrer \u00c4hnlichkeit mit einer kurzstieligen Palme so genannt.\" \/>\n<meta property=\"og:url\" content=\"https:\/\/kentis.com\/de\/shop\/cycas-revoluta\/\" \/>\n<meta property=\"og:site_name\" content=\"Kentis\" \/>\n<meta property=\"article:publisher\" content=\"https:\/\/www.facebook.com\/kentisgarden\" \/>\n<meta property=\"article:modified_time\" content=\"2025-02-14T11:10:03+00:00\" \/>\n<meta property=\"og:image\" content=\"https:\/\/kentis.com\/wp-content\/uploads\/2022\/03\/IMG_8019.JPG.jpg\" \/>\n\t<meta property=\"og:image:width\" content=\"1500\" \/>\n\t<meta property=\"og:image:height\" content=\"1500\" \/>\n\t<meta property=\"og:image:type\" content=\"image\/jpeg\" \/>\n<meta name=\"twitter:card\" content=\"summary_large_image\" \/>\n<meta name=\"twitter:label1\" content=\"Gesch\u00e4tzte Lesezeit\" \/>\n\t<meta name=\"twitter:data1\" content=\"1\u00a0Minute\" \/>\n<script type=\"application\/ld+json\" class=\"yoast-schema-graph\">{\"@context\":\"https:\/\/schema.org\",\"@graph\":[{\"@type\":\"WebPage\",\"@id\":\"https:\/\/kentis.com\/de\/shop\/cycas-revoluta\/\",\"url\":\"https:\/\/kentis.com\/de\/shop\/cycas-revoluta\/\",\"name\":\"Cycas Revoluta - Terrassenpflanzen | Kentis\",\"isPartOf\":{\"@id\":\"https:\/\/kentis.com\/de\/#website\"},\"primaryImageOfPage\":{\"@id\":\"https:\/\/kentis.com\/de\/shop\/cycas-revoluta\/#primaryimage\"},\"image\":{\"@id\":\"https:\/\/kentis.com\/de\/shop\/cycas-revoluta\/#primaryimage\"},\"thumbnailUrl\":\"https:\/\/kentis.com\/wp-content\/uploads\/2022\/03\/IMG_8019.JPG.jpg\",\"datePublished\":\"2021-08-19T06:59:36+00:00\",\"dateModified\":\"2025-02-14T11:10:03+00:00\",\"description\":\"Cycas Revoluta ist eine sehr langlebige Pflanze mit langsamem Wachstum und wird aufgrund ihrer \u00c4hnlichkeit mit einer kurzstieligen Palme so genannt.\",\"breadcrumb\":{\"@id\":\"https:\/\/kentis.com\/de\/shop\/cycas-revoluta\/#breadcrumb\"},\"inLanguage\":\"de\",\"potentialAction\":[{\"@type\":\"ReadAction\",\"target\":[\"https:\/\/kentis.com\/de\/shop\/cycas-revoluta\/\"]}]},{\"@type\":\"ImageObject\",\"inLanguage\":\"de\",\"@id\":\"https:\/\/kentis.com\/de\/shop\/cycas-revoluta\/#primaryimage\",\"url\":\"https:\/\/kentis.com\/wp-content\/uploads\/2022\/03\/IMG_8019.JPG.jpg\",\"contentUrl\":\"https:\/\/kentis.com\/wp-content\/uploads\/2022\/03\/IMG_8019.JPG.jpg\",\"width\":1500,\"height\":1500},{\"@type\":\"BreadcrumbList\",\"@id\":\"https:\/\/kentis.com\/de\/shop\/cycas-revoluta\/#breadcrumb\",\"itemListElement\":[{\"@type\":\"ListItem\",\"position\":1,\"name\":\"Home\",\"item\":\"https:\/\/kentis.com\/de\/\"},{\"@type\":\"ListItem\",\"position\":2,\"name\":\"Gesch\u00e4ft\",\"item\":\"https:\/\/kentis.com\/de\/shop\/\"},{\"@type\":\"ListItem\",\"position\":3,\"name\":\"Pflanzen\",\"item\":\"https:\/\/kentis.com\/de\/produkt-kategorie\/pflanzen\/\"},{\"@type\":\"ListItem\",\"position\":4,\"name\":\"Pflanzen im Freien\",\"item\":\"https:\/\/kentis.com\/de\/produkt-kategorie\/pflanzen\/pflanzen-im-freien\/\"},{\"@type\":\"ListItem\",\"position\":5,\"name\":\"B\u00e4ume\",\"item\":\"https:\/\/kentis.com\/de\/produkt-kategorie\/pflanzen\/pflanzen-im-freien\/baeume\/\"},{\"@type\":\"ListItem\",\"position\":6,\"name\":\"Cycas revoluta\"}]},{\"@type\":\"WebSite\",\"@id\":\"https:\/\/kentis.com\/de\/#website\",\"url\":\"https:\/\/kentis.com\/de\/\",\"name\":\"Kentis\",\"description\":\"Atelier del verde\",\"publisher\":{\"@id\":\"https:\/\/kentis.com\/de\/#organization\"},\"potentialAction\":[{\"@type\":\"SearchAction\",\"target\":{\"@type\":\"EntryPoint\",\"urlTemplate\":\"https:\/\/kentis.com\/de\/?s={search_term_string}\"},\"query-input\":{\"@type\":\"PropertyValueSpecification\",\"valueRequired\":true,\"valueName\":\"search_term_string\"}}],\"inLanguage\":\"de\"},{\"@type\":\"Organization\",\"@id\":\"https:\/\/kentis.com\/de\/#organization\",\"name\":\"Kentis\",\"url\":\"https:\/\/kentis.com\/de\/\",\"logo\":{\"@type\":\"ImageObject\",\"inLanguage\":\"de\",\"@id\":\"https:\/\/kentis.com\/de\/#\/schema\/logo\/image\/\",\"url\":\"https:\/\/kentis.com\/wp-content\/uploads\/2021\/08\/logo-main.png\",\"contentUrl\":\"https:\/\/kentis.com\/wp-content\/uploads\/2021\/08\/logo-main.png\",\"width\":800,\"height\":204,\"caption\":\"Kentis\"},\"image\":{\"@id\":\"https:\/\/kentis.com\/de\/#\/schema\/logo\/image\/\"},\"sameAs\":[\"https:\/\/www.facebook.com\/kentisgarden\",\"https:\/\/www.instagram.com\/kentisgarden\/\",\"https:\/\/it.pinterest.com\/kentisgarden\",\"https:\/\/www.tiktok.com\/@kentis.com\"]}]}<\/script>\n<!-- \/ Yoast SEO plugin. -->","yoast_head_json":{"title":"Cycas Revoluta - Terrassenpflanzen | Kentis","description":"Cycas Revoluta ist eine sehr langlebige Pflanze mit langsamem Wachstum und wird aufgrund ihrer \u00c4hnlichkeit mit einer kurzstieligen Palme so genannt.","robots":{"index":"index","follow":"follow","max-snippet":"max-snippet:-1","max-image-preview":"max-image-preview:large","max-video-preview":"max-video-preview:-1"},"canonical":"https:\/\/kentis.com\/de\/shop\/cycas-revoluta\/","og_locale":"de_DE","og_type":"article","og_title":"Cycas Revoluta - Terrassenpflanzen | Kentis","og_description":"Cycas Revoluta ist eine sehr langlebige Pflanze mit langsamem Wachstum und wird aufgrund ihrer \u00c4hnlichkeit mit einer kurzstieligen Palme so genannt.","og_url":"https:\/\/kentis.com\/de\/shop\/cycas-revoluta\/","og_site_name":"Kentis","article_publisher":"https:\/\/www.facebook.com\/kentisgarden","article_modified_time":"2025-02-14T11:10:03+00:00","og_image":[{"width":1500,"height":1500,"url":"https:\/\/kentis.com\/wp-content\/uploads\/2022\/03\/IMG_8019.JPG.jpg","type":"image\/jpeg"}],"twitter_card":"summary_large_image","twitter_misc":{"Gesch\u00e4tzte Lesezeit":"1\u00a0Minute"},"schema":{"@context":"https:\/\/schema.org","@graph":[{"@type":"WebPage","@id":"https:\/\/kentis.com\/de\/shop\/cycas-revoluta\/","url":"https:\/\/kentis.com\/de\/shop\/cycas-revoluta\/","name":"Cycas Revoluta - Terrassenpflanzen | Kentis","isPartOf":{"@id":"https:\/\/kentis.com\/de\/#website"},"primaryImageOfPage":{"@id":"https:\/\/kentis.com\/de\/shop\/cycas-revoluta\/#primaryimage"},"image":{"@id":"https:\/\/kentis.com\/de\/shop\/cycas-revoluta\/#primaryimage"},"thumbnailUrl":"https:\/\/kentis.com\/wp-content\/uploads\/2022\/03\/IMG_8019.JPG.jpg","datePublished":"2021-08-19T06:59:36+00:00","dateModified":"2025-02-14T11:10:03+00:00","description":"Cycas Revoluta ist eine sehr langlebige Pflanze mit langsamem Wachstum und wird aufgrund ihrer \u00c4hnlichkeit mit einer kurzstieligen Palme so genannt.","breadcrumb":{"@id":"https:\/\/kentis.com\/de\/shop\/cycas-revoluta\/#breadcrumb"},"inLanguage":"de","potentialAction":[{"@type":"ReadAction","target":["https:\/\/kentis.com\/de\/shop\/cycas-revoluta\/"]}]},{"@type":"ImageObject","inLanguage":"de","@id":"https:\/\/kentis.com\/de\/shop\/cycas-revoluta\/#primaryimage","url":"https:\/\/kentis.com\/wp-content\/uploads\/2022\/03\/IMG_8019.JPG.jpg","contentUrl":"https:\/\/kentis.com\/wp-content\/uploads\/2022\/03\/IMG_8019.JPG.jpg","width":1500,"height":1500},{"@type":"BreadcrumbList","@id":"https:\/\/kentis.com\/de\/shop\/cycas-revoluta\/#breadcrumb","itemListElement":[{"@type":"ListItem","position":1,"name":"Home","item":"https:\/\/kentis.com\/de\/"},{"@type":"ListItem","position":2,"name":"Gesch\u00e4ft","item":"https:\/\/kentis.com\/de\/shop\/"},{"@type":"ListItem","position":3,"name":"Pflanzen","item":"https:\/\/kentis.com\/de\/produkt-kategorie\/pflanzen\/"},{"@type":"ListItem","position":4,"name":"Pflanzen im Freien","item":"https:\/\/kentis.com\/de\/produkt-kategorie\/pflanzen\/pflanzen-im-freien\/"},{"@type":"ListItem","position":5,"name":"B\u00e4ume","item":"https:\/\/kentis.com\/de\/produkt-kategorie\/pflanzen\/pflanzen-im-freien\/baeume\/"},{"@type":"ListItem","position":6,"name":"Cycas revoluta"}]},{"@type":"WebSite","@id":"https:\/\/kentis.com\/de\/#website","url":"https:\/\/kentis.com\/de\/","name":"Kentis","description":"Atelier del verde","publisher":{"@id":"https:\/\/kentis.com\/de\/#organization"},"potentialAction":[{"@type":"SearchAction","target":{"@type":"EntryPoint","urlTemplate":"https:\/\/kentis.com\/de\/?s={search_term_string}"},"query-input":{"@type":"PropertyValueSpecification","valueRequired":true,"valueName":"search_term_string"}}],"inLanguage":"de"},{"@type":"Organization","@id":"https:\/\/kentis.com\/de\/#organization","name":"Kentis","url":"https:\/\/kentis.com\/de\/","logo":{"@type":"ImageObject","inLanguage":"de","@id":"https:\/\/kentis.com\/de\/#\/schema\/logo\/image\/","url":"https:\/\/kentis.com\/wp-content\/uploads\/2021\/08\/logo-main.png","contentUrl":"https:\/\/kentis.com\/wp-content\/uploads\/2021\/08\/logo-main.png","width":800,"height":204,"caption":"Kentis"},"image":{"@id":"https:\/\/kentis.com\/de\/#\/schema\/logo\/image\/"},"sameAs":["https:\/\/www.facebook.com\/kentisgarden","https:\/\/www.instagram.com\/kentisgarden\/","https:\/\/it.pinterest.com\/kentisgarden","https:\/\/www.tiktok.com\/@kentis.com"]}]}},"_links":{"self":[{"href":"https:\/\/kentis.com\/de\/wp-json\/wp\/v2\/product\/25661","targetHints":{"allow":["GET"]}}],"collection":[{"href":"https:\/\/kentis.com\/de\/wp-json\/wp\/v2\/product"}],"about":[{"href":"https:\/\/kentis.com\/de\/wp-json\/wp\/v2\/types\/product"}],"wp:featuredmedia":[{"embeddable":true,"href":"https:\/\/kentis.com\/de\/wp-json\/wp\/v2\/media\/17360"}],"wp:attachment":[{"href":"https:\/\/kentis.com\/de\/wp-json\/wp\/v2\/media?parent=25661"}],"wp:term":[{"taxonomy":"product_cat","embeddable":true,"href":"https:\/\/kentis.com\/de\/wp-json\/wp\/v2\/product_cat?post=25661"},{"taxonomy":"product_tag","embeddable":true,"href":"https:\/\/kentis.com\/de\/wp-json\/wp\/v2\/product_tag?post=25661"}],"curies":[{"name":"wp","href":"https:\/\/api.w.org\/{rel}","templated":true}]}}