{"id":25656,"date":"2021-08-19T09:12:03","date_gmt":"2021-08-19T07:12:03","guid":{"rendered":"https:\/\/kentis.com\/negozio\/nandina-domestica-obsessed\/"},"modified":"2024-11-19T17:22:09","modified_gmt":"2024-11-19T16:22:09","slug":"nandina-domestica-obsessed","status":"publish","type":"product","link":"https:\/\/kentis.com\/de\/shop\/nandina-domestica-obsessed\/","title":{"rendered":"Nandina Domestica Obsessed"},"content":{"rendered":"<div class=\"fusion-fullwidth fullwidth-box fusion-builder-row-1 fusion-flex-container nonhundred-percent-fullwidth non-hundred-percent-height-scrolling\" style=\"--awb-border-radius-top-left:0px;--awb-border-radius-top-right:0px;--awb-border-radius-bottom-right:0px;--awb-border-radius-bottom-left:0px;--awb-flex-wrap:wrap;\" ><div class=\"fusion-builder-row fusion-row fusion-flex-align-items-flex-start fusion-flex-content-wrap\" style=\"max-width:1248px;margin-left: calc(-4% \/ 2 );margin-right: calc(-4% \/ 2 );\"><div class=\"fusion-layout-column fusion_builder_column fusion-builder-column-0 fusion_builder_column_1_1 1_1 fusion-flex-column\" style=\"--awb-bg-size:cover;--awb-width-large:100%;--awb-margin-top-large:0px;--awb-spacing-right-large:1.92%;--awb-margin-bottom-large:0px;--awb-spacing-left-large:1.92%;--awb-width-medium:100%;--awb-spacing-right-medium:1.92%;--awb-spacing-left-medium:1.92%;--awb-width-small:100%;--awb-spacing-right-small:1.92%;--awb-spacing-left-small:1.92%;\"><div class=\"fusion-column-wrapper fusion-flex-justify-content-flex-start fusion-content-layout-column\"><div class=\"fusion-text fusion-text-1\"><p>Nandina Domestica &#8220;Obsessed&#8221; ist ein eleganter immergr\u00fcner Strauch, perfekt f\u00fcr alle, die einen Hauch von Farbe suchen, der sich mit den Jahreszeiten \u00e4ndert. Ihr dichtes und kompaktes Laub erscheint im Fr\u00fchling in zarten Rosat\u00f6nen, die sich dann in ein leuchtendes Rot verwandeln, w\u00e4hrend die Pflanze auch mit zahlreichen wei\u00dfen Bl\u00fcten geschm\u00fcckt ist. Im Sommer verf\u00e4rben sich die Bl\u00e4tter leuchtend gr\u00fcn und f\u00e4rben sich im Herbst und Winter wieder intensiv rot, wenn die Pflanze zus\u00e4tzlich mit roten Beeren gef\u00fcllt ist, was f\u00fcr eine weitere dekorative Note sorgt. Sie eignet sich ideal zum Anlegen von Rabatten und niedrigen Hecken, passt aber auch hervorragend als einzelne Topfpflanze und versch\u00f6nert Terrassen und G\u00e4rten mit ihrer vielseitigen Sch\u00f6nheit.<\/p>\n<p>H\u00f6he der Pflanze vom Topfboden: 50\/70 cm.<\/p>\n<\/div><\/div><\/div><\/div><\/div>\n","protected":false},"excerpt":{"rendered":"","protected":false},"featured_media":17353,"template":"","meta":{"_acf_changed":false},"product_cat":[532,577],"product_tag":[827],"class_list":{"0":"post-25656","1":"product","2":"type-product","3":"status-publish","4":"has-post-thumbnail","6":"product_cat-heckenpflanzen","7":"product_cat-straeucher","8":"product_tag-bestseller-2","9":"product_shipping_class-evergreen-de","11":"first","12":"instock","13":"taxable","14":"shipping-taxable","15":"purchasable","16":"product-type-simple"},"acf":[],"yoast_head":"<!-- This site is optimized with the Yoast SEO plugin v23.4 - https:\/\/yoast.com\/wordpress\/plugins\/seo\/ -->\n<title>Nandina Domestica Obsessed - Pflanzen im Freien | Kentis<\/title>\n<meta name=\"description\" content=\"Die Nandina Domestica Obsessed eignet sich perfekt zum Dekorieren von Blumenbeeten und Blumenk\u00e4sten und bringt Farbe in Ihren Garten oder Ihre Terrasse.\" \/>\n<meta name=\"robots\" content=\"index, follow, max-snippet:-1, max-image-preview:large, max-video-preview:-1\" \/>\n<link rel=\"canonical\" href=\"https:\/\/kentis.com\/de\/shop\/nandina-domestica-obsessed\/\" \/>\n<meta property=\"og:locale\" content=\"de_DE\" \/>\n<meta property=\"og:type\" content=\"article\" \/>\n<meta property=\"og:title\" content=\"Nandina Domestica Obsessed - Pflanzen im Freien | Kentis\" \/>\n<meta property=\"og:description\" content=\"Die Nandina Domestica Obsessed eignet sich perfekt zum Dekorieren von Blumenbeeten und Blumenk\u00e4sten und bringt Farbe in Ihren Garten oder Ihre Terrasse.\" \/>\n<meta property=\"og:url\" content=\"https:\/\/kentis.com\/de\/shop\/nandina-domestica-obsessed\/\" \/>\n<meta property=\"og:site_name\" content=\"Kentis\" \/>\n<meta property=\"article:publisher\" content=\"https:\/\/www.facebook.com\/kentisgarden\" \/>\n<meta property=\"article:modified_time\" content=\"2024-11-19T16:22:09+00:00\" \/>\n<meta property=\"og:image\" content=\"https:\/\/kentis.com\/wp-content\/uploads\/2021\/08\/nandina-obsessed2-copia-1024x1024.png\" \/>\n\t<meta property=\"og:image:width\" content=\"1024\" \/>\n\t<meta property=\"og:image:height\" content=\"1024\" \/>\n\t<meta property=\"og:image:type\" content=\"image\/png\" \/>\n<meta name=\"twitter:card\" content=\"summary_large_image\" \/>\n<meta name=\"twitter:label1\" content=\"Gesch\u00e4tzte Lesezeit\" \/>\n\t<meta name=\"twitter:data1\" content=\"1\u00a0Minute\" \/>\n<script type=\"application\/ld+json\" class=\"yoast-schema-graph\">{\"@context\":\"https:\/\/schema.org\",\"@graph\":[{\"@type\":\"WebPage\",\"@id\":\"https:\/\/kentis.com\/de\/shop\/nandina-domestica-obsessed\/\",\"url\":\"https:\/\/kentis.com\/de\/shop\/nandina-domestica-obsessed\/\",\"name\":\"Nandina Domestica Obsessed - Pflanzen im Freien | Kentis\",\"isPartOf\":{\"@id\":\"https:\/\/kentis.com\/de\/#website\"},\"primaryImageOfPage\":{\"@id\":\"https:\/\/kentis.com\/de\/shop\/nandina-domestica-obsessed\/#primaryimage\"},\"image\":{\"@id\":\"https:\/\/kentis.com\/de\/shop\/nandina-domestica-obsessed\/#primaryimage\"},\"thumbnailUrl\":\"https:\/\/kentis.com\/wp-content\/uploads\/2021\/08\/nandina-obsessed2-copia.png\",\"datePublished\":\"2021-08-19T07:12:03+00:00\",\"dateModified\":\"2024-11-19T16:22:09+00:00\",\"description\":\"Die Nandina Domestica Obsessed eignet sich perfekt zum Dekorieren von Blumenbeeten und Blumenk\u00e4sten und bringt Farbe in Ihren Garten oder Ihre Terrasse.\",\"breadcrumb\":{\"@id\":\"https:\/\/kentis.com\/de\/shop\/nandina-domestica-obsessed\/#breadcrumb\"},\"inLanguage\":\"de\",\"potentialAction\":[{\"@type\":\"ReadAction\",\"target\":[\"https:\/\/kentis.com\/de\/shop\/nandina-domestica-obsessed\/\"]}]},{\"@type\":\"ImageObject\",\"inLanguage\":\"de\",\"@id\":\"https:\/\/kentis.com\/de\/shop\/nandina-domestica-obsessed\/#primaryimage\",\"url\":\"https:\/\/kentis.com\/wp-content\/uploads\/2021\/08\/nandina-obsessed2-copia.png\",\"contentUrl\":\"https:\/\/kentis.com\/wp-content\/uploads\/2021\/08\/nandina-obsessed2-copia.png\",\"width\":3380,\"height\":3380},{\"@type\":\"BreadcrumbList\",\"@id\":\"https:\/\/kentis.com\/de\/shop\/nandina-domestica-obsessed\/#breadcrumb\",\"itemListElement\":[{\"@type\":\"ListItem\",\"position\":1,\"name\":\"Home\",\"item\":\"https:\/\/kentis.com\/de\/\"},{\"@type\":\"ListItem\",\"position\":2,\"name\":\"Gesch\u00e4ft\",\"item\":\"https:\/\/kentis.com\/de\/shop\/\"},{\"@type\":\"ListItem\",\"position\":3,\"name\":\"Pflanzen\",\"item\":\"https:\/\/kentis.com\/de\/produkt-kategorie\/pflanzen\/\"},{\"@type\":\"ListItem\",\"position\":4,\"name\":\"Pflanzen im Freien\",\"item\":\"https:\/\/kentis.com\/de\/produkt-kategorie\/pflanzen\/pflanzen-im-freien\/\"},{\"@type\":\"ListItem\",\"position\":5,\"name\":\"Str\u00e4ucher\",\"item\":\"https:\/\/kentis.com\/de\/produkt-kategorie\/pflanzen\/pflanzen-im-freien\/straeucher\/\"},{\"@type\":\"ListItem\",\"position\":6,\"name\":\"Nandina Domestica Obsessed\"}]},{\"@type\":\"WebSite\",\"@id\":\"https:\/\/kentis.com\/de\/#website\",\"url\":\"https:\/\/kentis.com\/de\/\",\"name\":\"Kentis\",\"description\":\"Atelier del verde\",\"publisher\":{\"@id\":\"https:\/\/kentis.com\/de\/#organization\"},\"potentialAction\":[{\"@type\":\"SearchAction\",\"target\":{\"@type\":\"EntryPoint\",\"urlTemplate\":\"https:\/\/kentis.com\/de\/?s={search_term_string}\"},\"query-input\":{\"@type\":\"PropertyValueSpecification\",\"valueRequired\":true,\"valueName\":\"search_term_string\"}}],\"inLanguage\":\"de\"},{\"@type\":\"Organization\",\"@id\":\"https:\/\/kentis.com\/de\/#organization\",\"name\":\"Kentis\",\"url\":\"https:\/\/kentis.com\/de\/\",\"logo\":{\"@type\":\"ImageObject\",\"inLanguage\":\"de\",\"@id\":\"https:\/\/kentis.com\/de\/#\/schema\/logo\/image\/\",\"url\":\"https:\/\/kentis.com\/wp-content\/uploads\/2021\/08\/logo-main.png\",\"contentUrl\":\"https:\/\/kentis.com\/wp-content\/uploads\/2021\/08\/logo-main.png\",\"width\":800,\"height\":204,\"caption\":\"Kentis\"},\"image\":{\"@id\":\"https:\/\/kentis.com\/de\/#\/schema\/logo\/image\/\"},\"sameAs\":[\"https:\/\/www.facebook.com\/kentisgarden\",\"https:\/\/www.instagram.com\/kentisgarden\/\",\"https:\/\/it.pinterest.com\/kentisgarden\",\"https:\/\/www.tiktok.com\/@kentis.com\"]}]}<\/script>\n<!-- \/ Yoast SEO plugin. -->","yoast_head_json":{"title":"Nandina Domestica Obsessed - Pflanzen im Freien | Kentis","description":"Die Nandina Domestica Obsessed eignet sich perfekt zum Dekorieren von Blumenbeeten und Blumenk\u00e4sten und bringt Farbe in Ihren Garten oder Ihre Terrasse.","robots":{"index":"index","follow":"follow","max-snippet":"max-snippet:-1","max-image-preview":"max-image-preview:large","max-video-preview":"max-video-preview:-1"},"canonical":"https:\/\/kentis.com\/de\/shop\/nandina-domestica-obsessed\/","og_locale":"de_DE","og_type":"article","og_title":"Nandina Domestica Obsessed - Pflanzen im Freien | Kentis","og_description":"Die Nandina Domestica Obsessed eignet sich perfekt zum Dekorieren von Blumenbeeten und Blumenk\u00e4sten und bringt Farbe in Ihren Garten oder Ihre Terrasse.","og_url":"https:\/\/kentis.com\/de\/shop\/nandina-domestica-obsessed\/","og_site_name":"Kentis","article_publisher":"https:\/\/www.facebook.com\/kentisgarden","article_modified_time":"2024-11-19T16:22:09+00:00","og_image":[{"width":1024,"height":1024,"url":"https:\/\/kentis.com\/wp-content\/uploads\/2021\/08\/nandina-obsessed2-copia-1024x1024.png","type":"image\/png"}],"twitter_card":"summary_large_image","twitter_misc":{"Gesch\u00e4tzte Lesezeit":"1\u00a0Minute"},"schema":{"@context":"https:\/\/schema.org","@graph":[{"@type":"WebPage","@id":"https:\/\/kentis.com\/de\/shop\/nandina-domestica-obsessed\/","url":"https:\/\/kentis.com\/de\/shop\/nandina-domestica-obsessed\/","name":"Nandina Domestica Obsessed - Pflanzen im Freien | Kentis","isPartOf":{"@id":"https:\/\/kentis.com\/de\/#website"},"primaryImageOfPage":{"@id":"https:\/\/kentis.com\/de\/shop\/nandina-domestica-obsessed\/#primaryimage"},"image":{"@id":"https:\/\/kentis.com\/de\/shop\/nandina-domestica-obsessed\/#primaryimage"},"thumbnailUrl":"https:\/\/kentis.com\/wp-content\/uploads\/2021\/08\/nandina-obsessed2-copia.png","datePublished":"2021-08-19T07:12:03+00:00","dateModified":"2024-11-19T16:22:09+00:00","description":"Die Nandina Domestica Obsessed eignet sich perfekt zum Dekorieren von Blumenbeeten und Blumenk\u00e4sten und bringt Farbe in Ihren Garten oder Ihre Terrasse.","breadcrumb":{"@id":"https:\/\/kentis.com\/de\/shop\/nandina-domestica-obsessed\/#breadcrumb"},"inLanguage":"de","potentialAction":[{"@type":"ReadAction","target":["https:\/\/kentis.com\/de\/shop\/nandina-domestica-obsessed\/"]}]},{"@type":"ImageObject","inLanguage":"de","@id":"https:\/\/kentis.com\/de\/shop\/nandina-domestica-obsessed\/#primaryimage","url":"https:\/\/kentis.com\/wp-content\/uploads\/2021\/08\/nandina-obsessed2-copia.png","contentUrl":"https:\/\/kentis.com\/wp-content\/uploads\/2021\/08\/nandina-obsessed2-copia.png","width":3380,"height":3380},{"@type":"BreadcrumbList","@id":"https:\/\/kentis.com\/de\/shop\/nandina-domestica-obsessed\/#breadcrumb","itemListElement":[{"@type":"ListItem","position":1,"name":"Home","item":"https:\/\/kentis.com\/de\/"},{"@type":"ListItem","position":2,"name":"Gesch\u00e4ft","item":"https:\/\/kentis.com\/de\/shop\/"},{"@type":"ListItem","position":3,"name":"Pflanzen","item":"https:\/\/kentis.com\/de\/produkt-kategorie\/pflanzen\/"},{"@type":"ListItem","position":4,"name":"Pflanzen im Freien","item":"https:\/\/kentis.com\/de\/produkt-kategorie\/pflanzen\/pflanzen-im-freien\/"},{"@type":"ListItem","position":5,"name":"Str\u00e4ucher","item":"https:\/\/kentis.com\/de\/produkt-kategorie\/pflanzen\/pflanzen-im-freien\/straeucher\/"},{"@type":"ListItem","position":6,"name":"Nandina Domestica Obsessed"}]},{"@type":"WebSite","@id":"https:\/\/kentis.com\/de\/#website","url":"https:\/\/kentis.com\/de\/","name":"Kentis","description":"Atelier del verde","publisher":{"@id":"https:\/\/kentis.com\/de\/#organization"},"potentialAction":[{"@type":"SearchAction","target":{"@type":"EntryPoint","urlTemplate":"https:\/\/kentis.com\/de\/?s={search_term_string}"},"query-input":{"@type":"PropertyValueSpecification","valueRequired":true,"valueName":"search_term_string"}}],"inLanguage":"de"},{"@type":"Organization","@id":"https:\/\/kentis.com\/de\/#organization","name":"Kentis","url":"https:\/\/kentis.com\/de\/","logo":{"@type":"ImageObject","inLanguage":"de","@id":"https:\/\/kentis.com\/de\/#\/schema\/logo\/image\/","url":"https:\/\/kentis.com\/wp-content\/uploads\/2021\/08\/logo-main.png","contentUrl":"https:\/\/kentis.com\/wp-content\/uploads\/2021\/08\/logo-main.png","width":800,"height":204,"caption":"Kentis"},"image":{"@id":"https:\/\/kentis.com\/de\/#\/schema\/logo\/image\/"},"sameAs":["https:\/\/www.facebook.com\/kentisgarden","https:\/\/www.instagram.com\/kentisgarden\/","https:\/\/it.pinterest.com\/kentisgarden","https:\/\/www.tiktok.com\/@kentis.com"]}]}},"_links":{"self":[{"href":"https:\/\/kentis.com\/de\/wp-json\/wp\/v2\/product\/25656","targetHints":{"allow":["GET"]}}],"collection":[{"href":"https:\/\/kentis.com\/de\/wp-json\/wp\/v2\/product"}],"about":[{"href":"https:\/\/kentis.com\/de\/wp-json\/wp\/v2\/types\/product"}],"wp:featuredmedia":[{"embeddable":true,"href":"https:\/\/kentis.com\/de\/wp-json\/wp\/v2\/media\/17353"}],"wp:attachment":[{"href":"https:\/\/kentis.com\/de\/wp-json\/wp\/v2\/media?parent=25656"}],"wp:term":[{"taxonomy":"product_cat","embeddable":true,"href":"https:\/\/kentis.com\/de\/wp-json\/wp\/v2\/product_cat?post=25656"},{"taxonomy":"product_tag","embeddable":true,"href":"https:\/\/kentis.com\/de\/wp-json\/wp\/v2\/product_tag?post=25656"}],"curies":[{"name":"wp","href":"https:\/\/api.w.org\/{rel}","templated":true}]}}